{"id":565435,"date":"2023-01-23T20:05:26","date_gmt":"2023-01-23T19:05:26","guid":{"rendered":"https:\/\/justvape.nu\/produkt\/uwell-crown-m-pod-kit\/"},"modified":"2023-01-23T20:05:26","modified_gmt":"2023-01-23T19:05:26","slug":"uwell-crown-m-pod-kit","status":"publish","type":"product","link":"https:\/\/justvape.nu\/it\/produkt\/uwell-crown-m-pod-kit\/","title":{"rendered":"UWELL &#8211; CROWN M POD KIT"},"content":{"rendered":"<h2>UWELL &#8211; CROWN M POD KIT<\/h2>\n<p>Il kit Uwell Crown M \u00e8 un dispositivo per il vaping che offre un&#8217;esperienza di vaping nuova e migliorata grazie alla modalit\u00e0 a doppia uscita e alla tecnologia a doppia bobina. \u00c8 possibile passare da una bobina all&#8217;altra per diversi stili di svapo: una bobina da 0,8 ohm per lo svapo MTL (mouth-to-lung) e una bobina da 0,4 ohm per lo svapo DTL (direct-to-lung).<\/p>\n<p>Il dispositivo \u00e8 alimentato da una batteria integrata da 1000 mAh e dispone di un&#8217;interfaccia di ricarica di tipo C per una ricarica rapida in caso di esaurimento. \u00c8 inoltre possibile regolare l&#8217;aroma dell&#8217;e-liquid grazie all&#8217;esclusiva tecnologia di regolazione dell&#8217;aroma di Uwell e controllare il flusso d&#8217;aria con una valvola di regolazione. Il dispositivo \u00e8 dotato di una rotella per regolare facilmente il wattaggio in uscita.<\/p>\n<p>Il dispositivo, realizzato con materiali PC e PCTG, ha dimensioni di 82,3 mm x 52,6 mm x 26,8 mm e un peso netto di 73,6 g. \u00c8 compatibile con una capsula Uwell Crown M da 2 ml e ha una potenza di uscita compresa tra 5 W e 35 W.<\/p>\n<p>Le bobine disponibili per il kit Uwell Crown M sono una FeCrAl Meshed-H 0,8 \u03a9 \/ 0,4 \u03a9 CROWN M Twin-coil (per lo svapo MTL e DTL) e una FeCrAl Meshed-H 0,6 \u03a9 CROWN M Coil (per lo svapo RDL o a polmone diretto limitato). L&#8217;intervallo di potenza consigliato per la bobina da 0,8 \u03a9 \u00e8 di 15 W &#8211; 18 W, per la bobina da 0,4 \u03a9 \u00e8 di 30 W &#8211; 35 W e per la bobina da 0,6 \u03a9 \u00e8 di 20 W &#8211; 23 W.<\/p>\n<p><a href=\"https:\/\/justvape.nu\/wp-content\/uploads\/2018\/05\/Color-Schemes.png\"><img loading=\"lazy\" decoding=\"async\" class=\"alignnone size-full wp-image-19187\" src=\"https:\/\/justvape.nu\/wp-content\/uploads\/2018\/05\/Color-Schemes.png\" alt=\"\" width=\"950\" height=\"64\" title=\"\" srcset=\"https:\/\/justvape.nu\/wp-content\/uploads\/2018\/05\/Color-Schemes.png 950w, https:\/\/justvape.nu\/wp-content\/uploads\/2018\/05\/Color-Schemes-555x37.png 555w, https:\/\/justvape.nu\/wp-content\/uploads\/2018\/05\/Color-Schemes-64x4.png 64w, https:\/\/justvape.nu\/wp-content\/uploads\/2018\/05\/Color-Schemes-300x20.png 300w, https:\/\/justvape.nu\/wp-content\/uploads\/2018\/05\/Color-Schemes-768x52.png 768w\" sizes=\"auto, (max-width: 950px) 100vw, 950px\" \/><\/a><\/p>\n<p class=\"description-img-center\"><a href=\"https:\/\/justvape.nu\/wp-content\/uploads\/2023\/01\/Uwell_Crown_M_Pod_Mod_Kit_Colors.jpg\"><img loading=\"lazy\" decoding=\"async\" class=\"alignnone wp-image-565306\" src=\"https:\/\/justvape.nu\/wp-content\/uploads\/2023\/01\/Uwell_Crown_M_Pod_Mod_Kit_Colors.jpg\" alt=\"\" width=\"939\" height=\"365\" title=\"\" srcset=\"https:\/\/justvape.nu\/wp-content\/uploads\/2023\/01\/Uwell_Crown_M_Pod_Mod_Kit_Colors.jpg 800w, https:\/\/justvape.nu\/wp-content\/uploads\/2023\/01\/Uwell_Crown_M_Pod_Mod_Kit_Colors-600x233.jpg 600w, https:\/\/justvape.nu\/wp-content\/uploads\/2023\/01\/Uwell_Crown_M_Pod_Mod_Kit_Colors-64x25.jpg 64w, https:\/\/justvape.nu\/wp-content\/uploads\/2023\/01\/Uwell_Crown_M_Pod_Mod_Kit_Colors-300x117.jpg 300w, https:\/\/justvape.nu\/wp-content\/uploads\/2023\/01\/Uwell_Crown_M_Pod_Mod_Kit_Colors-768x299.jpg 768w\" sizes=\"auto, (max-width: 939px) 100vw, 939px\" \/><\/a><\/p>\n<div class=\"shop-features \">\n<h2 class=\"shop-features-title \"><a href=\"https:\/\/justvape.nu\/wp-content\/uploads\/2018\/05\/Specifications.png\"><img loading=\"lazy\" decoding=\"async\" class=\"alignnone size-full wp-image-248449\" src=\"https:\/\/justvape.nu\/wp-content\/uploads\/2018\/05\/Specifications.png\" alt=\"\" width=\"950\" height=\"64\" title=\"\" srcset=\"https:\/\/justvape.nu\/wp-content\/uploads\/2018\/05\/Specifications.png 950w, https:\/\/justvape.nu\/wp-content\/uploads\/2018\/05\/Specifications-600x40.png 600w, https:\/\/justvape.nu\/wp-content\/uploads\/2018\/05\/Specifications-64x4.png 64w, https:\/\/justvape.nu\/wp-content\/uploads\/2018\/05\/Specifications-300x20.png 300w, https:\/\/justvape.nu\/wp-content\/uploads\/2018\/05\/Specifications-768x52.png 768w\" sizes=\"auto, (max-width: 950px) 100vw, 950px\" \/><\/a><\/h2>\n<\/div>\n<p><strong class=\"description-little-title\">Parametri del kit Uwell Crown M Vape:<\/strong><\/p>\n<table class=\"description-table\">\n<tbody>\n<tr>\n<td class=\"strong-title \">Marchio<\/td>\n<td class=\"inline\">Uwell<\/td>\n<\/tr>\n<tr>\n<td class=\"strong-title \">Nome del prodotto<\/td>\n<td class=\"inline\">Kit Corona M<\/td>\n<\/tr>\n<tr>\n<td class=\"strong-title \">Batteria<\/td>\n<td class=\"inline\">Batteria integrata da 1000 mAh<\/td>\n<\/tr>\n<tr>\n<td class=\"strong-title \">Carica<\/td>\n<td class=\"inline\">Ricarica di tipo C<\/td>\n<\/tr>\n<tr>\n<td class=\"strong-title \">Potenza d&#8217;uscita<\/td>\n<td class=\"inline\">5W-35W<\/td>\n<\/tr>\n<tr>\n<td class=\"strong-title \">Capacit\u00e0<\/td>\n<td class=\"inline\">2ml<\/td>\n<\/tr>\n<tr>\n<td class=\"strong-title \">Riempimento<\/td>\n<td class=\"inline\">Riempimento superiore<\/td>\n<\/tr>\n<tr>\n<td class=\"strong-title \">Flusso d&#8217;aria<\/td>\n<td class=\"inline\">Flusso d&#8217;aria regolabile<\/td>\n<\/tr>\n<tr>\n<td class=\"strong-title \">Specifiche della bobina<\/td>\n<td class=\"inline\">FeCrAl Meshed-H 0,8\u03a9\/0,4\u03a9 CROWN M Doppia bobina (MTL e DTL)<br \/>\nPotenza consigliata: 0,8\u03a9: 15W-18W, 0,4\u03a9: 30W-35W<br \/>\nFeCrAl Meshed-H 0,6 \u03a9 CROWN M Coil (RDL, potenza consigliata: 20W-23W)<\/td>\n<\/tr>\n<tr>\n<td class=\"strong-title \">I materiali<\/td>\n<td class=\"inline\">PC, PCTG<\/td>\n<\/tr>\n<tr>\n<td class=\"strong-title \">Dimensione del prodotto<\/td>\n<td class=\"inline\">82,3*52,6*26,8 mm<\/td>\n<\/tr>\n<tr>\n<td class=\"strong-title \"><\/td>\n<td class=\"inline\"><\/td>\n<\/tr>\n<tr>\n<td class=\"strong-title \">Colore<\/td>\n<td class=\"inline\">Arancione, blu, marrone, nero<\/td>\n<\/tr>\n<\/tbody>\n<\/table>\n<div class=\"shop-features \">\n<h2 class=\"shop-features-title \"><a href=\"https:\/\/justvape.nu\/wp-content\/uploads\/2018\/05\/Features.png\"><img loading=\"lazy\" decoding=\"async\" class=\"alignnone size-full wp-image-248459\" src=\"https:\/\/justvape.nu\/wp-content\/uploads\/2018\/05\/Features.png\" alt=\"\" width=\"950\" height=\"64\" title=\"\" srcset=\"https:\/\/justvape.nu\/wp-content\/uploads\/2018\/05\/Features.png 950w, https:\/\/justvape.nu\/wp-content\/uploads\/2018\/05\/Features-600x40.png 600w, https:\/\/justvape.nu\/wp-content\/uploads\/2018\/05\/Features-64x4.png 64w, https:\/\/justvape.nu\/wp-content\/uploads\/2018\/05\/Features-300x20.png 300w, https:\/\/justvape.nu\/wp-content\/uploads\/2018\/05\/Features-768x52.png 768w\" sizes=\"auto, (max-width: 950px) 100vw, 950px\" \/><\/a><\/h2>\n<\/div>\n<p><strong class=\"description-little-title\">Uwell Crown M Dettagli:<\/strong><\/p>\n<ul>\n<li style=\"list-style-type: none;\">\n<ul>\n<li>1. Alimentato da una batteria integrata da 1000 mAh<\/li>\n<li>2. Doppia modalit\u00e0 di uscita a scelta<\/li>\n<li>3. Regolazione della potenza delle ruote di intrattenimento<\/li>\n<li>4. Valvola di regolazione del flusso d&#8217;aria precisa<\/li>\n<li>5. Capacit\u00e0 di 2 ml, facile riempimento dall&#8217;alto<\/li>\n<li>6. Miglioramento della struttura del fondo della capsula<\/li>\n<li>7. Tecnologia di regolazione del sapore Pro-FOCS<\/li>\n<li>8. Bobina doppia a controllo indipendente<\/li>\n<li>9. Adatto a Meshed-H 0,8\u03a9\/0,4\u03a9 CROWN M Twin-coil (MTL e DTL)<\/li>\n<li>10. Dotato di una bobina di ricambio da 0,6\u03a9 nella confezione per il vaping RDL.<\/li>\n<li>11. Design unico e trasparente della custodia esterna<\/li>\n<\/ul>\n<\/li>\n<\/ul>\n<div class=\"img-show-more\">\n<div id=\"img_content_less\" class=\"img-content add-more\">\n<p class=\"description-img-center\"><a href=\"https:\/\/justvape.nu\/wp-content\/uploads\/2023\/01\/Uwell_Crown_M_Pod_Mod_Kit_Features.jpg\"><img loading=\"lazy\" decoding=\"async\" class=\"alignnone size-full wp-image-565315\" src=\"https:\/\/justvape.nu\/wp-content\/uploads\/2023\/01\/Uwell_Crown_M_Pod_Mod_Kit_Features.jpg\" alt=\"\" width=\"831\" height=\"377\" title=\"\" srcset=\"https:\/\/justvape.nu\/wp-content\/uploads\/2023\/01\/Uwell_Crown_M_Pod_Mod_Kit_Features.jpg 831w, https:\/\/justvape.nu\/wp-content\/uploads\/2023\/01\/Uwell_Crown_M_Pod_Mod_Kit_Features-600x272.jpg 600w, https:\/\/justvape.nu\/wp-content\/uploads\/2023\/01\/Uwell_Crown_M_Pod_Mod_Kit_Features-64x29.jpg 64w, https:\/\/justvape.nu\/wp-content\/uploads\/2023\/01\/Uwell_Crown_M_Pod_Mod_Kit_Features-300x136.jpg 300w, https:\/\/justvape.nu\/wp-content\/uploads\/2023\/01\/Uwell_Crown_M_Pod_Mod_Kit_Features-768x348.jpg 768w\" sizes=\"auto, (max-width: 831px) 100vw, 831px\" \/><\/a> <a href=\"https:\/\/justvape.nu\/wp-content\/uploads\/2023\/01\/Uwell_Crown_M_Pod_Mod_Kit_Full_Colors.jpg\"><img loading=\"lazy\" decoding=\"async\" class=\"alignnone size-full wp-image-565324\" src=\"https:\/\/justvape.nu\/wp-content\/uploads\/2023\/01\/Uwell_Crown_M_Pod_Mod_Kit_Full_Colors.jpg\" alt=\"\" width=\"831\" height=\"314\" title=\"\" srcset=\"https:\/\/justvape.nu\/wp-content\/uploads\/2023\/01\/Uwell_Crown_M_Pod_Mod_Kit_Full_Colors.jpg 831w, https:\/\/justvape.nu\/wp-content\/uploads\/2023\/01\/Uwell_Crown_M_Pod_Mod_Kit_Full_Colors-600x227.jpg 600w, https:\/\/justvape.nu\/wp-content\/uploads\/2023\/01\/Uwell_Crown_M_Pod_Mod_Kit_Full_Colors-64x24.jpg 64w, https:\/\/justvape.nu\/wp-content\/uploads\/2023\/01\/Uwell_Crown_M_Pod_Mod_Kit_Full_Colors-300x113.jpg 300w, https:\/\/justvape.nu\/wp-content\/uploads\/2023\/01\/Uwell_Crown_M_Pod_Mod_Kit_Full_Colors-768x290.jpg 768w\" sizes=\"auto, (max-width: 831px) 100vw, 831px\" \/><\/a><a href=\"https:\/\/justvape.nu\/wp-content\/uploads\/2023\/01\/Uwell_Crown_M_Pod_Mod_Kit_Short_Description.jpg\"><img loading=\"lazy\" decoding=\"async\" class=\"alignnone size-full wp-image-565333\" src=\"https:\/\/justvape.nu\/wp-content\/uploads\/2023\/01\/Uwell_Crown_M_Pod_Mod_Kit_Short_Description.jpg\" alt=\"\" width=\"831\" height=\"437\" title=\"\" srcset=\"https:\/\/justvape.nu\/wp-content\/uploads\/2023\/01\/Uwell_Crown_M_Pod_Mod_Kit_Short_Description.jpg 831w, https:\/\/justvape.nu\/wp-content\/uploads\/2023\/01\/Uwell_Crown_M_Pod_Mod_Kit_Short_Description-600x316.jpg 600w, https:\/\/justvape.nu\/wp-content\/uploads\/2023\/01\/Uwell_Crown_M_Pod_Mod_Kit_Short_Description-64x34.jpg 64w, https:\/\/justvape.nu\/wp-content\/uploads\/2023\/01\/Uwell_Crown_M_Pod_Mod_Kit_Short_Description-300x158.jpg 300w, https:\/\/justvape.nu\/wp-content\/uploads\/2023\/01\/Uwell_Crown_M_Pod_Mod_Kit_Short_Description-768x404.jpg 768w\" sizes=\"auto, (max-width: 831px) 100vw, 831px\" \/><\/a><\/p>\n<\/div>\n<\/div>\n<div class=\"shop-features \">\n<h2 class=\"shop-features-title \"><a href=\"https:\/\/justvape.nu\/wp-content\/uploads\/2018\/05\/Packing-List.png\"><img loading=\"lazy\" decoding=\"async\" class=\"alignnone size-full wp-image-248468\" src=\"https:\/\/justvape.nu\/wp-content\/uploads\/2018\/05\/Packing-List.png\" alt=\"\" width=\"950\" height=\"64\" title=\"\" srcset=\"https:\/\/justvape.nu\/wp-content\/uploads\/2018\/05\/Packing-List.png 950w, https:\/\/justvape.nu\/wp-content\/uploads\/2018\/05\/Packing-List-600x40.png 600w, https:\/\/justvape.nu\/wp-content\/uploads\/2018\/05\/Packing-List-64x4.png 64w, https:\/\/justvape.nu\/wp-content\/uploads\/2018\/05\/Packing-List-300x20.png 300w, https:\/\/justvape.nu\/wp-content\/uploads\/2018\/05\/Packing-List-768x52.png 768w\" sizes=\"auto, (max-width: 950px) 100vw, 950px\" \/><\/a><\/h2>\n<\/div>\n<p><strong class=\"description-little-title \">La confezione di Uwell Crown M Starter Kit viene fornita con:<\/strong><\/p>\n<p>1* Dispositivo Uwell Crown M<br \/>\n1* Cartuccia vuota Uwell Crown M<br \/>\n1* Mescola-H 0,8\u03a9\/0,4\u03a9 Corona M a doppia bobina (preinstallata)<br \/>\n1* Bobina Meshed-H 0,6\u03a9 Crown M<br \/>\n1 * Manuale dell&#8217;utente<br \/>\n1* Cavo di ricarica di tipo C<\/p>\n<p class=\"description-img-center \"><a href=\"https:\/\/justvape.nu\/wp-content\/uploads\/2023\/01\/Uwell_Crown_M_Pod_Mod_Kit_Package.jpg\"><img loading=\"lazy\" decoding=\"async\" class=\"alignnone size-full wp-image-565342\" src=\"https:\/\/justvape.nu\/wp-content\/uploads\/2023\/01\/Uwell_Crown_M_Pod_Mod_Kit_Package.jpg\" alt=\"\" width=\"831\" height=\"417\" title=\"\" srcset=\"https:\/\/justvape.nu\/wp-content\/uploads\/2023\/01\/Uwell_Crown_M_Pod_Mod_Kit_Package.jpg 831w, https:\/\/justvape.nu\/wp-content\/uploads\/2023\/01\/Uwell_Crown_M_Pod_Mod_Kit_Package-600x301.jpg 600w, https:\/\/justvape.nu\/wp-content\/uploads\/2023\/01\/Uwell_Crown_M_Pod_Mod_Kit_Package-64x32.jpg 64w, https:\/\/justvape.nu\/wp-content\/uploads\/2023\/01\/Uwell_Crown_M_Pod_Mod_Kit_Package-300x151.jpg 300w, https:\/\/justvape.nu\/wp-content\/uploads\/2023\/01\/Uwell_Crown_M_Pod_Mod_Kit_Package-768x385.jpg 768w\" sizes=\"auto, (max-width: 831px) 100vw, 831px\" \/><\/a><\/p>\n","protected":false},"excerpt":{"rendered":"<p>UWELL &#8211; CROWN M POD KIT<\/p>\n","protected":false},"featured_media":565376,"comment_status":"open","ping_status":"closed","template":"","meta":{"_acf_changed":false,"_uag_custom_page_level_css":"","site-sidebar-layout":"default","site-content-layout":"default","ast-site-content-layout":"default","site-content-style":"default","site-sidebar-style":"default","ast-global-header-display":"","ast-banner-title-visibility":"","ast-main-header-display":"","ast-hfb-above-header-display":"","ast-hfb-below-header-display":"","ast-hfb-mobile-header-display":"","site-post-title":"","ast-breadcrumbs-content":"","ast-featured-img":"","footer-sml-layout":"","ast-disable-related-posts":"","theme-transparent-header-meta":"default","adv-header-id-meta":"","stick-header-meta":"default","header-above-stick-meta":"","header-main-stick-meta":"","header-below-stick-meta":"","astra-migrate-meta-layouts":"default","ast-page-background-enabled":"default","ast-page-background-meta":{"desktop":{"background-color":"","background-image":"","background-repeat":"repeat","background-position":"center center","background-size":"auto","background-attachment":"scroll","background-type":"","background-media":"","overlay-type":"","overlay-color":"","overlay-opacity":"","overlay-gradient":""},"tablet":{"background-color":"","background-image":"","background-repeat":"repeat","background-position":"center center","background-size":"auto","background-attachment":"scroll","background-type":"","background-media":"","overlay-type":"","overlay-color":"","overlay-opacity":"","overlay-gradient":""},"mobile":{"background-color":"","background-image":"","background-repeat":"repeat","background-position":"center center","background-size":"auto","background-attachment":"scroll","background-type":"","background-media":"","overlay-type":"","overlay-color":"","overlay-opacity":"","overlay-gradient":""}},"ast-content-background-meta":{"desktop":{"background-color":"var(--ast-global-color-5)","background-image":"","background-repeat":"repeat","background-position":"center center","background-size":"auto","background-attachment":"scroll","background-type":"","background-media":"","overlay-type":"","overlay-color":"","overlay-opacity":"","overlay-gradient":""},"tablet":{"background-color":"var(--ast-global-color-5)","background-image":"","background-repeat":"repeat","background-position":"center center","background-size":"auto","background-attachment":"scroll","background-type":"","background-media":"","overlay-type":"","overlay-color":"","overlay-opacity":"","overlay-gradient":""},"mobile":{"background-color":"var(--ast-global-color-5)","background-image":"","background-repeat":"repeat","background-position":"center center","background-size":"auto","background-attachment":"scroll","background-type":"","background-media":"","overlay-type":"","overlay-color":"","overlay-opacity":"","overlay-gradient":""}}},"product_brand":[],"product_cat":[4694,2517,2079,2518,2069,3429],"product_tag":[],"class_list":{"0":"post-565435","1":"product","2":"type-product","3":"status-publish","4":"has-post-thumbnail","6":"product_cat-featured-e-cigarettes-it","7":"product_cat-hardware-it","8":"product_cat-kit-per-principianti-e-pod","9":"product_cat-shop-by-brand-it","10":"product_cat-sigarette-elettroniche","11":"product_cat-uwell-it","12":"desktop-align-center","13":"tablet-align-center","14":"mobile-align-center","15":"ast-product-gallery-layout-horizontal-slider","16":"ast-product-gallery-with-no-image","17":"ast-product-single-variable","18":"ast-product-tabs-layout-horizontal","20":"first","21":"instock","22":"sale","23":"taxable","24":"shipping-taxable","25":"purchasable","26":"product-type-variable"},"acf":[],"uagb_featured_image_src":{"full":["https:\/\/justvape.nu\/wp-content\/uploads\/2023\/01\/Uwell_Crown_M_Pod_Mod_Kit.webp",800,800,false],"thumbnail":["https:\/\/justvape.nu\/wp-content\/uploads\/2023\/01\/Uwell_Crown_M_Pod_Mod_Kit-150x150.webp",150,150,true],"medium":["https:\/\/justvape.nu\/wp-content\/uploads\/2023\/01\/Uwell_Crown_M_Pod_Mod_Kit-300x300.webp",300,300,true],"medium_large":["https:\/\/justvape.nu\/wp-content\/uploads\/2023\/01\/Uwell_Crown_M_Pod_Mod_Kit-768x768.webp",768,768,true],"large":["https:\/\/justvape.nu\/wp-content\/uploads\/2023\/01\/Uwell_Crown_M_Pod_Mod_Kit.webp",800,800,false],"1536x1536":["https:\/\/justvape.nu\/wp-content\/uploads\/2023\/01\/Uwell_Crown_M_Pod_Mod_Kit.webp",800,800,false],"2048x2048":["https:\/\/justvape.nu\/wp-content\/uploads\/2023\/01\/Uwell_Crown_M_Pod_Mod_Kit.webp",800,800,false],"woocommerce_thumbnail":["https:\/\/justvape.nu\/wp-content\/uploads\/2023\/01\/Uwell_Crown_M_Pod_Mod_Kit-300x300.webp",300,300,true],"woocommerce_single":["https:\/\/justvape.nu\/wp-content\/uploads\/2023\/01\/Uwell_Crown_M_Pod_Mod_Kit-600x600.webp",600,600,true],"woocommerce_gallery_thumbnail":["https:\/\/justvape.nu\/wp-content\/uploads\/2023\/01\/Uwell_Crown_M_Pod_Mod_Kit-100x100.webp",100,100,true],"dgwt-wcas-product-suggestion":["https:\/\/justvape.nu\/wp-content\/uploads\/2023\/01\/Uwell_Crown_M_Pod_Mod_Kit-64x64.webp",64,64,true]},"uagb_author_info":{"display_name":"Kenneth Merkur","author_link":"https:\/\/justvape.nu\/it\/author\/"},"uagb_comment_info":0,"uagb_excerpt":"UWELL - CROWN M POD KIT","_links":{"self":[{"href":"https:\/\/justvape.nu\/it\/wp-json\/wp\/v2\/product\/565435","targetHints":{"allow":["GET"]}}],"collection":[{"href":"https:\/\/justvape.nu\/it\/wp-json\/wp\/v2\/product"}],"about":[{"href":"https:\/\/justvape.nu\/it\/wp-json\/wp\/v2\/types\/product"}],"replies":[{"embeddable":true,"href":"https:\/\/justvape.nu\/it\/wp-json\/wp\/v2\/comments?post=565435"}],"wp:featuredmedia":[{"embeddable":true,"href":"https:\/\/justvape.nu\/it\/wp-json\/wp\/v2\/media\/565376"}],"wp:attachment":[{"href":"https:\/\/justvape.nu\/it\/wp-json\/wp\/v2\/media?parent=565435"}],"wp:term":[{"taxonomy":"product_brand","embeddable":true,"href":"https:\/\/justvape.nu\/it\/wp-json\/wp\/v2\/product_brand?post=565435"},{"taxonomy":"product_cat","embeddable":true,"href":"https:\/\/justvape.nu\/it\/wp-json\/wp\/v2\/product_cat?post=565435"},{"taxonomy":"product_tag","embeddable":true,"href":"https:\/\/justvape.nu\/it\/wp-json\/wp\/v2\/product_tag?post=565435"}],"curies":[{"name":"wp","href":"https:\/\/api.w.org\/{rel}","templated":true}]}}