{"id":561022,"date":"2023-01-06T22:18:44","date_gmt":"2023-01-06T21:18:44","guid":{"rendered":"https:\/\/justvape.nu\/produkt\/uwell-caliburn-tenet-koko-kit\/"},"modified":"2025-07-24T23:54:54","modified_gmt":"2025-07-24T21:54:54","slug":"uwell-caliburn-tenet-koko-kit","status":"publish","type":"product","link":"https:\/\/justvape.nu\/it\/produkt\/uwell-caliburn-tenet-koko-kit\/","title":{"rendered":"UWELL &#8211; CALIBURN TENET KOKO KIT"},"content":{"rendered":"<h2>UWELL &#8211; CALIBURN TENET KOKO KIT<\/h2>\n<p>Il kit da svapo Uwell Caliburn Tenet Koko \u00e8 la scelta ideale per i vapers che cercano qualcosa di portatile con un&#8217;estetica tagliente. La batteria da 950 mAh \u00e8 integrata nel kit, quindi non dovrete preoccuparvi di cambiarla. Inoltre, la potenza massima di 18W \u00e8 perfetta per creare un&#8217;autentica inalazione MTL (Mouth To Lung). Nella confezione troverete una pod Caliburn G2 da 2 ml e due diverse bobine della gamma Caliburn G per iniziare.<\/p>\n<p>Grazie alla funzione di attivazione dell&#8217;inalazione, il vaping \u00e8 ancora pi\u00f9 semplice. Tutto ci\u00f2 che dovete fare \u00e8 aspirare il bocchino e la vostra Tenet Koko creer\u00e0 una discreta quantit\u00e0 di vapore per una svapata MTL che imita la sensazione di una sigaretta. La bobina da 0,8 Ohm \u00e8 progettata per produrre un po&#8217; pi\u00f9 di vapore rispetto alla versione da 1,2 Ohm, il che significa che potrete personalizzare la vostra svapata scegliendo quella che preferite. \u00c8 presente anche un cordino a catena, per tenere il kit al sicuro e accessibile.<\/p>\n<p>Il rabbocco della cialda Caliburn G2 \u00e8 molto semplice da effettuare, grazie al riempimento dall&#8217;alto. \u00c8 sufficiente estrarre il bocchino per scoprire la porta di riempimento e aggiungere l&#8217;e-liquid desiderato. Entrambe le bobine hanno un design a rete, che riscalda l&#8217;e-liquid pi\u00f9 velocemente e produce un aroma migliore. Per ottenere il massimo dal vostro kit, vi consigliamo di utilizzarlo con un e-liquid con una concentrazione di PG 50\/50 o elevata.<\/p>\n<p><a href=\"https:\/\/justvape.nu\/wp-content\/uploads\/2018\/05\/Color-Schemes.png\"><img loading=\"lazy\" decoding=\"async\" class=\"alignnone size-full wp-image-19187\" src=\"https:\/\/justvape.nu\/wp-content\/uploads\/2018\/05\/Color-Schemes.png\" alt=\"\" width=\"950\" height=\"64\" title=\"\" srcset=\"https:\/\/justvape.nu\/wp-content\/uploads\/2018\/05\/Color-Schemes.png 950w, https:\/\/justvape.nu\/wp-content\/uploads\/2018\/05\/Color-Schemes-555x37.png 555w, https:\/\/justvape.nu\/wp-content\/uploads\/2018\/05\/Color-Schemes-64x4.png 64w, https:\/\/justvape.nu\/wp-content\/uploads\/2018\/05\/Color-Schemes-300x20.png 300w, https:\/\/justvape.nu\/wp-content\/uploads\/2018\/05\/Color-Schemes-768x52.png 768w\" sizes=\"auto, (max-width: 950px) 100vw, 950px\" \/><\/a><\/p>\n<p class=\"description-img-center\"><a href=\"https:\/\/justvape.nu\/wp-content\/uploads\/2023\/01\/Uwell_Caliburn_Tenet_KOKO_Pod_Kit_Colors.jpg\"><img loading=\"lazy\" decoding=\"async\" class=\"alignnone size-full wp-image-560912\" src=\"https:\/\/justvape.nu\/wp-content\/uploads\/2023\/01\/Uwell_Caliburn_Tenet_KOKO_Pod_Kit_Colors.jpg\" alt=\"\" width=\"712\" height=\"280\" title=\"\" srcset=\"https:\/\/justvape.nu\/wp-content\/uploads\/2023\/01\/Uwell_Caliburn_Tenet_KOKO_Pod_Kit_Colors.jpg 712w, https:\/\/justvape.nu\/wp-content\/uploads\/2023\/01\/Uwell_Caliburn_Tenet_KOKO_Pod_Kit_Colors-600x236.jpg 600w, https:\/\/justvape.nu\/wp-content\/uploads\/2023\/01\/Uwell_Caliburn_Tenet_KOKO_Pod_Kit_Colors-64x25.jpg 64w, https:\/\/justvape.nu\/wp-content\/uploads\/2023\/01\/Uwell_Caliburn_Tenet_KOKO_Pod_Kit_Colors-300x118.jpg 300w\" sizes=\"auto, (max-width: 712px) 100vw, 712px\" \/><\/a><\/p>\n<div class=\"shop-features \">\n<h2 class=\"shop-features-title \"><a href=\"https:\/\/justvape.nu\/wp-content\/uploads\/2018\/05\/Specifications.png\"><img loading=\"lazy\" decoding=\"async\" class=\"alignnone size-full wp-image-248449\" src=\"https:\/\/justvape.nu\/wp-content\/uploads\/2018\/05\/Specifications.png\" alt=\"\" width=\"950\" height=\"64\" title=\"\" srcset=\"https:\/\/justvape.nu\/wp-content\/uploads\/2018\/05\/Specifications.png 950w, https:\/\/justvape.nu\/wp-content\/uploads\/2018\/05\/Specifications-600x40.png 600w, https:\/\/justvape.nu\/wp-content\/uploads\/2018\/05\/Specifications-64x4.png 64w, https:\/\/justvape.nu\/wp-content\/uploads\/2018\/05\/Specifications-300x20.png 300w, https:\/\/justvape.nu\/wp-content\/uploads\/2018\/05\/Specifications-768x52.png 768w\" sizes=\"auto, (max-width: 950px) 100vw, 950px\" \/><\/a><\/h2>\n<\/div>\n<p><strong class=\"description-little-title\">Caliburn Tenet KOKO Parametri:<\/strong><\/p>\n<table class=\"description-table\">\n<tbody>\n<tr>\n<td class=\"strong-title \">Marchio<\/td>\n<td class=\"inline\">Uwell<\/td>\n<\/tr>\n<tr>\n<td class=\"strong-title \">Nome del prodotto<\/td>\n<td class=\"inline\">Kit Pod Caliburn Tenet KOKO<\/td>\n<\/tr>\n<tr>\n<td class=\"strong-title \">Materiale<\/td>\n<td class=\"inline\">PA, lega di alluminio<\/td>\n<\/tr>\n<tr>\n<td class=\"strong-title \">Dimensioni<\/td>\n<td class=\"inline\">73,7*50*18 mm<\/td>\n<\/tr>\n<tr>\n<td class=\"strong-title \">Capacit\u00e0 dell&#8217;E-liquido<\/td>\n<td class=\"inline\">2ml<\/td>\n<\/tr>\n<tr>\n<td class=\"strong-title \">Potenza d&#8217;uscita<\/td>\n<td class=\"inline\">Massimo 18W<\/td>\n<\/tr>\n<tr>\n<td class=\"strong-title \">Specifiche della bobina<\/td>\n<td class=\"inline\">FeCrAI UN2 a maglia 0.8ohm Caliburn G Coil<br \/>\nBobina FeCrAI UN2 a maglia da 1,2ohm Caliburn G2<br \/>\nFeCrAI 1.0ohm Caliburn G Coil (venduto separatamente)<\/td>\n<\/tr>\n<tr>\n<td class=\"strong-title \">Capacit\u00e0 della batteria<\/td>\n<td class=\"inline\">950 mAh<\/td>\n<\/tr>\n<tr>\n<td class=\"strong-title \">Tipo di riempimento<\/td>\n<td class=\"inline\">Riempimento superiore<\/td>\n<\/tr>\n<tr>\n<td class=\"strong-title \">Carica<\/td>\n<td class=\"inline\">Ricarica rapida 2A Type-C<\/td>\n<\/tr>\n<tr>\n<td class=\"strong-title \">Colore<\/td>\n<td class=\"inline\">Rame, grigio, rosso e nero, nero e bianco<\/td>\n<\/tr>\n<\/tbody>\n<\/table>\n<div class=\"shop-features \">\n<h2 class=\"shop-features-title \"><a href=\"https:\/\/justvape.nu\/wp-content\/uploads\/2018\/05\/Features.png\"><img loading=\"lazy\" decoding=\"async\" class=\"alignnone size-full wp-image-248458\" src=\"https:\/\/justvape.nu\/wp-content\/uploads\/2018\/05\/Features.png\" alt=\"\" width=\"950\" height=\"64\" title=\"\" srcset=\"https:\/\/justvape.nu\/wp-content\/uploads\/2018\/05\/Features.png 950w, https:\/\/justvape.nu\/wp-content\/uploads\/2018\/05\/Features-600x40.png 600w, https:\/\/justvape.nu\/wp-content\/uploads\/2018\/05\/Features-64x4.png 64w, https:\/\/justvape.nu\/wp-content\/uploads\/2018\/05\/Features-300x20.png 300w, https:\/\/justvape.nu\/wp-content\/uploads\/2018\/05\/Features-768x52.png 768w\" sizes=\"auto, (max-width: 950px) 100vw, 950px\" \/><\/a><\/h2>\n<\/div>\n<p><strong class=\"description-little-title\">Uwell Caliburn Tenet KOKO Dettagli:<\/strong><\/p>\n<ul>\n<li style=\"list-style-type: none;\">\n<ul>\n<li>1. Stile &#8220;Wasteland&#8221; e meccanico<\/li>\n<li>2. Batteria di grande capacit\u00e0 da 950 mAh<\/li>\n<li>3. Compatibile con la bobina Caliburn G Series<\/li>\n<li>4. Finestra del liquido elettronico<\/li>\n<li>5. Indicazioni di vibrazioni e luci<\/li>\n<li>6. Anello di cordino in metallo<\/li>\n<li>7. Ricarica rapida 2A Type-C<\/li>\n<li>8. Design a forma quadrata, guscio in metallo massiccio<\/li>\n<li>9. Dettagli di bulloni e rivetti attraverso il processo di pressofusione<\/li>\n<li>10. Resistenza all&#8217;abrasione grazie al rivestimento galvanico<\/li>\n<li>11. Estrarre per svapare, riempimento dall&#8217;alto<\/li>\n<li>12. Regolazione precisa del flusso d&#8217;aria<\/li>\n<li>13. Tecnologia di regolazione del sapore Pro-FOCS<\/li>\n<\/ul>\n<\/li>\n<\/ul>\n<p><a href=\"https:\/\/justvape.nu\/wp-content\/uploads\/2023\/01\/Uwell_Caliburn_Tenet_KOKO_Pod_Kit_Abrasion_Resistance.jpg\"><img loading=\"lazy\" decoding=\"async\" class=\"alignnone size-full wp-image-560921\" src=\"https:\/\/justvape.nu\/wp-content\/uploads\/2023\/01\/Uwell_Caliburn_Tenet_KOKO_Pod_Kit_Abrasion_Resistance.jpg\" alt=\"\" width=\"831\" height=\"557\" title=\"\" srcset=\"https:\/\/justvape.nu\/wp-content\/uploads\/2023\/01\/Uwell_Caliburn_Tenet_KOKO_Pod_Kit_Abrasion_Resistance.jpg 831w, https:\/\/justvape.nu\/wp-content\/uploads\/2023\/01\/Uwell_Caliburn_Tenet_KOKO_Pod_Kit_Abrasion_Resistance-600x402.jpg 600w, https:\/\/justvape.nu\/wp-content\/uploads\/2023\/01\/Uwell_Caliburn_Tenet_KOKO_Pod_Kit_Abrasion_Resistance-64x43.jpg 64w, https:\/\/justvape.nu\/wp-content\/uploads\/2023\/01\/Uwell_Caliburn_Tenet_KOKO_Pod_Kit_Abrasion_Resistance-300x201.jpg 300w, https:\/\/justvape.nu\/wp-content\/uploads\/2023\/01\/Uwell_Caliburn_Tenet_KOKO_Pod_Kit_Abrasion_Resistance-768x515.jpg 768w, https:\/\/justvape.nu\/wp-content\/uploads\/2023\/01\/Uwell_Caliburn_Tenet_KOKO_Pod_Kit_Abrasion_Resistance-272x182.jpg 272w\" sizes=\"auto, (max-width: 831px) 100vw, 831px\" \/><\/a> <a href=\"https:\/\/justvape.nu\/wp-content\/uploads\/2023\/01\/Uwell_Caliburn_Tenet_KOKO_Pod_Kit_Airflow_Adjustment.jpg\"><img loading=\"lazy\" decoding=\"async\" class=\"alignnone size-full wp-image-560930\" src=\"https:\/\/justvape.nu\/wp-content\/uploads\/2023\/01\/Uwell_Caliburn_Tenet_KOKO_Pod_Kit_Airflow_Adjustment.jpg\" alt=\"\" width=\"831\" height=\"548\" title=\"\" srcset=\"https:\/\/justvape.nu\/wp-content\/uploads\/2023\/01\/Uwell_Caliburn_Tenet_KOKO_Pod_Kit_Airflow_Adjustment.jpg 831w, https:\/\/justvape.nu\/wp-content\/uploads\/2023\/01\/Uwell_Caliburn_Tenet_KOKO_Pod_Kit_Airflow_Adjustment-600x396.jpg 600w, https:\/\/justvape.nu\/wp-content\/uploads\/2023\/01\/Uwell_Caliburn_Tenet_KOKO_Pod_Kit_Airflow_Adjustment-64x42.jpg 64w, https:\/\/justvape.nu\/wp-content\/uploads\/2023\/01\/Uwell_Caliburn_Tenet_KOKO_Pod_Kit_Airflow_Adjustment-300x198.jpg 300w, https:\/\/justvape.nu\/wp-content\/uploads\/2023\/01\/Uwell_Caliburn_Tenet_KOKO_Pod_Kit_Airflow_Adjustment-768x506.jpg 768w\" sizes=\"auto, (max-width: 831px) 100vw, 831px\" \/><\/a> <a href=\"https:\/\/justvape.nu\/wp-content\/uploads\/2023\/01\/Uwell_Caliburn_Tenet_KOKO_Pod_Kit_Battery_Capacity.jpg\"><img loading=\"lazy\" decoding=\"async\" class=\"alignnone size-full wp-image-560939\" src=\"https:\/\/justvape.nu\/wp-content\/uploads\/2023\/01\/Uwell_Caliburn_Tenet_KOKO_Pod_Kit_Battery_Capacity.jpg\" alt=\"\" width=\"831\" height=\"517\" title=\"\" srcset=\"https:\/\/justvape.nu\/wp-content\/uploads\/2023\/01\/Uwell_Caliburn_Tenet_KOKO_Pod_Kit_Battery_Capacity.jpg 831w, https:\/\/justvape.nu\/wp-content\/uploads\/2023\/01\/Uwell_Caliburn_Tenet_KOKO_Pod_Kit_Battery_Capacity-600x373.jpg 600w, https:\/\/justvape.nu\/wp-content\/uploads\/2023\/01\/Uwell_Caliburn_Tenet_KOKO_Pod_Kit_Battery_Capacity-64x40.jpg 64w, https:\/\/justvape.nu\/wp-content\/uploads\/2023\/01\/Uwell_Caliburn_Tenet_KOKO_Pod_Kit_Battery_Capacity-300x187.jpg 300w, https:\/\/justvape.nu\/wp-content\/uploads\/2023\/01\/Uwell_Caliburn_Tenet_KOKO_Pod_Kit_Battery_Capacity-768x478.jpg 768w\" sizes=\"auto, (max-width: 831px) 100vw, 831px\" \/><\/a><\/p>\n<div class=\"img-show-more\"><\/div>\n<div class=\"shop-features \">\n<h2 class=\"shop-features-title \"><a href=\"https:\/\/justvape.nu\/wp-content\/uploads\/2018\/05\/Packing-List.png\"><img loading=\"lazy\" decoding=\"async\" class=\"alignnone size-full wp-image-18995\" src=\"https:\/\/justvape.nu\/wp-content\/uploads\/2018\/05\/Packing-List.png\" alt=\"\" width=\"950\" height=\"64\" title=\"\" srcset=\"https:\/\/justvape.nu\/wp-content\/uploads\/2018\/05\/Packing-List.png 950w, https:\/\/justvape.nu\/wp-content\/uploads\/2018\/05\/Packing-List-555x37.png 555w, https:\/\/justvape.nu\/wp-content\/uploads\/2018\/05\/Packing-List-64x4.png 64w, https:\/\/justvape.nu\/wp-content\/uploads\/2018\/05\/Packing-List-300x20.png 300w, https:\/\/justvape.nu\/wp-content\/uploads\/2018\/05\/Packing-List-768x52.png 768w\" sizes=\"auto, (max-width: 950px) 100vw, 950px\" \/><\/a><\/h2>\n<\/div>\n<p><strong class=\"description-little-title \">La confezione di Uwell Caliburn Tenet KOKO Kit viene fornita con:<\/strong><\/p>\n<p>1* Dispositivo Caliburn Tenet KOKO<br \/>\n1* Cartuccia vuota Caliburn G2<br \/>\n1* UN2 Meshed 0.8ohm Caliburn G Coil (preinstallato)<br \/>\n1* Bobina UN2 Meshed 1.2ohm Caliburn G2 (ricambio)<br \/>\n1* Cavo di ricarica di tipo C<br \/>\n1 * Manuale dell&#8217;utente<br \/>\n1* Cordino in metallo<\/p>\n<p class=\"description-img-center \"><a href=\"https:\/\/justvape.nu\/wp-content\/uploads\/2023\/01\/Uwell_Caliburn_Tenet_KOKO_Pod_Kit_Packing_List.jpg\"><img loading=\"lazy\" decoding=\"async\" class=\"alignnone size-full wp-image-560948\" src=\"https:\/\/justvape.nu\/wp-content\/uploads\/2023\/01\/Uwell_Caliburn_Tenet_KOKO_Pod_Kit_Packing_List.jpg\" alt=\"\" width=\"831\" height=\"570\" title=\"\" srcset=\"https:\/\/justvape.nu\/wp-content\/uploads\/2023\/01\/Uwell_Caliburn_Tenet_KOKO_Pod_Kit_Packing_List.jpg 831w, https:\/\/justvape.nu\/wp-content\/uploads\/2023\/01\/Uwell_Caliburn_Tenet_KOKO_Pod_Kit_Packing_List-600x412.jpg 600w, https:\/\/justvape.nu\/wp-content\/uploads\/2023\/01\/Uwell_Caliburn_Tenet_KOKO_Pod_Kit_Packing_List-64x44.jpg 64w, https:\/\/justvape.nu\/wp-content\/uploads\/2023\/01\/Uwell_Caliburn_Tenet_KOKO_Pod_Kit_Packing_List-300x206.jpg 300w, https:\/\/justvape.nu\/wp-content\/uploads\/2023\/01\/Uwell_Caliburn_Tenet_KOKO_Pod_Kit_Packing_List-768x527.jpg 768w\" sizes=\"auto, (max-width: 831px) 100vw, 831px\" \/><\/a><\/p>\n","protected":false},"excerpt":{"rendered":"<p>UWELL &#8211; CALIBURN TENET KOKO KIT<\/p>\n","protected":false},"featured_media":560967,"comment_status":"open","ping_status":"closed","template":"","meta":{"_acf_changed":false,"_uag_custom_page_level_css":"","site-sidebar-layout":"default","site-content-layout":"default","ast-site-content-layout":"default","site-content-style":"default","site-sidebar-style":"default","ast-global-header-display":"","ast-banner-title-visibility":"","ast-main-header-display":"","ast-hfb-above-header-display":"","ast-hfb-below-header-display":"","ast-hfb-mobile-header-display":"","site-post-title":"","ast-breadcrumbs-content":"","ast-featured-img":"","footer-sml-layout":"","ast-disable-related-posts":"","theme-transparent-header-meta":"default","adv-header-id-meta":"","stick-header-meta":"default","header-above-stick-meta":"","header-main-stick-meta":"","header-below-stick-meta":"","astra-migrate-meta-layouts":"default","ast-page-background-enabled":"default","ast-page-background-meta":{"desktop":{"background-color":"","background-image":"","background-repeat":"repeat","background-position":"center center","background-size":"auto","background-attachment":"scroll","background-type":"","background-media":"","overlay-type":"","overlay-color":"","overlay-opacity":"","overlay-gradient":""},"tablet":{"background-color":"","background-image":"","background-repeat":"repeat","background-position":"center center","background-size":"auto","background-attachment":"scroll","background-type":"","background-media":"","overlay-type":"","overlay-color":"","overlay-opacity":"","overlay-gradient":""},"mobile":{"background-color":"","background-image":"","background-repeat":"repeat","background-position":"center center","background-size":"auto","background-attachment":"scroll","background-type":"","background-media":"","overlay-type":"","overlay-color":"","overlay-opacity":"","overlay-gradient":""}},"ast-content-background-meta":{"desktop":{"background-color":"var(--ast-global-color-5)","background-image":"","background-repeat":"repeat","background-position":"center center","background-size":"auto","background-attachment":"scroll","background-type":"","background-media":"","overlay-type":"","overlay-color":"","overlay-opacity":"","overlay-gradient":""},"tablet":{"background-color":"var(--ast-global-color-5)","background-image":"","background-repeat":"repeat","background-position":"center center","background-size":"auto","background-attachment":"scroll","background-type":"","background-media":"","overlay-type":"","overlay-color":"","overlay-opacity":"","overlay-gradient":""},"mobile":{"background-color":"var(--ast-global-color-5)","background-image":"","background-repeat":"repeat","background-position":"center center","background-size":"auto","background-attachment":"scroll","background-type":"","background-media":"","overlay-type":"","overlay-color":"","overlay-opacity":"","overlay-gradient":""}}},"product_brand":[],"product_cat":[2517,2079,2518,2069,3429],"product_tag":[],"class_list":{"0":"post-561022","1":"product","2":"type-product","3":"status-publish","4":"has-post-thumbnail","6":"product_cat-hardware-it","7":"product_cat-kit-per-principianti-e-pod","8":"product_cat-shop-by-brand-it","9":"product_cat-sigarette-elettroniche","10":"product_cat-uwell-it","11":"desktop-align-center","12":"tablet-align-center","13":"mobile-align-center","14":"ast-product-gallery-layout-horizontal-slider","15":"ast-product-gallery-with-no-image","16":"ast-product-single-variable","17":"ast-product-tabs-layout-horizontal","19":"first","20":"instock","21":"sale","22":"taxable","23":"shipping-taxable","24":"purchasable","25":"product-type-variable"},"acf":[],"uagb_featured_image_src":{"full":["https:\/\/justvape.nu\/wp-content\/uploads\/2023\/01\/uwell-caliburn-tenet-koko-kit_1.webp",800,800,false],"thumbnail":["https:\/\/justvape.nu\/wp-content\/uploads\/2023\/01\/uwell-caliburn-tenet-koko-kit_1-150x150.webp",150,150,true],"medium":["https:\/\/justvape.nu\/wp-content\/uploads\/2023\/01\/uwell-caliburn-tenet-koko-kit_1-300x300.webp",300,300,true],"medium_large":["https:\/\/justvape.nu\/wp-content\/uploads\/2023\/01\/uwell-caliburn-tenet-koko-kit_1-768x768.webp",768,768,true],"large":["https:\/\/justvape.nu\/wp-content\/uploads\/2023\/01\/uwell-caliburn-tenet-koko-kit_1.webp",800,800,false],"1536x1536":["https:\/\/justvape.nu\/wp-content\/uploads\/2023\/01\/uwell-caliburn-tenet-koko-kit_1.webp",800,800,false],"2048x2048":["https:\/\/justvape.nu\/wp-content\/uploads\/2023\/01\/uwell-caliburn-tenet-koko-kit_1.webp",800,800,false],"woocommerce_thumbnail":["https:\/\/justvape.nu\/wp-content\/uploads\/2023\/01\/uwell-caliburn-tenet-koko-kit_1-300x300.webp",300,300,true],"woocommerce_single":["https:\/\/justvape.nu\/wp-content\/uploads\/2023\/01\/uwell-caliburn-tenet-koko-kit_1-600x600.webp",600,600,true],"woocommerce_gallery_thumbnail":["https:\/\/justvape.nu\/wp-content\/uploads\/2023\/01\/uwell-caliburn-tenet-koko-kit_1-100x100.webp",100,100,true],"dgwt-wcas-product-suggestion":["https:\/\/justvape.nu\/wp-content\/uploads\/2023\/01\/uwell-caliburn-tenet-koko-kit_1-64x64.webp",64,64,true]},"uagb_author_info":{"display_name":"Kenneth Merkur","author_link":"https:\/\/justvape.nu\/it\/author\/"},"uagb_comment_info":0,"uagb_excerpt":"UWELL - CALIBURN TENET KOKO KIT","_links":{"self":[{"href":"https:\/\/justvape.nu\/it\/wp-json\/wp\/v2\/product\/561022","targetHints":{"allow":["GET"]}}],"collection":[{"href":"https:\/\/justvape.nu\/it\/wp-json\/wp\/v2\/product"}],"about":[{"href":"https:\/\/justvape.nu\/it\/wp-json\/wp\/v2\/types\/product"}],"replies":[{"embeddable":true,"href":"https:\/\/justvape.nu\/it\/wp-json\/wp\/v2\/comments?post=561022"}],"wp:featuredmedia":[{"embeddable":true,"href":"https:\/\/justvape.nu\/it\/wp-json\/wp\/v2\/media\/560967"}],"wp:attachment":[{"href":"https:\/\/justvape.nu\/it\/wp-json\/wp\/v2\/media?parent=561022"}],"wp:term":[{"taxonomy":"product_brand","embeddable":true,"href":"https:\/\/justvape.nu\/it\/wp-json\/wp\/v2\/product_brand?post=561022"},{"taxonomy":"product_cat","embeddable":true,"href":"https:\/\/justvape.nu\/it\/wp-json\/wp\/v2\/product_cat?post=561022"},{"taxonomy":"product_tag","embeddable":true,"href":"https:\/\/justvape.nu\/it\/wp-json\/wp\/v2\/product_tag?post=561022"}],"curies":[{"name":"wp","href":"https:\/\/api.w.org\/{rel}","templated":true}]}}