{"id":560986,"date":"2023-01-06T22:08:59","date_gmt":"2023-01-06T21:08:59","guid":{"rendered":"https:\/\/justvape.nu\/produkt\/uwell-caliburn-tenet-kit\/"},"modified":"2023-03-14T12:04:55","modified_gmt":"2023-03-14T11:04:55","slug":"uwell-caliburn-tenet-kit","status":"publish","type":"product","link":"https:\/\/justvape.nu\/it\/produkt\/uwell-caliburn-tenet-kit\/","title":{"rendered":"UWELL &#8211; CALIBURN TENET KIT"},"content":{"rendered":"<h2>UWELL &#8211; CALIBURN TENET KIT<\/h2>\n<p>Il kit di cialde Uwell Caliburn Tenet \u00e8 compatto e resistente, ideale per resistere all&#8217;usura del vaping quotidiano. La batteria integrata da 750 mAh pu\u00f2 durare un giorno intero con una sola carica. \u00c8 inoltre dotato di una porta di ricarica rapida USB-C, in modo che quando \u00e8 necessario ricaricare il dispositivo si possa tornare a svapare prima. Questo kit comprende una pod Caliburn G2 e due bobine. Progettato per consentire un&#8217;inalazione MTL (Mouth To Lung), il kit Caliburn Tenet crea una piccola quantit\u00e0 di vapore che ricorda da vicino la sensazione di una sigaretta.<\/p>\n<p>Grazie alla doppia attivazione, \u00e8 possibile scegliere di soffiare sul bocchino o di utilizzare il pulsante per svapare. Grazie al design a pulsante singolo del kit, \u00e8 possibile premere il pulsante di accensione per spegnere e accendere il dispositivo, quindi due clic bloccheranno il pulsante di accensione in modo da poter conservare la svapata senza spegnerlo. Il kit vibra anche quando si collega una capsula per segnalare che \u00e8 pronto a svapare. C&#8217;\u00e8 anche una piccola finestra che consente di vedere quanto e-liquid \u00e8 rimasto nella cialda, in modo da sapere quando \u00e8 il momento di riempirla.<\/p>\n<p>Caliburn Tenet viene fornita con una capsula G2 a riempimento dall&#8217;alto che, semplicemente rimuovendo il bocchino, rivela la porta dell&#8217;e-liquid per la ricarica. La capsula utilizza una piccola rotella per regolare il flusso d&#8217;aria, rendendo pi\u00f9 facile la scelta di un&#8217;inalazione libera o stretta. Nella confezione sono presenti due bobine Caliburn G, una da 1,2 Ohm e una da 0,8 Ohm, entrambe garantiscono un&#8217;inalazione MTL, con la bobina a resistenza pi\u00f9 bassa che crea un po&#8217; pi\u00f9 di vapore. Si consiglia di abbinare queste bobine a e-liquid 50\/50 e ad alto contenuto di PG; i sali di nic sono una scelta popolare se si preferisce una svapata con un colpo di gola pi\u00f9 morbido.<\/p>\n<p><a href=\"https:\/\/justvape.nu\/wp-content\/uploads\/2018\/05\/Color-Schemes.png\"><img loading=\"lazy\" decoding=\"async\" class=\"alignnone size-full wp-image-19187\" src=\"https:\/\/justvape.nu\/wp-content\/uploads\/2018\/05\/Color-Schemes.png\" alt=\"\" width=\"950\" height=\"64\" title=\"\" srcset=\"https:\/\/justvape.nu\/wp-content\/uploads\/2018\/05\/Color-Schemes.png 950w, https:\/\/justvape.nu\/wp-content\/uploads\/2018\/05\/Color-Schemes-555x37.png 555w, https:\/\/justvape.nu\/wp-content\/uploads\/2018\/05\/Color-Schemes-64x4.png 64w, https:\/\/justvape.nu\/wp-content\/uploads\/2018\/05\/Color-Schemes-300x20.png 300w, https:\/\/justvape.nu\/wp-content\/uploads\/2018\/05\/Color-Schemes-768x52.png 768w\" sizes=\"auto, (max-width: 950px) 100vw, 950px\" \/><\/a><\/p>\n<p class=\"description-img-center\"><a href=\"https:\/\/justvape.nu\/wp-content\/uploads\/2023\/01\/Uwell_Caliburn_Tenet_Pod_System_Kit_Full_Color.jpg\"><img loading=\"lazy\" decoding=\"async\" class=\"alignnone size-full wp-image-560853\" src=\"https:\/\/justvape.nu\/wp-content\/uploads\/2023\/01\/Uwell_Caliburn_Tenet_Pod_System_Kit_Full_Color.jpg\" alt=\"\" width=\"800\" height=\"484\" title=\"\" srcset=\"https:\/\/justvape.nu\/wp-content\/uploads\/2023\/01\/Uwell_Caliburn_Tenet_Pod_System_Kit_Full_Color.jpg 800w, https:\/\/justvape.nu\/wp-content\/uploads\/2023\/01\/Uwell_Caliburn_Tenet_Pod_System_Kit_Full_Color-600x363.jpg 600w, https:\/\/justvape.nu\/wp-content\/uploads\/2023\/01\/Uwell_Caliburn_Tenet_Pod_System_Kit_Full_Color-64x39.jpg 64w, https:\/\/justvape.nu\/wp-content\/uploads\/2023\/01\/Uwell_Caliburn_Tenet_Pod_System_Kit_Full_Color-300x182.jpg 300w, https:\/\/justvape.nu\/wp-content\/uploads\/2023\/01\/Uwell_Caliburn_Tenet_Pod_System_Kit_Full_Color-768x465.jpg 768w\" sizes=\"auto, (max-width: 800px) 100vw, 800px\" \/><\/a><\/p>\n<div class=\"shop-features \">\n<h2 class=\"shop-features-title \"><a href=\"https:\/\/justvape.nu\/wp-content\/uploads\/2018\/05\/Specifications.png\"><img loading=\"lazy\" decoding=\"async\" class=\"alignnone size-full wp-image-248449\" src=\"https:\/\/justvape.nu\/wp-content\/uploads\/2018\/05\/Specifications.png\" alt=\"\" width=\"950\" height=\"64\" title=\"\" srcset=\"https:\/\/justvape.nu\/wp-content\/uploads\/2018\/05\/Specifications.png 950w, https:\/\/justvape.nu\/wp-content\/uploads\/2018\/05\/Specifications-600x40.png 600w, https:\/\/justvape.nu\/wp-content\/uploads\/2018\/05\/Specifications-64x4.png 64w, https:\/\/justvape.nu\/wp-content\/uploads\/2018\/05\/Specifications-300x20.png 300w, https:\/\/justvape.nu\/wp-content\/uploads\/2018\/05\/Specifications-768x52.png 768w\" sizes=\"auto, (max-width: 950px) 100vw, 950px\" \/><\/a><\/h2>\n<\/div>\n<p><strong class=\"description-little-title\">Uwell Caliburn Tenet Pod System Kit Parametri:<\/strong><\/p>\n<table class=\"description-table\">\n<tbody>\n<tr>\n<td class=\"strong-title \">Marchio<\/td>\n<td class=\"inline\">Uwell<\/td>\n<\/tr>\n<tr>\n<td class=\"strong-title \">Nome del prodotto<\/td>\n<td class=\"inline\">Kit del sistema Pod Tenet<\/td>\n<\/tr>\n<tr>\n<td class=\"strong-title \">Capacit\u00e0 della batteria<\/td>\n<td class=\"inline\">Batteria integrata da 750 mAh<\/td>\n<\/tr>\n<tr>\n<td class=\"strong-title \">Carica<\/td>\n<td class=\"inline\">Ricarica di tipo C<\/td>\n<\/tr>\n<tr>\n<td class=\"strong-title \">Potenza d&#8217;uscita<\/td>\n<td class=\"inline\">Max 16W<\/td>\n<\/tr>\n<tr>\n<td class=\"strong-title \">Capacit\u00e0 del succo d&#8217;arancia<\/td>\n<td class=\"inline\">2ml<\/td>\n<\/tr>\n<tr>\n<td class=\"strong-title \">Riempimento<\/td>\n<td class=\"inline\">Riempimento superiore<\/td>\n<\/tr>\n<tr>\n<td class=\"strong-title \">Flusso d&#8217;aria<\/td>\n<td class=\"inline\">Flusso d&#8217;aria regolabile<\/td>\n<\/tr>\n<tr>\n<td class=\"strong-title \">In forma per<\/td>\n<td class=\"inline\">Uwell Caliburn G2 Cartuccia vuota, Uwell Caliburn G\/G2 Coil<\/td>\n<\/tr>\n<tr>\n<td class=\"strong-title \">Materiale<\/td>\n<td class=\"inline\">PA, lega di alluminio<\/td>\n<\/tr>\n<tr>\n<td class=\"strong-title \">Dimensione del prodotto<\/td>\n<td class=\"inline\">110,9* 25,1*16,3 mm<\/td>\n<\/tr>\n<tr>\n<td class=\"strong-title \"><\/td>\n<td class=\"inline\"><\/td>\n<\/tr>\n<tr>\n<td class=\"strong-title \">Colore<\/td>\n<td class=\"inline\">Verde oliva, rosso rame, nero carbone, grigio ferro<\/td>\n<\/tr>\n<\/tbody>\n<\/table>\n<div class=\"shop-features \">\n<h2 class=\"shop-features-title \"><a href=\"https:\/\/justvape.nu\/wp-content\/uploads\/2018\/05\/Features.png\"><img loading=\"lazy\" decoding=\"async\" class=\"alignnone size-full wp-image-18994\" src=\"https:\/\/justvape.nu\/wp-content\/uploads\/2018\/05\/Features.png\" alt=\"\" width=\"950\" height=\"64\" title=\"\" srcset=\"https:\/\/justvape.nu\/wp-content\/uploads\/2018\/05\/Features.png 950w, https:\/\/justvape.nu\/wp-content\/uploads\/2018\/05\/Features-555x37.png 555w, https:\/\/justvape.nu\/wp-content\/uploads\/2018\/05\/Features-64x4.png 64w, https:\/\/justvape.nu\/wp-content\/uploads\/2018\/05\/Features-300x20.png 300w, https:\/\/justvape.nu\/wp-content\/uploads\/2018\/05\/Features-768x52.png 768w\" sizes=\"auto, (max-width: 950px) 100vw, 950px\" \/><\/a><\/h2>\n<\/div>\n<p><strong class=\"description-little-title\">Uwell Caliburn Tenet Dettagli:<\/strong><\/p>\n<ul>\n<li style=\"list-style-type: none;\">\n<ul>\n<li>1. Batteria integrata da 750 mAh con 16W max<\/li>\n<li>2. Accensione automatica a strappo e a pulsante<\/li>\n<li>3. Funzione di blocco\/sblocco dell&#8217;accensione<\/li>\n<li>4. Vibrazione per indicare i diversi stati di lavoro<\/li>\n<li>5. Capacit\u00e0 di 2 ml e facile riempimento dall&#8217;alto<\/li>\n<li>6. Ampia finestra di controllo dell&#8217;e-liquid<\/li>\n<li>7. Sistema di regolazione precisa del flusso d&#8217;aria<\/li>\n<li>8. Tecnologia di regolazione del sapore Pro-FOCS<\/li>\n<li>9. Compatibile con la bobina Uwell Caliburn G\/G2<\/li>\n<li>10. In grado di offrire vaping MTL e RDL<\/li>\n<li>11. Stile punk meccanico, elegante e unico<\/li>\n<li>12. Guscio stampato in pressofusione di lega di alluminio<\/li>\n<li>13. Viti e rivetti estetici e antiscivolo<\/li>\n<\/ul>\n<\/li>\n<\/ul>\n<div class=\"img-show-more\">\n<div id=\"img_content_less\" class=\"img-content add-more\">\n<p class=\"description-img-center\"><a href=\"https:\/\/justvape.nu\/wp-content\/uploads\/2023\/01\/Uwell_Caliburn_Tenet_Kit.jpg\"><img loading=\"lazy\" decoding=\"async\" class=\"alignnone size-full wp-image-560862\" src=\"https:\/\/justvape.nu\/wp-content\/uploads\/2023\/01\/Uwell_Caliburn_Tenet_Kit.jpg\" alt=\"\" width=\"831\" height=\"439\" title=\"\" srcset=\"https:\/\/justvape.nu\/wp-content\/uploads\/2023\/01\/Uwell_Caliburn_Tenet_Kit.jpg 831w, https:\/\/justvape.nu\/wp-content\/uploads\/2023\/01\/Uwell_Caliburn_Tenet_Kit-600x317.jpg 600w, https:\/\/justvape.nu\/wp-content\/uploads\/2023\/01\/Uwell_Caliburn_Tenet_Kit-64x34.jpg 64w, https:\/\/justvape.nu\/wp-content\/uploads\/2023\/01\/Uwell_Caliburn_Tenet_Kit-300x158.jpg 300w, https:\/\/justvape.nu\/wp-content\/uploads\/2023\/01\/Uwell_Caliburn_Tenet_Kit-768x406.jpg 768w\" sizes=\"auto, (max-width: 831px) 100vw, 831px\" \/><\/a> <a href=\"https:\/\/justvape.nu\/wp-content\/uploads\/2023\/01\/Uwell_Caliburn_Tenet_Kit_Mechanical_Punk_Design.jpg\"><img loading=\"lazy\" decoding=\"async\" class=\"alignnone size-full wp-image-560871\" src=\"https:\/\/justvape.nu\/wp-content\/uploads\/2023\/01\/Uwell_Caliburn_Tenet_Kit_Mechanical_Punk_Design.jpg\" alt=\"\" width=\"831\" height=\"434\" title=\"\" srcset=\"https:\/\/justvape.nu\/wp-content\/uploads\/2023\/01\/Uwell_Caliburn_Tenet_Kit_Mechanical_Punk_Design.jpg 831w, https:\/\/justvape.nu\/wp-content\/uploads\/2023\/01\/Uwell_Caliburn_Tenet_Kit_Mechanical_Punk_Design-600x313.jpg 600w, https:\/\/justvape.nu\/wp-content\/uploads\/2023\/01\/Uwell_Caliburn_Tenet_Kit_Mechanical_Punk_Design-64x33.jpg 64w, https:\/\/justvape.nu\/wp-content\/uploads\/2023\/01\/Uwell_Caliburn_Tenet_Kit_Mechanical_Punk_Design-300x157.jpg 300w, https:\/\/justvape.nu\/wp-content\/uploads\/2023\/01\/Uwell_Caliburn_Tenet_Kit_Mechanical_Punk_Design-768x401.jpg 768w\" sizes=\"auto, (max-width: 831px) 100vw, 831px\" \/><\/a> <a href=\"https:\/\/justvape.nu\/wp-content\/uploads\/2023\/01\/Uwell_Caliburn_Tenet_Kit_Punk_Design.jpg\"><img loading=\"lazy\" decoding=\"async\" class=\"alignnone size-full wp-image-560880\" src=\"https:\/\/justvape.nu\/wp-content\/uploads\/2023\/01\/Uwell_Caliburn_Tenet_Kit_Punk_Design.jpg\" alt=\"\" width=\"831\" height=\"418\" title=\"\" srcset=\"https:\/\/justvape.nu\/wp-content\/uploads\/2023\/01\/Uwell_Caliburn_Tenet_Kit_Punk_Design.jpg 831w, https:\/\/justvape.nu\/wp-content\/uploads\/2023\/01\/Uwell_Caliburn_Tenet_Kit_Punk_Design-600x302.jpg 600w, https:\/\/justvape.nu\/wp-content\/uploads\/2023\/01\/Uwell_Caliburn_Tenet_Kit_Punk_Design-64x32.jpg 64w, https:\/\/justvape.nu\/wp-content\/uploads\/2023\/01\/Uwell_Caliburn_Tenet_Kit_Punk_Design-300x151.jpg 300w, https:\/\/justvape.nu\/wp-content\/uploads\/2023\/01\/Uwell_Caliburn_Tenet_Kit_Punk_Design-768x386.jpg 768w\" sizes=\"auto, (max-width: 831px) 100vw, 831px\" \/><\/a><\/p>\n<\/div>\n<\/div>\n<div class=\"shop-features \">\n<h2 class=\"shop-features-title \"><a href=\"https:\/\/justvape.nu\/wp-content\/uploads\/2018\/05\/Packing-List.png\"><img loading=\"lazy\" decoding=\"async\" class=\"alignnone size-full wp-image-18995\" src=\"https:\/\/justvape.nu\/wp-content\/uploads\/2018\/05\/Packing-List.png\" alt=\"\" width=\"950\" height=\"64\" title=\"\" srcset=\"https:\/\/justvape.nu\/wp-content\/uploads\/2018\/05\/Packing-List.png 950w, https:\/\/justvape.nu\/wp-content\/uploads\/2018\/05\/Packing-List-555x37.png 555w, https:\/\/justvape.nu\/wp-content\/uploads\/2018\/05\/Packing-List-64x4.png 64w, https:\/\/justvape.nu\/wp-content\/uploads\/2018\/05\/Packing-List-300x20.png 300w, https:\/\/justvape.nu\/wp-content\/uploads\/2018\/05\/Packing-List-768x52.png 768w\" sizes=\"auto, (max-width: 950px) 100vw, 950px\" \/><\/a><\/h2>\n<\/div>\n<p><strong class=\"description-little-title \">La confezione di Uwell Caliburn Tenet Starter Kit viene fornita con:<\/strong><\/p>\n<p>1* Dispositivo Uwell Caliburn Tenet<br \/>\n1* Cartuccia vuota Uwell Caliburn G2<br \/>\n1* Uwell UN2 Meshed 0.8\u03a9 Caliburn G Coil (preinstallata)<br \/>\n1* Uwell UN2 Meshed 1.2\u03a9 Caliburn G2 Coil (ricambio)<br \/>\n1* Cavo di ricarica di tipo C<br \/>\n1 * Manuale dell&#8217;utente<\/p>\n<p class=\"description-img-center \"><a href=\"https:\/\/justvape.nu\/wp-content\/uploads\/2023\/01\/Uwell_Caliburn_Tenet_Kit_Package.jpg\"><img loading=\"lazy\" decoding=\"async\" class=\"alignnone size-full wp-image-560889\" src=\"https:\/\/justvape.nu\/wp-content\/uploads\/2023\/01\/Uwell_Caliburn_Tenet_Kit_Package.jpg\" alt=\"\" width=\"831\" height=\"392\" title=\"\" srcset=\"https:\/\/justvape.nu\/wp-content\/uploads\/2023\/01\/Uwell_Caliburn_Tenet_Kit_Package.jpg 831w, https:\/\/justvape.nu\/wp-content\/uploads\/2023\/01\/Uwell_Caliburn_Tenet_Kit_Package-600x283.jpg 600w, https:\/\/justvape.nu\/wp-content\/uploads\/2023\/01\/Uwell_Caliburn_Tenet_Kit_Package-64x30.jpg 64w, https:\/\/justvape.nu\/wp-content\/uploads\/2023\/01\/Uwell_Caliburn_Tenet_Kit_Package-300x142.jpg 300w, https:\/\/justvape.nu\/wp-content\/uploads\/2023\/01\/Uwell_Caliburn_Tenet_Kit_Package-768x362.jpg 768w\" sizes=\"auto, (max-width: 831px) 100vw, 831px\" \/><\/a><\/p>\n","protected":false},"excerpt":{"rendered":"<p>UWELL &#8211; CALIBURN TENET KIT<\/p>\n","protected":false},"featured_media":560907,"comment_status":"open","ping_status":"closed","template":"","meta":{"_acf_changed":false,"_uag_custom_page_level_css":"","site-sidebar-layout":"default","site-content-layout":"default","ast-site-content-layout":"default","site-content-style":"default","site-sidebar-style":"default","ast-global-header-display":"","ast-banner-title-visibility":"","ast-main-header-display":"","ast-hfb-above-header-display":"","ast-hfb-below-header-display":"","ast-hfb-mobile-header-display":"","site-post-title":"","ast-breadcrumbs-content":"","ast-featured-img":"","footer-sml-layout":"","ast-disable-related-posts":"","theme-transparent-header-meta":"default","adv-header-id-meta":"","stick-header-meta":"default","header-above-stick-meta":"","header-main-stick-meta":"","header-below-stick-meta":"","astra-migrate-meta-layouts":"default","ast-page-background-enabled":"default","ast-page-background-meta":{"desktop":{"background-color":"","background-image":"","background-repeat":"repeat","background-position":"center center","background-size":"auto","background-attachment":"scroll","background-type":"","background-media":"","overlay-type":"","overlay-color":"","overlay-opacity":"","overlay-gradient":""},"tablet":{"background-color":"","background-image":"","background-repeat":"repeat","background-position":"center center","background-size":"auto","background-attachment":"scroll","background-type":"","background-media":"","overlay-type":"","overlay-color":"","overlay-opacity":"","overlay-gradient":""},"mobile":{"background-color":"","background-image":"","background-repeat":"repeat","background-position":"center center","background-size":"auto","background-attachment":"scroll","background-type":"","background-media":"","overlay-type":"","overlay-color":"","overlay-opacity":"","overlay-gradient":""}},"ast-content-background-meta":{"desktop":{"background-color":"var(--ast-global-color-5)","background-image":"","background-repeat":"repeat","background-position":"center center","background-size":"auto","background-attachment":"scroll","background-type":"","background-media":"","overlay-type":"","overlay-color":"","overlay-opacity":"","overlay-gradient":""},"tablet":{"background-color":"var(--ast-global-color-5)","background-image":"","background-repeat":"repeat","background-position":"center center","background-size":"auto","background-attachment":"scroll","background-type":"","background-media":"","overlay-type":"","overlay-color":"","overlay-opacity":"","overlay-gradient":""},"mobile":{"background-color":"var(--ast-global-color-5)","background-image":"","background-repeat":"repeat","background-position":"center center","background-size":"auto","background-attachment":"scroll","background-type":"","background-media":"","overlay-type":"","overlay-color":"","overlay-opacity":"","overlay-gradient":""}}},"product_brand":[],"product_cat":[2517,2079,2518,2069,3429],"product_tag":[],"class_list":{"0":"post-560986","1":"product","2":"type-product","3":"status-publish","4":"has-post-thumbnail","6":"product_cat-hardware-it","7":"product_cat-kit-per-principianti-e-pod","8":"product_cat-shop-by-brand-it","9":"product_cat-sigarette-elettroniche","10":"product_cat-uwell-it","11":"desktop-align-center","12":"tablet-align-center","13":"mobile-align-center","14":"ast-product-gallery-layout-horizontal-slider","15":"ast-product-gallery-with-no-image","16":"ast-product-single-variable","17":"ast-product-tabs-layout-horizontal","19":"first","20":"instock","21":"sale","22":"taxable","23":"shipping-taxable","24":"purchasable","25":"product-type-variable"},"acf":[],"uagb_featured_image_src":{"full":["https:\/\/justvape.nu\/wp-content\/uploads\/2023\/01\/uwell-tenet-gallery.jpg",800,800,false],"thumbnail":["https:\/\/justvape.nu\/wp-content\/uploads\/2023\/01\/uwell-tenet-gallery-150x150.jpg",150,150,true],"medium":["https:\/\/justvape.nu\/wp-content\/uploads\/2023\/01\/uwell-tenet-gallery-300x300.jpg",300,300,true],"medium_large":["https:\/\/justvape.nu\/wp-content\/uploads\/2023\/01\/uwell-tenet-gallery-768x768.jpg",768,768,true],"large":["https:\/\/justvape.nu\/wp-content\/uploads\/2023\/01\/uwell-tenet-gallery.jpg",800,800,false],"1536x1536":["https:\/\/justvape.nu\/wp-content\/uploads\/2023\/01\/uwell-tenet-gallery.jpg",800,800,false],"2048x2048":["https:\/\/justvape.nu\/wp-content\/uploads\/2023\/01\/uwell-tenet-gallery.jpg",800,800,false],"woocommerce_thumbnail":["https:\/\/justvape.nu\/wp-content\/uploads\/2023\/01\/uwell-tenet-gallery-300x300.jpg",300,300,true],"woocommerce_single":["https:\/\/justvape.nu\/wp-content\/uploads\/2023\/01\/uwell-tenet-gallery-600x600.jpg",600,600,true],"woocommerce_gallery_thumbnail":["https:\/\/justvape.nu\/wp-content\/uploads\/2023\/01\/uwell-tenet-gallery-100x100.jpg",100,100,true],"dgwt-wcas-product-suggestion":["https:\/\/justvape.nu\/wp-content\/uploads\/2023\/01\/uwell-tenet-gallery-64x64.jpg",64,64,true]},"uagb_author_info":{"display_name":"Kenneth Merkur","author_link":"https:\/\/justvape.nu\/it\/author\/"},"uagb_comment_info":0,"uagb_excerpt":"UWELL - CALIBURN TENET KIT","_links":{"self":[{"href":"https:\/\/justvape.nu\/it\/wp-json\/wp\/v2\/product\/560986","targetHints":{"allow":["GET"]}}],"collection":[{"href":"https:\/\/justvape.nu\/it\/wp-json\/wp\/v2\/product"}],"about":[{"href":"https:\/\/justvape.nu\/it\/wp-json\/wp\/v2\/types\/product"}],"replies":[{"embeddable":true,"href":"https:\/\/justvape.nu\/it\/wp-json\/wp\/v2\/comments?post=560986"}],"wp:featuredmedia":[{"embeddable":true,"href":"https:\/\/justvape.nu\/it\/wp-json\/wp\/v2\/media\/560907"}],"wp:attachment":[{"href":"https:\/\/justvape.nu\/it\/wp-json\/wp\/v2\/media?parent=560986"}],"wp:term":[{"taxonomy":"product_brand","embeddable":true,"href":"https:\/\/justvape.nu\/it\/wp-json\/wp\/v2\/product_brand?post=560986"},{"taxonomy":"product_cat","embeddable":true,"href":"https:\/\/justvape.nu\/it\/wp-json\/wp\/v2\/product_cat?post=560986"},{"taxonomy":"product_tag","embeddable":true,"href":"https:\/\/justvape.nu\/it\/wp-json\/wp\/v2\/product_tag?post=560986"}],"curies":[{"name":"wp","href":"https:\/\/api.w.org\/{rel}","templated":true}]}}