{"id":555495,"date":"2022-12-12T14:15:52","date_gmt":"2022-12-12T13:15:52","guid":{"rendered":"https:\/\/justvape.nu\/produkt\/vaporesso-luxe-xr-vape-kit\/"},"modified":"2023-03-14T16:01:52","modified_gmt":"2023-03-14T15:01:52","slug":"vaporesso-luxe-xr-vape-kit-2","status":"publish","type":"product","link":"https:\/\/justvape.nu\/it\/produkt\/vaporesso-luxe-xr-vape-kit-2\/","title":{"rendered":"VAPORESSO &#8211; LUXE XR VAPE KIT"},"content":{"rendered":"<h2>VAPORESSO &#8211; LUXE XR VAPE KIT<\/h2>\n<p>Vaporesso Luze XR Vape Pod Kit \u00e8 una robusta alternativa sub-ohm che si adatta facilmente alla vostra tasca. Le lunghe sessioni di svapo tra una ricarica e l&#8217;altra sono supportate dalla batteria interna da 1500 mAh, mentre \u00e8 possibile selezionare il livello di svapo preferito grazie all&#8217;uscita variabile da 5 a 40W. Inoltre, implica che il kit \u00e8 compatibile con le bobine MTL (Mouth To Lung) della stessa gamma, oltre ai metodi di svapo DTL (Direct To Lung) e RDTL (Restricted Direct To Lung) supportati dalle bobine Luxe X incluse.<\/p>\n<p>Il dispositivo si attiva con un unico pulsante di accensione, eliminando la necessit\u00e0 di fare clic su diversi pulsanti e di esplorare pannelli di menu. \u00c8 inoltre dotato di un processore intelligente che sceglie automaticamente il wattaggio corretto per la bobina in base alla sua resistenza e al tipo di bobina inserita. Se vi piace sperimentare, potete impostare manualmente una potenza di uscita e trovare una svapata che soddisfi le vostre preferenze.<\/p>\n<p>Le cialde Luxe X uniscono la capacit\u00e0 di un serbatoio alla robustezza di una cialda. Le ricariche sono semplici grazie al design con riempimento dall&#8217;alto e non \u00e8 nemmeno necessario estrarre la cialda dal kit. Inoltre, \u00e8 possibile scegliere tra un&#8217;estrazione pi\u00f9 stretta o pi\u00f9 lenta grazie al flusso d&#8217;aria regolabile. La rete incorporata in ciascuna delle bobine sostituibili aumenta il sapore, riducendo gli sprechi e rendendo pi\u00f9 conveniente il funzionamento del kit. Sia il modello da 0,4 Ohm che quello da 0,8 Ohm creano pi\u00f9 vapore se utilizzati con e-liquid con un contenuto di VG di almeno il 70%.<\/p>\n<p><a href=\"https:\/\/justvape.nu\/wp-content\/uploads\/2018\/05\/Color-Schemes.png\"><img loading=\"lazy\" decoding=\"async\" class=\"alignnone size-full wp-image-19187\" src=\"https:\/\/justvape.nu\/wp-content\/uploads\/2018\/05\/Color-Schemes.png\" alt=\"\" width=\"950\" height=\"64\" title=\"\" srcset=\"https:\/\/justvape.nu\/wp-content\/uploads\/2018\/05\/Color-Schemes.png 950w, https:\/\/justvape.nu\/wp-content\/uploads\/2018\/05\/Color-Schemes-555x37.png 555w, https:\/\/justvape.nu\/wp-content\/uploads\/2018\/05\/Color-Schemes-64x4.png 64w, https:\/\/justvape.nu\/wp-content\/uploads\/2018\/05\/Color-Schemes-300x20.png 300w, https:\/\/justvape.nu\/wp-content\/uploads\/2018\/05\/Color-Schemes-768x52.png 768w\" sizes=\"auto, (max-width: 950px) 100vw, 950px\" \/><\/a><\/p>\n<p class=\"description-img-center\"><a href=\"https:\/\/justvape.nu\/wp-content\/uploads\/2022\/12\/Vaporesso_Luxe_XR_Kit_Colors.jpg\"><img loading=\"lazy\" decoding=\"async\" class=\"alignnone size-full wp-image-555223\" src=\"https:\/\/justvape.nu\/wp-content\/uploads\/2022\/12\/Vaporesso_Luxe_XR_Kit_Colors.jpg\" alt=\"\" width=\"831\" height=\"328\" title=\"\" srcset=\"https:\/\/justvape.nu\/wp-content\/uploads\/2022\/12\/Vaporesso_Luxe_XR_Kit_Colors.jpg 831w, https:\/\/justvape.nu\/wp-content\/uploads\/2022\/12\/Vaporesso_Luxe_XR_Kit_Colors-300x118.jpg 300w, https:\/\/justvape.nu\/wp-content\/uploads\/2022\/12\/Vaporesso_Luxe_XR_Kit_Colors-768x303.jpg 768w, https:\/\/justvape.nu\/wp-content\/uploads\/2022\/12\/Vaporesso_Luxe_XR_Kit_Colors-600x237.jpg 600w, https:\/\/justvape.nu\/wp-content\/uploads\/2022\/12\/Vaporesso_Luxe_XR_Kit_Colors-64x25.jpg 64w\" sizes=\"auto, (max-width: 831px) 100vw, 831px\" \/><\/a><\/p>\n<div class=\"shop-features \">\n<h2 class=\"shop-features-title \"><a href=\"https:\/\/justvape.nu\/wp-content\/uploads\/2018\/05\/Specifications.png\"><img loading=\"lazy\" decoding=\"async\" class=\"alignnone size-full wp-image-18993\" src=\"https:\/\/justvape.nu\/wp-content\/uploads\/2018\/05\/Specifications.png\" alt=\"\" width=\"950\" height=\"64\" title=\"\" srcset=\"https:\/\/justvape.nu\/wp-content\/uploads\/2018\/05\/Specifications.png 950w, https:\/\/justvape.nu\/wp-content\/uploads\/2018\/05\/Specifications-555x37.png 555w, https:\/\/justvape.nu\/wp-content\/uploads\/2018\/05\/Specifications-64x4.png 64w, https:\/\/justvape.nu\/wp-content\/uploads\/2018\/05\/Specifications-300x20.png 300w, https:\/\/justvape.nu\/wp-content\/uploads\/2018\/05\/Specifications-768x52.png 768w\" sizes=\"auto, (max-width: 950px) 100vw, 950px\" \/><\/a><\/h2>\n<\/div>\n<p><strong class=\"description-little-title\">Vaporesso Luxe XR Pod System Kit Parametri:<\/strong><\/p>\n<table class=\"description-table\">\n<tbody>\n<tr>\n<td class=\"strong-title \">Marchio<\/td>\n<td class=\"inline\">Vaporesso<\/td>\n<\/tr>\n<tr>\n<td class=\"strong-title \">Nome del prodotto<\/td>\n<td class=\"inline\">Kit Luxe XR<\/td>\n<\/tr>\n<tr>\n<td class=\"strong-title \">Batteria<\/td>\n<td class=\"inline\">Batteria integrata da 1500 mAh<\/td>\n<\/tr>\n<tr>\n<td class=\"strong-title \">Potenza d&#8217;uscita<\/td>\n<td class=\"inline\">40W<\/td>\n<\/tr>\n<tr>\n<td class=\"strong-title \">Corrente di carica<\/td>\n<td class=\"inline\">DC 5V\/1.5A, Tipo-C<\/td>\n<\/tr>\n<tr>\n<td class=\"strong-title \">Capacit\u00e0 della capsula<\/td>\n<td class=\"inline\">2ml (TPD)<\/td>\n<\/tr>\n<tr>\n<td class=\"strong-title \">Riempimento<\/td>\n<td class=\"inline\">Riempimento del fondo<\/td>\n<\/tr>\n<tr>\n<td class=\"strong-title \">Coil Resistance<\/td>\n<td class=\"inline\">Bobina a maglia GTX 0,4\u03a9, bobina a maglia GTX 0,8\u03a9<\/td>\n<\/tr>\n<tr>\n<td class=\"strong-title \">In forma per<\/td>\n<td class=\"inline\">Luxe X 0.4\u03a9\/0.8\u03a9 Pod, Luxe XR RDL\/MTL Pod, GTX 0.4\u03a9\/0.6\u03a9 Coil (adatta per XR RDL Pod), GTX 0.8\u03a9\/1.2\u03a9 Coil (adatta per XR MTL Pod)<\/td>\n<\/tr>\n<tr>\n<td class=\"strong-title \">Dimensione del prodotto<\/td>\n<td class=\"inline\">98*31,5*21,6 mm<\/td>\n<\/tr>\n<tr>\n<td class=\"strong-title \">Dimensione dell&#8217;imballaggio<\/td>\n<td class=\"inline\">126*98*38mm<\/td>\n<\/tr>\n<tr>\n<td class=\"strong-title \"><\/td>\n<td class=\"inline\"><\/td>\n<\/tr>\n<tr>\n<td class=\"strong-title \">Colore<\/td>\n<td class=\"inline\">Blu galassia, rosso galassia, viola galassia, oro, nero, rosa, argento<\/td>\n<\/tr>\n<\/tbody>\n<\/table>\n<div class=\"shop-features \">\n<h2 class=\"shop-features-title \"><a href=\"https:\/\/justvape.nu\/wp-content\/uploads\/2018\/05\/Features.png\"><img loading=\"lazy\" decoding=\"async\" class=\"alignnone size-full wp-image-248458\" src=\"https:\/\/justvape.nu\/wp-content\/uploads\/2018\/05\/Features.png\" alt=\"\" width=\"950\" height=\"64\" title=\"\" srcset=\"https:\/\/justvape.nu\/wp-content\/uploads\/2018\/05\/Features.png 950w, https:\/\/justvape.nu\/wp-content\/uploads\/2018\/05\/Features-600x40.png 600w, https:\/\/justvape.nu\/wp-content\/uploads\/2018\/05\/Features-64x4.png 64w, https:\/\/justvape.nu\/wp-content\/uploads\/2018\/05\/Features-300x20.png 300w, https:\/\/justvape.nu\/wp-content\/uploads\/2018\/05\/Features-768x52.png 768w\" sizes=\"auto, (max-width: 950px) 100vw, 950px\" \/><\/a><\/h2>\n<\/div>\n<p><strong class=\"description-little-title\">Vaporesso Luxe XR Dettagli:<\/strong><\/p>\n<ul>\n<li style=\"list-style-type: none;\">\n<ul>\n<li>1. Batteria integrata da 1500 mAh con uscita da 40 W<\/li>\n<li>2. Tecnologia di riscaldamento COREX per un sapore preciso<\/li>\n<li>3. Adotta il chip AXON con controllo intelligente<\/li>\n<li>4. Rivestimento resistente all&#8217;abrasione\/alla macchia e tubo PCTG<\/li>\n<li>5. Blocco automatico del dispositivo dopo la pressione di 8S<\/li>\n<li>6. Modalit\u00e0 protetta per evitare accensioni errate accidentali<\/li>\n<li>7. Progettato con 3 luci LED per visualizzare<\/li>\n<li>8. Design futuristico, cristallo e corpo solido<\/li>\n<li>9. Adotta la tecnologia SSS a prova di perdite<\/li>\n<li>10. Capacit\u00e0 di 2 ml di e-juice, facile riempimento del fondo<\/li>\n<li>11. Adatto per Luxe X 0.4\u03a9\/0.8\u03a9 Pod, Luxe XR RDL\/MTL Pod, GTX 0.4\u03a9\/0.6\u03a9 Coil (RDL), GTX 0.8\u03a9\/1.2\u03a9 Coil (MTL)<\/li>\n<\/ul>\n<\/li>\n<\/ul>\n<p class=\"description-img-center \"><a href=\"https:\/\/justvape.nu\/wp-content\/uploads\/2022\/12\/Vaporesso_Luxe_XR_Kit.jpg\"><img loading=\"lazy\" decoding=\"async\" class=\"alignnone size-full wp-image-555232\" src=\"https:\/\/justvape.nu\/wp-content\/uploads\/2022\/12\/Vaporesso_Luxe_XR_Kit.jpg\" alt=\"\" width=\"831\" height=\"416\" title=\"\" srcset=\"https:\/\/justvape.nu\/wp-content\/uploads\/2022\/12\/Vaporesso_Luxe_XR_Kit.jpg 831w, https:\/\/justvape.nu\/wp-content\/uploads\/2022\/12\/Vaporesso_Luxe_XR_Kit-300x150.jpg 300w, https:\/\/justvape.nu\/wp-content\/uploads\/2022\/12\/Vaporesso_Luxe_XR_Kit-768x384.jpg 768w, https:\/\/justvape.nu\/wp-content\/uploads\/2022\/12\/Vaporesso_Luxe_XR_Kit-600x300.jpg 600w, https:\/\/justvape.nu\/wp-content\/uploads\/2022\/12\/Vaporesso_Luxe_XR_Kit-64x32.jpg 64w\" sizes=\"auto, (max-width: 831px) 100vw, 831px\" \/><\/a><a href=\"https:\/\/justvape.nu\/wp-content\/uploads\/2022\/12\/Vaporesso_Luxe_XR_Kit_1500mAh_Battery.jpg\"><img loading=\"lazy\" decoding=\"async\" class=\"alignnone size-full wp-image-555241\" src=\"https:\/\/justvape.nu\/wp-content\/uploads\/2022\/12\/Vaporesso_Luxe_XR_Kit_1500mAh_Battery.jpg\" alt=\"\" width=\"831\" height=\"416\" title=\"\" srcset=\"https:\/\/justvape.nu\/wp-content\/uploads\/2022\/12\/Vaporesso_Luxe_XR_Kit_1500mAh_Battery.jpg 831w, https:\/\/justvape.nu\/wp-content\/uploads\/2022\/12\/Vaporesso_Luxe_XR_Kit_1500mAh_Battery-300x150.jpg 300w, https:\/\/justvape.nu\/wp-content\/uploads\/2022\/12\/Vaporesso_Luxe_XR_Kit_1500mAh_Battery-768x384.jpg 768w, https:\/\/justvape.nu\/wp-content\/uploads\/2022\/12\/Vaporesso_Luxe_XR_Kit_1500mAh_Battery-600x300.jpg 600w, https:\/\/justvape.nu\/wp-content\/uploads\/2022\/12\/Vaporesso_Luxe_XR_Kit_1500mAh_Battery-64x32.jpg 64w\" sizes=\"auto, (max-width: 831px) 100vw, 831px\" \/><\/a> <a href=\"https:\/\/justvape.nu\/wp-content\/uploads\/2022\/12\/Vaporesso_Luxe_XR_Kit_Auto_Lock.jpg\"><img loading=\"lazy\" decoding=\"async\" class=\"alignnone size-full wp-image-555250\" src=\"https:\/\/justvape.nu\/wp-content\/uploads\/2022\/12\/Vaporesso_Luxe_XR_Kit_Auto_Lock.jpg\" alt=\"\" width=\"831\" height=\"331\" title=\"\" srcset=\"https:\/\/justvape.nu\/wp-content\/uploads\/2022\/12\/Vaporesso_Luxe_XR_Kit_Auto_Lock.jpg 831w, https:\/\/justvape.nu\/wp-content\/uploads\/2022\/12\/Vaporesso_Luxe_XR_Kit_Auto_Lock-300x119.jpg 300w, https:\/\/justvape.nu\/wp-content\/uploads\/2022\/12\/Vaporesso_Luxe_XR_Kit_Auto_Lock-768x306.jpg 768w, https:\/\/justvape.nu\/wp-content\/uploads\/2022\/12\/Vaporesso_Luxe_XR_Kit_Auto_Lock-600x239.jpg 600w, https:\/\/justvape.nu\/wp-content\/uploads\/2022\/12\/Vaporesso_Luxe_XR_Kit_Auto_Lock-64x25.jpg 64w\" sizes=\"auto, (max-width: 831px) 100vw, 831px\" \/><\/a> <a href=\"https:\/\/justvape.nu\/wp-content\/uploads\/2022\/12\/Vaporesso_Luxe_XR_Kit_Coating.jpg\"><img loading=\"lazy\" decoding=\"async\" class=\"alignnone size-full wp-image-555259\" src=\"https:\/\/justvape.nu\/wp-content\/uploads\/2022\/12\/Vaporesso_Luxe_XR_Kit_Coating.jpg\" alt=\"\" width=\"831\" height=\"460\" title=\"\" srcset=\"https:\/\/justvape.nu\/wp-content\/uploads\/2022\/12\/Vaporesso_Luxe_XR_Kit_Coating.jpg 831w, https:\/\/justvape.nu\/wp-content\/uploads\/2022\/12\/Vaporesso_Luxe_XR_Kit_Coating-300x166.jpg 300w, https:\/\/justvape.nu\/wp-content\/uploads\/2022\/12\/Vaporesso_Luxe_XR_Kit_Coating-768x425.jpg 768w, https:\/\/justvape.nu\/wp-content\/uploads\/2022\/12\/Vaporesso_Luxe_XR_Kit_Coating-600x332.jpg 600w, https:\/\/justvape.nu\/wp-content\/uploads\/2022\/12\/Vaporesso_Luxe_XR_Kit_Coating-64x35.jpg 64w\" sizes=\"auto, (max-width: 831px) 100vw, 831px\" \/><\/a> <a href=\"https:\/\/justvape.nu\/wp-content\/uploads\/2022\/12\/Vaporesso_Luxe_XR_Kit_COREX_Heating_Tech.jpg\"><img loading=\"lazy\" decoding=\"async\" class=\"alignnone size-full wp-image-555268\" src=\"https:\/\/justvape.nu\/wp-content\/uploads\/2022\/12\/Vaporesso_Luxe_XR_Kit_COREX_Heating_Tech.jpg\" alt=\"\" width=\"831\" height=\"374\" title=\"\" srcset=\"https:\/\/justvape.nu\/wp-content\/uploads\/2022\/12\/Vaporesso_Luxe_XR_Kit_COREX_Heating_Tech.jpg 831w, https:\/\/justvape.nu\/wp-content\/uploads\/2022\/12\/Vaporesso_Luxe_XR_Kit_COREX_Heating_Tech-300x135.jpg 300w, https:\/\/justvape.nu\/wp-content\/uploads\/2022\/12\/Vaporesso_Luxe_XR_Kit_COREX_Heating_Tech-768x346.jpg 768w, https:\/\/justvape.nu\/wp-content\/uploads\/2022\/12\/Vaporesso_Luxe_XR_Kit_COREX_Heating_Tech-600x270.jpg 600w, https:\/\/justvape.nu\/wp-content\/uploads\/2022\/12\/Vaporesso_Luxe_XR_Kit_COREX_Heating_Tech-64x29.jpg 64w\" sizes=\"auto, (max-width: 831px) 100vw, 831px\" \/><\/a> <a href=\"https:\/\/justvape.nu\/wp-content\/uploads\/2022\/12\/Vaporesso_Luxe_XR_Kit_Features.jpg\"><img loading=\"lazy\" decoding=\"async\" class=\"alignnone size-full wp-image-555277\" src=\"https:\/\/justvape.nu\/wp-content\/uploads\/2022\/12\/Vaporesso_Luxe_XR_Kit_Features.jpg\" alt=\"\" width=\"831\" height=\"245\" title=\"\" srcset=\"https:\/\/justvape.nu\/wp-content\/uploads\/2022\/12\/Vaporesso_Luxe_XR_Kit_Features.jpg 831w, https:\/\/justvape.nu\/wp-content\/uploads\/2022\/12\/Vaporesso_Luxe_XR_Kit_Features-300x88.jpg 300w, https:\/\/justvape.nu\/wp-content\/uploads\/2022\/12\/Vaporesso_Luxe_XR_Kit_Features-768x226.jpg 768w, https:\/\/justvape.nu\/wp-content\/uploads\/2022\/12\/Vaporesso_Luxe_XR_Kit_Features-600x177.jpg 600w, https:\/\/justvape.nu\/wp-content\/uploads\/2022\/12\/Vaporesso_Luxe_XR_Kit_Features-64x19.jpg 64w\" sizes=\"auto, (max-width: 831px) 100vw, 831px\" \/><\/a> <a href=\"https:\/\/justvape.nu\/wp-content\/uploads\/2022\/12\/Vaporesso_Luxe_XR_Kit_Futuristic_Design.jpg\"><img loading=\"lazy\" decoding=\"async\" class=\"alignnone size-full wp-image-555286\" src=\"https:\/\/justvape.nu\/wp-content\/uploads\/2022\/12\/Vaporesso_Luxe_XR_Kit_Futuristic_Design.jpg\" alt=\"\" width=\"831\" height=\"464\" title=\"\" srcset=\"https:\/\/justvape.nu\/wp-content\/uploads\/2022\/12\/Vaporesso_Luxe_XR_Kit_Futuristic_Design.jpg 831w, https:\/\/justvape.nu\/wp-content\/uploads\/2022\/12\/Vaporesso_Luxe_XR_Kit_Futuristic_Design-300x168.jpg 300w, https:\/\/justvape.nu\/wp-content\/uploads\/2022\/12\/Vaporesso_Luxe_XR_Kit_Futuristic_Design-768x429.jpg 768w, https:\/\/justvape.nu\/wp-content\/uploads\/2022\/12\/Vaporesso_Luxe_XR_Kit_Futuristic_Design-600x335.jpg 600w, https:\/\/justvape.nu\/wp-content\/uploads\/2022\/12\/Vaporesso_Luxe_XR_Kit_Futuristic_Design-64x36.jpg 64w\" sizes=\"auto, (max-width: 831px) 100vw, 831px\" \/><\/a> <a href=\"https:\/\/justvape.nu\/wp-content\/uploads\/2022\/12\/Vaporesso_Luxe_XR_Kit_Part.jpg\"><img loading=\"lazy\" decoding=\"async\" class=\"alignnone size-full wp-image-555295\" src=\"https:\/\/justvape.nu\/wp-content\/uploads\/2022\/12\/Vaporesso_Luxe_XR_Kit_Part.jpg\" alt=\"\" width=\"831\" height=\"509\" title=\"\" srcset=\"https:\/\/justvape.nu\/wp-content\/uploads\/2022\/12\/Vaporesso_Luxe_XR_Kit_Part.jpg 831w, https:\/\/justvape.nu\/wp-content\/uploads\/2022\/12\/Vaporesso_Luxe_XR_Kit_Part-300x184.jpg 300w, https:\/\/justvape.nu\/wp-content\/uploads\/2022\/12\/Vaporesso_Luxe_XR_Kit_Part-768x470.jpg 768w, https:\/\/justvape.nu\/wp-content\/uploads\/2022\/12\/Vaporesso_Luxe_XR_Kit_Part-600x368.jpg 600w, https:\/\/justvape.nu\/wp-content\/uploads\/2022\/12\/Vaporesso_Luxe_XR_Kit_Part-64x39.jpg 64w\" sizes=\"auto, (max-width: 831px) 100vw, 831px\" \/><\/a>  <a href=\"https:\/\/justvape.nu\/wp-content\/uploads\/2022\/12\/Vaporesso_Luxe_XR_Kit_SSS_Leaking_Tech.jpg\"><img loading=\"lazy\" decoding=\"async\" class=\"alignnone size-full wp-image-555313\" src=\"https:\/\/justvape.nu\/wp-content\/uploads\/2022\/12\/Vaporesso_Luxe_XR_Kit_SSS_Leaking_Tech.jpg\" alt=\"\" width=\"831\" height=\"283\" title=\"\" srcset=\"https:\/\/justvape.nu\/wp-content\/uploads\/2022\/12\/Vaporesso_Luxe_XR_Kit_SSS_Leaking_Tech.jpg 831w, https:\/\/justvape.nu\/wp-content\/uploads\/2022\/12\/Vaporesso_Luxe_XR_Kit_SSS_Leaking_Tech-300x102.jpg 300w, https:\/\/justvape.nu\/wp-content\/uploads\/2022\/12\/Vaporesso_Luxe_XR_Kit_SSS_Leaking_Tech-768x262.jpg 768w, https:\/\/justvape.nu\/wp-content\/uploads\/2022\/12\/Vaporesso_Luxe_XR_Kit_SSS_Leaking_Tech-600x204.jpg 600w, https:\/\/justvape.nu\/wp-content\/uploads\/2022\/12\/Vaporesso_Luxe_XR_Kit_SSS_Leaking_Tech-64x22.jpg 64w\" sizes=\"auto, (max-width: 831px) 100vw, 831px\" \/><\/a> <a href=\"https:\/\/justvape.nu\/wp-content\/uploads\/2022\/12\/Vaporesso_Luxe_XR_Pod.jpg\"><img loading=\"lazy\" decoding=\"async\" class=\"alignnone size-full wp-image-555322\" src=\"https:\/\/justvape.nu\/wp-content\/uploads\/2022\/12\/Vaporesso_Luxe_XR_Pod.jpg\" alt=\"\" width=\"831\" height=\"288\" title=\"\" srcset=\"https:\/\/justvape.nu\/wp-content\/uploads\/2022\/12\/Vaporesso_Luxe_XR_Pod.jpg 831w, https:\/\/justvape.nu\/wp-content\/uploads\/2022\/12\/Vaporesso_Luxe_XR_Pod-300x104.jpg 300w, https:\/\/justvape.nu\/wp-content\/uploads\/2022\/12\/Vaporesso_Luxe_XR_Pod-768x266.jpg 768w, https:\/\/justvape.nu\/wp-content\/uploads\/2022\/12\/Vaporesso_Luxe_XR_Pod-600x208.jpg 600w, https:\/\/justvape.nu\/wp-content\/uploads\/2022\/12\/Vaporesso_Luxe_XR_Pod-64x22.jpg 64w\" sizes=\"auto, (max-width: 831px) 100vw, 831px\" \/><\/a><\/p>\n<div class=\"shop-features \">\n<h2 class=\"shop-features-title \"><a href=\"https:\/\/justvape.nu\/wp-content\/uploads\/2018\/05\/Packing-List.png\"><img loading=\"lazy\" decoding=\"async\" class=\"alignnone size-full wp-image-18995\" src=\"https:\/\/justvape.nu\/wp-content\/uploads\/2018\/05\/Packing-List.png\" alt=\"\" width=\"950\" height=\"64\" title=\"\" srcset=\"https:\/\/justvape.nu\/wp-content\/uploads\/2018\/05\/Packing-List.png 950w, https:\/\/justvape.nu\/wp-content\/uploads\/2018\/05\/Packing-List-555x37.png 555w, https:\/\/justvape.nu\/wp-content\/uploads\/2018\/05\/Packing-List-64x4.png 64w, https:\/\/justvape.nu\/wp-content\/uploads\/2018\/05\/Packing-List-300x20.png 300w, https:\/\/justvape.nu\/wp-content\/uploads\/2018\/05\/Packing-List-768x52.png 768w\" sizes=\"auto, (max-width: 950px) 100vw, 950px\" \/><\/a><\/h2>\n<\/div>\n<p><strong class=\"description-little-title \">La confezione del kit Vaporesso Luxe XR 40W viene fornita con:<\/strong><\/p>\n<p>1* Batteria Vaporesso Luxe X<br \/>\n1* Pod Vaporesso Luxe XR (RDL)<br \/>\n1* Pod Vaporesso Luxe XR (MTL)<br \/>\n1* Bobina a rete Vaporesso GTX 0.4\u03a9<br \/>\n1* Bobina a rete Vaporesso GTX 0.8\u03a9<br \/>\n1* Cavo di tipo C<br \/>\n1* Manuale d&#8217;uso e scheda di garanzia<br \/>\n1* Scheda promemoria<\/p>\n","protected":false},"excerpt":{"rendered":"<p>VAPORESSO &#8211; LUXE XR VAPE KIT<\/p>\n","protected":false},"featured_media":555343,"comment_status":"open","ping_status":"closed","template":"","meta":{"_acf_changed":false,"_uag_custom_page_level_css":"","site-sidebar-layout":"default","site-content-layout":"default","ast-site-content-layout":"default","site-content-style":"default","site-sidebar-style":"default","ast-global-header-display":"","ast-banner-title-visibility":"","ast-main-header-display":"","ast-hfb-above-header-display":"","ast-hfb-below-header-display":"","ast-hfb-mobile-header-display":"","site-post-title":"","ast-breadcrumbs-content":"","ast-featured-img":"","footer-sml-layout":"","ast-disable-related-posts":"","theme-transparent-header-meta":"default","adv-header-id-meta":"","stick-header-meta":"default","header-above-stick-meta":"","header-main-stick-meta":"","header-below-stick-meta":"","astra-migrate-meta-layouts":"default","ast-page-background-enabled":"default","ast-page-background-meta":{"desktop":{"background-color":"","background-image":"","background-repeat":"repeat","background-position":"center center","background-size":"auto","background-attachment":"scroll","background-type":"","background-media":"","overlay-type":"","overlay-color":"","overlay-opacity":"","overlay-gradient":""},"tablet":{"background-color":"","background-image":"","background-repeat":"repeat","background-position":"center center","background-size":"auto","background-attachment":"scroll","background-type":"","background-media":"","overlay-type":"","overlay-color":"","overlay-opacity":"","overlay-gradient":""},"mobile":{"background-color":"","background-image":"","background-repeat":"repeat","background-position":"center center","background-size":"auto","background-attachment":"scroll","background-type":"","background-media":"","overlay-type":"","overlay-color":"","overlay-opacity":"","overlay-gradient":""}},"ast-content-background-meta":{"desktop":{"background-color":"var(--ast-global-color-5)","background-image":"","background-repeat":"repeat","background-position":"center center","background-size":"auto","background-attachment":"scroll","background-type":"","background-media":"","overlay-type":"","overlay-color":"","overlay-opacity":"","overlay-gradient":""},"tablet":{"background-color":"var(--ast-global-color-5)","background-image":"","background-repeat":"repeat","background-position":"center center","background-size":"auto","background-attachment":"scroll","background-type":"","background-media":"","overlay-type":"","overlay-color":"","overlay-opacity":"","overlay-gradient":""},"mobile":{"background-color":"var(--ast-global-color-5)","background-image":"","background-repeat":"repeat","background-position":"center center","background-size":"auto","background-attachment":"scroll","background-type":"","background-media":"","overlay-type":"","overlay-color":"","overlay-opacity":"","overlay-gradient":""}}},"product_brand":[],"product_cat":[2517,2079,2518,2069,4269],"product_tag":[],"class_list":{"0":"post-555495","1":"product","2":"type-product","3":"status-publish","4":"has-post-thumbnail","6":"product_cat-hardware-it","7":"product_cat-kit-per-principianti-e-pod","8":"product_cat-shop-by-brand-it","9":"product_cat-sigarette-elettroniche","10":"product_cat-vaporesso-it","11":"desktop-align-center","12":"tablet-align-center","13":"mobile-align-center","14":"ast-product-gallery-layout-horizontal-slider","15":"ast-product-gallery-with-no-image","16":"ast-product-single-variable","17":"ast-product-tabs-layout-horizontal","19":"first","20":"instock","21":"sale","22":"taxable","23":"shipping-taxable","24":"purchasable","25":"product-type-variable"},"acf":[],"uagb_featured_image_src":{"full":["https:\/\/justvape.nu\/wp-content\/uploads\/2022\/12\/VLXRK20220930_2048x.webp",800,800,false],"thumbnail":["https:\/\/justvape.nu\/wp-content\/uploads\/2022\/12\/VLXRK20220930_2048x-150x150.webp",150,150,true],"medium":["https:\/\/justvape.nu\/wp-content\/uploads\/2022\/12\/VLXRK20220930_2048x-300x300.webp",300,300,true],"medium_large":["https:\/\/justvape.nu\/wp-content\/uploads\/2022\/12\/VLXRK20220930_2048x-768x768.webp",768,768,true],"large":["https:\/\/justvape.nu\/wp-content\/uploads\/2022\/12\/VLXRK20220930_2048x.webp",800,800,false],"1536x1536":["https:\/\/justvape.nu\/wp-content\/uploads\/2022\/12\/VLXRK20220930_2048x.webp",800,800,false],"2048x2048":["https:\/\/justvape.nu\/wp-content\/uploads\/2022\/12\/VLXRK20220930_2048x.webp",800,800,false],"woocommerce_thumbnail":["https:\/\/justvape.nu\/wp-content\/uploads\/2022\/12\/VLXRK20220930_2048x-300x300.webp",300,300,true],"woocommerce_single":["https:\/\/justvape.nu\/wp-content\/uploads\/2022\/12\/VLXRK20220930_2048x-600x600.webp",600,600,true],"woocommerce_gallery_thumbnail":["https:\/\/justvape.nu\/wp-content\/uploads\/2022\/12\/VLXRK20220930_2048x-100x100.webp",100,100,true],"dgwt-wcas-product-suggestion":["https:\/\/justvape.nu\/wp-content\/uploads\/2022\/12\/VLXRK20220930_2048x-64x64.webp",64,64,true]},"uagb_author_info":{"display_name":"Kenneth Merkur","author_link":"https:\/\/justvape.nu\/it\/author\/"},"uagb_comment_info":0,"uagb_excerpt":"VAPORESSO - LUXE XR VAPE KIT","_links":{"self":[{"href":"https:\/\/justvape.nu\/it\/wp-json\/wp\/v2\/product\/555495","targetHints":{"allow":["GET"]}}],"collection":[{"href":"https:\/\/justvape.nu\/it\/wp-json\/wp\/v2\/product"}],"about":[{"href":"https:\/\/justvape.nu\/it\/wp-json\/wp\/v2\/types\/product"}],"replies":[{"embeddable":true,"href":"https:\/\/justvape.nu\/it\/wp-json\/wp\/v2\/comments?post=555495"}],"wp:featuredmedia":[{"embeddable":true,"href":"https:\/\/justvape.nu\/it\/wp-json\/wp\/v2\/media\/555343"}],"wp:attachment":[{"href":"https:\/\/justvape.nu\/it\/wp-json\/wp\/v2\/media?parent=555495"}],"wp:term":[{"taxonomy":"product_brand","embeddable":true,"href":"https:\/\/justvape.nu\/it\/wp-json\/wp\/v2\/product_brand?post=555495"},{"taxonomy":"product_cat","embeddable":true,"href":"https:\/\/justvape.nu\/it\/wp-json\/wp\/v2\/product_cat?post=555495"},{"taxonomy":"product_tag","embeddable":true,"href":"https:\/\/justvape.nu\/it\/wp-json\/wp\/v2\/product_tag?post=555495"}],"curies":[{"name":"wp","href":"https:\/\/api.w.org\/{rel}","templated":true}]}}