{"id":546012,"date":"2022-11-09T20:32:57","date_gmt":"2022-11-09T19:32:57","guid":{"rendered":"https:\/\/justvape.nu\/produkt\/voopoo-drag-h80s-kit\/"},"modified":"2022-11-09T20:32:57","modified_gmt":"2022-11-09T19:32:57","slug":"voopoo-drag-h80s-kit-2","status":"publish","type":"product","link":"https:\/\/justvape.nu\/it\/produkt\/voopoo-drag-h80s-kit-2\/","title":{"rendered":"VOOPOO &#8211; DRAG H80S KIT"},"content":{"rendered":"<h2>VOOPOO &#8211; DRAG H80S KIT<\/h2>\n<p>Alimentata da una singola batteria 18650 (venduta separatamente), la Drag H80S eroga una potenza massima di 80W. Il Pod II PNP da 2 ml in dotazione \u00e8 dotato di forti magneti per tenerlo fermo e di un flusso d&#8217;aria unico. Compatibile con le bobine PNP, consente di personalizzare la svapata in base alle proprie esigenze.<\/p>\n<p>Drag H80S dispone di tre diverse modalit\u00e0 di alimentazione: Eco, Smart e Wattaggio variabile. Se volete che la batteria duri pi\u00f9 a lungo, utilizzate la modalit\u00e0 Eco, per un maggiore controllo sulla potenza erogata scegliete il Wattaggio Variabile, oppure scegliete la modalit\u00e0 Smart e il kit selezioner\u00e0 automaticamente il wattaggio appropriato per la vostra bobina preferita. Questo kit ha anche un design innovativo del flusso d&#8217;aria, il che significa che \u00e8 sufficiente ruotare la capsula per regolare la sensazione di tenuta o di assenza dell&#8217;inalazione.<\/p>\n<p>Questo kit include il PNP Pod II, facile da ricaricare, basta girare il bocchino per scoprire le due porte per l&#8217;e-liquid. Il kit VooPoo Drag H80S include due bobine PNP-TW ed \u00e8 compatibile con la serie di bobine PNP, comprese le varianti VM, T e R, il che significa che \u00e8 possibile scegliere la bobina pi\u00f9 adatta al proprio stile di svapo.<\/p>\n<p><a href=\"https:\/\/justvape.nu\/wp-content\/uploads\/2021\/05\/Color-Scheme.png\"><img loading=\"lazy\" decoding=\"async\" class=\"alignnone size-full wp-image-383695\" src=\"https:\/\/justvape.nu\/wp-content\/uploads\/2021\/05\/Color-Scheme.png\" alt=\"\" width=\"950\" height=\"64\" title=\"\" srcset=\"https:\/\/justvape.nu\/wp-content\/uploads\/2021\/05\/Color-Scheme.png 950w, https:\/\/justvape.nu\/wp-content\/uploads\/2021\/05\/Color-Scheme-600x40.png 600w, https:\/\/justvape.nu\/wp-content\/uploads\/2021\/05\/Color-Scheme-64x4.png 64w, https:\/\/justvape.nu\/wp-content\/uploads\/2021\/05\/Color-Scheme-300x20.png 300w, https:\/\/justvape.nu\/wp-content\/uploads\/2021\/05\/Color-Scheme-768x52.png 768w\" sizes=\"auto, (max-width: 950px) 100vw, 950px\" \/><\/a><\/p>\n<p class=\"description-img-center\"><a href=\"https:\/\/justvape.nu\/wp-content\/uploads\/2022\/11\/VOOPOO_Drag_H80_S_Kit_Colors.jpg\"><img loading=\"lazy\" decoding=\"async\" class=\"alignnone wp-image-545796 size-full\" src=\"https:\/\/justvape.nu\/wp-content\/uploads\/2022\/11\/VOOPOO_Drag_H80_S_Kit_Colors.jpg\" alt=\"\" width=\"831\" height=\"359\" title=\"\" srcset=\"https:\/\/justvape.nu\/wp-content\/uploads\/2022\/11\/VOOPOO_Drag_H80_S_Kit_Colors.jpg 831w, https:\/\/justvape.nu\/wp-content\/uploads\/2022\/11\/VOOPOO_Drag_H80_S_Kit_Colors-300x130.jpg 300w, https:\/\/justvape.nu\/wp-content\/uploads\/2022\/11\/VOOPOO_Drag_H80_S_Kit_Colors-768x332.jpg 768w, https:\/\/justvape.nu\/wp-content\/uploads\/2022\/11\/VOOPOO_Drag_H80_S_Kit_Colors-600x259.jpg 600w, https:\/\/justvape.nu\/wp-content\/uploads\/2022\/11\/VOOPOO_Drag_H80_S_Kit_Colors-64x28.jpg 64w\" sizes=\"auto, (max-width: 831px) 100vw, 831px\" \/><\/a><\/p>\n<div class=\"shop-features \">\n<h2 class=\"shop-features-title \"><a href=\"https:\/\/justvape.nu\/wp-content\/uploads\/2021\/06\/Specifications1.png\"><img loading=\"lazy\" decoding=\"async\" class=\"alignnone size-full wp-image-390997\" src=\"https:\/\/justvape.nu\/wp-content\/uploads\/2021\/06\/Specifications1.png\" alt=\"\" width=\"950\" height=\"64\" title=\"\" srcset=\"https:\/\/justvape.nu\/wp-content\/uploads\/2021\/06\/Specifications1.png 950w, https:\/\/justvape.nu\/wp-content\/uploads\/2021\/06\/Specifications1-600x40.png 600w, https:\/\/justvape.nu\/wp-content\/uploads\/2021\/06\/Specifications1-64x4.png 64w, https:\/\/justvape.nu\/wp-content\/uploads\/2021\/06\/Specifications1-300x20.png 300w, https:\/\/justvape.nu\/wp-content\/uploads\/2021\/06\/Specifications1-768x52.png 768w\" sizes=\"auto, (max-width: 950px) 100vw, 950px\" \/><\/a><\/h2>\n<\/div>\n<p><strong class=\"description-little-title\">Trascinamento H80S Parametri:<\/strong><\/p>\n<table class=\"description-table\">\n<tbody>\n<tr>\n<td class=\"strong-title \">Marchio<\/td>\n<td class=\"inline\">VOOPOO<\/td>\n<\/tr>\n<tr>\n<td class=\"strong-title \">Nome del prodotto<\/td>\n<td class=\"inline\">Kit Drag H80 S<\/td>\n<\/tr>\n<tr>\n<td class=\"strong-title \">Dimensione<\/td>\n<td class=\"inline\">123*26*32 mm<\/td>\n<\/tr>\n<tr>\n<td class=\"strong-title \">Batteria<\/td>\n<td class=\"inline\">Singola 18650 (non inclusa)<\/td>\n<\/tr>\n<tr>\n<td class=\"strong-title \">Tensione d&#8217;ingresso<\/td>\n<td class=\"inline\">3.2V-4.2V<\/td>\n<\/tr>\n<tr>\n<td class=\"strong-title \">Gamma di potenza<\/td>\n<td class=\"inline\">5-80W<\/td>\n<\/tr>\n<tr>\n<td class=\"strong-title \">Tensione di carica<\/td>\n<td class=\"inline\">5V\/2A<\/td>\n<\/tr>\n<tr>\n<td class=\"strong-title \">Gamma di resistenza<\/td>\n<td class=\"inline\">0.1ohm-3.0ohm<\/td>\n<\/tr>\n<tr>\n<td class=\"strong-title \">Capacit\u00e0<\/td>\n<td class=\"inline\">2ml (versione TPD)<\/td>\n<\/tr>\n<tr>\n<td class=\"strong-title \">Bobina inclusa<\/td>\n<td class=\"inline\">PNP-TW30 0,3ohm, PNP-TW15 0,15ohm<\/td>\n<\/tr>\n<tr>\n<td class=\"strong-title \">Colore<\/td>\n<td class=\"inline\">Nero, grigio fibra di carbonio, rosso, marrone, oro, rosso prugna<\/td>\n<\/tr>\n<\/tbody>\n<\/table>\n<div class=\"shop-features \">\n<h2><a href=\"https:\/\/justvape.nu\/wp-content\/uploads\/2022\/11\/VOOPOO_Drag_H80S_Kit_Specifications.jpg\"><img loading=\"lazy\" decoding=\"async\" class=\"alignnone size-full wp-image-545815\" src=\"https:\/\/justvape.nu\/wp-content\/uploads\/2022\/11\/VOOPOO_Drag_H80S_Kit_Specifications.jpg\" alt=\"\" width=\"831\" height=\"487\" title=\"\" srcset=\"https:\/\/justvape.nu\/wp-content\/uploads\/2022\/11\/VOOPOO_Drag_H80S_Kit_Specifications.jpg 831w, https:\/\/justvape.nu\/wp-content\/uploads\/2022\/11\/VOOPOO_Drag_H80S_Kit_Specifications-300x176.jpg 300w, https:\/\/justvape.nu\/wp-content\/uploads\/2022\/11\/VOOPOO_Drag_H80S_Kit_Specifications-768x450.jpg 768w, https:\/\/justvape.nu\/wp-content\/uploads\/2022\/11\/VOOPOO_Drag_H80S_Kit_Specifications-600x352.jpg 600w, https:\/\/justvape.nu\/wp-content\/uploads\/2022\/11\/VOOPOO_Drag_H80S_Kit_Specifications-64x38.jpg 64w\" sizes=\"auto, (max-width: 831px) 100vw, 831px\" \/><\/a><\/h2>\n<h2 class=\"shop-features-title \"><a href=\"https:\/\/justvape.nu\/wp-content\/uploads\/2018\/05\/Features.png\"><img loading=\"lazy\" decoding=\"async\" class=\"alignnone size-full wp-image-248459\" src=\"https:\/\/justvape.nu\/wp-content\/uploads\/2018\/05\/Features.png\" alt=\"\" width=\"950\" height=\"64\" title=\"\" srcset=\"https:\/\/justvape.nu\/wp-content\/uploads\/2018\/05\/Features.png 950w, https:\/\/justvape.nu\/wp-content\/uploads\/2018\/05\/Features-600x40.png 600w, https:\/\/justvape.nu\/wp-content\/uploads\/2018\/05\/Features-64x4.png 64w, https:\/\/justvape.nu\/wp-content\/uploads\/2018\/05\/Features-300x20.png 300w, https:\/\/justvape.nu\/wp-content\/uploads\/2018\/05\/Features-768x52.png 768w\" sizes=\"auto, (max-width: 950px) 100vw, 950px\" \/><\/a><\/h2>\n<\/div>\n<p><strong class=\"description-little-title\">VOOPOO Drag H80S Dettagli:<\/strong><\/p>\n<ul>\n<li style=\"list-style-type: none;\">\n<ul>\n<li>1. Tecnologia Dual In One<\/li>\n<li>2. Modalit\u00e0 ECO di lunga durata<\/li>\n<li>3. Regolazione del flusso d&#8217;aria della capsula<\/li>\n<li>4. Facile riempimento della parte superiore<\/li>\n<li>5. Coperchio magnetico della batteria<\/li>\n<li>6. Progettato con una classica struttura in metallo e pelle<\/li>\n<li>7. Drag integrato e compatto<\/li>\n<li>8. Ricarica rapida di tipo C da 5 V\/2 A<\/li>\n<li>9. Chip GENE.TT 2.0<\/li>\n<li>10. Dotato di due nuove bobine PnP PnP-TW15 0,15ohm e PnP-TW30 0,3ohm.<\/li>\n<li>11. Compatibile con tutte le bobine PnP, comprese le bobine RBA<\/li>\n<li>12. Protezioni di sicurezza: Sovratempo\/Sovratemperatura\/Uscita Sovracorrente\/Sovracarica\/Batteria scarica\/Protezione da cortocircuito dell&#8217;atomizzatore<\/li>\n<\/ul>\n<\/li>\n<\/ul>\n<p class=\"description-img-center \">\n<p class=\"description-img-center \">\n<p class=\"description-img-center \"><a href=\"https:\/\/justvape.nu\/wp-content\/uploads\/2022\/11\/VOOPOO_Drag_H80S_Kit_New_Halo.jpg\"><img loading=\"lazy\" decoding=\"async\" class=\"alignnone size-full wp-image-545806\" src=\"https:\/\/justvape.nu\/wp-content\/uploads\/2022\/11\/VOOPOO_Drag_H80S_Kit_New_Halo.jpg\" alt=\"\" width=\"831\" height=\"491\" title=\"\" srcset=\"https:\/\/justvape.nu\/wp-content\/uploads\/2022\/11\/VOOPOO_Drag_H80S_Kit_New_Halo.jpg 831w, https:\/\/justvape.nu\/wp-content\/uploads\/2022\/11\/VOOPOO_Drag_H80S_Kit_New_Halo-300x177.jpg 300w, https:\/\/justvape.nu\/wp-content\/uploads\/2022\/11\/VOOPOO_Drag_H80S_Kit_New_Halo-768x454.jpg 768w, https:\/\/justvape.nu\/wp-content\/uploads\/2022\/11\/VOOPOO_Drag_H80S_Kit_New_Halo-600x355.jpg 600w, https:\/\/justvape.nu\/wp-content\/uploads\/2022\/11\/VOOPOO_Drag_H80S_Kit_New_Halo-64x38.jpg 64w\" sizes=\"auto, (max-width: 831px) 100vw, 831px\" \/><\/a>  <a href=\"https:\/\/justvape.nu\/wp-content\/uploads\/2022\/11\/VOOPOO_Drag_H80S_Kit_Compatible_with_PnP_Coil_1.jpg\"><img loading=\"lazy\" decoding=\"async\" class=\"alignnone size-full wp-image-545824\" src=\"https:\/\/justvape.nu\/wp-content\/uploads\/2022\/11\/VOOPOO_Drag_H80S_Kit_Compatible_with_PnP_Coil_1.jpg\" alt=\"\" width=\"831\" height=\"437\" title=\"\" srcset=\"https:\/\/justvape.nu\/wp-content\/uploads\/2022\/11\/VOOPOO_Drag_H80S_Kit_Compatible_with_PnP_Coil_1.jpg 831w, https:\/\/justvape.nu\/wp-content\/uploads\/2022\/11\/VOOPOO_Drag_H80S_Kit_Compatible_with_PnP_Coil_1-300x158.jpg 300w, https:\/\/justvape.nu\/wp-content\/uploads\/2022\/11\/VOOPOO_Drag_H80S_Kit_Compatible_with_PnP_Coil_1-768x404.jpg 768w, https:\/\/justvape.nu\/wp-content\/uploads\/2022\/11\/VOOPOO_Drag_H80S_Kit_Compatible_with_PnP_Coil_1-600x316.jpg 600w, https:\/\/justvape.nu\/wp-content\/uploads\/2022\/11\/VOOPOO_Drag_H80S_Kit_Compatible_with_PnP_Coil_1-64x34.jpg 64w\" sizes=\"auto, (max-width: 831px) 100vw, 831px\" \/><\/a> <a href=\"https:\/\/justvape.nu\/wp-content\/uploads\/2022\/11\/VOOPOO_Drag_H80S_Kit_Compatible_with_PnP_coil_2.jpg\"><img loading=\"lazy\" decoding=\"async\" class=\"alignnone size-full wp-image-545833\" src=\"https:\/\/justvape.nu\/wp-content\/uploads\/2022\/11\/VOOPOO_Drag_H80S_Kit_Compatible_with_PnP_coil_2.jpg\" alt=\"\" width=\"831\" height=\"434\" title=\"\" srcset=\"https:\/\/justvape.nu\/wp-content\/uploads\/2022\/11\/VOOPOO_Drag_H80S_Kit_Compatible_with_PnP_coil_2.jpg 831w, https:\/\/justvape.nu\/wp-content\/uploads\/2022\/11\/VOOPOO_Drag_H80S_Kit_Compatible_with_PnP_coil_2-300x157.jpg 300w, https:\/\/justvape.nu\/wp-content\/uploads\/2022\/11\/VOOPOO_Drag_H80S_Kit_Compatible_with_PnP_coil_2-768x401.jpg 768w, https:\/\/justvape.nu\/wp-content\/uploads\/2022\/11\/VOOPOO_Drag_H80S_Kit_Compatible_with_PnP_coil_2-600x313.jpg 600w, https:\/\/justvape.nu\/wp-content\/uploads\/2022\/11\/VOOPOO_Drag_H80S_Kit_Compatible_with_PnP_coil_2-64x33.jpg 64w\" sizes=\"auto, (max-width: 831px) 100vw, 831px\" \/><\/a> <a href=\"https:\/\/justvape.nu\/wp-content\/uploads\/2022\/11\/VOOPOO_Drag_H80S_Kit_Dual_In_One_Tech.jpg\"><img loading=\"lazy\" decoding=\"async\" class=\"alignnone size-full wp-image-545842\" src=\"https:\/\/justvape.nu\/wp-content\/uploads\/2022\/11\/VOOPOO_Drag_H80S_Kit_Dual_In_One_Tech.jpg\" alt=\"\" width=\"831\" height=\"634\" title=\"\" srcset=\"https:\/\/justvape.nu\/wp-content\/uploads\/2022\/11\/VOOPOO_Drag_H80S_Kit_Dual_In_One_Tech.jpg 831w, https:\/\/justvape.nu\/wp-content\/uploads\/2022\/11\/VOOPOO_Drag_H80S_Kit_Dual_In_One_Tech-300x229.jpg 300w, https:\/\/justvape.nu\/wp-content\/uploads\/2022\/11\/VOOPOO_Drag_H80S_Kit_Dual_In_One_Tech-768x586.jpg 768w, https:\/\/justvape.nu\/wp-content\/uploads\/2022\/11\/VOOPOO_Drag_H80S_Kit_Dual_In_One_Tech-600x458.jpg 600w, https:\/\/justvape.nu\/wp-content\/uploads\/2022\/11\/VOOPOO_Drag_H80S_Kit_Dual_In_One_Tech-64x49.jpg 64w\" sizes=\"auto, (max-width: 831px) 100vw, 831px\" \/><\/a> <a href=\"https:\/\/justvape.nu\/wp-content\/uploads\/2022\/11\/VOOPOO_Drag_H80S_Kit_Features.jpg\"><img loading=\"lazy\" decoding=\"async\" class=\"alignnone size-full wp-image-545851\" src=\"https:\/\/justvape.nu\/wp-content\/uploads\/2022\/11\/VOOPOO_Drag_H80S_Kit_Features.jpg\" alt=\"\" width=\"831\" height=\"577\" title=\"\" srcset=\"https:\/\/justvape.nu\/wp-content\/uploads\/2022\/11\/VOOPOO_Drag_H80S_Kit_Features.jpg 831w, https:\/\/justvape.nu\/wp-content\/uploads\/2022\/11\/VOOPOO_Drag_H80S_Kit_Features-300x208.jpg 300w, https:\/\/justvape.nu\/wp-content\/uploads\/2022\/11\/VOOPOO_Drag_H80S_Kit_Features-768x533.jpg 768w, https:\/\/justvape.nu\/wp-content\/uploads\/2022\/11\/VOOPOO_Drag_H80S_Kit_Features-600x417.jpg 600w, https:\/\/justvape.nu\/wp-content\/uploads\/2022\/11\/VOOPOO_Drag_H80S_Kit_Features-64x44.jpg 64w\" sizes=\"auto, (max-width: 831px) 100vw, 831px\" \/><\/a> <a href=\"https:\/\/justvape.nu\/wp-content\/uploads\/2022\/11\/VOOPOO_Drag_H80S_Kit_GENE_Chip.jpg\"><img loading=\"lazy\" decoding=\"async\" class=\"alignnone size-full wp-image-545860\" src=\"https:\/\/justvape.nu\/wp-content\/uploads\/2022\/11\/VOOPOO_Drag_H80S_Kit_GENE_Chip.jpg\" alt=\"\" width=\"831\" height=\"613\" title=\"\" srcset=\"https:\/\/justvape.nu\/wp-content\/uploads\/2022\/11\/VOOPOO_Drag_H80S_Kit_GENE_Chip.jpg 831w, https:\/\/justvape.nu\/wp-content\/uploads\/2022\/11\/VOOPOO_Drag_H80S_Kit_GENE_Chip-300x221.jpg 300w, https:\/\/justvape.nu\/wp-content\/uploads\/2022\/11\/VOOPOO_Drag_H80S_Kit_GENE_Chip-768x567.jpg 768w, https:\/\/justvape.nu\/wp-content\/uploads\/2022\/11\/VOOPOO_Drag_H80S_Kit_GENE_Chip-600x443.jpg 600w, https:\/\/justvape.nu\/wp-content\/uploads\/2022\/11\/VOOPOO_Drag_H80S_Kit_GENE_Chip-64x47.jpg 64w\" sizes=\"auto, (max-width: 831px) 100vw, 831px\" \/><\/a> <a href=\"https:\/\/justvape.nu\/wp-content\/uploads\/2022\/11\/VOOPOO_Drag_H80S_Kit_New_PnP_Coils.jpg\"><img loading=\"lazy\" decoding=\"async\" class=\"alignnone size-full wp-image-545869\" src=\"https:\/\/justvape.nu\/wp-content\/uploads\/2022\/11\/VOOPOO_Drag_H80S_Kit_New_PnP_Coils.jpg\" alt=\"\" width=\"831\" height=\"587\" title=\"\" srcset=\"https:\/\/justvape.nu\/wp-content\/uploads\/2022\/11\/VOOPOO_Drag_H80S_Kit_New_PnP_Coils.jpg 831w, https:\/\/justvape.nu\/wp-content\/uploads\/2022\/11\/VOOPOO_Drag_H80S_Kit_New_PnP_Coils-300x212.jpg 300w, https:\/\/justvape.nu\/wp-content\/uploads\/2022\/11\/VOOPOO_Drag_H80S_Kit_New_PnP_Coils-768x542.jpg 768w, https:\/\/justvape.nu\/wp-content\/uploads\/2022\/11\/VOOPOO_Drag_H80S_Kit_New_PnP_Coils-600x424.jpg 600w, https:\/\/justvape.nu\/wp-content\/uploads\/2022\/11\/VOOPOO_Drag_H80S_Kit_New_PnP_Coils-64x45.jpg 64w\" sizes=\"auto, (max-width: 831px) 100vw, 831px\" \/><\/a> <a href=\"https:\/\/justvape.nu\/wp-content\/uploads\/2022\/11\/VOOPOO_Drag_H80S_Kit_New_UI.jpg\"><img loading=\"lazy\" decoding=\"async\" class=\"alignnone size-full wp-image-545878\" src=\"https:\/\/justvape.nu\/wp-content\/uploads\/2022\/11\/VOOPOO_Drag_H80S_Kit_New_UI.jpg\" alt=\"\" width=\"831\" height=\"655\" title=\"\" srcset=\"https:\/\/justvape.nu\/wp-content\/uploads\/2022\/11\/VOOPOO_Drag_H80S_Kit_New_UI.jpg 831w, https:\/\/justvape.nu\/wp-content\/uploads\/2022\/11\/VOOPOO_Drag_H80S_Kit_New_UI-300x236.jpg 300w, https:\/\/justvape.nu\/wp-content\/uploads\/2022\/11\/VOOPOO_Drag_H80S_Kit_New_UI-768x605.jpg 768w, https:\/\/justvape.nu\/wp-content\/uploads\/2022\/11\/VOOPOO_Drag_H80S_Kit_New_UI-600x473.jpg 600w, https:\/\/justvape.nu\/wp-content\/uploads\/2022\/11\/VOOPOO_Drag_H80S_Kit_New_UI-64x50.jpg 64w\" sizes=\"auto, (max-width: 831px) 100vw, 831px\" \/><\/a> <a href=\"https:\/\/justvape.nu\/wp-content\/uploads\/2022\/11\/VOOPOO_Drag_H80S_Kit_Safety_Protections.jpg\"><img loading=\"lazy\" decoding=\"async\" class=\"alignnone size-full wp-image-545888\" src=\"https:\/\/justvape.nu\/wp-content\/uploads\/2022\/11\/VOOPOO_Drag_H80S_Kit_Safety_Protections.jpg\" alt=\"\" width=\"831\" height=\"567\" title=\"\" srcset=\"https:\/\/justvape.nu\/wp-content\/uploads\/2022\/11\/VOOPOO_Drag_H80S_Kit_Safety_Protections.jpg 831w, https:\/\/justvape.nu\/wp-content\/uploads\/2022\/11\/VOOPOO_Drag_H80S_Kit_Safety_Protections-300x205.jpg 300w, https:\/\/justvape.nu\/wp-content\/uploads\/2022\/11\/VOOPOO_Drag_H80S_Kit_Safety_Protections-768x524.jpg 768w, https:\/\/justvape.nu\/wp-content\/uploads\/2022\/11\/VOOPOO_Drag_H80S_Kit_Safety_Protections-600x409.jpg 600w, https:\/\/justvape.nu\/wp-content\/uploads\/2022\/11\/VOOPOO_Drag_H80S_Kit_Safety_Protections-64x44.jpg 64w\" sizes=\"auto, (max-width: 831px) 100vw, 831px\" \/><\/a><\/p>\n<p class=\"description-img-center \">\n<div class=\"shop-features \">\n<h2 class=\"shop-features-title \"><a href=\"https:\/\/justvape.nu\/wp-content\/uploads\/2018\/04\/Packing-List.png\"><img loading=\"lazy\" decoding=\"async\" class=\"alignnone size-full wp-image-229153\" src=\"https:\/\/justvape.nu\/wp-content\/uploads\/2018\/04\/Packing-List.png\" alt=\"\" width=\"950\" height=\"64\" title=\"\" srcset=\"https:\/\/justvape.nu\/wp-content\/uploads\/2018\/04\/Packing-List.png 950w, https:\/\/justvape.nu\/wp-content\/uploads\/2018\/04\/Packing-List-600x40.png 600w, https:\/\/justvape.nu\/wp-content\/uploads\/2018\/04\/Packing-List-64x4.png 64w, https:\/\/justvape.nu\/wp-content\/uploads\/2018\/04\/Packing-List-300x20.png 300w, https:\/\/justvape.nu\/wp-content\/uploads\/2018\/04\/Packing-List-768x52.png 768w\" sizes=\"auto, (max-width: 950px) 100vw, 950px\" \/><\/a><\/h2>\n<\/div>\n<p><strong class=\"description-little-title \">Il pacchetto di Drag H80S Pod Mod Kit viene fornito con:<\/strong><\/p>\n<p>1* Dispositivo Drag H80 S<br \/>\n1* PNP Pod II 2ml<br \/>\n1* Bobina PNP-TW30 0,3ohm<br \/>\n1* Bobina PNP-TW15 0,15ohm<br \/>\n1* Cavo di tipo C<br \/>\n1 * Manuale dell&#8217;utente<\/p>\n<p>&nbsp;<\/p>\n","protected":false},"excerpt":{"rendered":"<p>VOOPOO &#8211; DRAG H80S KIT<\/p>\n","protected":false},"featured_media":545902,"comment_status":"open","ping_status":"closed","template":"","meta":{"_acf_changed":false,"_uag_custom_page_level_css":"","site-sidebar-layout":"default","site-content-layout":"default","ast-site-content-layout":"default","site-content-style":"default","site-sidebar-style":"default","ast-global-header-display":"","ast-banner-title-visibility":"","ast-main-header-display":"","ast-hfb-above-header-display":"","ast-hfb-below-header-display":"","ast-hfb-mobile-header-display":"","site-post-title":"","ast-breadcrumbs-content":"","ast-featured-img":"","footer-sml-layout":"","ast-disable-related-posts":"","theme-transparent-header-meta":"default","adv-header-id-meta":"","stick-header-meta":"default","header-above-stick-meta":"","header-main-stick-meta":"","header-below-stick-meta":"","astra-migrate-meta-layouts":"default","ast-page-background-enabled":"default","ast-page-background-meta":{"desktop":{"background-color":"","background-image":"","background-repeat":"repeat","background-position":"center center","background-size":"auto","background-attachment":"scroll","background-type":"","background-media":"","overlay-type":"","overlay-color":"","overlay-opacity":"","overlay-gradient":""},"tablet":{"background-color":"","background-image":"","background-repeat":"repeat","background-position":"center center","background-size":"auto","background-attachment":"scroll","background-type":"","background-media":"","overlay-type":"","overlay-color":"","overlay-opacity":"","overlay-gradient":""},"mobile":{"background-color":"","background-image":"","background-repeat":"repeat","background-position":"center center","background-size":"auto","background-attachment":"scroll","background-type":"","background-media":"","overlay-type":"","overlay-color":"","overlay-opacity":"","overlay-gradient":""}},"ast-content-background-meta":{"desktop":{"background-color":"var(--ast-global-color-5)","background-image":"","background-repeat":"repeat","background-position":"center center","background-size":"auto","background-attachment":"scroll","background-type":"","background-media":"","overlay-type":"","overlay-color":"","overlay-opacity":"","overlay-gradient":""},"tablet":{"background-color":"var(--ast-global-color-5)","background-image":"","background-repeat":"repeat","background-position":"center center","background-size":"auto","background-attachment":"scroll","background-type":"","background-media":"","overlay-type":"","overlay-color":"","overlay-opacity":"","overlay-gradient":""},"mobile":{"background-color":"var(--ast-global-color-5)","background-image":"","background-repeat":"repeat","background-position":"center center","background-size":"auto","background-attachment":"scroll","background-type":"","background-media":"","overlay-type":"","overlay-color":"","overlay-opacity":"","overlay-gradient":""}}},"product_brand":[],"product_cat":[2517,2518,2519],"product_tag":[],"class_list":{"0":"post-546012","1":"product","2":"type-product","3":"status-publish","4":"has-post-thumbnail","6":"product_cat-hardware-it","7":"product_cat-shop-by-brand-it","8":"product_cat-voopoo-it","9":"desktop-align-center","10":"tablet-align-center","11":"mobile-align-center","12":"ast-product-gallery-layout-horizontal-slider","13":"ast-product-gallery-with-no-image","14":"ast-product-single-variable","15":"ast-product-tabs-layout-horizontal","17":"first","18":"instock","19":"sale","20":"taxable","21":"shipping-taxable","22":"purchasable","23":"product-type-variable"},"acf":[],"uagb_featured_image_src":{"full":["https:\/\/justvape.nu\/wp-content\/uploads\/2022\/11\/VOOPOO-Drag-H80S-Pod-Kit.jpg",800,800,false],"thumbnail":["https:\/\/justvape.nu\/wp-content\/uploads\/2022\/11\/VOOPOO-Drag-H80S-Pod-Kit-150x150.jpg",150,150,true],"medium":["https:\/\/justvape.nu\/wp-content\/uploads\/2022\/11\/VOOPOO-Drag-H80S-Pod-Kit-300x300.jpg",300,300,true],"medium_large":["https:\/\/justvape.nu\/wp-content\/uploads\/2022\/11\/VOOPOO-Drag-H80S-Pod-Kit-768x768.jpg",768,768,true],"large":["https:\/\/justvape.nu\/wp-content\/uploads\/2022\/11\/VOOPOO-Drag-H80S-Pod-Kit.jpg",800,800,false],"1536x1536":["https:\/\/justvape.nu\/wp-content\/uploads\/2022\/11\/VOOPOO-Drag-H80S-Pod-Kit.jpg",800,800,false],"2048x2048":["https:\/\/justvape.nu\/wp-content\/uploads\/2022\/11\/VOOPOO-Drag-H80S-Pod-Kit.jpg",800,800,false],"woocommerce_thumbnail":["https:\/\/justvape.nu\/wp-content\/uploads\/2022\/11\/VOOPOO-Drag-H80S-Pod-Kit-300x300.jpg",300,300,true],"woocommerce_single":["https:\/\/justvape.nu\/wp-content\/uploads\/2022\/11\/VOOPOO-Drag-H80S-Pod-Kit-600x600.jpg",600,600,true],"woocommerce_gallery_thumbnail":["https:\/\/justvape.nu\/wp-content\/uploads\/2022\/11\/VOOPOO-Drag-H80S-Pod-Kit-100x100.jpg",100,100,true],"dgwt-wcas-product-suggestion":["https:\/\/justvape.nu\/wp-content\/uploads\/2022\/11\/VOOPOO-Drag-H80S-Pod-Kit-64x64.jpg",64,64,true]},"uagb_author_info":{"display_name":"Kenneth Merkur","author_link":"https:\/\/justvape.nu\/it\/author\/"},"uagb_comment_info":0,"uagb_excerpt":"VOOPOO - DRAG H80S KIT","_links":{"self":[{"href":"https:\/\/justvape.nu\/it\/wp-json\/wp\/v2\/product\/546012","targetHints":{"allow":["GET"]}}],"collection":[{"href":"https:\/\/justvape.nu\/it\/wp-json\/wp\/v2\/product"}],"about":[{"href":"https:\/\/justvape.nu\/it\/wp-json\/wp\/v2\/types\/product"}],"replies":[{"embeddable":true,"href":"https:\/\/justvape.nu\/it\/wp-json\/wp\/v2\/comments?post=546012"}],"wp:featuredmedia":[{"embeddable":true,"href":"https:\/\/justvape.nu\/it\/wp-json\/wp\/v2\/media\/545902"}],"wp:attachment":[{"href":"https:\/\/justvape.nu\/it\/wp-json\/wp\/v2\/media?parent=546012"}],"wp:term":[{"taxonomy":"product_brand","embeddable":true,"href":"https:\/\/justvape.nu\/it\/wp-json\/wp\/v2\/product_brand?post=546012"},{"taxonomy":"product_cat","embeddable":true,"href":"https:\/\/justvape.nu\/it\/wp-json\/wp\/v2\/product_cat?post=546012"},{"taxonomy":"product_tag","embeddable":true,"href":"https:\/\/justvape.nu\/it\/wp-json\/wp\/v2\/product_tag?post=546012"}],"curies":[{"name":"wp","href":"https:\/\/api.w.org\/{rel}","templated":true}]}}