{"id":538758,"date":"2022-10-06T17:38:59","date_gmt":"2022-10-06T15:38:59","guid":{"rendered":"https:\/\/justvape.nu\/produkt\/lost-vape-ursa-nano-pro-pod-kit\/"},"modified":"2024-04-09T14:41:09","modified_gmt":"2024-04-09T12:41:09","slug":"lost-vape-ursa-nano-pro-pod-kit-2","status":"publish","type":"product","link":"https:\/\/justvape.nu\/it\/produkt\/lost-vape-ursa-nano-pro-pod-kit-2\/","title":{"rendered":"LOST VAPE &#8211; URSA NANO PRO POD KIT"},"content":{"rendered":"<h2>LOST VAPE &#8211; URSA NANO PRO POD KIT<\/h2>\n<p>Il kit Lost Vape Ursa Nano Pro Pod System \u00e8 dotato di una batteria integrata da 900 mAh, di un chipset Quest e pu\u00f2 utilizzare cialde a bobina sostituibile o integrata. Progettata sia per i principianti che per i vapers pi\u00f9 esperti, la Lost Vape URSA Nano Pro pu\u00f2 utilizzare le UB Coils in una cialda ricaricabile da 2mL per coloro che amano le bobine sostituibili o utilizzare una cialda con bobina integrata da 0,6ohm per offrire un sapore e un vapore eccezionali dal vostro e-juice preferito, riempita lateralmente dietro un tappo in silicone. Alimentato dal chipset Quest, il kit Ursa Nano Pro Pod utilizza una batteria interna da 900 mAh per funzionare tutto il giorno, erogando con facilit\u00e0 tra i 5 e i 25W. Dotata di un interruttore per il controllo del flusso d&#8217;aria regolabile, Lost Vape Ursa Nano Pro \u00e8 il sistema di cialde da vaping versatile necessario nella vostra collezione.<\/p>\n<p><img loading=\"lazy\" decoding=\"async\" class=\"alignnone size-full wp-image-383695\" src=\"https:\/\/justvape.nu\/wp-content\/uploads\/2021\/05\/Color-Scheme.png\" alt=\"\" width=\"950\" height=\"64\" title=\"\" srcset=\"https:\/\/justvape.nu\/wp-content\/uploads\/2021\/05\/Color-Scheme.png 950w, https:\/\/justvape.nu\/wp-content\/uploads\/2021\/05\/Color-Scheme-600x40.png 600w, https:\/\/justvape.nu\/wp-content\/uploads\/2021\/05\/Color-Scheme-64x4.png 64w, https:\/\/justvape.nu\/wp-content\/uploads\/2021\/05\/Color-Scheme-300x20.png 300w, https:\/\/justvape.nu\/wp-content\/uploads\/2021\/05\/Color-Scheme-768x52.png 768w\" sizes=\"auto, (max-width: 950px) 100vw, 950px\" \/><\/p>\n<p><img loading=\"lazy\" decoding=\"async\" class=\"alignnone wp-image-538682\" src=\"https:\/\/justvape.nu\/wp-content\/uploads\/2022\/10\/P30A_13.jpg\" alt=\"\" width=\"940\" height=\"490\" title=\"\" srcset=\"https:\/\/justvape.nu\/wp-content\/uploads\/2022\/10\/P30A_13.jpg 1920w, https:\/\/justvape.nu\/wp-content\/uploads\/2022\/10\/P30A_13-300x156.jpg 300w, https:\/\/justvape.nu\/wp-content\/uploads\/2022\/10\/P30A_13-1024x533.jpg 1024w, https:\/\/justvape.nu\/wp-content\/uploads\/2022\/10\/P30A_13-768x400.jpg 768w, https:\/\/justvape.nu\/wp-content\/uploads\/2022\/10\/P30A_13-1536x800.jpg 1536w, https:\/\/justvape.nu\/wp-content\/uploads\/2022\/10\/P30A_13-600x313.jpg 600w, https:\/\/justvape.nu\/wp-content\/uploads\/2022\/10\/P30A_13-64x33.jpg 64w\" sizes=\"auto, (max-width: 940px) 100vw, 940px\" \/> <img loading=\"lazy\" decoding=\"async\" class=\"alignnone wp-image-538691\" src=\"https:\/\/justvape.nu\/wp-content\/uploads\/2022\/10\/P30A_11.jpg\" alt=\"\" width=\"940\" height=\"490\" title=\"\" srcset=\"https:\/\/justvape.nu\/wp-content\/uploads\/2022\/10\/P30A_11.jpg 1920w, https:\/\/justvape.nu\/wp-content\/uploads\/2022\/10\/P30A_11-300x156.jpg 300w, https:\/\/justvape.nu\/wp-content\/uploads\/2022\/10\/P30A_11-1024x533.jpg 1024w, https:\/\/justvape.nu\/wp-content\/uploads\/2022\/10\/P30A_11-768x400.jpg 768w, https:\/\/justvape.nu\/wp-content\/uploads\/2022\/10\/P30A_11-1536x800.jpg 1536w, https:\/\/justvape.nu\/wp-content\/uploads\/2022\/10\/P30A_11-600x313.jpg 600w, https:\/\/justvape.nu\/wp-content\/uploads\/2022\/10\/P30A_11-64x33.jpg 64w\" sizes=\"auto, (max-width: 940px) 100vw, 940px\" \/> <img loading=\"lazy\" decoding=\"async\" class=\"alignnone wp-image-538700\" src=\"https:\/\/justvape.nu\/wp-content\/uploads\/2022\/10\/P30A_12.jpg\" alt=\"\" width=\"939\" height=\"491\" title=\"\" srcset=\"https:\/\/justvape.nu\/wp-content\/uploads\/2022\/10\/P30A_12.jpg 1920w, https:\/\/justvape.nu\/wp-content\/uploads\/2022\/10\/P30A_12-300x157.jpg 300w, https:\/\/justvape.nu\/wp-content\/uploads\/2022\/10\/P30A_12-1024x535.jpg 1024w, https:\/\/justvape.nu\/wp-content\/uploads\/2022\/10\/P30A_12-768x402.jpg 768w, https:\/\/justvape.nu\/wp-content\/uploads\/2022\/10\/P30A_12-1536x803.jpg 1536w, https:\/\/justvape.nu\/wp-content\/uploads\/2022\/10\/P30A_12-600x314.jpg 600w, https:\/\/justvape.nu\/wp-content\/uploads\/2022\/10\/P30A_12-64x33.jpg 64w\" sizes=\"auto, (max-width: 939px) 100vw, 939px\" \/><\/p>\n<p><img loading=\"lazy\" decoding=\"async\" class=\"alignnone size-full wp-image-248459\" src=\"https:\/\/justvape.nu\/wp-content\/uploads\/2018\/05\/Features.png\" alt=\"\" width=\"950\" height=\"64\" title=\"\" srcset=\"https:\/\/justvape.nu\/wp-content\/uploads\/2018\/05\/Features.png 950w, https:\/\/justvape.nu\/wp-content\/uploads\/2018\/05\/Features-600x40.png 600w, https:\/\/justvape.nu\/wp-content\/uploads\/2018\/05\/Features-64x4.png 64w, https:\/\/justvape.nu\/wp-content\/uploads\/2018\/05\/Features-300x20.png 300w, https:\/\/justvape.nu\/wp-content\/uploads\/2018\/05\/Features-768x52.png 768w\" sizes=\"auto, (max-width: 950px) 100vw, 950px\" \/><br \/>\nChip QUEST di Lost Vape<br \/>\nDimensioni: 94,4 mm per 24 mm per 14 mm<br \/>\nBatteria: interna da 900 mAh<br \/>\nGamma di potenza: 9-25W<br \/>\nIntervallo di tensione: 1.7-3.9V<br \/>\nCostruzione del telaio in lega di alluminio<br \/>\nPulsante di accensione intuitivo<br \/>\nSchermo OLED da 0,42\u2033<br \/>\nInterruttore del flusso d&#8217;aria dedicato<br \/>\nCapacit\u00e0 della capsula da 2 ml &#8211; Sostituibile e integrata<br \/>\nSistema di riempimento laterale &#8211; Tappo in silicone<br \/>\nPod integrato con bobina da 0,6ohm<br \/>\nBobina UB Mini S1 da 0,8ohm<br \/>\nInstallazione della bobina Press Fit<br \/>\nCollegamento magnetico del pod<br \/>\nProtezione da cortocircuito<br \/>\nProtezione della batteria debole<br \/>\nProtezione contro il calore<br \/>\nVelocit\u00e0 di carica: 2A<br \/>\nRicarica: Porta Type-C<\/p>\n<p><img loading=\"lazy\" decoding=\"async\" class=\"alignnone size-full wp-image-229154\" src=\"https:\/\/justvape.nu\/wp-content\/uploads\/2018\/04\/Packing-List.png\" alt=\"\" width=\"950\" height=\"64\" title=\"\" srcset=\"https:\/\/justvape.nu\/wp-content\/uploads\/2018\/04\/Packing-List.png 950w, https:\/\/justvape.nu\/wp-content\/uploads\/2018\/04\/Packing-List-600x40.png 600w, https:\/\/justvape.nu\/wp-content\/uploads\/2018\/04\/Packing-List-64x4.png 64w, https:\/\/justvape.nu\/wp-content\/uploads\/2018\/04\/Packing-List-300x20.png 300w, https:\/\/justvape.nu\/wp-content\/uploads\/2018\/04\/Packing-List-768x52.png 768w\" sizes=\"auto, (max-width: 950px) 100vw, 950px\" \/><br \/>\n1 sistema Pod URSA Nano Pro<br \/>\n1 capsula vuota URSA<br \/>\n1 cartuccia URSA da 0,6ohm<br \/>\n1 bobina UB Mini S1 da 0,8ohm<br \/>\n1 cavo di ricarica Type-C<br \/>\n1 Scheda di garanzia<br \/>\n1 Manuale utente<br \/>\n1 cordino<br \/>\n1 O-Ring<\/p>\n","protected":false},"excerpt":{"rendered":"<p>LOST VAPE &#8211; URSA NANO PRO POD KIT<\/p>\n","protected":false},"featured_media":538677,"comment_status":"open","ping_status":"closed","template":"","meta":{"_acf_changed":false,"_uag_custom_page_level_css":"","site-sidebar-layout":"default","site-content-layout":"default","ast-site-content-layout":"default","site-content-style":"default","site-sidebar-style":"default","ast-global-header-display":"","ast-banner-title-visibility":"","ast-main-header-display":"","ast-hfb-above-header-display":"","ast-hfb-below-header-display":"","ast-hfb-mobile-header-display":"","site-post-title":"","ast-breadcrumbs-content":"","ast-featured-img":"","footer-sml-layout":"","ast-disable-related-posts":"","theme-transparent-header-meta":"default","adv-header-id-meta":"","stick-header-meta":"default","header-above-stick-meta":"","header-main-stick-meta":"","header-below-stick-meta":"","astra-migrate-meta-layouts":"default","ast-page-background-enabled":"default","ast-page-background-meta":{"desktop":{"background-color":"","background-image":"","background-repeat":"repeat","background-position":"center center","background-size":"auto","background-attachment":"scroll","background-type":"","background-media":"","overlay-type":"","overlay-color":"","overlay-opacity":"","overlay-gradient":""},"tablet":{"background-color":"","background-image":"","background-repeat":"repeat","background-position":"center center","background-size":"auto","background-attachment":"scroll","background-type":"","background-media":"","overlay-type":"","overlay-color":"","overlay-opacity":"","overlay-gradient":""},"mobile":{"background-color":"","background-image":"","background-repeat":"repeat","background-position":"center center","background-size":"auto","background-attachment":"scroll","background-type":"","background-media":"","overlay-type":"","overlay-color":"","overlay-opacity":"","overlay-gradient":""}},"ast-content-background-meta":{"desktop":{"background-color":"var(--ast-global-color-5)","background-image":"","background-repeat":"repeat","background-position":"center center","background-size":"auto","background-attachment":"scroll","background-type":"","background-media":"","overlay-type":"","overlay-color":"","overlay-opacity":"","overlay-gradient":""},"tablet":{"background-color":"var(--ast-global-color-5)","background-image":"","background-repeat":"repeat","background-position":"center center","background-size":"auto","background-attachment":"scroll","background-type":"","background-media":"","overlay-type":"","overlay-color":"","overlay-opacity":"","overlay-gradient":""},"mobile":{"background-color":"var(--ast-global-color-5)","background-image":"","background-repeat":"repeat","background-position":"center center","background-size":"auto","background-attachment":"scroll","background-type":"","background-media":"","overlay-type":"","overlay-color":"","overlay-opacity":"","overlay-gradient":""}}},"product_brand":[],"product_cat":[4694,2517,2079,4810,2518,2069],"product_tag":[],"class_list":{"0":"post-538758","1":"product","2":"type-product","3":"status-publish","4":"has-post-thumbnail","6":"product_cat-featured-e-cigarettes-it","7":"product_cat-hardware-it","8":"product_cat-kit-per-principianti-e-pod","9":"product_cat-lost-vape-it","10":"product_cat-shop-by-brand-it","11":"product_cat-sigarette-elettroniche","12":"desktop-align-center","13":"tablet-align-center","14":"mobile-align-center","15":"ast-product-gallery-layout-horizontal-slider","16":"ast-product-single-variable","17":"ast-product-tabs-layout-horizontal","19":"first","20":"instock","21":"sale","22":"featured","23":"taxable","24":"shipping-taxable","25":"purchasable","26":"product-type-variable"},"acf":[],"uagb_featured_image_src":{"full":["https:\/\/justvape.nu\/wp-content\/uploads\/2022\/10\/ursa-nano-pro-razem.jpg",1500,1500,false],"thumbnail":["https:\/\/justvape.nu\/wp-content\/uploads\/2022\/10\/ursa-nano-pro-razem-150x150.jpg",150,150,true],"medium":["https:\/\/justvape.nu\/wp-content\/uploads\/2022\/10\/ursa-nano-pro-razem-300x300.jpg",300,300,true],"medium_large":["https:\/\/justvape.nu\/wp-content\/uploads\/2022\/10\/ursa-nano-pro-razem-768x768.jpg",768,768,true],"large":["https:\/\/justvape.nu\/wp-content\/uploads\/2022\/10\/ursa-nano-pro-razem-1024x1024.jpg",1024,1024,true],"1536x1536":["https:\/\/justvape.nu\/wp-content\/uploads\/2022\/10\/ursa-nano-pro-razem.jpg",1500,1500,false],"2048x2048":["https:\/\/justvape.nu\/wp-content\/uploads\/2022\/10\/ursa-nano-pro-razem.jpg",1500,1500,false],"woocommerce_thumbnail":["https:\/\/justvape.nu\/wp-content\/uploads\/2022\/10\/ursa-nano-pro-razem-300x300.jpg",300,300,true],"woocommerce_single":["https:\/\/justvape.nu\/wp-content\/uploads\/2022\/10\/ursa-nano-pro-razem-600x600.jpg",600,600,true],"woocommerce_gallery_thumbnail":["https:\/\/justvape.nu\/wp-content\/uploads\/2022\/10\/ursa-nano-pro-razem-100x100.jpg",100,100,true],"dgwt-wcas-product-suggestion":["https:\/\/justvape.nu\/wp-content\/uploads\/2022\/10\/ursa-nano-pro-razem-64x64.jpg",64,64,true]},"uagb_author_info":{"display_name":"JustVape.nu","author_link":"https:\/\/justvape.nu\/it\/author\/"},"uagb_comment_info":0,"uagb_excerpt":"LOST VAPE - URSA NANO PRO POD KIT","_links":{"self":[{"href":"https:\/\/justvape.nu\/it\/wp-json\/wp\/v2\/product\/538758","targetHints":{"allow":["GET"]}}],"collection":[{"href":"https:\/\/justvape.nu\/it\/wp-json\/wp\/v2\/product"}],"about":[{"href":"https:\/\/justvape.nu\/it\/wp-json\/wp\/v2\/types\/product"}],"replies":[{"embeddable":true,"href":"https:\/\/justvape.nu\/it\/wp-json\/wp\/v2\/comments?post=538758"}],"wp:featuredmedia":[{"embeddable":true,"href":"https:\/\/justvape.nu\/it\/wp-json\/wp\/v2\/media\/538677"}],"wp:attachment":[{"href":"https:\/\/justvape.nu\/it\/wp-json\/wp\/v2\/media?parent=538758"}],"wp:term":[{"taxonomy":"product_brand","embeddable":true,"href":"https:\/\/justvape.nu\/it\/wp-json\/wp\/v2\/product_brand?post=538758"},{"taxonomy":"product_cat","embeddable":true,"href":"https:\/\/justvape.nu\/it\/wp-json\/wp\/v2\/product_cat?post=538758"},{"taxonomy":"product_tag","embeddable":true,"href":"https:\/\/justvape.nu\/it\/wp-json\/wp\/v2\/product_tag?post=538758"}],"curies":[{"name":"wp","href":"https:\/\/api.w.org\/{rel}","templated":true}]}}