{"id":456720,"date":"2022-08-25T13:28:45","date_gmt":"2022-08-25T11:28:45","guid":{"rendered":"https:\/\/justvape.nu\/produkt\/horizon-aquila-tank\/"},"modified":"2022-12-21T15:15:54","modified_gmt":"2022-12-21T14:15:54","slug":"orizzonte-aquila-serbatoio","status":"publish","type":"product","link":"https:\/\/justvape.nu\/it\/produkt\/orizzonte-aquila-serbatoio\/","title":{"rendered":"HORIZONTECH &#8211; AQUILA TANK"},"content":{"rendered":"<h2>HORIZONTECH &#8211; AQUILA TANK<\/h2>\n<p>Il nuovo atomizzatore Horizon Aquila Tank \u00e8 stato progettato con un metodo di sostituzione plug-in-out sulla base inferiore, che semplifica notevolmente la sostituzione della bobina rispetto ai nostri serbatoi precedenti. Riempimento dall&#8217;alto, pulsante a molla con un solo clic e riempimento dell&#8217;e-juice dall&#8217;alto. compatibilit\u00e0 con le bobine a rete e anello di controllo del flusso d&#8217;aria inferiore a doppia scanalatura. Il design del flusso d&#8217;aria ascendente Updraft si abbina perfettamente alle strutture delle bobine E1 e P1, con l&#8217;obiettivo di massimizzare la sensazione di morbidezza grazie alla ventilazione verticale ascendente per intensificare la densit\u00e0 delle nuvole e l&#8217;estrazione dell&#8217;essenza.<br \/>\nSOSTITUZIONE DELLA BOBINA PLUG-IN-OUT<br \/>\nIl serbatoio Aquila \u00e8 stato progettato con un metodo di sostituzione plug-in-out alla base, che semplifica notevolmente la sostituzione della bobina rispetto ai nostri serbatoi precedenti.<\/p>\n<p><img loading=\"lazy\" decoding=\"async\" class=\"alignnone size-full wp-image-383695\" src=\"https:\/\/justvape.nu\/wp-content\/uploads\/2021\/05\/Color-Scheme.png\" alt=\"\" width=\"950\" height=\"64\" title=\"\" srcset=\"https:\/\/justvape.nu\/wp-content\/uploads\/2021\/05\/Color-Scheme.png 950w, https:\/\/justvape.nu\/wp-content\/uploads\/2021\/05\/Color-Scheme-600x40.png 600w, https:\/\/justvape.nu\/wp-content\/uploads\/2021\/05\/Color-Scheme-64x4.png 64w, https:\/\/justvape.nu\/wp-content\/uploads\/2021\/05\/Color-Scheme-300x20.png 300w, https:\/\/justvape.nu\/wp-content\/uploads\/2021\/05\/Color-Scheme-768x52.png 768w\" sizes=\"auto, (max-width: 950px) 100vw, 950px\" \/><\/p>\n<p class=\"description-img-center\"><img loading=\"lazy\" decoding=\"async\" class=\"alignnone size-full wp-image-456629\" src=\"https:\/\/justvape.nu\/wp-content\/uploads\/2022\/08\/Horizon_Aqulia_Tank_Full_Colors.jpg\" alt=\"\" width=\"831\" height=\"341\" title=\"\" srcset=\"https:\/\/justvape.nu\/wp-content\/uploads\/2022\/08\/Horizon_Aqulia_Tank_Full_Colors.jpg 831w, https:\/\/justvape.nu\/wp-content\/uploads\/2022\/08\/Horizon_Aqulia_Tank_Full_Colors-300x123.jpg 300w, https:\/\/justvape.nu\/wp-content\/uploads\/2022\/08\/Horizon_Aqulia_Tank_Full_Colors-768x315.jpg 768w, https:\/\/justvape.nu\/wp-content\/uploads\/2022\/08\/Horizon_Aqulia_Tank_Full_Colors-600x246.jpg 600w, https:\/\/justvape.nu\/wp-content\/uploads\/2022\/08\/Horizon_Aqulia_Tank_Full_Colors-64x26.jpg 64w\" sizes=\"auto, (max-width: 831px) 100vw, 831px\" \/><\/p>\n<div class=\"shop-features \">\n<h2 class=\"shop-features-title \"><img loading=\"lazy\" decoding=\"async\" class=\"alignnone size-full wp-image-248449\" src=\"https:\/\/justvape.nu\/wp-content\/uploads\/2018\/05\/Specifications.png\" alt=\"\" width=\"950\" height=\"64\" title=\"\" srcset=\"https:\/\/justvape.nu\/wp-content\/uploads\/2018\/05\/Specifications.png 950w, https:\/\/justvape.nu\/wp-content\/uploads\/2018\/05\/Specifications-600x40.png 600w, https:\/\/justvape.nu\/wp-content\/uploads\/2018\/05\/Specifications-64x4.png 64w, https:\/\/justvape.nu\/wp-content\/uploads\/2018\/05\/Specifications-300x20.png 300w, https:\/\/justvape.nu\/wp-content\/uploads\/2018\/05\/Specifications-768x52.png 768w\" sizes=\"auto, (max-width: 950px) 100vw, 950px\" \/><\/h2>\n<\/div>\n<p><strong class=\"description-little-title\">Parametri dell&#8217;atomizzatore HorizonTech Aquila:<\/strong><\/p>\n<table class=\"description-table\">\n<tbody>\n<tr>\n<td class=\"strong-title \">Marchio<\/td>\n<td class=\"inline\">Horizon<\/td>\n<\/tr>\n<tr>\n<td class=\"strong-title \">Nome del prodotto<\/td>\n<td class=\"inline\">Serbatoio Aquila<\/td>\n<\/tr>\n<tr>\n<td class=\"strong-title \">Dimensione<\/td>\n<td class=\"inline\">28*59,5 mm<\/td>\n<\/tr>\n<tr>\n<td class=\"strong-title \">Capacit\u00e0<\/td>\n<td class=\"inline\">2ml<\/td>\n<\/tr>\n<tr>\n<td class=\"strong-title \">Riempimento<\/td>\n<td class=\"inline\">Riempimento superiore<\/td>\n<\/tr>\n<tr>\n<td class=\"strong-title \">Flusso d&#8217;aria<\/td>\n<td class=\"inline\">Flusso d&#8217;aria ascendente<\/td>\n<\/tr>\n<tr>\n<td class=\"strong-title \">Bobina<\/td>\n<td class=\"inline\">E2 Bobina a doppia maglia 0,16\u03a9 (60-70W)<br \/>\nP4 Quad Coil 0,14\u03a9 (60-70W)<\/td>\n<\/tr>\n<tr>\n<td class=\"strong-title \">Colore<\/td>\n<td class=\"inline\">Blu, nero, canna di fucile, SS, arcobaleno<\/td>\n<\/tr>\n<\/tbody>\n<\/table>\n<div class=\"shop-features \">\n<h2 class=\"shop-features-title \"><img loading=\"lazy\" decoding=\"async\" class=\"alignnone size-full wp-image-248459\" src=\"https:\/\/justvape.nu\/wp-content\/uploads\/2018\/05\/Features.png\" alt=\"\" width=\"950\" height=\"64\" title=\"\" srcset=\"https:\/\/justvape.nu\/wp-content\/uploads\/2018\/05\/Features.png 950w, https:\/\/justvape.nu\/wp-content\/uploads\/2018\/05\/Features-600x40.png 600w, https:\/\/justvape.nu\/wp-content\/uploads\/2018\/05\/Features-64x4.png 64w, https:\/\/justvape.nu\/wp-content\/uploads\/2018\/05\/Features-300x20.png 300w, https:\/\/justvape.nu\/wp-content\/uploads\/2018\/05\/Features-768x52.png 768w\" sizes=\"auto, (max-width: 950px) 100vw, 950px\" \/><\/h2>\n<\/div>\n<p><strong class=\"description-little-title\">Horizon Aquila Dettagli:<\/strong><\/p>\n<ul>\n<li style=\"list-style-type: none;\">\n<ul>\n<li>1. Bamb\u00f9 con propriet\u00e0 antimicrobiche per mantenere la stabilit\u00e0 della bobina<\/li>\n<li>2. Adotta il cotone organico di bamb\u00f9<\/li>\n<li>3. Struttura a doppia maglia a spirale<\/li>\n<li>4. Struttura della bobina a maglia quadrupla parallela<\/li>\n<li>5. Design a molla con un solo clic<\/li>\n<li>6. Adotta un flusso d&#8217;aria ascendente<\/li>\n<li>7. Sostituzione della bobina plug-in-out<\/li>\n<li>8. 2ml\/5ml Con vetro a bolle (non incluso) capacit\u00e0, facile riempimento dall&#8217;alto<\/li>\n<\/ul>\n<\/li>\n<\/ul>\n<p><img loading=\"lazy\" decoding=\"async\" class=\"alignnone size-full wp-image-456569\" src=\"https:\/\/justvape.nu\/wp-content\/uploads\/2022\/08\/Horizon_Aqulia_Tank_Features.jpg\" alt=\"\" width=\"831\" height=\"392\" title=\"\" srcset=\"https:\/\/justvape.nu\/wp-content\/uploads\/2022\/08\/Horizon_Aqulia_Tank_Features.jpg 831w, https:\/\/justvape.nu\/wp-content\/uploads\/2022\/08\/Horizon_Aqulia_Tank_Features-300x142.jpg 300w, https:\/\/justvape.nu\/wp-content\/uploads\/2022\/08\/Horizon_Aqulia_Tank_Features-768x362.jpg 768w, https:\/\/justvape.nu\/wp-content\/uploads\/2022\/08\/Horizon_Aqulia_Tank_Features-600x283.jpg 600w, https:\/\/justvape.nu\/wp-content\/uploads\/2022\/08\/Horizon_Aqulia_Tank_Features-64x30.jpg 64w\" sizes=\"auto, (max-width: 831px) 100vw, 831px\" \/> <img loading=\"lazy\" decoding=\"async\" class=\"alignnone size-full wp-image-456579\" src=\"https:\/\/justvape.nu\/wp-content\/uploads\/2022\/08\/Horizon_Aqulia_Tank_Bamboo_Plug_Cotton.jpg\" alt=\"\" width=\"831\" height=\"318\" title=\"\" srcset=\"https:\/\/justvape.nu\/wp-content\/uploads\/2022\/08\/Horizon_Aqulia_Tank_Bamboo_Plug_Cotton.jpg 831w, https:\/\/justvape.nu\/wp-content\/uploads\/2022\/08\/Horizon_Aqulia_Tank_Bamboo_Plug_Cotton-300x115.jpg 300w, https:\/\/justvape.nu\/wp-content\/uploads\/2022\/08\/Horizon_Aqulia_Tank_Bamboo_Plug_Cotton-768x294.jpg 768w, https:\/\/justvape.nu\/wp-content\/uploads\/2022\/08\/Horizon_Aqulia_Tank_Bamboo_Plug_Cotton-600x230.jpg 600w, https:\/\/justvape.nu\/wp-content\/uploads\/2022\/08\/Horizon_Aqulia_Tank_Bamboo_Plug_Cotton-64x24.jpg 64w\" sizes=\"auto, (max-width: 831px) 100vw, 831px\" \/> <img loading=\"lazy\" decoding=\"async\" class=\"alignnone size-full wp-image-456589\" src=\"https:\/\/justvape.nu\/wp-content\/uploads\/2022\/08\/Horizon_Aqulia_Tank_Parts.jpg\" alt=\"\" width=\"831\" height=\"452\" title=\"\" srcset=\"https:\/\/justvape.nu\/wp-content\/uploads\/2022\/08\/Horizon_Aqulia_Tank_Parts.jpg 831w, https:\/\/justvape.nu\/wp-content\/uploads\/2022\/08\/Horizon_Aqulia_Tank_Parts-300x163.jpg 300w, https:\/\/justvape.nu\/wp-content\/uploads\/2022\/08\/Horizon_Aqulia_Tank_Parts-768x418.jpg 768w, https:\/\/justvape.nu\/wp-content\/uploads\/2022\/08\/Horizon_Aqulia_Tank_Parts-600x326.jpg 600w, https:\/\/justvape.nu\/wp-content\/uploads\/2022\/08\/Horizon_Aqulia_Tank_Parts-64x35.jpg 64w\" sizes=\"auto, (max-width: 831px) 100vw, 831px\" \/> <img loading=\"lazy\" decoding=\"async\" class=\"alignnone size-full wp-image-456599\" src=\"https:\/\/justvape.nu\/wp-content\/uploads\/2022\/08\/Horizon_Aqulia_Tank_Spring_Loaded_Design.jpg\" alt=\"\" width=\"831\" height=\"482\" title=\"\" srcset=\"https:\/\/justvape.nu\/wp-content\/uploads\/2022\/08\/Horizon_Aqulia_Tank_Spring_Loaded_Design.jpg 831w, https:\/\/justvape.nu\/wp-content\/uploads\/2022\/08\/Horizon_Aqulia_Tank_Spring_Loaded_Design-300x174.jpg 300w, https:\/\/justvape.nu\/wp-content\/uploads\/2022\/08\/Horizon_Aqulia_Tank_Spring_Loaded_Design-768x445.jpg 768w, https:\/\/justvape.nu\/wp-content\/uploads\/2022\/08\/Horizon_Aqulia_Tank_Spring_Loaded_Design-600x348.jpg 600w, https:\/\/justvape.nu\/wp-content\/uploads\/2022\/08\/Horizon_Aqulia_Tank_Spring_Loaded_Design-64x37.jpg 64w\" sizes=\"auto, (max-width: 831px) 100vw, 831px\" \/> <img loading=\"lazy\" decoding=\"async\" class=\"alignnone size-full wp-image-456609\" src=\"https:\/\/justvape.nu\/wp-content\/uploads\/2022\/08\/Horizon_Aqulia_Tank_Updraft_Rising_Airflow.jpg\" alt=\"\" width=\"831\" height=\"451\" title=\"\" srcset=\"https:\/\/justvape.nu\/wp-content\/uploads\/2022\/08\/Horizon_Aqulia_Tank_Updraft_Rising_Airflow.jpg 831w, https:\/\/justvape.nu\/wp-content\/uploads\/2022\/08\/Horizon_Aqulia_Tank_Updraft_Rising_Airflow-300x163.jpg 300w, https:\/\/justvape.nu\/wp-content\/uploads\/2022\/08\/Horizon_Aqulia_Tank_Updraft_Rising_Airflow-768x417.jpg 768w, https:\/\/justvape.nu\/wp-content\/uploads\/2022\/08\/Horizon_Aqulia_Tank_Updraft_Rising_Airflow-600x326.jpg 600w, https:\/\/justvape.nu\/wp-content\/uploads\/2022\/08\/Horizon_Aqulia_Tank_Updraft_Rising_Airflow-64x35.jpg 64w\" sizes=\"auto, (max-width: 831px) 100vw, 831px\" \/> <img loading=\"lazy\" decoding=\"async\" class=\"alignnone size-full wp-image-456619\" src=\"https:\/\/justvape.nu\/wp-content\/uploads\/2022\/08\/Horizon_Aqulia_Tank_Easy_Coil_Replacement.jpg\" alt=\"\" width=\"831\" height=\"339\" title=\"\" srcset=\"https:\/\/justvape.nu\/wp-content\/uploads\/2022\/08\/Horizon_Aqulia_Tank_Easy_Coil_Replacement.jpg 831w, https:\/\/justvape.nu\/wp-content\/uploads\/2022\/08\/Horizon_Aqulia_Tank_Easy_Coil_Replacement-300x122.jpg 300w, https:\/\/justvape.nu\/wp-content\/uploads\/2022\/08\/Horizon_Aqulia_Tank_Easy_Coil_Replacement-768x313.jpg 768w, https:\/\/justvape.nu\/wp-content\/uploads\/2022\/08\/Horizon_Aqulia_Tank_Easy_Coil_Replacement-600x245.jpg 600w, https:\/\/justvape.nu\/wp-content\/uploads\/2022\/08\/Horizon_Aqulia_Tank_Easy_Coil_Replacement-64x26.jpg 64w\" sizes=\"auto, (max-width: 831px) 100vw, 831px\" \/><\/p>\n<div class=\"shop-features \">\n<h2 class=\"shop-features-title \"><img loading=\"lazy\" decoding=\"async\" class=\"alignnone size-full wp-image-229154\" src=\"https:\/\/justvape.nu\/wp-content\/uploads\/2018\/04\/Packing-List.png\" alt=\"\" width=\"950\" height=\"64\" title=\"\" srcset=\"https:\/\/justvape.nu\/wp-content\/uploads\/2018\/04\/Packing-List.png 950w, https:\/\/justvape.nu\/wp-content\/uploads\/2018\/04\/Packing-List-600x40.png 600w, https:\/\/justvape.nu\/wp-content\/uploads\/2018\/04\/Packing-List-64x4.png 64w, https:\/\/justvape.nu\/wp-content\/uploads\/2018\/04\/Packing-List-300x20.png 300w, https:\/\/justvape.nu\/wp-content\/uploads\/2018\/04\/Packing-List-768x52.png 768w\" sizes=\"auto, (max-width: 950px) 100vw, 950px\" \/><\/h2>\n<\/div>\n<p><strong class=\"description-little-title \">La confezione di Aquila Atomizer viene fornita con:<\/strong><\/p>\n<p>1* Horizon Aqulia Tank 2ml<br \/>\n1* Bobina preinstallata: E2 Dual Mesh Coil 0.16\u03a9 (60-70W)<br \/>\n1* Bobina di ricambio: P4 Quad Coil 0.14\u03a9 (60-70W)<br \/>\n1* O-ring di ricambio<br \/>\n1 * Manuale dell&#8217;utente<\/p>\n<p>&nbsp;<\/p>\n","protected":false},"excerpt":{"rendered":"<p>HORIZONTECH &#8211; AQUILA TANK<\/p>\n","protected":false},"featured_media":456650,"comment_status":"open","ping_status":"closed","template":"","meta":{"_acf_changed":false,"_uag_custom_page_level_css":"","site-sidebar-layout":"default","site-content-layout":"default","ast-site-content-layout":"default","site-content-style":"default","site-sidebar-style":"default","ast-global-header-display":"","ast-banner-title-visibility":"","ast-main-header-display":"","ast-hfb-above-header-display":"","ast-hfb-below-header-display":"","ast-hfb-mobile-header-display":"","site-post-title":"","ast-breadcrumbs-content":"","ast-featured-img":"","footer-sml-layout":"","ast-disable-related-posts":"","theme-transparent-header-meta":"default","adv-header-id-meta":"","stick-header-meta":"default","header-above-stick-meta":"","header-main-stick-meta":"","header-below-stick-meta":"","astra-migrate-meta-layouts":"default","ast-page-background-enabled":"default","ast-page-background-meta":{"desktop":{"background-color":"","background-image":"","background-repeat":"repeat","background-position":"center center","background-size":"auto","background-attachment":"scroll","background-type":"","background-media":"","overlay-type":"","overlay-color":"","overlay-opacity":"","overlay-gradient":""},"tablet":{"background-color":"","background-image":"","background-repeat":"repeat","background-position":"center center","background-size":"auto","background-attachment":"scroll","background-type":"","background-media":"","overlay-type":"","overlay-color":"","overlay-opacity":"","overlay-gradient":""},"mobile":{"background-color":"","background-image":"","background-repeat":"repeat","background-position":"center center","background-size":"auto","background-attachment":"scroll","background-type":"","background-media":"","overlay-type":"","overlay-color":"","overlay-opacity":"","overlay-gradient":""}},"ast-content-background-meta":{"desktop":{"background-color":"var(--ast-global-color-5)","background-image":"","background-repeat":"repeat","background-position":"center center","background-size":"auto","background-attachment":"scroll","background-type":"","background-media":"","overlay-type":"","overlay-color":"","overlay-opacity":"","overlay-gradient":""},"tablet":{"background-color":"var(--ast-global-color-5)","background-image":"","background-repeat":"repeat","background-position":"center center","background-size":"auto","background-attachment":"scroll","background-type":"","background-media":"","overlay-type":"","overlay-color":"","overlay-opacity":"","overlay-gradient":""},"mobile":{"background-color":"var(--ast-global-color-5)","background-image":"","background-repeat":"repeat","background-position":"center center","background-size":"auto","background-attachment":"scroll","background-type":"","background-media":"","overlay-type":"","overlay-color":"","overlay-opacity":"","overlay-gradient":""}}},"product_brand":[],"product_cat":[2039,4694,2517,3266,1979,2518],"product_tag":[],"class_list":{"0":"post-456720","1":"product","2":"type-product","3":"status-publish","4":"has-post-thumbnail","6":"product_cat-carri-armati","7":"product_cat-featured-e-cigarettes-it","8":"product_cat-hardware-it","9":"product_cat-horizontech-falcon-it-2","10":"product_cat-serbatoi-e-bobine","11":"product_cat-shop-by-brand-it","12":"desktop-align-center","13":"tablet-align-center","14":"mobile-align-center","15":"ast-product-gallery-layout-horizontal-slider","16":"ast-product-gallery-with-no-image","17":"ast-product-single-variable","18":"ast-product-tabs-layout-horizontal","20":"first","21":"instock","22":"sale","23":"featured","24":"taxable","25":"shipping-taxable","26":"purchasable","27":"product-type-variable"},"acf":[],"uagb_featured_image_src":{"full":["https:\/\/justvape.nu\/wp-content\/uploads\/2022\/08\/Aquila-Tank-1.jpg",800,800,false],"thumbnail":["https:\/\/justvape.nu\/wp-content\/uploads\/2022\/08\/Aquila-Tank-1-150x150.jpg",150,150,true],"medium":["https:\/\/justvape.nu\/wp-content\/uploads\/2022\/08\/Aquila-Tank-1-300x300.jpg",300,300,true],"medium_large":["https:\/\/justvape.nu\/wp-content\/uploads\/2022\/08\/Aquila-Tank-1-768x768.jpg",768,768,true],"large":["https:\/\/justvape.nu\/wp-content\/uploads\/2022\/08\/Aquila-Tank-1.jpg",800,800,false],"1536x1536":["https:\/\/justvape.nu\/wp-content\/uploads\/2022\/08\/Aquila-Tank-1.jpg",800,800,false],"2048x2048":["https:\/\/justvape.nu\/wp-content\/uploads\/2022\/08\/Aquila-Tank-1.jpg",800,800,false],"woocommerce_thumbnail":["https:\/\/justvape.nu\/wp-content\/uploads\/2022\/08\/Aquila-Tank-1-300x300.jpg",300,300,true],"woocommerce_single":["https:\/\/justvape.nu\/wp-content\/uploads\/2022\/08\/Aquila-Tank-1-600x600.jpg",600,600,true],"woocommerce_gallery_thumbnail":["https:\/\/justvape.nu\/wp-content\/uploads\/2022\/08\/Aquila-Tank-1-100x100.jpg",100,100,true],"dgwt-wcas-product-suggestion":["https:\/\/justvape.nu\/wp-content\/uploads\/2022\/08\/Aquila-Tank-1-64x64.jpg",64,64,true]},"uagb_author_info":{"display_name":"JustVape.nu","author_link":"https:\/\/justvape.nu\/it\/author\/"},"uagb_comment_info":0,"uagb_excerpt":"HORIZONTECH - AQUILA TANK","_links":{"self":[{"href":"https:\/\/justvape.nu\/it\/wp-json\/wp\/v2\/product\/456720","targetHints":{"allow":["GET"]}}],"collection":[{"href":"https:\/\/justvape.nu\/it\/wp-json\/wp\/v2\/product"}],"about":[{"href":"https:\/\/justvape.nu\/it\/wp-json\/wp\/v2\/types\/product"}],"replies":[{"embeddable":true,"href":"https:\/\/justvape.nu\/it\/wp-json\/wp\/v2\/comments?post=456720"}],"wp:featuredmedia":[{"embeddable":true,"href":"https:\/\/justvape.nu\/it\/wp-json\/wp\/v2\/media\/456650"}],"wp:attachment":[{"href":"https:\/\/justvape.nu\/it\/wp-json\/wp\/v2\/media?parent=456720"}],"wp:term":[{"taxonomy":"product_brand","embeddable":true,"href":"https:\/\/justvape.nu\/it\/wp-json\/wp\/v2\/product_brand?post=456720"},{"taxonomy":"product_cat","embeddable":true,"href":"https:\/\/justvape.nu\/it\/wp-json\/wp\/v2\/product_cat?post=456720"},{"taxonomy":"product_tag","embeddable":true,"href":"https:\/\/justvape.nu\/it\/wp-json\/wp\/v2\/product_tag?post=456720"}],"curies":[{"name":"wp","href":"https:\/\/api.w.org\/{rel}","templated":true}]}}