{"id":453501,"date":"2022-08-01T20:33:20","date_gmt":"2022-08-01T18:33:20","guid":{"rendered":"https:\/\/justvape.nu\/produkt\/geekvape-kit-di-svapo-b60-boost-2\/"},"modified":"2022-08-01T20:33:20","modified_gmt":"2022-08-01T18:33:20","slug":"geekvape-b60-boost-2-vape-kit-2","status":"publish","type":"product","link":"https:\/\/justvape.nu\/it\/produkt\/geekvape-b60-boost-2-vape-kit-2\/","title":{"rendered":"GEEKVAPE &#8211; KIT DI SVAPO B60 (BOOST 2)"},"content":{"rendered":"<h2>GEEKVAPE &#8211; KIT DI SVAPO B60 (BOOST 2)<\/h2>\n<p>Geekvape B60 Aegis Boost 2 \u00e8 un dispositivo compatto con una potente batteria integrata da 2000 mAh che vi permetter\u00e0 di svapare pi\u00f9 a lungo. Con una potenza di uscita compresa tra 5 e 60W, questo kit \u00e8 ideale per creare un&#8217;inalazione in stile DTL (Direct To Lung). Il grado di protezione IP68 e la struttura in lega di zinco consentono di resistere all&#8217;acqua e alla polvere, riducendo cos\u00ec le probabilit\u00e0 di essere influenzati da fattori ambientali.<\/p>\n<p>Il dispositivo \u00e8 dotato di un unico pulsante di accensione, di due pulsanti di regolazione e di un accattivante schermo curvo a LED da 0,96&#8243; per una facile navigazione. Il suo AS Chip offre vantaggi quali un rapido tempo di avviamento. Con la modalit\u00e0 a wattaggio variabile come impostazione predefinita, si ha il controllo della quantit\u00e0 di vapore creata dal kit. Tuttavia, la modalit\u00e0 Smart rileva quale bobina \u00e8 stata inserita e imposta il wattaggio ideale per l&#8217;utente. D&#8217;altra parte, la modalit\u00e0 Boost offre la pi\u00f9 potente svapata possibile per un&#8217;inalazione intensa.<br \/>\nIl rifornimento della B60 \u00e8 semplice e, grazie al suo design di riempimento dall&#8217;alto, \u00e8 sufficiente svitare il coperchio del serbatoio per trovare la porta di riempimento. \u00c8 possibile scegliere tra bobine da 0,2 Ohm e 0,6 Ohm, ma suggeriamo di abbinare il Geekvape Aegis Boost 2 a e-liquid ad alto contenuto di VG, indipendentemente dalla bobina scelta.<br \/>\n<img loading=\"lazy\" decoding=\"async\" class=\"alignnone size-full wp-image-383695\" src=\"https:\/\/justvape.nu\/wp-content\/uploads\/2021\/05\/Color-Scheme.png\" alt=\"\" width=\"950\" height=\"64\" title=\"\" srcset=\"https:\/\/justvape.nu\/wp-content\/uploads\/2021\/05\/Color-Scheme.png 950w, https:\/\/justvape.nu\/wp-content\/uploads\/2021\/05\/Color-Scheme-600x40.png 600w, https:\/\/justvape.nu\/wp-content\/uploads\/2021\/05\/Color-Scheme-64x4.png 64w, https:\/\/justvape.nu\/wp-content\/uploads\/2021\/05\/Color-Scheme-300x20.png 300w, https:\/\/justvape.nu\/wp-content\/uploads\/2021\/05\/Color-Scheme-768x52.png 768w\" sizes=\"auto, (max-width: 950px) 100vw, 950px\" \/><\/p>\n<p class=\"description-img-center\"><img loading=\"lazy\" decoding=\"async\" class=\"alignnone size-full wp-image-452574\" src=\"https:\/\/justvape.nu\/wp-content\/uploads\/2022\/08\/GeekVape_B60_Pod_Mod_Kit_Full_Color.jpg\" alt=\"\" width=\"800\" height=\"286\" title=\"\" srcset=\"https:\/\/justvape.nu\/wp-content\/uploads\/2022\/08\/GeekVape_B60_Pod_Mod_Kit_Full_Color.jpg 800w, https:\/\/justvape.nu\/wp-content\/uploads\/2022\/08\/GeekVape_B60_Pod_Mod_Kit_Full_Color-300x107.jpg 300w, https:\/\/justvape.nu\/wp-content\/uploads\/2022\/08\/GeekVape_B60_Pod_Mod_Kit_Full_Color-768x275.jpg 768w, https:\/\/justvape.nu\/wp-content\/uploads\/2022\/08\/GeekVape_B60_Pod_Mod_Kit_Full_Color-600x215.jpg 600w, https:\/\/justvape.nu\/wp-content\/uploads\/2022\/08\/GeekVape_B60_Pod_Mod_Kit_Full_Color-64x23.jpg 64w\" sizes=\"auto, (max-width: 800px) 100vw, 800px\" \/><\/p>\n<div class=\"shop-features \">\n<h2 class=\"shop-features-title \"><img loading=\"lazy\" decoding=\"async\" class=\"alignnone size-full wp-image-390997\" src=\"https:\/\/justvape.nu\/wp-content\/uploads\/2021\/06\/Specifications1.png\" alt=\"\" width=\"950\" height=\"64\" title=\"\" srcset=\"https:\/\/justvape.nu\/wp-content\/uploads\/2021\/06\/Specifications1.png 950w, https:\/\/justvape.nu\/wp-content\/uploads\/2021\/06\/Specifications1-600x40.png 600w, https:\/\/justvape.nu\/wp-content\/uploads\/2021\/06\/Specifications1-64x4.png 64w, https:\/\/justvape.nu\/wp-content\/uploads\/2021\/06\/Specifications1-300x20.png 300w, https:\/\/justvape.nu\/wp-content\/uploads\/2021\/06\/Specifications1-768x52.png 768w\" sizes=\"auto, (max-width: 950px) 100vw, 950px\" \/><\/h2>\n<\/div>\n<p><strong class=\"description-little-title\">GeekVape B60 60W Kit Parametri:<\/strong><\/p>\n<table class=\"description-table\">\n<tbody>\n<tr>\n<td class=\"strong-title \">Marchio<\/td>\n<td class=\"inline\">GeekVape<\/td>\n<\/tr>\n<tr>\n<td class=\"strong-title \">Nome del prodotto<\/td>\n<td class=\"inline\">Kit B60 (Aegis Boost 2)<\/td>\n<\/tr>\n<tr>\n<td class=\"strong-title \">Capacit\u00e0 della batteria<\/td>\n<td class=\"inline\">Batteria integrata da 2000 mAh<\/td>\n<\/tr>\n<tr>\n<td class=\"strong-title \">Potenza d&#8217;uscita<\/td>\n<td class=\"inline\">5W-60W<\/td>\n<\/tr>\n<tr>\n<td class=\"strong-title \">Corrente di uscita massima<\/td>\n<td class=\"inline\">20A<\/td>\n<\/tr>\n<tr>\n<td class=\"strong-title \">Tensione di uscita massima<\/td>\n<td class=\"inline\">7.5V<\/td>\n<\/tr>\n<tr>\n<td class=\"strong-title \">Carica<\/td>\n<td class=\"inline\">Ricarica di tipo C<\/td>\n<\/tr>\n<tr>\n<td class=\"strong-title \">Schermo di visualizzazione<\/td>\n<td class=\"inline\">Schermo a colori TFT da 0,96 pollici<\/td>\n<\/tr>\n<tr>\n<td class=\"strong-title \">Capacit\u00e0<\/td>\n<td class=\"inline\">2ml<\/td>\n<\/tr>\n<tr>\n<td class=\"strong-title \">Flusso d&#8217;aria<\/td>\n<td class=\"inline\">Flusso d&#8217;aria superiore<\/td>\n<\/tr>\n<tr>\n<td class=\"strong-title \">In forma per<\/td>\n<td class=\"inline\">Geekvape B60 (Aegis Boost 2) Cartuccia Pod vuota, GeekVape Serie B Coil<\/td>\n<\/tr>\n<tr>\n<td class=\"strong-title \">Colore<\/td>\n<td class=\"inline\">Rosso blu, Argento, Verde bottiglia, Rosso oro, Nero, Blu menta, Arcobaleno<\/td>\n<\/tr>\n<\/tbody>\n<\/table>\n<div class=\"shop-features \">\n<h2 class=\"shop-features-title \"><img loading=\"lazy\" decoding=\"async\" class=\"alignnone size-full wp-image-18994\" src=\"https:\/\/justvape.nu\/wp-content\/uploads\/2018\/05\/Features.png\" alt=\"\" width=\"950\" height=\"64\" title=\"\" srcset=\"https:\/\/justvape.nu\/wp-content\/uploads\/2018\/05\/Features.png 950w, https:\/\/justvape.nu\/wp-content\/uploads\/2018\/05\/Features-555x37.png 555w, https:\/\/justvape.nu\/wp-content\/uploads\/2018\/05\/Features-64x4.png 64w, https:\/\/justvape.nu\/wp-content\/uploads\/2018\/05\/Features-300x20.png 300w, https:\/\/justvape.nu\/wp-content\/uploads\/2018\/05\/Features-768x52.png 768w\" sizes=\"auto, (max-width: 950px) 100vw, 950px\" \/><\/h2>\n<\/div>\n<p><strong class=\"description-little-title\">GeekVape B60 Dettagli:<\/strong><\/p>\n<ul>\n<li style=\"list-style-type: none;\">\n<ul>\n<li>1. Nuovo boost con nuova tecnologia tri-proof<\/li>\n<li>2. Batteria integrata da 2000 mAh con uscita stabile da 60 W<\/li>\n<li>3. Tecnologia buck-boost a uscita stabile per un sapore costante<\/li>\n<li>4. Display curvo a LED da 0,96 pollici e interfaccia utente completamente rinnovata<\/li>\n<li>5. Chip AS 3.0 con modalit\u00e0 di lavoro intelligenti<\/li>\n<li>6. Modalit\u00e0 Boost\/Smart per selezionare automaticamente l&#8217;uscita massima per le nuvole massime.<\/li>\n<li>7. Resistenza all&#8217;acqua e alla polvere con grado di protezione IP68 e resistenza agli urti di livello superiore.<\/li>\n<li>8. Dotato di un blocco di protezione contro la pressione accidentale, sicuro da trasportare.<\/li>\n<li>9. Capacit\u00e0 di 5 ml, flusso d&#8217;aria superiore e cartuccia a prova di perdite<\/li>\n<li>10. Adatta alla pod vuota B60 (Aegis Boost 2) e a tutte le bobine della serie B.<\/li>\n<\/ul>\n<\/li>\n<\/ul>\n<p><img loading=\"lazy\" decoding=\"async\" class=\"alignnone size-full wp-image-452585\" src=\"https:\/\/justvape.nu\/wp-content\/uploads\/2022\/08\/GeekVape_B60_Pod_Mod_Kit.jpg\" alt=\"\" width=\"831\" height=\"389\" title=\"\" srcset=\"https:\/\/justvape.nu\/wp-content\/uploads\/2022\/08\/GeekVape_B60_Pod_Mod_Kit.jpg 831w, https:\/\/justvape.nu\/wp-content\/uploads\/2022\/08\/GeekVape_B60_Pod_Mod_Kit-300x140.jpg 300w, https:\/\/justvape.nu\/wp-content\/uploads\/2022\/08\/GeekVape_B60_Pod_Mod_Kit-768x360.jpg 768w, https:\/\/justvape.nu\/wp-content\/uploads\/2022\/08\/GeekVape_B60_Pod_Mod_Kit-600x281.jpg 600w, https:\/\/justvape.nu\/wp-content\/uploads\/2022\/08\/GeekVape_B60_Pod_Mod_Kit-64x30.jpg 64w\" sizes=\"auto, (max-width: 831px) 100vw, 831px\" \/> <img loading=\"lazy\" decoding=\"async\" class=\"alignnone size-full wp-image-452595\" src=\"https:\/\/justvape.nu\/wp-content\/uploads\/2022\/08\/GeekVape_B60_Pod_Mod_Kit_IP68_Rating.jpg\" alt=\"\" width=\"831\" height=\"414\" title=\"\" srcset=\"https:\/\/justvape.nu\/wp-content\/uploads\/2022\/08\/GeekVape_B60_Pod_Mod_Kit_IP68_Rating.jpg 831w, https:\/\/justvape.nu\/wp-content\/uploads\/2022\/08\/GeekVape_B60_Pod_Mod_Kit_IP68_Rating-300x149.jpg 300w, https:\/\/justvape.nu\/wp-content\/uploads\/2022\/08\/GeekVape_B60_Pod_Mod_Kit_IP68_Rating-768x383.jpg 768w, https:\/\/justvape.nu\/wp-content\/uploads\/2022\/08\/GeekVape_B60_Pod_Mod_Kit_IP68_Rating-600x299.jpg 600w, https:\/\/justvape.nu\/wp-content\/uploads\/2022\/08\/GeekVape_B60_Pod_Mod_Kit_IP68_Rating-64x32.jpg 64w\" sizes=\"auto, (max-width: 831px) 100vw, 831px\" \/> <img loading=\"lazy\" decoding=\"async\" class=\"alignnone size-full wp-image-452605\" src=\"https:\/\/justvape.nu\/wp-content\/uploads\/2022\/08\/GeekVape_B60_Pod_Mod_Kit_Boosting.jpg\" alt=\"\" width=\"831\" height=\"431\" title=\"\" srcset=\"https:\/\/justvape.nu\/wp-content\/uploads\/2022\/08\/GeekVape_B60_Pod_Mod_Kit_Boosting.jpg 831w, https:\/\/justvape.nu\/wp-content\/uploads\/2022\/08\/GeekVape_B60_Pod_Mod_Kit_Boosting-300x156.jpg 300w, https:\/\/justvape.nu\/wp-content\/uploads\/2022\/08\/GeekVape_B60_Pod_Mod_Kit_Boosting-768x398.jpg 768w, https:\/\/justvape.nu\/wp-content\/uploads\/2022\/08\/GeekVape_B60_Pod_Mod_Kit_Boosting-600x311.jpg 600w, https:\/\/justvape.nu\/wp-content\/uploads\/2022\/08\/GeekVape_B60_Pod_Mod_Kit_Boosting-64x33.jpg 64w\" sizes=\"auto, (max-width: 831px) 100vw, 831px\" \/> <img loading=\"lazy\" decoding=\"async\" class=\"alignnone size-full wp-image-452615\" src=\"https:\/\/justvape.nu\/wp-content\/uploads\/2022\/08\/GeekVape_B60_Pod_Mod_Kit_Features.jpg\" alt=\"\" width=\"831\" height=\"329\" title=\"\" srcset=\"https:\/\/justvape.nu\/wp-content\/uploads\/2022\/08\/GeekVape_B60_Pod_Mod_Kit_Features.jpg 831w, https:\/\/justvape.nu\/wp-content\/uploads\/2022\/08\/GeekVape_B60_Pod_Mod_Kit_Features-300x119.jpg 300w, https:\/\/justvape.nu\/wp-content\/uploads\/2022\/08\/GeekVape_B60_Pod_Mod_Kit_Features-768x304.jpg 768w, https:\/\/justvape.nu\/wp-content\/uploads\/2022\/08\/GeekVape_B60_Pod_Mod_Kit_Features-600x238.jpg 600w, https:\/\/justvape.nu\/wp-content\/uploads\/2022\/08\/GeekVape_B60_Pod_Mod_Kit_Features-64x25.jpg 64w\" sizes=\"auto, (max-width: 831px) 100vw, 831px\" \/> <img loading=\"lazy\" decoding=\"async\" class=\"alignnone size-full wp-image-452625\" src=\"https:\/\/justvape.nu\/wp-content\/uploads\/2022\/08\/GeekVape_B60_Pod_Mod_Kit_Safe_Lock.jpg\" alt=\"\" width=\"831\" height=\"429\" title=\"\" srcset=\"https:\/\/justvape.nu\/wp-content\/uploads\/2022\/08\/GeekVape_B60_Pod_Mod_Kit_Safe_Lock.jpg 831w, https:\/\/justvape.nu\/wp-content\/uploads\/2022\/08\/GeekVape_B60_Pod_Mod_Kit_Safe_Lock-300x155.jpg 300w, https:\/\/justvape.nu\/wp-content\/uploads\/2022\/08\/GeekVape_B60_Pod_Mod_Kit_Safe_Lock-768x396.jpg 768w, https:\/\/justvape.nu\/wp-content\/uploads\/2022\/08\/GeekVape_B60_Pod_Mod_Kit_Safe_Lock-600x310.jpg 600w, https:\/\/justvape.nu\/wp-content\/uploads\/2022\/08\/GeekVape_B60_Pod_Mod_Kit_Safe_Lock-64x33.jpg 64w\" sizes=\"auto, (max-width: 831px) 100vw, 831px\" \/> <img loading=\"lazy\" decoding=\"async\" class=\"alignnone size-full wp-image-452635\" src=\"https:\/\/justvape.nu\/wp-content\/uploads\/2022\/08\/GeekVape_B60_Kit_AS_Chip.jpg\" alt=\"\" width=\"831\" height=\"366\" title=\"\" srcset=\"https:\/\/justvape.nu\/wp-content\/uploads\/2022\/08\/GeekVape_B60_Kit_AS_Chip.jpg 831w, https:\/\/justvape.nu\/wp-content\/uploads\/2022\/08\/GeekVape_B60_Kit_AS_Chip-300x132.jpg 300w, https:\/\/justvape.nu\/wp-content\/uploads\/2022\/08\/GeekVape_B60_Kit_AS_Chip-768x338.jpg 768w, https:\/\/justvape.nu\/wp-content\/uploads\/2022\/08\/GeekVape_B60_Kit_AS_Chip-600x264.jpg 600w, https:\/\/justvape.nu\/wp-content\/uploads\/2022\/08\/GeekVape_B60_Kit_AS_Chip-64x28.jpg 64w\" sizes=\"auto, (max-width: 831px) 100vw, 831px\" \/> <img loading=\"lazy\" decoding=\"async\" class=\"alignnone size-full wp-image-452645\" src=\"https:\/\/justvape.nu\/wp-content\/uploads\/2022\/08\/GeekVape_B60_Pod_Mod_Kit_Screen.jpg\" alt=\"\" width=\"831\" height=\"406\" title=\"\" srcset=\"https:\/\/justvape.nu\/wp-content\/uploads\/2022\/08\/GeekVape_B60_Pod_Mod_Kit_Screen.jpg 831w, https:\/\/justvape.nu\/wp-content\/uploads\/2022\/08\/GeekVape_B60_Pod_Mod_Kit_Screen-300x147.jpg 300w, https:\/\/justvape.nu\/wp-content\/uploads\/2022\/08\/GeekVape_B60_Pod_Mod_Kit_Screen-768x375.jpg 768w, https:\/\/justvape.nu\/wp-content\/uploads\/2022\/08\/GeekVape_B60_Pod_Mod_Kit_Screen-600x293.jpg 600w, https:\/\/justvape.nu\/wp-content\/uploads\/2022\/08\/GeekVape_B60_Pod_Mod_Kit_Screen-64x31.jpg 64w\" sizes=\"auto, (max-width: 831px) 100vw, 831px\" \/> <img loading=\"lazy\" decoding=\"async\" class=\"alignnone size-full wp-image-452655\" src=\"https:\/\/justvape.nu\/wp-content\/uploads\/2022\/08\/GeekVape_B60_Pod_Mod_Kit_Leakproof.jpg\" alt=\"\" width=\"831\" height=\"326\" title=\"\" srcset=\"https:\/\/justvape.nu\/wp-content\/uploads\/2022\/08\/GeekVape_B60_Pod_Mod_Kit_Leakproof.jpg 831w, https:\/\/justvape.nu\/wp-content\/uploads\/2022\/08\/GeekVape_B60_Pod_Mod_Kit_Leakproof-300x118.jpg 300w, https:\/\/justvape.nu\/wp-content\/uploads\/2022\/08\/GeekVape_B60_Pod_Mod_Kit_Leakproof-768x301.jpg 768w, https:\/\/justvape.nu\/wp-content\/uploads\/2022\/08\/GeekVape_B60_Pod_Mod_Kit_Leakproof-600x235.jpg 600w, https:\/\/justvape.nu\/wp-content\/uploads\/2022\/08\/GeekVape_B60_Pod_Mod_Kit_Leakproof-64x25.jpg 64w\" sizes=\"auto, (max-width: 831px) 100vw, 831px\" \/> <img loading=\"lazy\" decoding=\"async\" class=\"alignnone size-full wp-image-452665\" src=\"https:\/\/justvape.nu\/wp-content\/uploads\/2022\/08\/GeekVape_B60_Pod_Mod_Kit_Battery.jpg\" alt=\"\" width=\"831\" height=\"435\" title=\"\" srcset=\"https:\/\/justvape.nu\/wp-content\/uploads\/2022\/08\/GeekVape_B60_Pod_Mod_Kit_Battery.jpg 831w, https:\/\/justvape.nu\/wp-content\/uploads\/2022\/08\/GeekVape_B60_Pod_Mod_Kit_Battery-300x157.jpg 300w, https:\/\/justvape.nu\/wp-content\/uploads\/2022\/08\/GeekVape_B60_Pod_Mod_Kit_Battery-768x402.jpg 768w, https:\/\/justvape.nu\/wp-content\/uploads\/2022\/08\/GeekVape_B60_Pod_Mod_Kit_Battery-600x314.jpg 600w, https:\/\/justvape.nu\/wp-content\/uploads\/2022\/08\/GeekVape_B60_Pod_Mod_Kit_Battery-64x34.jpg 64w\" sizes=\"auto, (max-width: 831px) 100vw, 831px\" \/><\/p>\n<div class=\"shop-features \">\n<h2 class=\"shop-features-title \"><img loading=\"lazy\" decoding=\"async\" class=\"alignnone size-full wp-image-229154\" src=\"https:\/\/justvape.nu\/wp-content\/uploads\/2018\/04\/Packing-List.png\" alt=\"\" width=\"950\" height=\"64\" title=\"\" srcset=\"https:\/\/justvape.nu\/wp-content\/uploads\/2018\/04\/Packing-List.png 950w, https:\/\/justvape.nu\/wp-content\/uploads\/2018\/04\/Packing-List-600x40.png 600w, https:\/\/justvape.nu\/wp-content\/uploads\/2018\/04\/Packing-List-64x4.png 64w, https:\/\/justvape.nu\/wp-content\/uploads\/2018\/04\/Packing-List-300x20.png 300w, https:\/\/justvape.nu\/wp-content\/uploads\/2018\/04\/Packing-List-768x52.png 768w\" sizes=\"auto, (max-width: 950px) 100vw, 950px\" \/><\/h2>\n<\/div>\n<p><strong class=\"description-little-title \">La confezione del kit GeekVape Aegis Boost 2 viene fornita con:<\/strong><\/p>\n<p>1* GeekVape B60 (Aegis Boost 2) Mod<br \/>\n1* Pod GeekVape B60 (Aegis Boost 2) (2ml)<br \/>\n2* Bobina GeekVape B Series (preinstallata: 0.2\u03a9, 50-58W, bobina di ricambio: 0.6\u03a9 15-25W)<br \/>\n1* Strumento per bobine<br \/>\n1* Cavo USB Tipo-C<\/p>\n<p>&nbsp;<\/p>\n","protected":false},"excerpt":{"rendered":"<p>GEEKVAPE &#8211; KIT DI SVAPO B60 (BOOST 2)<\/p>\n","protected":false},"featured_media":664919,"comment_status":"open","ping_status":"closed","template":"","meta":{"_acf_changed":false,"_uag_custom_page_level_css":"","site-sidebar-layout":"default","site-content-layout":"default","ast-site-content-layout":"default","site-content-style":"default","site-sidebar-style":"default","ast-global-header-display":"","ast-banner-title-visibility":"","ast-main-header-display":"","ast-hfb-above-header-display":"","ast-hfb-below-header-display":"","ast-hfb-mobile-header-display":"","site-post-title":"","ast-breadcrumbs-content":"","ast-featured-img":"","footer-sml-layout":"","ast-disable-related-posts":"","theme-transparent-header-meta":"default","adv-header-id-meta":"","stick-header-meta":"default","header-above-stick-meta":"","header-main-stick-meta":"","header-below-stick-meta":"","astra-migrate-meta-layouts":"default","ast-page-background-enabled":"default","ast-page-background-meta":{"desktop":{"background-color":"","background-image":"","background-repeat":"repeat","background-position":"center center","background-size":"auto","background-attachment":"scroll","background-type":"","background-media":"","overlay-type":"","overlay-color":"","overlay-opacity":"","overlay-gradient":""},"tablet":{"background-color":"","background-image":"","background-repeat":"repeat","background-position":"center center","background-size":"auto","background-attachment":"scroll","background-type":"","background-media":"","overlay-type":"","overlay-color":"","overlay-opacity":"","overlay-gradient":""},"mobile":{"background-color":"","background-image":"","background-repeat":"repeat","background-position":"center center","background-size":"auto","background-attachment":"scroll","background-type":"","background-media":"","overlay-type":"","overlay-color":"","overlay-opacity":"","overlay-gradient":""}},"ast-content-background-meta":{"desktop":{"background-color":"var(--ast-global-color-5)","background-image":"","background-repeat":"repeat","background-position":"center center","background-size":"auto","background-attachment":"scroll","background-type":"","background-media":"","overlay-type":"","overlay-color":"","overlay-opacity":"","overlay-gradient":""},"tablet":{"background-color":"var(--ast-global-color-5)","background-image":"","background-repeat":"repeat","background-position":"center center","background-size":"auto","background-attachment":"scroll","background-type":"","background-media":"","overlay-type":"","overlay-color":"","overlay-opacity":"","overlay-gradient":""},"mobile":{"background-color":"var(--ast-global-color-5)","background-image":"","background-repeat":"repeat","background-position":"center center","background-size":"auto","background-attachment":"scroll","background-type":"","background-media":"","overlay-type":"","overlay-color":"","overlay-opacity":"","overlay-gradient":""}}},"product_brand":[],"product_cat":[4694,3242,2517,2079,2518,2069],"product_tag":[],"class_list":{"0":"post-453501","1":"product","2":"type-product","3":"status-publish","4":"has-post-thumbnail","6":"product_cat-featured-e-cigarettes-it","7":"product_cat-geekvape-it-2","8":"product_cat-hardware-it","9":"product_cat-kit-per-principianti-e-pod","10":"product_cat-shop-by-brand-it","11":"product_cat-sigarette-elettroniche","12":"desktop-align-center","13":"tablet-align-center","14":"mobile-align-center","15":"ast-product-gallery-layout-horizontal-slider","16":"ast-product-gallery-with-no-image","17":"ast-product-single-variable","18":"ast-product-tabs-layout-horizontal","20":"first","21":"instock","22":"sale","23":"featured","24":"taxable","25":"shipping-taxable","26":"purchasable","27":"product-type-variable"},"acf":[],"uagb_featured_image_src":{"full":["https:\/\/justvape.nu\/wp-content\/uploads\/2022\/08\/GeekVape_B60_AegisBoost2__GROUP_2048x2048_db0ffffa-ca57-4830-8347-2b02fb214ed4.webp",2048,2048,false],"thumbnail":["https:\/\/justvape.nu\/wp-content\/uploads\/2022\/08\/GeekVape_B60_AegisBoost2__GROUP_2048x2048_db0ffffa-ca57-4830-8347-2b02fb214ed4-150x150.webp",150,150,true],"medium":["https:\/\/justvape.nu\/wp-content\/uploads\/2022\/08\/GeekVape_B60_AegisBoost2__GROUP_2048x2048_db0ffffa-ca57-4830-8347-2b02fb214ed4-300x300.webp",300,300,true],"medium_large":["https:\/\/justvape.nu\/wp-content\/uploads\/2022\/08\/GeekVape_B60_AegisBoost2__GROUP_2048x2048_db0ffffa-ca57-4830-8347-2b02fb214ed4-768x768.webp",768,768,true],"large":["https:\/\/justvape.nu\/wp-content\/uploads\/2022\/08\/GeekVape_B60_AegisBoost2__GROUP_2048x2048_db0ffffa-ca57-4830-8347-2b02fb214ed4-1024x1024.webp",1024,1024,true],"1536x1536":["https:\/\/justvape.nu\/wp-content\/uploads\/2022\/08\/GeekVape_B60_AegisBoost2__GROUP_2048x2048_db0ffffa-ca57-4830-8347-2b02fb214ed4-1536x1536.webp",1536,1536,true],"2048x2048":["https:\/\/justvape.nu\/wp-content\/uploads\/2022\/08\/GeekVape_B60_AegisBoost2__GROUP_2048x2048_db0ffffa-ca57-4830-8347-2b02fb214ed4.webp",2048,2048,false],"woocommerce_thumbnail":["https:\/\/justvape.nu\/wp-content\/uploads\/2022\/08\/GeekVape_B60_AegisBoost2__GROUP_2048x2048_db0ffffa-ca57-4830-8347-2b02fb214ed4-300x300.webp",300,300,true],"woocommerce_single":["https:\/\/justvape.nu\/wp-content\/uploads\/2022\/08\/GeekVape_B60_AegisBoost2__GROUP_2048x2048_db0ffffa-ca57-4830-8347-2b02fb214ed4-600x600.webp",600,600,true],"woocommerce_gallery_thumbnail":["https:\/\/justvape.nu\/wp-content\/uploads\/2022\/08\/GeekVape_B60_AegisBoost2__GROUP_2048x2048_db0ffffa-ca57-4830-8347-2b02fb214ed4-100x100.webp",100,100,true],"dgwt-wcas-product-suggestion":["https:\/\/justvape.nu\/wp-content\/uploads\/2022\/08\/GeekVape_B60_AegisBoost2__GROUP_2048x2048_db0ffffa-ca57-4830-8347-2b02fb214ed4-64x64.webp",64,64,true]},"uagb_author_info":{"display_name":"JustVape.nu","author_link":"https:\/\/justvape.nu\/it\/author\/"},"uagb_comment_info":0,"uagb_excerpt":"GEEKVAPE - KIT DI SVAPO B60 (BOOST 2)","_links":{"self":[{"href":"https:\/\/justvape.nu\/it\/wp-json\/wp\/v2\/product\/453501","targetHints":{"allow":["GET"]}}],"collection":[{"href":"https:\/\/justvape.nu\/it\/wp-json\/wp\/v2\/product"}],"about":[{"href":"https:\/\/justvape.nu\/it\/wp-json\/wp\/v2\/types\/product"}],"replies":[{"embeddable":true,"href":"https:\/\/justvape.nu\/it\/wp-json\/wp\/v2\/comments?post=453501"}],"wp:featuredmedia":[{"embeddable":true,"href":"https:\/\/justvape.nu\/it\/wp-json\/wp\/v2\/media\/664919"}],"wp:attachment":[{"href":"https:\/\/justvape.nu\/it\/wp-json\/wp\/v2\/media?parent=453501"}],"wp:term":[{"taxonomy":"product_brand","embeddable":true,"href":"https:\/\/justvape.nu\/it\/wp-json\/wp\/v2\/product_brand?post=453501"},{"taxonomy":"product_cat","embeddable":true,"href":"https:\/\/justvape.nu\/it\/wp-json\/wp\/v2\/product_cat?post=453501"},{"taxonomy":"product_tag","embeddable":true,"href":"https:\/\/justvape.nu\/it\/wp-json\/wp\/v2\/product_tag?post=453501"}],"curies":[{"name":"wp","href":"https:\/\/api.w.org\/{rel}","templated":true}]}}