{"id":453217,"date":"2022-08-01T22:26:40","date_gmt":"2022-08-01T20:26:40","guid":{"rendered":"https:\/\/justvape.nu\/produkt\/uwell-sistema-di-cialde-caliburn-a2s\/"},"modified":"2025-08-09T19:42:03","modified_gmt":"2025-08-09T17:42:03","slug":"sistema-uwell-caliburn-a2s-pod","status":"publish","type":"product","link":"https:\/\/justvape.nu\/it\/produkt\/sistema-uwell-caliburn-a2s-pod\/","title":{"rendered":"UWELL &#8211; SISTEMA DI CIALDE CALIBURN A2S"},"content":{"rendered":"<h2>UWELL &#8211; SISTEMA DI CIALDE CALIBURN A2S &#8211; A2 NUOVO E MIGLIORATO<\/h2>\n<p>Il kit di cialde Uwell Caliburn A2S \u00e8 elegante e raffinato. Si tratta di un kit ideale per i vapers meno esperti, in quanto \u00e8 facile da usare e fornisce una svapata MTL (Mouth To Lung). Alimentata da una batteria integrata da 520 mAh, consente di svapare pi\u00f9 a lungo tra una ricarica e l&#8217;altra. Ogni kit include due cialde ricaricabili Caliburn A2 da 1,2 Ohm, dotate di una bobina a rete incorporata per un aroma migliore.<\/p>\n<p>Grazie al design senza pulsanti e all&#8217;attivazione dell&#8217;inalazione, \u00e8 possibile svapare soffiando sul bocchino. Questo kit utilizza anche un wattaggio fisso per offrire un sapore e una produzione di vapore costanti dalla prima all&#8217;ultima boccata. Anche su questo kit \u00e8 presente una piccola finestra, in modo da poter vedere meglio quanto e-liquid \u00e8 rimasto nel serbatoio.<\/p>\n<p>Le cialde Caliburn A2 da 1,2 Ohm incluse in questo kit consentono ricariche rapide e meno disordinate. Questo kit \u00e8 dotato di una porta di riempimento laterale che pu\u00f2 essere facilmente rimossa per riempire la capsula con i vostri e-liquid preferiti. La bobina \u00e8 incorporata in questa capsula, il che significa che non \u00e8 necessario cambiare la bobina in modo disordinato: quando una \u00e8 finita, \u00e8 possibile sostituirla con una nuova. Si consiglia di abbinare queste cialde a e-liquid 50\/50 e ad alto contenuto di PG.<\/p>\n<p><strong>Nota: questo kit non \u00e8 venduto con un cavo di ricarica USB-C e viene venduto separatamente.<\/strong><\/p>\n<p><img loading=\"lazy\" decoding=\"async\" class=\"alignnone size-full wp-image-383695\" src=\"https:\/\/justvape.nu\/wp-content\/uploads\/2021\/05\/Color-Scheme.png\" alt=\"\" width=\"950\" height=\"64\" title=\"\" srcset=\"https:\/\/justvape.nu\/wp-content\/uploads\/2021\/05\/Color-Scheme.png 950w, https:\/\/justvape.nu\/wp-content\/uploads\/2021\/05\/Color-Scheme-600x40.png 600w, https:\/\/justvape.nu\/wp-content\/uploads\/2021\/05\/Color-Scheme-64x4.png 64w, https:\/\/justvape.nu\/wp-content\/uploads\/2021\/05\/Color-Scheme-300x20.png 300w, https:\/\/justvape.nu\/wp-content\/uploads\/2021\/05\/Color-Scheme-768x52.png 768w\" sizes=\"auto, (max-width: 950px) 100vw, 950px\" \/><\/p>\n<p><img loading=\"lazy\" decoding=\"async\" class=\"alignnone size-full wp-image-452937\" src=\"https:\/\/justvape.nu\/wp-content\/uploads\/2022\/08\/Uwell-CALIBURN-A2S-Pod-System-Kit_500x.jpg\" alt=\"\" width=\"757\" height=\"319\" title=\"\" srcset=\"https:\/\/justvape.nu\/wp-content\/uploads\/2022\/08\/Uwell-CALIBURN-A2S-Pod-System-Kit_500x.jpg 757w, https:\/\/justvape.nu\/wp-content\/uploads\/2022\/08\/Uwell-CALIBURN-A2S-Pod-System-Kit_500x-300x126.jpg 300w, https:\/\/justvape.nu\/wp-content\/uploads\/2022\/08\/Uwell-CALIBURN-A2S-Pod-System-Kit_500x-600x253.jpg 600w, https:\/\/justvape.nu\/wp-content\/uploads\/2022\/08\/Uwell-CALIBURN-A2S-Pod-System-Kit_500x-64x27.jpg 64w\" sizes=\"auto, (max-width: 757px) 100vw, 757px\" \/><\/p>\n<p><img loading=\"lazy\" decoding=\"async\" class=\"alignnone size-full wp-image-229154\" src=\"https:\/\/justvape.nu\/wp-content\/uploads\/2018\/04\/Packing-List.png\" alt=\"\" width=\"950\" height=\"64\" title=\"\" srcset=\"https:\/\/justvape.nu\/wp-content\/uploads\/2018\/04\/Packing-List.png 950w, https:\/\/justvape.nu\/wp-content\/uploads\/2018\/04\/Packing-List-600x40.png 600w, https:\/\/justvape.nu\/wp-content\/uploads\/2018\/04\/Packing-List-64x4.png 64w, https:\/\/justvape.nu\/wp-content\/uploads\/2018\/04\/Packing-List-300x20.png 300w, https:\/\/justvape.nu\/wp-content\/uploads\/2018\/04\/Packing-List-768x52.png 768w\" sizes=\"auto, (max-width: 950px) 100vw, 950px\" \/><\/p>\n<ul>\n<li>Dispositivo Caliburn A2S<\/li>\n<li>2 x 1,2 Ohm Uwell Caliburn A2 Pod di ricarica laterale e con 1,2 Ohm Uwell Caliburn A2S Pod di ricarica laterale<\/li>\n<li>Manuale d&#8217;uso<\/li>\n<\/ul>\n","protected":false},"excerpt":{"rendered":"<p>UWELL &#8211; SISTEMA DI CIALDE CALIBURN A2S<\/p>\n","protected":false},"featured_media":452953,"comment_status":"open","ping_status":"closed","template":"","meta":{"_acf_changed":false,"_uag_custom_page_level_css":"","site-sidebar-layout":"default","site-content-layout":"default","ast-site-content-layout":"default","site-content-style":"default","site-sidebar-style":"default","ast-global-header-display":"","ast-banner-title-visibility":"","ast-main-header-display":"","ast-hfb-above-header-display":"","ast-hfb-below-header-display":"","ast-hfb-mobile-header-display":"","site-post-title":"","ast-breadcrumbs-content":"","ast-featured-img":"","footer-sml-layout":"","ast-disable-related-posts":"","theme-transparent-header-meta":"default","adv-header-id-meta":"","stick-header-meta":"default","header-above-stick-meta":"","header-main-stick-meta":"","header-below-stick-meta":"","astra-migrate-meta-layouts":"default","ast-page-background-enabled":"default","ast-page-background-meta":{"desktop":{"background-color":"","background-image":"","background-repeat":"repeat","background-position":"center center","background-size":"auto","background-attachment":"scroll","background-type":"","background-media":"","overlay-type":"","overlay-color":"","overlay-opacity":"","overlay-gradient":""},"tablet":{"background-color":"","background-image":"","background-repeat":"repeat","background-position":"center center","background-size":"auto","background-attachment":"scroll","background-type":"","background-media":"","overlay-type":"","overlay-color":"","overlay-opacity":"","overlay-gradient":""},"mobile":{"background-color":"","background-image":"","background-repeat":"repeat","background-position":"center center","background-size":"auto","background-attachment":"scroll","background-type":"","background-media":"","overlay-type":"","overlay-color":"","overlay-opacity":"","overlay-gradient":""}},"ast-content-background-meta":{"desktop":{"background-color":"var(--ast-global-color-5)","background-image":"","background-repeat":"repeat","background-position":"center center","background-size":"auto","background-attachment":"scroll","background-type":"","background-media":"","overlay-type":"","overlay-color":"","overlay-opacity":"","overlay-gradient":""},"tablet":{"background-color":"var(--ast-global-color-5)","background-image":"","background-repeat":"repeat","background-position":"center center","background-size":"auto","background-attachment":"scroll","background-type":"","background-media":"","overlay-type":"","overlay-color":"","overlay-opacity":"","overlay-gradient":""},"mobile":{"background-color":"var(--ast-global-color-5)","background-image":"","background-repeat":"repeat","background-position":"center center","background-size":"auto","background-attachment":"scroll","background-type":"","background-media":"","overlay-type":"","overlay-color":"","overlay-opacity":"","overlay-gradient":""}}},"product_brand":[],"product_cat":[4694,2517,2079,1969,2518,2069,3429],"product_tag":[],"class_list":{"0":"post-453217","1":"product","2":"type-product","3":"status-publish","4":"has-post-thumbnail","6":"product_cat-featured-e-cigarettes-it","7":"product_cat-hardware-it","8":"product_cat-kit-per-principianti-e-pod","9":"product_cat-offerte","10":"product_cat-shop-by-brand-it","11":"product_cat-sigarette-elettroniche","12":"product_cat-uwell-it","13":"desktop-align-center","14":"tablet-align-center","15":"mobile-align-center","16":"ast-product-gallery-layout-horizontal-slider","17":"ast-product-gallery-with-no-image","18":"ast-product-single-variable","19":"ast-product-tabs-layout-horizontal","21":"first","22":"instock","23":"sale","24":"featured","25":"taxable","26":"shipping-taxable","27":"purchasable","28":"product-type-variable"},"acf":[],"uagb_featured_image_src":{"full":["https:\/\/justvape.nu\/wp-content\/uploads\/2022\/08\/uwell-caliburn-a2s-pod-kit-e-zigaretten-set.jpg",600,600,false],"thumbnail":["https:\/\/justvape.nu\/wp-content\/uploads\/2022\/08\/uwell-caliburn-a2s-pod-kit-e-zigaretten-set-150x150.jpg",150,150,true],"medium":["https:\/\/justvape.nu\/wp-content\/uploads\/2022\/08\/uwell-caliburn-a2s-pod-kit-e-zigaretten-set-300x300.jpg",300,300,true],"medium_large":["https:\/\/justvape.nu\/wp-content\/uploads\/2022\/08\/uwell-caliburn-a2s-pod-kit-e-zigaretten-set.jpg",600,600,false],"large":["https:\/\/justvape.nu\/wp-content\/uploads\/2022\/08\/uwell-caliburn-a2s-pod-kit-e-zigaretten-set.jpg",600,600,false],"1536x1536":["https:\/\/justvape.nu\/wp-content\/uploads\/2022\/08\/uwell-caliburn-a2s-pod-kit-e-zigaretten-set.jpg",600,600,false],"2048x2048":["https:\/\/justvape.nu\/wp-content\/uploads\/2022\/08\/uwell-caliburn-a2s-pod-kit-e-zigaretten-set.jpg",600,600,false],"woocommerce_thumbnail":["https:\/\/justvape.nu\/wp-content\/uploads\/2022\/08\/uwell-caliburn-a2s-pod-kit-e-zigaretten-set-300x300.jpg",300,300,true],"woocommerce_single":["https:\/\/justvape.nu\/wp-content\/uploads\/2022\/08\/uwell-caliburn-a2s-pod-kit-e-zigaretten-set.jpg",600,600,false],"woocommerce_gallery_thumbnail":["https:\/\/justvape.nu\/wp-content\/uploads\/2022\/08\/uwell-caliburn-a2s-pod-kit-e-zigaretten-set-100x100.jpg",100,100,true],"dgwt-wcas-product-suggestion":["https:\/\/justvape.nu\/wp-content\/uploads\/2022\/08\/uwell-caliburn-a2s-pod-kit-e-zigaretten-set-64x64.jpg",64,64,true]},"uagb_author_info":{"display_name":"JustVape.nu","author_link":"https:\/\/justvape.nu\/it\/author\/"},"uagb_comment_info":0,"uagb_excerpt":"UWELL - SISTEMA DI CIALDE CALIBURN A2S","_links":{"self":[{"href":"https:\/\/justvape.nu\/it\/wp-json\/wp\/v2\/product\/453217","targetHints":{"allow":["GET"]}}],"collection":[{"href":"https:\/\/justvape.nu\/it\/wp-json\/wp\/v2\/product"}],"about":[{"href":"https:\/\/justvape.nu\/it\/wp-json\/wp\/v2\/types\/product"}],"replies":[{"embeddable":true,"href":"https:\/\/justvape.nu\/it\/wp-json\/wp\/v2\/comments?post=453217"}],"wp:featuredmedia":[{"embeddable":true,"href":"https:\/\/justvape.nu\/it\/wp-json\/wp\/v2\/media\/452953"}],"wp:attachment":[{"href":"https:\/\/justvape.nu\/it\/wp-json\/wp\/v2\/media?parent=453217"}],"wp:term":[{"taxonomy":"product_brand","embeddable":true,"href":"https:\/\/justvape.nu\/it\/wp-json\/wp\/v2\/product_brand?post=453217"},{"taxonomy":"product_cat","embeddable":true,"href":"https:\/\/justvape.nu\/it\/wp-json\/wp\/v2\/product_cat?post=453217"},{"taxonomy":"product_tag","embeddable":true,"href":"https:\/\/justvape.nu\/it\/wp-json\/wp\/v2\/product_tag?post=453217"}],"curies":[{"name":"wp","href":"https:\/\/api.w.org\/{rel}","templated":true}]}}