{"id":450167,"date":"2022-07-19T11:36:56","date_gmt":"2022-07-19T09:36:56","guid":{"rendered":"https:\/\/justvape.nu\/produkt\/aspire-riil-x-pod\/"},"modified":"2022-07-19T11:36:56","modified_gmt":"2022-07-19T09:36:56","slug":"aspire-riil-x-pod-2","status":"publish","type":"product","link":"https:\/\/justvape.nu\/it\/produkt\/aspire-riil-x-pod-2\/","title":{"rendered":"ASPIRE &#8211; RIIL X POD"},"content":{"rendered":"<h2>ASPIRE &#8211; RIIL X POD<\/h2>\n<p>La cialda sostitutiva Aspire RiiL X ha una capacit\u00e0 di 2 ml di e-liquid ed \u00e8 stata appositamente progettata per l&#8217;uso con il kit di svapo Aspire RiiL X. Supportano il vaping MTL (Mouth To Lung), per una quantit\u00e0 di vapore pi\u00f9 discreta che riproduce la sensazione di una sigaretta, il che pu\u00f2 essere molto utile per chi passa dal fumo al vaping. Il cursore di controllo del flusso d&#8217;aria consente anche un&#8217;inalazione di tipo RDTL (Restricted Direct to Lung), in modo da avere ancora pi\u00f9 opzioni.<\/p>\n<p><strong>Caratteristiche:<\/strong><\/p>\n<ul>\n<li>Cialde ricaricabili da 2 ml<\/li>\n<li>Vaping MTL e RDTL<\/li>\n<li>Riempimento laterale<\/li>\n<li>Compatibile con le bobine a rete<\/li>\n<\/ul>\n<p>Le cialde hanno una capacit\u00e0 di 2 ml e la ricarica \u00e8 semplice grazie alla funzione di riempimento laterale. La bobina da 0,6 Ohm creer\u00e0 nuvole leggermente pi\u00f9 grandi rispetto alla versione da 1,0 Ohm, ma entrambe appartengono alla gamma di bobine Aspire AF e sono progettate per produrre discrete quantit\u00e0 di vapore. Per ottenere i migliori risultati, consigliamo di abbinare le bobine a e-liquid al 50% di PG o superiori. Potrete inoltre sperimentare un sapore pi\u00f9 pieno grazie alla bobina a rete che riscalda pi\u00f9 velocemente l&#8217;e-liquid. Inoltre, il flusso d&#8217;aria regolabile consente di impostare una sensazione di maggiore o minore intensit\u00e0 nell&#8217;inspirazione.<\/p>\n<p><strong>Contiene<\/strong><\/p>\n<ul>\n<li>1 Pod Aspire RiiL X<\/li>\n<\/ul>\n","protected":false},"excerpt":{"rendered":"<p>ASPIRE &#8211; RIIL X POD<\/p>\n","protected":false},"featured_media":449775,"comment_status":"open","ping_status":"closed","template":"","meta":{"_acf_changed":false,"_uag_custom_page_level_css":"","site-sidebar-layout":"default","site-content-layout":"default","ast-site-content-layout":"default","site-content-style":"default","site-sidebar-style":"default","ast-global-header-display":"","ast-banner-title-visibility":"","ast-main-header-display":"","ast-hfb-above-header-display":"","ast-hfb-below-header-display":"","ast-hfb-mobile-header-display":"","site-post-title":"","ast-breadcrumbs-content":"","ast-featured-img":"","footer-sml-layout":"","ast-disable-related-posts":"","theme-transparent-header-meta":"default","adv-header-id-meta":"","stick-header-meta":"default","header-above-stick-meta":"","header-main-stick-meta":"","header-below-stick-meta":"","astra-migrate-meta-layouts":"default","ast-page-background-enabled":"default","ast-page-background-meta":{"desktop":{"background-color":"","background-image":"","background-repeat":"repeat","background-position":"center center","background-size":"auto","background-attachment":"scroll","background-type":"","background-media":"","overlay-type":"","overlay-color":"","overlay-opacity":"","overlay-gradient":""},"tablet":{"background-color":"","background-image":"","background-repeat":"repeat","background-position":"center center","background-size":"auto","background-attachment":"scroll","background-type":"","background-media":"","overlay-type":"","overlay-color":"","overlay-opacity":"","overlay-gradient":""},"mobile":{"background-color":"","background-image":"","background-repeat":"repeat","background-position":"center center","background-size":"auto","background-attachment":"scroll","background-type":"","background-media":"","overlay-type":"","overlay-color":"","overlay-opacity":"","overlay-gradient":""}},"ast-content-background-meta":{"desktop":{"background-color":"var(--ast-global-color-5)","background-image":"","background-repeat":"repeat","background-position":"center center","background-size":"auto","background-attachment":"scroll","background-type":"","background-media":"","overlay-type":"","overlay-color":"","overlay-opacity":"","overlay-gradient":""},"tablet":{"background-color":"var(--ast-global-color-5)","background-image":"","background-repeat":"repeat","background-position":"center center","background-size":"auto","background-attachment":"scroll","background-type":"","background-media":"","overlay-type":"","overlay-color":"","overlay-opacity":"","overlay-gradient":""},"mobile":{"background-color":"var(--ast-global-color-5)","background-image":"","background-repeat":"repeat","background-position":"center center","background-size":"auto","background-attachment":"scroll","background-type":"","background-media":"","overlay-type":"","overlay-color":"","overlay-opacity":"","overlay-gradient":""}}},"product_brand":[],"product_cat":[2059,1979],"product_tag":[],"class_list":{"0":"post-450167","1":"product","2":"type-product","3":"status-publish","4":"has-post-thumbnail","6":"product_cat-bobine-pods","7":"product_cat-serbatoi-e-bobine","8":"desktop-align-center","9":"tablet-align-center","10":"mobile-align-center","11":"ast-product-gallery-layout-horizontal-slider","12":"ast-product-gallery-with-no-image","13":"ast-product-tabs-layout-horizontal","15":"first","16":"instock","17":"sale","18":"taxable","19":"shipping-taxable","20":"purchasable","21":"product-type-simple"},"acf":[],"uagb_featured_image_src":{"full":["https:\/\/justvape.nu\/wp-content\/uploads\/2022\/07\/Riil-X-Replacement-Pod.webp",700,700,false],"thumbnail":["https:\/\/justvape.nu\/wp-content\/uploads\/2022\/07\/Riil-X-Replacement-Pod-150x150.webp",150,150,true],"medium":["https:\/\/justvape.nu\/wp-content\/uploads\/2022\/07\/Riil-X-Replacement-Pod-300x300.webp",300,300,true],"medium_large":["https:\/\/justvape.nu\/wp-content\/uploads\/2022\/07\/Riil-X-Replacement-Pod.webp",700,700,false],"large":["https:\/\/justvape.nu\/wp-content\/uploads\/2022\/07\/Riil-X-Replacement-Pod.webp",700,700,false],"1536x1536":["https:\/\/justvape.nu\/wp-content\/uploads\/2022\/07\/Riil-X-Replacement-Pod.webp",700,700,false],"2048x2048":["https:\/\/justvape.nu\/wp-content\/uploads\/2022\/07\/Riil-X-Replacement-Pod.webp",700,700,false],"woocommerce_thumbnail":["https:\/\/justvape.nu\/wp-content\/uploads\/2022\/07\/Riil-X-Replacement-Pod-300x300.webp",300,300,true],"woocommerce_single":["https:\/\/justvape.nu\/wp-content\/uploads\/2022\/07\/Riil-X-Replacement-Pod-600x600.webp",600,600,true],"woocommerce_gallery_thumbnail":["https:\/\/justvape.nu\/wp-content\/uploads\/2022\/07\/Riil-X-Replacement-Pod-100x100.webp",100,100,true],"dgwt-wcas-product-suggestion":["https:\/\/justvape.nu\/wp-content\/uploads\/2022\/07\/Riil-X-Replacement-Pod-64x64.webp",64,64,true]},"uagb_author_info":{"display_name":"JustVape.nu","author_link":"https:\/\/justvape.nu\/it\/author\/"},"uagb_comment_info":0,"uagb_excerpt":"ASPIRE - RIIL X POD","_links":{"self":[{"href":"https:\/\/justvape.nu\/it\/wp-json\/wp\/v2\/product\/450167","targetHints":{"allow":["GET"]}}],"collection":[{"href":"https:\/\/justvape.nu\/it\/wp-json\/wp\/v2\/product"}],"about":[{"href":"https:\/\/justvape.nu\/it\/wp-json\/wp\/v2\/types\/product"}],"replies":[{"embeddable":true,"href":"https:\/\/justvape.nu\/it\/wp-json\/wp\/v2\/comments?post=450167"}],"wp:featuredmedia":[{"embeddable":true,"href":"https:\/\/justvape.nu\/it\/wp-json\/wp\/v2\/media\/449775"}],"wp:attachment":[{"href":"https:\/\/justvape.nu\/it\/wp-json\/wp\/v2\/media?parent=450167"}],"wp:term":[{"taxonomy":"product_brand","embeddable":true,"href":"https:\/\/justvape.nu\/it\/wp-json\/wp\/v2\/product_brand?post=450167"},{"taxonomy":"product_cat","embeddable":true,"href":"https:\/\/justvape.nu\/it\/wp-json\/wp\/v2\/product_cat?post=450167"},{"taxonomy":"product_tag","embeddable":true,"href":"https:\/\/justvape.nu\/it\/wp-json\/wp\/v2\/product_tag?post=450167"}],"curies":[{"name":"wp","href":"https:\/\/api.w.org\/{rel}","templated":true}]}}