{"id":446540,"date":"2022-07-02T17:09:12","date_gmt":"2022-07-02T15:09:12","guid":{"rendered":"https:\/\/justvape.nu\/produkt\/uwell-caliburn-gk2-vape-kit\/"},"modified":"2022-07-02T17:09:12","modified_gmt":"2022-07-02T15:09:12","slug":"uwell-caliburn-gk2-vape-kit-2","status":"publish","type":"product","link":"https:\/\/justvape.nu\/it\/produkt\/uwell-caliburn-gk2-vape-kit-2\/","title":{"rendered":"UWELL &#8211; CALIBURN GK2 VAPE KIT"},"content":{"rendered":"<h2>UWELL &#8211; CALIBURN GK2 VAPE KIT<\/h2>\n<p>Il nuovo kit da svapo Caliburn GK2 Pod Style di Uwell \u00e8 stato progettato con competenza ed \u00e8 un kit da svapo semplice da usare che offre prestazioni eccezionali. Il GK2 \u00e8 l&#8217;ultima novit\u00e0 hardware di Uwell e, grazie alle sue dimensioni compatte e tascabili e al suo design accattivante, questo dispositivo di vaping \u00e8 perfetto per i nuovi vapers e per chi \u00e8 sempre in movimento.<\/p>\n<p>Caliburn GK2 utilizza una capsula con capacit\u00e0 di 2 ml ed \u00e8 ideale per l&#8217;uso con liquidi elettronici ad alto contenuto di PG o di sali di nicotina. La capsula ospita una bobina Caliburn G da 0,8ohm o da 1,2ohm che vi permetter\u00e0 di adattare il vostro stile di svapo tra bocca a polmone e sub-ohm.<br \/>\nUwell ha progettato il GK2 pensando a uno svapo semplicistico e il kit di cialde \u00e8 dotato di un sistema di inalazione ad estrazione. Le cialde di ricambio Caliburn G2 sono incredibilmente facili da ricaricare, rendendo la vita eccezionalmente facile quando si utilizza questo elegante kit di svapo.<\/p>\n<p><img loading=\"lazy\" decoding=\"async\" class=\"alignnone size-full wp-image-383695\" src=\"https:\/\/justvape.nu\/wp-content\/uploads\/2021\/05\/Color-Scheme.png\" alt=\"\" width=\"950\" height=\"64\" title=\"\" srcset=\"https:\/\/justvape.nu\/wp-content\/uploads\/2021\/05\/Color-Scheme.png 950w, https:\/\/justvape.nu\/wp-content\/uploads\/2021\/05\/Color-Scheme-600x40.png 600w, https:\/\/justvape.nu\/wp-content\/uploads\/2021\/05\/Color-Scheme-64x4.png 64w, https:\/\/justvape.nu\/wp-content\/uploads\/2021\/05\/Color-Scheme-300x20.png 300w, https:\/\/justvape.nu\/wp-content\/uploads\/2021\/05\/Color-Scheme-768x52.png 768w\" sizes=\"auto, (max-width: 950px) 100vw, 950px\" \/><\/p>\n<p class=\"description-img-center\"><img loading=\"lazy\" decoding=\"async\" class=\"alignnone size-full wp-image-446364\" src=\"https:\/\/justvape.nu\/wp-content\/uploads\/2022\/07\/Uwell_Caliburn_GK2_Kit_Colors.jpg\" alt=\"\" width=\"800\" height=\"314\" title=\"\" srcset=\"https:\/\/justvape.nu\/wp-content\/uploads\/2022\/07\/Uwell_Caliburn_GK2_Kit_Colors.jpg 800w, https:\/\/justvape.nu\/wp-content\/uploads\/2022\/07\/Uwell_Caliburn_GK2_Kit_Colors-300x118.jpg 300w, https:\/\/justvape.nu\/wp-content\/uploads\/2022\/07\/Uwell_Caliburn_GK2_Kit_Colors-768x301.jpg 768w, https:\/\/justvape.nu\/wp-content\/uploads\/2022\/07\/Uwell_Caliburn_GK2_Kit_Colors-600x236.jpg 600w, https:\/\/justvape.nu\/wp-content\/uploads\/2022\/07\/Uwell_Caliburn_GK2_Kit_Colors-64x25.jpg 64w\" sizes=\"auto, (max-width: 800px) 100vw, 800px\" \/><\/p>\n<div class=\"shop-features \">\n<h2 class=\"shop-features-title \"><img loading=\"lazy\" decoding=\"async\" class=\"alignnone size-full wp-image-390997\" src=\"https:\/\/justvape.nu\/wp-content\/uploads\/2021\/06\/Specifications1.png\" alt=\"\" width=\"950\" height=\"64\" title=\"\" srcset=\"https:\/\/justvape.nu\/wp-content\/uploads\/2021\/06\/Specifications1.png 950w, https:\/\/justvape.nu\/wp-content\/uploads\/2021\/06\/Specifications1-600x40.png 600w, https:\/\/justvape.nu\/wp-content\/uploads\/2021\/06\/Specifications1-64x4.png 64w, https:\/\/justvape.nu\/wp-content\/uploads\/2021\/06\/Specifications1-300x20.png 300w, https:\/\/justvape.nu\/wp-content\/uploads\/2021\/06\/Specifications1-768x52.png 768w\" sizes=\"auto, (max-width: 950px) 100vw, 950px\" \/><\/h2>\n<\/div>\n<p><strong class=\"description-little-title\">Caliburn GK2 Parametri:<\/strong><\/p>\n<table class=\"description-table\">\n<tbody>\n<tr>\n<td class=\"strong-title \">Marchio<\/td>\n<td class=\"inline\">Uwell<\/td>\n<\/tr>\n<tr>\n<td class=\"strong-title \">Nome del prodotto<\/td>\n<td class=\"inline\">Kit sistema pod Caliburn GK2<\/td>\n<\/tr>\n<tr>\n<td class=\"strong-title \">Dimensioni<\/td>\n<td class=\"inline\">72,2 mm*46,6 mm*16,3 mm<\/td>\n<\/tr>\n<tr>\n<td class=\"strong-title \">Materiale<\/td>\n<td class=\"inline\">PA, PC+ABS, vetro silicato<\/td>\n<\/tr>\n<tr>\n<td class=\"strong-title \">Capacit\u00e0 della batteria<\/td>\n<td class=\"inline\">Batteria integrata da 690 mAh<\/td>\n<\/tr>\n<tr>\n<td class=\"strong-title \">Tipo di carica<\/td>\n<td class=\"inline\">Ricarica di tipo C<\/td>\n<\/tr>\n<tr>\n<td class=\"strong-title \">Produzione<\/td>\n<td class=\"inline\">18W<\/td>\n<\/tr>\n<tr>\n<td class=\"strong-title \">Flusso d&#8217;aria<\/td>\n<td class=\"inline\">Flusso d&#8217;aria regolabile<\/td>\n<\/tr>\n<tr>\n<td class=\"strong-title \">Capacit\u00e0 del succo d&#8217;arancia<\/td>\n<td class=\"inline\">2ml<\/td>\n<\/tr>\n<tr>\n<td class=\"strong-title \">Tipo di riempimento<\/td>\n<td class=\"inline\">Riempimento superiore<\/td>\n<\/tr>\n<tr>\n<td class=\"strong-title \">In forma per<\/td>\n<td class=\"inline\">Uwell Caliburn G 0.8\u03a9 Mesh\/1.0\u03a9 Coil e G2 1.2\u03a9 Mesh Coil, Caliburn G2 Pod Cartridge<\/td>\n<\/tr>\n<tr>\n<td class=\"strong-title \">Colore<\/td>\n<td class=\"inline\">Verde Aurora, Rosso Nastro, Oceano Fiamma, Nero Opaco<\/td>\n<\/tr>\n<\/tbody>\n<\/table>\n<div class=\"shop-features \">\n<h2 class=\"shop-features-title \"><img loading=\"lazy\" decoding=\"async\" class=\"alignnone size-full wp-image-248459\" src=\"https:\/\/justvape.nu\/wp-content\/uploads\/2018\/05\/Features.png\" alt=\"\" width=\"950\" height=\"64\" title=\"\" srcset=\"https:\/\/justvape.nu\/wp-content\/uploads\/2018\/05\/Features.png 950w, https:\/\/justvape.nu\/wp-content\/uploads\/2018\/05\/Features-600x40.png 600w, https:\/\/justvape.nu\/wp-content\/uploads\/2018\/05\/Features-64x4.png 64w, https:\/\/justvape.nu\/wp-content\/uploads\/2018\/05\/Features-300x20.png 300w, https:\/\/justvape.nu\/wp-content\/uploads\/2018\/05\/Features-768x52.png 768w\" sizes=\"auto, (max-width: 950px) 100vw, 950px\" \/><\/h2>\n<\/div>\n<p><strong class=\"description-little-title\">Uwell Caliburn GK2 Dettagli:<\/strong><\/p>\n<ul>\n<li style=\"list-style-type: none;\">\n<ul>\n<li>1. Una versione aggiornata della serie KOKO PRIME<\/li>\n<li>2. Luce abbagliante e design cyberpunk<\/li>\n<li>3. Leggero, comodo da impugnare e facile da trasportare.<\/li>\n<li>4. Diversi colori per indicare diversi livelli di potenza e stati di funzionamento<\/li>\n<li>5. Batteria integrata da 690 mAh, 18 W, ricarica Type-C<\/li>\n<li>6. Capacit\u00e0 di 2 ml di e-juice, sistema di riempimento facile dall&#8217;alto<\/li>\n<li>7. Design trasparente della finestra, facile da controllare<\/li>\n<li>8. Tecnologia di regolazione dell&#8217;aroma Uwell pro-focs<\/li>\n<li>9. Progettato con una precisa regolazione del flusso d&#8217;aria<\/li>\n<li>10. Adatto per Caliburn G 0.8\u03a9\/1.0\u03a9 Coil e G2 1.2\u03a9 Mesh Coil<\/li>\n<li>11. Adatto alla cartuccia Caliburn G2 Pod<\/li>\n<\/ul>\n<\/li>\n<\/ul>\n<p class=\"description-img-center \"><img loading=\"lazy\" decoding=\"async\" class=\"alignnone size-full wp-image-446385\" src=\"https:\/\/justvape.nu\/wp-content\/uploads\/2022\/07\/Uwell_Caliburn_GK2_Pod_Kit_Short_Feature.jpg\" alt=\"\" width=\"831\" height=\"372\" title=\"\" srcset=\"https:\/\/justvape.nu\/wp-content\/uploads\/2022\/07\/Uwell_Caliburn_GK2_Pod_Kit_Short_Feature.jpg 831w, https:\/\/justvape.nu\/wp-content\/uploads\/2022\/07\/Uwell_Caliburn_GK2_Pod_Kit_Short_Feature-300x134.jpg 300w, https:\/\/justvape.nu\/wp-content\/uploads\/2022\/07\/Uwell_Caliburn_GK2_Pod_Kit_Short_Feature-768x344.jpg 768w, https:\/\/justvape.nu\/wp-content\/uploads\/2022\/07\/Uwell_Caliburn_GK2_Pod_Kit_Short_Feature-600x269.jpg 600w, https:\/\/justvape.nu\/wp-content\/uploads\/2022\/07\/Uwell_Caliburn_GK2_Pod_Kit_Short_Feature-64x29.jpg 64w\" sizes=\"auto, (max-width: 831px) 100vw, 831px\" \/> <img loading=\"lazy\" decoding=\"async\" class=\"alignnone size-full wp-image-446395\" src=\"https:\/\/justvape.nu\/wp-content\/uploads\/2022\/07\/Uwell_Caliburn_GK2_Pod_Kit_Features.jpg\" alt=\"\" width=\"831\" height=\"346\" title=\"\" srcset=\"https:\/\/justvape.nu\/wp-content\/uploads\/2022\/07\/Uwell_Caliburn_GK2_Pod_Kit_Features.jpg 831w, https:\/\/justvape.nu\/wp-content\/uploads\/2022\/07\/Uwell_Caliburn_GK2_Pod_Kit_Features-300x125.jpg 300w, https:\/\/justvape.nu\/wp-content\/uploads\/2022\/07\/Uwell_Caliburn_GK2_Pod_Kit_Features-768x320.jpg 768w, https:\/\/justvape.nu\/wp-content\/uploads\/2022\/07\/Uwell_Caliburn_GK2_Pod_Kit_Features-600x250.jpg 600w, https:\/\/justvape.nu\/wp-content\/uploads\/2022\/07\/Uwell_Caliburn_GK2_Pod_Kit_Features-64x27.jpg 64w\" sizes=\"auto, (max-width: 831px) 100vw, 831px\" \/> <img loading=\"lazy\" decoding=\"async\" class=\"alignnone size-full wp-image-446405\" src=\"https:\/\/justvape.nu\/wp-content\/uploads\/2022\/07\/Uwell_Caliburn_GK2_Pod_Kit_Specification.jpg\" alt=\"\" width=\"831\" height=\"380\" title=\"\" srcset=\"https:\/\/justvape.nu\/wp-content\/uploads\/2022\/07\/Uwell_Caliburn_GK2_Pod_Kit_Specification.jpg 831w, https:\/\/justvape.nu\/wp-content\/uploads\/2022\/07\/Uwell_Caliburn_GK2_Pod_Kit_Specification-300x137.jpg 300w, https:\/\/justvape.nu\/wp-content\/uploads\/2022\/07\/Uwell_Caliburn_GK2_Pod_Kit_Specification-768x351.jpg 768w, https:\/\/justvape.nu\/wp-content\/uploads\/2022\/07\/Uwell_Caliburn_GK2_Pod_Kit_Specification-600x274.jpg 600w, https:\/\/justvape.nu\/wp-content\/uploads\/2022\/07\/Uwell_Caliburn_GK2_Pod_Kit_Specification-64x29.jpg 64w\" sizes=\"auto, (max-width: 831px) 100vw, 831px\" \/> <img loading=\"lazy\" decoding=\"async\" class=\"alignnone size-full wp-image-446415\" src=\"https:\/\/justvape.nu\/wp-content\/uploads\/2022\/07\/Uwell_Caliburn_GK2_Pod_Kit_Lightweight.jpg\" alt=\"\" width=\"831\" height=\"438\" title=\"\" srcset=\"https:\/\/justvape.nu\/wp-content\/uploads\/2022\/07\/Uwell_Caliburn_GK2_Pod_Kit_Lightweight.jpg 831w, https:\/\/justvape.nu\/wp-content\/uploads\/2022\/07\/Uwell_Caliburn_GK2_Pod_Kit_Lightweight-300x158.jpg 300w, https:\/\/justvape.nu\/wp-content\/uploads\/2022\/07\/Uwell_Caliburn_GK2_Pod_Kit_Lightweight-768x405.jpg 768w, https:\/\/justvape.nu\/wp-content\/uploads\/2022\/07\/Uwell_Caliburn_GK2_Pod_Kit_Lightweight-600x316.jpg 600w, https:\/\/justvape.nu\/wp-content\/uploads\/2022\/07\/Uwell_Caliburn_GK2_Pod_Kit_Lightweight-64x34.jpg 64w\" sizes=\"auto, (max-width: 831px) 100vw, 831px\" \/> <img loading=\"lazy\" decoding=\"async\" class=\"alignnone size-full wp-image-446425\" src=\"https:\/\/justvape.nu\/wp-content\/uploads\/2022\/07\/Uwell_Caliburn_GK2_Pod_Kit_Transparent_Windows.jpg\" alt=\"\" width=\"831\" height=\"424\" title=\"\" srcset=\"https:\/\/justvape.nu\/wp-content\/uploads\/2022\/07\/Uwell_Caliburn_GK2_Pod_Kit_Transparent_Windows.jpg 831w, https:\/\/justvape.nu\/wp-content\/uploads\/2022\/07\/Uwell_Caliburn_GK2_Pod_Kit_Transparent_Windows-300x153.jpg 300w, https:\/\/justvape.nu\/wp-content\/uploads\/2022\/07\/Uwell_Caliburn_GK2_Pod_Kit_Transparent_Windows-768x392.jpg 768w, https:\/\/justvape.nu\/wp-content\/uploads\/2022\/07\/Uwell_Caliburn_GK2_Pod_Kit_Transparent_Windows-600x306.jpg 600w, https:\/\/justvape.nu\/wp-content\/uploads\/2022\/07\/Uwell_Caliburn_GK2_Pod_Kit_Transparent_Windows-64x33.jpg 64w\" sizes=\"auto, (max-width: 831px) 100vw, 831px\" \/> <img loading=\"lazy\" decoding=\"async\" class=\"alignnone size-full wp-image-446435\" src=\"https:\/\/justvape.nu\/wp-content\/uploads\/2022\/07\/Uwell_Caliburn_GK2_Pod_Kit_Top_Filling.jpg\" alt=\"\" width=\"831\" height=\"438\" title=\"\" srcset=\"https:\/\/justvape.nu\/wp-content\/uploads\/2022\/07\/Uwell_Caliburn_GK2_Pod_Kit_Top_Filling.jpg 831w, https:\/\/justvape.nu\/wp-content\/uploads\/2022\/07\/Uwell_Caliburn_GK2_Pod_Kit_Top_Filling-300x158.jpg 300w, https:\/\/justvape.nu\/wp-content\/uploads\/2022\/07\/Uwell_Caliburn_GK2_Pod_Kit_Top_Filling-768x405.jpg 768w, https:\/\/justvape.nu\/wp-content\/uploads\/2022\/07\/Uwell_Caliburn_GK2_Pod_Kit_Top_Filling-600x316.jpg 600w, https:\/\/justvape.nu\/wp-content\/uploads\/2022\/07\/Uwell_Caliburn_GK2_Pod_Kit_Top_Filling-64x34.jpg 64w\" sizes=\"auto, (max-width: 831px) 100vw, 831px\" \/> <img loading=\"lazy\" decoding=\"async\" class=\"alignnone size-full wp-image-446445\" src=\"https:\/\/justvape.nu\/wp-content\/uploads\/2022\/07\/Uwell_Caliburn_GK2_Pod_Kit_Precise_Airflow.jpg\" alt=\"\" width=\"831\" height=\"378\" title=\"\" srcset=\"https:\/\/justvape.nu\/wp-content\/uploads\/2022\/07\/Uwell_Caliburn_GK2_Pod_Kit_Precise_Airflow.jpg 831w, https:\/\/justvape.nu\/wp-content\/uploads\/2022\/07\/Uwell_Caliburn_GK2_Pod_Kit_Precise_Airflow-300x136.jpg 300w, https:\/\/justvape.nu\/wp-content\/uploads\/2022\/07\/Uwell_Caliburn_GK2_Pod_Kit_Precise_Airflow-768x349.jpg 768w, https:\/\/justvape.nu\/wp-content\/uploads\/2022\/07\/Uwell_Caliburn_GK2_Pod_Kit_Precise_Airflow-600x273.jpg 600w, https:\/\/justvape.nu\/wp-content\/uploads\/2022\/07\/Uwell_Caliburn_GK2_Pod_Kit_Precise_Airflow-64x29.jpg 64w\" sizes=\"auto, (max-width: 831px) 100vw, 831px\" \/> <img loading=\"lazy\" decoding=\"async\" class=\"alignnone size-full wp-image-446455\" src=\"https:\/\/justvape.nu\/wp-content\/uploads\/2022\/07\/Uwell_Caliburn_GK2_Pod_Kit_Compatible.jpg\" alt=\"\" width=\"831\" height=\"437\" title=\"\" srcset=\"https:\/\/justvape.nu\/wp-content\/uploads\/2022\/07\/Uwell_Caliburn_GK2_Pod_Kit_Compatible.jpg 831w, https:\/\/justvape.nu\/wp-content\/uploads\/2022\/07\/Uwell_Caliburn_GK2_Pod_Kit_Compatible-300x158.jpg 300w, https:\/\/justvape.nu\/wp-content\/uploads\/2022\/07\/Uwell_Caliburn_GK2_Pod_Kit_Compatible-768x404.jpg 768w, https:\/\/justvape.nu\/wp-content\/uploads\/2022\/07\/Uwell_Caliburn_GK2_Pod_Kit_Compatible-600x316.jpg 600w, https:\/\/justvape.nu\/wp-content\/uploads\/2022\/07\/Uwell_Caliburn_GK2_Pod_Kit_Compatible-64x34.jpg 64w\" sizes=\"auto, (max-width: 831px) 100vw, 831px\" \/> <img loading=\"lazy\" decoding=\"async\" class=\"alignnone size-full wp-image-446465\" src=\"https:\/\/justvape.nu\/wp-content\/uploads\/2022\/07\/Uwell_Caliburn_GK2_Pod_Kit_Interactive_Vaping.jpg\" alt=\"\" width=\"831\" height=\"393\" title=\"\" srcset=\"https:\/\/justvape.nu\/wp-content\/uploads\/2022\/07\/Uwell_Caliburn_GK2_Pod_Kit_Interactive_Vaping.jpg 831w, https:\/\/justvape.nu\/wp-content\/uploads\/2022\/07\/Uwell_Caliburn_GK2_Pod_Kit_Interactive_Vaping-300x142.jpg 300w, https:\/\/justvape.nu\/wp-content\/uploads\/2022\/07\/Uwell_Caliburn_GK2_Pod_Kit_Interactive_Vaping-768x363.jpg 768w, https:\/\/justvape.nu\/wp-content\/uploads\/2022\/07\/Uwell_Caliburn_GK2_Pod_Kit_Interactive_Vaping-600x284.jpg 600w, https:\/\/justvape.nu\/wp-content\/uploads\/2022\/07\/Uwell_Caliburn_GK2_Pod_Kit_Interactive_Vaping-64x30.jpg 64w\" sizes=\"auto, (max-width: 831px) 100vw, 831px\" \/> <img loading=\"lazy\" decoding=\"async\" class=\"alignnone size-full wp-image-446475\" src=\"https:\/\/justvape.nu\/wp-content\/uploads\/2022\/07\/Uwell_Caliburn_GK2_Pod_Kit_Dazzling_Design.jpg\" alt=\"\" width=\"831\" height=\"538\" title=\"\" srcset=\"https:\/\/justvape.nu\/wp-content\/uploads\/2022\/07\/Uwell_Caliburn_GK2_Pod_Kit_Dazzling_Design.jpg 831w, https:\/\/justvape.nu\/wp-content\/uploads\/2022\/07\/Uwell_Caliburn_GK2_Pod_Kit_Dazzling_Design-300x194.jpg 300w, https:\/\/justvape.nu\/wp-content\/uploads\/2022\/07\/Uwell_Caliburn_GK2_Pod_Kit_Dazzling_Design-768x497.jpg 768w, https:\/\/justvape.nu\/wp-content\/uploads\/2022\/07\/Uwell_Caliburn_GK2_Pod_Kit_Dazzling_Design-600x388.jpg 600w, https:\/\/justvape.nu\/wp-content\/uploads\/2022\/07\/Uwell_Caliburn_GK2_Pod_Kit_Dazzling_Design-64x41.jpg 64w\" sizes=\"auto, (max-width: 831px) 100vw, 831px\" \/> <img loading=\"lazy\" decoding=\"async\" class=\"alignnone size-full wp-image-446485\" src=\"https:\/\/justvape.nu\/wp-content\/uploads\/2022\/07\/Uwell_Caliburn_GK2_Pod_Kit_Short_Description.jpg\" alt=\"\" width=\"831\" height=\"399\" title=\"\" srcset=\"https:\/\/justvape.nu\/wp-content\/uploads\/2022\/07\/Uwell_Caliburn_GK2_Pod_Kit_Short_Description.jpg 831w, https:\/\/justvape.nu\/wp-content\/uploads\/2022\/07\/Uwell_Caliburn_GK2_Pod_Kit_Short_Description-300x144.jpg 300w, https:\/\/justvape.nu\/wp-content\/uploads\/2022\/07\/Uwell_Caliburn_GK2_Pod_Kit_Short_Description-768x369.jpg 768w, https:\/\/justvape.nu\/wp-content\/uploads\/2022\/07\/Uwell_Caliburn_GK2_Pod_Kit_Short_Description-600x288.jpg 600w, https:\/\/justvape.nu\/wp-content\/uploads\/2022\/07\/Uwell_Caliburn_GK2_Pod_Kit_Short_Description-64x31.jpg 64w\" sizes=\"auto, (max-width: 831px) 100vw, 831px\" \/> <img loading=\"lazy\" decoding=\"async\" class=\"alignnone size-full wp-image-446495\" src=\"https:\/\/justvape.nu\/wp-content\/uploads\/2022\/07\/Uwell_Caliburn_GK2_Pod_Kit_Parts.jpg\" alt=\"\" width=\"831\" height=\"412\" title=\"\" srcset=\"https:\/\/justvape.nu\/wp-content\/uploads\/2022\/07\/Uwell_Caliburn_GK2_Pod_Kit_Parts.jpg 831w, https:\/\/justvape.nu\/wp-content\/uploads\/2022\/07\/Uwell_Caliburn_GK2_Pod_Kit_Parts-300x149.jpg 300w, https:\/\/justvape.nu\/wp-content\/uploads\/2022\/07\/Uwell_Caliburn_GK2_Pod_Kit_Parts-768x381.jpg 768w, https:\/\/justvape.nu\/wp-content\/uploads\/2022\/07\/Uwell_Caliburn_GK2_Pod_Kit_Parts-600x297.jpg 600w, https:\/\/justvape.nu\/wp-content\/uploads\/2022\/07\/Uwell_Caliburn_GK2_Pod_Kit_Parts-64x32.jpg 64w\" sizes=\"auto, (max-width: 831px) 100vw, 831px\" \/><\/p>\n<div class=\"shop-features \">\n<h2 class=\"shop-features-title \">CONTENUTO DEL PACCHETTO<\/h2>\n<\/div>\n<p><strong class=\"description-little-title \">Il pacchetto Caliburn GK2 Pod Kit viene fornito con:<\/strong><\/p>\n<p>1* Kit sistema Pod Uwell Caliburn GK2<br \/>\n1* Bobina UN2 Meshed-H 1.2\u03a9 Caliburn G2 (preinstallata)<br \/>\n1* Bobina UN2 Meshed-H 0,8\u03a9 Caliburn G (ricambio)<br \/>\n1* Cavo di ricarica di tipo C<br \/>\n1* cordino<br \/>\n1 * Manuale dell&#8217;utente<\/p>\n<p class=\"description-img-center \"><img loading=\"lazy\" decoding=\"async\" class=\"alignnone size-full wp-image-446374\" src=\"https:\/\/justvape.nu\/wp-content\/uploads\/2022\/07\/Uwell_Caliburn_GK2_Pod_Kit_Package.jpg\" alt=\"\" width=\"831\" height=\"402\" title=\"\" srcset=\"https:\/\/justvape.nu\/wp-content\/uploads\/2022\/07\/Uwell_Caliburn_GK2_Pod_Kit_Package.jpg 831w, https:\/\/justvape.nu\/wp-content\/uploads\/2022\/07\/Uwell_Caliburn_GK2_Pod_Kit_Package-300x145.jpg 300w, https:\/\/justvape.nu\/wp-content\/uploads\/2022\/07\/Uwell_Caliburn_GK2_Pod_Kit_Package-768x372.jpg 768w, https:\/\/justvape.nu\/wp-content\/uploads\/2022\/07\/Uwell_Caliburn_GK2_Pod_Kit_Package-600x290.jpg 600w, https:\/\/justvape.nu\/wp-content\/uploads\/2022\/07\/Uwell_Caliburn_GK2_Pod_Kit_Package-64x31.jpg 64w\" sizes=\"auto, (max-width: 831px) 100vw, 831px\" \/><\/p>\n<p>&nbsp;<\/p>\n<p>&nbsp;<\/p>\n","protected":false},"excerpt":{"rendered":"<p>UWELL &#8211; CALIBURN GK2 VAPE KIT<\/p>\n","protected":false},"featured_media":446511,"comment_status":"open","ping_status":"closed","template":"","meta":{"_acf_changed":false,"_uag_custom_page_level_css":"","site-sidebar-layout":"default","site-content-layout":"default","ast-site-content-layout":"default","site-content-style":"default","site-sidebar-style":"default","ast-global-header-display":"","ast-banner-title-visibility":"","ast-main-header-display":"","ast-hfb-above-header-display":"","ast-hfb-below-header-display":"","ast-hfb-mobile-header-display":"","site-post-title":"","ast-breadcrumbs-content":"","ast-featured-img":"","footer-sml-layout":"","ast-disable-related-posts":"","theme-transparent-header-meta":"default","adv-header-id-meta":"","stick-header-meta":"default","header-above-stick-meta":"","header-main-stick-meta":"","header-below-stick-meta":"","astra-migrate-meta-layouts":"default","ast-page-background-enabled":"default","ast-page-background-meta":{"desktop":{"background-color":"","background-image":"","background-repeat":"repeat","background-position":"center center","background-size":"auto","background-attachment":"scroll","background-type":"","background-media":"","overlay-type":"","overlay-color":"","overlay-opacity":"","overlay-gradient":""},"tablet":{"background-color":"","background-image":"","background-repeat":"repeat","background-position":"center center","background-size":"auto","background-attachment":"scroll","background-type":"","background-media":"","overlay-type":"","overlay-color":"","overlay-opacity":"","overlay-gradient":""},"mobile":{"background-color":"","background-image":"","background-repeat":"repeat","background-position":"center center","background-size":"auto","background-attachment":"scroll","background-type":"","background-media":"","overlay-type":"","overlay-color":"","overlay-opacity":"","overlay-gradient":""}},"ast-content-background-meta":{"desktop":{"background-color":"var(--ast-global-color-5)","background-image":"","background-repeat":"repeat","background-position":"center center","background-size":"auto","background-attachment":"scroll","background-type":"","background-media":"","overlay-type":"","overlay-color":"","overlay-opacity":"","overlay-gradient":""},"tablet":{"background-color":"var(--ast-global-color-5)","background-image":"","background-repeat":"repeat","background-position":"center center","background-size":"auto","background-attachment":"scroll","background-type":"","background-media":"","overlay-type":"","overlay-color":"","overlay-opacity":"","overlay-gradient":""},"mobile":{"background-color":"var(--ast-global-color-5)","background-image":"","background-repeat":"repeat","background-position":"center center","background-size":"auto","background-attachment":"scroll","background-type":"","background-media":"","overlay-type":"","overlay-color":"","overlay-opacity":"","overlay-gradient":""}}},"product_brand":[],"product_cat":[4694,2517,2079,2518,2069,3429],"product_tag":[],"class_list":{"0":"post-446540","1":"product","2":"type-product","3":"status-publish","4":"has-post-thumbnail","6":"product_cat-featured-e-cigarettes-it","7":"product_cat-hardware-it","8":"product_cat-kit-per-principianti-e-pod","9":"product_cat-shop-by-brand-it","10":"product_cat-sigarette-elettroniche","11":"product_cat-uwell-it","12":"desktop-align-center","13":"tablet-align-center","14":"mobile-align-center","15":"ast-product-gallery-layout-horizontal-slider","16":"ast-product-gallery-with-no-image","17":"ast-product-single-variable","18":"ast-product-tabs-layout-horizontal","20":"first","21":"instock","22":"sale","23":"taxable","24":"shipping-taxable","25":"purchasable","26":"product-type-variable"},"acf":[],"uagb_featured_image_src":{"full":["https:\/\/justvape.nu\/wp-content\/uploads\/2022\/07\/Uwell-Caliburn-GK2-elektromos-cigaretta-pod-cimkep.jpg",800,800,false],"thumbnail":["https:\/\/justvape.nu\/wp-content\/uploads\/2022\/07\/Uwell-Caliburn-GK2-elektromos-cigaretta-pod-cimkep-150x150.jpg",150,150,true],"medium":["https:\/\/justvape.nu\/wp-content\/uploads\/2022\/07\/Uwell-Caliburn-GK2-elektromos-cigaretta-pod-cimkep-300x300.jpg",300,300,true],"medium_large":["https:\/\/justvape.nu\/wp-content\/uploads\/2022\/07\/Uwell-Caliburn-GK2-elektromos-cigaretta-pod-cimkep-768x768.jpg",768,768,true],"large":["https:\/\/justvape.nu\/wp-content\/uploads\/2022\/07\/Uwell-Caliburn-GK2-elektromos-cigaretta-pod-cimkep.jpg",800,800,false],"1536x1536":["https:\/\/justvape.nu\/wp-content\/uploads\/2022\/07\/Uwell-Caliburn-GK2-elektromos-cigaretta-pod-cimkep.jpg",800,800,false],"2048x2048":["https:\/\/justvape.nu\/wp-content\/uploads\/2022\/07\/Uwell-Caliburn-GK2-elektromos-cigaretta-pod-cimkep.jpg",800,800,false],"woocommerce_thumbnail":["https:\/\/justvape.nu\/wp-content\/uploads\/2022\/07\/Uwell-Caliburn-GK2-elektromos-cigaretta-pod-cimkep-300x300.jpg",300,300,true],"woocommerce_single":["https:\/\/justvape.nu\/wp-content\/uploads\/2022\/07\/Uwell-Caliburn-GK2-elektromos-cigaretta-pod-cimkep-600x600.jpg",600,600,true],"woocommerce_gallery_thumbnail":["https:\/\/justvape.nu\/wp-content\/uploads\/2022\/07\/Uwell-Caliburn-GK2-elektromos-cigaretta-pod-cimkep-100x100.jpg",100,100,true],"dgwt-wcas-product-suggestion":["https:\/\/justvape.nu\/wp-content\/uploads\/2022\/07\/Uwell-Caliburn-GK2-elektromos-cigaretta-pod-cimkep-64x64.jpg",64,64,true]},"uagb_author_info":{"display_name":"JustVape.nu","author_link":"https:\/\/justvape.nu\/it\/author\/"},"uagb_comment_info":0,"uagb_excerpt":"UWELL - CALIBURN GK2 VAPE KIT","_links":{"self":[{"href":"https:\/\/justvape.nu\/it\/wp-json\/wp\/v2\/product\/446540","targetHints":{"allow":["GET"]}}],"collection":[{"href":"https:\/\/justvape.nu\/it\/wp-json\/wp\/v2\/product"}],"about":[{"href":"https:\/\/justvape.nu\/it\/wp-json\/wp\/v2\/types\/product"}],"replies":[{"embeddable":true,"href":"https:\/\/justvape.nu\/it\/wp-json\/wp\/v2\/comments?post=446540"}],"wp:featuredmedia":[{"embeddable":true,"href":"https:\/\/justvape.nu\/it\/wp-json\/wp\/v2\/media\/446511"}],"wp:attachment":[{"href":"https:\/\/justvape.nu\/it\/wp-json\/wp\/v2\/media?parent=446540"}],"wp:term":[{"taxonomy":"product_brand","embeddable":true,"href":"https:\/\/justvape.nu\/it\/wp-json\/wp\/v2\/product_brand?post=446540"},{"taxonomy":"product_cat","embeddable":true,"href":"https:\/\/justvape.nu\/it\/wp-json\/wp\/v2\/product_cat?post=446540"},{"taxonomy":"product_tag","embeddable":true,"href":"https:\/\/justvape.nu\/it\/wp-json\/wp\/v2\/product_tag?post=446540"}],"curies":[{"name":"wp","href":"https:\/\/api.w.org\/{rel}","templated":true}]}}