{"id":445205,"date":"2022-06-27T23:35:26","date_gmt":"2022-06-27T21:35:26","guid":{"rendered":"https:\/\/justvape.nu\/produkt\/voopoo-argus-pod-kit\/"},"modified":"2023-04-07T19:35:21","modified_gmt":"2023-04-07T17:35:21","slug":"voopoo-argus-pod-kit-2","status":"publish","type":"product","link":"https:\/\/justvape.nu\/it\/produkt\/voopoo-argus-pod-kit-2\/","title":{"rendered":"VOOPOO &#8211; ARGUS POD KIT"},"content":{"rendered":"<h2>VOOPOO &#8211; ARGUS POD KIT<\/h2>\n<p>Il raffinato materiale in lega di zinco e pelle dell&#8217;Argus Pod offre una sensazione di comfort ed ergonomia, oltre a essere compatto e resistente, perfetto per l&#8217;uso quotidiano. Voopoo \u00e8 tornata al tavolo da disegno con la capsula sostituibile e il nuovo bocchino progettato per adattarsi perfettamente alle labbra per un&#8217;esperienza di svapo ancora migliore.<\/p>\n<p>Dopo migliaia di test, VooPoo ha progettato con precisione il flusso d&#8217;aria pi\u00f9 adatto. L&#8217;ingresso dell&#8217;aria a 4 fori amplia il flusso d&#8217;aria e la camera di compensazione del flusso d&#8217;aria assicura una svapata e un aroma uniformi e costanti. L&#8217;Argus Pod \u00e8 alimentato dal chipset GENE.AI 1.2 che fornir\u00e0 accuratamente un&#8217;uscita di 20w, registrando e fornendo tutti i dati necessari sullo schermo OLED da 0,69&#8243;, come la capacit\u00e0 della batteria in tempo reale, i puff, il tempo di vaping, la resistenza della bobina e il wattaggio.<\/p>\n<p>Le cialde Argus sono dotate di una forte connessione magnetica per garantire una perfetta connettivit\u00e0 in ogni momento, rendendo allo stesso tempo facile la rimozione e l&#8217;inserimento della cialda stessa dal dispositivo, a differenza di molti dispositivi presenti oggi sul mercato VooPoo ha creato una cartuccia semplificata a vista completa che rende pi\u00f9 facile visualizzare il livello dell&#8217;e-liquid senza dover rimuovere la cialda, quando il liquido \u00e8 scarso \u00e8 sufficiente rimuovere la cialda capovolgerla e riempirla tramite il tappo di riempimento laterale.<\/p>\n<p><img loading=\"lazy\" decoding=\"async\" class=\"alignnone size-full wp-image-383695\" src=\"https:\/\/justvape.nu\/wp-content\/uploads\/2021\/05\/Color-Scheme.png\" alt=\"\" width=\"950\" height=\"64\" title=\"\" srcset=\"https:\/\/justvape.nu\/wp-content\/uploads\/2021\/05\/Color-Scheme.png 950w, https:\/\/justvape.nu\/wp-content\/uploads\/2021\/05\/Color-Scheme-600x40.png 600w, https:\/\/justvape.nu\/wp-content\/uploads\/2021\/05\/Color-Scheme-64x4.png 64w, https:\/\/justvape.nu\/wp-content\/uploads\/2021\/05\/Color-Scheme-300x20.png 300w, https:\/\/justvape.nu\/wp-content\/uploads\/2021\/05\/Color-Scheme-768x52.png 768w\" sizes=\"auto, (max-width: 950px) 100vw, 950px\" \/><\/p>\n<p class=\"description-img-center\"><img loading=\"lazy\" decoding=\"async\" class=\"alignnone size-full wp-image-444722\" src=\"https:\/\/justvape.nu\/wp-content\/uploads\/2022\/06\/VOOPOO_Argus_Pod_Kit_Colors.jpg\" alt=\"\" width=\"831\" height=\"323\" title=\"\" srcset=\"https:\/\/justvape.nu\/wp-content\/uploads\/2022\/06\/VOOPOO_Argus_Pod_Kit_Colors.jpg 831w, https:\/\/justvape.nu\/wp-content\/uploads\/2022\/06\/VOOPOO_Argus_Pod_Kit_Colors-300x117.jpg 300w, https:\/\/justvape.nu\/wp-content\/uploads\/2022\/06\/VOOPOO_Argus_Pod_Kit_Colors-768x299.jpg 768w, https:\/\/justvape.nu\/wp-content\/uploads\/2022\/06\/VOOPOO_Argus_Pod_Kit_Colors-600x233.jpg 600w, https:\/\/justvape.nu\/wp-content\/uploads\/2022\/06\/VOOPOO_Argus_Pod_Kit_Colors-64x25.jpg 64w\" sizes=\"auto, (max-width: 831px) 100vw, 831px\" \/><\/p>\n<div class=\"shop-features \">\n<h2 class=\"shop-features-title \"><img loading=\"lazy\" decoding=\"async\" class=\"alignnone size-full wp-image-390997\" src=\"https:\/\/justvape.nu\/wp-content\/uploads\/2021\/06\/Specifications1.png\" alt=\"\" width=\"950\" height=\"64\" title=\"\" srcset=\"https:\/\/justvape.nu\/wp-content\/uploads\/2021\/06\/Specifications1.png 950w, https:\/\/justvape.nu\/wp-content\/uploads\/2021\/06\/Specifications1-600x40.png 600w, https:\/\/justvape.nu\/wp-content\/uploads\/2021\/06\/Specifications1-64x4.png 64w, https:\/\/justvape.nu\/wp-content\/uploads\/2021\/06\/Specifications1-300x20.png 300w, https:\/\/justvape.nu\/wp-content\/uploads\/2021\/06\/Specifications1-768x52.png 768w\" sizes=\"auto, (max-width: 950px) 100vw, 950px\" \/><\/h2>\n<\/div>\n<p><strong class=\"description-little-title\">VOOPOO Argus Pod Parametri:<\/strong><\/p>\n<table class=\"description-table\">\n<tbody>\n<tr>\n<td class=\"strong-title \">Marchio<\/td>\n<td class=\"inline\">VOOPOO<\/td>\n<\/tr>\n<tr>\n<td class=\"strong-title \">Nome del prodotto<\/td>\n<td class=\"inline\">Kit Pod Argus<\/td>\n<\/tr>\n<tr>\n<td class=\"strong-title \">Capacit\u00e0 della capsula<\/td>\n<td class=\"inline\">2,0 ml<\/td>\n<\/tr>\n<tr>\n<td class=\"strong-title \">Materiale della capsula<\/td>\n<td class=\"inline\">PCTG<\/td>\n<\/tr>\n<tr>\n<td class=\"strong-title \">Resistenza dei baccelli<\/td>\n<td class=\"inline\">0,7ohm\/1,2ohm<\/td>\n<\/tr>\n<tr>\n<td class=\"strong-title \">E-liquido consigliato<\/td>\n<td class=\"inline\">Nicotina\u226450mg<\/td>\n<\/tr>\n<tr>\n<td class=\"strong-title \">Materiale del dispositivo<\/td>\n<td class=\"inline\">Lega di zinco + pelle\/PC<\/td>\n<\/tr>\n<tr>\n<td class=\"strong-title \">Potenza d&#8217;uscita<\/td>\n<td class=\"inline\">5-20W<\/td>\n<\/tr>\n<tr>\n<td class=\"strong-title \">Tensione di uscita<\/td>\n<td class=\"inline\">3.2V-4.2V<\/td>\n<\/tr>\n<tr>\n<td class=\"strong-title \">Resistenza del dispositivo<\/td>\n<td class=\"inline\">0,5-3,0ohm<\/td>\n<\/tr>\n<tr>\n<td class=\"strong-title \">Capacit\u00e0 della batteria<\/td>\n<td class=\"inline\">Batteria integrata da 800mAh<\/td>\n<\/tr>\n<tr>\n<td class=\"strong-title \">Schermo<\/td>\n<td class=\"inline\">Schermo OLED da 0,69 pollici<\/td>\n<\/tr>\n<tr>\n<td class=\"strong-title \">Colore<\/td>\n<td class=\"inline\">Fibra di carbonio, nero, grigio, marrone, rosso, blu cielo<\/td>\n<\/tr>\n<\/tbody>\n<\/table>\n<p><img loading=\"lazy\" decoding=\"async\" class=\"alignnone size-full wp-image-229154\" src=\"https:\/\/justvape.nu\/wp-content\/uploads\/2018\/04\/Packing-List.png\" alt=\"\" width=\"950\" height=\"64\" title=\"\" srcset=\"https:\/\/justvape.nu\/wp-content\/uploads\/2018\/04\/Packing-List.png 950w, https:\/\/justvape.nu\/wp-content\/uploads\/2018\/04\/Packing-List-600x40.png 600w, https:\/\/justvape.nu\/wp-content\/uploads\/2018\/04\/Packing-List-64x4.png 64w, https:\/\/justvape.nu\/wp-content\/uploads\/2018\/04\/Packing-List-300x20.png 300w, https:\/\/justvape.nu\/wp-content\/uploads\/2018\/04\/Packing-List-768x52.png 768w\" sizes=\"auto, (max-width: 950px) 100vw, 950px\" \/><\/p>\n<p>1* Dispositivo Pod Argus<br \/>\n1* Cartuccia Pod Argus 0,7ohm (riempimento laterale)<br \/>\n1* Cartuccia Pod Argus da 1,2ohm (riempimento laterale)<br \/>\n1 * Manuale dell&#8217;utente<br \/>\n1* Cavo di tipo C<\/p>\n","protected":false},"excerpt":{"rendered":"<p>VOOPOO &#8211; ARGUS POD KIT<\/p>\n","protected":false},"featured_media":444738,"comment_status":"open","ping_status":"closed","template":"","meta":{"_acf_changed":false,"_uag_custom_page_level_css":"","site-sidebar-layout":"default","site-content-layout":"default","ast-site-content-layout":"default","site-content-style":"default","site-sidebar-style":"default","ast-global-header-display":"","ast-banner-title-visibility":"","ast-main-header-display":"","ast-hfb-above-header-display":"","ast-hfb-below-header-display":"","ast-hfb-mobile-header-display":"","site-post-title":"","ast-breadcrumbs-content":"","ast-featured-img":"","footer-sml-layout":"","ast-disable-related-posts":"","theme-transparent-header-meta":"default","adv-header-id-meta":"","stick-header-meta":"default","header-above-stick-meta":"","header-main-stick-meta":"","header-below-stick-meta":"","astra-migrate-meta-layouts":"default","ast-page-background-enabled":"default","ast-page-background-meta":{"desktop":{"background-color":"","background-image":"","background-repeat":"repeat","background-position":"center center","background-size":"auto","background-attachment":"scroll","background-type":"","background-media":"","overlay-type":"","overlay-color":"","overlay-opacity":"","overlay-gradient":""},"tablet":{"background-color":"","background-image":"","background-repeat":"repeat","background-position":"center center","background-size":"auto","background-attachment":"scroll","background-type":"","background-media":"","overlay-type":"","overlay-color":"","overlay-opacity":"","overlay-gradient":""},"mobile":{"background-color":"","background-image":"","background-repeat":"repeat","background-position":"center center","background-size":"auto","background-attachment":"scroll","background-type":"","background-media":"","overlay-type":"","overlay-color":"","overlay-opacity":"","overlay-gradient":""}},"ast-content-background-meta":{"desktop":{"background-color":"var(--ast-global-color-5)","background-image":"","background-repeat":"repeat","background-position":"center center","background-size":"auto","background-attachment":"scroll","background-type":"","background-media":"","overlay-type":"","overlay-color":"","overlay-opacity":"","overlay-gradient":""},"tablet":{"background-color":"var(--ast-global-color-5)","background-image":"","background-repeat":"repeat","background-position":"center center","background-size":"auto","background-attachment":"scroll","background-type":"","background-media":"","overlay-type":"","overlay-color":"","overlay-opacity":"","overlay-gradient":""},"mobile":{"background-color":"var(--ast-global-color-5)","background-image":"","background-repeat":"repeat","background-position":"center center","background-size":"auto","background-attachment":"scroll","background-type":"","background-media":"","overlay-type":"","overlay-color":"","overlay-opacity":"","overlay-gradient":""}}},"product_brand":[],"product_cat":[2517,2079,2518,2069,2519],"product_tag":[],"class_list":{"0":"post-445205","1":"product","2":"type-product","3":"status-publish","4":"has-post-thumbnail","6":"product_cat-hardware-it","7":"product_cat-kit-per-principianti-e-pod","8":"product_cat-shop-by-brand-it","9":"product_cat-sigarette-elettroniche","10":"product_cat-voopoo-it","11":"desktop-align-center","12":"tablet-align-center","13":"mobile-align-center","14":"ast-product-gallery-layout-horizontal-slider","15":"ast-product-gallery-with-no-image","16":"ast-product-single-variable","17":"ast-product-tabs-layout-horizontal","19":"first","20":"instock","21":"sale","22":"taxable","23":"shipping-taxable","24":"purchasable","25":"product-type-variable"},"acf":[],"uagb_featured_image_src":{"full":["https:\/\/justvape.nu\/wp-content\/uploads\/2022\/06\/voopoo-argus-pod-colours.jpg",700,700,false],"thumbnail":["https:\/\/justvape.nu\/wp-content\/uploads\/2022\/06\/voopoo-argus-pod-colours-150x150.jpg",150,150,true],"medium":["https:\/\/justvape.nu\/wp-content\/uploads\/2022\/06\/voopoo-argus-pod-colours-300x300.jpg",300,300,true],"medium_large":["https:\/\/justvape.nu\/wp-content\/uploads\/2022\/06\/voopoo-argus-pod-colours.jpg",700,700,false],"large":["https:\/\/justvape.nu\/wp-content\/uploads\/2022\/06\/voopoo-argus-pod-colours.jpg",700,700,false],"1536x1536":["https:\/\/justvape.nu\/wp-content\/uploads\/2022\/06\/voopoo-argus-pod-colours.jpg",700,700,false],"2048x2048":["https:\/\/justvape.nu\/wp-content\/uploads\/2022\/06\/voopoo-argus-pod-colours.jpg",700,700,false],"woocommerce_thumbnail":["https:\/\/justvape.nu\/wp-content\/uploads\/2022\/06\/voopoo-argus-pod-colours-300x300.jpg",300,300,true],"woocommerce_single":["https:\/\/justvape.nu\/wp-content\/uploads\/2022\/06\/voopoo-argus-pod-colours-600x600.jpg",600,600,true],"woocommerce_gallery_thumbnail":["https:\/\/justvape.nu\/wp-content\/uploads\/2022\/06\/voopoo-argus-pod-colours-100x100.jpg",100,100,true],"dgwt-wcas-product-suggestion":["https:\/\/justvape.nu\/wp-content\/uploads\/2022\/06\/voopoo-argus-pod-colours-64x64.jpg",64,64,true]},"uagb_author_info":{"display_name":"JustVape.nu","author_link":"https:\/\/justvape.nu\/it\/author\/"},"uagb_comment_info":0,"uagb_excerpt":"VOOPOO - ARGUS POD KIT","_links":{"self":[{"href":"https:\/\/justvape.nu\/it\/wp-json\/wp\/v2\/product\/445205","targetHints":{"allow":["GET"]}}],"collection":[{"href":"https:\/\/justvape.nu\/it\/wp-json\/wp\/v2\/product"}],"about":[{"href":"https:\/\/justvape.nu\/it\/wp-json\/wp\/v2\/types\/product"}],"replies":[{"embeddable":true,"href":"https:\/\/justvape.nu\/it\/wp-json\/wp\/v2\/comments?post=445205"}],"wp:featuredmedia":[{"embeddable":true,"href":"https:\/\/justvape.nu\/it\/wp-json\/wp\/v2\/media\/444738"}],"wp:attachment":[{"href":"https:\/\/justvape.nu\/it\/wp-json\/wp\/v2\/media?parent=445205"}],"wp:term":[{"taxonomy":"product_brand","embeddable":true,"href":"https:\/\/justvape.nu\/it\/wp-json\/wp\/v2\/product_brand?post=445205"},{"taxonomy":"product_cat","embeddable":true,"href":"https:\/\/justvape.nu\/it\/wp-json\/wp\/v2\/product_cat?post=445205"},{"taxonomy":"product_tag","embeddable":true,"href":"https:\/\/justvape.nu\/it\/wp-json\/wp\/v2\/product_tag?post=445205"}],"curies":[{"name":"wp","href":"https:\/\/api.w.org\/{rel}","templated":true}]}}