{"id":428914,"date":"2022-03-30T11:46:07","date_gmt":"2022-03-30T09:46:07","guid":{"rendered":"https:\/\/justvape.nu\/produkt\/geekvape-aegis-max-2-max100-mod\/"},"modified":"2022-04-18T15:00:49","modified_gmt":"2022-04-18T13:00:49","slug":"geekvape-aegis-max-2-max100-mod-2","status":"publish","type":"product","link":"https:\/\/justvape.nu\/it\/produkt\/geekvape-aegis-max-2-max100-mod-2\/","title":{"rendered":"GEEKVAPE AEGIS MAX 2 \/ MAX100 MOD"},"content":{"rendered":"<h2>GEEKVAPE AEGIS MAX 2 \/ MAX100 MOD<\/h2>\n<p>Ecco la scatola Aegis Max 2, un degno successore del primo Aegis Max di Geekvape. Questo splendido modello &#8211; conosciuto anche come Max 100 &#8211; far\u00e0 alcuni ammiratori nel mondo del vaping. Non pu\u00f2 essere altrimenti vista la portata delle sue capacit\u00e0: una batteria 21700 o 18650 per il suo funzionamento (non inclusa), potenza massima di 100W, uno schermo a colori TFT di 1.1&#8243; e una notevole forza. Tutto sommato, un prodotto da non perdere.<\/p>\n<p><img loading=\"lazy\" decoding=\"async\" class=\"alignnone size-full wp-image-383695\" src=\"https:\/\/justvape.nu\/wp-content\/uploads\/2021\/05\/Color-Scheme.png\" alt=\"\" width=\"950\" height=\"64\" title=\"\" srcset=\"https:\/\/justvape.nu\/wp-content\/uploads\/2021\/05\/Color-Scheme.png 950w, https:\/\/justvape.nu\/wp-content\/uploads\/2021\/05\/Color-Scheme-600x40.png 600w, https:\/\/justvape.nu\/wp-content\/uploads\/2021\/05\/Color-Scheme-64x4.png 64w, https:\/\/justvape.nu\/wp-content\/uploads\/2021\/05\/Color-Scheme-300x20.png 300w, https:\/\/justvape.nu\/wp-content\/uploads\/2021\/05\/Color-Scheme-768x52.png 768w\" sizes=\"auto, (max-width: 950px) 100vw, 950px\" \/><\/p>\n<p class=\"description-img-center\"><img loading=\"lazy\" decoding=\"async\" class=\"alignnone size-full wp-image-428772\" src=\"https:\/\/justvape.nu\/wp-content\/uploads\/2022\/03\/GeekVape_Max100_Mod_Colors-1.jpg\" alt=\"\" width=\"903\" height=\"295\" title=\"\" srcset=\"https:\/\/justvape.nu\/wp-content\/uploads\/2022\/03\/GeekVape_Max100_Mod_Colors-1.jpg 903w, https:\/\/justvape.nu\/wp-content\/uploads\/2022\/03\/GeekVape_Max100_Mod_Colors-1-300x98.jpg 300w, https:\/\/justvape.nu\/wp-content\/uploads\/2022\/03\/GeekVape_Max100_Mod_Colors-1-768x251.jpg 768w, https:\/\/justvape.nu\/wp-content\/uploads\/2022\/03\/GeekVape_Max100_Mod_Colors-1-600x196.jpg 600w, https:\/\/justvape.nu\/wp-content\/uploads\/2022\/03\/GeekVape_Max100_Mod_Colors-1-64x21.jpg 64w\" sizes=\"auto, (max-width: 903px) 100vw, 903px\" \/><\/p>\n<div class=\"shop-features \">\n<h2 class=\"shop-features-title \"><img loading=\"lazy\" decoding=\"async\" class=\"alignnone size-full wp-image-390997\" src=\"https:\/\/justvape.nu\/wp-content\/uploads\/2021\/06\/Specifications1.png\" alt=\"\" width=\"950\" height=\"64\" title=\"\" srcset=\"https:\/\/justvape.nu\/wp-content\/uploads\/2021\/06\/Specifications1.png 950w, https:\/\/justvape.nu\/wp-content\/uploads\/2021\/06\/Specifications1-600x40.png 600w, https:\/\/justvape.nu\/wp-content\/uploads\/2021\/06\/Specifications1-64x4.png 64w, https:\/\/justvape.nu\/wp-content\/uploads\/2021\/06\/Specifications1-300x20.png 300w, https:\/\/justvape.nu\/wp-content\/uploads\/2021\/06\/Specifications1-768x52.png 768w\" sizes=\"auto, (max-width: 950px) 100vw, 950px\" \/><\/h2>\n<\/div>\n<p><strong class=\"description-little-title\">GeekVape Max100 Box Mod Parametri:<\/strong><\/p>\n<table class=\"description-table\">\n<tbody>\n<tr>\n<td class=\"strong-title \">Marchio<\/td>\n<td class=\"inline\">GeekVape<\/td>\n<\/tr>\n<tr>\n<td class=\"strong-title \">Nome del prodotto<\/td>\n<td class=\"inline\">Max100 Mod<\/td>\n<\/tr>\n<tr>\n<td class=\"strong-title \">Potenza d&#8217;uscita<\/td>\n<td class=\"inline\">5W-100W<\/td>\n<\/tr>\n<tr>\n<td class=\"strong-title \">Tensione d&#8217;ingresso<\/td>\n<td class=\"inline\">3.2V-4.25V<\/td>\n<\/tr>\n<tr>\n<td class=\"strong-title \">Tensione di uscita<\/td>\n<td class=\"inline\">0-8.5V (max 8.5V)<\/td>\n<\/tr>\n<tr>\n<td class=\"strong-title \">Tensione minima<\/td>\n<td class=\"inline\">3.2V\u00b10.1V<\/td>\n<\/tr>\n<tr>\n<td class=\"strong-title \">Gamma di resistenza<\/td>\n<td class=\"inline\">0.1ohm-3.0ohm<\/td>\n<\/tr>\n<tr>\n<td class=\"strong-title \">La pi\u00f9 lunga uscita\/tempo di vaporizzazione<\/td>\n<td class=\"inline\">10s<\/td>\n<\/tr>\n<tr>\n<td class=\"strong-title \">Controllo della temperatura<\/td>\n<td class=\"inline\">100\u2103-315\u2103(1\u2103 passo dopo passo), 200\u2109-600\u2109(5\u2109 passo dopo passo)<\/td>\n<\/tr>\n<tr>\n<td class=\"strong-title \">Batteria<\/td>\n<td class=\"inline\">21700\/18650 (batteria singola, non inclusa, sostituibile)<\/td>\n<\/tr>\n<tr>\n<td class=\"strong-title \">Carica<\/td>\n<td class=\"inline\">Tipo-C 5V\/2A<\/td>\n<\/tr>\n<tr>\n<td class=\"strong-title \">Schermo di visualizzazione<\/td>\n<td class=\"inline\">Schermo a colori TFT da 1,1 pollici<\/td>\n<\/tr>\n<tr>\n<td class=\"strong-title \">Colore<\/td>\n<td class=\"inline\">Argento, rosso, blu, arcobaleno, nero<\/td>\n<\/tr>\n<\/tbody>\n<\/table>\n<div class=\"shop-features \">\n<h2 class=\"shop-features-title \"><img loading=\"lazy\" decoding=\"async\" class=\"alignnone size-full wp-image-248459\" src=\"https:\/\/justvape.nu\/wp-content\/uploads\/2018\/05\/Features.png\" alt=\"\" width=\"950\" height=\"64\" title=\"\" srcset=\"https:\/\/justvape.nu\/wp-content\/uploads\/2018\/05\/Features.png 950w, https:\/\/justvape.nu\/wp-content\/uploads\/2018\/05\/Features-600x40.png 600w, https:\/\/justvape.nu\/wp-content\/uploads\/2018\/05\/Features-64x4.png 64w, https:\/\/justvape.nu\/wp-content\/uploads\/2018\/05\/Features-300x20.png 300w, https:\/\/justvape.nu\/wp-content\/uploads\/2018\/05\/Features-768x52.png 768w\" sizes=\"auto, (max-width: 950px) 100vw, 950px\" \/><\/h2>\n<\/div>\n<p><strong class=\"description-little-title\">Max100 Box Mod Dettagli:<\/strong><\/p>\n<ul>\n<li style=\"list-style-type: none;\">\n<ul>\n<li>1. 2a generazione di Geekvape tri-proof tech<\/li>\n<li>2. Uscita massima 100W, nuovo Aegis Max<\/li>\n<li>3. Nuovo schermo intero da 1,1 pollici<\/li>\n<li>4. Batteria singola 21700\/18650<\/li>\n<li>5. Porta di ricarica Type-C con flip cover sulla parte superiore<\/li>\n<li>6. Resistenza all&#8217;acqua e alla polvere IP68-rating, resistenza agli urti<\/li>\n<li>7. Design della funzione A-lock<\/li>\n<\/ul>\n<\/li>\n<\/ul>\n<p class=\"description-img-center \"><img loading=\"lazy\" decoding=\"async\" class=\"alignnone size-full wp-image-428712\" src=\"https:\/\/justvape.nu\/wp-content\/uploads\/2022\/03\/GeekVape_Max100_Kit_A_Lock_Design.jpg\" alt=\"\" width=\"831\" height=\"461\" title=\"\" srcset=\"https:\/\/justvape.nu\/wp-content\/uploads\/2022\/03\/GeekVape_Max100_Kit_A_Lock_Design.jpg 831w, https:\/\/justvape.nu\/wp-content\/uploads\/2022\/03\/GeekVape_Max100_Kit_A_Lock_Design-300x166.jpg 300w, https:\/\/justvape.nu\/wp-content\/uploads\/2022\/03\/GeekVape_Max100_Kit_A_Lock_Design-768x426.jpg 768w, https:\/\/justvape.nu\/wp-content\/uploads\/2022\/03\/GeekVape_Max100_Kit_A_Lock_Design-600x333.jpg 600w, https:\/\/justvape.nu\/wp-content\/uploads\/2022\/03\/GeekVape_Max100_Kit_A_Lock_Design-64x36.jpg 64w\" sizes=\"auto, (max-width: 831px) 100vw, 831px\" \/> <img loading=\"lazy\" decoding=\"async\" class=\"alignnone size-full wp-image-428722\" src=\"https:\/\/justvape.nu\/wp-content\/uploads\/2022\/03\/GeekVape_Max100_Kit_Battery.jpg\" alt=\"\" width=\"831\" height=\"588\" title=\"\" srcset=\"https:\/\/justvape.nu\/wp-content\/uploads\/2022\/03\/GeekVape_Max100_Kit_Battery.jpg 831w, https:\/\/justvape.nu\/wp-content\/uploads\/2022\/03\/GeekVape_Max100_Kit_Battery-300x212.jpg 300w, https:\/\/justvape.nu\/wp-content\/uploads\/2022\/03\/GeekVape_Max100_Kit_Battery-768x543.jpg 768w, https:\/\/justvape.nu\/wp-content\/uploads\/2022\/03\/GeekVape_Max100_Kit_Battery-600x425.jpg 600w, https:\/\/justvape.nu\/wp-content\/uploads\/2022\/03\/GeekVape_Max100_Kit_Battery-64x45.jpg 64w\" sizes=\"auto, (max-width: 831px) 100vw, 831px\" \/> <img loading=\"lazy\" decoding=\"async\" class=\"alignnone size-full wp-image-428732\" src=\"https:\/\/justvape.nu\/wp-content\/uploads\/2022\/03\/GeekVape_Max100_Kit_Display.jpg\" alt=\"\" width=\"831\" height=\"398\" title=\"\" srcset=\"https:\/\/justvape.nu\/wp-content\/uploads\/2022\/03\/GeekVape_Max100_Kit_Display.jpg 831w, https:\/\/justvape.nu\/wp-content\/uploads\/2022\/03\/GeekVape_Max100_Kit_Display-300x144.jpg 300w, https:\/\/justvape.nu\/wp-content\/uploads\/2022\/03\/GeekVape_Max100_Kit_Display-768x368.jpg 768w, https:\/\/justvape.nu\/wp-content\/uploads\/2022\/03\/GeekVape_Max100_Kit_Display-600x287.jpg 600w, https:\/\/justvape.nu\/wp-content\/uploads\/2022\/03\/GeekVape_Max100_Kit_Display-64x31.jpg 64w\" sizes=\"auto, (max-width: 831px) 100vw, 831px\" \/> <img loading=\"lazy\" decoding=\"async\" class=\"alignnone size-full wp-image-428742\" src=\"https:\/\/justvape.nu\/wp-content\/uploads\/2022\/03\/GeekVape_Max100_Kit_Features.jpg\" alt=\"\" width=\"831\" height=\"335\" title=\"\" srcset=\"https:\/\/justvape.nu\/wp-content\/uploads\/2022\/03\/GeekVape_Max100_Kit_Features.jpg 831w, https:\/\/justvape.nu\/wp-content\/uploads\/2022\/03\/GeekVape_Max100_Kit_Features-300x121.jpg 300w, https:\/\/justvape.nu\/wp-content\/uploads\/2022\/03\/GeekVape_Max100_Kit_Features-768x310.jpg 768w, https:\/\/justvape.nu\/wp-content\/uploads\/2022\/03\/GeekVape_Max100_Kit_Features-600x242.jpg 600w, https:\/\/justvape.nu\/wp-content\/uploads\/2022\/03\/GeekVape_Max100_Kit_Features-64x26.jpg 64w\" sizes=\"auto, (max-width: 831px) 100vw, 831px\" \/> <img loading=\"lazy\" decoding=\"async\" class=\"alignnone size-full wp-image-428752\" src=\"https:\/\/justvape.nu\/wp-content\/uploads\/2022\/03\/GeekVape_Max100_Kit_Nee_Aegis_Max.jpg\" alt=\"\" width=\"831\" height=\"426\" title=\"\" srcset=\"https:\/\/justvape.nu\/wp-content\/uploads\/2022\/03\/GeekVape_Max100_Kit_Nee_Aegis_Max.jpg 831w, https:\/\/justvape.nu\/wp-content\/uploads\/2022\/03\/GeekVape_Max100_Kit_Nee_Aegis_Max-300x154.jpg 300w, https:\/\/justvape.nu\/wp-content\/uploads\/2022\/03\/GeekVape_Max100_Kit_Nee_Aegis_Max-768x394.jpg 768w, https:\/\/justvape.nu\/wp-content\/uploads\/2022\/03\/GeekVape_Max100_Kit_Nee_Aegis_Max-600x308.jpg 600w, https:\/\/justvape.nu\/wp-content\/uploads\/2022\/03\/GeekVape_Max100_Kit_Nee_Aegis_Max-64x33.jpg 64w\" sizes=\"auto, (max-width: 831px) 100vw, 831px\" \/> <img loading=\"lazy\" decoding=\"async\" class=\"alignnone size-full wp-image-428762\" src=\"https:\/\/justvape.nu\/wp-content\/uploads\/2022\/03\/GeekVape_Max100_Kit_New_Tri_proof.jpg\" alt=\"\" width=\"831\" height=\"431\" title=\"\" srcset=\"https:\/\/justvape.nu\/wp-content\/uploads\/2022\/03\/GeekVape_Max100_Kit_New_Tri_proof.jpg 831w, https:\/\/justvape.nu\/wp-content\/uploads\/2022\/03\/GeekVape_Max100_Kit_New_Tri_proof-300x156.jpg 300w, https:\/\/justvape.nu\/wp-content\/uploads\/2022\/03\/GeekVape_Max100_Kit_New_Tri_proof-768x398.jpg 768w, https:\/\/justvape.nu\/wp-content\/uploads\/2022\/03\/GeekVape_Max100_Kit_New_Tri_proof-600x311.jpg 600w, https:\/\/justvape.nu\/wp-content\/uploads\/2022\/03\/GeekVape_Max100_Kit_New_Tri_proof-64x33.jpg 64w\" sizes=\"auto, (max-width: 831px) 100vw, 831px\" \/><\/p>\n<div class=\"shop-features \">\n<h2 class=\"shop-features-title \"><img loading=\"lazy\" decoding=\"async\" class=\"alignnone size-full wp-image-229154\" src=\"https:\/\/justvape.nu\/wp-content\/uploads\/2018\/04\/Packing-List.png\" alt=\"\" width=\"950\" height=\"64\" title=\"\" srcset=\"https:\/\/justvape.nu\/wp-content\/uploads\/2018\/04\/Packing-List.png 950w, https:\/\/justvape.nu\/wp-content\/uploads\/2018\/04\/Packing-List-600x40.png 600w, https:\/\/justvape.nu\/wp-content\/uploads\/2018\/04\/Packing-List-64x4.png 64w, https:\/\/justvape.nu\/wp-content\/uploads\/2018\/04\/Packing-List-300x20.png 300w, https:\/\/justvape.nu\/wp-content\/uploads\/2018\/04\/Packing-List-768x52.png 768w\" sizes=\"auto, (max-width: 950px) 100vw, 950px\" \/><\/h2>\n<\/div>\n<p><strong class=\"description-little-title \">Il pacchetto di Max100 Mod viene fornito con:<\/strong><\/p>\n<p>1* GeekVape Max100 Mod<br \/>\n1* Cavo USB Tipo-C<br \/>\n1* Adattatore batteria 18650<\/p>\n<div class=\"shop-features \"><\/div>\n","protected":false},"excerpt":{"rendered":"<p>GEEKVAPE AEGIS MAX 2 \/ MAX100 MOD<\/p>\n","protected":false},"featured_media":428707,"comment_status":"open","ping_status":"closed","template":"","meta":{"_acf_changed":false,"_uag_custom_page_level_css":"","site-sidebar-layout":"default","site-content-layout":"default","ast-site-content-layout":"default","site-content-style":"default","site-sidebar-style":"default","ast-global-header-display":"","ast-banner-title-visibility":"","ast-main-header-display":"","ast-hfb-above-header-display":"","ast-hfb-below-header-display":"","ast-hfb-mobile-header-display":"","site-post-title":"","ast-breadcrumbs-content":"","ast-featured-img":"","footer-sml-layout":"","ast-disable-related-posts":"","theme-transparent-header-meta":"default","adv-header-id-meta":"","stick-header-meta":"default","header-above-stick-meta":"","header-main-stick-meta":"","header-below-stick-meta":"","astra-migrate-meta-layouts":"default","ast-page-background-enabled":"default","ast-page-background-meta":{"desktop":{"background-color":"","background-image":"","background-repeat":"repeat","background-position":"center center","background-size":"auto","background-attachment":"scroll","background-type":"","background-media":"","overlay-type":"","overlay-color":"","overlay-opacity":"","overlay-gradient":""},"tablet":{"background-color":"","background-image":"","background-repeat":"repeat","background-position":"center center","background-size":"auto","background-attachment":"scroll","background-type":"","background-media":"","overlay-type":"","overlay-color":"","overlay-opacity":"","overlay-gradient":""},"mobile":{"background-color":"","background-image":"","background-repeat":"repeat","background-position":"center center","background-size":"auto","background-attachment":"scroll","background-type":"","background-media":"","overlay-type":"","overlay-color":"","overlay-opacity":"","overlay-gradient":""}},"ast-content-background-meta":{"desktop":{"background-color":"var(--ast-global-color-5)","background-image":"","background-repeat":"repeat","background-position":"center center","background-size":"auto","background-attachment":"scroll","background-type":"","background-media":"","overlay-type":"","overlay-color":"","overlay-opacity":"","overlay-gradient":""},"tablet":{"background-color":"var(--ast-global-color-5)","background-image":"","background-repeat":"repeat","background-position":"center center","background-size":"auto","background-attachment":"scroll","background-type":"","background-media":"","overlay-type":"","overlay-color":"","overlay-opacity":"","overlay-gradient":""},"mobile":{"background-color":"var(--ast-global-color-5)","background-image":"","background-repeat":"repeat","background-position":"center center","background-size":"auto","background-attachment":"scroll","background-type":"","background-media":"","overlay-type":"","overlay-color":"","overlay-opacity":"","overlay-gradient":""}}},"product_brand":[],"product_cat":[3242,2517,2121,2518,2069],"product_tag":[],"class_list":{"0":"post-428914","1":"product","2":"type-product","3":"status-publish","4":"has-post-thumbnail","6":"product_cat-geekvape-it-2","7":"product_cat-hardware-it","8":"product_cat-mods-it","9":"product_cat-shop-by-brand-it","10":"product_cat-sigarette-elettroniche","11":"desktop-align-center","12":"tablet-align-center","13":"mobile-align-center","14":"ast-product-gallery-layout-horizontal-slider","15":"ast-product-gallery-with-no-image","16":"ast-product-single-variable","17":"ast-product-tabs-layout-horizontal","19":"first","20":"instock","21":"sale","22":"taxable","23":"shipping-taxable","24":"purchasable","25":"product-type-variable"},"acf":[],"uagb_featured_image_src":{"full":["https:\/\/justvape.nu\/wp-content\/uploads\/2022\/03\/box-aegis-max-2-21700-geekvape.jpg",600,600,false],"thumbnail":["https:\/\/justvape.nu\/wp-content\/uploads\/2022\/03\/box-aegis-max-2-21700-geekvape-150x150.jpg",150,150,true],"medium":["https:\/\/justvape.nu\/wp-content\/uploads\/2022\/03\/box-aegis-max-2-21700-geekvape-300x300.jpg",300,300,true],"medium_large":["https:\/\/justvape.nu\/wp-content\/uploads\/2022\/03\/box-aegis-max-2-21700-geekvape.jpg",600,600,false],"large":["https:\/\/justvape.nu\/wp-content\/uploads\/2022\/03\/box-aegis-max-2-21700-geekvape.jpg",600,600,false],"1536x1536":["https:\/\/justvape.nu\/wp-content\/uploads\/2022\/03\/box-aegis-max-2-21700-geekvape.jpg",600,600,false],"2048x2048":["https:\/\/justvape.nu\/wp-content\/uploads\/2022\/03\/box-aegis-max-2-21700-geekvape.jpg",600,600,false],"woocommerce_thumbnail":["https:\/\/justvape.nu\/wp-content\/uploads\/2022\/03\/box-aegis-max-2-21700-geekvape-300x300.jpg",300,300,true],"woocommerce_single":["https:\/\/justvape.nu\/wp-content\/uploads\/2022\/03\/box-aegis-max-2-21700-geekvape.jpg",600,600,false],"woocommerce_gallery_thumbnail":["https:\/\/justvape.nu\/wp-content\/uploads\/2022\/03\/box-aegis-max-2-21700-geekvape-100x100.jpg",100,100,true],"dgwt-wcas-product-suggestion":["https:\/\/justvape.nu\/wp-content\/uploads\/2022\/03\/box-aegis-max-2-21700-geekvape-64x64.jpg",64,64,true]},"uagb_author_info":{"display_name":"JustVape.nu","author_link":"https:\/\/justvape.nu\/it\/author\/"},"uagb_comment_info":0,"uagb_excerpt":"GEEKVAPE AEGIS MAX 2 \/ MAX100 MOD","_links":{"self":[{"href":"https:\/\/justvape.nu\/it\/wp-json\/wp\/v2\/product\/428914","targetHints":{"allow":["GET"]}}],"collection":[{"href":"https:\/\/justvape.nu\/it\/wp-json\/wp\/v2\/product"}],"about":[{"href":"https:\/\/justvape.nu\/it\/wp-json\/wp\/v2\/types\/product"}],"replies":[{"embeddable":true,"href":"https:\/\/justvape.nu\/it\/wp-json\/wp\/v2\/comments?post=428914"}],"wp:featuredmedia":[{"embeddable":true,"href":"https:\/\/justvape.nu\/it\/wp-json\/wp\/v2\/media\/428707"}],"wp:attachment":[{"href":"https:\/\/justvape.nu\/it\/wp-json\/wp\/v2\/media?parent=428914"}],"wp:term":[{"taxonomy":"product_brand","embeddable":true,"href":"https:\/\/justvape.nu\/it\/wp-json\/wp\/v2\/product_brand?post=428914"},{"taxonomy":"product_cat","embeddable":true,"href":"https:\/\/justvape.nu\/it\/wp-json\/wp\/v2\/product_cat?post=428914"},{"taxonomy":"product_tag","embeddable":true,"href":"https:\/\/justvape.nu\/it\/wp-json\/wp\/v2\/product_tag?post=428914"}],"curies":[{"name":"wp","href":"https:\/\/api.w.org\/{rel}","templated":true}]}}