{"id":395494,"date":"2021-08-11T17:25:14","date_gmt":"2021-08-11T15:25:14","guid":{"rendered":"https:\/\/www.justvape.nu\/produkt\/geekvape-obelisk-60-pod-kit-2200mah\/"},"modified":"2025-09-29T21:52:51","modified_gmt":"2025-09-29T19:52:51","slug":"geekvape-obelisk-60-pod-kit-2200mah","status":"publish","type":"product","link":"https:\/\/justvape.nu\/it\/produkt\/geekvape-obelisk-60-pod-kit-2200mah\/","title":{"rendered":"GEEKVAPE &#8211; OBELISK 60 POD KIT 2200mAh"},"content":{"rendered":"<h2>GEEKVAPE &#8211; OBELISK 60 POD KIT 2200mAh<\/h2>\n<p>L&#8217;obelisco 60 \u00e8 stato progettato per offrire fino a un giorno intero di vaping con una carica. La gamma di uscita 5 &#8211; 60W significa che sosterr\u00e0 DTL (Direct To Lung) vaping, mentre allo stesso tempo vi offre la possibilit\u00e0 di modificare la potenza di uscita per scoprire il vostro livello ideale di produzione di vapore. Ogni kit \u00e8 completo di un pod Obelisk 2ml e di due bobine per iniziare.<\/p>\n<p>Progettato con la discrezione in mente, l&#8217;Obelisk si adatta al palmo della tua mano e offre un approccio del tutto semplice al vaping sub-ohm. Un chiaro schermo del menu rende questo kit pi\u00f9 facile da configurare e mostra le informazioni chiave riguardanti la durata della batteria, la resistenza della bobina e il livello di potenza. Oltre alla modalit\u00e0 Wattaggio variabile, puoi anche usare il Controllo della temperatura per impostare una temperatura massima fissa e il chip di controllo intelligente regoler\u00e0 la potenza per mantenere la temperatura al livello scelto.<\/p>\n<p>Il pod ricaricabile Obelisk 2ml si trova all&#8217;interno del dispositivo stesso ed \u00e8 assicurato da una connessione magnetica &#8211; il che significa nessun meccanismo o fermaglio irritante. Facile da riempire, ogni pod ha anche un flusso d&#8217;aria superiore regolabile che ti d\u00e0 pi\u00f9 controllo sulla tua inspirazione per un&#8217;estrazione pi\u00f9 o meno stretta. Le bobine GeekVape P dispongono di una costruzione a rete che significa che riscaldano pi\u00f9 e-liquido ad un ritmo pi\u00f9 veloce per aumentare sia il sapore che la produzione di vapore. Quando si tratta di scegliere un e-liquido, si consiglia un e-liquido 70% VG o superiore VG e-liquido.<\/p>\n<p><img loading=\"lazy\" decoding=\"async\" class=\"alignnone size-full wp-image-383695\" src=\"https:\/\/www.justvape.nu\/wp-content\/uploads\/2021\/05\/Color-Scheme.png\" alt=\"\" width=\"950\" height=\"64\" title=\"\" srcset=\"https:\/\/justvape.nu\/wp-content\/uploads\/2021\/05\/Color-Scheme.png 950w, https:\/\/justvape.nu\/wp-content\/uploads\/2021\/05\/Color-Scheme-600x40.png 600w, https:\/\/justvape.nu\/wp-content\/uploads\/2021\/05\/Color-Scheme-64x4.png 64w, https:\/\/justvape.nu\/wp-content\/uploads\/2021\/05\/Color-Scheme-300x20.png 300w, https:\/\/justvape.nu\/wp-content\/uploads\/2021\/05\/Color-Scheme-768x52.png 768w\" sizes=\"auto, (max-width: 950px) 100vw, 950px\" \/><br \/>\n<img loading=\"lazy\" decoding=\"async\" class=\"alignnone size-full wp-image-394846\" src=\"https:\/\/www.justvape.nu\/wp-content\/uploads\/2021\/08\/11_0c2669.jpg\" alt=\"\" width=\"950\" height=\"594\" title=\"\" srcset=\"https:\/\/justvape.nu\/wp-content\/uploads\/2021\/08\/11_0c2669.jpg 950w, https:\/\/justvape.nu\/wp-content\/uploads\/2021\/08\/11_0c2669-600x375.jpg 600w, https:\/\/justvape.nu\/wp-content\/uploads\/2021\/08\/11_0c2669-64x40.jpg 64w, https:\/\/justvape.nu\/wp-content\/uploads\/2021\/08\/11_0c2669-300x188.jpg 300w, https:\/\/justvape.nu\/wp-content\/uploads\/2021\/08\/11_0c2669-768x480.jpg 768w\" sizes=\"auto, (max-width: 950px) 100vw, 950px\" \/><\/p>\n<p><img loading=\"lazy\" decoding=\"async\" class=\"alignnone size-full wp-image-390997\" src=\"https:\/\/www.justvape.nu\/wp-content\/uploads\/2021\/06\/Specifications1.png\" alt=\"\" width=\"950\" height=\"64\" title=\"\" srcset=\"https:\/\/justvape.nu\/wp-content\/uploads\/2021\/06\/Specifications1.png 950w, https:\/\/justvape.nu\/wp-content\/uploads\/2021\/06\/Specifications1-600x40.png 600w, https:\/\/justvape.nu\/wp-content\/uploads\/2021\/06\/Specifications1-64x4.png 64w, https:\/\/justvape.nu\/wp-content\/uploads\/2021\/06\/Specifications1-300x20.png 300w, https:\/\/justvape.nu\/wp-content\/uploads\/2021\/06\/Specifications1-768x52.png 768w\" sizes=\"auto, (max-width: 950px) 100vw, 950px\" \/><\/p>\n<p><strong>Parametri<\/strong><\/p>\n<p>Dimensione: 97 x 47.5mm<br \/>\nCapacit\u00e0 del serbatoio: 2 ml<br \/>\nGamma di potenza di uscita: 5-60W<br \/>\nIntervallo di resistenza: 0,1-3,0 ohm<br \/>\nBobine incluse: P0.4 coil (0.4ohm, 50-60W)P0.5 coil (0.5ohm, 40-50W)<br \/>\nTempo di uscita\/vaping pi\u00f9 lungo: 10S<br \/>\nControllo della temperatura: 200-600\u00b0F\/100-315\u2103<br \/>\nCapacit\u00e0 della batteria: 2200mAh<br \/>\nTensione di carica: USB Tipo-C 5V\/2A<br \/>\nSchermo di visualizzazione: Schermo a colori TFT da 0,96 pollici<br \/>\nDimensione del pacchetto: 81 (L) x 60 (W) x 135 (H) mm<br \/>\n<img loading=\"lazy\" decoding=\"async\" class=\"alignnone size-full wp-image-394856\" src=\"https:\/\/www.justvape.nu\/wp-content\/uploads\/2021\/08\/12_8ddbe5.jpg\" alt=\"\" width=\"950\" height=\"677\" title=\"\" srcset=\"https:\/\/justvape.nu\/wp-content\/uploads\/2021\/08\/12_8ddbe5.jpg 950w, https:\/\/justvape.nu\/wp-content\/uploads\/2021\/08\/12_8ddbe5-600x428.jpg 600w, https:\/\/justvape.nu\/wp-content\/uploads\/2021\/08\/12_8ddbe5-64x46.jpg 64w, https:\/\/justvape.nu\/wp-content\/uploads\/2021\/08\/12_8ddbe5-300x214.jpg 300w, https:\/\/justvape.nu\/wp-content\/uploads\/2021\/08\/12_8ddbe5-768x547.jpg 768w\" sizes=\"auto, (max-width: 950px) 100vw, 950px\" \/><\/p>\n<p><img loading=\"lazy\" decoding=\"async\" class=\"alignnone size-full wp-image-18994\" src=\"https:\/\/www.justvape.nu\/wp-content\/uploads\/2018\/05\/Features.png\" alt=\"\" width=\"950\" height=\"64\" title=\"\" srcset=\"https:\/\/justvape.nu\/wp-content\/uploads\/2018\/05\/Features.png 950w, https:\/\/justvape.nu\/wp-content\/uploads\/2018\/05\/Features-555x37.png 555w, https:\/\/justvape.nu\/wp-content\/uploads\/2018\/05\/Features-64x4.png 64w, https:\/\/justvape.nu\/wp-content\/uploads\/2018\/05\/Features-300x20.png 300w, https:\/\/justvape.nu\/wp-content\/uploads\/2018\/05\/Features-768x52.png 768w\" sizes=\"auto, (max-width: 950px) 100vw, 950px\" \/><br \/>\nDurata della batteria incredibilmente lunga con una capacit\u00e0 di 2200mAh<br \/>\n2ml di grande capacit\u00e0 di succo con Geekvape P Series Coil<br \/>\n60W max out put supporto meraviglioso vaping<br \/>\nRicarica veloce USB Type-C 5V\/2A<br \/>\nChip intelligente di controllo della potenza<br \/>\n100-315\u2103 temperatura regolabile<br \/>\nClic magnetico senza problemi aggiuntivi<br \/>\n<img loading=\"lazy\" decoding=\"async\" class=\"alignnone wp-image-394867\" src=\"https:\/\/www.justvape.nu\/wp-content\/uploads\/2021\/08\/13_6707e3-scaled.jpg\" alt=\"\" width=\"950\" height=\"2598\" title=\"\" srcset=\"https:\/\/justvape.nu\/wp-content\/uploads\/2021\/08\/13_6707e3-scaled.jpg 749w, https:\/\/justvape.nu\/wp-content\/uploads\/2021\/08\/13_6707e3-scaled-600x1641.jpg 600w, https:\/\/justvape.nu\/wp-content\/uploads\/2021\/08\/13_6707e3-scaled-64x175.jpg 64w, https:\/\/justvape.nu\/wp-content\/uploads\/2021\/08\/13_6707e3-110x300.jpg 110w, https:\/\/justvape.nu\/wp-content\/uploads\/2021\/08\/13_6707e3-374x1024.jpg 374w, https:\/\/justvape.nu\/wp-content\/uploads\/2021\/08\/13_6707e3-768x2101.jpg 768w\" sizes=\"auto, (max-width: 950px) 100vw, 950px\" \/><\/p>\n<p><img loading=\"lazy\" decoding=\"async\" class=\"alignnone size-full wp-image-229153\" src=\"https:\/\/www.justvape.nu\/wp-content\/uploads\/2018\/04\/Packing-List.png\" alt=\"\" width=\"950\" height=\"64\" title=\"\" srcset=\"https:\/\/justvape.nu\/wp-content\/uploads\/2018\/04\/Packing-List.png 950w, https:\/\/justvape.nu\/wp-content\/uploads\/2018\/04\/Packing-List-600x40.png 600w, https:\/\/justvape.nu\/wp-content\/uploads\/2018\/04\/Packing-List-64x4.png 64w, https:\/\/justvape.nu\/wp-content\/uploads\/2018\/04\/Packing-List-300x20.png 300w, https:\/\/justvape.nu\/wp-content\/uploads\/2018\/04\/Packing-List-768x52.png 768w\" sizes=\"auto, (max-width: 950px) 100vw, 950px\" \/><\/p>\n<p><strong>Edizione TPD<\/strong><\/p>\n<ul>\n<li>1 x Kit (2ml)<\/li>\n<li>1 x Strumento per bobine<\/li>\n<li>1 x cavo USB (Tipo-C)<\/li>\n<li>2\u00d7 Geekvape P Series Coil (preinstallata: 0.4ohm, 50-60W, Coil di ricambio: 0.5ohm, 40-50W)<\/li>\n<\/ul>\n<p><img loading=\"lazy\" decoding=\"async\" class=\"alignnone size-full wp-image-394877\" src=\"https:\/\/www.justvape.nu\/wp-content\/uploads\/2021\/08\/14_2f8456.jpg\" alt=\"\" width=\"950\" height=\"458\" title=\"\" srcset=\"https:\/\/justvape.nu\/wp-content\/uploads\/2021\/08\/14_2f8456.jpg 950w, https:\/\/justvape.nu\/wp-content\/uploads\/2021\/08\/14_2f8456-600x289.jpg 600w, https:\/\/justvape.nu\/wp-content\/uploads\/2021\/08\/14_2f8456-64x31.jpg 64w, https:\/\/justvape.nu\/wp-content\/uploads\/2021\/08\/14_2f8456-300x145.jpg 300w, https:\/\/justvape.nu\/wp-content\/uploads\/2021\/08\/14_2f8456-768x370.jpg 768w\" sizes=\"auto, (max-width: 950px) 100vw, 950px\" \/><\/p>\n<div class=\"ast-oembed-container \" style=\"height: 100%;\"><iframe loading=\"lazy\" title=\"GeekVape Obelisk AIO60 Kit!\" width=\"500\" height=\"281\" src=\"https:\/\/www.youtube.com\/embed\/SsOyi_6zHZ0?feature=oembed\" frameborder=\"0\" allow=\"accelerometer; autoplay; clipboard-write; encrypted-media; gyroscope; picture-in-picture; web-share\" referrerpolicy=\"strict-origin-when-cross-origin\" allowfullscreen><\/iframe><\/div>\n","protected":false},"excerpt":{"rendered":"<p>GEEKVAPE &#8211; OBELISK 60 POD KIT 2200mAh<\/p>\n","protected":false},"featured_media":394893,"comment_status":"open","ping_status":"closed","template":"","meta":{"_acf_changed":false,"_uag_custom_page_level_css":"","site-sidebar-layout":"default","site-content-layout":"default","ast-site-content-layout":"default","site-content-style":"default","site-sidebar-style":"default","ast-global-header-display":"","ast-banner-title-visibility":"","ast-main-header-display":"","ast-hfb-above-header-display":"","ast-hfb-below-header-display":"","ast-hfb-mobile-header-display":"","site-post-title":"","ast-breadcrumbs-content":"","ast-featured-img":"","footer-sml-layout":"","ast-disable-related-posts":"","theme-transparent-header-meta":"default","adv-header-id-meta":"","stick-header-meta":"default","header-above-stick-meta":"","header-main-stick-meta":"","header-below-stick-meta":"","astra-migrate-meta-layouts":"default","ast-page-background-enabled":"default","ast-page-background-meta":{"desktop":{"background-color":"","background-image":"","background-repeat":"repeat","background-position":"center center","background-size":"auto","background-attachment":"scroll","background-type":"","background-media":"","overlay-type":"","overlay-color":"","overlay-opacity":"","overlay-gradient":""},"tablet":{"background-color":"","background-image":"","background-repeat":"repeat","background-position":"center center","background-size":"auto","background-attachment":"scroll","background-type":"","background-media":"","overlay-type":"","overlay-color":"","overlay-opacity":"","overlay-gradient":""},"mobile":{"background-color":"","background-image":"","background-repeat":"repeat","background-position":"center center","background-size":"auto","background-attachment":"scroll","background-type":"","background-media":"","overlay-type":"","overlay-color":"","overlay-opacity":"","overlay-gradient":""}},"ast-content-background-meta":{"desktop":{"background-color":"var(--ast-global-color-5)","background-image":"","background-repeat":"repeat","background-position":"center center","background-size":"auto","background-attachment":"scroll","background-type":"","background-media":"","overlay-type":"","overlay-color":"","overlay-opacity":"","overlay-gradient":""},"tablet":{"background-color":"var(--ast-global-color-5)","background-image":"","background-repeat":"repeat","background-position":"center center","background-size":"auto","background-attachment":"scroll","background-type":"","background-media":"","overlay-type":"","overlay-color":"","overlay-opacity":"","overlay-gradient":""},"mobile":{"background-color":"var(--ast-global-color-5)","background-image":"","background-repeat":"repeat","background-position":"center center","background-size":"auto","background-attachment":"scroll","background-type":"","background-media":"","overlay-type":"","overlay-color":"","overlay-opacity":"","overlay-gradient":""}}},"product_brand":[],"product_cat":[3242,2517,2079,2518,2069],"product_tag":[],"class_list":{"0":"post-395494","1":"product","2":"type-product","3":"status-publish","4":"has-post-thumbnail","6":"product_cat-geekvape-it-2","7":"product_cat-hardware-it","8":"product_cat-kit-per-principianti-e-pod","9":"product_cat-shop-by-brand-it","10":"product_cat-sigarette-elettroniche","11":"desktop-align-center","12":"tablet-align-center","13":"mobile-align-center","14":"ast-product-gallery-layout-horizontal-slider","15":"ast-product-gallery-with-no-image","16":"ast-product-single-variable","17":"ast-product-tabs-layout-horizontal","19":"first","20":"instock","21":"sale","22":"taxable","23":"shipping-taxable","24":"purchasable","25":"product-type-variable"},"acf":[],"uagb_featured_image_src":{"full":["https:\/\/justvape.nu\/wp-content\/uploads\/2021\/08\/0_4892e9.jpg",600,600,false],"thumbnail":["https:\/\/justvape.nu\/wp-content\/uploads\/2021\/08\/0_4892e9-150x150.jpg",150,150,true],"medium":["https:\/\/justvape.nu\/wp-content\/uploads\/2021\/08\/0_4892e9-300x300.jpg",300,300,true],"medium_large":["https:\/\/justvape.nu\/wp-content\/uploads\/2021\/08\/0_4892e9.jpg",600,600,false],"large":["https:\/\/justvape.nu\/wp-content\/uploads\/2021\/08\/0_4892e9.jpg",600,600,false],"1536x1536":["https:\/\/justvape.nu\/wp-content\/uploads\/2021\/08\/0_4892e9.jpg",600,600,false],"2048x2048":["https:\/\/justvape.nu\/wp-content\/uploads\/2021\/08\/0_4892e9.jpg",600,600,false],"woocommerce_thumbnail":["https:\/\/justvape.nu\/wp-content\/uploads\/2021\/08\/0_4892e9-300x300.jpg",300,300,true],"woocommerce_single":["https:\/\/justvape.nu\/wp-content\/uploads\/2021\/08\/0_4892e9.jpg",600,600,false],"woocommerce_gallery_thumbnail":["https:\/\/justvape.nu\/wp-content\/uploads\/2021\/08\/0_4892e9-100x100.jpg",100,100,true],"dgwt-wcas-product-suggestion":["https:\/\/justvape.nu\/wp-content\/uploads\/2021\/08\/0_4892e9-64x64.jpg",64,64,true]},"uagb_author_info":{"display_name":"JustVape.nu","author_link":"https:\/\/justvape.nu\/it\/author\/"},"uagb_comment_info":0,"uagb_excerpt":"GEEKVAPE - OBELISK 60 POD KIT 2200mAh","_links":{"self":[{"href":"https:\/\/justvape.nu\/it\/wp-json\/wp\/v2\/product\/395494","targetHints":{"allow":["GET"]}}],"collection":[{"href":"https:\/\/justvape.nu\/it\/wp-json\/wp\/v2\/product"}],"about":[{"href":"https:\/\/justvape.nu\/it\/wp-json\/wp\/v2\/types\/product"}],"replies":[{"embeddable":true,"href":"https:\/\/justvape.nu\/it\/wp-json\/wp\/v2\/comments?post=395494"}],"wp:featuredmedia":[{"embeddable":true,"href":"https:\/\/justvape.nu\/it\/wp-json\/wp\/v2\/media\/394893"}],"wp:attachment":[{"href":"https:\/\/justvape.nu\/it\/wp-json\/wp\/v2\/media?parent=395494"}],"wp:term":[{"taxonomy":"product_brand","embeddable":true,"href":"https:\/\/justvape.nu\/it\/wp-json\/wp\/v2\/product_brand?post=395494"},{"taxonomy":"product_cat","embeddable":true,"href":"https:\/\/justvape.nu\/it\/wp-json\/wp\/v2\/product_cat?post=395494"},{"taxonomy":"product_tag","embeddable":true,"href":"https:\/\/justvape.nu\/it\/wp-json\/wp\/v2\/product_tag?post=395494"}],"curies":[{"name":"wp","href":"https:\/\/api.w.org\/{rel}","templated":true}]}}