{"id":381781,"date":"2018-09-26T20:58:35","date_gmt":"2018-09-26T18:58:35","guid":{"rendered":"https:\/\/www.justvape.nu\/produkt\/wotofo-cotone-prefabbricato\/"},"modified":"2024-04-09T16:40:23","modified_gmt":"2024-04-09T14:40:23","slug":"wotofo-pre-costruito-cotone","status":"publish","type":"product","link":"https:\/\/justvape.nu\/it\/produkt\/wotofo-pre-costruito-cotone\/","title":{"rendered":"Wotofo &#8211; Pre-Built Cotton"},"content":{"rendered":"<h2>Wotofo &#8211; Pre-Built Cotton<\/h2>\n<p>Wotofo Agleted Organic Cotton si ispira alle sempre crescenti esigenze di preparazione rapida del cotone per la tua comodit\u00e0 di ricostruzione. Il cotone che abbiamo selezionato \u00e8 di fibre lunghe in modo che sia liscio e non sia facile da separare. Tuttavia, questa non \u00e8 la parte migliore, la parte migliore \u00e8 che mettiamo una guaina su un&#8217;estremit\u00e0 della striscia di cotone in modo da funzionare come il puntale sul laccio delle scarpe, quindi \u00e8 molto pi\u00f9 facile infilare il cotone attraverso le bobine. Ogni striscia di cotone \u00e8 pronta per l&#8217;uso con una quantit\u00e0 di cotone adeguata testata per adattarsi al meglio alle bobine ID da 3 mm dominanti sul mercato e alle bobine a rete con profilo Wotofo ID da 6 mm. Il cotone presenta una grande capacit\u00e0 di assorbimento e una migliore capacit\u00e0 di ritenzione, appena confezionato per offrire il sapore pi\u00f9 puro. Ci sono 10 pezzi di strisce di cotone agleted in una piccola scatola, comode da portare in giro e conservate in modo pulito.<\/p>\n<p><strong>Caratteristiche:<\/strong><\/p>\n<p>1. 100% cotone biologico<\/p>\n<p>2. Pronto per l&#8217;uso con puntalino su un&#8217;estremit\u00e0<\/p>\n<p>3. Quantit\u00e0 di cotone adeguata per bobine ID da 3 mm dominanti \/ Justvape consiglia bobine ID da 3,5 mm con questi cotoni o con ID da 6 mm per bobine in rete<\/p>\n<p>4. Fibre lunghe appositamente selezionate per lo svapo<\/p>\n<p>5. Grande capacit\u00e0 di assorbimento<\/p>\n<p>6. Migliore capacit\u00e0 di ritenzione<\/p>\n<p>7. Sapore fresco e pulito<\/p>\n<p>8. Ora in box da 10 pz e box da 30 pz (30 pz solo nel \u00d83)<\/p>\n<p><img loading=\"lazy\" decoding=\"async\" class=\"alignnone size-full wp-image-112105\" src=\"https:\/\/www.justvape.nu\/wp-content\/uploads\/2018\/09\/2018082216.png\" alt=\"\" width=\"950\" height=\"383\" title=\"\" srcset=\"https:\/\/justvape.nu\/wp-content\/uploads\/2018\/09\/2018082216.png 950w, https:\/\/justvape.nu\/wp-content\/uploads\/2018\/09\/2018082216-555x224.png 555w, https:\/\/justvape.nu\/wp-content\/uploads\/2018\/09\/2018082216-64x26.png 64w, https:\/\/justvape.nu\/wp-content\/uploads\/2018\/09\/2018082216-300x121.png 300w, https:\/\/justvape.nu\/wp-content\/uploads\/2018\/09\/2018082216-768x310.png 768w, https:\/\/justvape.nu\/wp-content\/uploads\/2018\/09\/2018082216-24x10.png 24w, https:\/\/justvape.nu\/wp-content\/uploads\/2018\/09\/2018082216-36x15.png 36w, https:\/\/justvape.nu\/wp-content\/uploads\/2018\/09\/2018082216-48x19.png 48w\" sizes=\"auto, (max-width: 950px) 100vw, 950px\" \/><\/p>\n<p><img loading=\"lazy\" decoding=\"async\" class=\"alignnone size-full wp-image-23091\" src=\"https:\/\/www.justvape.nu\/wp-content\/uploads\/2018\/09\/QQjietu201-1.png\" alt=\"\" width=\"1031\" height=\"386\" title=\"\" srcset=\"https:\/\/justvape.nu\/wp-content\/uploads\/2018\/09\/QQjietu201-1.png 1031w, https:\/\/justvape.nu\/wp-content\/uploads\/2018\/09\/QQjietu201-1-555x208.png 555w, https:\/\/justvape.nu\/wp-content\/uploads\/2018\/09\/QQjietu201-1-64x24.png 64w, https:\/\/justvape.nu\/wp-content\/uploads\/2018\/09\/QQjietu201-1-300x112.png 300w, https:\/\/justvape.nu\/wp-content\/uploads\/2018\/09\/QQjietu201-1-768x288.png 768w, https:\/\/justvape.nu\/wp-content\/uploads\/2018\/09\/QQjietu201-1-1024x383.png 1024w\" sizes=\"auto, (max-width: 1031px) 100vw, 1031px\" \/><\/p>\n","protected":false},"excerpt":{"rendered":"<p>Wotofo &#8211; Pre-Built Cotton<\/p>\n","protected":false},"featured_media":255677,"comment_status":"open","ping_status":"closed","template":"","meta":{"_acf_changed":false,"_uag_custom_page_level_css":"","site-sidebar-layout":"default","site-content-layout":"default","ast-site-content-layout":"default","site-content-style":"default","site-sidebar-style":"default","ast-global-header-display":"","ast-banner-title-visibility":"","ast-main-header-display":"","ast-hfb-above-header-display":"","ast-hfb-below-header-display":"","ast-hfb-mobile-header-display":"","site-post-title":"","ast-breadcrumbs-content":"","ast-featured-img":"","footer-sml-layout":"","ast-disable-related-posts":"","theme-transparent-header-meta":"default","adv-header-id-meta":"","stick-header-meta":"default","header-above-stick-meta":"","header-main-stick-meta":"","header-below-stick-meta":"","astra-migrate-meta-layouts":"default","ast-page-background-enabled":"default","ast-page-background-meta":{"desktop":{"background-color":"","background-image":"","background-repeat":"repeat","background-position":"center center","background-size":"auto","background-attachment":"scroll","background-type":"","background-media":"","overlay-type":"","overlay-color":"","overlay-opacity":"","overlay-gradient":""},"tablet":{"background-color":"","background-image":"","background-repeat":"repeat","background-position":"center center","background-size":"auto","background-attachment":"scroll","background-type":"","background-media":"","overlay-type":"","overlay-color":"","overlay-opacity":"","overlay-gradient":""},"mobile":{"background-color":"","background-image":"","background-repeat":"repeat","background-position":"center center","background-size":"auto","background-attachment":"scroll","background-type":"","background-media":"","overlay-type":"","overlay-color":"","overlay-opacity":"","overlay-gradient":""}},"ast-content-background-meta":{"desktop":{"background-color":"var(--ast-global-color-5)","background-image":"","background-repeat":"repeat","background-position":"center center","background-size":"auto","background-attachment":"scroll","background-type":"","background-media":"","overlay-type":"","overlay-color":"","overlay-opacity":"","overlay-gradient":""},"tablet":{"background-color":"var(--ast-global-color-5)","background-image":"","background-repeat":"repeat","background-position":"center center","background-size":"auto","background-attachment":"scroll","background-type":"","background-media":"","overlay-type":"","overlay-color":"","overlay-opacity":"","overlay-gradient":""},"mobile":{"background-color":"var(--ast-global-color-5)","background-image":"","background-repeat":"repeat","background-position":"center center","background-size":"auto","background-attachment":"scroll","background-type":"","background-media":"","overlay-type":"","overlay-color":"","overlay-opacity":"","overlay-gradient":""}}},"product_brand":[],"product_cat":[2212,1919],"product_tag":[],"class_list":{"0":"post-381781","1":"product","2":"type-product","3":"status-publish","4":"has-post-thumbnail","6":"product_cat-cotone","7":"product_cat-diy-it","8":"desktop-align-center","9":"tablet-align-center","10":"mobile-align-center","11":"ast-product-gallery-layout-horizontal-slider","12":"ast-product-single-variable","13":"ast-product-tabs-layout-horizontal","15":"first","16":"instock","17":"sale","18":"taxable","19":"shipping-taxable","20":"purchasable","21":"product-type-variable"},"acf":[],"uagb_featured_image_src":{"full":["https:\/\/justvape.nu\/wp-content\/uploads\/2018\/09\/Wotofo-Pre-Built-Agleted-Organic-Cotton.jpg",800,800,false],"thumbnail":["https:\/\/justvape.nu\/wp-content\/uploads\/2018\/09\/Wotofo-Pre-Built-Agleted-Organic-Cotton-150x150.jpg",150,150,true],"medium":["https:\/\/justvape.nu\/wp-content\/uploads\/2018\/09\/Wotofo-Pre-Built-Agleted-Organic-Cotton-300x300.jpg",300,300,true],"medium_large":["https:\/\/justvape.nu\/wp-content\/uploads\/2018\/09\/Wotofo-Pre-Built-Agleted-Organic-Cotton-768x768.jpg",768,768,true],"large":["https:\/\/justvape.nu\/wp-content\/uploads\/2018\/09\/Wotofo-Pre-Built-Agleted-Organic-Cotton.jpg",800,800,false],"1536x1536":["https:\/\/justvape.nu\/wp-content\/uploads\/2018\/09\/Wotofo-Pre-Built-Agleted-Organic-Cotton.jpg",800,800,false],"2048x2048":["https:\/\/justvape.nu\/wp-content\/uploads\/2018\/09\/Wotofo-Pre-Built-Agleted-Organic-Cotton.jpg",800,800,false],"woocommerce_thumbnail":["https:\/\/justvape.nu\/wp-content\/uploads\/2018\/09\/Wotofo-Pre-Built-Agleted-Organic-Cotton-300x300.jpg",300,300,true],"woocommerce_single":["https:\/\/justvape.nu\/wp-content\/uploads\/2018\/09\/Wotofo-Pre-Built-Agleted-Organic-Cotton-600x600.jpg",600,600,true],"woocommerce_gallery_thumbnail":["https:\/\/justvape.nu\/wp-content\/uploads\/2018\/09\/Wotofo-Pre-Built-Agleted-Organic-Cotton-100x100.jpg",100,100,true],"dgwt-wcas-product-suggestion":["https:\/\/justvape.nu\/wp-content\/uploads\/2018\/09\/Wotofo-Pre-Built-Agleted-Organic-Cotton-64x64.jpg",64,64,true]},"uagb_author_info":{"display_name":"JustVape.nu","author_link":"https:\/\/justvape.nu\/it\/author\/"},"uagb_comment_info":0,"uagb_excerpt":"Wotofo - Pre-Built Cotton","_links":{"self":[{"href":"https:\/\/justvape.nu\/it\/wp-json\/wp\/v2\/product\/381781","targetHints":{"allow":["GET"]}}],"collection":[{"href":"https:\/\/justvape.nu\/it\/wp-json\/wp\/v2\/product"}],"about":[{"href":"https:\/\/justvape.nu\/it\/wp-json\/wp\/v2\/types\/product"}],"replies":[{"embeddable":true,"href":"https:\/\/justvape.nu\/it\/wp-json\/wp\/v2\/comments?post=381781"}],"wp:featuredmedia":[{"embeddable":true,"href":"https:\/\/justvape.nu\/it\/wp-json\/wp\/v2\/media\/255677"}],"wp:attachment":[{"href":"https:\/\/justvape.nu\/it\/wp-json\/wp\/v2\/media?parent=381781"}],"wp:term":[{"taxonomy":"product_brand","embeddable":true,"href":"https:\/\/justvape.nu\/it\/wp-json\/wp\/v2\/product_brand?post=381781"},{"taxonomy":"product_cat","embeddable":true,"href":"https:\/\/justvape.nu\/it\/wp-json\/wp\/v2\/product_cat?post=381781"},{"taxonomy":"product_tag","embeddable":true,"href":"https:\/\/justvape.nu\/it\/wp-json\/wp\/v2\/product_tag?post=381781"}],"curies":[{"name":"wp","href":"https:\/\/api.w.org\/{rel}","templated":true}]}}