{"id":381437,"date":"2018-05-18T14:09:36","date_gmt":"2018-05-18T12:09:36","guid":{"rendered":"https:\/\/www.justvape.nu\/produkt\/bobine-smok-v8-baby-tfv12-baby-prince\/"},"modified":"2024-04-09T16:41:07","modified_gmt":"2024-04-09T14:41:07","slug":"smok-v8-baby-coils-5-stk","status":"publish","type":"product","link":"https:\/\/justvape.nu\/it\/produkt\/smok-v8-baby-coils-5-stk\/","title":{"rendered":"Smok V8 Baby \/ TFV12 Baby Prince Coils"},"content":{"rendered":"<h2>Smok V8 Baby \/ TFV12 Baby Prince Coils 5 Pcs<\/h2>\n<p><strong>Queste bobine V8 Baby sono anche compatibili con il carro armato TFV12 Baby Prince<\/strong><strong> .<\/strong><\/p>\n<p><strong>V8 Baby-T12 EU \u00e8 disponibile in 3 pezzi!<\/strong><\/p>\n<p>Le nuove bobine V8 BABY-Q4, V8 BABY Mesh, V8 BABY-T12, V8 BABY-T12 Red Light, V8 BABY-T12 Green Light e V8 BABY-T12 Orange Light prodotte per creare nuvole pi\u00f9 dense e un gusto pi\u00f9 pulito con lo stesso effetto e aumentare la durata, che \u00e8 un fantastico miglioramento! La bobina di luce emette una luce meravigliosa mentre vaporizzi e la bobina di rete ha un intervallo di riscaldamento pi\u00f9 ampio per accelerare il processo di riscaldamento. Acquistali e migliorerai la tua esperienza di svapo a un livello fantastico.<\/p>\n<p><img loading=\"lazy\" decoding=\"async\" class=\"alignnone size-full wp-image-19310\" src=\"https:\/\/www.justvape.nu\/wp-content\/uploads\/2018\/05\/0_35_14-1.jpg\" alt=\"\" width=\"1000\" height=\"1000\" title=\"\" srcset=\"https:\/\/justvape.nu\/wp-content\/uploads\/2018\/05\/0_35_14-1.jpg 1000w, https:\/\/justvape.nu\/wp-content\/uploads\/2018\/05\/0_35_14-1-262x262.jpg 262w, https:\/\/justvape.nu\/wp-content\/uploads\/2018\/05\/0_35_14-1-160x160.jpg 160w, https:\/\/justvape.nu\/wp-content\/uploads\/2018\/05\/0_35_14-1-555x555.jpg 555w, https:\/\/justvape.nu\/wp-content\/uploads\/2018\/05\/0_35_14-1-64x64.jpg 64w, https:\/\/justvape.nu\/wp-content\/uploads\/2018\/05\/0_35_14-1-300x300.jpg 300w, https:\/\/justvape.nu\/wp-content\/uploads\/2018\/05\/0_35_14-1-150x150.jpg 150w, https:\/\/justvape.nu\/wp-content\/uploads\/2018\/05\/0_35_14-1-768x768.jpg 768w, https:\/\/justvape.nu\/wp-content\/uploads\/2018\/05\/0_35_14-1-500x500.jpg 500w\" sizes=\"auto, (max-width: 1000px) 100vw, 1000px\" \/><\/p>\n<p><img loading=\"lazy\" decoding=\"async\" class=\"alignnone size-full wp-image-18995\" src=\"https:\/\/www.justvape.nu\/wp-content\/uploads\/2018\/05\/Packing-List.png\" alt=\"\" width=\"950\" height=\"64\" title=\"\" srcset=\"https:\/\/justvape.nu\/wp-content\/uploads\/2018\/05\/Packing-List.png 950w, https:\/\/justvape.nu\/wp-content\/uploads\/2018\/05\/Packing-List-555x37.png 555w, https:\/\/justvape.nu\/wp-content\/uploads\/2018\/05\/Packing-List-64x4.png 64w, https:\/\/justvape.nu\/wp-content\/uploads\/2018\/05\/Packing-List-300x20.png 300w, https:\/\/justvape.nu\/wp-content\/uploads\/2018\/05\/Packing-List-768x52.png 768w\" sizes=\"auto, (max-width: 950px) 100vw, 950px\" \/><\/p>\n<ul>\n<li>1 bobina di ricambio per bambini SMOK V8 da 5 pezzi<\/li>\n<\/ul>\n<p>&nbsp;<\/p>\n<p><img loading=\"lazy\" decoding=\"async\" class=\"alignnone size-full wp-image-18993\" src=\"https:\/\/www.justvape.nu\/wp-content\/uploads\/2018\/05\/Specifications.png\" alt=\"\" width=\"950\" height=\"64\" title=\"\" srcset=\"https:\/\/justvape.nu\/wp-content\/uploads\/2018\/05\/Specifications.png 950w, https:\/\/justvape.nu\/wp-content\/uploads\/2018\/05\/Specifications-555x37.png 555w, https:\/\/justvape.nu\/wp-content\/uploads\/2018\/05\/Specifications-64x4.png 64w, https:\/\/justvape.nu\/wp-content\/uploads\/2018\/05\/Specifications-300x20.png 300w, https:\/\/justvape.nu\/wp-content\/uploads\/2018\/05\/Specifications-768x52.png 768w\" sizes=\"auto, (max-width: 950px) 100vw, 950px\" \/><\/p>\n<p><strong>V8 Baby-Q4 <\/strong><br \/>\nPorta un vapore pi\u00f9 denso e un sapore puro<br \/>\nDoppie bobine da 0,4 ohm<br \/>\n30-65 W \/ MIGLIORE: 50-60 W.<\/p>\n<p><strong>V8 Baby Mesh<\/strong><br \/>\nProcesso di riscaldamento veloce e vapore massiccio<br \/>\nBobina da 0,15 ohm<br \/>\n40-80 W \/ MIGLIORE 60-70 W.<\/p>\n<p><strong>V8 Baby Strip<\/strong><br \/>\nRiscaldamento uniforme e pi\u00f9 denso della nuvola di vapore massiccio<br \/>\nBobina da 0,15 ohm<br \/>\n40W-100W \/ MIGLIORE 80W-90W<\/p>\n<p><strong>V8 Baby-T12<\/strong><br \/>\nPortati vapore enorme e sapore puro<br \/>\nBobine duodecuple da 0,15ohm<br \/>\n50-90 W \/ MIGLIORE 60-80 W.<\/p>\n<p><strong>V8 Baby-T12 EU 3 Pz<br \/>\n<\/strong> Portati vapore enorme e sapore puro<br \/>\nBobine duodecuple da 0,15ohm<br \/>\n50-90 W \/ MIGLIORE 60-80 W.<strong><br \/>\n<\/strong><\/p>\n<p><strong>Luce rossa V8 Baby-T12<\/strong><br \/>\nPortati vapore enorme e luce splendente<br \/>\nBobine duodecuple da 0,15ohm<br \/>\n50-90 W \/ MIGLIORE 60-80 W.<\/p>\n<p><strong>V8 Baby-T12 Luce verde<\/strong><br \/>\nPortati vapore enorme e luce splendente<br \/>\nBobine duodecuple da 0,15ohm<br \/>\n50-90 W \/ MIGLIORE 60-80 W.<\/p>\n<p><strong>V8 Baby-T12 arancione chiaro<\/strong><br \/>\nPortati vapore enorme e luce splendente<br \/>\nBobine duodecuple da 0,15ohm<br \/>\n50-90 W \/ MIGLIORE 60-80 W.<br \/>\n<img loading=\"lazy\" decoding=\"async\" class=\"alignnone size-full wp-image-19312\" src=\"https:\/\/www.justvape.nu\/wp-content\/uploads\/2018\/05\/Extras.png\" alt=\"\" width=\"950\" height=\"64\" title=\"\" srcset=\"https:\/\/justvape.nu\/wp-content\/uploads\/2018\/05\/Extras.png 950w, https:\/\/justvape.nu\/wp-content\/uploads\/2018\/05\/Extras-555x37.png 555w, https:\/\/justvape.nu\/wp-content\/uploads\/2018\/05\/Extras-64x4.png 64w, https:\/\/justvape.nu\/wp-content\/uploads\/2018\/05\/Extras-300x20.png 300w, https:\/\/justvape.nu\/wp-content\/uploads\/2018\/05\/Extras-768x52.png 768w\" sizes=\"auto, (max-width: 950px) 100vw, 950px\" \/><\/p>\n<ul>\n<li>Compatibile con TFV8 Baby Tank<a href=\"https:\/\/www.heavengifts.com\/product\/SMOK-TFV8-BABY-Beast-Tank-Black.html\" target=\"_blank\" rel=\"noopener\"> e TFV8 Big Baby Tank Standard Version (non pu\u00f2 funzionare con TFV8 Tank).<\/a><\/li>\n<li>Queste bobine V8 Baby sono anche compatibili con TFV12 Baby Prince Tank.<\/li>\n<\/ul>\n<p>&nbsp;<\/p>\n","protected":false},"excerpt":{"rendered":"<p>Smok V8 Baby \/ TFV12 Baby Prince Coils 5 Stk<\/p>\n","protected":false},"featured_media":249547,"comment_status":"open","ping_status":"closed","template":"","meta":{"_acf_changed":false,"_uag_custom_page_level_css":"","site-sidebar-layout":"default","site-content-layout":"default","ast-site-content-layout":"default","site-content-style":"default","site-sidebar-style":"default","ast-global-header-display":"","ast-banner-title-visibility":"","ast-main-header-display":"","ast-hfb-above-header-display":"","ast-hfb-below-header-display":"","ast-hfb-mobile-header-display":"","site-post-title":"","ast-breadcrumbs-content":"","ast-featured-img":"","footer-sml-layout":"","ast-disable-related-posts":"","theme-transparent-header-meta":"default","adv-header-id-meta":"","stick-header-meta":"default","header-above-stick-meta":"","header-main-stick-meta":"","header-below-stick-meta":"","astra-migrate-meta-layouts":"default","ast-page-background-enabled":"default","ast-page-background-meta":{"desktop":{"background-color":"","background-image":"","background-repeat":"repeat","background-position":"center center","background-size":"auto","background-attachment":"scroll","background-type":"","background-media":"","overlay-type":"","overlay-color":"","overlay-opacity":"","overlay-gradient":""},"tablet":{"background-color":"","background-image":"","background-repeat":"repeat","background-position":"center center","background-size":"auto","background-attachment":"scroll","background-type":"","background-media":"","overlay-type":"","overlay-color":"","overlay-opacity":"","overlay-gradient":""},"mobile":{"background-color":"","background-image":"","background-repeat":"repeat","background-position":"center center","background-size":"auto","background-attachment":"scroll","background-type":"","background-media":"","overlay-type":"","overlay-color":"","overlay-opacity":"","overlay-gradient":""}},"ast-content-background-meta":{"desktop":{"background-color":"var(--ast-global-color-5)","background-image":"","background-repeat":"repeat","background-position":"center center","background-size":"auto","background-attachment":"scroll","background-type":"","background-media":"","overlay-type":"","overlay-color":"","overlay-opacity":"","overlay-gradient":""},"tablet":{"background-color":"var(--ast-global-color-5)","background-image":"","background-repeat":"repeat","background-position":"center center","background-size":"auto","background-attachment":"scroll","background-type":"","background-media":"","overlay-type":"","overlay-color":"","overlay-opacity":"","overlay-gradient":""},"mobile":{"background-color":"var(--ast-global-color-5)","background-image":"","background-repeat":"repeat","background-position":"center center","background-size":"auto","background-attachment":"scroll","background-type":"","background-media":"","overlay-type":"","overlay-color":"","overlay-opacity":"","overlay-gradient":""}}},"product_brand":[],"product_cat":[2059,1979],"product_tag":[],"class_list":{"0":"post-381437","1":"product","2":"type-product","3":"status-publish","4":"has-post-thumbnail","6":"product_cat-bobine-pods","7":"product_cat-serbatoi-e-bobine","8":"desktop-align-center","9":"tablet-align-center","10":"mobile-align-center","11":"ast-product-gallery-layout-horizontal-slider","12":"ast-product-gallery-with-no-image","13":"ast-product-single-variable","14":"ast-product-tabs-layout-horizontal","16":"first","17":"instock","18":"sale","19":"taxable","20":"shipping-taxable","21":"purchasable","22":"product-type-variable"},"acf":[],"uagb_featured_image_src":{"full":["https:\/\/justvape.nu\/wp-content\/uploads\/2018\/05\/v8-baby-coils.jpg",800,800,false],"thumbnail":["https:\/\/justvape.nu\/wp-content\/uploads\/2018\/05\/v8-baby-coils-150x150.jpg",150,150,true],"medium":["https:\/\/justvape.nu\/wp-content\/uploads\/2018\/05\/v8-baby-coils-300x300.jpg",300,300,true],"medium_large":["https:\/\/justvape.nu\/wp-content\/uploads\/2018\/05\/v8-baby-coils-768x768.jpg",768,768,true],"large":["https:\/\/justvape.nu\/wp-content\/uploads\/2018\/05\/v8-baby-coils.jpg",800,800,false],"1536x1536":["https:\/\/justvape.nu\/wp-content\/uploads\/2018\/05\/v8-baby-coils.jpg",800,800,false],"2048x2048":["https:\/\/justvape.nu\/wp-content\/uploads\/2018\/05\/v8-baby-coils.jpg",800,800,false],"woocommerce_thumbnail":["https:\/\/justvape.nu\/wp-content\/uploads\/2018\/05\/v8-baby-coils-300x300.jpg",300,300,true],"woocommerce_single":["https:\/\/justvape.nu\/wp-content\/uploads\/2018\/05\/v8-baby-coils-600x600.jpg",600,600,true],"woocommerce_gallery_thumbnail":["https:\/\/justvape.nu\/wp-content\/uploads\/2018\/05\/v8-baby-coils-100x100.jpg",100,100,true],"dgwt-wcas-product-suggestion":["https:\/\/justvape.nu\/wp-content\/uploads\/2018\/05\/v8-baby-coils-64x64.jpg",64,64,true]},"uagb_author_info":{"display_name":"JustVape.nu","author_link":"https:\/\/justvape.nu\/it\/author\/"},"uagb_comment_info":0,"uagb_excerpt":"Smok V8 Baby \/ TFV12 Baby Prince Coils 5 Stk","_links":{"self":[{"href":"https:\/\/justvape.nu\/it\/wp-json\/wp\/v2\/product\/381437","targetHints":{"allow":["GET"]}}],"collection":[{"href":"https:\/\/justvape.nu\/it\/wp-json\/wp\/v2\/product"}],"about":[{"href":"https:\/\/justvape.nu\/it\/wp-json\/wp\/v2\/types\/product"}],"replies":[{"embeddable":true,"href":"https:\/\/justvape.nu\/it\/wp-json\/wp\/v2\/comments?post=381437"}],"wp:featuredmedia":[{"embeddable":true,"href":"https:\/\/justvape.nu\/it\/wp-json\/wp\/v2\/media\/249547"}],"wp:attachment":[{"href":"https:\/\/justvape.nu\/it\/wp-json\/wp\/v2\/media?parent=381437"}],"wp:term":[{"taxonomy":"product_brand","embeddable":true,"href":"https:\/\/justvape.nu\/it\/wp-json\/wp\/v2\/product_brand?post=381437"},{"taxonomy":"product_cat","embeddable":true,"href":"https:\/\/justvape.nu\/it\/wp-json\/wp\/v2\/product_cat?post=381437"},{"taxonomy":"product_tag","embeddable":true,"href":"https:\/\/justvape.nu\/it\/wp-json\/wp\/v2\/product_tag?post=381437"}],"curies":[{"name":"wp","href":"https:\/\/api.w.org\/{rel}","templated":true}]}}