{"id":381334,"date":"2018-09-12T12:23:42","date_gmt":"2018-09-12T10:23:42","guid":{"rendered":"https:\/\/www.justvape.nu\/produkt\/batteria-samsung-30t-21700-3000mah-35a-inr21700-30t\/"},"modified":"2024-04-09T16:41:06","modified_gmt":"2024-04-09T14:41:06","slug":"samsung-30t-21700-35a-flat-top-batteria-3000mah","status":"publish","type":"product","link":"https:\/\/justvape.nu\/it\/produkt\/samsung-30t-21700-35a-flat-top-batteria-3000mah\/","title":{"rendered":"Batteria Samsung 30T 21700 3000mAh 35A &#8211; INR21700-30T"},"content":{"rendered":"<h2>Batteria Samsung 30T 21700 3000mAh 35A &#8211; INR21700-30T<\/h2>\n<div>\n<p>Ecco il &#8220;re attuale&#8221;, gioco di parole. Questo \u00e8 attualmente il re di tutti i dispositivi Ultra-High Drain. Nessun&#8217;altra cella sul mercato pu\u00f2 eguagliare la potenza di corrente fornita da questa cella. Questa cella eroga una capacit\u00e0 di 3.000 mAh di energia e lo fa con un valore di scarica \/ drenaggio continuo di 35 ampere senza che sia necessario un taglio di temperatura. Anche a 30 ampere di scarico \/ drenaggio continuo, si riscalda solo fino a 67 gradi Celsius o 153 gradi Fahrenheit. Questo ti mostra l&#8217;ingegnosit\u00e0 e la ricerca e sviluppo che sono state necessarie per sviluppare questa cellula. Tuttavia, questa cella non \u00e8 di alcun beneficio reale a meno che non la si utilizzi in un dispositivo di scarico \/ drenaggio ultra-alto oltre 20 ampere e solo allora questa cella mostra le vere capacit\u00e0. Questa cella non ha praticamente alcun calo di tensione, fino a quando non viene spinta al valore limite del produttore.<\/p>\n<\/div>\n<h4>Specifiche:<\/h4>\n<ul>\n<li>Modello: INR21700-30T<\/li>\n<li>Dimensioni: 21700<\/li>\n<li>Stile: Flat Top<\/li>\n<li>Capacit\u00e0 nominale: 3000 mAh<\/li>\n<li>Valutazione di scarica continua: 35A<\/li>\n<li>Voltaggio Nominale: 3.6v<\/li>\n<li>Protetto: no<\/li>\n<li>Ricaricabile: s\u00ec<\/li>\n<li>Dimensioni approssimative: 21,1 mm x 70,2 mm<\/li>\n<li>Peso approssimativo: 68,2 g<\/li>\n<\/ul>\n<div>\n<hr>\n<\/div>\n<h4>Informazioni sulla sicurezza Samsung SDI<br \/>\n<a href=\"https:\/\/www.samsungsdi.com\/lithium-ion-battery\/safe-information.html\" target=\"_blank\" rel=\"noopener noreferrer\">&#8220;Ricarica, utilizzo e trattamento di batterie agli ioni di litio di piccole dimensioni&#8221;<\/a><\/h4>\n<h4><\/h4>\n<h4>AVVERTIMENTO:<\/h4>\n<div>L&#8217;utente deve avere una conoscenza adeguata delle batterie agli ioni di litio prima dell&#8217;acquisto. Prestare attenzione quando si lavora con e si utilizzano batterie agli ioni di litio poich\u00e9 sono molto sensibili alle caratteristiche di carica e possono esplodere, bruciare o causare un incendio se utilizzate in modo improprio o maneggiate in modo improprio. Caricare sempre su o su una superficie a prova di fuoco. Non lasciare mai le batterie in carica senza sorveglianza. Questa batteria viene venduta per l&#8217;uso di integrazioni di sistema con circuiti di protezione adeguati o pacchi batteria con un sistema di gestione della batteria o PCB (scheda \/ modulo). L&#8217;acquirente \u00e8 responsabile per eventuali danni o lesioni causati da un uso improprio o da una cattiva gestione delle batterie e dei caricabatterie agli ioni di litio. Carica solo con un caricabatterie intelligente progettato per questo tipo specifico di batteria agli ioni di litio.<\/div>\n<ul>\n<li>L&#8217;USO IMPROPRIO O L&#8217;USO IMPROPRIO DELLE BATTERIE AGLI IONI DI LITIO PU PRESENTARE UN GRAVE RISCHIO DI LESIONI PERSONALI, DANNI ALLE PROPRIET\u00c0 O MORTE<\/li>\n<li>LE BATTERIE POSSONO ESPLODERE, BRUCIARE O CAUSARE UN INCENDIO SE UTILIZZATE IN MODO IMPROPRIO<\/li>\n<li>UTILIZZARE SOLO CON CIRCUITI ADEGUATI IN UN PACCO BATTERIA PROTETTO<\/li>\n<li>UTILIZZARE SOLO ENTRO LE SPECIFICHE ELENCATE DAL PRODUTTORE<\/li>\n<li>NON CONSERVARE LA BATTERIA ALLENTATA IN UNA TASCA, BORSA ETC. &#8211; UTILIZZARE SEMPRE UNA CUSTODIA O UNA SCATOLA DI PROTEZIONE<\/li>\n<li>TENERE LONTANO da oggetti metallici per evitare cortocircuiti<\/li>\n<li>Non cortocircuitare<\/li>\n<li>NON usare se l&#8217;involucro o l&#8217;isolante \u00e8 danneggiato o strappato<\/li>\n<li>NON utilizzare se danneggiato in qualsiasi modo<\/li>\n<li>NON sovraccaricare o scaricare eccessivamente<\/li>\n<li>NON modificare, smontare, forare, tagliare, schiacciare o bruciare<\/li>\n<li>NON esporre a liquidi o alte temperature<\/li>\n<li>NON saldare, solo saldatura a punti<\/li>\n<li>L&#8217;utente deve avere familiarit\u00e0 con la gestione delle batterie agli ioni di litio prima dell&#8217;acquisto<\/li>\n<li>L&#8217;utilizzo delle batterie \u00e8 A PROPRIO RISCHIO<\/li>\n<li>SEMPRE caricare su o su una superficie ignifuga e non lasciare mai incustodite le batterie in carica<\/li>\n<li>I RIVENDITORI DEVONO INOLTRE TUTTE LE AVVERTENZE A TUTTI I CLIENTI PER IL LORO RIFERIMENTO E SICUREZZA<\/li>\n<\/ul>\n","protected":false},"excerpt":{"rendered":"<p>Batteria Samsung 30T 21700 3000mAh 35A &#8211; INR21700-30T<\/p>\n","protected":false},"featured_media":254907,"comment_status":"open","ping_status":"closed","template":"","meta":{"_acf_changed":false,"_uag_custom_page_level_css":"","site-sidebar-layout":"default","site-content-layout":"default","ast-site-content-layout":"default","site-content-style":"default","site-sidebar-style":"default","ast-global-header-display":"","ast-banner-title-visibility":"","ast-main-header-display":"","ast-hfb-above-header-display":"","ast-hfb-below-header-display":"","ast-hfb-mobile-header-display":"","site-post-title":"","ast-breadcrumbs-content":"","ast-featured-img":"","footer-sml-layout":"","ast-disable-related-posts":"","theme-transparent-header-meta":"default","adv-header-id-meta":"","stick-header-meta":"default","header-above-stick-meta":"","header-main-stick-meta":"","header-below-stick-meta":"","astra-migrate-meta-layouts":"default","ast-page-background-enabled":"default","ast-page-background-meta":{"desktop":{"background-color":"","background-image":"","background-repeat":"repeat","background-position":"center center","background-size":"auto","background-attachment":"scroll","background-type":"","background-media":"","overlay-type":"","overlay-color":"","overlay-opacity":"","overlay-gradient":""},"tablet":{"background-color":"","background-image":"","background-repeat":"repeat","background-position":"center center","background-size":"auto","background-attachment":"scroll","background-type":"","background-media":"","overlay-type":"","overlay-color":"","overlay-opacity":"","overlay-gradient":""},"mobile":{"background-color":"","background-image":"","background-repeat":"repeat","background-position":"center center","background-size":"auto","background-attachment":"scroll","background-type":"","background-media":"","overlay-type":"","overlay-color":"","overlay-opacity":"","overlay-gradient":""}},"ast-content-background-meta":{"desktop":{"background-color":"var(--ast-global-color-5)","background-image":"","background-repeat":"repeat","background-position":"center center","background-size":"auto","background-attachment":"scroll","background-type":"","background-media":"","overlay-type":"","overlay-color":"","overlay-opacity":"","overlay-gradient":""},"tablet":{"background-color":"var(--ast-global-color-5)","background-image":"","background-repeat":"repeat","background-position":"center center","background-size":"auto","background-attachment":"scroll","background-type":"","background-media":"","overlay-type":"","overlay-color":"","overlay-opacity":"","overlay-gradient":""},"mobile":{"background-color":"var(--ast-global-color-5)","background-image":"","background-repeat":"repeat","background-position":"center center","background-size":"auto","background-attachment":"scroll","background-type":"","background-media":"","overlay-type":"","overlay-color":"","overlay-opacity":"","overlay-gradient":""}}},"product_brand":[],"product_cat":[2382,2173,3347,2518],"product_tag":[],"class_list":{"0":"post-381334","1":"product","2":"type-product","3":"status-publish","4":"has-post-thumbnail","6":"product_cat-21700-it","7":"product_cat-batterie","8":"product_cat-samsung-it-2","9":"product_cat-shop-by-brand-it","10":"product_shipping_class-batteries-it","11":"desktop-align-center","12":"tablet-align-center","13":"mobile-align-center","14":"ast-product-gallery-layout-horizontal-slider","15":"ast-product-gallery-with-no-image","16":"ast-product-tabs-layout-horizontal","18":"first","19":"instock","20":"sale","21":"taxable","22":"shipping-taxable","23":"purchasable","24":"product-type-simple"},"acf":[],"uagb_featured_image_src":{"full":["https:\/\/justvape.nu\/wp-content\/uploads\/2018\/09\/1_175.jpg",800,800,false],"thumbnail":["https:\/\/justvape.nu\/wp-content\/uploads\/2018\/09\/1_175-150x150.jpg",150,150,true],"medium":["https:\/\/justvape.nu\/wp-content\/uploads\/2018\/09\/1_175-300x300.jpg",300,300,true],"medium_large":["https:\/\/justvape.nu\/wp-content\/uploads\/2018\/09\/1_175-768x768.jpg",768,768,true],"large":["https:\/\/justvape.nu\/wp-content\/uploads\/2018\/09\/1_175.jpg",800,800,false],"1536x1536":["https:\/\/justvape.nu\/wp-content\/uploads\/2018\/09\/1_175.jpg",800,800,false],"2048x2048":["https:\/\/justvape.nu\/wp-content\/uploads\/2018\/09\/1_175.jpg",800,800,false],"woocommerce_thumbnail":["https:\/\/justvape.nu\/wp-content\/uploads\/2018\/09\/1_175-300x300.jpg",300,300,true],"woocommerce_single":["https:\/\/justvape.nu\/wp-content\/uploads\/2018\/09\/1_175-600x600.jpg",600,600,true],"woocommerce_gallery_thumbnail":["https:\/\/justvape.nu\/wp-content\/uploads\/2018\/09\/1_175-100x100.jpg",100,100,true],"dgwt-wcas-product-suggestion":["https:\/\/justvape.nu\/wp-content\/uploads\/2018\/09\/1_175-64x64.jpg",64,64,true]},"uagb_author_info":{"display_name":"JustVape.nu","author_link":"https:\/\/justvape.nu\/it\/author\/"},"uagb_comment_info":0,"uagb_excerpt":"Batteria Samsung 30T 21700 3000mAh 35A - INR21700-30T","_links":{"self":[{"href":"https:\/\/justvape.nu\/it\/wp-json\/wp\/v2\/product\/381334","targetHints":{"allow":["GET"]}}],"collection":[{"href":"https:\/\/justvape.nu\/it\/wp-json\/wp\/v2\/product"}],"about":[{"href":"https:\/\/justvape.nu\/it\/wp-json\/wp\/v2\/types\/product"}],"replies":[{"embeddable":true,"href":"https:\/\/justvape.nu\/it\/wp-json\/wp\/v2\/comments?post=381334"}],"wp:featuredmedia":[{"embeddable":true,"href":"https:\/\/justvape.nu\/it\/wp-json\/wp\/v2\/media\/254907"}],"wp:attachment":[{"href":"https:\/\/justvape.nu\/it\/wp-json\/wp\/v2\/media?parent=381334"}],"wp:term":[{"taxonomy":"product_brand","embeddable":true,"href":"https:\/\/justvape.nu\/it\/wp-json\/wp\/v2\/product_brand?post=381334"},{"taxonomy":"product_cat","embeddable":true,"href":"https:\/\/justvape.nu\/it\/wp-json\/wp\/v2\/product_cat?post=381334"},{"taxonomy":"product_tag","embeddable":true,"href":"https:\/\/justvape.nu\/it\/wp-json\/wp\/v2\/product_tag?post=381334"}],"curies":[{"name":"wp","href":"https:\/\/api.w.org\/{rel}","templated":true}]}}