{"id":380716,"date":"2018-02-02T19:43:35","date_gmt":"2018-02-02T18:43:35","guid":{"rendered":"https:\/\/www.justvape.nu\/produkt\/sony-batteria-murata-vtc5a-18650-2600mah-25a-us18650vtc5a\/"},"modified":"2026-03-25T17:12:57","modified_gmt":"2026-03-25T16:12:57","slug":"sony-18650-vtc5a-2600mah","status":"publish","type":"product","link":"https:\/\/justvape.nu\/it\/produkt\/sony-18650-vtc5a-2600mah\/","title":{"rendered":"Sony | Murata VTC5A 18650 2600mAh 25A Battery &#8211; US18650VTC5A"},"content":{"rendered":"<h2>Sony | Murata VTC5A 18650 2600mAh 25A Battery &#8211; US18650VTC5A<\/h2>\n<p>Questa cella Sony \/ MuRata VTC5A \u00e8 un tipo di cella &#8220;Superman&#8221; per coloro che necessitano e richiedono celle Ultra-High Discharge \/ Drain nel formato 18650. \u00c8 una cella molto sicura ed estremamente affidabile grazie al tipo di chimica NMC (Nickel Manganese Cobalt). Ci\u00f2 gli consente di mantenere temperature molto stabili con uno scarico \/ drenaggio cos\u00ec elevato. Questa cella \u00e8 vantaggiosa solo per i dispositivi Ultimate che richiedono tali requisiti, in quanto non mostrer\u00e0 le sue reali capacit\u00e0 fino a quando la domanda non sar\u00e0 spinta ad almeno 20 A di scarica \/ drenaggio continuo e fino a 30 A di scarica \/ drenaggio continuo. Con una capacit\u00e0 nominale di 2.600 mAh e fino a 35 Ampere di scarica \/ drenaggio costante quando la cella \u00e8 mantenuta al di sotto di 176 gradi Fahrenheit o 80 gradi Celsius, non troverai una cella di qualit\u00e0 superiore per soddisfare le esigenze del tuo dispositivo Ultimate High Discharge \/ Drain o richieste.<\/p>\n<p>Questa cella \u00e8 senza dubbio quella che colpisce pi\u00f9 duramente durante lo scarico \/ drenaggio iniziale di qualsiasi cella con fattore di forma 18650, che ha una capacit\u00e0 di oltre 2.500 mAh. Se vuoi soddisfare e soddisfare sia una &#8220;Tranquillit\u00e0&#8221; che esigenze molto impegnative, allora questo \u00e8 il tuo cellulare.<\/p>\n<h3><a href=\"https:\/\/www.justvape.nu\/wp-content\/uploads\/2018\/02\/sony_vtc5a_data_sheet.pdf\">Scheda tecnica Sony VTC5A<\/a><\/h3>\n<h4>Specifiche:<\/h4>\n<ul>\n<li>Modello: US18650VTC5A<\/li>\n<li>Dimensioni: 18650<\/li>\n<li>Stile: Flat Top<\/li>\n<li>Chimica: NMC<\/li>\n<li>Capacit\u00e0 nominale: 2600 mAh<\/li>\n<li>Valutazione di scarica continua: 25A<\/li>\n<li>Voltaggio Nominale: 3.6v<\/li>\n<li>Protetto: no<\/li>\n<li>Ricaricabile: s\u00ec<\/li>\n<li>Dimensioni approssimative: 18,2 mm x 65 mm<\/li>\n<li>Peso approssimativo: 47,8 g<\/li>\n<\/ul>\n<p>&nbsp;<\/p>\n<div><\/div>\n<h4>AVVERTIMENTO:<\/h4>\n<div>L&#8217;utente deve avere una conoscenza adeguata delle batterie agli ioni di litio prima dell&#8217;acquisto. Prestare attenzione quando si lavora con e si utilizzano batterie agli ioni di litio poich\u00e9 sono molto sensibili alle caratteristiche di carica e possono esplodere, bruciare o causare un incendio se utilizzate in modo improprio o maneggiate in modo improprio. Caricare sempre su o su una superficie a prova di fuoco. Non lasciare mai le batterie in carica senza sorveglianza. L&#8217;acquirente \u00e8 responsabile per eventuali danni o lesioni causati da un uso improprio o da una cattiva gestione delle batterie e dei caricabatterie agli ioni di litio. Non \u00e8 possibile fornire alcuna garanzia esplicita o implicita di compatibilit\u00e0 con alcun dispositivo. Carica solo con un caricabatterie intelligente progettato per questo tipo specifico di batteria agli ioni di litio. Non mischiare e abbinare batterie vecchie e nuove, usate e inutilizzate.<\/div>\n<div><\/div>\n<ul>\n<li>L&#8217;uso improprio o il trattamento improprio delle batterie agli ioni di litio pu\u00f2 comportare un GRAVE RISCHIO di lesioni personali, danni alle propriet\u00e0 o morte<\/li>\n<li>LE BATTERIE POSSONO ESPLODERE, BRUCIARE O CAUSARE UN INCENDIO SE UTILIZZATE IN MODO IMPROPRIO<\/li>\n<li>Utilizzare SOLO con circuiti di protezione adeguati<\/li>\n<li>Utilizzare SOLO entro le specifiche del produttore<\/li>\n<li>NON conservare sciolto in tasca, in borsa, ecc. &#8211; utilizzare sempre una custodia protettiva<\/li>\n<li>TENERE LONTANO da oggetti metallici per evitare cortocircuiti<\/li>\n<li>Non cortocircuitare<\/li>\n<li>NON usare se l&#8217;involucro o l&#8217;isolante \u00e8 danneggiato o strappato<\/li>\n<li>NON utilizzare se danneggiato in qualsiasi modo<\/li>\n<li>NON sovraccaricare o scaricare eccessivamente<\/li>\n<li>NON modificare, smontare, forare, tagliare, schiacciare o bruciare<\/li>\n<li>NON esporre a liquidi o alte temperature<\/li>\n<li>NON saldare<\/li>\n<li>L&#8217;utente deve avere familiarit\u00e0 con la gestione delle batterie agli ioni di litio prima dell&#8217;acquisto<\/li>\n<li>L&#8217;utilizzo delle batterie \u00e8 A PROPRIO RISCHIO<\/li>\n<\/ul>\n<div>\n<div><\/div>\n<\/div>\n","protected":false},"excerpt":{"rendered":"<p>Sony | Batteria Murata VTC5A 18650 2600mAh 25A &#8211; US18650VTC5A<\/p>\n","protected":false},"featured_media":299771,"comment_status":"open","ping_status":"closed","template":"","meta":{"_acf_changed":false,"_uag_custom_page_level_css":"","site-sidebar-layout":"default","site-content-layout":"default","ast-site-content-layout":"default","site-content-style":"default","site-sidebar-style":"default","ast-global-header-display":"","ast-banner-title-visibility":"","ast-main-header-display":"","ast-hfb-above-header-display":"","ast-hfb-below-header-display":"","ast-hfb-mobile-header-display":"","site-post-title":"","ast-breadcrumbs-content":"","ast-featured-img":"","footer-sml-layout":"","ast-disable-related-posts":"","theme-transparent-header-meta":"default","adv-header-id-meta":"","stick-header-meta":"default","header-above-stick-meta":"","header-main-stick-meta":"","header-below-stick-meta":"","astra-migrate-meta-layouts":"default","ast-page-background-enabled":"default","ast-page-background-meta":{"desktop":{"background-color":"","background-image":"","background-repeat":"repeat","background-position":"center center","background-size":"auto","background-attachment":"scroll","background-type":"","background-media":"","overlay-type":"","overlay-color":"","overlay-opacity":"","overlay-gradient":""},"tablet":{"background-color":"","background-image":"","background-repeat":"repeat","background-position":"center center","background-size":"auto","background-attachment":"scroll","background-type":"","background-media":"","overlay-type":"","overlay-color":"","overlay-opacity":"","overlay-gradient":""},"mobile":{"background-color":"","background-image":"","background-repeat":"repeat","background-position":"center center","background-size":"auto","background-attachment":"scroll","background-type":"","background-media":"","overlay-type":"","overlay-color":"","overlay-opacity":"","overlay-gradient":""}},"ast-content-background-meta":{"desktop":{"background-color":"var(--ast-global-color-5)","background-image":"","background-repeat":"repeat","background-position":"center center","background-size":"auto","background-attachment":"scroll","background-type":"","background-media":"","overlay-type":"","overlay-color":"","overlay-opacity":"","overlay-gradient":""},"tablet":{"background-color":"var(--ast-global-color-5)","background-image":"","background-repeat":"repeat","background-position":"center center","background-size":"auto","background-attachment":"scroll","background-type":"","background-media":"","overlay-type":"","overlay-color":"","overlay-opacity":"","overlay-gradient":""},"mobile":{"background-color":"var(--ast-global-color-5)","background-image":"","background-repeat":"repeat","background-position":"center center","background-size":"auto","background-attachment":"scroll","background-type":"","background-media":"","overlay-type":"","overlay-color":"","overlay-opacity":"","overlay-gradient":""}}},"product_brand":[],"product_cat":[2333,2173,2517,2518,3383],"product_tag":[],"class_list":{"0":"post-380716","1":"product","2":"type-product","3":"status-publish","4":"has-post-thumbnail","6":"product_cat-18650-it","7":"product_cat-batterie","8":"product_cat-hardware-it","9":"product_cat-shop-by-brand-it","10":"product_cat-sony-it-2","11":"product_shipping_class-batteries-it","12":"desktop-align-center","13":"tablet-align-center","14":"mobile-align-center","15":"ast-product-gallery-layout-horizontal-slider","16":"ast-product-gallery-with-no-image","17":"ast-product-tabs-layout-horizontal","19":"first","20":"instock","21":"sale","22":"taxable","23":"shipping-taxable","24":"purchasable","25":"product-type-simple"},"acf":[],"uagb_featured_image_src":{"full":["https:\/\/justvape.nu\/wp-content\/uploads\/2018\/02\/sony-18650-vtc5a-2600mah-high-drain-battery-12c-35a-1.jpg",800,800,false],"thumbnail":["https:\/\/justvape.nu\/wp-content\/uploads\/2018\/02\/sony-18650-vtc5a-2600mah-high-drain-battery-12c-35a-1-150x150.jpg",150,150,true],"medium":["https:\/\/justvape.nu\/wp-content\/uploads\/2018\/02\/sony-18650-vtc5a-2600mah-high-drain-battery-12c-35a-1-300x300.jpg",300,300,true],"medium_large":["https:\/\/justvape.nu\/wp-content\/uploads\/2018\/02\/sony-18650-vtc5a-2600mah-high-drain-battery-12c-35a-1-768x768.jpg",768,768,true],"large":["https:\/\/justvape.nu\/wp-content\/uploads\/2018\/02\/sony-18650-vtc5a-2600mah-high-drain-battery-12c-35a-1.jpg",800,800,false],"1536x1536":["https:\/\/justvape.nu\/wp-content\/uploads\/2018\/02\/sony-18650-vtc5a-2600mah-high-drain-battery-12c-35a-1.jpg",800,800,false],"2048x2048":["https:\/\/justvape.nu\/wp-content\/uploads\/2018\/02\/sony-18650-vtc5a-2600mah-high-drain-battery-12c-35a-1.jpg",800,800,false],"woocommerce_thumbnail":["https:\/\/justvape.nu\/wp-content\/uploads\/2018\/02\/sony-18650-vtc5a-2600mah-high-drain-battery-12c-35a-1-300x300.jpg",300,300,true],"woocommerce_single":["https:\/\/justvape.nu\/wp-content\/uploads\/2018\/02\/sony-18650-vtc5a-2600mah-high-drain-battery-12c-35a-1-600x600.jpg",600,600,true],"woocommerce_gallery_thumbnail":["https:\/\/justvape.nu\/wp-content\/uploads\/2018\/02\/sony-18650-vtc5a-2600mah-high-drain-battery-12c-35a-1-100x100.jpg",100,100,true],"dgwt-wcas-product-suggestion":["https:\/\/justvape.nu\/wp-content\/uploads\/2018\/02\/sony-18650-vtc5a-2600mah-high-drain-battery-12c-35a-1-64x64.jpg",64,64,true]},"uagb_author_info":{"display_name":"dsadmin","author_link":"https:\/\/justvape.nu\/it\/author\/"},"uagb_comment_info":0,"uagb_excerpt":"Sony | Batteria Murata VTC5A 18650 2600mAh 25A - US18650VTC5A","_links":{"self":[{"href":"https:\/\/justvape.nu\/it\/wp-json\/wp\/v2\/product\/380716","targetHints":{"allow":["GET"]}}],"collection":[{"href":"https:\/\/justvape.nu\/it\/wp-json\/wp\/v2\/product"}],"about":[{"href":"https:\/\/justvape.nu\/it\/wp-json\/wp\/v2\/types\/product"}],"replies":[{"embeddable":true,"href":"https:\/\/justvape.nu\/it\/wp-json\/wp\/v2\/comments?post=380716"}],"wp:featuredmedia":[{"embeddable":true,"href":"https:\/\/justvape.nu\/it\/wp-json\/wp\/v2\/media\/299771"}],"wp:attachment":[{"href":"https:\/\/justvape.nu\/it\/wp-json\/wp\/v2\/media?parent=380716"}],"wp:term":[{"taxonomy":"product_brand","embeddable":true,"href":"https:\/\/justvape.nu\/it\/wp-json\/wp\/v2\/product_brand?post=380716"},{"taxonomy":"product_cat","embeddable":true,"href":"https:\/\/justvape.nu\/it\/wp-json\/wp\/v2\/product_cat?post=380716"},{"taxonomy":"product_tag","embeddable":true,"href":"https:\/\/justvape.nu\/it\/wp-json\/wp\/v2\/product_tag?post=380716"}],"curies":[{"name":"wp","href":"https:\/\/api.w.org\/{rel}","templated":true}]}}