{"id":380147,"date":"2018-02-02T19:43:34","date_gmt":"2018-02-02T18:43:34","guid":{"rendered":"https:\/\/www.justvape.nu\/produkt\/batteria-samsung-25r-18650-2500mah-20a-inr18650-25r\/"},"modified":"2024-07-24T07:25:47","modified_gmt":"2024-07-24T05:25:47","slug":"samsung-inr18650-25r-2500mah","status":"publish","type":"product","link":"https:\/\/justvape.nu\/it\/produkt\/samsung-inr18650-25r-2500mah\/","title":{"rendered":"Batteria Samsung 25R 18650 2500mAh 20A &#8211; INR18650-25R"},"content":{"rendered":"<h2>Batteria Samsung 25R 18650 2500mAh 20A &#8211; INR18650-25R<\/h2>\n<div><\/div>\n<div>Questa \u00e8 probabilmente la cella con fattore di forma 18650 pi\u00f9 venduta e rispettata sul mercato, ancora oggi. Questa cella \u00e8 di altissima qualit\u00e0 e ha un prezzo molto economico per chiuderla a libro. Questa \u00e8 un&#8217;ottima cella bilanciata in termini di prestazioni e affidabilit\u00e0. Anche questa cella ha un ottimo equilibrio con una capacit\u00e0 moderata-alta di 2.500 mAh di energia, pur avendo un alto valore massimo di scarica \/ drenaggio continuo di 20 ampere (senza alcun taglio di temperatura coinvolto). Questa cella \u00e8 molto stabile, anche quando \u00e8 spinta al suo valore massimo. Questa cella ha tutto ci\u00f2 che potresti desiderare in una cella agli ioni di litio, come puoi vedere da alcuni dei suoi attributi. Ha molti usi come: alimentatori, power bank ad alto rendimento, BMS, utensili elettrici e anche torce ad alta potenza. Questa cella ha una composizione chimica della batteria molto pi\u00f9 sicura rispetto alle celle del passato, il che la rende pi\u00f9 stabile e molto pi\u00f9 sicura. Questa cella \u00e8 spesso classificata come cella &#8220;Riccioli d&#8217;oro&#8221;, a causa della sua versatilit\u00e0 e di tutti i suoi attributi. Questa cella ha superato la prova del tempo e controlla quasi tutte le caselle che puoi ragionevolmente immaginare. Non c&#8217;\u00e8 da meravigliarsi perch\u00e9 ha una storia cos\u00ec venerabile e uno dei preferiti dai consumatori.<\/div>\n<h3><a href=\"https:\/\/www.justvape.nu\/wp-content\/uploads\/2018\/02\/samsung_25r_data_sheet.pdf\">Scheda tecnica Samsung 25R<\/a><\/h3>\n<h4>Specifiche Samsung 25R<\/h4>\n<ul>\n<li>Modello: Samsung 25R \/ INR18650-25R<\/li>\n<li>Dimensioni: 18650<\/li>\n<li>Stile: Flat Top<\/li>\n<li>Protetto: no<\/li>\n<li>Ricaricabile: s\u00ec<\/li>\n<li>Capacit\u00e0 nominale: 2500 mAh<\/li>\n<li>Valutazione di scarica continua: 20A<\/li>\n<li>Tensione nominale: 3,6 V.<\/li>\n<li>Dimensioni approssimative: 18,33 mm x 64,85 mm<\/li>\n<li>Peso approssimativo: 43,8 g<\/li>\n<\/ul>\n<hr>\n<h4>Informazioni sulla sicurezza Samsung SDI<br \/>\n<a href=\"https:\/\/www.samsungsdi.com\/lithium-ion-battery\/safe-information.html\" target=\"_blank\" rel=\"noopener noreferrer\">&#8220;Ricarica, utilizzo e trattamento di batterie agli ioni di litio di piccole dimensioni&#8221;<\/a><\/h4>\n<h4><\/h4>\n<h4>AVVERTIMENTO:<\/h4>\n<div>L&#8217;utente deve avere una conoscenza adeguata delle batterie agli ioni di litio prima dell&#8217;acquisto. Prestare attenzione quando si lavora con e si utilizzano batterie agli ioni di litio poich\u00e9 sono molto sensibili alle caratteristiche di carica e possono esplodere, bruciare o causare un incendio se utilizzate in modo improprio o maneggiate in modo improprio. Caricare sempre su o su una superficie a prova di fuoco. Non lasciare mai le batterie in carica senza sorveglianza. Questa batteria viene venduta per l&#8217;uso di integrazioni di sistema con circuiti di protezione adeguati o pacchi batteria con un sistema di gestione della batteria o PCB (scheda \/ modulo). L&#8217;acquirente \u00e8 responsabile per eventuali danni o lesioni causati da un uso improprio o da una cattiva gestione delle batterie e dei caricabatterie agli ioni di litio. Carica solo con un caricabatterie intelligente progettato per questo tipo specifico di batteria agli ioni di litio.<\/div>\n<p>&nbsp;<\/p>\n<ul>\n<li>L&#8217;USO IMPROPRIO O L&#8217;USO IMPROPRIO DELLE BATTERIE AGLI IONI DI LITIO PU PRESENTARE UN GRAVE RISCHIO DI LESIONI PERSONALI, DANNI ALLE PROPRIET\u00c0 O MORTE<\/li>\n<li>LE BATTERIE POSSONO ESPLODERE, BRUCIARE O CAUSARE UN INCENDIO SE UTILIZZATE IN MODO IMPROPRIO<\/li>\n<li>UTILIZZARE SOLO CON CIRCUITI ADEGUATI IN UN PACCO BATTERIA PROTETTO<\/li>\n<li>UTILIZZARE SOLO ENTRO LE SPECIFICHE ELENCATE DAL PRODUTTORE<\/li>\n<li>NON CONSERVARE LA BATTERIA ALLENTATA IN UNA TASCA, BORSA ETC. &#8211; UTILIZZARE SEMPRE UNA CUSTODIA O UNA SCATOLA DI PROTEZIONE<\/li>\n<li>TENERE LONTANO da oggetti metallici per evitare cortocircuiti<\/li>\n<li>Non cortocircuitare<\/li>\n<li>NON usare se l&#8217;involucro o l&#8217;isolante \u00e8 danneggiato o strappato<\/li>\n<li>NON utilizzare se danneggiato in qualsiasi modo<\/li>\n<li>NON sovraccaricare o scaricare eccessivamente<\/li>\n<li>NON modificare, smontare, forare, tagliare, schiacciare o bruciare<\/li>\n<li>NON esporre a liquidi o alte temperature<\/li>\n<li>NON saldare, solo saldatura a punti<\/li>\n<li>L&#8217;utente deve avere familiarit\u00e0 con la gestione delle batterie agli ioni di litio prima dell&#8217;acquisto<\/li>\n<li>L&#8217;utilizzo delle batterie \u00e8 A PROPRIO RISCHIO<\/li>\n<li>SEMPRE caricare su o su una superficie ignifuga e non lasciare mai incustodite le batterie in carica<\/li>\n<li>I RIVENDITORI DEVONO INOLTRE TUTTE LE AVVERTENZE A TUTTI I CLIENTI PER IL LORO RIFERIMENTO E SICUREZZA<\/li>\n<\/ul>\n","protected":false},"excerpt":{"rendered":"<p>Batteria Samsung 25R 18650 2500mAh 20A &#8211; INR18650-25R<\/p>\n","protected":false},"featured_media":215091,"comment_status":"open","ping_status":"closed","template":"","meta":{"_acf_changed":false,"_uag_custom_page_level_css":"","site-sidebar-layout":"default","site-content-layout":"default","ast-site-content-layout":"default","site-content-style":"default","site-sidebar-style":"default","ast-global-header-display":"","ast-banner-title-visibility":"","ast-main-header-display":"","ast-hfb-above-header-display":"","ast-hfb-below-header-display":"","ast-hfb-mobile-header-display":"","site-post-title":"","ast-breadcrumbs-content":"","ast-featured-img":"","footer-sml-layout":"","ast-disable-related-posts":"","theme-transparent-header-meta":"default","adv-header-id-meta":"","stick-header-meta":"default","header-above-stick-meta":"","header-main-stick-meta":"","header-below-stick-meta":"","astra-migrate-meta-layouts":"default","ast-page-background-enabled":"default","ast-page-background-meta":{"desktop":{"background-color":"","background-image":"","background-repeat":"repeat","background-position":"center center","background-size":"auto","background-attachment":"scroll","background-type":"","background-media":"","overlay-type":"","overlay-color":"","overlay-opacity":"","overlay-gradient":""},"tablet":{"background-color":"","background-image":"","background-repeat":"repeat","background-position":"center center","background-size":"auto","background-attachment":"scroll","background-type":"","background-media":"","overlay-type":"","overlay-color":"","overlay-opacity":"","overlay-gradient":""},"mobile":{"background-color":"","background-image":"","background-repeat":"repeat","background-position":"center center","background-size":"auto","background-attachment":"scroll","background-type":"","background-media":"","overlay-type":"","overlay-color":"","overlay-opacity":"","overlay-gradient":""}},"ast-content-background-meta":{"desktop":{"background-color":"var(--ast-global-color-5)","background-image":"","background-repeat":"repeat","background-position":"center center","background-size":"auto","background-attachment":"scroll","background-type":"","background-media":"","overlay-type":"","overlay-color":"","overlay-opacity":"","overlay-gradient":""},"tablet":{"background-color":"var(--ast-global-color-5)","background-image":"","background-repeat":"repeat","background-position":"center center","background-size":"auto","background-attachment":"scroll","background-type":"","background-media":"","overlay-type":"","overlay-color":"","overlay-opacity":"","overlay-gradient":""},"mobile":{"background-color":"var(--ast-global-color-5)","background-image":"","background-repeat":"repeat","background-position":"center center","background-size":"auto","background-attachment":"scroll","background-type":"","background-media":"","overlay-type":"","overlay-color":"","overlay-opacity":"","overlay-gradient":""}}},"product_brand":[],"product_cat":[2333,2173,2517,3347,2518],"product_tag":[],"class_list":{"0":"post-380147","1":"product","2":"type-product","3":"status-publish","4":"has-post-thumbnail","6":"product_cat-18650-it","7":"product_cat-batterie","8":"product_cat-hardware-it","9":"product_cat-samsung-it-2","10":"product_cat-shop-by-brand-it","11":"product_shipping_class-batteries-it","12":"desktop-align-center","13":"tablet-align-center","14":"mobile-align-center","15":"ast-product-gallery-layout-horizontal-slider","16":"ast-product-gallery-with-no-image","17":"ast-product-tabs-layout-horizontal","19":"first","20":"instock","21":"sale","22":"taxable","23":"shipping-taxable","24":"purchasable","25":"product-type-simple"},"acf":[],"uagb_featured_image_src":{"full":["https:\/\/justvape.nu\/wp-content\/uploads\/2018\/02\/samsung-inr18650-25r-high-drain-battery-2500mah.jpg",800,800,false],"thumbnail":["https:\/\/justvape.nu\/wp-content\/uploads\/2018\/02\/samsung-inr18650-25r-high-drain-battery-2500mah-150x150.jpg",150,150,true],"medium":["https:\/\/justvape.nu\/wp-content\/uploads\/2018\/02\/samsung-inr18650-25r-high-drain-battery-2500mah-300x300.jpg",300,300,true],"medium_large":["https:\/\/justvape.nu\/wp-content\/uploads\/2018\/02\/samsung-inr18650-25r-high-drain-battery-2500mah-768x768.jpg",768,768,true],"large":["https:\/\/justvape.nu\/wp-content\/uploads\/2018\/02\/samsung-inr18650-25r-high-drain-battery-2500mah.jpg",800,800,false],"1536x1536":["https:\/\/justvape.nu\/wp-content\/uploads\/2018\/02\/samsung-inr18650-25r-high-drain-battery-2500mah.jpg",800,800,false],"2048x2048":["https:\/\/justvape.nu\/wp-content\/uploads\/2018\/02\/samsung-inr18650-25r-high-drain-battery-2500mah.jpg",800,800,false],"woocommerce_thumbnail":["https:\/\/justvape.nu\/wp-content\/uploads\/2018\/02\/samsung-inr18650-25r-high-drain-battery-2500mah-300x300.jpg",300,300,true],"woocommerce_single":["https:\/\/justvape.nu\/wp-content\/uploads\/2018\/02\/samsung-inr18650-25r-high-drain-battery-2500mah-600x600.jpg",600,600,true],"woocommerce_gallery_thumbnail":["https:\/\/justvape.nu\/wp-content\/uploads\/2018\/02\/samsung-inr18650-25r-high-drain-battery-2500mah-100x100.jpg",100,100,true],"dgwt-wcas-product-suggestion":["https:\/\/justvape.nu\/wp-content\/uploads\/2018\/02\/samsung-inr18650-25r-high-drain-battery-2500mah-64x64.jpg",64,64,true]},"uagb_author_info":{"display_name":"dsadmin","author_link":"https:\/\/justvape.nu\/it\/author\/"},"uagb_comment_info":0,"uagb_excerpt":"Batteria Samsung 25R 18650 2500mAh 20A - INR18650-25R","_links":{"self":[{"href":"https:\/\/justvape.nu\/it\/wp-json\/wp\/v2\/product\/380147","targetHints":{"allow":["GET"]}}],"collection":[{"href":"https:\/\/justvape.nu\/it\/wp-json\/wp\/v2\/product"}],"about":[{"href":"https:\/\/justvape.nu\/it\/wp-json\/wp\/v2\/types\/product"}],"replies":[{"embeddable":true,"href":"https:\/\/justvape.nu\/it\/wp-json\/wp\/v2\/comments?post=380147"}],"wp:featuredmedia":[{"embeddable":true,"href":"https:\/\/justvape.nu\/it\/wp-json\/wp\/v2\/media\/215091"}],"wp:attachment":[{"href":"https:\/\/justvape.nu\/it\/wp-json\/wp\/v2\/media?parent=380147"}],"wp:term":[{"taxonomy":"product_brand","embeddable":true,"href":"https:\/\/justvape.nu\/it\/wp-json\/wp\/v2\/product_brand?post=380147"},{"taxonomy":"product_cat","embeddable":true,"href":"https:\/\/justvape.nu\/it\/wp-json\/wp\/v2\/product_cat?post=380147"},{"taxonomy":"product_tag","embeddable":true,"href":"https:\/\/justvape.nu\/it\/wp-json\/wp\/v2\/product_tag?post=380147"}],"curies":[{"name":"wp","href":"https:\/\/api.w.org\/{rel}","templated":true}]}}