{"id":377301,"date":"2019-06-14T10:53:26","date_gmt":"2019-06-14T08:53:26","guid":{"rendered":"https:\/\/www.justvape.nu\/produkt\/batteria-samsung-40t-21700-4000mah-35a-inr21700-40t\/"},"modified":"2026-04-09T11:23:00","modified_gmt":"2026-04-09T09:23:00","slug":"samsung-40t-inr21700-4000mah","status":"publish","type":"product","link":"https:\/\/justvape.nu\/it\/produkt\/samsung-40t-inr21700-4000mah\/","title":{"rendered":"Samsung 40T 21700 4000mAh 35A Batteri &#8211; INR21700-40T"},"content":{"rendered":"<h2 class=\"product_name\">Samsung 40T 21700 4000mAh 35A Battery &#8211; INR21700-40T<\/h2>\n<p>Samsung ha davvero colpito alcuni &#8220;Grandi Slam&#8221; solo negli ultimi due anni con le celle agli ioni di litio, questo Samsung 40T \u00e8 solo uno di quegli esempi. Ci\u00f2 che rende questa cella cos\u00ec speciale \u00e8 la sua capacit\u00e0 di avere il &#8220;massimo equilibrio&#8221; con una capacit\u00e0 molto elevata e, pur avendo capacit\u00e0 di scarico \/ drenaggio ultra-elevate senza alcun compromesso, in precedenza si pensava che fosse impossibile dato che hai solo cos\u00ec tanto spazio in una cella per capacit\u00e0 o scarico alto, non per entrambi. Samsung \u00e8 diventata il leader nel dipartimento di ricerca e sviluppo negli ultimi tempi, questo Samsung 40T \u00e8 solo un fulgido esempio di ci\u00f2. Avere una capacit\u00e0 legittima di 4.000 mAh con un valore di scarica costante reale di 35 Amp senza comportare un taglio del limite di temperatura e non far funzionare la cella in modo eccessivo, \u00e8 a dir poco sorprendente.<\/p>\n<p>Questa \u00e8 la cella che colpisce inizialmente pi\u00f9 difficile realizzata con una capacit\u00e0 legittima di 4.000 mAh o superiore. Con questa cella puoi avere una vera &#8220;Tranquillit\u00e0&#8221; che le tue esigenti esigenze e desideri saranno pi\u00f9 che soddisfatte e soddisfatte senza problemi. Questa \u00e8 una cella davvero fenomenale con il fattore di forma 21700.<\/p>\n<h4>Specifiche:<\/h4>\n<ul>\n<li>Modello: INR21700-40T<\/li>\n<li>Dimensioni: 21700<\/li>\n<li>Stile: Flat Top<\/li>\n<li>Capacit\u00e0 nominale: 4000 mAh<\/li>\n<li>Potenza di scarica continua: 35 A senza taglio di temperatura \/ 45 A con taglio di temperatura di 80 \u00b0 C<\/li>\n<li>Voltaggio Nominale: 3.6v<\/li>\n<li>Protetto: no<\/li>\n<li>Ricaricabile: s\u00ec<\/li>\n<li>Dimensioni approssimative: 21,1 mm x 70,4 mm<\/li>\n<li>Peso approssimativo: 66,8 g<\/li>\n<\/ul>\n<hr>\n<h4>Informazioni sulla sicurezza Samsung SDI<br \/>\n<a href=\"https:\/\/www.samsungsdi.com\/lithium-ion-battery\/safe-information.html\" target=\"_blank\" rel=\"noopener noreferrer\">&#8220;Ricarica, utilizzo e trattamento di batterie agli ioni di litio di piccole dimensioni&#8221;<\/a><\/h4>\n<h4><\/h4>\n<h4>AVVERTIMENTO:<\/h4>\n<div>L&#8217;utente deve avere una conoscenza adeguata delle batterie agli ioni di litio prima dell&#8217;acquisto. Prestare attenzione quando si lavora con e si utilizzano batterie agli ioni di litio poich\u00e9 sono molto sensibili alle caratteristiche di carica e possono esplodere, bruciare o causare un incendio se utilizzate in modo improprio o maneggiate in modo improprio. Caricare sempre su o su una superficie a prova di fuoco. Non lasciare mai le batterie in carica senza sorveglianza. Questa batteria viene venduta per l&#8217;uso di integrazioni di sistema con circuiti di protezione adeguati o pacchi batteria con un sistema di gestione della batteria o PCB (scheda \/ modulo). L&#8217;acquirente \u00e8 responsabile per eventuali danni o lesioni causati da un uso improprio o da una cattiva gestione delle batterie e dei caricabatterie agli ioni di litio. Carica solo con un caricabatterie intelligente progettato per questo tipo specifico di batteria agli ioni di litio.<\/div>\n<ul>\n<li>L&#8217;USO IMPROPRIO O L&#8217;USO IMPROPRIO DELLE BATTERIE AGLI IONI DI LITIO PU PRESENTARE UN GRAVE RISCHIO DI LESIONI PERSONALI, DANNI ALLE PROPRIET\u00c0 O MORTE<\/li>\n<li>LE BATTERIE POSSONO ESPLODERE, BRUCIARE O CAUSARE UN INCENDIO SE UTILIZZATE IN MODO IMPROPRIO<\/li>\n<li>UTILIZZARE SOLO CON CIRCUITI ADEGUATI IN UN PACCO BATTERIA PROTETTO<\/li>\n<li>UTILIZZARE SOLO ENTRO LE SPECIFICHE ELENCATE DAL PRODUTTORE<\/li>\n<li>NON CONSERVARE LA BATTERIA ALLENTATA IN UNA TASCA, BORSA ETC. &#8211; UTILIZZARE SEMPRE UNA CUSTODIA O UNA SCATOLA DI PROTEZIONE<\/li>\n<li>TENERE LONTANO da oggetti metallici per evitare cortocircuiti<\/li>\n<li>Non cortocircuitare<\/li>\n<li>NON usare se l&#8217;involucro o l&#8217;isolante \u00e8 danneggiato o strappato<\/li>\n<li>NON utilizzare se danneggiato in qualsiasi modo<\/li>\n<li>NON sovraccaricare o scaricare eccessivamente<\/li>\n<li>NON modificare, smontare, forare, tagliare, schiacciare o bruciare<\/li>\n<li>NON esporre a liquidi o alte temperature<\/li>\n<li>NON saldare, solo saldatura a punti<\/li>\n<li>L&#8217;utente deve avere familiarit\u00e0 con la gestione delle batterie agli ioni di litio prima dell&#8217;acquisto<\/li>\n<li>L&#8217;utilizzo delle batterie \u00e8 A PROPRIO RISCHIO<\/li>\n<li>SEMPRE caricare su o su una superficie ignifuga e non lasciare mai incustodite le batterie in carica<\/li>\n<li>I RIVENDITORI DEVONO INOLTRE TUTTE LE AVVERTENZE A TUTTI I CLIENTI PER IL LORO RIFERIMENTO E SICUREZZA<\/li>\n<\/ul>\n","protected":false},"excerpt":{"rendered":"<p>Samsung 40T 21700 4000mAh 35A Battery &#8211; INR21700-40T<\/p>\n","protected":false},"featured_media":269908,"comment_status":"open","ping_status":"closed","template":"","meta":{"_acf_changed":false,"_uag_custom_page_level_css":"","site-sidebar-layout":"default","site-content-layout":"default","ast-site-content-layout":"default","site-content-style":"default","site-sidebar-style":"default","ast-global-header-display":"","ast-banner-title-visibility":"","ast-main-header-display":"","ast-hfb-above-header-display":"","ast-hfb-below-header-display":"","ast-hfb-mobile-header-display":"","site-post-title":"","ast-breadcrumbs-content":"","ast-featured-img":"","footer-sml-layout":"","ast-disable-related-posts":"","theme-transparent-header-meta":"default","adv-header-id-meta":"","stick-header-meta":"default","header-above-stick-meta":"","header-main-stick-meta":"","header-below-stick-meta":"","astra-migrate-meta-layouts":"default","ast-page-background-enabled":"default","ast-page-background-meta":{"desktop":{"background-color":"","background-image":"","background-repeat":"repeat","background-position":"center center","background-size":"auto","background-attachment":"scroll","background-type":"","background-media":"","overlay-type":"","overlay-color":"","overlay-opacity":"","overlay-gradient":""},"tablet":{"background-color":"","background-image":"","background-repeat":"repeat","background-position":"center center","background-size":"auto","background-attachment":"scroll","background-type":"","background-media":"","overlay-type":"","overlay-color":"","overlay-opacity":"","overlay-gradient":""},"mobile":{"background-color":"","background-image":"","background-repeat":"repeat","background-position":"center center","background-size":"auto","background-attachment":"scroll","background-type":"","background-media":"","overlay-type":"","overlay-color":"","overlay-opacity":"","overlay-gradient":""}},"ast-content-background-meta":{"desktop":{"background-color":"var(--ast-global-color-5)","background-image":"","background-repeat":"repeat","background-position":"center center","background-size":"auto","background-attachment":"scroll","background-type":"","background-media":"","overlay-type":"","overlay-color":"","overlay-opacity":"","overlay-gradient":""},"tablet":{"background-color":"var(--ast-global-color-5)","background-image":"","background-repeat":"repeat","background-position":"center center","background-size":"auto","background-attachment":"scroll","background-type":"","background-media":"","overlay-type":"","overlay-color":"","overlay-opacity":"","overlay-gradient":""},"mobile":{"background-color":"var(--ast-global-color-5)","background-image":"","background-repeat":"repeat","background-position":"center center","background-size":"auto","background-attachment":"scroll","background-type":"","background-media":"","overlay-type":"","overlay-color":"","overlay-opacity":"","overlay-gradient":""}}},"product_brand":[],"product_cat":[2382,1909,2173,2517,3347,2518],"product_tag":[],"class_list":{"0":"post-377301","1":"product","2":"type-product","3":"status-publish","4":"has-post-thumbnail","6":"product_cat-21700-it","7":"product_cat-accessori","8":"product_cat-batterie","9":"product_cat-hardware-it","10":"product_cat-samsung-it-2","11":"product_cat-shop-by-brand-it","12":"product_shipping_class-batteries-it","13":"desktop-align-center","14":"tablet-align-center","15":"mobile-align-center","16":"ast-product-gallery-layout-horizontal-slider","17":"ast-product-gallery-with-no-image","18":"ast-product-tabs-layout-horizontal","20":"first","21":"instock","22":"sale","23":"taxable","24":"shipping-taxable","25":"purchasable","26":"product-type-simple"},"acf":[],"uagb_featured_image_src":{"full":["https:\/\/justvape.nu\/wp-content\/uploads\/2019\/06\/samsung-40t-inr21700-4000m23ah-37v-1480wh.png",800,800,false],"thumbnail":["https:\/\/justvape.nu\/wp-content\/uploads\/2019\/06\/samsung-40t-inr21700-4000m23ah-37v-1480wh-150x150.png",150,150,true],"medium":["https:\/\/justvape.nu\/wp-content\/uploads\/2019\/06\/samsung-40t-inr21700-4000m23ah-37v-1480wh-300x300.png",300,300,true],"medium_large":["https:\/\/justvape.nu\/wp-content\/uploads\/2019\/06\/samsung-40t-inr21700-4000m23ah-37v-1480wh-768x768.png",768,768,true],"large":["https:\/\/justvape.nu\/wp-content\/uploads\/2019\/06\/samsung-40t-inr21700-4000m23ah-37v-1480wh.png",800,800,false],"1536x1536":["https:\/\/justvape.nu\/wp-content\/uploads\/2019\/06\/samsung-40t-inr21700-4000m23ah-37v-1480wh.png",800,800,false],"2048x2048":["https:\/\/justvape.nu\/wp-content\/uploads\/2019\/06\/samsung-40t-inr21700-4000m23ah-37v-1480wh.png",800,800,false],"woocommerce_thumbnail":["https:\/\/justvape.nu\/wp-content\/uploads\/2019\/06\/samsung-40t-inr21700-4000m23ah-37v-1480wh-300x300.png",300,300,true],"woocommerce_single":["https:\/\/justvape.nu\/wp-content\/uploads\/2019\/06\/samsung-40t-inr21700-4000m23ah-37v-1480wh-600x600.png",600,600,true],"woocommerce_gallery_thumbnail":["https:\/\/justvape.nu\/wp-content\/uploads\/2019\/06\/samsung-40t-inr21700-4000m23ah-37v-1480wh-100x100.png",100,100,true],"dgwt-wcas-product-suggestion":["https:\/\/justvape.nu\/wp-content\/uploads\/2019\/06\/samsung-40t-inr21700-4000m23ah-37v-1480wh-64x64.png",64,64,true]},"uagb_author_info":{"display_name":"JustVape.nu","author_link":"https:\/\/justvape.nu\/it\/author\/"},"uagb_comment_info":0,"uagb_excerpt":"Samsung 40T 21700 4000mAh 35A Battery - INR21700-40T","_links":{"self":[{"href":"https:\/\/justvape.nu\/it\/wp-json\/wp\/v2\/product\/377301","targetHints":{"allow":["GET"]}}],"collection":[{"href":"https:\/\/justvape.nu\/it\/wp-json\/wp\/v2\/product"}],"about":[{"href":"https:\/\/justvape.nu\/it\/wp-json\/wp\/v2\/types\/product"}],"replies":[{"embeddable":true,"href":"https:\/\/justvape.nu\/it\/wp-json\/wp\/v2\/comments?post=377301"}],"wp:featuredmedia":[{"embeddable":true,"href":"https:\/\/justvape.nu\/it\/wp-json\/wp\/v2\/media\/269908"}],"wp:attachment":[{"href":"https:\/\/justvape.nu\/it\/wp-json\/wp\/v2\/media?parent=377301"}],"wp:term":[{"taxonomy":"product_brand","embeddable":true,"href":"https:\/\/justvape.nu\/it\/wp-json\/wp\/v2\/product_brand?post=377301"},{"taxonomy":"product_cat","embeddable":true,"href":"https:\/\/justvape.nu\/it\/wp-json\/wp\/v2\/product_cat?post=377301"},{"taxonomy":"product_tag","embeddable":true,"href":"https:\/\/justvape.nu\/it\/wp-json\/wp\/v2\/product_tag?post=377301"}],"curies":[{"name":"wp","href":"https:\/\/api.w.org\/{rel}","templated":true}]}}