{"id":375555,"date":"2019-12-05T13:58:51","date_gmt":"2019-12-05T12:58:51","guid":{"rendered":"https:\/\/www.justvape.nu\/produkt\/wotofo-bobine-in-clapton-con-doppio-fusibile-0-62%cf%89\/"},"modified":"2024-04-09T16:37:42","modified_gmt":"2024-04-09T14:37:42","slug":"wotofo-fused-clapton-coils-kopier","status":"publish","type":"product","link":"https:\/\/justvape.nu\/it\/produkt\/wotofo-fused-clapton-coils-kopier\/","title":{"rendered":"WOTOFO &#8211; DUAL FUSED CLAPTON COILS 0.62\u03a9"},"content":{"rendered":"<h2>WOTOFO &#8211; DUAL FUSED CLAPTON COILS 0.62\u03a9 &#8211; 10 pcs<\/h2>\n<p>Le bobine Clapton a doppia fusione prefabbricata Wotofo sono costituite da due fili con nucleo fuso con un filo avvolto attorno ad essi. Questa bobina offre un equilibrio tra la produzione di nuvole e sapori e con la sua resistenza da 0,62 Ohm \u00e8 stata progettata per lo svapo sub ohm.<\/p>\n<p>Queste bobine sono state progettate per l&#8217;uso con atomizzatori ricostruibili come RDA, RTA e RDTA. Questa bobina utilizza un filo NI80 che offre una rampa di salita pi\u00f9 rapida rispetto al tradizionale Kanthal.<\/p>\n<p>&nbsp;<\/p>\n<p><strong>Specifiche:<\/strong><\/p>\n<p>28GAX2 + 38GA N80 \u00d8 3mm = 0.62Ohm<\/p>\n<p><strong>Contiene:<\/strong><\/p>\n<ul>\n<li>10 bobine Clapton a doppia fusione da 0,62 Ohm (28G x2 e 38G)<\/li>\n<\/ul>\n<p><strong>Diversi tipi di bobine non possono essere combinati e abbinati.<\/strong><\/p>\n<p><strong>Notare che:<\/strong> questo articolo richiede una comprensione completa dei tecnicismi dello svapo, insieme alla conoscenza dell&#8217;elettronica e della legge ohm. Non consigliamo ai principianti di iniziare a ricostruire le bobine senza parlare con un negozio esperto. Si sconsiglia di utilizzare questo tipo di prodotto con un mod meccanico di qualsiasi tipo.<\/p>\n<p>Una bobina ricostruibile deve essere testata attentamente su un Ohms Reader prima di essere utilizzata su un dispositivo. Non testarlo correttamente pu\u00f2 presentare un rischio per la sicurezza dell&#8217;utente e non \u00e8 necessario utilizzare nuove bobine su un dispositivo di svapo elettronico fino a quando la bobina non \u00e8 nota per essere sicura.<\/p>\n","protected":false},"excerpt":{"rendered":"<p>WOTOFO &#8211; DUAL FUSED CLAPTON COILS 10 pcs<\/p>\n<p>&nbsp;<\/p>\n","protected":false},"featured_media":281118,"comment_status":"open","ping_status":"closed","template":"","meta":{"_acf_changed":false,"_uag_custom_page_level_css":"","site-sidebar-layout":"default","site-content-layout":"default","ast-site-content-layout":"default","site-content-style":"default","site-sidebar-style":"default","ast-global-header-display":"","ast-banner-title-visibility":"","ast-main-header-display":"","ast-hfb-above-header-display":"","ast-hfb-below-header-display":"","ast-hfb-mobile-header-display":"","site-post-title":"","ast-breadcrumbs-content":"","ast-featured-img":"","footer-sml-layout":"","ast-disable-related-posts":"","theme-transparent-header-meta":"default","adv-header-id-meta":"","stick-header-meta":"default","header-above-stick-meta":"","header-main-stick-meta":"","header-below-stick-meta":"","astra-migrate-meta-layouts":"default","ast-page-background-enabled":"default","ast-page-background-meta":{"desktop":{"background-color":"","background-image":"","background-repeat":"repeat","background-position":"center center","background-size":"auto","background-attachment":"scroll","background-type":"","background-media":"","overlay-type":"","overlay-color":"","overlay-opacity":"","overlay-gradient":""},"tablet":{"background-color":"","background-image":"","background-repeat":"repeat","background-position":"center center","background-size":"auto","background-attachment":"scroll","background-type":"","background-media":"","overlay-type":"","overlay-color":"","overlay-opacity":"","overlay-gradient":""},"mobile":{"background-color":"","background-image":"","background-repeat":"repeat","background-position":"center center","background-size":"auto","background-attachment":"scroll","background-type":"","background-media":"","overlay-type":"","overlay-color":"","overlay-opacity":"","overlay-gradient":""}},"ast-content-background-meta":{"desktop":{"background-color":"var(--ast-global-color-5)","background-image":"","background-repeat":"repeat","background-position":"center center","background-size":"auto","background-attachment":"scroll","background-type":"","background-media":"","overlay-type":"","overlay-color":"","overlay-opacity":"","overlay-gradient":""},"tablet":{"background-color":"var(--ast-global-color-5)","background-image":"","background-repeat":"repeat","background-position":"center center","background-size":"auto","background-attachment":"scroll","background-type":"","background-media":"","overlay-type":"","overlay-color":"","overlay-opacity":"","overlay-gradient":""},"mobile":{"background-color":"var(--ast-global-color-5)","background-image":"","background-repeat":"repeat","background-position":"center center","background-size":"auto","background-attachment":"scroll","background-type":"","background-media":"","overlay-type":"","overlay-color":"","overlay-opacity":"","overlay-gradient":""}}},"product_brand":[],"product_cat":[2263,1919,3503],"product_tag":[],"class_list":{"0":"post-375555","1":"product","2":"type-product","3":"status-publish","4":"has-post-thumbnail","6":"product_cat-bobine-prefabbricate","7":"product_cat-diy-it","8":"product_cat-wotofo-it","9":"desktop-align-center","10":"tablet-align-center","11":"mobile-align-center","12":"ast-product-gallery-layout-horizontal-slider","13":"ast-product-gallery-with-no-image","14":"ast-product-tabs-layout-horizontal","16":"first","17":"instock","18":"sale","19":"taxable","20":"shipping-taxable","21":"purchasable","22":"product-type-simple"},"acf":[],"uagb_featured_image_src":{"full":["https:\/\/justvape.nu\/wp-content\/uploads\/2019\/12\/wotofo-dual-core-fused-clapton-prebuilt-coils-n80-3mm-062ohm-10stk.jpg",800,800,false],"thumbnail":["https:\/\/justvape.nu\/wp-content\/uploads\/2019\/12\/wotofo-dual-core-fused-clapton-prebuilt-coils-n80-3mm-062ohm-10stk-150x150.jpg",150,150,true],"medium":["https:\/\/justvape.nu\/wp-content\/uploads\/2019\/12\/wotofo-dual-core-fused-clapton-prebuilt-coils-n80-3mm-062ohm-10stk-300x300.jpg",300,300,true],"medium_large":["https:\/\/justvape.nu\/wp-content\/uploads\/2019\/12\/wotofo-dual-core-fused-clapton-prebuilt-coils-n80-3mm-062ohm-10stk-768x768.jpg",768,768,true],"large":["https:\/\/justvape.nu\/wp-content\/uploads\/2019\/12\/wotofo-dual-core-fused-clapton-prebuilt-coils-n80-3mm-062ohm-10stk.jpg",800,800,false],"1536x1536":["https:\/\/justvape.nu\/wp-content\/uploads\/2019\/12\/wotofo-dual-core-fused-clapton-prebuilt-coils-n80-3mm-062ohm-10stk.jpg",800,800,false],"2048x2048":["https:\/\/justvape.nu\/wp-content\/uploads\/2019\/12\/wotofo-dual-core-fused-clapton-prebuilt-coils-n80-3mm-062ohm-10stk.jpg",800,800,false],"woocommerce_thumbnail":["https:\/\/justvape.nu\/wp-content\/uploads\/2019\/12\/wotofo-dual-core-fused-clapton-prebuilt-coils-n80-3mm-062ohm-10stk-300x300.jpg",300,300,true],"woocommerce_single":["https:\/\/justvape.nu\/wp-content\/uploads\/2019\/12\/wotofo-dual-core-fused-clapton-prebuilt-coils-n80-3mm-062ohm-10stk-600x600.jpg",600,600,true],"woocommerce_gallery_thumbnail":["https:\/\/justvape.nu\/wp-content\/uploads\/2019\/12\/wotofo-dual-core-fused-clapton-prebuilt-coils-n80-3mm-062ohm-10stk-100x100.jpg",100,100,true],"dgwt-wcas-product-suggestion":["https:\/\/justvape.nu\/wp-content\/uploads\/2019\/12\/wotofo-dual-core-fused-clapton-prebuilt-coils-n80-3mm-062ohm-10stk-64x64.jpg",64,64,true]},"uagb_author_info":{"display_name":"JustVape.nu","author_link":"https:\/\/justvape.nu\/it\/author\/"},"uagb_comment_info":0,"uagb_excerpt":"WOTOFO - DUAL FUSED CLAPTON COILS 10 pcs &nbsp;","_links":{"self":[{"href":"https:\/\/justvape.nu\/it\/wp-json\/wp\/v2\/product\/375555","targetHints":{"allow":["GET"]}}],"collection":[{"href":"https:\/\/justvape.nu\/it\/wp-json\/wp\/v2\/product"}],"about":[{"href":"https:\/\/justvape.nu\/it\/wp-json\/wp\/v2\/types\/product"}],"replies":[{"embeddable":true,"href":"https:\/\/justvape.nu\/it\/wp-json\/wp\/v2\/comments?post=375555"}],"wp:featuredmedia":[{"embeddable":true,"href":"https:\/\/justvape.nu\/it\/wp-json\/wp\/v2\/media\/281118"}],"wp:attachment":[{"href":"https:\/\/justvape.nu\/it\/wp-json\/wp\/v2\/media?parent=375555"}],"wp:term":[{"taxonomy":"product_brand","embeddable":true,"href":"https:\/\/justvape.nu\/it\/wp-json\/wp\/v2\/product_brand?post=375555"},{"taxonomy":"product_cat","embeddable":true,"href":"https:\/\/justvape.nu\/it\/wp-json\/wp\/v2\/product_cat?post=375555"},{"taxonomy":"product_tag","embeddable":true,"href":"https:\/\/justvape.nu\/it\/wp-json\/wp\/v2\/product_tag?post=375555"}],"curies":[{"name":"wp","href":"https:\/\/api.w.org\/{rel}","templated":true}]}}