{"id":371804,"date":"2019-12-16T19:46:44","date_gmt":"2019-12-16T18:46:44","guid":{"rendered":"https:\/\/www.justvape.nu\/produkt\/strisce-wotofo-nexmesh\/"},"modified":"2021-11-13T06:44:05","modified_gmt":"2021-11-13T05:44:05","slug":"wotofo-nexmesh-strisce","status":"publish","type":"product","link":"https:\/\/justvape.nu\/it\/produkt\/wotofo-nexmesh-strisce\/","title":{"rendered":"Wotofo nexMESH Strips"},"content":{"rendered":"<h2>Wotofo nexMESH Strips<\/h2>\n<p>Come nucleo riscaldante, la rete gioca un ruolo importante. Ogni piccolo cambiamento di struttura \u00e8 importante. Proprio come un abito su misura che dovrebbe adattarsi perfettamente a te, la rete per il profilo 1.5 \u00e8 stata provata e testata pi\u00f9 e pi\u00f9 volte per ottenere il miglior risultato. Tutti i cambiamenti miravano allo stesso obiettivo, la produzione di aromi.<\/p>\n<p>Per soddisfare pi\u00f9 vapers, sono state incluse 3 opzioni di mesh coil: nexMESH CHILL, nexMESH TURBO e nexMESH EXTREME. Si prega di notare che la nuova mesh non \u00e8 intercambiabile con la mesh Profile RDA originale in quanto \u00e8 1,4 volte l&#8217;area di quella originale.<\/p>\n<p>&nbsp;<\/p>\n<div><img loading=\"lazy\" decoding=\"async\" class=\"alignnone size-full wp-image-153384\" src=\"https:\/\/www.justvape.nu\/wp-content\/uploads\/2019\/11\/wotofo-profile-1.5-rda-nexMASH.jpg\" alt=\"\" width=\"800\" height=\"500\" title=\"\" srcset=\"https:\/\/justvape.nu\/wp-content\/uploads\/2019\/11\/wotofo-profile-1.5-rda-nexMASH.jpg 800w, https:\/\/justvape.nu\/wp-content\/uploads\/2019\/11\/wotofo-profile-1.5-rda-nexMASH-555x347.jpg 555w, https:\/\/justvape.nu\/wp-content\/uploads\/2019\/11\/wotofo-profile-1.5-rda-nexMASH-64x40.jpg 64w, https:\/\/justvape.nu\/wp-content\/uploads\/2019\/11\/wotofo-profile-1.5-rda-nexMASH-300x188.jpg 300w, https:\/\/justvape.nu\/wp-content\/uploads\/2019\/11\/wotofo-profile-1.5-rda-nexMASH-768x480.jpg 768w\" sizes=\"auto, (max-width: 800px) 100vw, 800px\" \/><\/div>\n<h2><strong>NEXMESH EXTREME (A1 0.16OHM)<\/strong><\/h2>\n<p>nexMESH Extreme \u00e8 la raffinata rete metallica intrecciata derivata dalla rete metallica originale. Il suo segreto risiede nell&#8217;uso accurato dei cavi. La produzione di aromi pu\u00f2 variare drasticamente con una piccola differenza nei modelli di maglia tra cui la tessitura, l&#8217;aggraffatura, la spaziatura e il filo. Per aiutare ulteriormente a capire qual \u00e8 il potere di nexMESH Extreme, useremo un&#8217;analogia:<strong> nexMESH Extreme \u00e8 quello di mesh come Clapton complesso \u00e8 per la bobina a singolo filamento.<\/strong> In sostanza, nexMESH Extreme offre una superficie di avvolgimento pi\u00f9 ampia, in modo micro, rispetto alle normali strisce di rete, quindi aumenta la produzione di vapore e migliora la produzione di sapore.<\/p>\n<p><strong>Prestazione:<\/strong> Robusto e forte, un&#8217;esperienza gustativa vigorosamente pi\u00f9 calda, forte produzione di vapore.<\/p>\n<div><img loading=\"lazy\" decoding=\"async\" class=\"alignnone size-full wp-image-153381\" src=\"https:\/\/www.justvape.nu\/wp-content\/uploads\/2019\/11\/wotofo-profile-1.5-rda-nexMASH-EXTREME.jpg\" alt=\"\" width=\"500\" height=\"300\" title=\"\" srcset=\"https:\/\/justvape.nu\/wp-content\/uploads\/2019\/11\/wotofo-profile-1.5-rda-nexMASH-EXTREME.jpg 500w, https:\/\/justvape.nu\/wp-content\/uploads\/2019\/11\/wotofo-profile-1.5-rda-nexMASH-EXTREME-64x38.jpg 64w, https:\/\/justvape.nu\/wp-content\/uploads\/2019\/11\/wotofo-profile-1.5-rda-nexMASH-EXTREME-300x180.jpg 300w\" sizes=\"auto, (max-width: 500px) 100vw, 500px\" \/><\/div>\n<h2><strong>NEXMESH TURBO (A1 0.13OHM)<\/strong><\/h2>\n<p>nexMESH Turbo \u00e8 la striscia di rete perforata ad alta densit\u00e0 simile a nexMESH Chill. Offre un tempo di accelerazione pi\u00f9 rapido e fornisce un&#8217;ampia superficie di contatto all&#8217;e-liquid. Il risultato? Pi\u00f9 vapore con pi\u00f9 possibilit\u00e0 di assaporare pi\u00f9 note negli e-liquid in minor tempo.<\/p>\n<p><strong>Prestazione:<\/strong> Audace e chiaro, un&#8217;esperienza di sapore pi\u00f9 intensa, produzione di vapore denso.<\/p>\n<div><img loading=\"lazy\" decoding=\"async\" class=\"alignnone size-full wp-image-153382\" src=\"https:\/\/www.justvape.nu\/wp-content\/uploads\/2019\/11\/wotofo-profile-1.5-rda-nexMASH-TURBO.jpg\" alt=\"\" width=\"500\" height=\"300\" title=\"\" srcset=\"https:\/\/justvape.nu\/wp-content\/uploads\/2019\/11\/wotofo-profile-1.5-rda-nexMASH-TURBO.jpg 500w, https:\/\/justvape.nu\/wp-content\/uploads\/2019\/11\/wotofo-profile-1.5-rda-nexMASH-TURBO-300x180.jpg 300w, https:\/\/justvape.nu\/wp-content\/uploads\/2019\/11\/wotofo-profile-1.5-rda-nexMASH-TURBO-64x38.jpg 64w\" sizes=\"auto, (max-width: 500px) 100vw, 500px\" \/><\/div>\n<h2><strong>NEXMESH CHILL (A1 0.15OHM)<\/strong><\/h2>\n<p>nexMESH Chill \u00e8 la striscia di metallo da vaporizzare con fori opportunamente perforati per formare una struttura a rete. Offre una distribuzione uniforme del calore e una rapida velocit\u00e0 di riscaldamento. Con un controllo preciso sulla mesh, nexMESH Chill \u00e8 in grado di abbattere il profilo aromatico nell&#8217;e-liquid e consentire una sensazione di gusto pi\u00f9 definita.<\/p>\n<p><strong>Prestazione:<\/strong> Morbido e morbido, un&#8217;esperienza di gusto pi\u00f9 rilassata, ottima produzione di vapore.<\/p>\n<div><img loading=\"lazy\" decoding=\"async\" class=\"alignnone size-full wp-image-153383\" src=\"https:\/\/www.justvape.nu\/wp-content\/uploads\/2019\/11\/wotofo-profile-1.5-rda-nexMASH-CHILL.jpg\" alt=\"\" width=\"500\" height=\"300\" title=\"\" srcset=\"https:\/\/justvape.nu\/wp-content\/uploads\/2019\/11\/wotofo-profile-1.5-rda-nexMASH-CHILL.jpg 500w, https:\/\/justvape.nu\/wp-content\/uploads\/2019\/11\/wotofo-profile-1.5-rda-nexMASH-CHILL-64x38.jpg 64w, https:\/\/justvape.nu\/wp-content\/uploads\/2019\/11\/wotofo-profile-1.5-rda-nexMASH-CHILL-300x180.jpg 300w\" sizes=\"auto, (max-width: 500px) 100vw, 500px\" \/><\/div>\n<div><\/div>\n<div>\n<div class=\"ast-oembed-container \" style=\"height: 100%;\"><iframe loading=\"lazy\" title=\"Vaping At 100 Watts With The Profile v1.5 RDA By Wotofo &amp; #MRJUSTRIGHT1\" width=\"500\" height=\"281\" src=\"https:\/\/www.youtube.com\/embed\/GHrDLwgEuGM?start=615&#038;feature=oembed\" frameborder=\"0\" allow=\"accelerometer; autoplay; clipboard-write; encrypted-media; gyroscope; picture-in-picture; web-share\" referrerpolicy=\"strict-origin-when-cross-origin\" allowfullscreen><\/iframe><\/div>\n<\/div>\n","protected":false},"excerpt":{"rendered":"<p>Wotofo nexMESH Strips<\/p>\n","protected":false},"featured_media":281808,"comment_status":"open","ping_status":"closed","template":"","meta":{"_acf_changed":false,"_uag_custom_page_level_css":"","site-sidebar-layout":"default","site-content-layout":"default","ast-site-content-layout":"default","site-content-style":"default","site-sidebar-style":"default","ast-global-header-display":"","ast-banner-title-visibility":"","ast-main-header-display":"","ast-hfb-above-header-display":"","ast-hfb-below-header-display":"","ast-hfb-mobile-header-display":"","site-post-title":"","ast-breadcrumbs-content":"","ast-featured-img":"","footer-sml-layout":"","ast-disable-related-posts":"","theme-transparent-header-meta":"default","adv-header-id-meta":"","stick-header-meta":"default","header-above-stick-meta":"","header-main-stick-meta":"","header-below-stick-meta":"","astra-migrate-meta-layouts":"default","ast-page-background-enabled":"default","ast-page-background-meta":{"desktop":{"background-color":"","background-image":"","background-repeat":"repeat","background-position":"center center","background-size":"auto","background-attachment":"scroll","background-type":"","background-media":"","overlay-type":"","overlay-color":"","overlay-opacity":"","overlay-gradient":""},"tablet":{"background-color":"","background-image":"","background-repeat":"repeat","background-position":"center center","background-size":"auto","background-attachment":"scroll","background-type":"","background-media":"","overlay-type":"","overlay-color":"","overlay-opacity":"","overlay-gradient":""},"mobile":{"background-color":"","background-image":"","background-repeat":"repeat","background-position":"center center","background-size":"auto","background-attachment":"scroll","background-type":"","background-media":"","overlay-type":"","overlay-color":"","overlay-opacity":"","overlay-gradient":""}},"ast-content-background-meta":{"desktop":{"background-color":"var(--ast-global-color-5)","background-image":"","background-repeat":"repeat","background-position":"center center","background-size":"auto","background-attachment":"scroll","background-type":"","background-media":"","overlay-type":"","overlay-color":"","overlay-opacity":"","overlay-gradient":""},"tablet":{"background-color":"var(--ast-global-color-5)","background-image":"","background-repeat":"repeat","background-position":"center center","background-size":"auto","background-attachment":"scroll","background-type":"","background-media":"","overlay-type":"","overlay-color":"","overlay-opacity":"","overlay-gradient":""},"mobile":{"background-color":"var(--ast-global-color-5)","background-image":"","background-repeat":"repeat","background-position":"center center","background-size":"auto","background-attachment":"scroll","background-type":"","background-media":"","overlay-type":"","overlay-color":"","overlay-opacity":"","overlay-gradient":""}}},"product_brand":[],"product_cat":[2263,1919,3503],"product_tag":[],"class_list":{"0":"post-371804","1":"product","2":"type-product","3":"status-publish","4":"has-post-thumbnail","6":"product_cat-bobine-prefabbricate","7":"product_cat-diy-it","8":"product_cat-wotofo-it","9":"desktop-align-center","10":"tablet-align-center","11":"mobile-align-center","12":"ast-product-gallery-layout-horizontal-slider","13":"ast-product-gallery-with-no-image","14":"ast-product-single-variable","15":"ast-product-tabs-layout-horizontal","17":"first","18":"instock","19":"sale","20":"taxable","21":"shipping-taxable","22":"purchasable","23":"product-type-variable"},"acf":[],"uagb_featured_image_src":{"full":["https:\/\/justvape.nu\/wp-content\/uploads\/2019\/12\/nexmesh_extreme_700x700.jpg",800,800,false],"thumbnail":["https:\/\/justvape.nu\/wp-content\/uploads\/2019\/12\/nexmesh_extreme_700x700-150x150.jpg",150,150,true],"medium":["https:\/\/justvape.nu\/wp-content\/uploads\/2019\/12\/nexmesh_extreme_700x700-300x300.jpg",300,300,true],"medium_large":["https:\/\/justvape.nu\/wp-content\/uploads\/2019\/12\/nexmesh_extreme_700x700-768x768.jpg",768,768,true],"large":["https:\/\/justvape.nu\/wp-content\/uploads\/2019\/12\/nexmesh_extreme_700x700.jpg",800,800,false],"1536x1536":["https:\/\/justvape.nu\/wp-content\/uploads\/2019\/12\/nexmesh_extreme_700x700.jpg",800,800,false],"2048x2048":["https:\/\/justvape.nu\/wp-content\/uploads\/2019\/12\/nexmesh_extreme_700x700.jpg",800,800,false],"woocommerce_thumbnail":["https:\/\/justvape.nu\/wp-content\/uploads\/2019\/12\/nexmesh_extreme_700x700-300x300.jpg",300,300,true],"woocommerce_single":["https:\/\/justvape.nu\/wp-content\/uploads\/2019\/12\/nexmesh_extreme_700x700-600x600.jpg",600,600,true],"woocommerce_gallery_thumbnail":["https:\/\/justvape.nu\/wp-content\/uploads\/2019\/12\/nexmesh_extreme_700x700-100x100.jpg",100,100,true],"dgwt-wcas-product-suggestion":["https:\/\/justvape.nu\/wp-content\/uploads\/2019\/12\/nexmesh_extreme_700x700-64x64.jpg",64,64,true]},"uagb_author_info":{"display_name":"JustVape.nu","author_link":"https:\/\/justvape.nu\/it\/author\/"},"uagb_comment_info":0,"uagb_excerpt":"Wotofo nexMESH Strips","_links":{"self":[{"href":"https:\/\/justvape.nu\/it\/wp-json\/wp\/v2\/product\/371804","targetHints":{"allow":["GET"]}}],"collection":[{"href":"https:\/\/justvape.nu\/it\/wp-json\/wp\/v2\/product"}],"about":[{"href":"https:\/\/justvape.nu\/it\/wp-json\/wp\/v2\/types\/product"}],"replies":[{"embeddable":true,"href":"https:\/\/justvape.nu\/it\/wp-json\/wp\/v2\/comments?post=371804"}],"wp:featuredmedia":[{"embeddable":true,"href":"https:\/\/justvape.nu\/it\/wp-json\/wp\/v2\/media\/281808"}],"wp:attachment":[{"href":"https:\/\/justvape.nu\/it\/wp-json\/wp\/v2\/media?parent=371804"}],"wp:term":[{"taxonomy":"product_brand","embeddable":true,"href":"https:\/\/justvape.nu\/it\/wp-json\/wp\/v2\/product_brand?post=371804"},{"taxonomy":"product_cat","embeddable":true,"href":"https:\/\/justvape.nu\/it\/wp-json\/wp\/v2\/product_cat?post=371804"},{"taxonomy":"product_tag","embeddable":true,"href":"https:\/\/justvape.nu\/it\/wp-json\/wp\/v2\/product_tag?post=371804"}],"curies":[{"name":"wp","href":"https:\/\/api.w.org\/{rel}","templated":true}]}}