{"id":322025,"date":"2020-08-27T12:22:56","date_gmt":"2020-08-27T10:22:56","guid":{"rendered":"https:\/\/www.justvape.nu\/produkt\/molicel-inr-20700a-20700-3000mah-35a-batteria\/"},"modified":"2026-02-05T15:05:40","modified_gmt":"2026-02-05T14:05:40","slug":"molicel-inr-20700a-20700-3000mah-35a-batteria","status":"publish","type":"product","link":"https:\/\/justvape.nu\/it\/produkt\/molicel-inr-20700a-20700-3000mah-35a-batteria\/","title":{"rendered":"Molicel &#8211; INR-20700A 20700 3000mAh 35A Battery"},"content":{"rendered":"<div id=\"ProductDetail_ProductDetails_div\">\n<h2>Molicel &#8211; INR-20700A 20700 3000mAh 35A Battery<\/h2>\n<p>La migliore cella 20700 con fattore di forma disponibile sul mercato fino ad oggi.<\/p>\n<h4>Specifiche:<\/h4>\n<ul>\n<li>Modello: INR-20700A<\/li>\n<li>Dimensioni: 20700<\/li>\n<li>Stile: Flat Top<\/li>\n<li>Capacit\u00e0 nominale: 3000 mAh<\/li>\n<li>Valutazione di scarica continua: 35A<\/li>\n<li>Voltaggio Nominale: 3.6v<\/li>\n<li>Protetto: no<\/li>\n<li>Ricaricabile: s\u00ec<\/li>\n<li>Dimensioni approssimative: 20,50 mm x 70,00 mm<\/li>\n<li>Peso approssimativo: 57,8 g<\/li>\n<\/ul>\n<div><\/div>\n<p><img loading=\"lazy\" decoding=\"async\" class=\"alignnone size-full wp-image-300202\" src=\"https:\/\/www.justvape.nu\/wp-content\/uploads\/2020\/08\/moli_20700a.jpg\" alt=\"\" width=\"1329\" height=\"821\" title=\"\" srcset=\"https:\/\/justvape.nu\/wp-content\/uploads\/2020\/08\/moli_20700a.jpg 1329w, https:\/\/justvape.nu\/wp-content\/uploads\/2020\/08\/moli_20700a-600x371.jpg 600w, https:\/\/justvape.nu\/wp-content\/uploads\/2020\/08\/moli_20700a-64x40.jpg 64w, https:\/\/justvape.nu\/wp-content\/uploads\/2020\/08\/moli_20700a-300x185.jpg 300w, https:\/\/justvape.nu\/wp-content\/uploads\/2020\/08\/moli_20700a-1024x633.jpg 1024w, https:\/\/justvape.nu\/wp-content\/uploads\/2020\/08\/moli_20700a-768x474.jpg 768w\" sizes=\"auto, (max-width: 1329px) 100vw, 1329px\" \/><\/p>\n<div>\n<p>Tutte le batterie contengono un&#8217;etichetta adesiva che indica la tensione e la capacit\u00e0 approssimative. Questa etichetta pu\u00f2 essere facilmente rimossa per rivelare la stampa del produttore. L&#8217;etichetta adesiva \u00e8 un requisito del governo degli Stati Uniti (IATA) che regola la spedizione delle batterie agli ioni di litio.<\/p>\n<\/div>\n<div><\/div>\n<h4>AVVERTIMENTO:<\/h4>\n<div>L&#8217;utente deve avere una conoscenza adeguata delle batterie agli ioni di litio prima dell&#8217;acquisto. Prestare attenzione quando si lavora con e si utilizzano batterie agli ioni di litio poich\u00e9 sono molto sensibili alle caratteristiche di carica e possono esplodere, bruciare o causare un incendio se utilizzate in modo improprio o maneggiate in modo improprio. Caricare sempre su o su una superficie a prova di fuoco. Non lasciare mai le batterie in carica senza sorveglianza. Questa batteria viene venduta per l&#8217;uso di integrazioni di sistema con circuiti di protezione adeguati o pacchi batteria con un sistema di gestione della batteria o PCB (scheda \/ modulo). L&#8217;acquirente \u00e8 responsabile per eventuali danni o lesioni causati da un uso improprio o da una cattiva gestione delle batterie e dei caricabatterie agli ioni di litio. Carica solo con un caricabatterie intelligente progettato per questo tipo specifico di batteria agli ioni di litio.<\/div>\n<div><\/div>\n<ul>\n<li>L&#8217;uso improprio o il trattamento improprio delle batterie agli ioni di litio pu\u00f2 comportare un GRAVE RISCHIO di lesioni personali, danni alle propriet\u00e0 o morte<\/li>\n<li>LE BATTERIE POSSONO ESPLODERE, BRUCIARE O CAUSARE UN INCENDIO SE UTILIZZATE IN MODO IMPROPRIO<\/li>\n<li>Utilizzare SOLO con circuiti di protezione adeguati<\/li>\n<li>Utilizzare SOLO entro le specifiche del produttore<\/li>\n<li>NON conservare sciolto in tasca, in borsa, ecc. &#8211; utilizzare sempre una custodia protettiva<\/li>\n<li>TENERE LONTANO da oggetti metallici per evitare cortocircuiti<\/li>\n<li>Non cortocircuitare<\/li>\n<li>NON usare se l&#8217;involucro o l&#8217;isolante \u00e8 danneggiato o strappato<\/li>\n<li>NON utilizzare se danneggiato in qualsiasi modo<\/li>\n<li>NON sovraccaricare o scaricare eccessivamente<\/li>\n<li>NON modificare, smontare, forare, tagliare, schiacciare o bruciare<\/li>\n<li>NON esporre a liquidi o alte temperature<\/li>\n<li>NON saldare<\/li>\n<li>L&#8217;utente deve avere familiarit\u00e0 con la gestione delle batterie agli ioni di litio prima dell&#8217;acquisto<\/li>\n<li>L&#8217;utilizzo delle batterie \u00e8 A PROPRIO RISCHIO<\/li>\n<\/ul>\n<div><\/div>\n<div>Le normative e le leggi locali relative al riciclaggio e allo smaltimento delle batterie agli ioni di litio variano, pertanto consultare la giurisdizione locale per lo smaltimento appropriato. Molti negozi al dettaglio offrono il riciclaggio gratuito delle batterie ricaricabili.<\/div>\n<div><\/div>\n<\/div>\n","protected":false},"excerpt":{"rendered":"<p>Molicel &#8211; INR-20700A 20700 3000mAh 35A Battery<\/p>\n","protected":false},"featured_media":300219,"comment_status":"open","ping_status":"closed","template":"","meta":{"_acf_changed":false,"_uag_custom_page_level_css":"","site-sidebar-layout":"default","site-content-layout":"default","ast-site-content-layout":"default","site-content-style":"default","site-sidebar-style":"default","ast-global-header-display":"","ast-banner-title-visibility":"","ast-main-header-display":"","ast-hfb-above-header-display":"","ast-hfb-below-header-display":"","ast-hfb-mobile-header-display":"","site-post-title":"","ast-breadcrumbs-content":"","ast-featured-img":"","footer-sml-layout":"","ast-disable-related-posts":"","theme-transparent-header-meta":"default","adv-header-id-meta":"","stick-header-meta":"default","header-above-stick-meta":"","header-main-stick-meta":"","header-below-stick-meta":"","astra-migrate-meta-layouts":"default","ast-page-background-enabled":"default","ast-page-background-meta":{"desktop":{"background-color":"","background-image":"","background-repeat":"repeat","background-position":"center center","background-size":"auto","background-attachment":"scroll","background-type":"","background-media":"","overlay-type":"","overlay-color":"","overlay-opacity":"","overlay-gradient":""},"tablet":{"background-color":"","background-image":"","background-repeat":"repeat","background-position":"center center","background-size":"auto","background-attachment":"scroll","background-type":"","background-media":"","overlay-type":"","overlay-color":"","overlay-opacity":"","overlay-gradient":""},"mobile":{"background-color":"","background-image":"","background-repeat":"repeat","background-position":"center center","background-size":"auto","background-attachment":"scroll","background-type":"","background-media":"","overlay-type":"","overlay-color":"","overlay-opacity":"","overlay-gradient":""}},"ast-content-background-meta":{"desktop":{"background-color":"var(--ast-global-color-5)","background-image":"","background-repeat":"repeat","background-position":"center center","background-size":"auto","background-attachment":"scroll","background-type":"","background-media":"","overlay-type":"","overlay-color":"","overlay-opacity":"","overlay-gradient":""},"tablet":{"background-color":"var(--ast-global-color-5)","background-image":"","background-repeat":"repeat","background-position":"center center","background-size":"auto","background-attachment":"scroll","background-type":"","background-media":"","overlay-type":"","overlay-color":"","overlay-opacity":"","overlay-gradient":""},"mobile":{"background-color":"var(--ast-global-color-5)","background-image":"","background-repeat":"repeat","background-position":"center center","background-size":"auto","background-attachment":"scroll","background-type":"","background-media":"","overlay-type":"","overlay-color":"","overlay-opacity":"","overlay-gradient":""}}},"product_brand":[],"product_cat":[2343,1909,2173],"product_tag":[],"class_list":{"0":"post-322025","1":"product","2":"type-product","3":"status-publish","4":"has-post-thumbnail","6":"product_cat-20700-it","7":"product_cat-accessori","8":"product_cat-batterie","9":"product_shipping_class-batteries-it","10":"desktop-align-center","11":"tablet-align-center","12":"mobile-align-center","13":"ast-product-gallery-layout-horizontal-slider","14":"ast-product-gallery-with-no-image","15":"ast-product-tabs-layout-horizontal","17":"first","18":"instock","19":"sale","20":"taxable","21":"shipping-taxable","22":"purchasable","23":"product-type-simple"},"acf":[],"uagb_featured_image_src":{"full":["https:\/\/justvape.nu\/wp-content\/uploads\/2020\/08\/OEM-INR20700A-2.jpg",1200,1200,false],"thumbnail":["https:\/\/justvape.nu\/wp-content\/uploads\/2020\/08\/OEM-INR20700A-2-150x150.jpg",150,150,true],"medium":["https:\/\/justvape.nu\/wp-content\/uploads\/2020\/08\/OEM-INR20700A-2-300x300.jpg",300,300,true],"medium_large":["https:\/\/justvape.nu\/wp-content\/uploads\/2020\/08\/OEM-INR20700A-2-768x768.jpg",768,768,true],"large":["https:\/\/justvape.nu\/wp-content\/uploads\/2020\/08\/OEM-INR20700A-2-1024x1024.jpg",1024,1024,true],"1536x1536":["https:\/\/justvape.nu\/wp-content\/uploads\/2020\/08\/OEM-INR20700A-2.jpg",1200,1200,false],"2048x2048":["https:\/\/justvape.nu\/wp-content\/uploads\/2020\/08\/OEM-INR20700A-2.jpg",1200,1200,false],"woocommerce_thumbnail":["https:\/\/justvape.nu\/wp-content\/uploads\/2020\/08\/OEM-INR20700A-2-300x300.jpg",300,300,true],"woocommerce_single":["https:\/\/justvape.nu\/wp-content\/uploads\/2020\/08\/OEM-INR20700A-2-600x600.jpg",600,600,true],"woocommerce_gallery_thumbnail":["https:\/\/justvape.nu\/wp-content\/uploads\/2020\/08\/OEM-INR20700A-2-100x100.jpg",100,100,true],"dgwt-wcas-product-suggestion":["https:\/\/justvape.nu\/wp-content\/uploads\/2020\/08\/OEM-INR20700A-2-64x64.jpg",64,64,true]},"uagb_author_info":{"display_name":"JustVape.nu","author_link":"https:\/\/justvape.nu\/it\/author\/"},"uagb_comment_info":0,"uagb_excerpt":"Molicel - INR-20700A 20700 3000mAh 35A Battery","_links":{"self":[{"href":"https:\/\/justvape.nu\/it\/wp-json\/wp\/v2\/product\/322025","targetHints":{"allow":["GET"]}}],"collection":[{"href":"https:\/\/justvape.nu\/it\/wp-json\/wp\/v2\/product"}],"about":[{"href":"https:\/\/justvape.nu\/it\/wp-json\/wp\/v2\/types\/product"}],"replies":[{"embeddable":true,"href":"https:\/\/justvape.nu\/it\/wp-json\/wp\/v2\/comments?post=322025"}],"wp:featuredmedia":[{"embeddable":true,"href":"https:\/\/justvape.nu\/it\/wp-json\/wp\/v2\/media\/300219"}],"wp:attachment":[{"href":"https:\/\/justvape.nu\/it\/wp-json\/wp\/v2\/media?parent=322025"}],"wp:term":[{"taxonomy":"product_brand","embeddable":true,"href":"https:\/\/justvape.nu\/it\/wp-json\/wp\/v2\/product_brand?post=322025"},{"taxonomy":"product_cat","embeddable":true,"href":"https:\/\/justvape.nu\/it\/wp-json\/wp\/v2\/product_cat?post=322025"},{"taxonomy":"product_tag","embeddable":true,"href":"https:\/\/justvape.nu\/it\/wp-json\/wp\/v2\/product_tag?post=322025"}],"curies":[{"name":"wp","href":"https:\/\/api.w.org\/{rel}","templated":true}]}}