{"id":212062,"date":"2018-01-03T13:15:25","date_gmt":"2018-01-03T12:15:25","guid":{"rendered":"https:\/\/www.justvape.nu\/kurv\/"},"modified":"2021-11-08T13:37:28","modified_gmt":"2021-11-08T12:37:28","slug":"kurv","status":"publish","type":"page","link":"https:\/\/justvape.nu\/it\/kurv\/","title":{"rendered":"Cestino"},"content":{"rendered":"<p><strong>Il tuo cestino<\/strong><\/p>\n<p>Qui puoi vedere il tuo ordine e scegliere la spedizione prima di andare al checkout.<\/p>\n<p><strong>EU:<\/strong><\/p>\n<div class=\"o9v6fnle cxmmr5t8 oygrvhab hcukyx3x c1et5uql ii04i59q\">\n<div dir=\"auto\"><strong>DHL EXPRESS<\/strong>: Consegnato dopo 1-2 giorni non importa erano in UE (Se l&#8217;ordine \u00e8 posto prima delle 12:00)! Questa opzione di spedizione \u00e8 altamente raccomandata ed \u00e8 senza la migliore opzione di spedizione che si pu\u00f2 ottenere in tutto il mondo, nessuno pu\u00f2 battere le soluzioni DHL Express in velocit\u00e0 e qualit\u00e0!<\/div>\n<\/div>\n<div class=\"o9v6fnle cxmmr5t8 oygrvhab hcukyx3x c1et5uql ii04i59q\">\n<div dir=\"auto\"><\/div>\n<div dir=\"auto\"><strong>UPS:<\/strong> 3-6 tempi di consegna a seconda di dove sono in UE. Una soluzione solida per ottenere un tempo di spedizione pi\u00f9 veloce della posta, ma anche ad un costo maggiore.<\/div>\n<\/div>\n<div class=\"o9v6fnle cxmmr5t8 oygrvhab hcukyx3x c1et5uql ii04i59q\">\n<div dir=\"auto\"><\/div>\n<div dir=\"auto\"><strong>POSTA:<\/strong> Posta regolare ad un prezzo pi\u00f9 economico ma un tempo di spedizione pi\u00f9 lungo 2 -? giorni a seconda delle condizioni dell&#8217;UE e dell&#8217;epidemia nel paese ricevente. La posta \u00e8 duramente colpita dalla pandemia di Covid e il tempo di spedizione extra dovrebbe essere calcolato in base a questo ed \u00e8 per questo che non possiamo dare una quantit\u00e0 massima esatta di giorni che pu\u00f2 prendere nel tempo dato a causa di covid.<\/div>\n<div dir=\"auto\"><\/div>\n<\/div>\n<p><strong>NB:<\/strong> Le aziende di trasporto non ritirano i pacchi nei fine settimana e nei giorni festivi e gli articoli ordinati durante questo periodo verranno spediti il primo giorno della settimana. Tutti i giorni di trasporto sono calcolati come giorni lavorativi e non includono i giorni festivi e i fine settimana.<\/p>\n\n","protected":false},"excerpt":{"rendered":"<p>Il tuo cestino Qui puoi vedere il tuo ordine e scegliere la spedizione prima di andare al checkout. EU: DHL EXPRESS: Consegnato dopo 1-2 giorni non importa erano in UE (Se l&#8217;ordine \u00e8 posto prima delle 12:00)! Questa opzione di spedizione \u00e8 altamente raccomandata ed \u00e8 senza la migliore opzione di spedizione che si pu\u00f2 [&hellip;]<\/p>\n","protected":false},"author":1,"featured_media":0,"parent":0,"menu_order":0,"comment_status":"closed","ping_status":"closed","template":"","meta":{"_acf_changed":false,"_uag_custom_page_level_css":"","site-sidebar-layout":"no-sidebar","site-content-layout":"default","ast-site-content-layout":"default","site-content-style":"default","site-sidebar-style":"default","ast-global-header-display":"","ast-banner-title-visibility":"","ast-main-header-display":"","ast-hfb-above-header-display":"","ast-hfb-below-header-display":"","ast-hfb-mobile-header-display":"","site-post-title":"","ast-breadcrumbs-content":"","ast-featured-img":"","footer-sml-layout":"","ast-disable-related-posts":"","theme-transparent-header-meta":"default","adv-header-id-meta":"","stick-header-meta":"default","header-above-stick-meta":"","header-main-stick-meta":"","header-below-stick-meta":"","astra-migrate-meta-layouts":"default","ast-page-background-enabled":"default","ast-page-background-meta":{"desktop":{"background-color":"","background-image":"","background-repeat":"repeat","background-position":"center center","background-size":"auto","background-attachment":"scroll","background-type":"","background-media":"","overlay-type":"","overlay-color":"","overlay-opacity":"","overlay-gradient":""},"tablet":{"background-color":"","background-image":"","background-repeat":"repeat","background-position":"center center","background-size":"auto","background-attachment":"scroll","background-type":"","background-media":"","overlay-type":"","overlay-color":"","overlay-opacity":"","overlay-gradient":""},"mobile":{"background-color":"","background-image":"","background-repeat":"repeat","background-position":"center center","background-size":"auto","background-attachment":"scroll","background-type":"","background-media":"","overlay-type":"","overlay-color":"","overlay-opacity":"","overlay-gradient":""}},"ast-content-background-meta":{"desktop":{"background-color":"var(--ast-global-color-5)","background-image":"","background-repeat":"repeat","background-position":"center center","background-size":"auto","background-attachment":"scroll","background-type":"","background-media":"","overlay-type":"","overlay-color":"","overlay-opacity":"","overlay-gradient":""},"tablet":{"background-color":"var(--ast-global-color-5)","background-image":"","background-repeat":"repeat","background-position":"center center","background-size":"auto","background-attachment":"scroll","background-type":"","background-media":"","overlay-type":"","overlay-color":"","overlay-opacity":"","overlay-gradient":""},"mobile":{"background-color":"var(--ast-global-color-5)","background-image":"","background-repeat":"repeat","background-position":"center center","background-size":"auto","background-attachment":"scroll","background-type":"","background-media":"","overlay-type":"","overlay-color":"","overlay-opacity":"","overlay-gradient":""}},"footnotes":""},"class_list":["post-212062","page","type-page","status-publish","hentry"],"acf":[],"uagb_featured_image_src":{"full":false,"thumbnail":false,"medium":false,"medium_large":false,"large":false,"1536x1536":false,"2048x2048":false,"woocommerce_thumbnail":false,"woocommerce_single":false,"woocommerce_gallery_thumbnail":false,"dgwt-wcas-product-suggestion":false},"uagb_author_info":{"display_name":"dsadmin","author_link":"https:\/\/justvape.nu\/it\/author\/dsadmin\/"},"uagb_comment_info":0,"uagb_excerpt":"Il tuo cestino Qui puoi vedere il tuo ordine e scegliere la spedizione prima di andare al checkout. EU: DHL EXPRESS: Consegnato dopo 1-2 giorni non importa erano in UE (Se l&#8217;ordine \u00e8 posto prima delle 12:00)! Questa opzione di spedizione \u00e8 altamente raccomandata ed \u00e8 senza la migliore opzione di spedizione che si pu\u00f2&hellip;","_links":{"self":[{"href":"https:\/\/justvape.nu\/it\/wp-json\/wp\/v2\/pages\/212062","targetHints":{"allow":["GET"]}}],"collection":[{"href":"https:\/\/justvape.nu\/it\/wp-json\/wp\/v2\/pages"}],"about":[{"href":"https:\/\/justvape.nu\/it\/wp-json\/wp\/v2\/types\/page"}],"author":[{"embeddable":true,"href":"https:\/\/justvape.nu\/it\/wp-json\/wp\/v2\/users\/1"}],"replies":[{"embeddable":true,"href":"https:\/\/justvape.nu\/it\/wp-json\/wp\/v2\/comments?post=212062"}],"version-history":[{"count":0,"href":"https:\/\/justvape.nu\/it\/wp-json\/wp\/v2\/pages\/212062\/revisions"}],"wp:attachment":[{"href":"https:\/\/justvape.nu\/it\/wp-json\/wp\/v2\/media?parent=212062"}],"curies":[{"name":"wp","href":"https:\/\/api.w.org\/{rel}","templated":true}]}}