{"id":211957,"date":"2018-01-21T22:13:30","date_gmt":"2018-01-21T21:13:30","guid":{"rendered":"https:\/\/www.justvape.nu\/privatlivspolitik\/"},"modified":"2023-07-02T00:12:26","modified_gmt":"2023-07-01T22:12:26","slug":"privatlivspolitik","status":"publish","type":"page","link":"https:\/\/justvape.nu\/it\/privatlivspolitik\/","title":{"rendered":"Informativa sulla privacy"},"content":{"rendered":"<h3>Informativa sulla privacy<\/h3>\n<p>Quando visiti il nostro sito, raccogliamo informazioni su di te che vengono utilizzate per personalizzare e migliorare i nostri contenuti e per aumentare il valore degli annunci che appaiono sulla pagina. Se non si desidera raccogliere informazioni, \u00e8 necessario eliminare i cookie (vedi istruzioni) e astenersi da un ulteriore utilizzo del sito web. Qui di seguito abbiamo spiegato quali informazioni vengono raccolte, il loro scopo e quali terze parti hanno accesso ad esso.<\/p>\n<p><strong>Biscotti<\/strong><\/p>\n<p>Il sito web utilizza &#8220;cookie&#8221;, che \u00e8 un file di testo che viene memorizzato sul computer, cellulare o altro. allo stesso modo allo scopo di riconoscerlo, ricordare le impostazioni, le statistiche sul rendimento e indirizzare gli annunci.<\/p>\n<p>I cookie non possono contenere codice dannoso, ad esempio i cookie. Virus.<\/p>\n<p>\u00c8 possibile cancellare o bloccare i cookie.<\/p>\n<p>Se elimini o blocchi i cookie, gli annunci potrebbero diventare meno pertinenti per te e apparire pi\u00f9 frequentemente. Si pu\u00f2 anche correre il rischio che il sito web non funziona in modo ottimale e che vi sia contenuti che non \u00e8 possibile accedere.<\/p>\n<h3>Informazioni individuali<\/h3>\n<h4>In generale,<\/h4>\n<p>Le informazioni personali sono qualsiasi tipo di informazione che pu\u00f2 essere attribuita in una certa misura all&#8217;utente. Quando utilizzi il nostro sito web, raccogliamo ed elaboriamo una serie di tali informazioni. Succede, per esempio. da un&#8217;alm. l&#8217;accesso ai contenuti, se ti iscrivi alla nostra newsletter, partecipi a concorsi o sondaggi, ti registri come utente o abbonato, utilizza altri servizi o effettui acquisti tramite il sito web.<\/p>\n<p>In genere raccogliamo ed elaboriamo i seguenti tipi di informazioni: un ID univoco e informazioni tecniche sul tuo computer, tablet o telefono cellulare, il tuo numero IP, la posizione geografica e le pagine su cui fai clic (interessi). Nella misura in cui acconsenti esplicitamente a questo e inserisci le informazioni, sarai anche elaborato: Nome, numero di telefono, e-mail, indirizzo e informazioni di pagamento. Questo sar\u00e0 in genere associato alla creazione o all&#8217;acquisto dell&#8217;account di accesso.<\/p>\n<h4>sicurezza<\/h4>\n<p>Abbiamo adottato misure tecniche e organizzative per evitare che le tue informazioni vengano accidentalmente o illegalmente cancellate, pubblicate, perse, alterate o rese all&#8217;attenzione di persone non autorizzate, abusate o trattate in altro modo in violazione della legge.<\/p>\n<h4>Scopo<\/h4>\n<p>Le informazioni vengono utilizzate per identificarti come utente e mostrarti gli annunci che hanno maggiori probabilit\u00e0 di essere pertinenti per te, per registrare i tuoi acquisti e pagamenti e per fornire i servizi che hai richiesto, ad esempio per inviare una newsletter. Inoltre, utilizziamo le informazioni per ottimizzare i nostri servizi e contenuti.<\/p>\n<h4>Periodo di conservazione<\/h4>\n<p>Le informazioni vengono memorizzate per il periodo consentito dalla legge e le cancelliamo quando non sono pi\u00f9 necessarie. Il periodo dipende dalla natura delle informazioni e dallo sfondo dell&#8217;archiviazione. Pertanto, non \u00e8 possibile specificare un intervallo di tempo generale per l&#8217;eliminazione delle informazioni.<\/p>\n<h4>Divulgazione di informazioni<\/h4>\n<p>Dati sull&#8217;utilizzo del sito Web, sugli annunci che ricevi e, in caso affermativo, sui clic, sulla posizione geografica, sul sesso e sul segmento di et\u00e0, ecc. divulgati a terzi nella misura in cui queste informazioni sono note. Puoi vedere quali terze parti si trovano nella sezione &#8220;Cookie&#8221; qui sopra. Le informazioni vengono utilizzate per indirizzare la pubblicit\u00e0.<br \/>\nUtilizziamo anche un certo numero di terze parti per memorizzare ed elaborare i dati. Queste informazioni di processo esclusivamente per nostro conto e non possono utilizzarle per i propri scopi.<br \/>\nLa divulgazione di informazioni personali come nome ed e-mail ecc. avverr\u00e0 solo se l&#8217;utente acconsente ad esso. Utilizziamo i processori di dati solo nell&#8217;UE o in paesi in grado di fornire le tue informazioni con una protezione adeguata.<\/p>\n<p><strong>Approfondimenti e reclami<\/strong><br \/>\nHai il diritto di sapere quali informazioni personali elaboriamo su di te. Puoi anche opporti in qualsiasi momento all&#8217;uso delle informazioni. Puoi anche revocare il tuo consenso all&#8217;elaborazione delle informazioni su di te. Se le informazioni trattate su di te non sono corrette, hai il diritto di farlo correggere o cancellare. Le richieste possono essere richieste a: contact@justvape.nu. Se vuoi lamentarti del nostro trattamento dei tuoi dati personali, hai anche la possibilit\u00e0 di contattare l&#8217;Ispettorato dati.<\/p>\n<h4>Editore<\/h4>\n<p>Il Sito \u00e8 di propriet\u00e0 e pubblicato da:<\/p>\n<p>Justvape.nu<\/p>\n","protected":false},"excerpt":{"rendered":"<p>Informativa sulla privacy Quando visiti il nostro sito, raccogliamo informazioni su di te che vengono utilizzate per personalizzare e migliorare i nostri contenuti e per aumentare il valore degli annunci che appaiono sulla pagina. Se non si desidera raccogliere informazioni, \u00e8 necessario eliminare i cookie (vedi istruzioni) e astenersi da un ulteriore utilizzo del sito [&hellip;]<\/p>\n","protected":false},"author":1,"featured_media":0,"parent":0,"menu_order":0,"comment_status":"closed","ping_status":"closed","template":"","meta":{"_acf_changed":false,"_uag_custom_page_level_css":"","site-sidebar-layout":"default","site-content-layout":"default","ast-site-content-layout":"default","site-content-style":"default","site-sidebar-style":"default","ast-global-header-display":"","ast-banner-title-visibility":"","ast-main-header-display":"","ast-hfb-above-header-display":"","ast-hfb-below-header-display":"","ast-hfb-mobile-header-display":"","site-post-title":"","ast-breadcrumbs-content":"","ast-featured-img":"","footer-sml-layout":"","ast-disable-related-posts":"","theme-transparent-header-meta":"default","adv-header-id-meta":"","stick-header-meta":"default","header-above-stick-meta":"","header-main-stick-meta":"","header-below-stick-meta":"","astra-migrate-meta-layouts":"default","ast-page-background-enabled":"default","ast-page-background-meta":{"desktop":{"background-color":"","background-image":"","background-repeat":"repeat","background-position":"center center","background-size":"auto","background-attachment":"scroll","background-type":"","background-media":"","overlay-type":"","overlay-color":"","overlay-opacity":"","overlay-gradient":""},"tablet":{"background-color":"","background-image":"","background-repeat":"repeat","background-position":"center center","background-size":"auto","background-attachment":"scroll","background-type":"","background-media":"","overlay-type":"","overlay-color":"","overlay-opacity":"","overlay-gradient":""},"mobile":{"background-color":"","background-image":"","background-repeat":"repeat","background-position":"center center","background-size":"auto","background-attachment":"scroll","background-type":"","background-media":"","overlay-type":"","overlay-color":"","overlay-opacity":"","overlay-gradient":""}},"ast-content-background-meta":{"desktop":{"background-color":"var(--ast-global-color-5)","background-image":"","background-repeat":"repeat","background-position":"center center","background-size":"auto","background-attachment":"scroll","background-type":"","background-media":"","overlay-type":"","overlay-color":"","overlay-opacity":"","overlay-gradient":""},"tablet":{"background-color":"var(--ast-global-color-5)","background-image":"","background-repeat":"repeat","background-position":"center center","background-size":"auto","background-attachment":"scroll","background-type":"","background-media":"","overlay-type":"","overlay-color":"","overlay-opacity":"","overlay-gradient":""},"mobile":{"background-color":"var(--ast-global-color-5)","background-image":"","background-repeat":"repeat","background-position":"center center","background-size":"auto","background-attachment":"scroll","background-type":"","background-media":"","overlay-type":"","overlay-color":"","overlay-opacity":"","overlay-gradient":""}},"footnotes":""},"class_list":["post-211957","page","type-page","status-publish","hentry"],"acf":[],"uagb_featured_image_src":{"full":false,"thumbnail":false,"medium":false,"medium_large":false,"large":false,"1536x1536":false,"2048x2048":false,"woocommerce_thumbnail":false,"woocommerce_single":false,"woocommerce_gallery_thumbnail":false,"dgwt-wcas-product-suggestion":false},"uagb_author_info":{"display_name":"dsadmin","author_link":"https:\/\/justvape.nu\/it\/author\/dsadmin\/"},"uagb_comment_info":0,"uagb_excerpt":"Informativa sulla privacy Quando visiti il nostro sito, raccogliamo informazioni su di te che vengono utilizzate per personalizzare e migliorare i nostri contenuti e per aumentare il valore degli annunci che appaiono sulla pagina. Se non si desidera raccogliere informazioni, \u00e8 necessario eliminare i cookie (vedi istruzioni) e astenersi da un ulteriore utilizzo del sito&hellip;","_links":{"self":[{"href":"https:\/\/justvape.nu\/it\/wp-json\/wp\/v2\/pages\/211957","targetHints":{"allow":["GET"]}}],"collection":[{"href":"https:\/\/justvape.nu\/it\/wp-json\/wp\/v2\/pages"}],"about":[{"href":"https:\/\/justvape.nu\/it\/wp-json\/wp\/v2\/types\/page"}],"author":[{"embeddable":true,"href":"https:\/\/justvape.nu\/it\/wp-json\/wp\/v2\/users\/1"}],"replies":[{"embeddable":true,"href":"https:\/\/justvape.nu\/it\/wp-json\/wp\/v2\/comments?post=211957"}],"version-history":[{"count":0,"href":"https:\/\/justvape.nu\/it\/wp-json\/wp\/v2\/pages\/211957\/revisions"}],"wp:attachment":[{"href":"https:\/\/justvape.nu\/it\/wp-json\/wp\/v2\/media?parent=211957"}],"curies":[{"name":"wp","href":"https:\/\/api.w.org\/{rel}","templated":true}]}}