{"id":688105,"date":"2024-04-10T19:18:01","date_gmt":"2024-04-10T17:18:01","guid":{"rendered":"https:\/\/justvape.nu\/produkt\/voopoo-argus-g2\/"},"modified":"2024-04-10T19:18:01","modified_gmt":"2024-04-10T17:18:01","slug":"voopoo-argus-g2","status":"publish","type":"product","link":"https:\/\/justvape.nu\/fr\/produkt\/voopoo-argus-g2\/","title":{"rendered":"VOOPOO &#8211; ARGUS G2"},"content":{"rendered":"<h2>VOOPOO &#8211; ARGUS G2<\/h2>\n<p>Le kit Argus G2 reprend le go\u00fbt et la texture douce de l&rsquo;Argus G avec des performances am\u00e9lior\u00e9es et une nouvelle interaction flexible. Il s&rsquo;agit de la version am\u00e9lior\u00e9e de l&rsquo;Argus G. Il offre 3 choix d&rsquo;interface utilisateur et pr\u00e9sente 3 animations comprenant des flammes, des soucoupes volantes et des tasses color\u00e9es avec 3 modes de r\u00e9glage de la puissance (Smart, Super et ECO). Le kit Argus G2 est livr\u00e9 avec une nouvelle cartouche enti\u00e8rement am\u00e9lior\u00e9e, la cartouche Argus Top Fill, d&rsquo;une capacit\u00e9 de 2 ml, d&rsquo;une dur\u00e9e de vie de 30 jours sans fuite et d&rsquo;une dur\u00e9e de vie de 90 ml pour le coil. En outre, il est \u00e9galement compatible avec les appareils de la famille Argus Pod (Side-fill Argus Pod 1.2ohm\/0.7ohm). Con\u00e7u avec le CODE iCOSM, le VOOPOO Argus G2 vous apportera une exp\u00e9rience de vapotage vari\u00e9e, de la MTL \u00e0 la RDL. Dot\u00e9 d&rsquo;une batterie int\u00e9gr\u00e9e de 1000mAh, il peut fournir une alimentation de longue dur\u00e9e jusqu&rsquo;\u00e0 30W.<\/p>\n<p><a href=\"https:\/\/justvape.nu\/wp-content\/uploads\/2018\/05\/Color-Schemes.png\"><img loading=\"lazy\" decoding=\"async\" class=\"alignnone size-full wp-image-19187\" src=\"https:\/\/justvape.nu\/wp-content\/uploads\/2018\/05\/Color-Schemes.png\" alt=\"\" width=\"950\" height=\"64\" title=\"\" srcset=\"https:\/\/justvape.nu\/wp-content\/uploads\/2018\/05\/Color-Schemes.png 950w, https:\/\/justvape.nu\/wp-content\/uploads\/2018\/05\/Color-Schemes-555x37.png 555w, https:\/\/justvape.nu\/wp-content\/uploads\/2018\/05\/Color-Schemes-64x4.png 64w, https:\/\/justvape.nu\/wp-content\/uploads\/2018\/05\/Color-Schemes-300x20.png 300w, https:\/\/justvape.nu\/wp-content\/uploads\/2018\/05\/Color-Schemes-768x52.png 768w\" sizes=\"auto, (max-width: 950px) 100vw, 950px\" \/><\/a><\/p>\n<p><a href=\"https:\/\/justvape.nu\/wp-content\/uploads\/2024\/04\/VOOPOO_Argus_G2_Kit_Colors.jpg\"><img loading=\"lazy\" decoding=\"async\" class=\"alignnone wp-image-687939\" src=\"https:\/\/justvape.nu\/wp-content\/uploads\/2024\/04\/VOOPOO_Argus_G2_Kit_Colors.jpg\" alt=\"\" width=\"939\" height=\"458\" title=\"\" srcset=\"https:\/\/justvape.nu\/wp-content\/uploads\/2024\/04\/VOOPOO_Argus_G2_Kit_Colors.jpg 800w, https:\/\/justvape.nu\/wp-content\/uploads\/2024\/04\/VOOPOO_Argus_G2_Kit_Colors-600x293.jpg 600w, https:\/\/justvape.nu\/wp-content\/uploads\/2024\/04\/VOOPOO_Argus_G2_Kit_Colors-64x31.jpg 64w, https:\/\/justvape.nu\/wp-content\/uploads\/2024\/04\/VOOPOO_Argus_G2_Kit_Colors-300x146.jpg 300w, https:\/\/justvape.nu\/wp-content\/uploads\/2024\/04\/VOOPOO_Argus_G2_Kit_Colors-768x374.jpg 768w\" sizes=\"auto, (max-width: 939px) 100vw, 939px\" \/><\/a><\/p>\n<p class=\"description-img-center\">\n<div class=\"shop-features \">\n<h2 class=\"shop-features-title \"><a href=\"https:\/\/justvape.nu\/wp-content\/uploads\/2021\/06\/Specifications1.png\"><img loading=\"lazy\" decoding=\"async\" class=\"alignnone size-full wp-image-390997\" src=\"https:\/\/justvape.nu\/wp-content\/uploads\/2021\/06\/Specifications1.png\" alt=\"\" width=\"950\" height=\"64\" title=\"\" srcset=\"https:\/\/justvape.nu\/wp-content\/uploads\/2021\/06\/Specifications1.png 950w, https:\/\/justvape.nu\/wp-content\/uploads\/2021\/06\/Specifications1-600x40.png 600w, https:\/\/justvape.nu\/wp-content\/uploads\/2021\/06\/Specifications1-64x4.png 64w, https:\/\/justvape.nu\/wp-content\/uploads\/2021\/06\/Specifications1-300x20.png 300w, https:\/\/justvape.nu\/wp-content\/uploads\/2021\/06\/Specifications1-768x52.png 768w\" sizes=\"auto, (max-width: 950px) 100vw, 950px\" \/><\/a><\/h2>\n<\/div>\n<table class=\"description-table\">\n<tbody>\n<tr>\n<td class=\"strong-title \">Marque<\/td>\n<td class=\"inline\">VOOPOO<\/td>\n<\/tr>\n<tr>\n<td class=\"strong-title \">Nom du produit<\/td>\n<td class=\"inline\">Kit Argus G2<\/td>\n<\/tr>\n<tr>\n<td class=\"strong-title \">Taille<\/td>\n<td class=\"inline\">121*26,4*15,2mm<\/td>\n<\/tr>\n<tr>\n<td class=\"strong-title \">Capacit\u00e9<\/td>\n<td class=\"inline\">2ml<\/td>\n<\/tr>\n<tr>\n<td class=\"strong-title \">Mat\u00e9riau<\/td>\n<td class=\"inline\">Alliage de zinc + PC<\/td>\n<\/tr>\n<tr>\n<td class=\"strong-title \">Gamme de puissance<\/td>\n<td class=\"inline\">\u226430W<\/td>\n<\/tr>\n<tr>\n<td class=\"strong-title \">Capacit\u00e9 de la batterie<\/td>\n<td class=\"inline\">1000mAh<\/td>\n<\/tr>\n<tr>\n<td class=\"strong-title \">Type de remplissage<\/td>\n<td class=\"inline\">Garniture sup\u00e9rieure<\/td>\n<\/tr>\n<tr>\n<td class=\"strong-title \">Cartouche incluse<\/td>\n<td class=\"inline\">Argus Top Fill Cartridge 0.4ohm 2ml, Argus Top Fill Cartridge 0.7ohm 2ml<\/td>\n<\/tr>\n<tr>\n<td class=\"strong-title \">Taille de l&#8217;emballage<\/td>\n<td class=\"inline\">132*58*37mm (1pc)<\/td>\n<\/tr>\n<tr>\n<td class=\"strong-title \"><\/td>\n<td class=\"inline\"><\/td>\n<\/tr>\n<tr>\n<td class=\"strong-title \">Couleur<\/td>\n<td class=\"inline\">Spray Black, Space Gray, Astral Silver, Pearl White, Aurora Purple, Glow Pink, Peachy Beige, Iris Blue<\/td>\n<\/tr>\n<\/tbody>\n<\/table>\n<div class=\"shop-features \">\n<h2 class=\"shop-features-title \"><a href=\"https:\/\/justvape.nu\/wp-content\/uploads\/2018\/05\/Features.png\"><img loading=\"lazy\" decoding=\"async\" class=\"alignnone size-full wp-image-248459\" src=\"https:\/\/justvape.nu\/wp-content\/uploads\/2018\/05\/Features.png\" alt=\"\" width=\"950\" height=\"64\" title=\"\" srcset=\"https:\/\/justvape.nu\/wp-content\/uploads\/2018\/05\/Features.png 950w, https:\/\/justvape.nu\/wp-content\/uploads\/2018\/05\/Features-600x40.png 600w, https:\/\/justvape.nu\/wp-content\/uploads\/2018\/05\/Features-64x4.png 64w, https:\/\/justvape.nu\/wp-content\/uploads\/2018\/05\/Features-300x20.png 300w, https:\/\/justvape.nu\/wp-content\/uploads\/2018\/05\/Features-768x52.png 768w\" sizes=\"auto, (max-width: 950px) 100vw, 950px\" \/><\/a><\/h2>\n<\/div>\n<ul>\n<li style=\"list-style-type: none;\">\n<ul>\n<li>1. \u00c9cran couleur de 0,96 pouce<\/li>\n<li>2. Puissance de sortie maximale de 30 W<\/li>\n<li>3. Cartouche de 2 ml \u00e0 remplissage par le haut<\/li>\n<li>4. Interaction sensorielle, contr\u00f4le souple<\/li>\n<li>5. Trois modes de r\u00e9glage de la puissance : Smart, Super et ECO<\/li>\n<li>6. Deux lampes LED RVB<\/li>\n<li>7. Compatible avec les appareils de la famille Argus Pod<\/li>\n<li>8. Avec iCOSM CODE, apporter la diversit\u00e9 du vapotage de MTL \u00e0 RDL<\/li>\n<li>9. Protection de s\u00e9curit\u00e9 : Protection 5S contre les d\u00e9passements de temps, les courts-circuits, la surcharge, le courant de sortie, les batteries faibles, la surchauffe et la puissance maximale.<\/li>\n<\/ul>\n<\/li>\n<\/ul>\n<div class=\"img-show-more\">\n<div id=\"img_content_less\" class=\"img-content add-more\">\n<p class=\"description-img-center\"><a href=\"https:\/\/justvape.nu\/wp-content\/uploads\/2024\/04\/VOOPOO_Argus_G2_Kit_Safety_Protection.jpg\"><img loading=\"lazy\" decoding=\"async\" class=\"alignnone size-full wp-image-687947\" src=\"https:\/\/justvape.nu\/wp-content\/uploads\/2024\/04\/VOOPOO_Argus_G2_Kit_Safety_Protection.jpg\" alt=\"\" width=\"831\" height=\"391\" title=\"\" srcset=\"https:\/\/justvape.nu\/wp-content\/uploads\/2024\/04\/VOOPOO_Argus_G2_Kit_Safety_Protection.jpg 831w, https:\/\/justvape.nu\/wp-content\/uploads\/2024\/04\/VOOPOO_Argus_G2_Kit_Safety_Protection-600x282.jpg 600w, https:\/\/justvape.nu\/wp-content\/uploads\/2024\/04\/VOOPOO_Argus_G2_Kit_Safety_Protection-64x30.jpg 64w, https:\/\/justvape.nu\/wp-content\/uploads\/2024\/04\/VOOPOO_Argus_G2_Kit_Safety_Protection-300x141.jpg 300w, https:\/\/justvape.nu\/wp-content\/uploads\/2024\/04\/VOOPOO_Argus_G2_Kit_Safety_Protection-768x361.jpg 768w\" sizes=\"auto, (max-width: 831px) 100vw, 831px\" \/><\/a><\/p>\n<p>&nbsp;<\/p>\n<p><a href=\"https:\/\/justvape.nu\/wp-content\/uploads\/2018\/05\/Packing-List.png\"><img loading=\"lazy\" decoding=\"async\" class=\"alignnone size-full wp-image-18995\" src=\"https:\/\/justvape.nu\/wp-content\/uploads\/2018\/05\/Packing-List.png\" alt=\"\" width=\"950\" height=\"64\" title=\"\" srcset=\"https:\/\/justvape.nu\/wp-content\/uploads\/2018\/05\/Packing-List.png 950w, https:\/\/justvape.nu\/wp-content\/uploads\/2018\/05\/Packing-List-555x37.png 555w, https:\/\/justvape.nu\/wp-content\/uploads\/2018\/05\/Packing-List-64x4.png 64w, https:\/\/justvape.nu\/wp-content\/uploads\/2018\/05\/Packing-List-300x20.png 300w, https:\/\/justvape.nu\/wp-content\/uploads\/2018\/05\/Packing-List-768x52.png 768w\" sizes=\"auto, (max-width: 950px) 100vw, 950px\" \/><\/a><\/p>\n<\/div>\n<\/div>\n<p>1* Appareil Argus G2<br \/>\n1* Cartouche Argus Top Fill 0.4ohm (2ml)<br \/>\n1* Cartouche Argus Top Fill 0.7ohm (2ml)<br \/>\n1* C\u00e2ble Type-C<br \/>\n1 * manuel de l&rsquo;utilisateur<br \/>\n1* Lani\u00e8re<\/p>\n","protected":false},"excerpt":{"rendered":"<p>VOOPOO &#8211; ARGUS G2<\/p>\n","protected":false},"featured_media":687963,"comment_status":"open","ping_status":"closed","template":"","meta":{"_acf_changed":false,"_uag_custom_page_level_css":"","site-sidebar-layout":"default","site-content-layout":"","ast-site-content-layout":"default","site-content-style":"default","site-sidebar-style":"default","ast-global-header-display":"","ast-banner-title-visibility":"","ast-main-header-display":"","ast-hfb-above-header-display":"","ast-hfb-below-header-display":"","ast-hfb-mobile-header-display":"","site-post-title":"","ast-breadcrumbs-content":"","ast-featured-img":"","footer-sml-layout":"","ast-disable-related-posts":"","theme-transparent-header-meta":"default","adv-header-id-meta":"","stick-header-meta":"default","header-above-stick-meta":"","header-main-stick-meta":"","header-below-stick-meta":"","astra-migrate-meta-layouts":"default","ast-page-background-enabled":"default","ast-page-background-meta":{"desktop":{"background-color":"","background-image":"","background-repeat":"repeat","background-position":"center center","background-size":"auto","background-attachment":"scroll","background-type":"","background-media":"","overlay-type":"","overlay-color":"","overlay-opacity":"","overlay-gradient":""},"tablet":{"background-color":"","background-image":"","background-repeat":"repeat","background-position":"center center","background-size":"auto","background-attachment":"scroll","background-type":"","background-media":"","overlay-type":"","overlay-color":"","overlay-opacity":"","overlay-gradient":""},"mobile":{"background-color":"","background-image":"","background-repeat":"repeat","background-position":"center center","background-size":"auto","background-attachment":"scroll","background-type":"","background-media":"","overlay-type":"","overlay-color":"","overlay-opacity":"","overlay-gradient":""}},"ast-content-background-meta":{"desktop":{"background-color":"var(--ast-global-color-5)","background-image":"","background-repeat":"repeat","background-position":"center center","background-size":"auto","background-attachment":"scroll","background-type":"","background-media":"","overlay-type":"","overlay-color":"","overlay-opacity":"","overlay-gradient":""},"tablet":{"background-color":"var(--ast-global-color-5)","background-image":"","background-repeat":"repeat","background-position":"center center","background-size":"auto","background-attachment":"scroll","background-type":"","background-media":"","overlay-type":"","overlay-color":"","overlay-opacity":"","overlay-gradient":""},"mobile":{"background-color":"var(--ast-global-color-5)","background-image":"","background-repeat":"repeat","background-position":"center center","background-size":"auto","background-attachment":"scroll","background-type":"","background-media":"","overlay-type":"","overlay-color":"","overlay-opacity":"","overlay-gradient":""}}},"product_brand":[],"product_cat":[2066,2508,2076,1863,2509,2510],"product_tag":[],"class_list":{"0":"post-688105","1":"product","2":"type-product","3":"status-publish","4":"has-post-thumbnail","6":"product_cat-e-cigarettes-fr","7":"product_cat-hardware-fr","8":"product_cat-kits-et-pod-pour-debutants","9":"product_cat-new-products-fr","10":"product_cat-shop-by-brand-fr","11":"product_cat-voopoo-fr","12":"desktop-align-center","13":"tablet-align-center","14":"mobile-align-center","15":"ast-product-gallery-layout-horizontal-slider","16":"ast-product-single-variable","17":"ast-product-tabs-layout-horizontal","19":"first","20":"instock","21":"sale","22":"taxable","23":"shipping-taxable","24":"purchasable","25":"product-type-variable"},"acf":[],"uagb_featured_image_src":{"full":["https:\/\/justvape.nu\/wp-content\/uploads\/2024\/04\/z2R4ZQ_p.jpeg",600,600,false],"thumbnail":["https:\/\/justvape.nu\/wp-content\/uploads\/2024\/04\/z2R4ZQ_p-150x150.jpeg",150,150,true],"medium":["https:\/\/justvape.nu\/wp-content\/uploads\/2024\/04\/z2R4ZQ_p-300x300.jpeg",300,300,true],"medium_large":["https:\/\/justvape.nu\/wp-content\/uploads\/2024\/04\/z2R4ZQ_p.jpeg",600,600,false],"large":["https:\/\/justvape.nu\/wp-content\/uploads\/2024\/04\/z2R4ZQ_p.jpeg",600,600,false],"1536x1536":["https:\/\/justvape.nu\/wp-content\/uploads\/2024\/04\/z2R4ZQ_p.jpeg",600,600,false],"2048x2048":["https:\/\/justvape.nu\/wp-content\/uploads\/2024\/04\/z2R4ZQ_p.jpeg",600,600,false],"woocommerce_thumbnail":["https:\/\/justvape.nu\/wp-content\/uploads\/2024\/04\/z2R4ZQ_p-300x300.jpeg",300,300,true],"woocommerce_single":["https:\/\/justvape.nu\/wp-content\/uploads\/2024\/04\/z2R4ZQ_p.jpeg",600,600,false],"woocommerce_gallery_thumbnail":["https:\/\/justvape.nu\/wp-content\/uploads\/2024\/04\/z2R4ZQ_p-100x100.jpeg",100,100,true],"dgwt-wcas-product-suggestion":["https:\/\/justvape.nu\/wp-content\/uploads\/2024\/04\/z2R4ZQ_p-64x64.jpeg",64,64,true]},"uagb_author_info":{"display_name":"Kenneth Merkur","author_link":"https:\/\/justvape.nu\/fr\/author\/"},"uagb_comment_info":0,"uagb_excerpt":"VOOPOO - ARGUS G2","_links":{"self":[{"href":"https:\/\/justvape.nu\/fr\/wp-json\/wp\/v2\/product\/688105","targetHints":{"allow":["GET"]}}],"collection":[{"href":"https:\/\/justvape.nu\/fr\/wp-json\/wp\/v2\/product"}],"about":[{"href":"https:\/\/justvape.nu\/fr\/wp-json\/wp\/v2\/types\/product"}],"replies":[{"embeddable":true,"href":"https:\/\/justvape.nu\/fr\/wp-json\/wp\/v2\/comments?post=688105"}],"wp:featuredmedia":[{"embeddable":true,"href":"https:\/\/justvape.nu\/fr\/wp-json\/wp\/v2\/media\/687963"}],"wp:attachment":[{"href":"https:\/\/justvape.nu\/fr\/wp-json\/wp\/v2\/media?parent=688105"}],"wp:term":[{"taxonomy":"product_brand","embeddable":true,"href":"https:\/\/justvape.nu\/fr\/wp-json\/wp\/v2\/product_brand?post=688105"},{"taxonomy":"product_cat","embeddable":true,"href":"https:\/\/justvape.nu\/fr\/wp-json\/wp\/v2\/product_cat?post=688105"},{"taxonomy":"product_tag","embeddable":true,"href":"https:\/\/justvape.nu\/fr\/wp-json\/wp\/v2\/product_tag?post=688105"}],"curies":[{"name":"wp","href":"https:\/\/api.w.org\/{rel}","templated":true}]}}