{"id":673415,"date":"2024-02-16T11:30:35","date_gmt":"2024-02-16T10:30:35","guid":{"rendered":"https:\/\/justvape.nu\/produkt\/innokin-kroma-nova-kit\/"},"modified":"2025-09-12T23:46:58","modified_gmt":"2025-09-12T21:46:58","slug":"innokin-kroma-nova-kit","status":"publish","type":"product","link":"https:\/\/justvape.nu\/fr\/produkt\/innokin-kroma-nova-kit\/","title":{"rendered":"INNOKIN &#8211; KROMA NOVA KIT"},"content":{"rendered":"<h2>INNOKIN &#8211; KROMA NOVA KIT<\/h2>\n<p>L&rsquo;Innokin Kroma Nova offre une exp\u00e9rience intense et pleine de saveurs, ainsi qu&rsquo;une grande long\u00e9vit\u00e9 gr\u00e2ce \u00e0 une batterie int\u00e9gr\u00e9e de 3000 mAh, une puissance r\u00e9glable jusqu&rsquo;\u00e0 60w, et des coils PZP plug-and-play technologiquement avanc\u00e9s permettant un m\u00e9lange de styles de vapotage bouche-poumon (MTL) et restreint-direct-poumon (RDL).<\/p>\n<p>Le Kroma Nova est dot\u00e9 d&rsquo;un \u00e9cran OLED cristallin, d&rsquo;une interface utilisateur intuitive, de nombreux param\u00e8tres r\u00e9glables et d&rsquo;un bouton d&rsquo;activation.<br \/>\nDot\u00e9 d&rsquo;un pod Kroma Nova \u00e0 remplissage par le haut facile \u00e0 glisser et de bobines Innokin PZP de 0,4\u03a9 et 1,0\u03a9 \u00e0 pousser, ainsi que d&rsquo;un drip-tip MTL \u00e0 tirage serr\u00e9 et d&rsquo;un drip-tip RDL plus l\u00e2che, le Kroma Nova vous permet de personnaliser enti\u00e8rement l&rsquo;appareil comme vous l&rsquo;entendez.<\/p>\n<p><a href=\"https:\/\/justvape.nu\/wp-content\/uploads\/2018\/05\/Color-Schemes.png\"><img loading=\"lazy\" decoding=\"async\" class=\"alignnone size-full wp-image-19187\" src=\"https:\/\/justvape.nu\/wp-content\/uploads\/2018\/05\/Color-Schemes.png\" alt=\"\" width=\"950\" height=\"64\" title=\"\" srcset=\"https:\/\/justvape.nu\/wp-content\/uploads\/2018\/05\/Color-Schemes.png 950w, https:\/\/justvape.nu\/wp-content\/uploads\/2018\/05\/Color-Schemes-555x37.png 555w, https:\/\/justvape.nu\/wp-content\/uploads\/2018\/05\/Color-Schemes-64x4.png 64w, https:\/\/justvape.nu\/wp-content\/uploads\/2018\/05\/Color-Schemes-300x20.png 300w, https:\/\/justvape.nu\/wp-content\/uploads\/2018\/05\/Color-Schemes-768x52.png 768w\" sizes=\"auto, (max-width: 950px) 100vw, 950px\" \/><\/a><\/p>\n<p><a href=\"https:\/\/justvape.nu\/wp-content\/uploads\/2024\/02\/colors.jpg\"><img loading=\"lazy\" decoding=\"async\" class=\"alignnone wp-image-673267\" src=\"https:\/\/justvape.nu\/wp-content\/uploads\/2024\/02\/colors.jpg\" alt=\"\" width=\"940\" height=\"940\" title=\"\" srcset=\"https:\/\/justvape.nu\/wp-content\/uploads\/2024\/02\/colors.jpg 600w, https:\/\/justvape.nu\/wp-content\/uploads\/2024\/02\/colors-300x300.jpg 300w, https:\/\/justvape.nu\/wp-content\/uploads\/2024\/02\/colors-100x100.jpg 100w, https:\/\/justvape.nu\/wp-content\/uploads\/2024\/02\/colors-64x64.jpg 64w, https:\/\/justvape.nu\/wp-content\/uploads\/2024\/02\/colors-150x150.jpg 150w\" sizes=\"auto, (max-width: 940px) 100vw, 940px\" \/><\/a><\/p>\n<p><a href=\"https:\/\/justvape.nu\/wp-content\/uploads\/2018\/05\/Features.png\"><img loading=\"lazy\" decoding=\"async\" class=\"alignnone size-full wp-image-18994\" src=\"https:\/\/justvape.nu\/wp-content\/uploads\/2018\/05\/Features.png\" alt=\"\" width=\"950\" height=\"64\" title=\"\" srcset=\"https:\/\/justvape.nu\/wp-content\/uploads\/2018\/05\/Features.png 950w, https:\/\/justvape.nu\/wp-content\/uploads\/2018\/05\/Features-555x37.png 555w, https:\/\/justvape.nu\/wp-content\/uploads\/2018\/05\/Features-64x4.png 64w, https:\/\/justvape.nu\/wp-content\/uploads\/2018\/05\/Features-300x20.png 300w, https:\/\/justvape.nu\/wp-content\/uploads\/2018\/05\/Features-768x52.png 768w\" sizes=\"auto, (max-width: 950px) 100vw, 950px\" \/><\/a><\/p>\n<ul>\n<li>Bobine PZP pour des \u00e9changes rapides<\/li>\n<li>Batterie massive de 3000 mAh int\u00e9gr\u00e9e<\/li>\n<li>R\u00e9glage de 6 \u00e0 60 watts<\/li>\n<li>Nouvelle interface am\u00e9lior\u00e9e<\/li>\n<li>R\u00e9glage pr\u00e9cis du d\u00e9bit d&rsquo;air<\/li>\n<li>Remplissage coulissant pratique<\/li>\n<\/ul>\n<p><a href=\"https:\/\/justvape.nu\/wp-content\/uploads\/2024\/02\/1-innokin-kroma-nova-pod-vape-kit-desktop.webp\"><img loading=\"lazy\" decoding=\"async\" class=\"alignnone size-full wp-image-673211\" src=\"https:\/\/justvape.nu\/wp-content\/uploads\/2024\/02\/1-innokin-kroma-nova-pod-vape-kit-desktop.webp\" alt=\"\" width=\"1400\" height=\"729\" title=\"\" srcset=\"https:\/\/justvape.nu\/wp-content\/uploads\/2024\/02\/1-innokin-kroma-nova-pod-vape-kit-desktop.webp 1400w, https:\/\/justvape.nu\/wp-content\/uploads\/2024\/02\/1-innokin-kroma-nova-pod-vape-kit-desktop-600x312.webp 600w, https:\/\/justvape.nu\/wp-content\/uploads\/2024\/02\/1-innokin-kroma-nova-pod-vape-kit-desktop-64x33.webp 64w, https:\/\/justvape.nu\/wp-content\/uploads\/2024\/02\/1-innokin-kroma-nova-pod-vape-kit-desktop-300x156.webp 300w, https:\/\/justvape.nu\/wp-content\/uploads\/2024\/02\/1-innokin-kroma-nova-pod-vape-kit-desktop-1024x533.webp 1024w, https:\/\/justvape.nu\/wp-content\/uploads\/2024\/02\/1-innokin-kroma-nova-pod-vape-kit-desktop-768x400.webp 768w\" sizes=\"auto, (max-width: 1400px) 100vw, 1400px\" \/><\/a> <a href=\"https:\/\/justvape.nu\/wp-content\/uploads\/2024\/02\/2-innokin-kroma-nova-pod-vape-kit-desktop.webp\"><img loading=\"lazy\" decoding=\"async\" class=\"alignnone size-full wp-image-673219\" src=\"https:\/\/justvape.nu\/wp-content\/uploads\/2024\/02\/2-innokin-kroma-nova-pod-vape-kit-desktop.webp\" alt=\"\" width=\"1400\" height=\"431\" title=\"\" srcset=\"https:\/\/justvape.nu\/wp-content\/uploads\/2024\/02\/2-innokin-kroma-nova-pod-vape-kit-desktop.webp 1400w, https:\/\/justvape.nu\/wp-content\/uploads\/2024\/02\/2-innokin-kroma-nova-pod-vape-kit-desktop-600x185.webp 600w, https:\/\/justvape.nu\/wp-content\/uploads\/2024\/02\/2-innokin-kroma-nova-pod-vape-kit-desktop-64x20.webp 64w, https:\/\/justvape.nu\/wp-content\/uploads\/2024\/02\/2-innokin-kroma-nova-pod-vape-kit-desktop-300x92.webp 300w, https:\/\/justvape.nu\/wp-content\/uploads\/2024\/02\/2-innokin-kroma-nova-pod-vape-kit-desktop-1024x315.webp 1024w, https:\/\/justvape.nu\/wp-content\/uploads\/2024\/02\/2-innokin-kroma-nova-pod-vape-kit-desktop-768x236.webp 768w\" sizes=\"auto, (max-width: 1400px) 100vw, 1400px\" \/><\/a> <a href=\"https:\/\/justvape.nu\/wp-content\/uploads\/2024\/02\/4-innokin-kroma-nova-pod-vape-kit-desktop.webp\"><img loading=\"lazy\" decoding=\"async\" class=\"alignnone size-full wp-image-673227\" src=\"https:\/\/justvape.nu\/wp-content\/uploads\/2024\/02\/4-innokin-kroma-nova-pod-vape-kit-desktop.webp\" alt=\"\" width=\"1400\" height=\"618\" title=\"\" srcset=\"https:\/\/justvape.nu\/wp-content\/uploads\/2024\/02\/4-innokin-kroma-nova-pod-vape-kit-desktop.webp 1400w, https:\/\/justvape.nu\/wp-content\/uploads\/2024\/02\/4-innokin-kroma-nova-pod-vape-kit-desktop-600x265.webp 600w, https:\/\/justvape.nu\/wp-content\/uploads\/2024\/02\/4-innokin-kroma-nova-pod-vape-kit-desktop-64x28.webp 64w, https:\/\/justvape.nu\/wp-content\/uploads\/2024\/02\/4-innokin-kroma-nova-pod-vape-kit-desktop-300x132.webp 300w, https:\/\/justvape.nu\/wp-content\/uploads\/2024\/02\/4-innokin-kroma-nova-pod-vape-kit-desktop-1024x452.webp 1024w, https:\/\/justvape.nu\/wp-content\/uploads\/2024\/02\/4-innokin-kroma-nova-pod-vape-kit-desktop-768x339.webp 768w\" sizes=\"auto, (max-width: 1400px) 100vw, 1400px\" \/><\/a> <a href=\"https:\/\/justvape.nu\/wp-content\/uploads\/2024\/02\/5-innokin-kroma-nova-pod-vape-kit-desktop.webp\"><img loading=\"lazy\" decoding=\"async\" class=\"alignnone size-full wp-image-673235\" src=\"https:\/\/justvape.nu\/wp-content\/uploads\/2024\/02\/5-innokin-kroma-nova-pod-vape-kit-desktop.webp\" alt=\"\" width=\"1400\" height=\"688\" title=\"\" srcset=\"https:\/\/justvape.nu\/wp-content\/uploads\/2024\/02\/5-innokin-kroma-nova-pod-vape-kit-desktop.webp 1400w, https:\/\/justvape.nu\/wp-content\/uploads\/2024\/02\/5-innokin-kroma-nova-pod-vape-kit-desktop-600x295.webp 600w, https:\/\/justvape.nu\/wp-content\/uploads\/2024\/02\/5-innokin-kroma-nova-pod-vape-kit-desktop-64x31.webp 64w, https:\/\/justvape.nu\/wp-content\/uploads\/2024\/02\/5-innokin-kroma-nova-pod-vape-kit-desktop-300x147.webp 300w, https:\/\/justvape.nu\/wp-content\/uploads\/2024\/02\/5-innokin-kroma-nova-pod-vape-kit-desktop-1024x503.webp 1024w, https:\/\/justvape.nu\/wp-content\/uploads\/2024\/02\/5-innokin-kroma-nova-pod-vape-kit-desktop-768x377.webp 768w\" sizes=\"auto, (max-width: 1400px) 100vw, 1400px\" \/><\/a> <a href=\"https:\/\/justvape.nu\/wp-content\/uploads\/2024\/02\/6-innokin-kroma-nova-pod-vape-kit-desktop.webp\"><img loading=\"lazy\" decoding=\"async\" class=\"alignnone size-full wp-image-673243\" src=\"https:\/\/justvape.nu\/wp-content\/uploads\/2024\/02\/6-innokin-kroma-nova-pod-vape-kit-desktop.webp\" alt=\"\" width=\"1400\" height=\"697\" title=\"\" srcset=\"https:\/\/justvape.nu\/wp-content\/uploads\/2024\/02\/6-innokin-kroma-nova-pod-vape-kit-desktop.webp 1400w, https:\/\/justvape.nu\/wp-content\/uploads\/2024\/02\/6-innokin-kroma-nova-pod-vape-kit-desktop-600x299.webp 600w, https:\/\/justvape.nu\/wp-content\/uploads\/2024\/02\/6-innokin-kroma-nova-pod-vape-kit-desktop-64x32.webp 64w, https:\/\/justvape.nu\/wp-content\/uploads\/2024\/02\/6-innokin-kroma-nova-pod-vape-kit-desktop-300x149.webp 300w, https:\/\/justvape.nu\/wp-content\/uploads\/2024\/02\/6-innokin-kroma-nova-pod-vape-kit-desktop-1024x510.webp 1024w, https:\/\/justvape.nu\/wp-content\/uploads\/2024\/02\/6-innokin-kroma-nova-pod-vape-kit-desktop-768x382.webp 768w\" sizes=\"auto, (max-width: 1400px) 100vw, 1400px\" \/><\/a> <a href=\"https:\/\/justvape.nu\/wp-content\/uploads\/2024\/02\/7-innokin-kroma-nova-pod-vape-kit-desktop.webp\"><img loading=\"lazy\" decoding=\"async\" class=\"alignnone size-full wp-image-673251\" src=\"https:\/\/justvape.nu\/wp-content\/uploads\/2024\/02\/7-innokin-kroma-nova-pod-vape-kit-desktop.webp\" alt=\"\" width=\"1400\" height=\"724\" title=\"\" srcset=\"https:\/\/justvape.nu\/wp-content\/uploads\/2024\/02\/7-innokin-kroma-nova-pod-vape-kit-desktop.webp 1400w, https:\/\/justvape.nu\/wp-content\/uploads\/2024\/02\/7-innokin-kroma-nova-pod-vape-kit-desktop-600x310.webp 600w, https:\/\/justvape.nu\/wp-content\/uploads\/2024\/02\/7-innokin-kroma-nova-pod-vape-kit-desktop-64x33.webp 64w, https:\/\/justvape.nu\/wp-content\/uploads\/2024\/02\/7-innokin-kroma-nova-pod-vape-kit-desktop-300x155.webp 300w, https:\/\/justvape.nu\/wp-content\/uploads\/2024\/02\/7-innokin-kroma-nova-pod-vape-kit-desktop-1024x530.webp 1024w, https:\/\/justvape.nu\/wp-content\/uploads\/2024\/02\/7-innokin-kroma-nova-pod-vape-kit-desktop-768x397.webp 768w\" sizes=\"auto, (max-width: 1400px) 100vw, 1400px\" \/><\/a> <a href=\"https:\/\/justvape.nu\/wp-content\/uploads\/2024\/02\/3-innokin-kroma-nova-pod-vape-kit-desktop.webp\"><img loading=\"lazy\" decoding=\"async\" class=\"alignnone size-full wp-image-673259\" src=\"https:\/\/justvape.nu\/wp-content\/uploads\/2024\/02\/3-innokin-kroma-nova-pod-vape-kit-desktop.webp\" alt=\"\" width=\"1400\" height=\"585\" title=\"\" srcset=\"https:\/\/justvape.nu\/wp-content\/uploads\/2024\/02\/3-innokin-kroma-nova-pod-vape-kit-desktop.webp 1400w, https:\/\/justvape.nu\/wp-content\/uploads\/2024\/02\/3-innokin-kroma-nova-pod-vape-kit-desktop-600x251.webp 600w, https:\/\/justvape.nu\/wp-content\/uploads\/2024\/02\/3-innokin-kroma-nova-pod-vape-kit-desktop-64x27.webp 64w, https:\/\/justvape.nu\/wp-content\/uploads\/2024\/02\/3-innokin-kroma-nova-pod-vape-kit-desktop-300x125.webp 300w, https:\/\/justvape.nu\/wp-content\/uploads\/2024\/02\/3-innokin-kroma-nova-pod-vape-kit-desktop-1024x428.webp 1024w, https:\/\/justvape.nu\/wp-content\/uploads\/2024\/02\/3-innokin-kroma-nova-pod-vape-kit-desktop-768x321.webp 768w\" sizes=\"auto, (max-width: 1400px) 100vw, 1400px\" \/><\/a><\/p>\n<p>&nbsp;<\/p>\n<p><a href=\"https:\/\/justvape.nu\/wp-content\/uploads\/2018\/05\/Packing-List.png\"><img loading=\"lazy\" decoding=\"async\" class=\"alignnone size-full wp-image-18995\" src=\"https:\/\/justvape.nu\/wp-content\/uploads\/2018\/05\/Packing-List.png\" alt=\"\" width=\"950\" height=\"64\" title=\"\" srcset=\"https:\/\/justvape.nu\/wp-content\/uploads\/2018\/05\/Packing-List.png 950w, https:\/\/justvape.nu\/wp-content\/uploads\/2018\/05\/Packing-List-555x37.png 555w, https:\/\/justvape.nu\/wp-content\/uploads\/2018\/05\/Packing-List-64x4.png 64w, https:\/\/justvape.nu\/wp-content\/uploads\/2018\/05\/Packing-List-300x20.png 300w, https:\/\/justvape.nu\/wp-content\/uploads\/2018\/05\/Packing-List-768x52.png 768w\" sizes=\"auto, (max-width: 950px) 100vw, 950px\" \/><\/a><\/p>\n<ul>\n<li>1 x Batterie Kroma Nova 3000 mAh<\/li>\n<li>1 x Kroma Nova Pod<\/li>\n<li>1 x PZP 1.0\u03a9 bobine pr\u00e9install\u00e9e<\/li>\n<li>1 x PZP 0.4\u03a9 Bobine de rechange<\/li>\n<li>1 x RDL Embout (MTL pr\u00e9install\u00e9)<\/li>\n<li>1 x C\u00e2ble de charge USB de type C<\/li>\n<li>Guide de d\u00e9marrage rapide<\/li>\n<li>Livret d&rsquo;avertissement<\/li>\n<\/ul>\n<p>&nbsp;<\/p>\n","protected":false},"excerpt":{"rendered":"<p>INNOKIN &#8211; KROMA NOVA KIT<\/p>\n","protected":false},"featured_media":673277,"comment_status":"open","ping_status":"closed","template":"","meta":{"_acf_changed":false,"_uag_custom_page_level_css":"","site-sidebar-layout":"default","site-content-layout":"","ast-site-content-layout":"default","site-content-style":"default","site-sidebar-style":"default","ast-global-header-display":"","ast-banner-title-visibility":"","ast-main-header-display":"","ast-hfb-above-header-display":"","ast-hfb-below-header-display":"","ast-hfb-mobile-header-display":"","site-post-title":"","ast-breadcrumbs-content":"","ast-featured-img":"","footer-sml-layout":"","ast-disable-related-posts":"","theme-transparent-header-meta":"default","adv-header-id-meta":"","stick-header-meta":"","header-above-stick-meta":"","header-main-stick-meta":"","header-below-stick-meta":"","astra-migrate-meta-layouts":"default","ast-page-background-enabled":"default","ast-page-background-meta":{"desktop":{"background-color":"","background-image":"","background-repeat":"repeat","background-position":"center center","background-size":"auto","background-attachment":"scroll","background-type":"","background-media":"","overlay-type":"","overlay-color":"","overlay-opacity":"","overlay-gradient":""},"tablet":{"background-color":"","background-image":"","background-repeat":"repeat","background-position":"center center","background-size":"auto","background-attachment":"scroll","background-type":"","background-media":"","overlay-type":"","overlay-color":"","overlay-opacity":"","overlay-gradient":""},"mobile":{"background-color":"","background-image":"","background-repeat":"repeat","background-position":"center center","background-size":"auto","background-attachment":"scroll","background-type":"","background-media":"","overlay-type":"","overlay-color":"","overlay-opacity":"","overlay-gradient":""}},"ast-content-background-meta":{"desktop":{"background-color":"var(--ast-global-color-5)","background-image":"","background-repeat":"repeat","background-position":"center center","background-size":"auto","background-attachment":"scroll","background-type":"","background-media":"","overlay-type":"","overlay-color":"","overlay-opacity":"","overlay-gradient":""},"tablet":{"background-color":"var(--ast-global-color-5)","background-image":"","background-repeat":"repeat","background-position":"center center","background-size":"auto","background-attachment":"scroll","background-type":"","background-media":"","overlay-type":"","overlay-color":"","overlay-opacity":"","overlay-gradient":""},"mobile":{"background-color":"var(--ast-global-color-5)","background-image":"","background-repeat":"repeat","background-position":"center center","background-size":"auto","background-attachment":"scroll","background-type":"","background-media":"","overlay-type":"","overlay-color":"","overlay-opacity":"","overlay-gradient":""}}},"product_brand":[],"product_cat":[2066,2508,2536,2076,1863,2509],"product_tag":[],"class_list":{"0":"post-673415","1":"product","2":"type-product","3":"status-publish","4":"has-post-thumbnail","6":"product_cat-e-cigarettes-fr","7":"product_cat-hardware-fr","8":"product_cat-innokin-fr","9":"product_cat-kits-et-pod-pour-debutants","10":"product_cat-new-products-fr","11":"product_cat-shop-by-brand-fr","12":"desktop-align-center","13":"tablet-align-center","14":"mobile-align-center","15":"ast-product-gallery-layout-horizontal-slider","16":"ast-product-single-variable","17":"ast-product-tabs-layout-horizontal","19":"first","20":"instock","21":"sale","22":"taxable","23":"shipping-taxable","24":"purchasable","25":"product-type-variable"},"acf":[],"uagb_featured_image_src":{"full":["https:\/\/justvape.nu\/wp-content\/uploads\/2024\/02\/JQI8tzeR.jpeg",600,600,false],"thumbnail":["https:\/\/justvape.nu\/wp-content\/uploads\/2024\/02\/JQI8tzeR-150x150.jpeg",150,150,true],"medium":["https:\/\/justvape.nu\/wp-content\/uploads\/2024\/02\/JQI8tzeR-300x300.jpeg",300,300,true],"medium_large":["https:\/\/justvape.nu\/wp-content\/uploads\/2024\/02\/JQI8tzeR.jpeg",600,600,false],"large":["https:\/\/justvape.nu\/wp-content\/uploads\/2024\/02\/JQI8tzeR.jpeg",600,600,false],"1536x1536":["https:\/\/justvape.nu\/wp-content\/uploads\/2024\/02\/JQI8tzeR.jpeg",600,600,false],"2048x2048":["https:\/\/justvape.nu\/wp-content\/uploads\/2024\/02\/JQI8tzeR.jpeg",600,600,false],"woocommerce_thumbnail":["https:\/\/justvape.nu\/wp-content\/uploads\/2024\/02\/JQI8tzeR-300x300.jpeg",300,300,true],"woocommerce_single":["https:\/\/justvape.nu\/wp-content\/uploads\/2024\/02\/JQI8tzeR.jpeg",600,600,false],"woocommerce_gallery_thumbnail":["https:\/\/justvape.nu\/wp-content\/uploads\/2024\/02\/JQI8tzeR-100x100.jpeg",100,100,true],"dgwt-wcas-product-suggestion":["https:\/\/justvape.nu\/wp-content\/uploads\/2024\/02\/JQI8tzeR-64x64.jpeg",64,64,true]},"uagb_author_info":{"display_name":"Kenneth Merkur","author_link":"https:\/\/justvape.nu\/fr\/author\/"},"uagb_comment_info":0,"uagb_excerpt":"INNOKIN - KROMA NOVA KIT","_links":{"self":[{"href":"https:\/\/justvape.nu\/fr\/wp-json\/wp\/v2\/product\/673415","targetHints":{"allow":["GET"]}}],"collection":[{"href":"https:\/\/justvape.nu\/fr\/wp-json\/wp\/v2\/product"}],"about":[{"href":"https:\/\/justvape.nu\/fr\/wp-json\/wp\/v2\/types\/product"}],"replies":[{"embeddable":true,"href":"https:\/\/justvape.nu\/fr\/wp-json\/wp\/v2\/comments?post=673415"}],"wp:featuredmedia":[{"embeddable":true,"href":"https:\/\/justvape.nu\/fr\/wp-json\/wp\/v2\/media\/673277"}],"wp:attachment":[{"href":"https:\/\/justvape.nu\/fr\/wp-json\/wp\/v2\/media?parent=673415"}],"wp:term":[{"taxonomy":"product_brand","embeddable":true,"href":"https:\/\/justvape.nu\/fr\/wp-json\/wp\/v2\/product_brand?post=673415"},{"taxonomy":"product_cat","embeddable":true,"href":"https:\/\/justvape.nu\/fr\/wp-json\/wp\/v2\/product_cat?post=673415"},{"taxonomy":"product_tag","embeddable":true,"href":"https:\/\/justvape.nu\/fr\/wp-json\/wp\/v2\/product_tag?post=673415"}],"curies":[{"name":"wp","href":"https:\/\/api.w.org\/{rel}","templated":true}]}}