{"id":673401,"date":"2024-02-16T11:09:04","date_gmt":"2024-02-16T10:09:04","guid":{"rendered":"https:\/\/justvape.nu\/produkt\/innokin-kroma-nova-replacement-pod\/"},"modified":"2024-02-16T11:09:04","modified_gmt":"2024-02-16T10:09:04","slug":"innokin-kroma-nova-replacement-pod","status":"publish","type":"product","link":"https:\/\/justvape.nu\/fr\/produkt\/innokin-kroma-nova-replacement-pod\/","title":{"rendered":"INNOKIN &#8211; KROMA NOVA REPLACEMENT POD"},"content":{"rendered":"<h2>INNOKIN &#8211; KROMA NOVA REPLACEMENT POD<\/h2>\n<p>Con\u00e7ue pour \u00eatre utilis\u00e9e avec le kit Kroma-Nova, la dosette de remplacement vide Innokin Kroma Nova a une capacit\u00e9 de 2 ml d&rsquo;e-liquide. Le remplissage est un jeu d&rsquo;enfant gr\u00e2ce \u00e0 l&rsquo;orifice de remplissage sup\u00e9rieur coulissant, con\u00e7u pour minimiser les risques de fuite. Ces cosses sont dot\u00e9es d&rsquo;une connexion magn\u00e9tique pratique, qui permet de les retirer et de les installer sans effort. Compatibles avec les coils PZP, ces pods conviennent aux styles de vapotage bouche \u00e0 poumon (MTL), restreint direct \u00e0 poumon (RDL) et direct \u00e0 poumon (DTL). Profitez d&rsquo;une exp\u00e9rience de vapotage fluide et polyvalente gr\u00e2ce \u00e0 ces dosettes de remplacement con\u00e7ues \u00e0 dessein.<\/p>\n<ul>\n<li>Capacit\u00e9 e-liquide de 2 ml<\/li>\n<li>Remplissage coulissant par le haut<\/li>\n<li>Connexion magn\u00e9tique<\/li>\n<li>MTL, RDL et DTL<\/li>\n<li>Paquet de 1<\/li>\n<li><strong>Bobines non incluses<\/strong><\/li>\n<\/ul>\n","protected":false},"excerpt":{"rendered":"<p>INNOKIN &#8211; KROMA NOVA REPLACEMENT POD<\/p>\n","protected":false},"featured_media":673203,"comment_status":"open","ping_status":"closed","template":"","meta":{"_acf_changed":false,"_uag_custom_page_level_css":"","site-sidebar-layout":"default","site-content-layout":"","ast-site-content-layout":"default","site-content-style":"default","site-sidebar-style":"default","ast-global-header-display":"","ast-banner-title-visibility":"","ast-main-header-display":"","ast-hfb-above-header-display":"","ast-hfb-below-header-display":"","ast-hfb-mobile-header-display":"","site-post-title":"","ast-breadcrumbs-content":"","ast-featured-img":"","footer-sml-layout":"","ast-disable-related-posts":"","theme-transparent-header-meta":"default","adv-header-id-meta":"","stick-header-meta":"","header-above-stick-meta":"","header-main-stick-meta":"","header-below-stick-meta":"","astra-migrate-meta-layouts":"default","ast-page-background-enabled":"default","ast-page-background-meta":{"desktop":{"background-color":"","background-image":"","background-repeat":"repeat","background-position":"center center","background-size":"auto","background-attachment":"scroll","background-type":"","background-media":"","overlay-type":"","overlay-color":"","overlay-opacity":"","overlay-gradient":""},"tablet":{"background-color":"","background-image":"","background-repeat":"repeat","background-position":"center center","background-size":"auto","background-attachment":"scroll","background-type":"","background-media":"","overlay-type":"","overlay-color":"","overlay-opacity":"","overlay-gradient":""},"mobile":{"background-color":"","background-image":"","background-repeat":"repeat","background-position":"center center","background-size":"auto","background-attachment":"scroll","background-type":"","background-media":"","overlay-type":"","overlay-color":"","overlay-opacity":"","overlay-gradient":""}},"ast-content-background-meta":{"desktop":{"background-color":"var(--ast-global-color-5)","background-image":"","background-repeat":"repeat","background-position":"center center","background-size":"auto","background-attachment":"scroll","background-type":"","background-media":"","overlay-type":"","overlay-color":"","overlay-opacity":"","overlay-gradient":""},"tablet":{"background-color":"var(--ast-global-color-5)","background-image":"","background-repeat":"repeat","background-position":"center center","background-size":"auto","background-attachment":"scroll","background-type":"","background-media":"","overlay-type":"","overlay-color":"","overlay-opacity":"","overlay-gradient":""},"mobile":{"background-color":"var(--ast-global-color-5)","background-image":"","background-repeat":"repeat","background-position":"center center","background-size":"auto","background-attachment":"scroll","background-type":"","background-media":"","overlay-type":"","overlay-color":"","overlay-opacity":"","overlay-gradient":""}}},"product_brand":[],"product_cat":[2056,1863,1976],"product_tag":[],"class_list":{"0":"post-673401","1":"product","2":"type-product","3":"status-publish","4":"has-post-thumbnail","6":"product_cat-bobines-pods","7":"product_cat-new-products-fr","8":"product_cat-reservoirs-et-bobines","9":"desktop-align-center","10":"tablet-align-center","11":"mobile-align-center","12":"ast-product-gallery-layout-horizontal-slider","13":"ast-product-gallery-with-no-image","14":"ast-product-tabs-layout-horizontal","16":"first","17":"instock","18":"sale","19":"taxable","20":"shipping-taxable","21":"purchasable","22":"product-type-simple"},"acf":[],"uagb_featured_image_src":{"full":["https:\/\/justvape.nu\/wp-content\/uploads\/2024\/02\/3214718816.webp",1000,1000,false],"thumbnail":["https:\/\/justvape.nu\/wp-content\/uploads\/2024\/02\/3214718816-150x150.webp",150,150,true],"medium":["https:\/\/justvape.nu\/wp-content\/uploads\/2024\/02\/3214718816-300x300.webp",300,300,true],"medium_large":["https:\/\/justvape.nu\/wp-content\/uploads\/2024\/02\/3214718816-768x768.webp",768,768,true],"large":["https:\/\/justvape.nu\/wp-content\/uploads\/2024\/02\/3214718816.webp",1000,1000,false],"1536x1536":["https:\/\/justvape.nu\/wp-content\/uploads\/2024\/02\/3214718816.webp",1000,1000,false],"2048x2048":["https:\/\/justvape.nu\/wp-content\/uploads\/2024\/02\/3214718816.webp",1000,1000,false],"woocommerce_thumbnail":["https:\/\/justvape.nu\/wp-content\/uploads\/2024\/02\/3214718816-300x300.webp",300,300,true],"woocommerce_single":["https:\/\/justvape.nu\/wp-content\/uploads\/2024\/02\/3214718816-600x600.webp",600,600,true],"woocommerce_gallery_thumbnail":["https:\/\/justvape.nu\/wp-content\/uploads\/2024\/02\/3214718816-100x100.webp",100,100,true],"dgwt-wcas-product-suggestion":["https:\/\/justvape.nu\/wp-content\/uploads\/2024\/02\/3214718816-64x64.webp",64,64,true]},"uagb_author_info":{"display_name":"Kenneth Merkur","author_link":"https:\/\/justvape.nu\/fr\/author\/"},"uagb_comment_info":0,"uagb_excerpt":"INNOKIN - KROMA NOVA REPLACEMENT POD","_links":{"self":[{"href":"https:\/\/justvape.nu\/fr\/wp-json\/wp\/v2\/product\/673401","targetHints":{"allow":["GET"]}}],"collection":[{"href":"https:\/\/justvape.nu\/fr\/wp-json\/wp\/v2\/product"}],"about":[{"href":"https:\/\/justvape.nu\/fr\/wp-json\/wp\/v2\/types\/product"}],"replies":[{"embeddable":true,"href":"https:\/\/justvape.nu\/fr\/wp-json\/wp\/v2\/comments?post=673401"}],"wp:featuredmedia":[{"embeddable":true,"href":"https:\/\/justvape.nu\/fr\/wp-json\/wp\/v2\/media\/673203"}],"wp:attachment":[{"href":"https:\/\/justvape.nu\/fr\/wp-json\/wp\/v2\/media?parent=673401"}],"wp:term":[{"taxonomy":"product_brand","embeddable":true,"href":"https:\/\/justvape.nu\/fr\/wp-json\/wp\/v2\/product_brand?post=673401"},{"taxonomy":"product_cat","embeddable":true,"href":"https:\/\/justvape.nu\/fr\/wp-json\/wp\/v2\/product_cat?post=673401"},{"taxonomy":"product_tag","embeddable":true,"href":"https:\/\/justvape.nu\/fr\/wp-json\/wp\/v2\/product_tag?post=673401"}],"curies":[{"name":"wp","href":"https:\/\/api.w.org\/{rel}","templated":true}]}}