{"id":672019,"date":"2024-02-08T10:16:58","date_gmt":"2024-02-08T09:16:58","guid":{"rendered":"https:\/\/justvape.nu\/produkt\/uwell-crown-x-pod\/"},"modified":"2024-02-08T10:16:58","modified_gmt":"2024-02-08T09:16:58","slug":"uwell-crown-x-pod","status":"publish","type":"product","link":"https:\/\/justvape.nu\/fr\/produkt\/uwell-crown-x-pod\/","title":{"rendered":"UWELL &#8211; CROWN X POD"},"content":{"rendered":"<h2>UWELL &#8211; CROWN X POD<\/h2>\n<p>Am\u00e9liorez votre exp\u00e9rience de vapotage avec le kit de vapotage Uwell Crown X Pod, un appareil de pointe con\u00e7u pour les vapoteurs qui exigent qualit\u00e9, performance et style. Ce kit est le dernier n\u00e9 de la c\u00e9l\u00e8bre s\u00e9rie Crown, connue pour sa qualit\u00e9 de fabrication exceptionnelle et ses caract\u00e9ristiques innovantes.<\/p>\n<p>Le kit de vaporisation Uwell Crown X Pod se distingue par son design \u00e9l\u00e9gant, qui incarne la sophistication et la durabilit\u00e9. L&rsquo;appareil est dot\u00e9 d&rsquo;un \u00e9cran cristallin, offrant une navigation ais\u00e9e gr\u00e2ce \u00e0 son interface conviviale. Avec ses r\u00e9glages de puissance et de flux d&rsquo;air, le Crown X s&rsquo;adresse \u00e0 la fois aux vapoteurs directs (DTL) et aux vapoteurs bouche-poumon (MTL), offrant ainsi une exp\u00e9rience de vapotage polyvalente.<\/p>\n<p>Le Crown X Pod est dot\u00e9 d&rsquo;un m\u00e9canisme de remplissage par le haut, ce qui facilite les recharges et \u00e9limine le probl\u00e8me des fuites. Le kit comprend deux bobines, con\u00e7ues pour offrir une saveur in\u00e9gal\u00e9e \u00e0 votre jus de vape et une excellente production de vapeur, pour que chaque bouff\u00e9e soit une exp\u00e9rience d\u00e9licieuse.<\/p>\n<p><a href=\"https:\/\/justvape.nu\/wp-content\/uploads\/2021\/06\/Specifications1.png\"><img loading=\"lazy\" decoding=\"async\" class=\"alignnone size-full wp-image-390997\" src=\"https:\/\/justvape.nu\/wp-content\/uploads\/2021\/06\/Specifications1.png\" alt=\"\" width=\"950\" height=\"64\" title=\"\" srcset=\"https:\/\/justvape.nu\/wp-content\/uploads\/2021\/06\/Specifications1.png 950w, https:\/\/justvape.nu\/wp-content\/uploads\/2021\/06\/Specifications1-600x40.png 600w, https:\/\/justvape.nu\/wp-content\/uploads\/2021\/06\/Specifications1-64x4.png 64w, https:\/\/justvape.nu\/wp-content\/uploads\/2021\/06\/Specifications1-300x20.png 300w, https:\/\/justvape.nu\/wp-content\/uploads\/2021\/06\/Specifications1-768x52.png 768w\" sizes=\"auto, (max-width: 950px) 100vw, 950px\" \/><\/a><\/p>\n<ul>\n<li><strong>Dimensions :<\/strong> Conception compacte et ergonomique pour une manipulation confortable.<\/li>\n<li><strong>Batterie :<\/strong> Batterie haute capacit\u00e9 int\u00e9gr\u00e9e de 1500mAh pour des sessions de vapotage prolong\u00e9es.<\/li>\n<li><strong>Capacit\u00e9 des dosettes :<\/strong> Capacit\u00e9 g\u00e9n\u00e9reuse de dosettes, permettant de r\u00e9duire le nombre de recharges et d&rsquo;accro\u00eetre la commodit\u00e9 d&rsquo;utilisation.<\/li>\n<li><strong>Compatibilit\u00e9 avec les coils :<\/strong> Utilise les bobines Crown X d&rsquo;Uwell, garantissant une saveur riche et une production de vapeur dense.<\/li>\n<li><strong>Plage de puissance :<\/strong> Puissance r\u00e9glable pour s&rsquo;adapter \u00e0 vos pr\u00e9f\u00e9rences en mati\u00e8re de vapotage.<\/li>\n<li><strong>M\u00e9canisme de remplissage :<\/strong> Syst\u00e8me pratique de remplissage par le haut pour des recharges faciles et sans d\u00e9g\u00e2ts.<\/li>\n<li><strong>Flux d&rsquo;air :<\/strong> Syst\u00e8me d&rsquo;\u00e9coulement d&rsquo;air r\u00e9glable pour ajuster votre exp\u00e9rience de vapotage.<\/li>\n<\/ul>\n<p><a href=\"https:\/\/justvape.nu\/wp-content\/uploads\/2018\/05\/Packing-List.png\"><img loading=\"lazy\" decoding=\"async\" class=\"alignnone size-full wp-image-248468\" src=\"https:\/\/justvape.nu\/wp-content\/uploads\/2018\/05\/Packing-List.png\" alt=\"\" width=\"950\" height=\"64\" title=\"\" srcset=\"https:\/\/justvape.nu\/wp-content\/uploads\/2018\/05\/Packing-List.png 950w, https:\/\/justvape.nu\/wp-content\/uploads\/2018\/05\/Packing-List-600x40.png 600w, https:\/\/justvape.nu\/wp-content\/uploads\/2018\/05\/Packing-List-64x4.png 64w, https:\/\/justvape.nu\/wp-content\/uploads\/2018\/05\/Packing-List-300x20.png 300w, https:\/\/justvape.nu\/wp-content\/uploads\/2018\/05\/Packing-List-768x52.png 768w\" sizes=\"auto, (max-width: 950px) 100vw, 950px\" \/><\/a><\/p>\n<ul>\n<li>Uwell Crown X Device<\/li>\n<li>Couronne X Pod<\/li>\n<li>Coil de rechange 0.6ohm Uwell Crown X<\/li>\n<li>C\u00e2ble de chargement USB<\/li>\n<li>Manuel de l&rsquo;Utilisateur<\/li>\n<\/ul>\n","protected":false},"excerpt":{"rendered":"<p>UWELL &#8211; CROWN X POD<\/p>\n","protected":false},"featured_media":671771,"comment_status":"open","ping_status":"closed","template":"","meta":{"_acf_changed":false,"_uag_custom_page_level_css":"","site-sidebar-layout":"default","site-content-layout":"","ast-site-content-layout":"default","site-content-style":"default","site-sidebar-style":"default","ast-global-header-display":"","ast-banner-title-visibility":"","ast-main-header-display":"","ast-hfb-above-header-display":"","ast-hfb-below-header-display":"","ast-hfb-mobile-header-display":"","site-post-title":"","ast-breadcrumbs-content":"","ast-featured-img":"","footer-sml-layout":"","ast-disable-related-posts":"","theme-transparent-header-meta":"default","adv-header-id-meta":"","stick-header-meta":"default","header-above-stick-meta":"","header-main-stick-meta":"","header-below-stick-meta":"","astra-migrate-meta-layouts":"default","ast-page-background-enabled":"default","ast-page-background-meta":{"desktop":{"background-color":"","background-image":"","background-repeat":"repeat","background-position":"center center","background-size":"auto","background-attachment":"scroll","background-type":"","background-media":"","overlay-type":"","overlay-color":"","overlay-opacity":"","overlay-gradient":""},"tablet":{"background-color":"","background-image":"","background-repeat":"repeat","background-position":"center center","background-size":"auto","background-attachment":"scroll","background-type":"","background-media":"","overlay-type":"","overlay-color":"","overlay-opacity":"","overlay-gradient":""},"mobile":{"background-color":"","background-image":"","background-repeat":"repeat","background-position":"center center","background-size":"auto","background-attachment":"scroll","background-type":"","background-media":"","overlay-type":"","overlay-color":"","overlay-opacity":"","overlay-gradient":""}},"ast-content-background-meta":{"desktop":{"background-color":"var(--ast-global-color-5)","background-image":"","background-repeat":"repeat","background-position":"center center","background-size":"auto","background-attachment":"scroll","background-type":"","background-media":"","overlay-type":"","overlay-color":"","overlay-opacity":"","overlay-gradient":""},"tablet":{"background-color":"var(--ast-global-color-5)","background-image":"","background-repeat":"repeat","background-position":"center center","background-size":"auto","background-attachment":"scroll","background-type":"","background-media":"","overlay-type":"","overlay-color":"","overlay-opacity":"","overlay-gradient":""},"mobile":{"background-color":"var(--ast-global-color-5)","background-image":"","background-repeat":"repeat","background-position":"center center","background-size":"auto","background-attachment":"scroll","background-type":"","background-media":"","overlay-type":"","overlay-color":"","overlay-opacity":"","overlay-gradient":""}}},"product_brand":[],"product_cat":[2066,2508,2076,1863,2509,3428],"product_tag":[],"class_list":{"0":"post-672019","1":"product","2":"type-product","3":"status-publish","4":"has-post-thumbnail","6":"product_cat-e-cigarettes-fr","7":"product_cat-hardware-fr","8":"product_cat-kits-et-pod-pour-debutants","9":"product_cat-new-products-fr","10":"product_cat-shop-by-brand-fr","11":"product_cat-uwell-fr-2","12":"desktop-align-center","13":"tablet-align-center","14":"mobile-align-center","15":"ast-product-gallery-layout-horizontal-slider","16":"ast-product-single-variable","17":"ast-product-tabs-layout-horizontal","19":"first","20":"instock","21":"sale","22":"taxable","23":"shipping-taxable","24":"purchasable","25":"product-type-variable"},"acf":[],"uagb_featured_image_src":{"full":["https:\/\/justvape.nu\/wp-content\/uploads\/2024\/02\/MCeENGh4.jpeg",600,600,false],"thumbnail":["https:\/\/justvape.nu\/wp-content\/uploads\/2024\/02\/MCeENGh4-150x150.jpeg",150,150,true],"medium":["https:\/\/justvape.nu\/wp-content\/uploads\/2024\/02\/MCeENGh4-300x300.jpeg",300,300,true],"medium_large":["https:\/\/justvape.nu\/wp-content\/uploads\/2024\/02\/MCeENGh4.jpeg",600,600,false],"large":["https:\/\/justvape.nu\/wp-content\/uploads\/2024\/02\/MCeENGh4.jpeg",600,600,false],"1536x1536":["https:\/\/justvape.nu\/wp-content\/uploads\/2024\/02\/MCeENGh4.jpeg",600,600,false],"2048x2048":["https:\/\/justvape.nu\/wp-content\/uploads\/2024\/02\/MCeENGh4.jpeg",600,600,false],"woocommerce_thumbnail":["https:\/\/justvape.nu\/wp-content\/uploads\/2024\/02\/MCeENGh4-300x300.jpeg",300,300,true],"woocommerce_single":["https:\/\/justvape.nu\/wp-content\/uploads\/2024\/02\/MCeENGh4.jpeg",600,600,false],"woocommerce_gallery_thumbnail":["https:\/\/justvape.nu\/wp-content\/uploads\/2024\/02\/MCeENGh4-100x100.jpeg",100,100,true],"dgwt-wcas-product-suggestion":["https:\/\/justvape.nu\/wp-content\/uploads\/2024\/02\/MCeENGh4-64x64.jpeg",64,64,true]},"uagb_author_info":{"display_name":"Kenneth Merkur","author_link":"https:\/\/justvape.nu\/fr\/author\/"},"uagb_comment_info":0,"uagb_excerpt":"UWELL - CROWN X POD","_links":{"self":[{"href":"https:\/\/justvape.nu\/fr\/wp-json\/wp\/v2\/product\/672019","targetHints":{"allow":["GET"]}}],"collection":[{"href":"https:\/\/justvape.nu\/fr\/wp-json\/wp\/v2\/product"}],"about":[{"href":"https:\/\/justvape.nu\/fr\/wp-json\/wp\/v2\/types\/product"}],"replies":[{"embeddable":true,"href":"https:\/\/justvape.nu\/fr\/wp-json\/wp\/v2\/comments?post=672019"}],"wp:featuredmedia":[{"embeddable":true,"href":"https:\/\/justvape.nu\/fr\/wp-json\/wp\/v2\/media\/671771"}],"wp:attachment":[{"href":"https:\/\/justvape.nu\/fr\/wp-json\/wp\/v2\/media?parent=672019"}],"wp:term":[{"taxonomy":"product_brand","embeddable":true,"href":"https:\/\/justvape.nu\/fr\/wp-json\/wp\/v2\/product_brand?post=672019"},{"taxonomy":"product_cat","embeddable":true,"href":"https:\/\/justvape.nu\/fr\/wp-json\/wp\/v2\/product_cat?post=672019"},{"taxonomy":"product_tag","embeddable":true,"href":"https:\/\/justvape.nu\/fr\/wp-json\/wp\/v2\/product_tag?post=672019"}],"curies":[{"name":"wp","href":"https:\/\/api.w.org\/{rel}","templated":true}]}}