{"id":670523,"date":"2024-02-04T11:36:59","date_gmt":"2024-02-04T10:36:59","guid":{"rendered":"https:\/\/justvape.nu\/produkt\/aspire-veynom-ex-kit\/"},"modified":"2024-02-05T12:17:46","modified_gmt":"2024-02-05T11:17:46","slug":"aspire-veynom-ex-kit","status":"publish","type":"product","link":"https:\/\/justvape.nu\/fr\/produkt\/aspire-veynom-ex-kit\/","title":{"rendered":"ASPIRE &#8211; VEYNOM EX KIT"},"content":{"rendered":"<h2>ASPIRE &#8211; VEYNOM EX KIT<\/h2>\n<p>D\u00e9couvrez le summum de la perfection en mati\u00e8re de vapotage avec le Veynom EX. Cet appareil, con\u00e7u par des experts, combine harmonieusement un design classique et une technologie de pointe, avec un \u00e9clairage personnalisable, des modes de vapotage polyvalents, des fonctions de s\u00e9curit\u00e9 haut de gamme et des mat\u00e9riaux luxueux. Choisissez parmi trois sources d&rsquo;alimentation &#8211; batteries externes 18650, 20700 ou 21700 &#8211; pour vous adapter \u00e0 votre style. De plus, gr\u00e2ce \u00e0 la charge rapide Type-C 2A, votre Veynom retrouvera sa pleine puissance en un rien de temps.<\/p>\n<p><a href=\"https:\/\/justvape.nu\/wp-content\/uploads\/2018\/05\/Color-Schemes.png\"><img loading=\"lazy\" decoding=\"async\" class=\"alignnone size-full wp-image-19187\" src=\"https:\/\/justvape.nu\/wp-content\/uploads\/2018\/05\/Color-Schemes.png\" alt=\"\" width=\"950\" height=\"64\" title=\"\" srcset=\"https:\/\/justvape.nu\/wp-content\/uploads\/2018\/05\/Color-Schemes.png 950w, https:\/\/justvape.nu\/wp-content\/uploads\/2018\/05\/Color-Schemes-555x37.png 555w, https:\/\/justvape.nu\/wp-content\/uploads\/2018\/05\/Color-Schemes-64x4.png 64w, https:\/\/justvape.nu\/wp-content\/uploads\/2018\/05\/Color-Schemes-300x20.png 300w, https:\/\/justvape.nu\/wp-content\/uploads\/2018\/05\/Color-Schemes-768x52.png 768w\" sizes=\"auto, (max-width: 950px) 100vw, 950px\" \/><\/a><\/p>\n<p><a href=\"https:\/\/justvape.nu\/wp-content\/uploads\/2024\/02\/kit-pod-veynom-ex-100w-aspire-1-e1707042689622.jpg\"><img loading=\"lazy\" decoding=\"async\" class=\"alignnone wp-image-670432\" src=\"https:\/\/justvape.nu\/wp-content\/uploads\/2024\/02\/kit-pod-veynom-ex-100w-aspire-1-e1707042689622.jpg\" alt=\"\" width=\"939\" height=\"509\" title=\"\" srcset=\"https:\/\/justvape.nu\/wp-content\/uploads\/2024\/02\/kit-pod-veynom-ex-100w-aspire-1-e1707042689622.jpg 646w, https:\/\/justvape.nu\/wp-content\/uploads\/2024\/02\/kit-pod-veynom-ex-100w-aspire-1-e1707042689622-600x325.jpg 600w, https:\/\/justvape.nu\/wp-content\/uploads\/2024\/02\/kit-pod-veynom-ex-100w-aspire-1-e1707042689622-64x35.jpg 64w, https:\/\/justvape.nu\/wp-content\/uploads\/2024\/02\/kit-pod-veynom-ex-100w-aspire-1-e1707042689622-300x163.jpg 300w\" sizes=\"auto, (max-width: 939px) 100vw, 939px\" \/><\/a><\/p>\n<h3 class=\"fusion-responsive-typography-calculated\" data-fontsize=\"18\" data-lineheight=\"21.6px\"><a href=\"https:\/\/justvape.nu\/wp-content\/uploads\/2021\/06\/Specifications1.png\"><img loading=\"lazy\" decoding=\"async\" class=\"alignnone size-full wp-image-390997\" src=\"https:\/\/justvape.nu\/wp-content\/uploads\/2021\/06\/Specifications1.png\" alt=\"\" width=\"950\" height=\"64\" title=\"\" srcset=\"https:\/\/justvape.nu\/wp-content\/uploads\/2021\/06\/Specifications1.png 950w, https:\/\/justvape.nu\/wp-content\/uploads\/2021\/06\/Specifications1-600x40.png 600w, https:\/\/justvape.nu\/wp-content\/uploads\/2021\/06\/Specifications1-64x4.png 64w, https:\/\/justvape.nu\/wp-content\/uploads\/2021\/06\/Specifications1-300x20.png 300w, https:\/\/justvape.nu\/wp-content\/uploads\/2021\/06\/Specifications1-768x52.png 768w\" sizes=\"auto, (max-width: 950px) 100vw, 950px\" \/><\/a><\/h3>\n<ul>\n<li>Compatibilit\u00e9 avec les piles : 18650\/20700\/21700 (non incluses)<\/li>\n<li>Modes de sortie : Auto, puissance\/tension variable, d\u00e9rivation, contr\u00f4le de la temp\u00e9rature, courbe de puissance<\/li>\n<li>Puissance de sortie : 1 &#8211; 100W<\/li>\n<li>\u00c9cran : 0.96\u2033 TFT Couleur<\/li>\n<li>Chargement : Type-C int\u00e9gr\u00e9, 2A (les batteries externes peuvent \u00eatre charg\u00e9es avec un chargeur externe)<\/li>\n<li>Dimensions : 138.5 * 29 * 35.5mm<\/li>\n<li>Poids : 172g<\/li>\n<li>Capacit\u00e9 du pod : 2ml<\/li>\n<li>Remplissage d&rsquo;e-liquide : Remplissage par le haut \u00e0 l&rsquo;aide d&rsquo;une vis<\/li>\n<li>Flux d&rsquo;air : Tourner la cosse pour ajuster le d\u00e9bit d&rsquo;air<\/li>\n<li>Compatibilit\u00e9 avec les bobines : Aspire BP Series<\/li>\n<\/ul>\n<h2 class=\"fusion-responsive-typography-calculated\" data-fontsize=\"35\" data-lineheight=\"42px\"><a href=\"https:\/\/justvape.nu\/wp-content\/uploads\/2018\/05\/Features.png\"><img loading=\"lazy\" decoding=\"async\" class=\"alignnone size-full wp-image-248458\" src=\"https:\/\/justvape.nu\/wp-content\/uploads\/2018\/05\/Features.png\" alt=\"\" width=\"950\" height=\"64\" title=\"\" srcset=\"https:\/\/justvape.nu\/wp-content\/uploads\/2018\/05\/Features.png 950w, https:\/\/justvape.nu\/wp-content\/uploads\/2018\/05\/Features-600x40.png 600w, https:\/\/justvape.nu\/wp-content\/uploads\/2018\/05\/Features-64x4.png 64w, https:\/\/justvape.nu\/wp-content\/uploads\/2018\/05\/Features-300x20.png 300w, https:\/\/justvape.nu\/wp-content\/uploads\/2018\/05\/Features-768x52.png 768w\" sizes=\"auto, (max-width: 950px) 100vw, 950px\" \/><\/a><\/h2>\n<ul>\n<li>8 couleurs au choix<\/li>\n<li>Flux d&rsquo;air r\u00e9glable<\/li>\n<li>Conception de la dosette anti-fuite \u00e0 remplissage par le haut<\/li>\n<li>Mat\u00e9riaux de haute qualit\u00e9<\/li>\n<li>6 effets de lumi\u00e8re<\/li>\n<li>Compatible avec 3 tailles de piles<\/li>\n<li>Modes MTL\/DTL\/RDL disponibles<\/li>\n<\/ul>\n<p><a href=\"https:\/\/justvape.nu\/wp-content\/uploads\/2018\/05\/Packing-List.png\"><img loading=\"lazy\" decoding=\"async\" class=\"alignnone size-full wp-image-248468\" src=\"https:\/\/justvape.nu\/wp-content\/uploads\/2018\/05\/Packing-List.png\" alt=\"\" width=\"950\" height=\"64\" title=\"\" srcset=\"https:\/\/justvape.nu\/wp-content\/uploads\/2018\/05\/Packing-List.png 950w, https:\/\/justvape.nu\/wp-content\/uploads\/2018\/05\/Packing-List-600x40.png 600w, https:\/\/justvape.nu\/wp-content\/uploads\/2018\/05\/Packing-List-64x4.png 64w, https:\/\/justvape.nu\/wp-content\/uploads\/2018\/05\/Packing-List-300x20.png 300w, https:\/\/justvape.nu\/wp-content\/uploads\/2018\/05\/Packing-List-768x52.png 768w\" sizes=\"auto, (max-width: 950px) 100vw, 950px\" \/><\/a><\/p>\n<ul>\n<li>1 x Dispositif Aspire Veynom EX<\/li>\n<li>1 x Aaspire Veynom Pod 2ml<\/li>\n<li>1 x Aspire BP 0.15\u03a9 Coil<\/li>\n<li>1 x Aspire BP 0.3\u03a9 COIL<\/li>\n<li>1 x Adaptateur de batterie<\/li>\n<li>1 x manuel de l&rsquo;utilisateur<\/li>\n<li>1 x C\u00e2ble de charge USBC-C<\/li>\n<\/ul>\n","protected":false},"excerpt":{"rendered":"<p>ASPIRE &#8211; VEYNOM EX KIT<\/p>\n","protected":false},"featured_media":670442,"comment_status":"open","ping_status":"closed","template":"","meta":{"_acf_changed":false,"_uag_custom_page_level_css":"","site-sidebar-layout":"default","site-content-layout":"","ast-site-content-layout":"default","site-content-style":"default","site-sidebar-style":"default","ast-global-header-display":"","ast-banner-title-visibility":"","ast-main-header-display":"","ast-hfb-above-header-display":"","ast-hfb-below-header-display":"","ast-hfb-mobile-header-display":"","site-post-title":"","ast-breadcrumbs-content":"","ast-featured-img":"","footer-sml-layout":"","ast-disable-related-posts":"","theme-transparent-header-meta":"default","adv-header-id-meta":"","stick-header-meta":"default","header-above-stick-meta":"","header-main-stick-meta":"","header-below-stick-meta":"","astra-migrate-meta-layouts":"default","ast-page-background-enabled":"default","ast-page-background-meta":{"desktop":{"background-color":"","background-image":"","background-repeat":"repeat","background-position":"center center","background-size":"auto","background-attachment":"scroll","background-type":"","background-media":"","overlay-type":"","overlay-color":"","overlay-opacity":"","overlay-gradient":""},"tablet":{"background-color":"","background-image":"","background-repeat":"repeat","background-position":"center center","background-size":"auto","background-attachment":"scroll","background-type":"","background-media":"","overlay-type":"","overlay-color":"","overlay-opacity":"","overlay-gradient":""},"mobile":{"background-color":"","background-image":"","background-repeat":"repeat","background-position":"center center","background-size":"auto","background-attachment":"scroll","background-type":"","background-media":"","overlay-type":"","overlay-color":"","overlay-opacity":"","overlay-gradient":""}},"ast-content-background-meta":{"desktop":{"background-color":"var(--ast-global-color-5)","background-image":"","background-repeat":"repeat","background-position":"center center","background-size":"auto","background-attachment":"scroll","background-type":"","background-media":"","overlay-type":"","overlay-color":"","overlay-opacity":"","overlay-gradient":""},"tablet":{"background-color":"var(--ast-global-color-5)","background-image":"","background-repeat":"repeat","background-position":"center center","background-size":"auto","background-attachment":"scroll","background-type":"","background-media":"","overlay-type":"","overlay-color":"","overlay-opacity":"","overlay-gradient":""},"mobile":{"background-color":"var(--ast-global-color-5)","background-image":"","background-repeat":"repeat","background-position":"center center","background-size":"auto","background-attachment":"scroll","background-type":"","background-media":"","overlay-type":"","overlay-color":"","overlay-opacity":"","overlay-gradient":""}}},"product_brand":[],"product_cat":[3189,2066,2508,2139,1863,2509],"product_tag":[],"class_list":{"0":"post-670523","1":"product","2":"type-product","3":"status-publish","4":"has-post-thumbnail","6":"product_cat-aspirer","7":"product_cat-e-cigarettes-fr","8":"product_cat-hardware-fr","9":"product_cat-kits-sous-ohms","10":"product_cat-new-products-fr","11":"product_cat-shop-by-brand-fr","12":"desktop-align-center","13":"tablet-align-center","14":"mobile-align-center","15":"ast-product-gallery-layout-horizontal-slider","16":"ast-product-gallery-with-no-image","17":"ast-product-single-variable","18":"ast-product-tabs-layout-horizontal","20":"first","21":"instock","22":"sale","23":"featured","24":"taxable","25":"shipping-taxable","26":"purchasable","27":"product-type-variable"},"acf":[],"uagb_featured_image_src":{"full":["https:\/\/justvape.nu\/wp-content\/uploads\/2024\/02\/VEYNOM-EX-KIT-COMPLETO-ASPIRE.jpg",800,800,false],"thumbnail":["https:\/\/justvape.nu\/wp-content\/uploads\/2024\/02\/VEYNOM-EX-KIT-COMPLETO-ASPIRE-150x150.jpg",150,150,true],"medium":["https:\/\/justvape.nu\/wp-content\/uploads\/2024\/02\/VEYNOM-EX-KIT-COMPLETO-ASPIRE-300x300.jpg",300,300,true],"medium_large":["https:\/\/justvape.nu\/wp-content\/uploads\/2024\/02\/VEYNOM-EX-KIT-COMPLETO-ASPIRE-768x768.jpg",768,768,true],"large":["https:\/\/justvape.nu\/wp-content\/uploads\/2024\/02\/VEYNOM-EX-KIT-COMPLETO-ASPIRE.jpg",800,800,false],"1536x1536":["https:\/\/justvape.nu\/wp-content\/uploads\/2024\/02\/VEYNOM-EX-KIT-COMPLETO-ASPIRE.jpg",800,800,false],"2048x2048":["https:\/\/justvape.nu\/wp-content\/uploads\/2024\/02\/VEYNOM-EX-KIT-COMPLETO-ASPIRE.jpg",800,800,false],"woocommerce_thumbnail":["https:\/\/justvape.nu\/wp-content\/uploads\/2024\/02\/VEYNOM-EX-KIT-COMPLETO-ASPIRE-300x300.jpg",300,300,true],"woocommerce_single":["https:\/\/justvape.nu\/wp-content\/uploads\/2024\/02\/VEYNOM-EX-KIT-COMPLETO-ASPIRE-600x600.jpg",600,600,true],"woocommerce_gallery_thumbnail":["https:\/\/justvape.nu\/wp-content\/uploads\/2024\/02\/VEYNOM-EX-KIT-COMPLETO-ASPIRE-100x100.jpg",100,100,true],"dgwt-wcas-product-suggestion":["https:\/\/justvape.nu\/wp-content\/uploads\/2024\/02\/VEYNOM-EX-KIT-COMPLETO-ASPIRE-64x64.jpg",64,64,true]},"uagb_author_info":{"display_name":"Kenneth Merkur","author_link":"https:\/\/justvape.nu\/fr\/author\/"},"uagb_comment_info":0,"uagb_excerpt":"ASPIRE - VEYNOM EX KIT","_links":{"self":[{"href":"https:\/\/justvape.nu\/fr\/wp-json\/wp\/v2\/product\/670523","targetHints":{"allow":["GET"]}}],"collection":[{"href":"https:\/\/justvape.nu\/fr\/wp-json\/wp\/v2\/product"}],"about":[{"href":"https:\/\/justvape.nu\/fr\/wp-json\/wp\/v2\/types\/product"}],"replies":[{"embeddable":true,"href":"https:\/\/justvape.nu\/fr\/wp-json\/wp\/v2\/comments?post=670523"}],"wp:featuredmedia":[{"embeddable":true,"href":"https:\/\/justvape.nu\/fr\/wp-json\/wp\/v2\/media\/670442"}],"wp:attachment":[{"href":"https:\/\/justvape.nu\/fr\/wp-json\/wp\/v2\/media?parent=670523"}],"wp:term":[{"taxonomy":"product_brand","embeddable":true,"href":"https:\/\/justvape.nu\/fr\/wp-json\/wp\/v2\/product_brand?post=670523"},{"taxonomy":"product_cat","embeddable":true,"href":"https:\/\/justvape.nu\/fr\/wp-json\/wp\/v2\/product_cat?post=670523"},{"taxonomy":"product_tag","embeddable":true,"href":"https:\/\/justvape.nu\/fr\/wp-json\/wp\/v2\/product_tag?post=670523"}],"curies":[{"name":"wp","href":"https:\/\/api.w.org\/{rel}","templated":true}]}}