{"id":668444,"date":"2024-01-31T11:19:25","date_gmt":"2024-01-31T10:19:25","guid":{"rendered":"https:\/\/justvape.nu\/produkt\/innokin-klypse-mecha-kit\/"},"modified":"2024-02-05T12:23:06","modified_gmt":"2024-02-05T11:23:06","slug":"innokin-klypse-mecha-kit","status":"publish","type":"product","link":"https:\/\/justvape.nu\/fr\/produkt\/innokin-klypse-mecha-kit\/","title":{"rendered":"INNOKIN &#8211; KLYPSE MECHA KIT"},"content":{"rendered":"<h2>INNOKIN &#8211; KLYPSE MECHA KIT<\/h2>\n<p>Le kit Klypse Mecha est fabriqu\u00e9 \u00e0 partir d&rsquo;un alliage de zinc de premi\u00e8re qualit\u00e9 pour une utilisation durable. Il est \u00e9quip\u00e9 d&rsquo;une batterie int\u00e9gr\u00e9e de 900mAh avec charge Type-C pour vous apporter un vapotage de longue dur\u00e9e. Dot\u00e9 d&rsquo;une interface utilisateur puissante et d&rsquo;un contr\u00f4le intelligent de la puissance, il permet une utilisation pratique et s\u00fbre. L&rsquo;indicateur OLED vous indique l&rsquo;\u00e9tat de la batterie de mani\u00e8re intuitive. Klypse Mecha permet \u00e9galement d&rsquo;ajuster la puissance pour obtenir l&rsquo;intensit\u00e9 d\u00e9sir\u00e9e et le d\u00e9bit d&rsquo;air pour obtenir une aspiration parfaite. Il est compatible avec toutes les cartouches Klypse Pod. Il suffit de l&rsquo;obtenir.<\/p>\n<p><a href=\"https:\/\/justvape.nu\/wp-content\/uploads\/2018\/05\/Color-Schemes.png\"><img loading=\"lazy\" decoding=\"async\" class=\"alignnone size-full wp-image-19187\" src=\"https:\/\/justvape.nu\/wp-content\/uploads\/2018\/05\/Color-Schemes.png\" alt=\"\" width=\"950\" height=\"64\" title=\"\" srcset=\"https:\/\/justvape.nu\/wp-content\/uploads\/2018\/05\/Color-Schemes.png 950w, https:\/\/justvape.nu\/wp-content\/uploads\/2018\/05\/Color-Schemes-555x37.png 555w, https:\/\/justvape.nu\/wp-content\/uploads\/2018\/05\/Color-Schemes-64x4.png 64w, https:\/\/justvape.nu\/wp-content\/uploads\/2018\/05\/Color-Schemes-300x20.png 300w, https:\/\/justvape.nu\/wp-content\/uploads\/2018\/05\/Color-Schemes-768x52.png 768w\" sizes=\"auto, (max-width: 950px) 100vw, 950px\" \/><\/a><\/p>\n<p class=\"description-img-center\"><a href=\"https:\/\/justvape.nu\/wp-content\/uploads\/2024\/01\/klypsemecha-colours-new.jpg\"><img loading=\"lazy\" decoding=\"async\" class=\"alignnone wp-image-668171\" src=\"https:\/\/justvape.nu\/wp-content\/uploads\/2024\/01\/klypsemecha-colours-new.jpg\" alt=\"\" width=\"894\" height=\"894\" title=\"\"><\/a><\/p>\n<div class=\"shop-features \">\n<h2 class=\"shop-features-title \"><a href=\"https:\/\/justvape.nu\/wp-content\/uploads\/2021\/06\/Specifications1.png\"><img loading=\"lazy\" decoding=\"async\" class=\"alignnone size-full wp-image-390997\" src=\"https:\/\/justvape.nu\/wp-content\/uploads\/2021\/06\/Specifications1.png\" alt=\"\" width=\"950\" height=\"64\" title=\"\" srcset=\"https:\/\/justvape.nu\/wp-content\/uploads\/2021\/06\/Specifications1.png 950w, https:\/\/justvape.nu\/wp-content\/uploads\/2021\/06\/Specifications1-600x40.png 600w, https:\/\/justvape.nu\/wp-content\/uploads\/2021\/06\/Specifications1-64x4.png 64w, https:\/\/justvape.nu\/wp-content\/uploads\/2021\/06\/Specifications1-300x20.png 300w, https:\/\/justvape.nu\/wp-content\/uploads\/2021\/06\/Specifications1-768x52.png 768w\" sizes=\"auto, (max-width: 950px) 100vw, 950px\" \/><\/a><\/h2>\n<\/div>\n<table class=\"description-table\">\n<tbody>\n<tr>\n<td class=\"strong-title \">Marque<\/td>\n<td class=\"inline\">Innokin<\/td>\n<\/tr>\n<tr>\n<td class=\"strong-title \">Nom du produit<\/td>\n<td class=\"inline\">Kit Klypse Mecha Pod<\/td>\n<\/tr>\n<tr>\n<td class=\"strong-title \">Capacit\u00e9 de la batterie<\/td>\n<td class=\"inline\">Batterie int\u00e9gr\u00e9e de 900mAh<\/td>\n<\/tr>\n<tr>\n<td class=\"strong-title \">Chargement<\/td>\n<td class=\"inline\">Type-C<\/td>\n<\/tr>\n<tr>\n<td class=\"strong-title \">Gamme de puissance<\/td>\n<td class=\"inline\">0,6\u03a9 : 6,0W-18W<br \/>\n0,8\u03a9 : 6-14W<br \/>\n1.2\u03a9 : 6-11W<br \/>\n1.7\u03a9 : 6-8W<\/td>\n<\/tr>\n<tr>\n<td class=\"strong-title \">Tension minimale\/maximale<\/td>\n<td class=\"inline\">1.0~4.5V<\/td>\n<\/tr>\n<tr>\n<td class=\"strong-title \">Courant de sortie maximal<\/td>\n<td class=\"inline\">5.5A<\/td>\n<\/tr>\n<tr>\n<td class=\"strong-title \">Heure limite d&rsquo;inscription<\/td>\n<td class=\"inline\">3-10S<\/td>\n<\/tr>\n<tr>\n<td class=\"strong-title \">Gamme de r\u00e9sistance<\/td>\n<td class=\"inline\">0,6\u03a9~3,5\u03a9<\/td>\n<\/tr>\n<tr>\n<td class=\"strong-title \">En forme pour<\/td>\n<td class=\"inline\">tous les Klypse Pod<\/td>\n<\/tr>\n<tr>\n<td class=\"strong-title \">Capacit\u00e9<\/td>\n<td class=\"inline\">2ml<\/td>\n<\/tr>\n<tr>\n<td class=\"strong-title \">Remplissage<\/td>\n<td class=\"inline\">Remplissage lat\u00e9ral<\/td>\n<\/tr>\n<tr>\n<td class=\"strong-title \">Couleur<\/td>\n<td class=\"inline\">Encre Moonshadow, Stardust Silver, Gold Glow, <span style=\"font-size: 16px; font-family: inherit;\"><br \/>\n  <span style=\"font-size: 16px; font-family: inherit;\">Bleu saphir, Rouge cramoisi, <\/span><br \/>\n<\/span>Fusion arc-en-ciel<\/td>\n<\/tr>\n<\/tbody>\n<\/table>\n<div class=\"shop-features \">\n<h2 class=\"shop-features-title \"><a href=\"https:\/\/justvape.nu\/wp-content\/uploads\/2018\/05\/Features.png\"><img loading=\"lazy\" decoding=\"async\" class=\"alignnone size-full wp-image-248458\" src=\"https:\/\/justvape.nu\/wp-content\/uploads\/2018\/05\/Features.png\" alt=\"\" width=\"950\" height=\"64\" title=\"\" srcset=\"https:\/\/justvape.nu\/wp-content\/uploads\/2018\/05\/Features.png 950w, https:\/\/justvape.nu\/wp-content\/uploads\/2018\/05\/Features-600x40.png 600w, https:\/\/justvape.nu\/wp-content\/uploads\/2018\/05\/Features-64x4.png 64w, https:\/\/justvape.nu\/wp-content\/uploads\/2018\/05\/Features-300x20.png 300w, https:\/\/justvape.nu\/wp-content\/uploads\/2018\/05\/Features-768x52.png 768w\" sizes=\"auto, (max-width: 950px) 100vw, 950px\" \/><\/a><\/h2>\n<\/div>\n<ul>\n<li>1. En alliage de zinc de premi\u00e8re qualit\u00e9<\/li>\n<li>2. Adopte la puissante interface utilisateur Innokin 2.0<\/li>\n<li>3. Compatible avec tous les Klypse Pods<\/li>\n<li>4. Capacit\u00e9 de 2 ml, remplissage lat\u00e9ral facile<\/li>\n<li>5. Aliment\u00e9 par une batterie int\u00e9gr\u00e9e de 900mAh<\/li>\n<li>6. Contr\u00f4le intelligent de la puissance pour une meilleure combustion<\/li>\n<li>7. D\u00e9bit d&rsquo;air\/wattage r\u00e9glable<\/li>\n<li>8. Indicateurs de batterie OLED<\/li>\n<\/ul>\n<div class=\"shop-features \">\n<h2 class=\"shop-features-title \"><a href=\"https:\/\/justvape.nu\/wp-content\/uploads\/2018\/05\/Packing-List.png\"><img loading=\"lazy\" decoding=\"async\" class=\"alignnone size-full wp-image-248468\" src=\"https:\/\/justvape.nu\/wp-content\/uploads\/2018\/05\/Packing-List.png\" alt=\"\" width=\"950\" height=\"64\" title=\"\" srcset=\"https:\/\/justvape.nu\/wp-content\/uploads\/2018\/05\/Packing-List.png 950w, https:\/\/justvape.nu\/wp-content\/uploads\/2018\/05\/Packing-List-600x40.png 600w, https:\/\/justvape.nu\/wp-content\/uploads\/2018\/05\/Packing-List-64x4.png 64w, https:\/\/justvape.nu\/wp-content\/uploads\/2018\/05\/Packing-List-300x20.png 300w, https:\/\/justvape.nu\/wp-content\/uploads\/2018\/05\/Packing-List-768x52.png 768w\" sizes=\"auto, (max-width: 950px) 100vw, 950px\" \/><\/a><\/h2>\n<\/div>\n<p>1* Klypse Mecha Mod (900mAh)<br \/>\n1* Klypse RDL Pod (2ml\/0.6\u03a9 coil install\u00e9)<br \/>\n1* Pod Klypse de rechange (2ml\/1.2\u03a9 coil install\u00e9)<br \/>\n1* C\u00e2ble de chargement Type-C<br \/>\n1* Guide de d\u00e9marrage rapide<\/p>\n","protected":false},"excerpt":{"rendered":"<p>INNOKIN &#8211; KLYPSE MECHA KIT<\/p>\n","protected":false},"featured_media":668173,"comment_status":"open","ping_status":"closed","template":"","meta":{"_acf_changed":false,"_uag_custom_page_level_css":"","site-sidebar-layout":"default","site-content-layout":"","ast-site-content-layout":"default","site-content-style":"default","site-sidebar-style":"default","ast-global-header-display":"","ast-banner-title-visibility":"","ast-main-header-display":"","ast-hfb-above-header-display":"","ast-hfb-below-header-display":"","ast-hfb-mobile-header-display":"","site-post-title":"","ast-breadcrumbs-content":"","ast-featured-img":"","footer-sml-layout":"","ast-disable-related-posts":"","theme-transparent-header-meta":"default","adv-header-id-meta":"","stick-header-meta":"default","header-above-stick-meta":"","header-main-stick-meta":"","header-below-stick-meta":"","astra-migrate-meta-layouts":"default","ast-page-background-enabled":"default","ast-page-background-meta":{"desktop":{"background-color":"","background-image":"","background-repeat":"repeat","background-position":"center center","background-size":"auto","background-attachment":"scroll","background-type":"","background-media":"","overlay-type":"","overlay-color":"","overlay-opacity":"","overlay-gradient":""},"tablet":{"background-color":"","background-image":"","background-repeat":"repeat","background-position":"center center","background-size":"auto","background-attachment":"scroll","background-type":"","background-media":"","overlay-type":"","overlay-color":"","overlay-opacity":"","overlay-gradient":""},"mobile":{"background-color":"","background-image":"","background-repeat":"repeat","background-position":"center center","background-size":"auto","background-attachment":"scroll","background-type":"","background-media":"","overlay-type":"","overlay-color":"","overlay-opacity":"","overlay-gradient":""}},"ast-content-background-meta":{"desktop":{"background-color":"var(--ast-global-color-5)","background-image":"","background-repeat":"repeat","background-position":"center center","background-size":"auto","background-attachment":"scroll","background-type":"","background-media":"","overlay-type":"","overlay-color":"","overlay-opacity":"","overlay-gradient":""},"tablet":{"background-color":"var(--ast-global-color-5)","background-image":"","background-repeat":"repeat","background-position":"center center","background-size":"auto","background-attachment":"scroll","background-type":"","background-media":"","overlay-type":"","overlay-color":"","overlay-opacity":"","overlay-gradient":""},"mobile":{"background-color":"var(--ast-global-color-5)","background-image":"","background-repeat":"repeat","background-position":"center center","background-size":"auto","background-attachment":"scroll","background-type":"","background-media":"","overlay-type":"","overlay-color":"","overlay-opacity":"","overlay-gradient":""}}},"product_brand":[],"product_cat":[2066,2508,2536,2076,1863,2509],"product_tag":[],"class_list":{"0":"post-668444","1":"product","2":"type-product","3":"status-publish","4":"has-post-thumbnail","6":"product_cat-e-cigarettes-fr","7":"product_cat-hardware-fr","8":"product_cat-innokin-fr","9":"product_cat-kits-et-pod-pour-debutants","10":"product_cat-new-products-fr","11":"product_cat-shop-by-brand-fr","12":"desktop-align-center","13":"tablet-align-center","14":"mobile-align-center","15":"ast-product-gallery-layout-horizontal-slider","16":"ast-product-single-variable","17":"ast-product-tabs-layout-horizontal","19":"first","20":"instock","21":"sale","22":"featured","23":"taxable","24":"shipping-taxable","25":"purchasable","26":"product-type-variable"},"acf":[],"uagb_featured_image_src":{"full":["https:\/\/justvape.nu\/wp-content\/uploads\/2024\/01\/klypsemecha-colours-new-e1706696298599.jpg",800,800,false],"thumbnail":["https:\/\/justvape.nu\/wp-content\/uploads\/2024\/01\/klypsemecha-colours-new-150x150.jpg",150,150,true],"medium":["https:\/\/justvape.nu\/wp-content\/uploads\/2024\/01\/klypsemecha-colours-new-300x300.jpg",300,300,true],"medium_large":["https:\/\/justvape.nu\/wp-content\/uploads\/2024\/01\/klypsemecha-colours-new-768x768.jpg",768,768,true],"large":["https:\/\/justvape.nu\/wp-content\/uploads\/2024\/01\/klypsemecha-colours-new-1024x1024.jpg",1024,1024,true],"1536x1536":["https:\/\/justvape.nu\/wp-content\/uploads\/2024\/01\/klypsemecha-colours-new-e1706696298599.jpg",800,800,false],"2048x2048":["https:\/\/justvape.nu\/wp-content\/uploads\/2024\/01\/klypsemecha-colours-new-e1706696298599.jpg",800,800,false],"woocommerce_thumbnail":["https:\/\/justvape.nu\/wp-content\/uploads\/2024\/01\/klypsemecha-colours-new-e1706696298599-300x300.jpg",300,300,true],"woocommerce_single":["https:\/\/justvape.nu\/wp-content\/uploads\/2024\/01\/klypsemecha-colours-new-e1706696298599-600x600.jpg",600,600,true],"woocommerce_gallery_thumbnail":["https:\/\/justvape.nu\/wp-content\/uploads\/2024\/01\/klypsemecha-colours-new-e1706696298599-100x100.jpg",100,100,true],"dgwt-wcas-product-suggestion":["https:\/\/justvape.nu\/wp-content\/uploads\/2024\/01\/klypsemecha-colours-new-e1706696298599-64x64.jpg",64,64,true]},"uagb_author_info":{"display_name":"Kenneth Merkur","author_link":"https:\/\/justvape.nu\/fr\/author\/"},"uagb_comment_info":0,"uagb_excerpt":"INNOKIN - KLYPSE MECHA KIT","_links":{"self":[{"href":"https:\/\/justvape.nu\/fr\/wp-json\/wp\/v2\/product\/668444","targetHints":{"allow":["GET"]}}],"collection":[{"href":"https:\/\/justvape.nu\/fr\/wp-json\/wp\/v2\/product"}],"about":[{"href":"https:\/\/justvape.nu\/fr\/wp-json\/wp\/v2\/types\/product"}],"replies":[{"embeddable":true,"href":"https:\/\/justvape.nu\/fr\/wp-json\/wp\/v2\/comments?post=668444"}],"wp:featuredmedia":[{"embeddable":true,"href":"https:\/\/justvape.nu\/fr\/wp-json\/wp\/v2\/media\/668173"}],"wp:attachment":[{"href":"https:\/\/justvape.nu\/fr\/wp-json\/wp\/v2\/media?parent=668444"}],"wp:term":[{"taxonomy":"product_brand","embeddable":true,"href":"https:\/\/justvape.nu\/fr\/wp-json\/wp\/v2\/product_brand?post=668444"},{"taxonomy":"product_cat","embeddable":true,"href":"https:\/\/justvape.nu\/fr\/wp-json\/wp\/v2\/product_cat?post=668444"},{"taxonomy":"product_tag","embeddable":true,"href":"https:\/\/justvape.nu\/fr\/wp-json\/wp\/v2\/product_tag?post=668444"}],"curies":[{"name":"wp","href":"https:\/\/api.w.org\/{rel}","templated":true}]}}