{"id":665618,"date":"2024-01-20T19:34:37","date_gmt":"2024-01-20T18:34:37","guid":{"rendered":"https:\/\/justvape.nu\/produkt\/voopoo-doric-e-kit\/"},"modified":"2026-03-29T17:01:24","modified_gmt":"2026-03-29T15:01:24","slug":"voopoo-doric-e-kit","status":"publish","type":"product","link":"https:\/\/justvape.nu\/fr\/produkt\/voopoo-doric-e-kit\/","title":{"rendered":"VOOPOO &#8211; DORIC E KIT"},"content":{"rendered":"<h2>VOOPOO &#8211; DORIC E KIT<\/h2>\n<p>Le kit VooPoo Doric E pod est le choix parfait si vous cherchez quelque chose de compact mais r\u00e9sistant. Aliment\u00e9 par une batterie longue dur\u00e9e de 1500mAh et capable d&rsquo;une puissance de 5 \u00e0 25W, il peut \u00eatre utilis\u00e9 plus longtemps entre deux charges et offre une authentique vape MTL (Mouth to Lung). Compatible avec la large gamme de coils Voopoo ITO, avec un coil inclus pour commencer, vous pouvez facilement adapter la sensation de votre vape. Sa conception simple le rend id\u00e9al pour les d\u00e9butants, mais le Doric E offre suffisamment de possibilit\u00e9s de personnalisation pour satisfaire les vapoteurs exp\u00e9riment\u00e9s.<\/p>\n<p class=\"description-img-center\"><a href=\"https:\/\/justvape.nu\/wp-content\/uploads\/2018\/05\/Color-Schemes.png\"><img loading=\"lazy\" decoding=\"async\" class=\"alignnone size-full wp-image-249099\" src=\"https:\/\/justvape.nu\/wp-content\/uploads\/2018\/05\/Color-Schemes.png\" alt=\"\" width=\"950\" height=\"64\" title=\"\" srcset=\"https:\/\/justvape.nu\/wp-content\/uploads\/2018\/05\/Color-Schemes.png 950w, https:\/\/justvape.nu\/wp-content\/uploads\/2018\/05\/Color-Schemes-600x40.png 600w, https:\/\/justvape.nu\/wp-content\/uploads\/2018\/05\/Color-Schemes-64x4.png 64w, https:\/\/justvape.nu\/wp-content\/uploads\/2018\/05\/Color-Schemes-300x20.png 300w, https:\/\/justvape.nu\/wp-content\/uploads\/2018\/05\/Color-Schemes-768x52.png 768w\" sizes=\"auto, (max-width: 950px) 100vw, 950px\" \/><\/a><\/p>\n<p><a href=\"https:\/\/justvape.nu\/wp-content\/uploads\/2024\/01\/VOOPOO_Doric_E_Kit_Full_Color-1.jpg\"><img loading=\"lazy\" decoding=\"async\" class=\"alignnone wp-image-665525\" src=\"https:\/\/justvape.nu\/wp-content\/uploads\/2024\/01\/VOOPOO_Doric_E_Kit_Full_Color-1.jpg\" alt=\"\" width=\"934\" height=\"558\" title=\"\" srcset=\"https:\/\/justvape.nu\/wp-content\/uploads\/2024\/01\/VOOPOO_Doric_E_Kit_Full_Color-1.jpg 740w, https:\/\/justvape.nu\/wp-content\/uploads\/2024\/01\/VOOPOO_Doric_E_Kit_Full_Color-1-600x358.jpg 600w, https:\/\/justvape.nu\/wp-content\/uploads\/2024\/01\/VOOPOO_Doric_E_Kit_Full_Color-1-64x38.jpg 64w, https:\/\/justvape.nu\/wp-content\/uploads\/2024\/01\/VOOPOO_Doric_E_Kit_Full_Color-1-300x179.jpg 300w\" sizes=\"auto, (max-width: 934px) 100vw, 934px\" \/><\/a><\/p>\n<div class=\"shop-features \">\n<h2 class=\"shop-features-title \"><a href=\"https:\/\/justvape.nu\/wp-content\/uploads\/2018\/05\/Specifications.png\"><img loading=\"lazy\" decoding=\"async\" class=\"alignnone size-full wp-image-248448\" src=\"https:\/\/justvape.nu\/wp-content\/uploads\/2018\/05\/Specifications.png\" alt=\"\" width=\"950\" height=\"64\" title=\"\" srcset=\"https:\/\/justvape.nu\/wp-content\/uploads\/2018\/05\/Specifications.png 950w, https:\/\/justvape.nu\/wp-content\/uploads\/2018\/05\/Specifications-600x40.png 600w, https:\/\/justvape.nu\/wp-content\/uploads\/2018\/05\/Specifications-64x4.png 64w, https:\/\/justvape.nu\/wp-content\/uploads\/2018\/05\/Specifications-300x20.png 300w, https:\/\/justvape.nu\/wp-content\/uploads\/2018\/05\/Specifications-768x52.png 768w\" sizes=\"auto, (max-width: 950px) 100vw, 950px\" \/><\/a><\/h2>\n<\/div>\n<table class=\"description-table\">\n<tbody>\n<tr>\n<td class=\"strong-title \">Marque<\/td>\n<td class=\"inline\">VOOPOO<\/td>\n<\/tr>\n<tr>\n<td class=\"strong-title \">Nom du produit<\/td>\n<td class=\"inline\">Kit Doric E<\/td>\n<\/tr>\n<tr>\n<td class=\"strong-title \">Capacit\u00e9 de la batterie<\/td>\n<td class=\"inline\">Batterie int\u00e9gr\u00e9e de 1500mAh<\/td>\n<\/tr>\n<tr>\n<td class=\"strong-title \">Gamme de puissance<\/td>\n<td class=\"inline\">\u226425W<\/td>\n<\/tr>\n<tr>\n<td class=\"strong-title \">Capacit\u00e9 du pod<\/td>\n<td class=\"inline\">2ml TPD<\/td>\n<\/tr>\n<tr>\n<td class=\"strong-title \">Remplissage<\/td>\n<td class=\"inline\">Remplissage lat\u00e9ral<\/td>\n<\/tr>\n<tr>\n<td class=\"strong-title \">En forme pour<\/td>\n<td class=\"inline\">VOOPOO ITO Pod Cartridge, VOOPOO ITO-X Pod, VOOPOO ITO Coil<\/td>\n<\/tr>\n<tr>\n<td class=\"strong-title \">Mat\u00e9riau<\/td>\n<td class=\"inline\">Alliage de zinc+cuir+PCTG<\/td>\n<\/tr>\n<tr>\n<td class=\"strong-title \">Taille du produit<\/td>\n<td class=\"inline\">113,06*24,4*28,14 mm<\/td>\n<\/tr>\n<tr>\n<td class=\"strong-title \">Taille de l&#8217;emballage<\/td>\n<td class=\"inline\">131,5*58*37 mm<\/td>\n<\/tr>\n<tr>\n<td class=\"strong-title \"><\/td>\n<td class=\"inline\"><\/td>\n<\/tr>\n<tr>\n<td class=\"strong-title \">Couleur<\/td>\n<td class=\"inline\">Marron classique, noir, bleu et violet, rose, cyan, orange<\/td>\n<\/tr>\n<\/tbody>\n<\/table>\n<div class=\"shop-features \">\n<h2 class=\"shop-features-title \"><a href=\"https:\/\/justvape.nu\/wp-content\/uploads\/2018\/05\/Features.png\"><img loading=\"lazy\" decoding=\"async\" class=\"alignnone size-full wp-image-18994\" src=\"https:\/\/justvape.nu\/wp-content\/uploads\/2018\/05\/Features.png\" alt=\"\" width=\"950\" height=\"64\" title=\"\" srcset=\"https:\/\/justvape.nu\/wp-content\/uploads\/2018\/05\/Features.png 950w, https:\/\/justvape.nu\/wp-content\/uploads\/2018\/05\/Features-555x37.png 555w, https:\/\/justvape.nu\/wp-content\/uploads\/2018\/05\/Features-64x4.png 64w, https:\/\/justvape.nu\/wp-content\/uploads\/2018\/05\/Features-300x20.png 300w, https:\/\/justvape.nu\/wp-content\/uploads\/2018\/05\/Features-768x52.png 768w\" sizes=\"auto, (max-width: 950px) 100vw, 950px\" \/><\/a><\/h2>\n<\/div>\n<ul>\n<li style=\"list-style-type: none;\">\n<ul>\n<li>1. Batterie int\u00e9gr\u00e9e de 1500mAh avec une puissance maximale de 25W<\/li>\n<li>2. R\u00e9glage progressif du d\u00e9bit d&rsquo;air<\/li>\n<li>3. Indicateur LED 3 couleurs pour montrer l&rsquo;\u00e9tat de la batterie<\/li>\n<li>4. Capacit\u00e9 de 2 ml, syst\u00e8me de remplissage lat\u00e9ral facile<\/li>\n<li>5. Convient \u00e0 l&rsquo;ITO Pod, \u00e0 l&rsquo;ITO-X Pod et \u00e0 l&rsquo;ITO Coil<\/li>\n<\/ul>\n<\/li>\n<\/ul>\n<div class=\"img-show-more\">\n<div id=\"img_content_less\" class=\"img-content add-more\">\n<p class=\"description-img-center\"><a href=\"https:\/\/justvape.nu\/wp-content\/uploads\/2024\/01\/VOOPOO_Doric_E_Kit_Buttom_Anti_Skid_Design.jpg\"><img loading=\"lazy\" decoding=\"async\" class=\"alignnone size-full wp-image-665533\" src=\"https:\/\/justvape.nu\/wp-content\/uploads\/2024\/01\/VOOPOO_Doric_E_Kit_Buttom_Anti_Skid_Design.jpg\" alt=\"\" width=\"831\" height=\"484\" title=\"\" srcset=\"https:\/\/justvape.nu\/wp-content\/uploads\/2024\/01\/VOOPOO_Doric_E_Kit_Buttom_Anti_Skid_Design.jpg 831w, https:\/\/justvape.nu\/wp-content\/uploads\/2024\/01\/VOOPOO_Doric_E_Kit_Buttom_Anti_Skid_Design-600x349.jpg 600w, https:\/\/justvape.nu\/wp-content\/uploads\/2024\/01\/VOOPOO_Doric_E_Kit_Buttom_Anti_Skid_Design-64x37.jpg 64w, https:\/\/justvape.nu\/wp-content\/uploads\/2024\/01\/VOOPOO_Doric_E_Kit_Buttom_Anti_Skid_Design-300x175.jpg 300w, https:\/\/justvape.nu\/wp-content\/uploads\/2024\/01\/VOOPOO_Doric_E_Kit_Buttom_Anti_Skid_Design-768x447.jpg 768w\" sizes=\"auto, (max-width: 831px) 100vw, 831px\" \/><\/a> <a href=\"https:\/\/justvape.nu\/wp-content\/uploads\/2024\/01\/VOOPOO_Doric_E_Kit_Battery_Capacity.jpg\"><img loading=\"lazy\" decoding=\"async\" class=\"alignnone size-full wp-image-665541\" src=\"https:\/\/justvape.nu\/wp-content\/uploads\/2024\/01\/VOOPOO_Doric_E_Kit_Battery_Capacity.jpg\" alt=\"\" width=\"831\" height=\"319\" title=\"\" srcset=\"https:\/\/justvape.nu\/wp-content\/uploads\/2024\/01\/VOOPOO_Doric_E_Kit_Battery_Capacity.jpg 831w, https:\/\/justvape.nu\/wp-content\/uploads\/2024\/01\/VOOPOO_Doric_E_Kit_Battery_Capacity-600x230.jpg 600w, https:\/\/justvape.nu\/wp-content\/uploads\/2024\/01\/VOOPOO_Doric_E_Kit_Battery_Capacity-64x25.jpg 64w, https:\/\/justvape.nu\/wp-content\/uploads\/2024\/01\/VOOPOO_Doric_E_Kit_Battery_Capacity-300x115.jpg 300w, https:\/\/justvape.nu\/wp-content\/uploads\/2024\/01\/VOOPOO_Doric_E_Kit_Battery_Capacity-768x295.jpg 768w\" sizes=\"auto, (max-width: 831px) 100vw, 831px\" \/><\/a><\/p>\n<\/div>\n<p><a href=\"https:\/\/justvape.nu\/wp-content\/uploads\/2018\/05\/Packing-List.png\"><img loading=\"lazy\" decoding=\"async\" class=\"alignnone size-full wp-image-18995\" src=\"https:\/\/justvape.nu\/wp-content\/uploads\/2018\/05\/Packing-List.png\" alt=\"\" width=\"950\" height=\"64\" title=\"\" srcset=\"https:\/\/justvape.nu\/wp-content\/uploads\/2018\/05\/Packing-List.png 950w, https:\/\/justvape.nu\/wp-content\/uploads\/2018\/05\/Packing-List-555x37.png 555w, https:\/\/justvape.nu\/wp-content\/uploads\/2018\/05\/Packing-List-64x4.png 64w, https:\/\/justvape.nu\/wp-content\/uploads\/2018\/05\/Packing-List-300x20.png 300w, https:\/\/justvape.nu\/wp-content\/uploads\/2018\/05\/Packing-List-768x52.png 768w\" sizes=\"auto, (max-width: 950px) 100vw, 950px\" \/><\/a><\/div>\n<p>1* Dispositif Doric E<br \/>\n1* Pod ITO 2ml TPD<br \/>\n1* ITO-M1 (0.7\u03a9)<br \/>\n1* C\u00e2ble Type-C<br \/>\n1 * manuel de l&rsquo;utilisateur<\/p>\n","protected":false},"excerpt":{"rendered":"<p>VOOPOO &#8211; DORIC E KIT<\/p>\n","protected":false},"featured_media":667450,"comment_status":"open","ping_status":"closed","template":"","meta":{"_acf_changed":false,"_uag_custom_page_level_css":"","site-sidebar-layout":"default","site-content-layout":"","ast-site-content-layout":"default","site-content-style":"default","site-sidebar-style":"default","ast-global-header-display":"","ast-banner-title-visibility":"","ast-main-header-display":"","ast-hfb-above-header-display":"","ast-hfb-below-header-display":"","ast-hfb-mobile-header-display":"","site-post-title":"","ast-breadcrumbs-content":"","ast-featured-img":"","footer-sml-layout":"","ast-disable-related-posts":"","theme-transparent-header-meta":"default","adv-header-id-meta":"","stick-header-meta":"default","header-above-stick-meta":"","header-main-stick-meta":"","header-below-stick-meta":"","astra-migrate-meta-layouts":"default","ast-page-background-enabled":"default","ast-page-background-meta":{"desktop":{"background-color":"","background-image":"","background-repeat":"repeat","background-position":"center center","background-size":"auto","background-attachment":"scroll","background-type":"","background-media":"","overlay-type":"","overlay-color":"","overlay-opacity":"","overlay-gradient":""},"tablet":{"background-color":"","background-image":"","background-repeat":"repeat","background-position":"center center","background-size":"auto","background-attachment":"scroll","background-type":"","background-media":"","overlay-type":"","overlay-color":"","overlay-opacity":"","overlay-gradient":""},"mobile":{"background-color":"","background-image":"","background-repeat":"repeat","background-position":"center center","background-size":"auto","background-attachment":"scroll","background-type":"","background-media":"","overlay-type":"","overlay-color":"","overlay-opacity":"","overlay-gradient":""}},"ast-content-background-meta":{"desktop":{"background-color":"var(--ast-global-color-5)","background-image":"","background-repeat":"repeat","background-position":"center center","background-size":"auto","background-attachment":"scroll","background-type":"","background-media":"","overlay-type":"","overlay-color":"","overlay-opacity":"","overlay-gradient":""},"tablet":{"background-color":"var(--ast-global-color-5)","background-image":"","background-repeat":"repeat","background-position":"center center","background-size":"auto","background-attachment":"scroll","background-type":"","background-media":"","overlay-type":"","overlay-color":"","overlay-opacity":"","overlay-gradient":""},"mobile":{"background-color":"var(--ast-global-color-5)","background-image":"","background-repeat":"repeat","background-position":"center center","background-size":"auto","background-attachment":"scroll","background-type":"","background-media":"","overlay-type":"","overlay-color":"","overlay-opacity":"","overlay-gradient":""}}},"product_brand":[],"product_cat":[2066,2508,2076,1863,2509,2510],"product_tag":[],"class_list":{"0":"post-665618","1":"product","2":"type-product","3":"status-publish","4":"has-post-thumbnail","6":"product_cat-e-cigarettes-fr","7":"product_cat-hardware-fr","8":"product_cat-kits-et-pod-pour-debutants","9":"product_cat-new-products-fr","10":"product_cat-shop-by-brand-fr","11":"product_cat-voopoo-fr","12":"desktop-align-center","13":"tablet-align-center","14":"mobile-align-center","15":"ast-product-gallery-layout-horizontal-slider","16":"ast-product-single-variable","17":"ast-product-tabs-layout-horizontal","19":"first","20":"instock","21":"sale","22":"taxable","23":"shipping-taxable","24":"purchasable","25":"product-type-variable"},"acf":[],"uagb_featured_image_src":{"full":["https:\/\/justvape.nu\/wp-content\/uploads\/2024\/01\/oejZJZuO.jpeg",600,600,false],"thumbnail":["https:\/\/justvape.nu\/wp-content\/uploads\/2024\/01\/oejZJZuO-150x150.jpeg",150,150,true],"medium":["https:\/\/justvape.nu\/wp-content\/uploads\/2024\/01\/oejZJZuO-300x300.jpeg",300,300,true],"medium_large":["https:\/\/justvape.nu\/wp-content\/uploads\/2024\/01\/oejZJZuO.jpeg",600,600,false],"large":["https:\/\/justvape.nu\/wp-content\/uploads\/2024\/01\/oejZJZuO.jpeg",600,600,false],"1536x1536":["https:\/\/justvape.nu\/wp-content\/uploads\/2024\/01\/oejZJZuO.jpeg",600,600,false],"2048x2048":["https:\/\/justvape.nu\/wp-content\/uploads\/2024\/01\/oejZJZuO.jpeg",600,600,false],"woocommerce_thumbnail":["https:\/\/justvape.nu\/wp-content\/uploads\/2024\/01\/oejZJZuO-300x300.jpeg",300,300,true],"woocommerce_single":["https:\/\/justvape.nu\/wp-content\/uploads\/2024\/01\/oejZJZuO.jpeg",600,600,false],"woocommerce_gallery_thumbnail":["https:\/\/justvape.nu\/wp-content\/uploads\/2024\/01\/oejZJZuO-100x100.jpeg",100,100,true],"dgwt-wcas-product-suggestion":["https:\/\/justvape.nu\/wp-content\/uploads\/2024\/01\/oejZJZuO-64x64.jpeg",64,64,true]},"uagb_author_info":{"display_name":"Kenneth Merkur","author_link":"https:\/\/justvape.nu\/fr\/author\/"},"uagb_comment_info":0,"uagb_excerpt":"VOOPOO - DORIC E KIT","_links":{"self":[{"href":"https:\/\/justvape.nu\/fr\/wp-json\/wp\/v2\/product\/665618","targetHints":{"allow":["GET"]}}],"collection":[{"href":"https:\/\/justvape.nu\/fr\/wp-json\/wp\/v2\/product"}],"about":[{"href":"https:\/\/justvape.nu\/fr\/wp-json\/wp\/v2\/types\/product"}],"replies":[{"embeddable":true,"href":"https:\/\/justvape.nu\/fr\/wp-json\/wp\/v2\/comments?post=665618"}],"wp:featuredmedia":[{"embeddable":true,"href":"https:\/\/justvape.nu\/fr\/wp-json\/wp\/v2\/media\/667450"}],"wp:attachment":[{"href":"https:\/\/justvape.nu\/fr\/wp-json\/wp\/v2\/media?parent=665618"}],"wp:term":[{"taxonomy":"product_brand","embeddable":true,"href":"https:\/\/justvape.nu\/fr\/wp-json\/wp\/v2\/product_brand?post=665618"},{"taxonomy":"product_cat","embeddable":true,"href":"https:\/\/justvape.nu\/fr\/wp-json\/wp\/v2\/product_cat?post=665618"},{"taxonomy":"product_tag","embeddable":true,"href":"https:\/\/justvape.nu\/fr\/wp-json\/wp\/v2\/product_tag?post=665618"}],"curies":[{"name":"wp","href":"https:\/\/api.w.org\/{rel}","templated":true}]}}