{"id":661176,"date":"2023-12-20T09:59:06","date_gmt":"2023-12-20T08:59:06","guid":{"rendered":"https:\/\/justvape.nu\/produkt\/voopoo-vmate-pro\/"},"modified":"2023-12-21T14:04:28","modified_gmt":"2023-12-21T13:04:28","slug":"voopoo-vmate-pro","status":"publish","type":"product","link":"https:\/\/justvape.nu\/fr\/produkt\/voopoo-vmate-pro\/","title":{"rendered":"VOOPOO &#8211; VMATE PRO"},"content":{"rendered":"<h2>VOOPOO &#8211; VMATE PRO<\/h2>\n<p>Voopoo Vmate Pro est un dispositif de vapotage de pointe con\u00e7u pour les nouveaux vapoteurs et les utilisateurs exp\u00e9riment\u00e9s. Avec sa puissante batterie int\u00e9gr\u00e9e de 900mAh, ce kit compact assure des sessions de vapotage prolong\u00e9es, tandis que la commodit\u00e9 du chargement USB-C garantit une recharge rapide et efficace.<\/p>\n<p>Personnalisez votre exp\u00e9rience de vapotage gr\u00e2ce au contr\u00f4le de flux d&rsquo;air sans palier du Vmate Pro, qui vous permet d&rsquo;ajuster le tirage en fonction de vos pr\u00e9f\u00e9rences. Avec une puissance r\u00e9glable de 5W \u00e0 25W, ce kit pod s&rsquo;adresse aussi bien aux d\u00e9butants qu&rsquo;aux vapoteurs chevronn\u00e9s, offrant une grande polyvalence pour une exp\u00e9rience sur mesure.<\/p>\n<p>Con\u00e7u pour \u00eatre compatible, le Vmate Pro fonctionne parfaitement avec les dosettes de remplacement Vmate. Ces dosettes d&rsquo;une capacit\u00e9 de 2 ml sont dot\u00e9es d&rsquo;un syst\u00e8me de remplissage lat\u00e9ral, ce qui simplifie le processus de remplissage et minimise les temps d&rsquo;arr\u00eat. Le Vmate Pro est id\u00e9al pour les liquides \u00e0 base de sels de nicotine et offre une vape MTL satisfaisante et personnalisable.<\/p>\n<p><a href=\"https:\/\/justvape.nu\/wp-content\/uploads\/2018\/05\/Color-Schemes.png\"><img loading=\"lazy\" decoding=\"async\" class=\"alignnone size-full wp-image-19187\" src=\"https:\/\/justvape.nu\/wp-content\/uploads\/2018\/05\/Color-Schemes.png\" alt=\"\" width=\"950\" height=\"64\" title=\"\" srcset=\"https:\/\/justvape.nu\/wp-content\/uploads\/2018\/05\/Color-Schemes.png 950w, https:\/\/justvape.nu\/wp-content\/uploads\/2018\/05\/Color-Schemes-555x37.png 555w, https:\/\/justvape.nu\/wp-content\/uploads\/2018\/05\/Color-Schemes-64x4.png 64w, https:\/\/justvape.nu\/wp-content\/uploads\/2018\/05\/Color-Schemes-300x20.png 300w, https:\/\/justvape.nu\/wp-content\/uploads\/2018\/05\/Color-Schemes-768x52.png 768w\" sizes=\"auto, (max-width: 950px) 100vw, 950px\" \/><\/a><\/p>\n<p><a href=\"https:\/\/justvape.nu\/wp-content\/uploads\/2023\/12\/VOOPOO_Vmate_Pro_Kit_Full_Color.jpg\"><img loading=\"lazy\" decoding=\"async\" class=\"alignnone wp-image-661055\" src=\"https:\/\/justvape.nu\/wp-content\/uploads\/2023\/12\/VOOPOO_Vmate_Pro_Kit_Full_Color.jpg\" alt=\"\" width=\"940\" height=\"394\" title=\"\" srcset=\"https:\/\/justvape.nu\/wp-content\/uploads\/2023\/12\/VOOPOO_Vmate_Pro_Kit_Full_Color.jpg 792w, https:\/\/justvape.nu\/wp-content\/uploads\/2023\/12\/VOOPOO_Vmate_Pro_Kit_Full_Color-600x252.jpg 600w, https:\/\/justvape.nu\/wp-content\/uploads\/2023\/12\/VOOPOO_Vmate_Pro_Kit_Full_Color-64x27.jpg 64w, https:\/\/justvape.nu\/wp-content\/uploads\/2023\/12\/VOOPOO_Vmate_Pro_Kit_Full_Color-300x126.jpg 300w, https:\/\/justvape.nu\/wp-content\/uploads\/2023\/12\/VOOPOO_Vmate_Pro_Kit_Full_Color-768x322.jpg 768w\" sizes=\"auto, (max-width: 940px) 100vw, 940px\" \/><\/a><\/p>\n<div class=\"shop-features \">\n<h2 class=\"shop-features-title \"><a href=\"https:\/\/justvape.nu\/wp-content\/uploads\/2018\/05\/Specifications.png\"><img loading=\"lazy\" decoding=\"async\" class=\"alignnone size-full wp-image-248449\" src=\"https:\/\/justvape.nu\/wp-content\/uploads\/2018\/05\/Specifications.png\" alt=\"\" width=\"950\" height=\"64\" title=\"\" srcset=\"https:\/\/justvape.nu\/wp-content\/uploads\/2018\/05\/Specifications.png 950w, https:\/\/justvape.nu\/wp-content\/uploads\/2018\/05\/Specifications-600x40.png 600w, https:\/\/justvape.nu\/wp-content\/uploads\/2018\/05\/Specifications-64x4.png 64w, https:\/\/justvape.nu\/wp-content\/uploads\/2018\/05\/Specifications-300x20.png 300w, https:\/\/justvape.nu\/wp-content\/uploads\/2018\/05\/Specifications-768x52.png 768w\" sizes=\"auto, (max-width: 950px) 100vw, 950px\" \/><\/a><\/h2>\n<\/div>\n<table class=\"description-table\">\n<tbody>\n<tr>\n<td class=\"strong-title \">Marque<\/td>\n<td class=\"inline\">VOOPOO<\/td>\n<\/tr>\n<tr>\n<td class=\"strong-title \">Nom du produit<\/td>\n<td class=\"inline\">Kit Vmate Pro<\/td>\n<\/tr>\n<tr>\n<td class=\"strong-title \">Capacit\u00e9 de la batterie<\/td>\n<td class=\"inline\">Batterie int\u00e9gr\u00e9e de 900mAh<\/td>\n<\/tr>\n<tr>\n<td class=\"strong-title \">Chargement de la batterie<\/td>\n<td class=\"inline\">Type-C 5V\/2A<\/td>\n<\/tr>\n<tr>\n<td class=\"strong-title \">Puissance de sortie<\/td>\n<td class=\"inline\">5-25W<\/td>\n<\/tr>\n<tr>\n<td class=\"strong-title \">Interaction<\/td>\n<td class=\"inline\">\u00c9cran OLED de 0,69<\/td>\n<\/tr>\n<tr>\n<td class=\"strong-title \">R\u00e9sistance(Dispositif)<\/td>\n<td class=\"inline\">0,6\u03a9-3,0\u03a9<\/td>\n<\/tr>\n<tr>\n<td class=\"strong-title \">R\u00e9sistance (cartouche)<\/td>\n<td class=\"inline\">0,15\u03a9-3,0\u03a9<\/td>\n<\/tr>\n<tr>\n<td class=\"strong-title \">Capacit\u00e9<\/td>\n<td class=\"inline\">2ml TPD<\/td>\n<\/tr>\n<tr>\n<td class=\"strong-title \">Remplissage<\/td>\n<td class=\"inline\">Remplissage lat\u00e9ral<\/td>\n<\/tr>\n<tr>\n<td class=\"strong-title \">Cartouche incluse<\/td>\n<td class=\"inline\">Cartouche Vmate V2 0,7\u03a9\/1,2\u03a9<\/td>\n<\/tr>\n<tr>\n<td class=\"strong-title \">Mat\u00e9riau<\/td>\n<td class=\"inline\">Aluminium, Silicone, PCTG<\/td>\n<\/tr>\n<tr>\n<td class=\"strong-title \">Taille du produit<\/td>\n<td class=\"inline\">97*28,5*15,5mm<\/td>\n<\/tr>\n<tr>\n<td class=\"strong-title \">Taille de l&#8217;emballage<\/td>\n<td class=\"inline\">124*64*45mm<\/td>\n<\/tr>\n<tr>\n<td class=\"strong-title \"><\/td>\n<td class=\"inline\"><\/td>\n<\/tr>\n<tr>\n<td class=\"strong-title \">Couleur<\/td>\n<td class=\"inline\">Gris spatial, rouge, rose, bleu menthe, or, ros\u00e9, bleu aurore, n\u00e9on<\/td>\n<\/tr>\n<\/tbody>\n<\/table>\n<div class=\"shop-features \">\n<h2 class=\"shop-features-title \"><a href=\"https:\/\/justvape.nu\/wp-content\/uploads\/2018\/05\/Features.png\"><img loading=\"lazy\" decoding=\"async\" class=\"alignnone size-full wp-image-18994\" src=\"https:\/\/justvape.nu\/wp-content\/uploads\/2018\/05\/Features.png\" alt=\"\" width=\"950\" height=\"64\" title=\"\" srcset=\"https:\/\/justvape.nu\/wp-content\/uploads\/2018\/05\/Features.png 950w, https:\/\/justvape.nu\/wp-content\/uploads\/2018\/05\/Features-555x37.png 555w, https:\/\/justvape.nu\/wp-content\/uploads\/2018\/05\/Features-64x4.png 64w, https:\/\/justvape.nu\/wp-content\/uploads\/2018\/05\/Features-300x20.png 300w, https:\/\/justvape.nu\/wp-content\/uploads\/2018\/05\/Features-768x52.png 768w\" sizes=\"auto, (max-width: 950px) 100vw, 950px\" \/><\/a><\/h2>\n<\/div>\n<ul>\n<li style=\"list-style-type: none;\">\n<ul>\n<li>1. Cartouche Vmate V2 0,7\u03a9\/1,2\u03a9 incluse<\/li>\n<li>2. Capacit\u00e9 de 2ml TPD, syst\u00e8me de remplissage lat\u00e9ral facile<\/li>\n<li>3. Contr\u00f4le progressif de l&rsquo;\u00e9coulement de l&rsquo;air pour personnaliser l&rsquo;exp\u00e9rience de vapotage.<\/li>\n<li>4. Adopte la puce d&rsquo;arbre g\u00e9n\u00e9tique de VOOPOO<\/li>\n<li>5. Batterie int\u00e9gr\u00e9e de 900mAh avec une puissance maximale de 25W<\/li>\n<li>6. \u00c9quip\u00e9 d&rsquo;un \u00e9cran OLED de 0,69 pouces<\/li>\n<li>7. S\u00e9curit\u00e9 enfants intelligente pour un fonctionnement plus s\u00fbr<\/li>\n<li>8. Petit et l\u00e9ger, compact et puissant<\/li>\n<\/ul>\n<\/li>\n<\/ul>\n<div class=\"img-show-more\">\n<div id=\"img_content_less\" class=\"img-content add-more\">\n<p class=\"description-img-center\"> <a href=\"https:\/\/justvape.nu\/wp-content\/uploads\/2023\/12\/VOOPOO_Vmate_Pro_Kit.jpg\"><img loading=\"lazy\" decoding=\"async\" class=\"alignnone size-full wp-image-661071\" src=\"https:\/\/justvape.nu\/wp-content\/uploads\/2023\/12\/VOOPOO_Vmate_Pro_Kit.jpg\" alt=\"\" width=\"831\" height=\"444\" title=\"\" srcset=\"https:\/\/justvape.nu\/wp-content\/uploads\/2023\/12\/VOOPOO_Vmate_Pro_Kit.jpg 831w, https:\/\/justvape.nu\/wp-content\/uploads\/2023\/12\/VOOPOO_Vmate_Pro_Kit-600x321.jpg 600w, https:\/\/justvape.nu\/wp-content\/uploads\/2023\/12\/VOOPOO_Vmate_Pro_Kit-64x34.jpg 64w, https:\/\/justvape.nu\/wp-content\/uploads\/2023\/12\/VOOPOO_Vmate_Pro_Kit-300x160.jpg 300w, https:\/\/justvape.nu\/wp-content\/uploads\/2023\/12\/VOOPOO_Vmate_Pro_Kit-768x410.jpg 768w\" sizes=\"auto, (max-width: 831px) 100vw, 831px\" \/><\/a> <a href=\"https:\/\/justvape.nu\/wp-content\/uploads\/2023\/12\/VOOPOO_Vmate_Pro_Kit_Short_Description.jpg\"><img loading=\"lazy\" decoding=\"async\" class=\"alignnone size-full wp-image-661079\" src=\"https:\/\/justvape.nu\/wp-content\/uploads\/2023\/12\/VOOPOO_Vmate_Pro_Kit_Short_Description.jpg\" alt=\"\" width=\"831\" height=\"270\" title=\"\" srcset=\"https:\/\/justvape.nu\/wp-content\/uploads\/2023\/12\/VOOPOO_Vmate_Pro_Kit_Short_Description.jpg 831w, https:\/\/justvape.nu\/wp-content\/uploads\/2023\/12\/VOOPOO_Vmate_Pro_Kit_Short_Description-600x195.jpg 600w, https:\/\/justvape.nu\/wp-content\/uploads\/2023\/12\/VOOPOO_Vmate_Pro_Kit_Short_Description-64x21.jpg 64w, https:\/\/justvape.nu\/wp-content\/uploads\/2023\/12\/VOOPOO_Vmate_Pro_Kit_Short_Description-300x97.jpg 300w, https:\/\/justvape.nu\/wp-content\/uploads\/2023\/12\/VOOPOO_Vmate_Pro_Kit_Short_Description-768x250.jpg 768w\" sizes=\"auto, (max-width: 831px) 100vw, 831px\" \/><\/a><\/p>\n<p class=\"description-img-center\"><a href=\"https:\/\/justvape.nu\/wp-content\/uploads\/2018\/05\/Packing-List.png\"><img loading=\"lazy\" decoding=\"async\" class=\"alignnone size-full wp-image-18995\" src=\"https:\/\/justvape.nu\/wp-content\/uploads\/2018\/05\/Packing-List.png\" alt=\"\" width=\"950\" height=\"64\" title=\"\" srcset=\"https:\/\/justvape.nu\/wp-content\/uploads\/2018\/05\/Packing-List.png 950w, https:\/\/justvape.nu\/wp-content\/uploads\/2018\/05\/Packing-List-555x37.png 555w, https:\/\/justvape.nu\/wp-content\/uploads\/2018\/05\/Packing-List-64x4.png 64w, https:\/\/justvape.nu\/wp-content\/uploads\/2018\/05\/Packing-List-300x20.png 300w, https:\/\/justvape.nu\/wp-content\/uploads\/2018\/05\/Packing-List-768x52.png 768w\" sizes=\"auto, (max-width: 950px) 100vw, 950px\" \/><\/a><\/p>\n<\/div>\n<\/div>\n<p>1* Appareil Vmate Pro<br \/>\n1* Cartouche Vmate V2 2ml TPD 0.7\u03a9<br \/>\n1* Cartouche Vmate V2 2ml TPD 1.2\u03a9<br \/>\n1* C\u00e2ble Type-C<br \/>\n1 * manuel de l&rsquo;utilisateur<\/p>\n","protected":false},"excerpt":{"rendered":"<p>VOOPOO &#8211; VMATE PRO<\/p>\n","protected":false},"featured_media":661097,"comment_status":"open","ping_status":"closed","template":"","meta":{"_acf_changed":false,"_uag_custom_page_level_css":"","site-sidebar-layout":"default","site-content-layout":"","ast-site-content-layout":"default","site-content-style":"default","site-sidebar-style":"default","ast-global-header-display":"","ast-banner-title-visibility":"","ast-main-header-display":"","ast-hfb-above-header-display":"","ast-hfb-below-header-display":"","ast-hfb-mobile-header-display":"","site-post-title":"","ast-breadcrumbs-content":"","ast-featured-img":"","footer-sml-layout":"","ast-disable-related-posts":"","theme-transparent-header-meta":"default","adv-header-id-meta":"","stick-header-meta":"default","header-above-stick-meta":"","header-main-stick-meta":"","header-below-stick-meta":"","astra-migrate-meta-layouts":"default","ast-page-background-enabled":"default","ast-page-background-meta":{"desktop":{"background-color":"","background-image":"","background-repeat":"repeat","background-position":"center center","background-size":"auto","background-attachment":"scroll","background-type":"","background-media":"","overlay-type":"","overlay-color":"","overlay-opacity":"","overlay-gradient":""},"tablet":{"background-color":"","background-image":"","background-repeat":"repeat","background-position":"center center","background-size":"auto","background-attachment":"scroll","background-type":"","background-media":"","overlay-type":"","overlay-color":"","overlay-opacity":"","overlay-gradient":""},"mobile":{"background-color":"","background-image":"","background-repeat":"repeat","background-position":"center center","background-size":"auto","background-attachment":"scroll","background-type":"","background-media":"","overlay-type":"","overlay-color":"","overlay-opacity":"","overlay-gradient":""}},"ast-content-background-meta":{"desktop":{"background-color":"var(--ast-global-color-5)","background-image":"","background-repeat":"repeat","background-position":"center center","background-size":"auto","background-attachment":"scroll","background-type":"","background-media":"","overlay-type":"","overlay-color":"","overlay-opacity":"","overlay-gradient":""},"tablet":{"background-color":"var(--ast-global-color-5)","background-image":"","background-repeat":"repeat","background-position":"center center","background-size":"auto","background-attachment":"scroll","background-type":"","background-media":"","overlay-type":"","overlay-color":"","overlay-opacity":"","overlay-gradient":""},"mobile":{"background-color":"var(--ast-global-color-5)","background-image":"","background-repeat":"repeat","background-position":"center center","background-size":"auto","background-attachment":"scroll","background-type":"","background-media":"","overlay-type":"","overlay-color":"","overlay-opacity":"","overlay-gradient":""}}},"product_brand":[],"product_cat":[2066,2508,2076,1863,2509,2510],"product_tag":[],"class_list":{"0":"post-661176","1":"product","2":"type-product","3":"status-publish","4":"has-post-thumbnail","6":"product_cat-e-cigarettes-fr","7":"product_cat-hardware-fr","8":"product_cat-kits-et-pod-pour-debutants","9":"product_cat-new-products-fr","10":"product_cat-shop-by-brand-fr","11":"product_cat-voopoo-fr","12":"desktop-align-center","13":"tablet-align-center","14":"mobile-align-center","15":"ast-product-gallery-layout-horizontal-slider","16":"ast-product-single-variable","17":"ast-product-tabs-layout-horizontal","19":"first","20":"instock","21":"sale","22":"taxable","23":"shipping-taxable","24":"purchasable","25":"product-type-variable"},"acf":[],"uagb_featured_image_src":{"full":["https:\/\/justvape.nu\/wp-content\/uploads\/2023\/12\/NUmsc_G0.jpeg",600,600,false],"thumbnail":["https:\/\/justvape.nu\/wp-content\/uploads\/2023\/12\/NUmsc_G0-150x150.jpeg",150,150,true],"medium":["https:\/\/justvape.nu\/wp-content\/uploads\/2023\/12\/NUmsc_G0-300x300.jpeg",300,300,true],"medium_large":["https:\/\/justvape.nu\/wp-content\/uploads\/2023\/12\/NUmsc_G0.jpeg",600,600,false],"large":["https:\/\/justvape.nu\/wp-content\/uploads\/2023\/12\/NUmsc_G0.jpeg",600,600,false],"1536x1536":["https:\/\/justvape.nu\/wp-content\/uploads\/2023\/12\/NUmsc_G0.jpeg",600,600,false],"2048x2048":["https:\/\/justvape.nu\/wp-content\/uploads\/2023\/12\/NUmsc_G0.jpeg",600,600,false],"woocommerce_thumbnail":["https:\/\/justvape.nu\/wp-content\/uploads\/2023\/12\/NUmsc_G0-300x300.jpeg",300,300,true],"woocommerce_single":["https:\/\/justvape.nu\/wp-content\/uploads\/2023\/12\/NUmsc_G0.jpeg",600,600,false],"woocommerce_gallery_thumbnail":["https:\/\/justvape.nu\/wp-content\/uploads\/2023\/12\/NUmsc_G0-100x100.jpeg",100,100,true],"dgwt-wcas-product-suggestion":["https:\/\/justvape.nu\/wp-content\/uploads\/2023\/12\/NUmsc_G0-64x64.jpeg",64,64,true]},"uagb_author_info":{"display_name":"Kenneth Merkur","author_link":"https:\/\/justvape.nu\/fr\/author\/"},"uagb_comment_info":0,"uagb_excerpt":"VOOPOO - VMATE PRO","_links":{"self":[{"href":"https:\/\/justvape.nu\/fr\/wp-json\/wp\/v2\/product\/661176","targetHints":{"allow":["GET"]}}],"collection":[{"href":"https:\/\/justvape.nu\/fr\/wp-json\/wp\/v2\/product"}],"about":[{"href":"https:\/\/justvape.nu\/fr\/wp-json\/wp\/v2\/types\/product"}],"replies":[{"embeddable":true,"href":"https:\/\/justvape.nu\/fr\/wp-json\/wp\/v2\/comments?post=661176"}],"wp:featuredmedia":[{"embeddable":true,"href":"https:\/\/justvape.nu\/fr\/wp-json\/wp\/v2\/media\/661097"}],"wp:attachment":[{"href":"https:\/\/justvape.nu\/fr\/wp-json\/wp\/v2\/media?parent=661176"}],"wp:term":[{"taxonomy":"product_brand","embeddable":true,"href":"https:\/\/justvape.nu\/fr\/wp-json\/wp\/v2\/product_brand?post=661176"},{"taxonomy":"product_cat","embeddable":true,"href":"https:\/\/justvape.nu\/fr\/wp-json\/wp\/v2\/product_cat?post=661176"},{"taxonomy":"product_tag","embeddable":true,"href":"https:\/\/justvape.nu\/fr\/wp-json\/wp\/v2\/product_tag?post=661176"}],"curies":[{"name":"wp","href":"https:\/\/api.w.org\/{rel}","templated":true}]}}