{"id":658197,"date":"2023-12-13T19:35:34","date_gmt":"2023-12-13T18:35:34","guid":{"rendered":"https:\/\/justvape.nu\/produkt\/oxva-xlim-se-2-kit\/"},"modified":"2023-12-14T10:01:16","modified_gmt":"2023-12-14T09:01:16","slug":"oxva-xlim-se-2-kit","status":"publish","type":"product","link":"https:\/\/justvape.nu\/fr\/produkt\/oxva-xlim-se-2-kit\/","title":{"rendered":"OXVA &#8211; XLIM SE 2 KIT"},"content":{"rendered":"<h2>OXVA &#8211; XLIM SE 2 KIT<\/h2>\n<p>Le kit Xlim SE 2 dispose d&rsquo;une batterie am\u00e9lior\u00e9e de 1000mAh et d&rsquo;un indicateur de batterie RGB color\u00e9. Avec son design minimaliste, il ajoute non seulement une touche d&rsquo;\u00e9l\u00e9gance, mais r\u00e9duit \u00e9galement la consommation d&rsquo;\u00e9nergie et offre des performances durables. Il est dot\u00e9 d&rsquo;une puissance de sortie maximale de 30 W, et vous pouvez ajuster la puissance avec pr\u00e9cision gr\u00e2ce au bouton lat\u00e9ral de r\u00e9glage de la puissance. Le kit OXVA Xlim SE 2 est compatible avec les cartouches de la s\u00e9rie Xlim, y compris la cartouche Xlim V2, la cartouche Xlim Top Fill Version et la cartouche Xlim Prefilled. En outre, le Xlim SE 2 adopte une technologie de diffusion vocale qui permet aux personnes malvoyantes ou \u00e0 mobilit\u00e9 r\u00e9duite de recevoir sans effort des mises \u00e0 jour en temps r\u00e9el sur l&rsquo;\u00e9tat de leur appareil.<\/p>\n<p><a href=\"https:\/\/justvape.nu\/wp-content\/uploads\/2018\/05\/Color-Schemes.png\"><img loading=\"lazy\" decoding=\"async\" class=\"alignnone size-full wp-image-19187\" src=\"https:\/\/justvape.nu\/wp-content\/uploads\/2018\/05\/Color-Schemes.png\" alt=\"\" width=\"950\" height=\"64\" title=\"\" srcset=\"https:\/\/justvape.nu\/wp-content\/uploads\/2018\/05\/Color-Schemes.png 950w, https:\/\/justvape.nu\/wp-content\/uploads\/2018\/05\/Color-Schemes-555x37.png 555w, https:\/\/justvape.nu\/wp-content\/uploads\/2018\/05\/Color-Schemes-64x4.png 64w, https:\/\/justvape.nu\/wp-content\/uploads\/2018\/05\/Color-Schemes-300x20.png 300w, https:\/\/justvape.nu\/wp-content\/uploads\/2018\/05\/Color-Schemes-768x52.png 768w\" sizes=\"auto, (max-width: 950px) 100vw, 950px\" \/><\/a><\/p>\n<p class=\"description-img-center\"><a href=\"https:\/\/justvape.nu\/wp-content\/uploads\/2023\/12\/OXVA_Xlim_SE_2_Kit_Colors.jpg\"><img loading=\"lazy\" decoding=\"async\" class=\"alignnone wp-image-657823\" src=\"https:\/\/justvape.nu\/wp-content\/uploads\/2023\/12\/OXVA_Xlim_SE_2_Kit_Colors.jpg\" alt=\"\" width=\"940\" height=\"576\" title=\"\" srcset=\"https:\/\/justvape.nu\/wp-content\/uploads\/2023\/12\/OXVA_Xlim_SE_2_Kit_Colors.jpg 800w, https:\/\/justvape.nu\/wp-content\/uploads\/2023\/12\/OXVA_Xlim_SE_2_Kit_Colors-600x368.jpg 600w, https:\/\/justvape.nu\/wp-content\/uploads\/2023\/12\/OXVA_Xlim_SE_2_Kit_Colors-64x39.jpg 64w, https:\/\/justvape.nu\/wp-content\/uploads\/2023\/12\/OXVA_Xlim_SE_2_Kit_Colors-300x184.jpg 300w, https:\/\/justvape.nu\/wp-content\/uploads\/2023\/12\/OXVA_Xlim_SE_2_Kit_Colors-768x470.jpg 768w\" sizes=\"auto, (max-width: 940px) 100vw, 940px\" \/><\/a><\/p>\n<div class=\"shop-features \">\n<h2 class=\"shop-features-title \"><a href=\"https:\/\/justvape.nu\/wp-content\/uploads\/2018\/05\/Specifications.png\"><img loading=\"lazy\" decoding=\"async\" class=\"alignnone size-full wp-image-248448\" src=\"https:\/\/justvape.nu\/wp-content\/uploads\/2018\/05\/Specifications.png\" alt=\"\" width=\"950\" height=\"64\" title=\"\" srcset=\"https:\/\/justvape.nu\/wp-content\/uploads\/2018\/05\/Specifications.png 950w, https:\/\/justvape.nu\/wp-content\/uploads\/2018\/05\/Specifications-600x40.png 600w, https:\/\/justvape.nu\/wp-content\/uploads\/2018\/05\/Specifications-64x4.png 64w, https:\/\/justvape.nu\/wp-content\/uploads\/2018\/05\/Specifications-300x20.png 300w, https:\/\/justvape.nu\/wp-content\/uploads\/2018\/05\/Specifications-768x52.png 768w\" sizes=\"auto, (max-width: 950px) 100vw, 950px\" \/><\/a><\/h2>\n<\/div>\n<table class=\"description-table\">\n<tbody>\n<tr>\n<td class=\"strong-title \">Marque<\/td>\n<td class=\"inline\">OXVA<\/td>\n<\/tr>\n<tr>\n<td class=\"strong-title \">Nom du produit<\/td>\n<td class=\"inline\">Kit Xlim SE 2<\/td>\n<\/tr>\n<tr>\n<td class=\"strong-title \">Taille<\/td>\n<td class=\"inline\">24,2*14,0*112,7mm<\/td>\n<\/tr>\n<tr>\n<td class=\"strong-title \">Mat\u00e9riau<\/td>\n<td class=\"inline\">Alliage d&rsquo;aluminium + PCTG<\/td>\n<\/tr>\n<tr>\n<td class=\"strong-title \">Puissance de sortie<\/td>\n<td class=\"inline\">5-30W<\/td>\n<\/tr>\n<tr>\n<td class=\"strong-title \">Capacit\u00e9<\/td>\n<td class=\"inline\">2ml TPD<\/td>\n<\/tr>\n<tr>\n<td class=\"strong-title \">Gamme de r\u00e9sistance<\/td>\n<td class=\"inline\">0,3\u03a9-3,0\u03a9<\/td>\n<\/tr>\n<tr>\n<td class=\"strong-title \">Pods compatibles<\/td>\n<td class=\"inline\">Cartouche Xlim Top Fill (0.4\/0.6\/0.8\/1.2\u03a9)<br \/>\nCartouche Xlim V2 (0,6\/0,8\/1,2\u03a9)<\/td>\n<\/tr>\n<tr>\n<td class=\"strong-title \">Syst\u00e8me de recharge<\/td>\n<td class=\"inline\">Recharge sup\u00e9rieure<\/td>\n<\/tr>\n<tr>\n<td class=\"strong-title \">Contr\u00f4le du d\u00e9bit d&rsquo;air<\/td>\n<td class=\"inline\">C\u00f4t\u00e9 AFC<\/td>\n<\/tr>\n<tr>\n<td class=\"strong-title \">Batterie<\/td>\n<td class=\"inline\">1000mAh<\/td>\n<\/tr>\n<tr>\n<td class=\"strong-title \">Chargement<\/td>\n<td class=\"inline\">5V\/1A, Type-C<\/td>\n<\/tr>\n<tr>\n<td class=\"strong-title \">Mat\u00e9riau<\/td>\n<td class=\"inline\">Alliage d&rsquo;aluminium + PCTG<\/td>\n<\/tr>\n<tr>\n<td class=\"strong-title \">Taille de l&#8217;emballage<\/td>\n<td class=\"inline\">44*34.5*130mm(1pc)<\/td>\n<\/tr>\n<tr>\n<td class=\"strong-title \"><\/td>\n<td class=\"inline\"><\/td>\n<\/tr>\n<tr>\n<td class=\"strong-title \">Couleur<\/td>\n<td class=\"inline\">Bleu noir, bleu orange, bleu violet, gris argent\u00e9, bronze, noir<\/td>\n<\/tr>\n<\/tbody>\n<\/table>\n<div class=\"shop-features \">\n<h2 class=\"shop-features-title \"><a href=\"https:\/\/justvape.nu\/wp-content\/uploads\/2018\/05\/Features.png\"><img loading=\"lazy\" decoding=\"async\" class=\"alignnone size-full wp-image-248458\" src=\"https:\/\/justvape.nu\/wp-content\/uploads\/2018\/05\/Features.png\" alt=\"\" width=\"950\" height=\"64\" title=\"\" srcset=\"https:\/\/justvape.nu\/wp-content\/uploads\/2018\/05\/Features.png 950w, https:\/\/justvape.nu\/wp-content\/uploads\/2018\/05\/Features-600x40.png 600w, https:\/\/justvape.nu\/wp-content\/uploads\/2018\/05\/Features-64x4.png 64w, https:\/\/justvape.nu\/wp-content\/uploads\/2018\/05\/Features-300x20.png 300w, https:\/\/justvape.nu\/wp-content\/uploads\/2018\/05\/Features-768x52.png 768w\" sizes=\"auto, (max-width: 950px) 100vw, 950px\" \/><\/a><\/h2>\n<\/div>\n<ul>\n<li style=\"list-style-type: none;\">\n<ul>\n<li>1. Puissance de sortie maximale de 30 W<\/li>\n<li>2. Compatible avec les cartouches de la s\u00e9rie Xlim<\/li>\n<li>3. Capacit\u00e9 de la batterie 1000mAh<\/li>\n<li>4. Technologie de diffusion vocale<\/li>\n<li>5. Bouton de r\u00e9glage lat\u00e9ral de la puissance<\/li>\n<li>6. Indicateur de batterie RVB color\u00e9<\/li>\n<li>7. Tr\u00e8s r\u00e9sistant aux fuites<\/li>\n<\/ul>\n<\/li>\n<\/ul>\n<div class=\"img-show-more\">\n<div id=\"img_content_less\" class=\"img-content add-more\">\n<p class=\"description-img-center\"><a href=\"https:\/\/justvape.nu\/wp-content\/uploads\/2023\/12\/OXVA_Xlim_SE_2_Kit_Main_Features.jpg\"><img loading=\"lazy\" decoding=\"async\" class=\"alignnone size-full wp-image-657831\" src=\"https:\/\/justvape.nu\/wp-content\/uploads\/2023\/12\/OXVA_Xlim_SE_2_Kit_Main_Features.jpg\" alt=\"\" width=\"831\" height=\"597\" title=\"\" srcset=\"https:\/\/justvape.nu\/wp-content\/uploads\/2023\/12\/OXVA_Xlim_SE_2_Kit_Main_Features.jpg 831w, https:\/\/justvape.nu\/wp-content\/uploads\/2023\/12\/OXVA_Xlim_SE_2_Kit_Main_Features-600x431.jpg 600w, https:\/\/justvape.nu\/wp-content\/uploads\/2023\/12\/OXVA_Xlim_SE_2_Kit_Main_Features-64x46.jpg 64w, https:\/\/justvape.nu\/wp-content\/uploads\/2023\/12\/OXVA_Xlim_SE_2_Kit_Main_Features-300x216.jpg 300w, https:\/\/justvape.nu\/wp-content\/uploads\/2023\/12\/OXVA_Xlim_SE_2_Kit_Main_Features-768x552.jpg 768w\" sizes=\"auto, (max-width: 831px) 100vw, 831px\" \/><\/a> <a href=\"https:\/\/justvape.nu\/wp-content\/uploads\/2023\/12\/OXVA_Xlim_SE_2_Kit_Battery_Indicator.jpg\"><img loading=\"lazy\" decoding=\"async\" class=\"alignnone size-full wp-image-657839\" src=\"https:\/\/justvape.nu\/wp-content\/uploads\/2023\/12\/OXVA_Xlim_SE_2_Kit_Battery_Indicator.jpg\" alt=\"\" width=\"831\" height=\"486\" title=\"\" srcset=\"https:\/\/justvape.nu\/wp-content\/uploads\/2023\/12\/OXVA_Xlim_SE_2_Kit_Battery_Indicator.jpg 831w, https:\/\/justvape.nu\/wp-content\/uploads\/2023\/12\/OXVA_Xlim_SE_2_Kit_Battery_Indicator-600x351.jpg 600w, https:\/\/justvape.nu\/wp-content\/uploads\/2023\/12\/OXVA_Xlim_SE_2_Kit_Battery_Indicator-64x37.jpg 64w, https:\/\/justvape.nu\/wp-content\/uploads\/2023\/12\/OXVA_Xlim_SE_2_Kit_Battery_Indicator-300x175.jpg 300w, https:\/\/justvape.nu\/wp-content\/uploads\/2023\/12\/OXVA_Xlim_SE_2_Kit_Battery_Indicator-768x449.jpg 768w\" sizes=\"auto, (max-width: 831px) 100vw, 831px\" \/><\/a> <a href=\"https:\/\/justvape.nu\/wp-content\/uploads\/2023\/12\/OXVA_Xlim_SE_2_Kit_Compatible_Cartridges.jpg\"><img loading=\"lazy\" decoding=\"async\" class=\"alignnone size-full wp-image-657847\" src=\"https:\/\/justvape.nu\/wp-content\/uploads\/2023\/12\/OXVA_Xlim_SE_2_Kit_Compatible_Cartridges.jpg\" alt=\"\" width=\"831\" height=\"510\" title=\"\" srcset=\"https:\/\/justvape.nu\/wp-content\/uploads\/2023\/12\/OXVA_Xlim_SE_2_Kit_Compatible_Cartridges.jpg 831w, https:\/\/justvape.nu\/wp-content\/uploads\/2023\/12\/OXVA_Xlim_SE_2_Kit_Compatible_Cartridges-600x368.jpg 600w, https:\/\/justvape.nu\/wp-content\/uploads\/2023\/12\/OXVA_Xlim_SE_2_Kit_Compatible_Cartridges-64x39.jpg 64w, https:\/\/justvape.nu\/wp-content\/uploads\/2023\/12\/OXVA_Xlim_SE_2_Kit_Compatible_Cartridges-300x184.jpg 300w, https:\/\/justvape.nu\/wp-content\/uploads\/2023\/12\/OXVA_Xlim_SE_2_Kit_Compatible_Cartridges-768x471.jpg 768w\" sizes=\"auto, (max-width: 831px) 100vw, 831px\" \/><\/a><\/p>\n<p class=\"description-img-center\"><a href=\"https:\/\/justvape.nu\/wp-content\/uploads\/2018\/05\/Packing-List.png\"><img loading=\"lazy\" decoding=\"async\" class=\"alignnone size-full wp-image-18995\" src=\"https:\/\/justvape.nu\/wp-content\/uploads\/2018\/05\/Packing-List.png\" alt=\"\" width=\"950\" height=\"64\" title=\"\" srcset=\"https:\/\/justvape.nu\/wp-content\/uploads\/2018\/05\/Packing-List.png 950w, https:\/\/justvape.nu\/wp-content\/uploads\/2018\/05\/Packing-List-555x37.png 555w, https:\/\/justvape.nu\/wp-content\/uploads\/2018\/05\/Packing-List-64x4.png 64w, https:\/\/justvape.nu\/wp-content\/uploads\/2018\/05\/Packing-List-300x20.png 300w, https:\/\/justvape.nu\/wp-content\/uploads\/2018\/05\/Packing-List-768x52.png 768w\" sizes=\"auto, (max-width: 950px) 100vw, 950px\" \/><\/a><\/p>\n<\/div>\n<\/div>\n<p>1* Appareil Xlim SE 2<br \/>\n1* Cartouche de remplissage 0,6\u03a9 (pr\u00e9install\u00e9e)<br \/>\n1* Cartouche de remplissage 0,8\u03a9<br \/>\n1* C\u00e2ble Type-C<br \/>\n1 * manuel de l&rsquo;utilisateur<br \/>\n1* Lani\u00e8re<\/p>\n<p class=\"description-img-center \"><a href=\"https:\/\/justvape.nu\/wp-content\/uploads\/2023\/12\/OXVA_Xlim_SE_2_Kit_Package_List.jpg\"><img loading=\"lazy\" decoding=\"async\" class=\"alignnone size-full wp-image-657855\" src=\"https:\/\/justvape.nu\/wp-content\/uploads\/2023\/12\/OXVA_Xlim_SE_2_Kit_Package_List.jpg\" alt=\"\" width=\"831\" height=\"455\" title=\"\" srcset=\"https:\/\/justvape.nu\/wp-content\/uploads\/2023\/12\/OXVA_Xlim_SE_2_Kit_Package_List.jpg 831w, https:\/\/justvape.nu\/wp-content\/uploads\/2023\/12\/OXVA_Xlim_SE_2_Kit_Package_List-600x329.jpg 600w, https:\/\/justvape.nu\/wp-content\/uploads\/2023\/12\/OXVA_Xlim_SE_2_Kit_Package_List-64x35.jpg 64w, https:\/\/justvape.nu\/wp-content\/uploads\/2023\/12\/OXVA_Xlim_SE_2_Kit_Package_List-300x164.jpg 300w, https:\/\/justvape.nu\/wp-content\/uploads\/2023\/12\/OXVA_Xlim_SE_2_Kit_Package_List-768x421.jpg 768w\" sizes=\"auto, (max-width: 831px) 100vw, 831px\" \/><\/a><\/p>\n","protected":false},"excerpt":{"rendered":"<p>OXVA &#8211; XLIM SE 2 KIT<\/p>\n","protected":false},"featured_media":657872,"comment_status":"open","ping_status":"closed","template":"","meta":{"_acf_changed":false,"_uag_custom_page_level_css":"","site-sidebar-layout":"default","site-content-layout":"","ast-site-content-layout":"default","site-content-style":"default","site-sidebar-style":"default","ast-global-header-display":"","ast-banner-title-visibility":"","ast-main-header-display":"","ast-hfb-above-header-display":"","ast-hfb-below-header-display":"","ast-hfb-mobile-header-display":"","site-post-title":"","ast-breadcrumbs-content":"","ast-featured-img":"","footer-sml-layout":"","ast-disable-related-posts":"","theme-transparent-header-meta":"default","adv-header-id-meta":"","stick-header-meta":"default","header-above-stick-meta":"","header-main-stick-meta":"","header-below-stick-meta":"","astra-migrate-meta-layouts":"default","ast-page-background-enabled":"default","ast-page-background-meta":{"desktop":{"background-color":"","background-image":"","background-repeat":"repeat","background-position":"center center","background-size":"auto","background-attachment":"scroll","background-type":"","background-media":"","overlay-type":"","overlay-color":"","overlay-opacity":"","overlay-gradient":""},"tablet":{"background-color":"","background-image":"","background-repeat":"repeat","background-position":"center center","background-size":"auto","background-attachment":"scroll","background-type":"","background-media":"","overlay-type":"","overlay-color":"","overlay-opacity":"","overlay-gradient":""},"mobile":{"background-color":"","background-image":"","background-repeat":"repeat","background-position":"center center","background-size":"auto","background-attachment":"scroll","background-type":"","background-media":"","overlay-type":"","overlay-color":"","overlay-opacity":"","overlay-gradient":""}},"ast-content-background-meta":{"desktop":{"background-color":"var(--ast-global-color-5)","background-image":"","background-repeat":"repeat","background-position":"center center","background-size":"auto","background-attachment":"scroll","background-type":"","background-media":"","overlay-type":"","overlay-color":"","overlay-opacity":"","overlay-gradient":""},"tablet":{"background-color":"var(--ast-global-color-5)","background-image":"","background-repeat":"repeat","background-position":"center center","background-size":"auto","background-attachment":"scroll","background-type":"","background-media":"","overlay-type":"","overlay-color":"","overlay-opacity":"","overlay-gradient":""},"mobile":{"background-color":"var(--ast-global-color-5)","background-image":"","background-repeat":"repeat","background-position":"center center","background-size":"auto","background-attachment":"scroll","background-type":"","background-media":"","overlay-type":"","overlay-color":"","overlay-opacity":"","overlay-gradient":""}}},"product_brand":[],"product_cat":[2066,2508,2076,1863,6189,2509],"product_tag":[],"class_list":{"0":"post-658197","1":"product","2":"type-product","3":"status-publish","4":"has-post-thumbnail","6":"product_cat-e-cigarettes-fr","7":"product_cat-hardware-fr","8":"product_cat-kits-et-pod-pour-debutants","9":"product_cat-new-products-fr","10":"product_cat-oxva-fr","11":"product_cat-shop-by-brand-fr","12":"desktop-align-center","13":"tablet-align-center","14":"mobile-align-center","15":"ast-product-gallery-layout-horizontal-slider","16":"ast-product-single-variable","17":"ast-product-tabs-layout-horizontal","19":"first","20":"instock","21":"sale","22":"taxable","23":"shipping-taxable","24":"purchasable","25":"product-type-variable"},"acf":[],"uagb_featured_image_src":{"full":["https:\/\/justvape.nu\/wp-content\/uploads\/2023\/12\/Q8RXdJfa.jpeg",600,600,false],"thumbnail":["https:\/\/justvape.nu\/wp-content\/uploads\/2023\/12\/Q8RXdJfa-150x150.jpeg",150,150,true],"medium":["https:\/\/justvape.nu\/wp-content\/uploads\/2023\/12\/Q8RXdJfa-300x300.jpeg",300,300,true],"medium_large":["https:\/\/justvape.nu\/wp-content\/uploads\/2023\/12\/Q8RXdJfa.jpeg",600,600,false],"large":["https:\/\/justvape.nu\/wp-content\/uploads\/2023\/12\/Q8RXdJfa.jpeg",600,600,false],"1536x1536":["https:\/\/justvape.nu\/wp-content\/uploads\/2023\/12\/Q8RXdJfa.jpeg",600,600,false],"2048x2048":["https:\/\/justvape.nu\/wp-content\/uploads\/2023\/12\/Q8RXdJfa.jpeg",600,600,false],"woocommerce_thumbnail":["https:\/\/justvape.nu\/wp-content\/uploads\/2023\/12\/Q8RXdJfa-300x300.jpeg",300,300,true],"woocommerce_single":["https:\/\/justvape.nu\/wp-content\/uploads\/2023\/12\/Q8RXdJfa.jpeg",600,600,false],"woocommerce_gallery_thumbnail":["https:\/\/justvape.nu\/wp-content\/uploads\/2023\/12\/Q8RXdJfa-100x100.jpeg",100,100,true],"dgwt-wcas-product-suggestion":["https:\/\/justvape.nu\/wp-content\/uploads\/2023\/12\/Q8RXdJfa-64x64.jpeg",64,64,true]},"uagb_author_info":{"display_name":"Kenneth Merkur","author_link":"https:\/\/justvape.nu\/fr\/author\/"},"uagb_comment_info":0,"uagb_excerpt":"OXVA - XLIM SE 2 KIT","_links":{"self":[{"href":"https:\/\/justvape.nu\/fr\/wp-json\/wp\/v2\/product\/658197","targetHints":{"allow":["GET"]}}],"collection":[{"href":"https:\/\/justvape.nu\/fr\/wp-json\/wp\/v2\/product"}],"about":[{"href":"https:\/\/justvape.nu\/fr\/wp-json\/wp\/v2\/types\/product"}],"replies":[{"embeddable":true,"href":"https:\/\/justvape.nu\/fr\/wp-json\/wp\/v2\/comments?post=658197"}],"wp:featuredmedia":[{"embeddable":true,"href":"https:\/\/justvape.nu\/fr\/wp-json\/wp\/v2\/media\/657872"}],"wp:attachment":[{"href":"https:\/\/justvape.nu\/fr\/wp-json\/wp\/v2\/media?parent=658197"}],"wp:term":[{"taxonomy":"product_brand","embeddable":true,"href":"https:\/\/justvape.nu\/fr\/wp-json\/wp\/v2\/product_brand?post=658197"},{"taxonomy":"product_cat","embeddable":true,"href":"https:\/\/justvape.nu\/fr\/wp-json\/wp\/v2\/product_cat?post=658197"},{"taxonomy":"product_tag","embeddable":true,"href":"https:\/\/justvape.nu\/fr\/wp-json\/wp\/v2\/product_tag?post=658197"}],"curies":[{"name":"wp","href":"https:\/\/api.w.org\/{rel}","templated":true}]}}