{"id":656135,"date":"2023-12-02T10:46:10","date_gmt":"2023-12-02T09:46:10","guid":{"rendered":"https:\/\/justvape.nu\/produkt\/voopoo-drag-x2-kit\/"},"modified":"2023-12-02T10:46:10","modified_gmt":"2023-12-02T09:46:10","slug":"voopoo-drag-x2-kit","status":"publish","type":"product","link":"https:\/\/justvape.nu\/fr\/produkt\/voopoo-drag-x2-kit\/","title":{"rendered":"VOOPOO &#8211; DRAG X2 KIT"},"content":{"rendered":"<h2>VOOPOO &#8211; DRAG X2 KIT<\/h2>\n<p>\u00cates-vous pr\u00eat \u00e0 vous lancer dans un voyage de vapotage sans pr\u00e9c\u00e9dent ? Ne cherchez pas plus loin que le DRAG X2, un chef-d&rsquo;\u0153uvre d&rsquo;innovation et de performance. Cet appareil exceptionnel de 80 W pr\u00e9sente non seulement des caract\u00e9ristiques de pointe, mais ajoute \u00e9galement la commodit\u00e9 d&rsquo;une batterie 18650 rempla\u00e7able (non incluse) avec une charge USB-C. Le Drag X2 utilise la nouvelle plateforme de bobine PNP X, offrant une dur\u00e9e de vie plus longue que les autres bobines.<\/p>\n<p class=\"description-img-center\"><a href=\"https:\/\/justvape.nu\/wp-content\/uploads\/2018\/05\/Color-Schemes.png\"><img loading=\"lazy\" decoding=\"async\" class=\"alignnone size-full wp-image-19187\" src=\"https:\/\/justvape.nu\/wp-content\/uploads\/2018\/05\/Color-Schemes.png\" alt=\"\" width=\"950\" height=\"64\" title=\"\" srcset=\"https:\/\/justvape.nu\/wp-content\/uploads\/2018\/05\/Color-Schemes.png 950w, https:\/\/justvape.nu\/wp-content\/uploads\/2018\/05\/Color-Schemes-555x37.png 555w, https:\/\/justvape.nu\/wp-content\/uploads\/2018\/05\/Color-Schemes-64x4.png 64w, https:\/\/justvape.nu\/wp-content\/uploads\/2018\/05\/Color-Schemes-300x20.png 300w, https:\/\/justvape.nu\/wp-content\/uploads\/2018\/05\/Color-Schemes-768x52.png 768w\" sizes=\"auto, (max-width: 950px) 100vw, 950px\" \/><\/a><\/p>\n<p><a href=\"https:\/\/justvape.nu\/wp-content\/uploads\/2023\/12\/VOOPOO_Drag_X2_Kit_Full_Color.jpg\"><img loading=\"lazy\" decoding=\"async\" class=\"alignnone wp-image-655780\" src=\"https:\/\/justvape.nu\/wp-content\/uploads\/2023\/12\/VOOPOO_Drag_X2_Kit_Full_Color.jpg\" alt=\"\" width=\"939\" height=\"486\" title=\"\" srcset=\"https:\/\/justvape.nu\/wp-content\/uploads\/2023\/12\/VOOPOO_Drag_X2_Kit_Full_Color.jpg 800w, https:\/\/justvape.nu\/wp-content\/uploads\/2023\/12\/VOOPOO_Drag_X2_Kit_Full_Color-600x311.jpg 600w, https:\/\/justvape.nu\/wp-content\/uploads\/2023\/12\/VOOPOO_Drag_X2_Kit_Full_Color-64x33.jpg 64w, https:\/\/justvape.nu\/wp-content\/uploads\/2023\/12\/VOOPOO_Drag_X2_Kit_Full_Color-300x155.jpg 300w, https:\/\/justvape.nu\/wp-content\/uploads\/2023\/12\/VOOPOO_Drag_X2_Kit_Full_Color-768x397.jpg 768w\" sizes=\"auto, (max-width: 939px) 100vw, 939px\" \/><\/a><\/p>\n<div class=\"shop-features \">\n<h2 class=\"shop-features-title \"><a href=\"https:\/\/justvape.nu\/wp-content\/uploads\/2018\/05\/Specifications.png\"><img loading=\"lazy\" decoding=\"async\" class=\"alignnone size-full wp-image-248448\" src=\"https:\/\/justvape.nu\/wp-content\/uploads\/2018\/05\/Specifications.png\" alt=\"\" width=\"950\" height=\"64\" title=\"\" srcset=\"https:\/\/justvape.nu\/wp-content\/uploads\/2018\/05\/Specifications.png 950w, https:\/\/justvape.nu\/wp-content\/uploads\/2018\/05\/Specifications-600x40.png 600w, https:\/\/justvape.nu\/wp-content\/uploads\/2018\/05\/Specifications-64x4.png 64w, https:\/\/justvape.nu\/wp-content\/uploads\/2018\/05\/Specifications-300x20.png 300w, https:\/\/justvape.nu\/wp-content\/uploads\/2018\/05\/Specifications-768x52.png 768w\" sizes=\"auto, (max-width: 950px) 100vw, 950px\" \/><\/a><\/h2>\n<\/div>\n<table class=\"description-table\">\n<tbody>\n<tr>\n<td class=\"strong-title \">Marque<\/td>\n<td class=\"inline\">VOOPOO<\/td>\n<\/tr>\n<tr>\n<td class=\"strong-title \">Nom du produit<\/td>\n<td class=\"inline\">Kit Drag X2<\/td>\n<\/tr>\n<tr>\n<td class=\"strong-title \">Batterie<\/td>\n<td class=\"inline\">Une seule batterie externe 18650 (non incluse)<\/td>\n<\/tr>\n<tr>\n<td class=\"strong-title \">Gamme de puissance<\/td>\n<td class=\"inline\">5-80W<\/td>\n<\/tr>\n<tr>\n<td class=\"strong-title \">Tension de sortie<\/td>\n<td class=\"inline\">3.2-4.2V<\/td>\n<\/tr>\n<tr>\n<td class=\"strong-title \">Afficher<\/td>\n<td class=\"inline\">\u00c9cran TFT de 0,96 pouce<\/td>\n<\/tr>\n<tr>\n<td class=\"strong-title \">Mode<\/td>\n<td class=\"inline\">Smart\/RBA\/ECO<\/td>\n<\/tr>\n<tr>\n<td class=\"strong-title \">R\u00e9sistance<\/td>\n<td class=\"inline\">0.1-3.0\u03a9<\/td>\n<\/tr>\n<tr>\n<td class=\"strong-title \">Capacit\u00e9<\/td>\n<td class=\"inline\">2ml TPD<\/td>\n<\/tr>\n<tr>\n<td class=\"strong-title \">Remplissage<\/td>\n<td class=\"inline\">Remplissage lat\u00e9ral<\/td>\n<\/tr>\n<tr>\n<td class=\"strong-title \">D\u00e9bit d&rsquo;air<\/td>\n<td class=\"inline\">D\u00e9bit d&rsquo;air r\u00e9glable<\/td>\n<\/tr>\n<tr>\n<td class=\"strong-title \">Entr\u00e9e d&rsquo;air<\/td>\n<td class=\"inline\">Prise d&rsquo;air sup\u00e9rieure<\/td>\n<\/tr>\n<tr>\n<td class=\"strong-title \">En forme pour<\/td>\n<td class=\"inline\">Toutes les bobines PnP X Series<\/td>\n<\/tr>\n<tr>\n<td class=\"strong-title \">Mat\u00e9riau<\/td>\n<td class=\"inline\">Dispositif : Alliage de zinc + cuir, cartouche : PCTG + acier inoxydable<\/td>\n<\/tr>\n<tr>\n<td class=\"strong-title \">Taille du produit<\/td>\n<td class=\"inline\">129,8*31,8*28,6 mm<\/td>\n<\/tr>\n<tr>\n<td class=\"strong-title \">Taille de l&#8217;emballage<\/td>\n<td class=\"inline\">149*71*49 mm<\/td>\n<\/tr>\n<tr>\n<td class=\"strong-title \"><\/td>\n<td class=\"inline\"><\/td>\n<\/tr>\n<tr>\n<td class=\"strong-title \">Couleur<\/td>\n<td class=\"inline\">Noir pulv\u00e9ris\u00e9, m\u00e9tal gris, argent color\u00e9, bleu ciel, rouge moderne, rose \u00e9clatant, blanc nacr\u00e9<\/td>\n<\/tr>\n<\/tbody>\n<\/table>\n<div class=\"shop-features \">\n<h2 class=\"shop-features-title \"><a href=\"https:\/\/justvape.nu\/wp-content\/uploads\/2018\/05\/Features.png\"><img loading=\"lazy\" decoding=\"async\" class=\"alignnone size-full wp-image-248458\" src=\"https:\/\/justvape.nu\/wp-content\/uploads\/2018\/05\/Features.png\" alt=\"\" width=\"950\" height=\"64\" title=\"\" srcset=\"https:\/\/justvape.nu\/wp-content\/uploads\/2018\/05\/Features.png 950w, https:\/\/justvape.nu\/wp-content\/uploads\/2018\/05\/Features-600x40.png 600w, https:\/\/justvape.nu\/wp-content\/uploads\/2018\/05\/Features-64x4.png 64w, https:\/\/justvape.nu\/wp-content\/uploads\/2018\/05\/Features-300x20.png 300w, https:\/\/justvape.nu\/wp-content\/uploads\/2018\/05\/Features-768x52.png 768w\" sizes=\"auto, (max-width: 950px) 100vw, 950px\" \/><\/a><\/h2>\n<\/div>\n<ul>\n<li style=\"list-style-type: none;\">\n<ul>\n<li>1. Adopte la bobine PnP X avec une dur\u00e9e de vie A-Ten<\/li>\n<li>2. Coton thermostable pour un go\u00fbt constant<\/li>\n<li>3. Syst\u00e8me de chauffage distribu\u00e9 par maillage pour les nuages plus denses<\/li>\n<li>4. Entr\u00e9e d&rsquo;air sup\u00e9rieure pour un vaping satisfaisant<\/li>\n<li>5. 4 couches super \u00e9tanches<\/li>\n<li>6. Capacit\u00e9 de 2ml TPD, syst\u00e8me de remplissage lat\u00e9ral facile<\/li>\n<li>7. Une seule batterie externe 18650 avec 80W max<\/li>\n<li>8. Adopte la nouvelle puce Gene.TT 2.0<\/li>\n<li>9. Modes Smart\/RBA\/ECO disponibles<\/li>\n<li>10. 6 protections de securite pour une utilisation en toute securite<\/li>\n<li>11. Nouvelle interface de menu pour une utilisation facile<\/li>\n<li>12. Interface utilisateur pour afficher les informations principales<\/li>\n<li>13. Con\u00e7u avec un couvercle de batterie en forme de C<\/li>\n<li>14. Design classique en cuir et m\u00e9tal<\/li>\n<\/ul>\n<\/li>\n<\/ul>\n<div class=\"img-show-more\">\n<div id=\"img_content_less\" class=\"img-content add-more\">\n<p class=\"description-img-center\"><a href=\"https:\/\/justvape.nu\/wp-content\/uploads\/2023\/12\/VOOPOO_Drag_X2_Kit_Gene.TT_2.0_Chip.jpg\"><img loading=\"lazy\" decoding=\"async\" class=\"alignnone size-full wp-image-655788\" src=\"https:\/\/justvape.nu\/wp-content\/uploads\/2023\/12\/VOOPOO_Drag_X2_Kit_Gene.TT_2.0_Chip.jpg\" alt=\"\" width=\"831\" height=\"645\" title=\"\" srcset=\"https:\/\/justvape.nu\/wp-content\/uploads\/2023\/12\/VOOPOO_Drag_X2_Kit_Gene.TT_2.0_Chip.jpg 831w, https:\/\/justvape.nu\/wp-content\/uploads\/2023\/12\/VOOPOO_Drag_X2_Kit_Gene.TT_2.0_Chip-600x466.jpg 600w, https:\/\/justvape.nu\/wp-content\/uploads\/2023\/12\/VOOPOO_Drag_X2_Kit_Gene.TT_2.0_Chip-64x50.jpg 64w, https:\/\/justvape.nu\/wp-content\/uploads\/2023\/12\/VOOPOO_Drag_X2_Kit_Gene.TT_2.0_Chip-300x233.jpg 300w, https:\/\/justvape.nu\/wp-content\/uploads\/2023\/12\/VOOPOO_Drag_X2_Kit_Gene.TT_2.0_Chip-768x596.jpg 768w\" sizes=\"auto, (max-width: 831px) 100vw, 831px\" \/><\/a> <a href=\"https:\/\/justvape.nu\/wp-content\/uploads\/2023\/12\/VOOPOO_Drag_X2_Kit.jpg\"><img loading=\"lazy\" decoding=\"async\" class=\"alignnone size-full wp-image-655796\" src=\"https:\/\/justvape.nu\/wp-content\/uploads\/2023\/12\/VOOPOO_Drag_X2_Kit.jpg\" alt=\"\" width=\"831\" height=\"461\" title=\"\" srcset=\"https:\/\/justvape.nu\/wp-content\/uploads\/2023\/12\/VOOPOO_Drag_X2_Kit.jpg 831w, https:\/\/justvape.nu\/wp-content\/uploads\/2023\/12\/VOOPOO_Drag_X2_Kit-600x333.jpg 600w, https:\/\/justvape.nu\/wp-content\/uploads\/2023\/12\/VOOPOO_Drag_X2_Kit-64x36.jpg 64w, https:\/\/justvape.nu\/wp-content\/uploads\/2023\/12\/VOOPOO_Drag_X2_Kit-300x166.jpg 300w, https:\/\/justvape.nu\/wp-content\/uploads\/2023\/12\/VOOPOO_Drag_X2_Kit-768x426.jpg 768w\" sizes=\"auto, (max-width: 831px) 100vw, 831px\" \/><\/a><\/p>\n<p class=\"description-img-center\"><a href=\"https:\/\/justvape.nu\/wp-content\/uploads\/2018\/05\/Packing-List.png\"><img loading=\"lazy\" decoding=\"async\" class=\"alignnone size-full wp-image-18995\" src=\"https:\/\/justvape.nu\/wp-content\/uploads\/2018\/05\/Packing-List.png\" alt=\"\" width=\"950\" height=\"64\" title=\"\" srcset=\"https:\/\/justvape.nu\/wp-content\/uploads\/2018\/05\/Packing-List.png 950w, https:\/\/justvape.nu\/wp-content\/uploads\/2018\/05\/Packing-List-555x37.png 555w, https:\/\/justvape.nu\/wp-content\/uploads\/2018\/05\/Packing-List-64x4.png 64w, https:\/\/justvape.nu\/wp-content\/uploads\/2018\/05\/Packing-List-300x20.png 300w, https:\/\/justvape.nu\/wp-content\/uploads\/2018\/05\/Packing-List-768x52.png 768w\" sizes=\"auto, (max-width: 950px) 100vw, 950px\" \/><\/a><\/p>\n<\/div>\n<\/div>\n<p>1* Dispositif Darg X2<br \/>\n1* PnP X Cartouche DTL(2ml TPD)<br \/>\n1* PnP X 0.15\u03a9(Pr\u00e9-install\u00e9)<br \/>\n1* PnP X 0.3\u03a9<br \/>\n1* Carte de plate-forme PnP X<br \/>\n1* C\u00e2ble Type-C<br \/>\n1 * manuel de l&rsquo;utilisateur<\/p>\n","protected":false},"excerpt":{"rendered":"<p>VOOPOO &#8211; DRAG X2 KIT<\/p>\n","protected":false},"featured_media":655813,"comment_status":"open","ping_status":"closed","template":"","meta":{"_acf_changed":false,"_uag_custom_page_level_css":"","site-sidebar-layout":"default","site-content-layout":"","ast-site-content-layout":"default","site-content-style":"default","site-sidebar-style":"default","ast-global-header-display":"","ast-banner-title-visibility":"","ast-main-header-display":"","ast-hfb-above-header-display":"","ast-hfb-below-header-display":"","ast-hfb-mobile-header-display":"","site-post-title":"","ast-breadcrumbs-content":"","ast-featured-img":"","footer-sml-layout":"","ast-disable-related-posts":"","theme-transparent-header-meta":"default","adv-header-id-meta":"","stick-header-meta":"default","header-above-stick-meta":"","header-main-stick-meta":"","header-below-stick-meta":"","astra-migrate-meta-layouts":"default","ast-page-background-enabled":"default","ast-page-background-meta":{"desktop":{"background-color":"","background-image":"","background-repeat":"repeat","background-position":"center center","background-size":"auto","background-attachment":"scroll","background-type":"","background-media":"","overlay-type":"","overlay-color":"","overlay-opacity":"","overlay-gradient":""},"tablet":{"background-color":"","background-image":"","background-repeat":"repeat","background-position":"center center","background-size":"auto","background-attachment":"scroll","background-type":"","background-media":"","overlay-type":"","overlay-color":"","overlay-opacity":"","overlay-gradient":""},"mobile":{"background-color":"","background-image":"","background-repeat":"repeat","background-position":"center center","background-size":"auto","background-attachment":"scroll","background-type":"","background-media":"","overlay-type":"","overlay-color":"","overlay-opacity":"","overlay-gradient":""}},"ast-content-background-meta":{"desktop":{"background-color":"var(--ast-global-color-5)","background-image":"","background-repeat":"repeat","background-position":"center center","background-size":"auto","background-attachment":"scroll","background-type":"","background-media":"","overlay-type":"","overlay-color":"","overlay-opacity":"","overlay-gradient":""},"tablet":{"background-color":"var(--ast-global-color-5)","background-image":"","background-repeat":"repeat","background-position":"center center","background-size":"auto","background-attachment":"scroll","background-type":"","background-media":"","overlay-type":"","overlay-color":"","overlay-opacity":"","overlay-gradient":""},"mobile":{"background-color":"var(--ast-global-color-5)","background-image":"","background-repeat":"repeat","background-position":"center center","background-size":"auto","background-attachment":"scroll","background-type":"","background-media":"","overlay-type":"","overlay-color":"","overlay-opacity":"","overlay-gradient":""}}},"product_brand":[],"product_cat":[2066,2508,2139,1863,2509,2510],"product_tag":[],"class_list":{"0":"post-656135","1":"product","2":"type-product","3":"status-publish","4":"has-post-thumbnail","6":"product_cat-e-cigarettes-fr","7":"product_cat-hardware-fr","8":"product_cat-kits-sous-ohms","9":"product_cat-new-products-fr","10":"product_cat-shop-by-brand-fr","11":"product_cat-voopoo-fr","12":"desktop-align-center","13":"tablet-align-center","14":"mobile-align-center","15":"ast-product-gallery-layout-horizontal-slider","16":"ast-product-single-variable","17":"ast-product-tabs-layout-horizontal","19":"first","20":"instock","21":"sale","22":"taxable","23":"shipping-taxable","24":"purchasable","25":"product-type-variable"},"acf":[],"uagb_featured_image_src":{"full":["https:\/\/justvape.nu\/wp-content\/uploads\/2023\/12\/zjVZq7HN.jpeg",600,600,false],"thumbnail":["https:\/\/justvape.nu\/wp-content\/uploads\/2023\/12\/zjVZq7HN-150x150.jpeg",150,150,true],"medium":["https:\/\/justvape.nu\/wp-content\/uploads\/2023\/12\/zjVZq7HN-300x300.jpeg",300,300,true],"medium_large":["https:\/\/justvape.nu\/wp-content\/uploads\/2023\/12\/zjVZq7HN.jpeg",600,600,false],"large":["https:\/\/justvape.nu\/wp-content\/uploads\/2023\/12\/zjVZq7HN.jpeg",600,600,false],"1536x1536":["https:\/\/justvape.nu\/wp-content\/uploads\/2023\/12\/zjVZq7HN.jpeg",600,600,false],"2048x2048":["https:\/\/justvape.nu\/wp-content\/uploads\/2023\/12\/zjVZq7HN.jpeg",600,600,false],"woocommerce_thumbnail":["https:\/\/justvape.nu\/wp-content\/uploads\/2023\/12\/zjVZq7HN-300x300.jpeg",300,300,true],"woocommerce_single":["https:\/\/justvape.nu\/wp-content\/uploads\/2023\/12\/zjVZq7HN.jpeg",600,600,false],"woocommerce_gallery_thumbnail":["https:\/\/justvape.nu\/wp-content\/uploads\/2023\/12\/zjVZq7HN-100x100.jpeg",100,100,true],"dgwt-wcas-product-suggestion":["https:\/\/justvape.nu\/wp-content\/uploads\/2023\/12\/zjVZq7HN-64x64.jpeg",64,64,true]},"uagb_author_info":{"display_name":"Kenneth Merkur","author_link":"https:\/\/justvape.nu\/fr\/author\/"},"uagb_comment_info":0,"uagb_excerpt":"VOOPOO - DRAG X2 KIT","_links":{"self":[{"href":"https:\/\/justvape.nu\/fr\/wp-json\/wp\/v2\/product\/656135","targetHints":{"allow":["GET"]}}],"collection":[{"href":"https:\/\/justvape.nu\/fr\/wp-json\/wp\/v2\/product"}],"about":[{"href":"https:\/\/justvape.nu\/fr\/wp-json\/wp\/v2\/types\/product"}],"replies":[{"embeddable":true,"href":"https:\/\/justvape.nu\/fr\/wp-json\/wp\/v2\/comments?post=656135"}],"wp:featuredmedia":[{"embeddable":true,"href":"https:\/\/justvape.nu\/fr\/wp-json\/wp\/v2\/media\/655813"}],"wp:attachment":[{"href":"https:\/\/justvape.nu\/fr\/wp-json\/wp\/v2\/media?parent=656135"}],"wp:term":[{"taxonomy":"product_brand","embeddable":true,"href":"https:\/\/justvape.nu\/fr\/wp-json\/wp\/v2\/product_brand?post=656135"},{"taxonomy":"product_cat","embeddable":true,"href":"https:\/\/justvape.nu\/fr\/wp-json\/wp\/v2\/product_cat?post=656135"},{"taxonomy":"product_tag","embeddable":true,"href":"https:\/\/justvape.nu\/fr\/wp-json\/wp\/v2\/product_tag?post=656135"}],"curies":[{"name":"wp","href":"https:\/\/api.w.org\/{rel}","templated":true}]}}