{"id":655320,"date":"2023-11-30T21:11:46","date_gmt":"2023-11-30T20:11:46","guid":{"rendered":"https:\/\/justvape.nu\/produkt\/innokin-zenith-minimal-tank\/"},"modified":"2023-11-30T21:11:46","modified_gmt":"2023-11-30T20:11:46","slug":"innokin-zenith-minimal-tank","status":"publish","type":"product","link":"https:\/\/justvape.nu\/fr\/produkt\/innokin-zenith-minimal-tank\/","title":{"rendered":"INNOKIN &#8211; ZENITH MINIMAL TANK"},"content":{"rendered":"<div class=\" product-block product-block--title product-block--first \">\n<h2 class=\"product-title\">INNOKIN &#8211; ZENITH MINIMAL TANK<\/h2>\n<\/div>\n<div class=\" product-block product-block--vendor \">Le r\u00e9servoir Innokin Zenith Minimal est un r\u00e9servoir pratique \u00e0 connexion 510 con\u00e7u pour \u00eatre facile \u00e0 utiliser et est sp\u00e9cifiquement compatible avec le kit Innokin EZ Tube Zenith Minimal. Ce r\u00e9servoir est con\u00e7u pour fonctionner en toute transparence avec les bobines Innokin Z Coils, ce qui permet de r\u00e9pondre \u00e0 un large \u00e9ventail de pr\u00e9f\u00e9rences de vapotage, y compris les styles MTL (Mouth To Lung) et RDL (Restricted Direct To Lung). Gr\u00e2ce \u00e0 son anneau d&rsquo;\u00e9coulement d&rsquo;air r\u00e9glable, vous avez la possibilit\u00e9 de personnaliser votre inhalation, en obtenant une exp\u00e9rience de vape plus a\u00e9r\u00e9e ou plus restreinte. Le r\u00e9servoir est con\u00e7u de mani\u00e8re \u00e0 faciliter les remplissages gr\u00e2ce \u00e0 son syst\u00e8me de remplissage par le haut, et l&rsquo;installation push-fit garantit un remplacement rapide et sans effort de la bobine.<\/div>\n<div>\n<p><a href=\"https:\/\/justvape.nu\/wp-content\/uploads\/2018\/05\/Specifications.png\"><img loading=\"lazy\" decoding=\"async\" class=\"alignnone size-full wp-image-248448\" src=\"https:\/\/justvape.nu\/wp-content\/uploads\/2018\/05\/Specifications.png\" alt=\"\" width=\"950\" height=\"64\" title=\"\" srcset=\"https:\/\/justvape.nu\/wp-content\/uploads\/2018\/05\/Specifications.png 950w, https:\/\/justvape.nu\/wp-content\/uploads\/2018\/05\/Specifications-600x40.png 600w, https:\/\/justvape.nu\/wp-content\/uploads\/2018\/05\/Specifications-64x4.png 64w, https:\/\/justvape.nu\/wp-content\/uploads\/2018\/05\/Specifications-300x20.png 300w, https:\/\/justvape.nu\/wp-content\/uploads\/2018\/05\/Specifications-768x52.png 768w\" sizes=\"auto, (max-width: 950px) 100vw, 950px\" \/><\/a><\/p>\n<div class=\"collapsible-tab__text\">\n<p>1. La forme rencontre la fonction.<br \/>\n2. Compatible avec toutes les bobines Z.<br \/>\n3. Le nouveau bouchon sup\u00e9rieur \u00e0 verrouillage 1\/4 de tour permet des recharges rapides et s\u00fbres.<br \/>\n4. Modifications de la bobine d&rsquo;allumage.<br \/>\n5. Le Zenith Minimal est dot\u00e9 d&rsquo;un contr\u00f4le du flux d&rsquo;air fluide et pr\u00e9cis.<br \/>\n6. Nettoyage sans probl\u00e8me.<\/p>\n<p><a href=\"https:\/\/justvape.nu\/wp-content\/uploads\/2018\/05\/Packing-List.png\"><img loading=\"lazy\" decoding=\"async\" class=\"alignnone size-full wp-image-18995\" src=\"https:\/\/justvape.nu\/wp-content\/uploads\/2018\/05\/Packing-List.png\" alt=\"\" width=\"950\" height=\"64\" title=\"\" srcset=\"https:\/\/justvape.nu\/wp-content\/uploads\/2018\/05\/Packing-List.png 950w, https:\/\/justvape.nu\/wp-content\/uploads\/2018\/05\/Packing-List-555x37.png 555w, https:\/\/justvape.nu\/wp-content\/uploads\/2018\/05\/Packing-List-64x4.png 64w, https:\/\/justvape.nu\/wp-content\/uploads\/2018\/05\/Packing-List-300x20.png 300w, https:\/\/justvape.nu\/wp-content\/uploads\/2018\/05\/Packing-List-768x52.png 768w\" sizes=\"auto, (max-width: 950px) 100vw, 950px\" \/><\/a><\/p>\n<p>1x Zenith Minimal 2ml TPD Tank (0.8\u03a9 MTL Z-Coil et MTL Yellow Drip Tip install\u00e9s)<br \/>\n1x bobine de rechange 0,3\u03a9 RDL Z-Coil<br \/>\n1x Drip Tip MTL noir de rechange<br \/>\n1x Drip Tip noir RDL de rechange<br \/>\n1x joints toriques de rechange<br \/>\n1x guide de d\u00e9marrage rapide<\/p>\n<\/div>\n<\/div>\n","protected":false},"excerpt":{"rendered":"<p>INNOKIN &#8211; ZENITH MINIMAL TANK<\/p>\n","protected":false},"featured_media":655155,"comment_status":"open","ping_status":"closed","template":"","meta":{"_acf_changed":false,"_uag_custom_page_level_css":"","site-sidebar-layout":"default","site-content-layout":"","ast-site-content-layout":"default","site-content-style":"default","site-sidebar-style":"default","ast-global-header-display":"","ast-banner-title-visibility":"","ast-main-header-display":"","ast-hfb-above-header-display":"","ast-hfb-below-header-display":"","ast-hfb-mobile-header-display":"","site-post-title":"","ast-breadcrumbs-content":"","ast-featured-img":"","footer-sml-layout":"","ast-disable-related-posts":"","theme-transparent-header-meta":"default","adv-header-id-meta":"","stick-header-meta":"default","header-above-stick-meta":"","header-main-stick-meta":"","header-below-stick-meta":"","astra-migrate-meta-layouts":"default","ast-page-background-enabled":"default","ast-page-background-meta":{"desktop":{"background-color":"","background-image":"","background-repeat":"repeat","background-position":"center center","background-size":"auto","background-attachment":"scroll","background-type":"","background-media":"","overlay-type":"","overlay-color":"","overlay-opacity":"","overlay-gradient":""},"tablet":{"background-color":"","background-image":"","background-repeat":"repeat","background-position":"center center","background-size":"auto","background-attachment":"scroll","background-type":"","background-media":"","overlay-type":"","overlay-color":"","overlay-opacity":"","overlay-gradient":""},"mobile":{"background-color":"","background-image":"","background-repeat":"repeat","background-position":"center center","background-size":"auto","background-attachment":"scroll","background-type":"","background-media":"","overlay-type":"","overlay-color":"","overlay-opacity":"","overlay-gradient":""}},"ast-content-background-meta":{"desktop":{"background-color":"var(--ast-global-color-5)","background-image":"","background-repeat":"repeat","background-position":"center center","background-size":"auto","background-attachment":"scroll","background-type":"","background-media":"","overlay-type":"","overlay-color":"","overlay-opacity":"","overlay-gradient":""},"tablet":{"background-color":"var(--ast-global-color-5)","background-image":"","background-repeat":"repeat","background-position":"center center","background-size":"auto","background-attachment":"scroll","background-type":"","background-media":"","overlay-type":"","overlay-color":"","overlay-opacity":"","overlay-gradient":""},"mobile":{"background-color":"var(--ast-global-color-5)","background-image":"","background-repeat":"repeat","background-position":"center center","background-size":"auto","background-attachment":"scroll","background-type":"","background-media":"","overlay-type":"","overlay-color":"","overlay-opacity":"","overlay-gradient":""}}},"product_brand":[],"product_cat":[2508,2536,1863,2036,1976,2509],"product_tag":[],"class_list":{"0":"post-655320","1":"product","2":"type-product","3":"status-publish","4":"has-post-thumbnail","6":"product_cat-hardware-fr","7":"product_cat-innokin-fr","8":"product_cat-new-products-fr","9":"product_cat-reservoirs","10":"product_cat-reservoirs-et-bobines","11":"product_cat-shop-by-brand-fr","12":"desktop-align-center","13":"tablet-align-center","14":"mobile-align-center","15":"ast-product-gallery-layout-horizontal-slider","16":"ast-product-single-variable","17":"ast-product-tabs-layout-horizontal","19":"first","20":"instock","21":"sale","22":"taxable","23":"shipping-taxable","24":"purchasable","25":"product-type-variable"},"acf":[],"uagb_featured_image_src":{"full":["https:\/\/justvape.nu\/wp-content\/uploads\/2023\/11\/I2Uuo8p.jpeg",600,600,false],"thumbnail":["https:\/\/justvape.nu\/wp-content\/uploads\/2023\/11\/I2Uuo8p-150x150.jpeg",150,150,true],"medium":["https:\/\/justvape.nu\/wp-content\/uploads\/2023\/11\/I2Uuo8p-300x300.jpeg",300,300,true],"medium_large":["https:\/\/justvape.nu\/wp-content\/uploads\/2023\/11\/I2Uuo8p.jpeg",600,600,false],"large":["https:\/\/justvape.nu\/wp-content\/uploads\/2023\/11\/I2Uuo8p.jpeg",600,600,false],"1536x1536":["https:\/\/justvape.nu\/wp-content\/uploads\/2023\/11\/I2Uuo8p.jpeg",600,600,false],"2048x2048":["https:\/\/justvape.nu\/wp-content\/uploads\/2023\/11\/I2Uuo8p.jpeg",600,600,false],"woocommerce_thumbnail":["https:\/\/justvape.nu\/wp-content\/uploads\/2023\/11\/I2Uuo8p-300x300.jpeg",300,300,true],"woocommerce_single":["https:\/\/justvape.nu\/wp-content\/uploads\/2023\/11\/I2Uuo8p.jpeg",600,600,false],"woocommerce_gallery_thumbnail":["https:\/\/justvape.nu\/wp-content\/uploads\/2023\/11\/I2Uuo8p-100x100.jpeg",100,100,true],"dgwt-wcas-product-suggestion":["https:\/\/justvape.nu\/wp-content\/uploads\/2023\/11\/I2Uuo8p-64x64.jpeg",64,64,true]},"uagb_author_info":{"display_name":"Kenneth Merkur","author_link":"https:\/\/justvape.nu\/fr\/author\/"},"uagb_comment_info":0,"uagb_excerpt":"INNOKIN - ZENITH MINIMAL TANK","_links":{"self":[{"href":"https:\/\/justvape.nu\/fr\/wp-json\/wp\/v2\/product\/655320","targetHints":{"allow":["GET"]}}],"collection":[{"href":"https:\/\/justvape.nu\/fr\/wp-json\/wp\/v2\/product"}],"about":[{"href":"https:\/\/justvape.nu\/fr\/wp-json\/wp\/v2\/types\/product"}],"replies":[{"embeddable":true,"href":"https:\/\/justvape.nu\/fr\/wp-json\/wp\/v2\/comments?post=655320"}],"wp:featuredmedia":[{"embeddable":true,"href":"https:\/\/justvape.nu\/fr\/wp-json\/wp\/v2\/media\/655155"}],"wp:attachment":[{"href":"https:\/\/justvape.nu\/fr\/wp-json\/wp\/v2\/media?parent=655320"}],"wp:term":[{"taxonomy":"product_brand","embeddable":true,"href":"https:\/\/justvape.nu\/fr\/wp-json\/wp\/v2\/product_brand?post=655320"},{"taxonomy":"product_cat","embeddable":true,"href":"https:\/\/justvape.nu\/fr\/wp-json\/wp\/v2\/product_cat?post=655320"},{"taxonomy":"product_tag","embeddable":true,"href":"https:\/\/justvape.nu\/fr\/wp-json\/wp\/v2\/product_tag?post=655320"}],"curies":[{"name":"wp","href":"https:\/\/api.w.org\/{rel}","templated":true}]}}