{"id":655293,"date":"2023-11-30T21:01:57","date_gmt":"2023-11-30T20:01:57","guid":{"rendered":"https:\/\/justvape.nu\/produkt\/innokin-ez-tube-zenith-minimal-kit\/"},"modified":"2023-11-30T21:01:57","modified_gmt":"2023-11-30T20:01:57","slug":"innokin-ez-tube-zenith-minimal-kit","status":"publish","type":"product","link":"https:\/\/justvape.nu\/fr\/produkt\/innokin-ez-tube-zenith-minimal-kit\/","title":{"rendered":"INNOKIN &#8211; EZ TUBE ZENITH MINIMAL KIT"},"content":{"rendered":"<h2>INNOKIN &#8211; EZ TUBE ZENITH MINIMAL KIT<\/h2>\n<p>Le <strong>kit Innokin EZ Tube Zenith Minimal Kit<\/strong> offre une exp\u00e9rience de vapotage conviviale de type stylo, alliant simplicit\u00e9 et design compact et \u00e9l\u00e9gant pour les vapoteurs de tous niveaux. Parfait pour les d\u00e9butants comme pour les utilisateurs chevronn\u00e9s, ce kit dispose d&rsquo;une g\u00e9n\u00e9reuse batterie int\u00e9gr\u00e9e de 2100mAh et d&rsquo;une puissance r\u00e9glable allant de 6 \u00e0 40W, r\u00e9pondant aux pr\u00e9f\u00e9rences MTL (Mouth To Lung) et RDL (Restricted Direct To Lung).<\/p>\n<p class=\"description-img-center\"><a href=\"https:\/\/justvape.nu\/wp-content\/uploads\/2018\/05\/Color-Schemes.png\"><img loading=\"lazy\" decoding=\"async\" class=\"alignnone size-full wp-image-19187\" src=\"https:\/\/justvape.nu\/wp-content\/uploads\/2018\/05\/Color-Schemes.png\" alt=\"\" width=\"950\" height=\"64\" title=\"\" srcset=\"https:\/\/justvape.nu\/wp-content\/uploads\/2018\/05\/Color-Schemes.png 950w, https:\/\/justvape.nu\/wp-content\/uploads\/2018\/05\/Color-Schemes-555x37.png 555w, https:\/\/justvape.nu\/wp-content\/uploads\/2018\/05\/Color-Schemes-64x4.png 64w, https:\/\/justvape.nu\/wp-content\/uploads\/2018\/05\/Color-Schemes-300x20.png 300w, https:\/\/justvape.nu\/wp-content\/uploads\/2018\/05\/Color-Schemes-768x52.png 768w\" sizes=\"auto, (max-width: 950px) 100vw, 950px\" \/><\/a><\/p>\n<p><a href=\"https:\/\/justvape.nu\/wp-content\/uploads\/2023\/11\/Innokin_EZ_Tube_Zenith_Minimal_Kit_Colors.jpg\"><img loading=\"lazy\" decoding=\"async\" class=\"alignnone wp-image-655039\" src=\"https:\/\/justvape.nu\/wp-content\/uploads\/2023\/11\/Innokin_EZ_Tube_Zenith_Minimal_Kit_Colors.jpg\" alt=\"\" width=\"937\" height=\"445\" title=\"\" srcset=\"https:\/\/justvape.nu\/wp-content\/uploads\/2023\/11\/Innokin_EZ_Tube_Zenith_Minimal_Kit_Colors.jpg 800w, https:\/\/justvape.nu\/wp-content\/uploads\/2023\/11\/Innokin_EZ_Tube_Zenith_Minimal_Kit_Colors-600x285.jpg 600w, https:\/\/justvape.nu\/wp-content\/uploads\/2023\/11\/Innokin_EZ_Tube_Zenith_Minimal_Kit_Colors-64x30.jpg 64w, https:\/\/justvape.nu\/wp-content\/uploads\/2023\/11\/Innokin_EZ_Tube_Zenith_Minimal_Kit_Colors-300x143.jpg 300w, https:\/\/justvape.nu\/wp-content\/uploads\/2023\/11\/Innokin_EZ_Tube_Zenith_Minimal_Kit_Colors-768x365.jpg 768w\" sizes=\"auto, (max-width: 937px) 100vw, 937px\" \/><\/a><\/p>\n<div class=\"shop-features \">\n<h2 class=\"shop-features-title \"><a href=\"https:\/\/justvape.nu\/wp-content\/uploads\/2018\/05\/Specifications.png\"><img loading=\"lazy\" decoding=\"async\" class=\"alignnone size-full wp-image-18993\" src=\"https:\/\/justvape.nu\/wp-content\/uploads\/2018\/05\/Specifications.png\" alt=\"\" width=\"950\" height=\"64\" title=\"\" srcset=\"https:\/\/justvape.nu\/wp-content\/uploads\/2018\/05\/Specifications.png 950w, https:\/\/justvape.nu\/wp-content\/uploads\/2018\/05\/Specifications-555x37.png 555w, https:\/\/justvape.nu\/wp-content\/uploads\/2018\/05\/Specifications-64x4.png 64w, https:\/\/justvape.nu\/wp-content\/uploads\/2018\/05\/Specifications-300x20.png 300w, https:\/\/justvape.nu\/wp-content\/uploads\/2018\/05\/Specifications-768x52.png 768w\" sizes=\"auto, (max-width: 950px) 100vw, 950px\" \/><\/a><\/h2>\n<\/div>\n<table class=\"description-table\">\n<tbody>\n<tr>\n<td class=\"strong-title \">Marque<\/td>\n<td class=\"inline\">Innokin<\/td>\n<\/tr>\n<tr>\n<td class=\"strong-title \">Nom du produit<\/td>\n<td class=\"inline\">EZ Tube Zenith Minimal Kit<\/td>\n<\/tr>\n<tr>\n<td class=\"strong-title \">Dimensions du dispositif<\/td>\n<td class=\"inline\">Batterie : \u03a625*90mm, avec r\u00e9servoir : \u03a625*139.2mm<\/td>\n<\/tr>\n<tr>\n<td class=\"strong-title \">Batterie<\/td>\n<td class=\"inline\">int\u00e9gr\u00e9 2100mAh<\/td>\n<\/tr>\n<tr>\n<td class=\"strong-title \">Gamme de puissance<\/td>\n<td class=\"inline\">6-40W<\/td>\n<\/tr>\n<tr>\n<td class=\"strong-title \">Gamme de tension<\/td>\n<td class=\"inline\">1-7.5V<\/td>\n<\/tr>\n<tr>\n<td class=\"strong-title \">Fil conducteur<\/td>\n<td class=\"inline\">Fil 510<\/td>\n<\/tr>\n<tr>\n<td class=\"strong-title \">Monnaie de sortie<\/td>\n<td class=\"inline\">15A<\/td>\n<\/tr>\n<tr>\n<td class=\"strong-title \">Gamme de r\u00e9sistance<\/td>\n<td class=\"inline\">0,3ohm-3,5ohm<\/td>\n<\/tr>\n<tr>\n<td class=\"strong-title \">Mat\u00e9riau du corps<\/td>\n<td class=\"inline\">Alliage d&rsquo;aluminium<\/td>\n<\/tr>\n<tr>\n<td class=\"strong-title \">Courant de charge<\/td>\n<td class=\"inline\">1.5A<\/td>\n<\/tr>\n<tr>\n<td class=\"strong-title \">Capacit\u00e9 du r\u00e9servoir<\/td>\n<td class=\"inline\">2ml TPD<\/td>\n<\/tr>\n<tr>\n<td class=\"strong-title \">D\u00e9bit d&rsquo;air<\/td>\n<td class=\"inline\">Contr\u00f4le du flux d&rsquo;air par le bas<\/td>\n<\/tr>\n<tr>\n<td class=\"strong-title \">Couleur<\/td>\n<td class=\"inline\">Silver Glow, Sakura Pink, Lunar Grey, Cerulean Blue, Indigo Lilac, Nightfall Black, Crimson Red, Emerald Amethyst<\/td>\n<\/tr>\n<\/tbody>\n<\/table>\n<div class=\"shop-features \">\n<h2 class=\"shop-features-title \"><a href=\"https:\/\/justvape.nu\/wp-content\/uploads\/2018\/05\/Features.png\"><img loading=\"lazy\" decoding=\"async\" class=\"alignnone size-full wp-image-248458\" src=\"https:\/\/justvape.nu\/wp-content\/uploads\/2018\/05\/Features.png\" alt=\"\" width=\"950\" height=\"64\" title=\"\" srcset=\"https:\/\/justvape.nu\/wp-content\/uploads\/2018\/05\/Features.png 950w, https:\/\/justvape.nu\/wp-content\/uploads\/2018\/05\/Features-600x40.png 600w, https:\/\/justvape.nu\/wp-content\/uploads\/2018\/05\/Features-64x4.png 64w, https:\/\/justvape.nu\/wp-content\/uploads\/2018\/05\/Features-300x20.png 300w, https:\/\/justvape.nu\/wp-content\/uploads\/2018\/05\/Features-768x52.png 768w\" sizes=\"auto, (max-width: 950px) 100vw, 950px\" \/><\/a><\/h2>\n<\/div>\n<ul>\n<li style=\"list-style-type: none;\">\n<ul>\n<li>1. Avec le nouveau Zenith Minimal Tank<\/li>\n<li>2. Compatible avec toutes les bobines Z<\/li>\n<li>3. Tourner pour ajuster la puissance de sortie de 6-40W<\/li>\n<li>4. Batterie int\u00e9gr\u00e9e de 2100mAh<\/li>\n<li>5. \u00c9cran OLED intuitif<\/li>\n<li>6. Embout MTL et RDL au choix<\/li>\n<\/ul>\n<\/li>\n<\/ul>\n<div class=\"img-show-more\">\n<div id=\"img_content_less\" class=\"img-content add-more\">\n<p class=\"description-img-center\"><a href=\"https:\/\/justvape.nu\/wp-content\/uploads\/2023\/11\/Innokin_EZ_Tube_Zenith_Minimal_Kit_Adjustable_Power.jpg\"><img loading=\"lazy\" decoding=\"async\" class=\"alignnone size-full wp-image-655047\" src=\"https:\/\/justvape.nu\/wp-content\/uploads\/2023\/11\/Innokin_EZ_Tube_Zenith_Minimal_Kit_Adjustable_Power.jpg\" alt=\"\" width=\"831\" height=\"319\" title=\"\" srcset=\"https:\/\/justvape.nu\/wp-content\/uploads\/2023\/11\/Innokin_EZ_Tube_Zenith_Minimal_Kit_Adjustable_Power.jpg 831w, https:\/\/justvape.nu\/wp-content\/uploads\/2023\/11\/Innokin_EZ_Tube_Zenith_Minimal_Kit_Adjustable_Power-600x230.jpg 600w, https:\/\/justvape.nu\/wp-content\/uploads\/2023\/11\/Innokin_EZ_Tube_Zenith_Minimal_Kit_Adjustable_Power-64x25.jpg 64w, https:\/\/justvape.nu\/wp-content\/uploads\/2023\/11\/Innokin_EZ_Tube_Zenith_Minimal_Kit_Adjustable_Power-300x115.jpg 300w, https:\/\/justvape.nu\/wp-content\/uploads\/2023\/11\/Innokin_EZ_Tube_Zenith_Minimal_Kit_Adjustable_Power-768x295.jpg 768w\" sizes=\"auto, (max-width: 831px) 100vw, 831px\" \/><\/a> <a href=\"https:\/\/justvape.nu\/wp-content\/uploads\/2023\/11\/Innokin_EZ_Tube_Zenith_Minimal_Kit_Battery_Capacity.jpg\"><img loading=\"lazy\" decoding=\"async\" class=\"alignnone size-full wp-image-655055\" src=\"https:\/\/justvape.nu\/wp-content\/uploads\/2023\/11\/Innokin_EZ_Tube_Zenith_Minimal_Kit_Battery_Capacity.jpg\" alt=\"\" width=\"831\" height=\"367\" title=\"\" srcset=\"https:\/\/justvape.nu\/wp-content\/uploads\/2023\/11\/Innokin_EZ_Tube_Zenith_Minimal_Kit_Battery_Capacity.jpg 831w, https:\/\/justvape.nu\/wp-content\/uploads\/2023\/11\/Innokin_EZ_Tube_Zenith_Minimal_Kit_Battery_Capacity-600x265.jpg 600w, https:\/\/justvape.nu\/wp-content\/uploads\/2023\/11\/Innokin_EZ_Tube_Zenith_Minimal_Kit_Battery_Capacity-64x28.jpg 64w, https:\/\/justvape.nu\/wp-content\/uploads\/2023\/11\/Innokin_EZ_Tube_Zenith_Minimal_Kit_Battery_Capacity-300x132.jpg 300w, https:\/\/justvape.nu\/wp-content\/uploads\/2023\/11\/Innokin_EZ_Tube_Zenith_Minimal_Kit_Battery_Capacity-768x339.jpg 768w\" sizes=\"auto, (max-width: 831px) 100vw, 831px\" \/><\/a> <a href=\"https:\/\/justvape.nu\/wp-content\/uploads\/2023\/11\/Innokin_EZ_Tube_Zenith_Minimal_Kit_Colors_Available.jpg\"><img loading=\"lazy\" decoding=\"async\" class=\"alignnone size-full wp-image-655063\" src=\"https:\/\/justvape.nu\/wp-content\/uploads\/2023\/11\/Innokin_EZ_Tube_Zenith_Minimal_Kit_Colors_Available.jpg\" alt=\"\" width=\"831\" height=\"420\" title=\"\" srcset=\"https:\/\/justvape.nu\/wp-content\/uploads\/2023\/11\/Innokin_EZ_Tube_Zenith_Minimal_Kit_Colors_Available.jpg 831w, https:\/\/justvape.nu\/wp-content\/uploads\/2023\/11\/Innokin_EZ_Tube_Zenith_Minimal_Kit_Colors_Available-600x303.jpg 600w, https:\/\/justvape.nu\/wp-content\/uploads\/2023\/11\/Innokin_EZ_Tube_Zenith_Minimal_Kit_Colors_Available-64x32.jpg 64w, https:\/\/justvape.nu\/wp-content\/uploads\/2023\/11\/Innokin_EZ_Tube_Zenith_Minimal_Kit_Colors_Available-300x152.jpg 300w, https:\/\/justvape.nu\/wp-content\/uploads\/2023\/11\/Innokin_EZ_Tube_Zenith_Minimal_Kit_Colors_Available-768x388.jpg 768w\" sizes=\"auto, (max-width: 831px) 100vw, 831px\" \/><\/a><\/p>\n<p class=\"description-img-center\"><a href=\"https:\/\/justvape.nu\/wp-content\/uploads\/2018\/05\/Packing-List.png\"><img loading=\"lazy\" decoding=\"async\" class=\"alignnone size-full wp-image-248468\" src=\"https:\/\/justvape.nu\/wp-content\/uploads\/2018\/05\/Packing-List.png\" alt=\"\" width=\"950\" height=\"64\" title=\"\" srcset=\"https:\/\/justvape.nu\/wp-content\/uploads\/2018\/05\/Packing-List.png 950w, https:\/\/justvape.nu\/wp-content\/uploads\/2018\/05\/Packing-List-600x40.png 600w, https:\/\/justvape.nu\/wp-content\/uploads\/2018\/05\/Packing-List-64x4.png 64w, https:\/\/justvape.nu\/wp-content\/uploads\/2018\/05\/Packing-List-300x20.png 300w, https:\/\/justvape.nu\/wp-content\/uploads\/2018\/05\/Packing-List-768x52.png 768w\" sizes=\"auto, (max-width: 950px) 100vw, 950px\" \/><\/a><\/p>\n<\/div>\n<\/div>\n<p>1* EZ Tube Mod (2100mAh)<br \/>\n1* Zenith Minimal 2ml TPD Tank (0.8\u03a9 MTL Z-Coil et MTL Yellow Drip Tip install\u00e9s)<br \/>\n1* Bobine de rechange 0.3\u03a9 RDL Z-Coil<br \/>\n1* Drip Tip MTL noir de rechange<br \/>\n1* Drip Tip noir RDL de rechange<br \/>\n1* Joint torique de rechange<br \/>\n1* C\u00e2ble de chargement de type C<br \/>\n1* Guide de d\u00e9marrage rapide<\/p>\n","protected":false},"excerpt":{"rendered":"<p>INNOKIN &#8211; EZ TUBE ZENITH MINIMAL KIT<\/p>\n","protected":false},"featured_media":655081,"comment_status":"open","ping_status":"closed","template":"","meta":{"_acf_changed":false,"_uag_custom_page_level_css":"","site-sidebar-layout":"default","site-content-layout":"","ast-site-content-layout":"default","site-content-style":"default","site-sidebar-style":"default","ast-global-header-display":"","ast-banner-title-visibility":"","ast-main-header-display":"","ast-hfb-above-header-display":"","ast-hfb-below-header-display":"","ast-hfb-mobile-header-display":"","site-post-title":"","ast-breadcrumbs-content":"","ast-featured-img":"","footer-sml-layout":"","ast-disable-related-posts":"","theme-transparent-header-meta":"default","adv-header-id-meta":"","stick-header-meta":"default","header-above-stick-meta":"","header-main-stick-meta":"","header-below-stick-meta":"","astra-migrate-meta-layouts":"default","ast-page-background-enabled":"default","ast-page-background-meta":{"desktop":{"background-color":"","background-image":"","background-repeat":"repeat","background-position":"center center","background-size":"auto","background-attachment":"scroll","background-type":"","background-media":"","overlay-type":"","overlay-color":"","overlay-opacity":"","overlay-gradient":""},"tablet":{"background-color":"","background-image":"","background-repeat":"repeat","background-position":"center center","background-size":"auto","background-attachment":"scroll","background-type":"","background-media":"","overlay-type":"","overlay-color":"","overlay-opacity":"","overlay-gradient":""},"mobile":{"background-color":"","background-image":"","background-repeat":"repeat","background-position":"center center","background-size":"auto","background-attachment":"scroll","background-type":"","background-media":"","overlay-type":"","overlay-color":"","overlay-opacity":"","overlay-gradient":""}},"ast-content-background-meta":{"desktop":{"background-color":"var(--ast-global-color-5)","background-image":"","background-repeat":"repeat","background-position":"center center","background-size":"auto","background-attachment":"scroll","background-type":"","background-media":"","overlay-type":"","overlay-color":"","overlay-opacity":"","overlay-gradient":""},"tablet":{"background-color":"var(--ast-global-color-5)","background-image":"","background-repeat":"repeat","background-position":"center center","background-size":"auto","background-attachment":"scroll","background-type":"","background-media":"","overlay-type":"","overlay-color":"","overlay-opacity":"","overlay-gradient":""},"mobile":{"background-color":"var(--ast-global-color-5)","background-image":"","background-repeat":"repeat","background-position":"center center","background-size":"auto","background-attachment":"scroll","background-type":"","background-media":"","overlay-type":"","overlay-color":"","overlay-opacity":"","overlay-gradient":""}}},"product_brand":[],"product_cat":[2066,2508,2536,2076,1863,2509],"product_tag":[],"class_list":{"0":"post-655293","1":"product","2":"type-product","3":"status-publish","4":"has-post-thumbnail","6":"product_cat-e-cigarettes-fr","7":"product_cat-hardware-fr","8":"product_cat-innokin-fr","9":"product_cat-kits-et-pod-pour-debutants","10":"product_cat-new-products-fr","11":"product_cat-shop-by-brand-fr","12":"desktop-align-center","13":"tablet-align-center","14":"mobile-align-center","15":"ast-product-gallery-layout-horizontal-slider","16":"ast-product-single-variable","17":"ast-product-tabs-layout-horizontal","19":"first","20":"instock","21":"sale","22":"taxable","23":"shipping-taxable","24":"purchasable","25":"product-type-variable"},"acf":[],"uagb_featured_image_src":{"full":["https:\/\/justvape.nu\/wp-content\/uploads\/2023\/11\/jW3QTxXk.jpeg",600,600,false],"thumbnail":["https:\/\/justvape.nu\/wp-content\/uploads\/2023\/11\/jW3QTxXk-150x150.jpeg",150,150,true],"medium":["https:\/\/justvape.nu\/wp-content\/uploads\/2023\/11\/jW3QTxXk-300x300.jpeg",300,300,true],"medium_large":["https:\/\/justvape.nu\/wp-content\/uploads\/2023\/11\/jW3QTxXk.jpeg",600,600,false],"large":["https:\/\/justvape.nu\/wp-content\/uploads\/2023\/11\/jW3QTxXk.jpeg",600,600,false],"1536x1536":["https:\/\/justvape.nu\/wp-content\/uploads\/2023\/11\/jW3QTxXk.jpeg",600,600,false],"2048x2048":["https:\/\/justvape.nu\/wp-content\/uploads\/2023\/11\/jW3QTxXk.jpeg",600,600,false],"woocommerce_thumbnail":["https:\/\/justvape.nu\/wp-content\/uploads\/2023\/11\/jW3QTxXk-300x300.jpeg",300,300,true],"woocommerce_single":["https:\/\/justvape.nu\/wp-content\/uploads\/2023\/11\/jW3QTxXk.jpeg",600,600,false],"woocommerce_gallery_thumbnail":["https:\/\/justvape.nu\/wp-content\/uploads\/2023\/11\/jW3QTxXk-100x100.jpeg",100,100,true],"dgwt-wcas-product-suggestion":["https:\/\/justvape.nu\/wp-content\/uploads\/2023\/11\/jW3QTxXk-64x64.jpeg",64,64,true]},"uagb_author_info":{"display_name":"Kenneth Merkur","author_link":"https:\/\/justvape.nu\/fr\/author\/"},"uagb_comment_info":0,"uagb_excerpt":"INNOKIN - EZ TUBE ZENITH MINIMAL KIT","_links":{"self":[{"href":"https:\/\/justvape.nu\/fr\/wp-json\/wp\/v2\/product\/655293","targetHints":{"allow":["GET"]}}],"collection":[{"href":"https:\/\/justvape.nu\/fr\/wp-json\/wp\/v2\/product"}],"about":[{"href":"https:\/\/justvape.nu\/fr\/wp-json\/wp\/v2\/types\/product"}],"replies":[{"embeddable":true,"href":"https:\/\/justvape.nu\/fr\/wp-json\/wp\/v2\/comments?post=655293"}],"wp:featuredmedia":[{"embeddable":true,"href":"https:\/\/justvape.nu\/fr\/wp-json\/wp\/v2\/media\/655081"}],"wp:attachment":[{"href":"https:\/\/justvape.nu\/fr\/wp-json\/wp\/v2\/media?parent=655293"}],"wp:term":[{"taxonomy":"product_brand","embeddable":true,"href":"https:\/\/justvape.nu\/fr\/wp-json\/wp\/v2\/product_brand?post=655293"},{"taxonomy":"product_cat","embeddable":true,"href":"https:\/\/justvape.nu\/fr\/wp-json\/wp\/v2\/product_cat?post=655293"},{"taxonomy":"product_tag","embeddable":true,"href":"https:\/\/justvape.nu\/fr\/wp-json\/wp\/v2\/product_tag?post=655293"}],"curies":[{"name":"wp","href":"https:\/\/api.w.org\/{rel}","templated":true}]}}