{"id":653818,"date":"2023-11-23T17:54:23","date_gmt":"2023-11-23T16:54:23","guid":{"rendered":"https:\/\/justvape.nu\/?post_type=product&#038;p=653818"},"modified":"2023-11-23T18:25:38","modified_gmt":"2023-11-23T17:25:38","slug":"cthulhu-mod-520-tank-copy","status":"publish","type":"product","link":"https:\/\/justvape.nu\/fr\/produkt\/cthulhu-mod-520-tank-copy\/","title":{"rendered":"CTHULHU MOD &#8211; 850 BORO RBA"},"content":{"rendered":"<h2>CTHULHU MOD &#8211; 850 BORO RBA<\/h2>\n<p>&nbsp;<\/p>\n<p>Le 850 RBA Boro Tank de Cthulhu Mods est l&rsquo;accessoire parfait pour tout amateur de vapotage. Ce r\u00e9servoir est compatible avec tous les mods de type Billet Box et le Cthulhu AIO Mod. Son design \u00e9l\u00e9gant et compact est optimis\u00e9 pour les bobines DIY simples, ce qui facilite la construction des bobines et la personnalisation de votre exp\u00e9rience de vapotage.<\/p>\n<p dir=\"ltr\">Le RBA Boro 850 de Cthulhu est compatible avec tous les formats Boro Box et Billet Box.<\/p>\n<p>Il est livr\u00e9 avec le c\u00e9l\u00e8bre r\u00e9servoir Kraken Boro de 5 ml, qui peut \u00eatre rempli gr\u00e2ce \u00e0 la languette en plastique situ\u00e9e \u00e0 l&rsquo;avant du r\u00e9servoir.<\/p>\n<p dir=\"ltr\">Le RBA Boro 850 est compos\u00e9 de 3 parties. Une plaque de montage pour bobine unique, une chambre d&rsquo;atomisation et une chemin\u00e9e. Il suffit de les embo\u00eeter (comme indiqu\u00e9 sur la photo).<\/p>\n<p dir=\"ltr\">Le d\u00e9bit d&rsquo;air peut bien s\u00fbr \u00eatre ajust\u00e9 \u00e0 l&rsquo;aide de 4 Airpins (fournis dans le kit), qui doivent \u00eatre viss\u00e9s \u00e0 la plaque de montage (mat\u00e9riel non fourni).<\/p>\n<p><a href=\"https:\/\/justvape.nu\/wp-content\/uploads\/2018\/05\/Specifications.png\"><img loading=\"lazy\" decoding=\"async\" class=\"alignnone size-full wp-image-248449\" src=\"https:\/\/justvape.nu\/wp-content\/uploads\/2018\/05\/Specifications.png\" alt=\"\" width=\"950\" height=\"64\" title=\"\" srcset=\"https:\/\/justvape.nu\/wp-content\/uploads\/2018\/05\/Specifications.png 950w, https:\/\/justvape.nu\/wp-content\/uploads\/2018\/05\/Specifications-600x40.png 600w, https:\/\/justvape.nu\/wp-content\/uploads\/2018\/05\/Specifications-64x4.png 64w, https:\/\/justvape.nu\/wp-content\/uploads\/2018\/05\/Specifications-300x20.png 300w, https:\/\/justvape.nu\/wp-content\/uploads\/2018\/05\/Specifications-768x52.png 768w\" sizes=\"auto, (max-width: 950px) 100vw, 950px\" \/><\/a><\/p>\n<p>&nbsp;<\/p>\n<ul>\n<li>850 RBA con\u00e7u pour un v\u00e9ritable vaping RDL et DL<\/li>\n<li>La chemin\u00e9e \u00e0 d\u00f4me est plus petite pour am\u00e9liorer la saveur et l&rsquo;impact sur la gorge.<\/li>\n<li>Taille de la broche de d\u00e9bit d&rsquo;air : 1,5 mm, 2,0 mm, 2,6 mm, 3,2 mm, 3,8 mm<\/li>\n<li>Construction facile de la bobine et du pont de m\u00e8che<\/li>\n<li>Conception d&rsquo;un flux d&rsquo;air silencieux et r\u00e9gulier<\/li>\n<li>510 Threading pour un enroulement plus facile<\/li>\n<li>Livr\u00e9 avec le r\u00e9servoir Kraken (le r\u00e9servoir Kraken est enti\u00e8rement compatible avec les autres ponts Boro)<\/li>\n<\/ul>\n<p><a style=\"font-size: 16px; background-color: #ffffff;\" href=\"https:\/\/justvape.nu\/wp-content\/uploads\/2018\/04\/Packing-List.png\"><br \/>\n<img loading=\"lazy\" decoding=\"async\" class=\"alignnone size-full wp-image-18999\" src=\"https:\/\/justvape.nu\/wp-content\/uploads\/2018\/04\/Packing-List.png\" alt=\"\" width=\"950\" height=\"64\" title=\"\" srcset=\"https:\/\/justvape.nu\/wp-content\/uploads\/2018\/04\/Packing-List.png 950w, https:\/\/justvape.nu\/wp-content\/uploads\/2018\/04\/Packing-List-555x37.png 555w, https:\/\/justvape.nu\/wp-content\/uploads\/2018\/04\/Packing-List-64x4.png 64w, https:\/\/justvape.nu\/wp-content\/uploads\/2018\/04\/Packing-List-300x20.png 300w, https:\/\/justvape.nu\/wp-content\/uploads\/2018\/04\/Packing-List-768x52.png 768w\" sizes=\"auto, (max-width: 950px) 100vw, 950px\" \/><\/a><\/p>\n<ul>\n<li>1 x 850 r\u00e9servoir kraken<\/li>\n<li>4 x broches d&rsquo;\u00e9coulement d&rsquo;air<\/li>\n<\/ul>\n","protected":false},"excerpt":{"rendered":"<p>CTHULHU MOD &#8211; 850 BORO RBA<\/p>\n","protected":false},"featured_media":653836,"comment_status":"open","ping_status":"closed","template":"","meta":{"_acf_changed":false,"_uag_custom_page_level_css":"","site-sidebar-layout":"default","site-content-layout":"","ast-site-content-layout":"default","site-content-style":"default","site-sidebar-style":"default","ast-global-header-display":"","ast-banner-title-visibility":"","ast-main-header-display":"","ast-hfb-above-header-display":"","ast-hfb-below-header-display":"","ast-hfb-mobile-header-display":"","site-post-title":"","ast-breadcrumbs-content":"","ast-featured-img":"","footer-sml-layout":"","ast-disable-related-posts":"","theme-transparent-header-meta":"default","adv-header-id-meta":"","stick-header-meta":"default","header-above-stick-meta":"","header-main-stick-meta":"","header-below-stick-meta":"","astra-migrate-meta-layouts":"default","ast-page-background-enabled":"default","ast-page-background-meta":{"desktop":{"background-color":"","background-image":"","background-repeat":"repeat","background-position":"center center","background-size":"auto","background-attachment":"scroll","background-type":"","background-media":"","overlay-type":"","overlay-color":"","overlay-opacity":"","overlay-gradient":""},"tablet":{"background-color":"","background-image":"","background-repeat":"repeat","background-position":"center center","background-size":"auto","background-attachment":"scroll","background-type":"","background-media":"","overlay-type":"","overlay-color":"","overlay-opacity":"","overlay-gradient":""},"mobile":{"background-color":"","background-image":"","background-repeat":"repeat","background-position":"center center","background-size":"auto","background-attachment":"scroll","background-type":"","background-media":"","overlay-type":"","overlay-color":"","overlay-opacity":"","overlay-gradient":""}},"ast-content-background-meta":{"desktop":{"background-color":"var(--ast-global-color-5)","background-image":"","background-repeat":"repeat","background-position":"center center","background-size":"auto","background-attachment":"scroll","background-type":"","background-media":"","overlay-type":"","overlay-color":"","overlay-opacity":"","overlay-gradient":""},"tablet":{"background-color":"var(--ast-global-color-5)","background-image":"","background-repeat":"repeat","background-position":"center center","background-size":"auto","background-attachment":"scroll","background-type":"","background-media":"","overlay-type":"","overlay-color":"","overlay-opacity":"","overlay-gradient":""},"mobile":{"background-color":"var(--ast-global-color-5)","background-image":"","background-repeat":"repeat","background-position":"center center","background-size":"auto","background-attachment":"scroll","background-type":"","background-media":"","overlay-type":"","overlay-color":"","overlay-opacity":"","overlay-gradient":""}}},"product_brand":[],"product_cat":[6205,2508,1863,2036,1976,2509],"product_tag":[],"class_list":{"0":"post-653818","1":"product","2":"type-product","3":"status-publish","4":"has-post-thumbnail","6":"product_cat-cthulhu-mod-fr","7":"product_cat-hardware-fr","8":"product_cat-new-products-fr","9":"product_cat-reservoirs","10":"product_cat-reservoirs-et-bobines","11":"product_cat-shop-by-brand-fr","12":"desktop-align-center","13":"tablet-align-center","14":"mobile-align-center","15":"ast-product-gallery-layout-horizontal-slider","16":"ast-product-gallery-with-no-image","17":"ast-product-tabs-layout-horizontal","19":"first","20":"instock","21":"sale","22":"taxable","23":"shipping-taxable","24":"purchasable","25":"product-type-simple"},"acf":[],"uagb_featured_image_src":{"full":["https:\/\/justvape.nu\/wp-content\/uploads\/2023\/11\/cthulhu-mods-850-boro-rba-35447255564443.webp",480,480,false],"thumbnail":["https:\/\/justvape.nu\/wp-content\/uploads\/2023\/11\/cthulhu-mods-850-boro-rba-35447255564443-150x150.webp",150,150,true],"medium":["https:\/\/justvape.nu\/wp-content\/uploads\/2023\/11\/cthulhu-mods-850-boro-rba-35447255564443-300x300.webp",300,300,true],"medium_large":["https:\/\/justvape.nu\/wp-content\/uploads\/2023\/11\/cthulhu-mods-850-boro-rba-35447255564443.webp",480,480,false],"large":["https:\/\/justvape.nu\/wp-content\/uploads\/2023\/11\/cthulhu-mods-850-boro-rba-35447255564443.webp",480,480,false],"1536x1536":["https:\/\/justvape.nu\/wp-content\/uploads\/2023\/11\/cthulhu-mods-850-boro-rba-35447255564443.webp",480,480,false],"2048x2048":["https:\/\/justvape.nu\/wp-content\/uploads\/2023\/11\/cthulhu-mods-850-boro-rba-35447255564443.webp",480,480,false],"woocommerce_thumbnail":["https:\/\/justvape.nu\/wp-content\/uploads\/2023\/11\/cthulhu-mods-850-boro-rba-35447255564443-300x300.webp",300,300,true],"woocommerce_single":["https:\/\/justvape.nu\/wp-content\/uploads\/2023\/11\/cthulhu-mods-850-boro-rba-35447255564443.webp",480,480,false],"woocommerce_gallery_thumbnail":["https:\/\/justvape.nu\/wp-content\/uploads\/2023\/11\/cthulhu-mods-850-boro-rba-35447255564443-100x100.webp",100,100,true],"dgwt-wcas-product-suggestion":["https:\/\/justvape.nu\/wp-content\/uploads\/2023\/11\/cthulhu-mods-850-boro-rba-35447255564443-64x64.webp",64,64,true]},"uagb_author_info":{"display_name":"JustVape.nu","author_link":"https:\/\/justvape.nu\/fr\/author\/"},"uagb_comment_info":0,"uagb_excerpt":"CTHULHU MOD - 850 BORO RBA","_links":{"self":[{"href":"https:\/\/justvape.nu\/fr\/wp-json\/wp\/v2\/product\/653818","targetHints":{"allow":["GET"]}}],"collection":[{"href":"https:\/\/justvape.nu\/fr\/wp-json\/wp\/v2\/product"}],"about":[{"href":"https:\/\/justvape.nu\/fr\/wp-json\/wp\/v2\/types\/product"}],"replies":[{"embeddable":true,"href":"https:\/\/justvape.nu\/fr\/wp-json\/wp\/v2\/comments?post=653818"}],"wp:featuredmedia":[{"embeddable":true,"href":"https:\/\/justvape.nu\/fr\/wp-json\/wp\/v2\/media\/653836"}],"wp:attachment":[{"href":"https:\/\/justvape.nu\/fr\/wp-json\/wp\/v2\/media?parent=653818"}],"wp:term":[{"taxonomy":"product_brand","embeddable":true,"href":"https:\/\/justvape.nu\/fr\/wp-json\/wp\/v2\/product_brand?post=653818"},{"taxonomy":"product_cat","embeddable":true,"href":"https:\/\/justvape.nu\/fr\/wp-json\/wp\/v2\/product_cat?post=653818"},{"taxonomy":"product_tag","embeddable":true,"href":"https:\/\/justvape.nu\/fr\/wp-json\/wp\/v2\/product_tag?post=653818"}],"curies":[{"name":"wp","href":"https:\/\/api.w.org\/{rel}","templated":true}]}}