{"id":650871,"date":"2023-11-12T17:03:13","date_gmt":"2023-11-12T16:03:13","guid":{"rendered":"https:\/\/justvape.nu\/produkt\/oxva-xlim-sq-pro-pod\/"},"modified":"2026-01-18T18:01:59","modified_gmt":"2026-01-18T17:01:59","slug":"oxva-xlim-sq-pro-pod","status":"publish","type":"product","link":"https:\/\/justvape.nu\/fr\/produkt\/oxva-xlim-sq-pro-pod\/","title":{"rendered":"OXVA &#8211; XLIM SQ PRO POD"},"content":{"rendered":"<h2>OXVA &#8211; XLIM SQ PRO POD<\/h2>\n<p>Voici l&rsquo;Oxva Xlim SQ Pro Pod Vape, une it\u00e9ration avanc\u00e9e de l&rsquo;OXVA SQ avec des caract\u00e9ristiques de qualit\u00e9 de vie am\u00e9lior\u00e9es. Cet appareil \u00e9l\u00e9gant est dot\u00e9 d&rsquo;une batterie de 1200mAh, garantissant un temps de vape ample, et sa charge USB-C rapide de 2AMP permet de recharger rapidement la batterie. Le Xlim SQ Pro offre une saveur et une production de vapeur exceptionnelles gr\u00e2ce aux dosettes OXVA Xlim V2 et aux dosettes de remplacement Xlim Top fill.<\/p>\n<p>Profitez d&rsquo;une exp\u00e9rience de vapotage personnalisable gr\u00e2ce \u00e0 la fonction de flux d&rsquo;air r\u00e9glable. \u00c9quip\u00e9 d&rsquo;un chipset intelligent, le Xlim SQ Pro ajuste automatiquement la puissance de sortie en fonction du pod install\u00e9, optimisant ainsi les performances. Vous pouvez \u00e9galement cliquer trois fois sur le bouton, puis ajuster en tapant sur le bouton. Cela ajoute 1 watt par clic et se fera \u00e0 tour de r\u00f4le. L&rsquo;appareil a une puissance maximale de 30 W.<\/p>\n<p>Restez inform\u00e9 gr\u00e2ce \u00e0 l&rsquo;\u00e9cran intelligent de 0,96 pouce qui affiche de mani\u00e8re pratique des informations essentielles sur le vapotage, telles que le nombre de bouff\u00e9es, la puissance et la dur\u00e9e du vapotage. D\u00e9couvrez le summum de la commodit\u00e9 et de la performance avec le Oxva Xlim SQ Pro Pod Vape. En appuyant deux fois sur le bouton d&rsquo;allumage, vous pouvez choisir un th\u00e8me et basculer entre le mode d&rsquo;alimentation et le mode intelligent.<\/p>\n<p><a href=\"https:\/\/justvape.nu\/wp-content\/uploads\/2018\/05\/Color-Schemes.png\"><img loading=\"lazy\" decoding=\"async\" class=\"alignnone size-full wp-image-19187\" src=\"https:\/\/justvape.nu\/wp-content\/uploads\/2018\/05\/Color-Schemes.png\" alt=\"\" width=\"950\" height=\"64\" title=\"\" srcset=\"https:\/\/justvape.nu\/wp-content\/uploads\/2018\/05\/Color-Schemes.png 950w, https:\/\/justvape.nu\/wp-content\/uploads\/2018\/05\/Color-Schemes-555x37.png 555w, https:\/\/justvape.nu\/wp-content\/uploads\/2018\/05\/Color-Schemes-64x4.png 64w, https:\/\/justvape.nu\/wp-content\/uploads\/2018\/05\/Color-Schemes-300x20.png 300w, https:\/\/justvape.nu\/wp-content\/uploads\/2018\/05\/Color-Schemes-768x52.png 768w\" sizes=\"auto, (max-width: 950px) 100vw, 950px\" \/><\/a><\/p>\n<p class=\"description-img-center\"><a href=\"https:\/\/justvape.nu\/wp-content\/uploads\/2023\/11\/OXVA_Xlim_SQ_Pro_Kit_Colors.jpg\"><img loading=\"lazy\" decoding=\"async\" class=\"alignnone wp-image-650715\" src=\"https:\/\/justvape.nu\/wp-content\/uploads\/2023\/11\/OXVA_Xlim_SQ_Pro_Kit_Colors.jpg\" alt=\"\" width=\"937\" height=\"782\" title=\"\" srcset=\"https:\/\/justvape.nu\/wp-content\/uploads\/2023\/11\/OXVA_Xlim_SQ_Pro_Kit_Colors.jpg 800w, https:\/\/justvape.nu\/wp-content\/uploads\/2023\/11\/OXVA_Xlim_SQ_Pro_Kit_Colors-600x501.jpg 600w, https:\/\/justvape.nu\/wp-content\/uploads\/2023\/11\/OXVA_Xlim_SQ_Pro_Kit_Colors-64x53.jpg 64w, https:\/\/justvape.nu\/wp-content\/uploads\/2023\/11\/OXVA_Xlim_SQ_Pro_Kit_Colors-300x251.jpg 300w, https:\/\/justvape.nu\/wp-content\/uploads\/2023\/11\/OXVA_Xlim_SQ_Pro_Kit_Colors-768x641.jpg 768w\" sizes=\"auto, (max-width: 937px) 100vw, 937px\" \/><\/a><\/p>\n<div class=\"shop-features \">\n<h2 class=\"shop-features-title \"><a href=\"https:\/\/justvape.nu\/wp-content\/uploads\/2018\/05\/Specifications.png\"><img loading=\"lazy\" decoding=\"async\" class=\"alignnone size-full wp-image-18993\" src=\"https:\/\/justvape.nu\/wp-content\/uploads\/2018\/05\/Specifications.png\" alt=\"\" width=\"950\" height=\"64\" title=\"\" srcset=\"https:\/\/justvape.nu\/wp-content\/uploads\/2018\/05\/Specifications.png 950w, https:\/\/justvape.nu\/wp-content\/uploads\/2018\/05\/Specifications-555x37.png 555w, https:\/\/justvape.nu\/wp-content\/uploads\/2018\/05\/Specifications-64x4.png 64w, https:\/\/justvape.nu\/wp-content\/uploads\/2018\/05\/Specifications-300x20.png 300w, https:\/\/justvape.nu\/wp-content\/uploads\/2018\/05\/Specifications-768x52.png 768w\" sizes=\"auto, (max-width: 950px) 100vw, 950px\" \/><\/a><\/h2>\n<\/div>\n<table class=\"description-table\">\n<tbody>\n<tr>\n<td class=\"strong-title \">Marque<\/td>\n<td class=\"inline\">OXVA<\/td>\n<\/tr>\n<tr>\n<td class=\"strong-title \">Nom du produit<\/td>\n<td class=\"inline\">Kit Xlim SQ Pro<\/td>\n<\/tr>\n<tr>\n<td class=\"strong-title \">Puissance de sortie<\/td>\n<td class=\"inline\">5-30W<\/td>\n<\/tr>\n<tr>\n<td class=\"strong-title \">Capacit\u00e9 de la cartouche<\/td>\n<td class=\"inline\">2ml<\/td>\n<\/tr>\n<tr>\n<td class=\"strong-title \">Gamme de r\u00e9sistance<\/td>\n<td class=\"inline\">0,33-3,0 ohms<\/td>\n<\/tr>\n<tr>\n<td class=\"strong-title \">Pods compatibles<\/td>\n<td class=\"inline\">Cartouche XLIM \u00e0 remplissage par le haut (0,4\u03a9\/0,6\u03a9\/0,8\u03a9\/1,2\u03a9)<br \/>\nCartouche XLIM V2 (0,6\u03a9\/0,8\u03a9\/1,2\u03a9)<br \/>\nCartouche pr\u00e9remplie XLIM<\/td>\n<\/tr>\n<tr>\n<td class=\"strong-title \">Syst\u00e8me de recharge<\/td>\n<td class=\"inline\">Recharge sup\u00e9rieure<\/td>\n<\/tr>\n<tr>\n<td class=\"strong-title \">Contr\u00f4le du d\u00e9bit d&rsquo;air<\/td>\n<td class=\"inline\">C\u00f4t\u00e9 AFC<\/td>\n<\/tr>\n<tr>\n<td class=\"strong-title \">\u00c9cran d&rsquo;affichage<\/td>\n<td class=\"inline\">\u00c9cran couleur TFT de 0,96 pouces<\/td>\n<\/tr>\n<tr>\n<td class=\"strong-title \">Batterie<\/td>\n<td class=\"inline\">1200mAh<\/td>\n<\/tr>\n<tr>\n<td class=\"strong-title \">Chargement<\/td>\n<td class=\"inline\">5V\/2A, Type-C<\/td>\n<\/tr>\n<tr>\n<td class=\"strong-title \">Mat\u00e9riau<\/td>\n<td class=\"inline\">Alliage de zinc+IML+PCTG<\/td>\n<\/tr>\n<tr>\n<td class=\"strong-title \">Taille<\/td>\n<td class=\"inline\">54,4*20,4*77,0mm<\/td>\n<\/tr>\n<tr>\n<td class=\"strong-title \">Couleur<\/td>\n<td class=\"inline\">Bois de bronze, Bois de bronze, Carbone noir, Carbone or, Bleu tendre, Blanc mauve, Rose pastel, Blanc printanier<\/td>\n<\/tr>\n<\/tbody>\n<\/table>\n<div class=\"shop-features \">\n<h2 class=\"shop-features-title \"><a href=\"https:\/\/justvape.nu\/wp-content\/uploads\/2018\/05\/Features.png\"><img loading=\"lazy\" decoding=\"async\" class=\"alignnone size-full wp-image-248458\" src=\"https:\/\/justvape.nu\/wp-content\/uploads\/2018\/05\/Features.png\" alt=\"\" width=\"950\" height=\"64\" title=\"\" srcset=\"https:\/\/justvape.nu\/wp-content\/uploads\/2018\/05\/Features.png 950w, https:\/\/justvape.nu\/wp-content\/uploads\/2018\/05\/Features-600x40.png 600w, https:\/\/justvape.nu\/wp-content\/uploads\/2018\/05\/Features-64x4.png 64w, https:\/\/justvape.nu\/wp-content\/uploads\/2018\/05\/Features-300x20.png 300w, https:\/\/justvape.nu\/wp-content\/uploads\/2018\/05\/Features-768x52.png 768w\" sizes=\"auto, (max-width: 950px) 100vw, 950px\" \/><\/a><\/h2>\n<\/div>\n<ul>\n<li style=\"list-style-type: none;\">\n<ul>\n<li>1. Puissance de sortie maximale de 30 W<\/li>\n<li>2. \u00c9cran couleur TFT de 0,96 pouce<\/li>\n<li>3. Th\u00e8mes dynamiques facultatifs<\/li>\n<li>4. Batterie int\u00e9gr\u00e9e de 1200mAh<\/li>\n<li>5. Compatible avec les cartouches de la s\u00e9rie XLIM<\/li>\n<li>6. Tr\u00e8s r\u00e9sistant aux fuites<\/li>\n<li>7. Mode Smart &amp; Power<\/li>\n<\/ul>\n<\/li>\n<\/ul>\n<div class=\"img-show-more\">\n<div id=\"img_content_less\" class=\"img-content add-more\">\n<p class=\"description-img-center\"><a href=\"https:\/\/justvape.nu\/wp-content\/uploads\/2023\/11\/OXVA_Xlim_SQ_Pro_Kit_Battery_Capacity.jpg\"><img loading=\"lazy\" decoding=\"async\" class=\"alignnone size-full wp-image-650724\" src=\"https:\/\/justvape.nu\/wp-content\/uploads\/2023\/11\/OXVA_Xlim_SQ_Pro_Kit_Battery_Capacity.jpg\" alt=\"\" width=\"831\" height=\"487\" title=\"\" srcset=\"https:\/\/justvape.nu\/wp-content\/uploads\/2023\/11\/OXVA_Xlim_SQ_Pro_Kit_Battery_Capacity.jpg 831w, https:\/\/justvape.nu\/wp-content\/uploads\/2023\/11\/OXVA_Xlim_SQ_Pro_Kit_Battery_Capacity-600x352.jpg 600w, https:\/\/justvape.nu\/wp-content\/uploads\/2023\/11\/OXVA_Xlim_SQ_Pro_Kit_Battery_Capacity-64x38.jpg 64w, https:\/\/justvape.nu\/wp-content\/uploads\/2023\/11\/OXVA_Xlim_SQ_Pro_Kit_Battery_Capacity-300x176.jpg 300w, https:\/\/justvape.nu\/wp-content\/uploads\/2023\/11\/OXVA_Xlim_SQ_Pro_Kit_Battery_Capacity-768x450.jpg 768w\" sizes=\"auto, (max-width: 831px) 100vw, 831px\" \/><\/a> <a href=\"https:\/\/justvape.nu\/wp-content\/uploads\/2023\/11\/OXVA_Xlim_SQ_Pro_Kit_Features.jpg\"><img loading=\"lazy\" decoding=\"async\" class=\"alignnone size-full wp-image-650732\" src=\"https:\/\/justvape.nu\/wp-content\/uploads\/2023\/11\/OXVA_Xlim_SQ_Pro_Kit_Features.jpg\" alt=\"\" width=\"831\" height=\"390\" title=\"\" srcset=\"https:\/\/justvape.nu\/wp-content\/uploads\/2023\/11\/OXVA_Xlim_SQ_Pro_Kit_Features.jpg 831w, https:\/\/justvape.nu\/wp-content\/uploads\/2023\/11\/OXVA_Xlim_SQ_Pro_Kit_Features-600x282.jpg 600w, https:\/\/justvape.nu\/wp-content\/uploads\/2023\/11\/OXVA_Xlim_SQ_Pro_Kit_Features-64x30.jpg 64w, https:\/\/justvape.nu\/wp-content\/uploads\/2023\/11\/OXVA_Xlim_SQ_Pro_Kit_Features-300x141.jpg 300w, https:\/\/justvape.nu\/wp-content\/uploads\/2023\/11\/OXVA_Xlim_SQ_Pro_Kit_Features-768x360.jpg 768w\" sizes=\"auto, (max-width: 831px) 100vw, 831px\" \/><\/a> <a href=\"https:\/\/justvape.nu\/wp-content\/uploads\/2023\/11\/OXVA_Xlim_SQ_Pro_Kit_Main_Features.jpg\"><img loading=\"lazy\" decoding=\"async\" class=\"alignnone size-full wp-image-650740\" src=\"https:\/\/justvape.nu\/wp-content\/uploads\/2023\/11\/OXVA_Xlim_SQ_Pro_Kit_Main_Features.jpg\" alt=\"\" width=\"831\" height=\"439\" title=\"\" srcset=\"https:\/\/justvape.nu\/wp-content\/uploads\/2023\/11\/OXVA_Xlim_SQ_Pro_Kit_Main_Features.jpg 831w, https:\/\/justvape.nu\/wp-content\/uploads\/2023\/11\/OXVA_Xlim_SQ_Pro_Kit_Main_Features-600x317.jpg 600w, https:\/\/justvape.nu\/wp-content\/uploads\/2023\/11\/OXVA_Xlim_SQ_Pro_Kit_Main_Features-64x34.jpg 64w, https:\/\/justvape.nu\/wp-content\/uploads\/2023\/11\/OXVA_Xlim_SQ_Pro_Kit_Main_Features-300x158.jpg 300w, https:\/\/justvape.nu\/wp-content\/uploads\/2023\/11\/OXVA_Xlim_SQ_Pro_Kit_Main_Features-768x406.jpg 768w\" sizes=\"auto, (max-width: 831px) 100vw, 831px\" \/><\/a><\/p>\n<p class=\"description-img-center\"><a href=\"https:\/\/justvape.nu\/wp-content\/uploads\/2018\/05\/Packing-List.png\"><img loading=\"lazy\" decoding=\"async\" class=\"alignnone size-full wp-image-18995\" src=\"https:\/\/justvape.nu\/wp-content\/uploads\/2018\/05\/Packing-List.png\" alt=\"\" width=\"950\" height=\"64\" title=\"\" srcset=\"https:\/\/justvape.nu\/wp-content\/uploads\/2018\/05\/Packing-List.png 950w, https:\/\/justvape.nu\/wp-content\/uploads\/2018\/05\/Packing-List-555x37.png 555w, https:\/\/justvape.nu\/wp-content\/uploads\/2018\/05\/Packing-List-64x4.png 64w, https:\/\/justvape.nu\/wp-content\/uploads\/2018\/05\/Packing-List-300x20.png 300w, https:\/\/justvape.nu\/wp-content\/uploads\/2018\/05\/Packing-List-768x52.png 768w\" sizes=\"auto, (max-width: 950px) 100vw, 950px\" \/><\/a><\/p>\n<\/div>\n<\/div>\n<p>1* Dispositif Xlim SQ Pro<br \/>\n1* Cartouche Top Fill 0.6ohm (pr\u00e9-install\u00e9e)<br \/>\n1* Cartouche Top Fill 0.8ohm<br \/>\n1* C\u00e2ble Type-C<br \/>\n1* Lani\u00e8re<br \/>\n1 * manuel de l&rsquo;utilisateur<\/p>\n<p class=\"description-img-center \"><a href=\"https:\/\/justvape.nu\/wp-content\/uploads\/2023\/11\/OXVA_Xlim_SQ_Pro_Kit_Package_List.jpg\"><img loading=\"lazy\" decoding=\"async\" class=\"alignnone size-full wp-image-650748\" src=\"https:\/\/justvape.nu\/wp-content\/uploads\/2023\/11\/OXVA_Xlim_SQ_Pro_Kit_Package_List.jpg\" alt=\"\" width=\"831\" height=\"340\" title=\"\" srcset=\"https:\/\/justvape.nu\/wp-content\/uploads\/2023\/11\/OXVA_Xlim_SQ_Pro_Kit_Package_List.jpg 831w, https:\/\/justvape.nu\/wp-content\/uploads\/2023\/11\/OXVA_Xlim_SQ_Pro_Kit_Package_List-600x245.jpg 600w, https:\/\/justvape.nu\/wp-content\/uploads\/2023\/11\/OXVA_Xlim_SQ_Pro_Kit_Package_List-64x26.jpg 64w, https:\/\/justvape.nu\/wp-content\/uploads\/2023\/11\/OXVA_Xlim_SQ_Pro_Kit_Package_List-300x123.jpg 300w, https:\/\/justvape.nu\/wp-content\/uploads\/2023\/11\/OXVA_Xlim_SQ_Pro_Kit_Package_List-768x314.jpg 768w\" sizes=\"auto, (max-width: 831px) 100vw, 831px\" \/><\/a><\/p>\n","protected":false},"excerpt":{"rendered":"<p>OXVA &#8211; XLIM SQ PRO POD<\/p>\n","protected":false},"featured_media":650767,"comment_status":"open","ping_status":"closed","template":"","meta":{"_acf_changed":false,"_uag_custom_page_level_css":"","site-sidebar-layout":"default","site-content-layout":"","ast-site-content-layout":"default","site-content-style":"default","site-sidebar-style":"default","ast-global-header-display":"","ast-banner-title-visibility":"","ast-main-header-display":"","ast-hfb-above-header-display":"","ast-hfb-below-header-display":"","ast-hfb-mobile-header-display":"","site-post-title":"","ast-breadcrumbs-content":"","ast-featured-img":"","footer-sml-layout":"","ast-disable-related-posts":"","theme-transparent-header-meta":"default","adv-header-id-meta":"","stick-header-meta":"default","header-above-stick-meta":"","header-main-stick-meta":"","header-below-stick-meta":"","astra-migrate-meta-layouts":"default","ast-page-background-enabled":"default","ast-page-background-meta":{"desktop":{"background-color":"","background-image":"","background-repeat":"repeat","background-position":"center center","background-size":"auto","background-attachment":"scroll","background-type":"","background-media":"","overlay-type":"","overlay-color":"","overlay-opacity":"","overlay-gradient":""},"tablet":{"background-color":"","background-image":"","background-repeat":"repeat","background-position":"center center","background-size":"auto","background-attachment":"scroll","background-type":"","background-media":"","overlay-type":"","overlay-color":"","overlay-opacity":"","overlay-gradient":""},"mobile":{"background-color":"","background-image":"","background-repeat":"repeat","background-position":"center center","background-size":"auto","background-attachment":"scroll","background-type":"","background-media":"","overlay-type":"","overlay-color":"","overlay-opacity":"","overlay-gradient":""}},"ast-content-background-meta":{"desktop":{"background-color":"var(--ast-global-color-5)","background-image":"","background-repeat":"repeat","background-position":"center center","background-size":"auto","background-attachment":"scroll","background-type":"","background-media":"","overlay-type":"","overlay-color":"","overlay-opacity":"","overlay-gradient":""},"tablet":{"background-color":"var(--ast-global-color-5)","background-image":"","background-repeat":"repeat","background-position":"center center","background-size":"auto","background-attachment":"scroll","background-type":"","background-media":"","overlay-type":"","overlay-color":"","overlay-opacity":"","overlay-gradient":""},"mobile":{"background-color":"var(--ast-global-color-5)","background-image":"","background-repeat":"repeat","background-position":"center center","background-size":"auto","background-attachment":"scroll","background-type":"","background-media":"","overlay-type":"","overlay-color":"","overlay-opacity":"","overlay-gradient":""}}},"product_brand":[],"product_cat":[2066,2508,2076,1863,6189,2509],"product_tag":[],"class_list":{"0":"post-650871","1":"product","2":"type-product","3":"status-publish","4":"has-post-thumbnail","6":"product_cat-e-cigarettes-fr","7":"product_cat-hardware-fr","8":"product_cat-kits-et-pod-pour-debutants","9":"product_cat-new-products-fr","10":"product_cat-oxva-fr","11":"product_cat-shop-by-brand-fr","12":"desktop-align-center","13":"tablet-align-center","14":"mobile-align-center","15":"ast-product-gallery-layout-horizontal-slider","16":"ast-product-single-variable","17":"ast-product-tabs-layout-horizontal","19":"first","20":"instock","21":"sale","22":"taxable","23":"shipping-taxable","24":"purchasable","25":"product-type-variable"},"acf":[],"uagb_featured_image_src":{"full":["https:\/\/justvape.nu\/wp-content\/uploads\/2023\/11\/iUbGrQJu.jpeg",600,600,false],"thumbnail":["https:\/\/justvape.nu\/wp-content\/uploads\/2023\/11\/iUbGrQJu-150x150.jpeg",150,150,true],"medium":["https:\/\/justvape.nu\/wp-content\/uploads\/2023\/11\/iUbGrQJu-300x300.jpeg",300,300,true],"medium_large":["https:\/\/justvape.nu\/wp-content\/uploads\/2023\/11\/iUbGrQJu.jpeg",600,600,false],"large":["https:\/\/justvape.nu\/wp-content\/uploads\/2023\/11\/iUbGrQJu.jpeg",600,600,false],"1536x1536":["https:\/\/justvape.nu\/wp-content\/uploads\/2023\/11\/iUbGrQJu.jpeg",600,600,false],"2048x2048":["https:\/\/justvape.nu\/wp-content\/uploads\/2023\/11\/iUbGrQJu.jpeg",600,600,false],"woocommerce_thumbnail":["https:\/\/justvape.nu\/wp-content\/uploads\/2023\/11\/iUbGrQJu-300x300.jpeg",300,300,true],"woocommerce_single":["https:\/\/justvape.nu\/wp-content\/uploads\/2023\/11\/iUbGrQJu.jpeg",600,600,false],"woocommerce_gallery_thumbnail":["https:\/\/justvape.nu\/wp-content\/uploads\/2023\/11\/iUbGrQJu-100x100.jpeg",100,100,true],"dgwt-wcas-product-suggestion":["https:\/\/justvape.nu\/wp-content\/uploads\/2023\/11\/iUbGrQJu-64x64.jpeg",64,64,true]},"uagb_author_info":{"display_name":"Kenneth Merkur","author_link":"https:\/\/justvape.nu\/fr\/author\/"},"uagb_comment_info":0,"uagb_excerpt":"OXVA - XLIM SQ PRO POD","_links":{"self":[{"href":"https:\/\/justvape.nu\/fr\/wp-json\/wp\/v2\/product\/650871","targetHints":{"allow":["GET"]}}],"collection":[{"href":"https:\/\/justvape.nu\/fr\/wp-json\/wp\/v2\/product"}],"about":[{"href":"https:\/\/justvape.nu\/fr\/wp-json\/wp\/v2\/types\/product"}],"replies":[{"embeddable":true,"href":"https:\/\/justvape.nu\/fr\/wp-json\/wp\/v2\/comments?post=650871"}],"wp:featuredmedia":[{"embeddable":true,"href":"https:\/\/justvape.nu\/fr\/wp-json\/wp\/v2\/media\/650767"}],"wp:attachment":[{"href":"https:\/\/justvape.nu\/fr\/wp-json\/wp\/v2\/media?parent=650871"}],"wp:term":[{"taxonomy":"product_brand","embeddable":true,"href":"https:\/\/justvape.nu\/fr\/wp-json\/wp\/v2\/product_brand?post=650871"},{"taxonomy":"product_cat","embeddable":true,"href":"https:\/\/justvape.nu\/fr\/wp-json\/wp\/v2\/product_cat?post=650871"},{"taxonomy":"product_tag","embeddable":true,"href":"https:\/\/justvape.nu\/fr\/wp-json\/wp\/v2\/product_tag?post=650871"}],"curies":[{"name":"wp","href":"https:\/\/api.w.org\/{rel}","templated":true}]}}