{"id":646704,"date":"2023-10-28T11:41:39","date_gmt":"2023-10-28T09:41:39","guid":{"rendered":"https:\/\/justvape.nu\/produkt\/lost-vape-ursa-nano-2-pod-kit\/"},"modified":"2023-10-28T11:41:39","modified_gmt":"2023-10-28T09:41:39","slug":"lost-vape-ursa-nano-2-pod-kit","status":"publish","type":"product","link":"https:\/\/justvape.nu\/fr\/produkt\/lost-vape-ursa-nano-2-pod-kit\/","title":{"rendered":"LOST VAPE &#8211; URSA NANO 2 POD KIT"},"content":{"rendered":"<h2>LOST VAPE &#8211; URSA NANO 2 POD KIT<\/h2>\n<p><span style=\"font-size: 16px;\">Pr\u00e9sentation de l&rsquo;Ursa Nano 2<\/span><span style=\"font-size: 16px;\"> <\/span><span style=\"font-size: 16px;\">Kit pod<\/span><span style=\"font-size: 16px;\">  de Lost Vape &#8211; un dispositif de vapotage \u00e9l\u00e9gant et styl\u00e9 qui offre une exp\u00e9rience exceptionnelle. L&rsquo;Ursa Nano 2 est un kit pod \u00e9l\u00e9gant et simple qui utilise les pods Ursa Nano d&rsquo;une capacit\u00e9 de 2 ml, ce qui le rend parfait pour les e-liquides \u00e0 base de sels de nicotine. Il est dot\u00e9 d&rsquo;un syst\u00e8me d&rsquo;activation par inhalation, ce qui signifie qu&rsquo;il vous suffit d&rsquo;aspirer pour commencer \u00e0 vaper. Cette caract\u00e9ristique, associ\u00e9e \u00e0 sa conception compacte et l\u00e9g\u00e8re, permet de l&#8217;emporter facilement tout au long de la journ\u00e9e.<\/span><\/p>\n<div class=\"collapsible-tab__text\">\n<p>La batterie int\u00e9gr\u00e9e de 900mAh garantit des sessions de vapotage de longue dur\u00e9e, et elle peut \u00eatre rapidement recharg\u00e9e \u00e0 l&rsquo;aide de la charge USB Type-C de 1Amp. Avec une puissance maximale de 22 watts, vous pouvez profiter d&rsquo;un hit satisfaisant tout en pr\u00e9servant les saveurs de vos e-liquides. La fonction de d\u00e9bit d&rsquo;air r\u00e9glable vous permet de contr\u00f4ler la restriction de l&rsquo;inhalation, vous offrant ainsi une exp\u00e9rience de vapotage personnalis\u00e9e. L&rsquo;Ursa Nano 2 est \u00e9galement dot\u00e9 d&rsquo;un r\u00e9tro\u00e9clairage par LED, qui ajoute des effets visuels saisissants aux motifs d\u00e9j\u00e0 audacieux du bo\u00eetier de l&rsquo;appareil.<\/p>\n<p>Le Ursa Nano 2 Pod Kit de Lost Vape est un dispositif de vapotage compact et puissant. Il utilise des dosettes Ursa Nano d&rsquo;une capacit\u00e9 de 2 ml pour les e-liquides \u00e0 base de sels de nicotine. Avec l&rsquo;activation de l&rsquo;inhalation et un design l\u00e9ger, il est parfait pour le vapotage en d\u00e9placement. La batterie int\u00e9gr\u00e9e de 900mAh peut \u00eatre rapidement recharg\u00e9e via l&rsquo;USB Type-C. Avec une puissance maximale de 22 watts, un flux d&rsquo;air r\u00e9glable et un r\u00e9tro\u00e9clairage LED, ce kit pod allie style et fonctionnalit\u00e9 pour une exp\u00e9rience de vapotage exceptionnelle.<\/p>\n<p><a href=\"https:\/\/justvape.nu\/wp-content\/uploads\/2018\/05\/Color-Schemes.png\"><img loading=\"lazy\" decoding=\"async\" class=\"alignnone size-full wp-image-19187\" src=\"https:\/\/justvape.nu\/wp-content\/uploads\/2018\/05\/Color-Schemes.png\" alt=\"\" width=\"950\" height=\"64\" title=\"\" srcset=\"https:\/\/justvape.nu\/wp-content\/uploads\/2018\/05\/Color-Schemes.png 950w, https:\/\/justvape.nu\/wp-content\/uploads\/2018\/05\/Color-Schemes-555x37.png 555w, https:\/\/justvape.nu\/wp-content\/uploads\/2018\/05\/Color-Schemes-64x4.png 64w, https:\/\/justvape.nu\/wp-content\/uploads\/2018\/05\/Color-Schemes-300x20.png 300w, https:\/\/justvape.nu\/wp-content\/uploads\/2018\/05\/Color-Schemes-768x52.png 768w\" sizes=\"auto, (max-width: 950px) 100vw, 950px\" \/><\/a><\/p>\n<p class=\"description-img-center\"><a href=\"https:\/\/justvape.nu\/wp-content\/uploads\/2023\/10\/Lost_Vape_Ursa_Nano_2_Kit_Colors.jpg\"><img loading=\"lazy\" decoding=\"async\" class=\"alignnone wp-image-646022\" src=\"https:\/\/justvape.nu\/wp-content\/uploads\/2023\/10\/Lost_Vape_Ursa_Nano_2_Kit_Colors.jpg\" alt=\"\" width=\"937\" height=\"830\" title=\"\" srcset=\"https:\/\/justvape.nu\/wp-content\/uploads\/2023\/10\/Lost_Vape_Ursa_Nano_2_Kit_Colors.jpg 700w, https:\/\/justvape.nu\/wp-content\/uploads\/2023\/10\/Lost_Vape_Ursa_Nano_2_Kit_Colors-600x531.jpg 600w, https:\/\/justvape.nu\/wp-content\/uploads\/2023\/10\/Lost_Vape_Ursa_Nano_2_Kit_Colors-64x57.jpg 64w, https:\/\/justvape.nu\/wp-content\/uploads\/2023\/10\/Lost_Vape_Ursa_Nano_2_Kit_Colors-300x266.jpg 300w\" sizes=\"auto, (max-width: 937px) 100vw, 937px\" \/><\/a><\/p>\n<div class=\"shop-features \">\n<h2 class=\"shop-features-title \"><a href=\"https:\/\/justvape.nu\/wp-content\/uploads\/2018\/05\/Specifications.png\"><img loading=\"lazy\" decoding=\"async\" class=\"alignnone size-full wp-image-248449\" src=\"https:\/\/justvape.nu\/wp-content\/uploads\/2018\/05\/Specifications.png\" alt=\"\" width=\"950\" height=\"64\" title=\"\" srcset=\"https:\/\/justvape.nu\/wp-content\/uploads\/2018\/05\/Specifications.png 950w, https:\/\/justvape.nu\/wp-content\/uploads\/2018\/05\/Specifications-600x40.png 600w, https:\/\/justvape.nu\/wp-content\/uploads\/2018\/05\/Specifications-64x4.png 64w, https:\/\/justvape.nu\/wp-content\/uploads\/2018\/05\/Specifications-300x20.png 300w, https:\/\/justvape.nu\/wp-content\/uploads\/2018\/05\/Specifications-768x52.png 768w\" sizes=\"auto, (max-width: 950px) 100vw, 950px\" \/><\/a><\/h2>\n<\/div>\n<table class=\"description-table\">\n<tbody>\n<tr>\n<td class=\"strong-title \">Marque<\/td>\n<td class=\"inline\">Lost Vape<\/td>\n<\/tr>\n<tr>\n<td class=\"strong-title \">Nom du produit<\/td>\n<td class=\"inline\">Kit Ursa Nano 2<\/td>\n<\/tr>\n<tr>\n<td class=\"strong-title \">Dimension<\/td>\n<td class=\"inline\">83,7*25,5*16,05mm<\/td>\n<\/tr>\n<tr>\n<td class=\"strong-title \">Taille de l&#8217;emballage<\/td>\n<td class=\"inline\">56*42*128mm(1pc)<\/td>\n<\/tr>\n<tr>\n<td class=\"strong-title \"><\/td>\n<td class=\"inline\"><\/td>\n<\/tr>\n<tr>\n<td class=\"strong-title \">Capacit\u00e9 du pod<\/td>\n<td class=\"inline\">2ml TPD<\/td>\n<\/tr>\n<tr>\n<td class=\"strong-title \">Capacit\u00e9 de la batterie<\/td>\n<td class=\"inline\">900mAh int\u00e9gr\u00e9<\/td>\n<\/tr>\n<tr>\n<td class=\"strong-title \">Tension de la batterie<\/td>\n<td class=\"inline\">3.0V-4.2V<\/td>\n<\/tr>\n<tr>\n<td class=\"strong-title \">Gamme de puissance<\/td>\n<td class=\"inline\">9W-22W<\/td>\n<\/tr>\n<tr>\n<td class=\"strong-title \">Tension de charge<\/td>\n<td class=\"inline\">5V\/1A<\/td>\n<\/tr>\n<tr>\n<td class=\"strong-title \">C\u00e2ble de type C<\/td>\n<td class=\"inline\">Chargeur 5V\/1,5A<\/td>\n<\/tr>\n<tr>\n<td class=\"strong-title \">Mat\u00e9riau du corps<\/td>\n<td class=\"inline\">Alliage de zinc + plastique<\/td>\n<\/tr>\n<tr>\n<td class=\"strong-title \">Couleur<\/td>\n<td class=\"inline\">Dynamic Space, Transfo Space, Engine Space, Astro Space, Icy Space, Chrome Soul, Royal Soul, Pink Survivor, Wild Soul, Revenge Soul<\/td>\n<\/tr>\n<\/tbody>\n<\/table>\n<div class=\"shop-features \">\n<h2 class=\"shop-features-title \"><a href=\"https:\/\/justvape.nu\/wp-content\/uploads\/2018\/05\/Features.png\"><img loading=\"lazy\" decoding=\"async\" class=\"alignnone size-full wp-image-248458\" src=\"https:\/\/justvape.nu\/wp-content\/uploads\/2018\/05\/Features.png\" alt=\"\" width=\"950\" height=\"64\" title=\"\" srcset=\"https:\/\/justvape.nu\/wp-content\/uploads\/2018\/05\/Features.png 950w, https:\/\/justvape.nu\/wp-content\/uploads\/2018\/05\/Features-600x40.png 600w, https:\/\/justvape.nu\/wp-content\/uploads\/2018\/05\/Features-64x4.png 64w, https:\/\/justvape.nu\/wp-content\/uploads\/2018\/05\/Features-300x20.png 300w, https:\/\/justvape.nu\/wp-content\/uploads\/2018\/05\/Features-768x52.png 768w\" sizes=\"auto, (max-width: 950px) 100vw, 950px\" \/><\/a><\/h2>\n<\/div>\n<ul>\n<li style=\"list-style-type: none;\">\n<ul>\n<li>1. Activation du tirage au sort automatique<\/li>\n<li>2. D\u00e9tection des nacelles intelligentes<\/li>\n<li>3. Contr\u00f4le du flux d&rsquo;air en douceur<\/li>\n<li>4. 900mAh pour une diffusion longue dur\u00e9e<\/li>\n<li>5. Indication de charge, cordon gratuit<\/li>\n<li>6. Puce Quest 2.0 \u00e0 la pointe de la technologie<\/li>\n<li>7. Puissance de sortie maximale de 22 W<\/li>\n<li>8. Compatible avec la cartouche Ursa<\/li>\n<li>9. Panneau r\u00e9tro-\u00e9clair\u00e9 dynamique<\/li>\n<li>10. La poign\u00e9e Bio-fit offre un confort exceptionnel<\/li>\n<li>11. Remplissage lat\u00e9ral, conception \u00e9tanche<\/li>\n<li>12. Caract\u00e9ristiques de s\u00e9curit\u00e9 : Protection contre les courts-circuits, les batteries faibles et la surchauffe.<\/li>\n<\/ul>\n<\/li>\n<\/ul>\n<div class=\"img-show-more\">\n<div id=\"img_content_less\" class=\"img-content add-more\">\n<p class=\"description-img-center\"><a href=\"https:\/\/justvape.nu\/wp-content\/uploads\/2023\/10\/Lost_Vape_Ursa_Nano_2_Kit_Banner.jpg\"><img loading=\"lazy\" decoding=\"async\" class=\"alignnone size-full wp-image-646032\" src=\"https:\/\/justvape.nu\/wp-content\/uploads\/2023\/10\/Lost_Vape_Ursa_Nano_2_Kit_Banner.jpg\" alt=\"\" width=\"831\" height=\"416\" title=\"\" srcset=\"https:\/\/justvape.nu\/wp-content\/uploads\/2023\/10\/Lost_Vape_Ursa_Nano_2_Kit_Banner.jpg 831w, https:\/\/justvape.nu\/wp-content\/uploads\/2023\/10\/Lost_Vape_Ursa_Nano_2_Kit_Banner-600x300.jpg 600w, https:\/\/justvape.nu\/wp-content\/uploads\/2023\/10\/Lost_Vape_Ursa_Nano_2_Kit_Banner-64x32.jpg 64w, https:\/\/justvape.nu\/wp-content\/uploads\/2023\/10\/Lost_Vape_Ursa_Nano_2_Kit_Banner-300x150.jpg 300w, https:\/\/justvape.nu\/wp-content\/uploads\/2023\/10\/Lost_Vape_Ursa_Nano_2_Kit_Banner-768x384.jpg 768w\" sizes=\"auto, (max-width: 831px) 100vw, 831px\" \/><\/a> <a href=\"https:\/\/justvape.nu\/wp-content\/uploads\/2023\/10\/Lost_Vape_Ursa_Nano_2_Kit_Leakproof_Design.jpg\"><img loading=\"lazy\" decoding=\"async\" class=\"alignnone size-full wp-image-646040\" src=\"https:\/\/justvape.nu\/wp-content\/uploads\/2023\/10\/Lost_Vape_Ursa_Nano_2_Kit_Leakproof_Design.jpg\" alt=\"\" width=\"831\" height=\"449\" title=\"\" srcset=\"https:\/\/justvape.nu\/wp-content\/uploads\/2023\/10\/Lost_Vape_Ursa_Nano_2_Kit_Leakproof_Design.jpg 831w, https:\/\/justvape.nu\/wp-content\/uploads\/2023\/10\/Lost_Vape_Ursa_Nano_2_Kit_Leakproof_Design-600x324.jpg 600w, https:\/\/justvape.nu\/wp-content\/uploads\/2023\/10\/Lost_Vape_Ursa_Nano_2_Kit_Leakproof_Design-64x35.jpg 64w, https:\/\/justvape.nu\/wp-content\/uploads\/2023\/10\/Lost_Vape_Ursa_Nano_2_Kit_Leakproof_Design-300x162.jpg 300w, https:\/\/justvape.nu\/wp-content\/uploads\/2023\/10\/Lost_Vape_Ursa_Nano_2_Kit_Leakproof_Design-768x415.jpg 768w\" sizes=\"auto, (max-width: 831px) 100vw, 831px\" \/><\/a> <a href=\"https:\/\/justvape.nu\/wp-content\/uploads\/2023\/10\/Lost_Vape_Ursa_Nano_2_Kit_Main_Features.jpg\"><img loading=\"lazy\" decoding=\"async\" class=\"alignnone size-full wp-image-646048\" src=\"https:\/\/justvape.nu\/wp-content\/uploads\/2023\/10\/Lost_Vape_Ursa_Nano_2_Kit_Main_Features.jpg\" alt=\"\" width=\"831\" height=\"414\" title=\"\" srcset=\"https:\/\/justvape.nu\/wp-content\/uploads\/2023\/10\/Lost_Vape_Ursa_Nano_2_Kit_Main_Features.jpg 831w, https:\/\/justvape.nu\/wp-content\/uploads\/2023\/10\/Lost_Vape_Ursa_Nano_2_Kit_Main_Features-600x299.jpg 600w, https:\/\/justvape.nu\/wp-content\/uploads\/2023\/10\/Lost_Vape_Ursa_Nano_2_Kit_Main_Features-64x32.jpg 64w, https:\/\/justvape.nu\/wp-content\/uploads\/2023\/10\/Lost_Vape_Ursa_Nano_2_Kit_Main_Features-300x149.jpg 300w, https:\/\/justvape.nu\/wp-content\/uploads\/2023\/10\/Lost_Vape_Ursa_Nano_2_Kit_Main_Features-768x383.jpg 768w\" sizes=\"auto, (max-width: 831px) 100vw, 831px\" \/><\/a><\/p>\n<\/div>\n<p><a href=\"https:\/\/justvape.nu\/wp-content\/uploads\/2018\/05\/Packing-List.png\"><img loading=\"lazy\" decoding=\"async\" class=\"alignnone size-full wp-image-18995\" src=\"https:\/\/justvape.nu\/wp-content\/uploads\/2018\/05\/Packing-List.png\" alt=\"\" width=\"950\" height=\"64\" title=\"\" srcset=\"https:\/\/justvape.nu\/wp-content\/uploads\/2018\/05\/Packing-List.png 950w, https:\/\/justvape.nu\/wp-content\/uploads\/2018\/05\/Packing-List-555x37.png 555w, https:\/\/justvape.nu\/wp-content\/uploads\/2018\/05\/Packing-List-64x4.png 64w, https:\/\/justvape.nu\/wp-content\/uploads\/2018\/05\/Packing-List-300x20.png 300w, https:\/\/justvape.nu\/wp-content\/uploads\/2018\/05\/Packing-List-768x52.png 768w\" sizes=\"auto, (max-width: 950px) 100vw, 950px\" \/><\/a><\/p>\n<\/div>\n<p>1* Dispositif Ursa Nano 2<br \/>\n1* Cartouche Ursa 0.6ohm (2ml)<br \/>\n1* Cartouche Ursa 0.8ohm (2ml)<br \/>\n1* C\u00e2ble Type-C<br \/>\n1* Carte de garantie<br \/>\n1* Lani\u00e8re<br \/>\n1* Manuel<br \/>\n1* joint torique<\/p>\n<\/div>\n","protected":false},"excerpt":{"rendered":"<p>LOST VAPE &#8211; URSA NANO 2 POD KIT<\/p>\n","protected":false},"featured_media":645571,"comment_status":"open","ping_status":"closed","template":"","meta":{"_acf_changed":false,"_uag_custom_page_level_css":"","site-sidebar-layout":"default","site-content-layout":"","ast-site-content-layout":"default","site-content-style":"default","site-sidebar-style":"default","ast-global-header-display":"","ast-banner-title-visibility":"","ast-main-header-display":"","ast-hfb-above-header-display":"","ast-hfb-below-header-display":"","ast-hfb-mobile-header-display":"","site-post-title":"","ast-breadcrumbs-content":"","ast-featured-img":"","footer-sml-layout":"","ast-disable-related-posts":"","theme-transparent-header-meta":"default","adv-header-id-meta":"","stick-header-meta":"default","header-above-stick-meta":"","header-main-stick-meta":"","header-below-stick-meta":"","astra-migrate-meta-layouts":"default","ast-page-background-enabled":"default","ast-page-background-meta":{"desktop":{"background-color":"","background-image":"","background-repeat":"repeat","background-position":"center center","background-size":"auto","background-attachment":"scroll","background-type":"","background-media":"","overlay-type":"","overlay-color":"","overlay-opacity":"","overlay-gradient":""},"tablet":{"background-color":"","background-image":"","background-repeat":"repeat","background-position":"center center","background-size":"auto","background-attachment":"scroll","background-type":"","background-media":"","overlay-type":"","overlay-color":"","overlay-opacity":"","overlay-gradient":""},"mobile":{"background-color":"","background-image":"","background-repeat":"repeat","background-position":"center center","background-size":"auto","background-attachment":"scroll","background-type":"","background-media":"","overlay-type":"","overlay-color":"","overlay-opacity":"","overlay-gradient":""}},"ast-content-background-meta":{"desktop":{"background-color":"var(--ast-global-color-5)","background-image":"","background-repeat":"repeat","background-position":"center center","background-size":"auto","background-attachment":"scroll","background-type":"","background-media":"","overlay-type":"","overlay-color":"","overlay-opacity":"","overlay-gradient":""},"tablet":{"background-color":"var(--ast-global-color-5)","background-image":"","background-repeat":"repeat","background-position":"center center","background-size":"auto","background-attachment":"scroll","background-type":"","background-media":"","overlay-type":"","overlay-color":"","overlay-opacity":"","overlay-gradient":""},"mobile":{"background-color":"var(--ast-global-color-5)","background-image":"","background-repeat":"repeat","background-position":"center center","background-size":"auto","background-attachment":"scroll","background-type":"","background-media":"","overlay-type":"","overlay-color":"","overlay-opacity":"","overlay-gradient":""}}},"product_brand":[],"product_cat":[2066,2508,2076,4813,2509],"product_tag":[],"class_list":{"0":"post-646704","1":"product","2":"type-product","3":"status-publish","4":"has-post-thumbnail","6":"product_cat-e-cigarettes-fr","7":"product_cat-hardware-fr","8":"product_cat-kits-et-pod-pour-debutants","9":"product_cat-lost-vape-fr","10":"product_cat-shop-by-brand-fr","11":"desktop-align-center","12":"tablet-align-center","13":"mobile-align-center","14":"ast-product-gallery-layout-horizontal-slider","15":"ast-product-single-variable","16":"ast-product-tabs-layout-horizontal","18":"first","19":"instock","20":"sale","21":"taxable","22":"shipping-taxable","23":"purchasable","24":"product-type-variable"},"acf":[],"uagb_featured_image_src":{"full":["https:\/\/justvape.nu\/wp-content\/uploads\/2023\/10\/fO93Px3r.jpeg",600,600,false],"thumbnail":["https:\/\/justvape.nu\/wp-content\/uploads\/2023\/10\/fO93Px3r-150x150.jpeg",150,150,true],"medium":["https:\/\/justvape.nu\/wp-content\/uploads\/2023\/10\/fO93Px3r-300x300.jpeg",300,300,true],"medium_large":["https:\/\/justvape.nu\/wp-content\/uploads\/2023\/10\/fO93Px3r.jpeg",600,600,false],"large":["https:\/\/justvape.nu\/wp-content\/uploads\/2023\/10\/fO93Px3r.jpeg",600,600,false],"1536x1536":["https:\/\/justvape.nu\/wp-content\/uploads\/2023\/10\/fO93Px3r.jpeg",600,600,false],"2048x2048":["https:\/\/justvape.nu\/wp-content\/uploads\/2023\/10\/fO93Px3r.jpeg",600,600,false],"woocommerce_thumbnail":["https:\/\/justvape.nu\/wp-content\/uploads\/2023\/10\/fO93Px3r-300x300.jpeg",300,300,true],"woocommerce_single":["https:\/\/justvape.nu\/wp-content\/uploads\/2023\/10\/fO93Px3r.jpeg",600,600,false],"woocommerce_gallery_thumbnail":["https:\/\/justvape.nu\/wp-content\/uploads\/2023\/10\/fO93Px3r-100x100.jpeg",100,100,true],"dgwt-wcas-product-suggestion":["https:\/\/justvape.nu\/wp-content\/uploads\/2023\/10\/fO93Px3r-64x64.jpeg",64,64,true]},"uagb_author_info":{"display_name":"Kenneth Merkur","author_link":"https:\/\/justvape.nu\/fr\/author\/"},"uagb_comment_info":0,"uagb_excerpt":"LOST VAPE - URSA NANO 2 POD KIT","_links":{"self":[{"href":"https:\/\/justvape.nu\/fr\/wp-json\/wp\/v2\/product\/646704","targetHints":{"allow":["GET"]}}],"collection":[{"href":"https:\/\/justvape.nu\/fr\/wp-json\/wp\/v2\/product"}],"about":[{"href":"https:\/\/justvape.nu\/fr\/wp-json\/wp\/v2\/types\/product"}],"replies":[{"embeddable":true,"href":"https:\/\/justvape.nu\/fr\/wp-json\/wp\/v2\/comments?post=646704"}],"wp:featuredmedia":[{"embeddable":true,"href":"https:\/\/justvape.nu\/fr\/wp-json\/wp\/v2\/media\/645571"}],"wp:attachment":[{"href":"https:\/\/justvape.nu\/fr\/wp-json\/wp\/v2\/media?parent=646704"}],"wp:term":[{"taxonomy":"product_brand","embeddable":true,"href":"https:\/\/justvape.nu\/fr\/wp-json\/wp\/v2\/product_brand?post=646704"},{"taxonomy":"product_cat","embeddable":true,"href":"https:\/\/justvape.nu\/fr\/wp-json\/wp\/v2\/product_cat?post=646704"},{"taxonomy":"product_tag","embeddable":true,"href":"https:\/\/justvape.nu\/fr\/wp-json\/wp\/v2\/product_tag?post=646704"}],"curies":[{"name":"wp","href":"https:\/\/api.w.org\/{rel}","templated":true}]}}