{"id":634758,"date":"2023-08-22T10:25:58","date_gmt":"2023-08-22T08:25:58","guid":{"rendered":"https:\/\/justvape.nu\/produkt\/voopoo-pnp-2-pod-cartridge-2pcs\/"},"modified":"2023-08-22T10:43:20","modified_gmt":"2023-08-22T08:43:20","slug":"voopoo-pnp-2-pod-cartridge-2pcs","status":"publish","type":"product","link":"https:\/\/justvape.nu\/fr\/produkt\/voopoo-pnp-2-pod-cartridge-2pcs\/","title":{"rendered":"VOOPOO &#8211; PNP 2 POD CARTRIDGE 2PCS"},"content":{"rendered":"<h2>VOOPOO &#8211; PNP 2 POD CARTRIDGE 2PCS<\/h2>\n<div class=\"description\">\n<p>Voopoo PnP 2 est fabriqu\u00e9 en PCTG et s&rsquo;adapte aux kits Drag H80 et Drag E60. La cartouche a une capacit\u00e9 de 4,5 ML d&rsquo;e-liquide avec un syst\u00e8me de remplissage par le haut propre et pratique qui comprend \u00e9galement un r\u00e9glage d&rsquo;air rotatif sur le pod afin que vous puissiez profiter de votre flux d&rsquo;air id\u00e9al et d&rsquo;excellents nuages. Compatible avec toutes les bobines PNP pour vous donner plus de choix et de chances. Chaque paquet contient 2 dosettes.<\/p>\n<p>Capacit\u00e9 : 4,5ML<\/p>\n<p>Mat\u00e9riaux PCTG<br \/>\nTaille 37.84*24.38 mm<br \/>\nE-liquide recommand\u00e9 \u226410 mg\/mL<\/p>\n<\/div>\n<div id=\"shopify-product-reviews\" data-id=\"6815587663974\">Quantit\u00e9: 2 pcs \/ pack<\/div>\n","protected":false},"excerpt":{"rendered":"<p>VOOPOO &#8211; PNP 2 POD CARTRIDGE 2PCS<\/p>\n","protected":false},"featured_media":634636,"comment_status":"open","ping_status":"closed","template":"","meta":{"_acf_changed":false,"_uag_custom_page_level_css":"","site-sidebar-layout":"default","site-content-layout":"","ast-site-content-layout":"default","site-content-style":"default","site-sidebar-style":"default","ast-global-header-display":"","ast-banner-title-visibility":"","ast-main-header-display":"","ast-hfb-above-header-display":"","ast-hfb-below-header-display":"","ast-hfb-mobile-header-display":"","site-post-title":"","ast-breadcrumbs-content":"","ast-featured-img":"","footer-sml-layout":"","ast-disable-related-posts":"","theme-transparent-header-meta":"default","adv-header-id-meta":"","stick-header-meta":"default","header-above-stick-meta":"","header-main-stick-meta":"","header-below-stick-meta":"","astra-migrate-meta-layouts":"default","ast-page-background-enabled":"default","ast-page-background-meta":{"desktop":{"background-color":"","background-image":"","background-repeat":"repeat","background-position":"center center","background-size":"auto","background-attachment":"scroll","background-type":"","background-media":"","overlay-type":"","overlay-color":"","overlay-opacity":"","overlay-gradient":""},"tablet":{"background-color":"","background-image":"","background-repeat":"repeat","background-position":"center center","background-size":"auto","background-attachment":"scroll","background-type":"","background-media":"","overlay-type":"","overlay-color":"","overlay-opacity":"","overlay-gradient":""},"mobile":{"background-color":"","background-image":"","background-repeat":"repeat","background-position":"center center","background-size":"auto","background-attachment":"scroll","background-type":"","background-media":"","overlay-type":"","overlay-color":"","overlay-opacity":"","overlay-gradient":""}},"ast-content-background-meta":{"desktop":{"background-color":"var(--ast-global-color-5)","background-image":"","background-repeat":"repeat","background-position":"center center","background-size":"auto","background-attachment":"scroll","background-type":"","background-media":"","overlay-type":"","overlay-color":"","overlay-opacity":"","overlay-gradient":""},"tablet":{"background-color":"var(--ast-global-color-5)","background-image":"","background-repeat":"repeat","background-position":"center center","background-size":"auto","background-attachment":"scroll","background-type":"","background-media":"","overlay-type":"","overlay-color":"","overlay-opacity":"","overlay-gradient":""},"mobile":{"background-color":"var(--ast-global-color-5)","background-image":"","background-repeat":"repeat","background-position":"center center","background-size":"auto","background-attachment":"scroll","background-type":"","background-media":"","overlay-type":"","overlay-color":"","overlay-opacity":"","overlay-gradient":""}}},"product_brand":[],"product_cat":[2056,1976],"product_tag":[],"class_list":{"0":"post-634758","1":"product","2":"type-product","3":"status-publish","4":"has-post-thumbnail","6":"product_cat-bobines-pods","7":"product_cat-reservoirs-et-bobines","8":"desktop-align-center","9":"tablet-align-center","10":"mobile-align-center","11":"ast-product-gallery-layout-horizontal-slider","12":"ast-product-gallery-with-no-image","13":"ast-product-tabs-layout-horizontal","15":"first","16":"instock","17":"sale","18":"taxable","19":"shipping-taxable","20":"purchasable","21":"product-type-simple"},"acf":[],"uagb_featured_image_src":{"full":["https:\/\/justvape.nu\/wp-content\/uploads\/2023\/08\/Voopoo-PNP-Pod-2.jpg",600,635,false],"thumbnail":["https:\/\/justvape.nu\/wp-content\/uploads\/2023\/08\/Voopoo-PNP-Pod-2-150x150.jpg",150,150,true],"medium":["https:\/\/justvape.nu\/wp-content\/uploads\/2023\/08\/Voopoo-PNP-Pod-2-283x300.jpg",283,300,true],"medium_large":["https:\/\/justvape.nu\/wp-content\/uploads\/2023\/08\/Voopoo-PNP-Pod-2.jpg",600,635,false],"large":["https:\/\/justvape.nu\/wp-content\/uploads\/2023\/08\/Voopoo-PNP-Pod-2.jpg",600,635,false],"1536x1536":["https:\/\/justvape.nu\/wp-content\/uploads\/2023\/08\/Voopoo-PNP-Pod-2.jpg",600,635,false],"2048x2048":["https:\/\/justvape.nu\/wp-content\/uploads\/2023\/08\/Voopoo-PNP-Pod-2.jpg",600,635,false],"woocommerce_thumbnail":["https:\/\/justvape.nu\/wp-content\/uploads\/2023\/08\/Voopoo-PNP-Pod-2-300x300.jpg",300,300,true],"woocommerce_single":["https:\/\/justvape.nu\/wp-content\/uploads\/2023\/08\/Voopoo-PNP-Pod-2.jpg",600,635,false],"woocommerce_gallery_thumbnail":["https:\/\/justvape.nu\/wp-content\/uploads\/2023\/08\/Voopoo-PNP-Pod-2-100x100.jpg",100,100,true],"dgwt-wcas-product-suggestion":["https:\/\/justvape.nu\/wp-content\/uploads\/2023\/08\/Voopoo-PNP-Pod-2-64x68.jpg",64,68,true]},"uagb_author_info":{"display_name":"Kenneth Merkur","author_link":"https:\/\/justvape.nu\/fr\/author\/"},"uagb_comment_info":0,"uagb_excerpt":"VOOPOO - PNP 2 POD CARTRIDGE 2PCS","_links":{"self":[{"href":"https:\/\/justvape.nu\/fr\/wp-json\/wp\/v2\/product\/634758","targetHints":{"allow":["GET"]}}],"collection":[{"href":"https:\/\/justvape.nu\/fr\/wp-json\/wp\/v2\/product"}],"about":[{"href":"https:\/\/justvape.nu\/fr\/wp-json\/wp\/v2\/types\/product"}],"replies":[{"embeddable":true,"href":"https:\/\/justvape.nu\/fr\/wp-json\/wp\/v2\/comments?post=634758"}],"wp:featuredmedia":[{"embeddable":true,"href":"https:\/\/justvape.nu\/fr\/wp-json\/wp\/v2\/media\/634636"}],"wp:attachment":[{"href":"https:\/\/justvape.nu\/fr\/wp-json\/wp\/v2\/media?parent=634758"}],"wp:term":[{"taxonomy":"product_brand","embeddable":true,"href":"https:\/\/justvape.nu\/fr\/wp-json\/wp\/v2\/product_brand?post=634758"},{"taxonomy":"product_cat","embeddable":true,"href":"https:\/\/justvape.nu\/fr\/wp-json\/wp\/v2\/product_cat?post=634758"},{"taxonomy":"product_tag","embeddable":true,"href":"https:\/\/justvape.nu\/fr\/wp-json\/wp\/v2\/product_tag?post=634758"}],"curies":[{"name":"wp","href":"https:\/\/api.w.org\/{rel}","templated":true}]}}