{"id":601782,"date":"2023-06-21T20:51:44","date_gmt":"2023-06-21T18:51:44","guid":{"rendered":"https:\/\/justvape.nu\/produkt\/lost-vape-ursa-pocket-kit\/"},"modified":"2025-05-10T21:55:07","modified_gmt":"2025-05-10T19:55:07","slug":"lost-vape-ursa-pocket-kit","status":"publish","type":"product","link":"https:\/\/justvape.nu\/fr\/produkt\/lost-vape-ursa-pocket-kit\/","title":{"rendered":"LOST VAPE &#8211; URSA POCKET KIT"},"content":{"rendered":"<h2>LOST VAPE &#8211; URSA POCKET KIT<\/h2>\n<p>Le Lost Vape Ursa Pocket Kit pr\u00e9sente un design de jeu unique, offrant 3 modes de jeu avec un bouton de d\u00e9marrage de type jeu et un OLED de 1,7 pouce pour une exp\u00e9rience immersive en haute d\u00e9finition.<br \/>\n<span style=\"font-size: 16px;\">Une batterie de 1200mAh alimente l&rsquo;appareil, qui est \u00e9quip\u00e9 d&rsquo;un syst\u00e8me de recharge USB-c et d&rsquo;une compatibilit\u00e9 avec le pod Ursa. Deux r\u00e9sistances &#8211; 0,6ohm et 0,8ohm &#8211; sont disponibles pour permettre diff\u00e9rents effets de vapotage.<br \/>\n<\/span><span style=\"font-size: 16px;\">Il offre une puissance de sortie allant jusqu&rsquo;\u00e0 30 W, ce qui lui conf\u00e8re une grande robustesse, et le panneau r\u00e9tro\u00e9clair\u00e9 de 3 pouces \u00e0 l&rsquo;arri\u00e8re ajoute un style dynamique \u00e0 l&rsquo;appareil.<\/span><\/p>\n<p class=\"description-img-center\"><a href=\"https:\/\/justvape.nu\/wp-content\/uploads\/2018\/05\/Color-Schemes.png\"><img loading=\"lazy\" decoding=\"async\" class=\"alignnone size-full wp-image-19187\" src=\"https:\/\/justvape.nu\/wp-content\/uploads\/2018\/05\/Color-Schemes.png\" alt=\"\" width=\"950\" height=\"64\" title=\"\" srcset=\"https:\/\/justvape.nu\/wp-content\/uploads\/2018\/05\/Color-Schemes.png 950w, https:\/\/justvape.nu\/wp-content\/uploads\/2018\/05\/Color-Schemes-555x37.png 555w, https:\/\/justvape.nu\/wp-content\/uploads\/2018\/05\/Color-Schemes-64x4.png 64w, https:\/\/justvape.nu\/wp-content\/uploads\/2018\/05\/Color-Schemes-300x20.png 300w, https:\/\/justvape.nu\/wp-content\/uploads\/2018\/05\/Color-Schemes-768x52.png 768w\" sizes=\"auto, (max-width: 950px) 100vw, 950px\" \/><\/a><\/p>\n<p><a href=\"https:\/\/justvape.nu\/wp-content\/uploads\/2023\/06\/Lost_Vape_Ursa_Pocket_Pod_Kit_Color.jpg\"><img loading=\"lazy\" decoding=\"async\" class=\"alignnone wp-image-600959\" src=\"https:\/\/justvape.nu\/wp-content\/uploads\/2023\/06\/Lost_Vape_Ursa_Pocket_Pod_Kit_Color.jpg\" alt=\"\" width=\"940\" height=\"674\" title=\"\" srcset=\"https:\/\/justvape.nu\/wp-content\/uploads\/2023\/06\/Lost_Vape_Ursa_Pocket_Pod_Kit_Color.jpg 644w, https:\/\/justvape.nu\/wp-content\/uploads\/2023\/06\/Lost_Vape_Ursa_Pocket_Pod_Kit_Color-600x430.jpg 600w, https:\/\/justvape.nu\/wp-content\/uploads\/2023\/06\/Lost_Vape_Ursa_Pocket_Pod_Kit_Color-64x46.jpg 64w, https:\/\/justvape.nu\/wp-content\/uploads\/2023\/06\/Lost_Vape_Ursa_Pocket_Pod_Kit_Color-300x215.jpg 300w\" sizes=\"auto, (max-width: 940px) 100vw, 940px\" \/><\/a><\/p>\n<div class=\"shop-features \">\n<h2 class=\"shop-features-title \"><a href=\"https:\/\/justvape.nu\/wp-content\/uploads\/2018\/05\/Specifications.png\"><img loading=\"lazy\" decoding=\"async\" class=\"alignnone size-full wp-image-248449\" src=\"https:\/\/justvape.nu\/wp-content\/uploads\/2018\/05\/Specifications.png\" alt=\"\" width=\"950\" height=\"64\" title=\"\" srcset=\"https:\/\/justvape.nu\/wp-content\/uploads\/2018\/05\/Specifications.png 950w, https:\/\/justvape.nu\/wp-content\/uploads\/2018\/05\/Specifications-600x40.png 600w, https:\/\/justvape.nu\/wp-content\/uploads\/2018\/05\/Specifications-64x4.png 64w, https:\/\/justvape.nu\/wp-content\/uploads\/2018\/05\/Specifications-300x20.png 300w, https:\/\/justvape.nu\/wp-content\/uploads\/2018\/05\/Specifications-768x52.png 768w\" sizes=\"auto, (max-width: 950px) 100vw, 950px\" \/><\/a><\/h2>\n<\/div>\n<table class=\"description-table\">\n<tbody>\n<tr>\n<td class=\"strong-title \">Marque<\/td>\n<td class=\"inline\">Lost Vape<\/td>\n<\/tr>\n<tr>\n<td class=\"strong-title \">Nom du produit<\/td>\n<td class=\"inline\">Kit Ursa Pocket Pod<\/td>\n<\/tr>\n<tr>\n<td class=\"strong-title \">Capacit\u00e9 de la batterie<\/td>\n<td class=\"inline\">Batterie int\u00e9gr\u00e9e de 1200mAh<\/td>\n<\/tr>\n<tr>\n<td class=\"strong-title \">C\u00e2ble de type C<\/td>\n<td class=\"inline\">Prise en charge de 5V\/2A<\/td>\n<\/tr>\n<tr>\n<td class=\"strong-title \">Gamme de puissance<\/td>\n<td class=\"inline\">5-30W<\/td>\n<\/tr>\n<tr>\n<td class=\"strong-title \">Tension de la batterie<\/td>\n<td class=\"inline\">3.2V-4.2V<\/td>\n<\/tr>\n<tr>\n<td class=\"strong-title \">Afficher<\/td>\n<td class=\"inline\">\u00c9cran OLED de 1,7 pouce<\/td>\n<\/tr>\n<tr>\n<td class=\"strong-title \">Capacit\u00e9 de la cartouche<\/td>\n<td class=\"inline\">2ml<\/td>\n<\/tr>\n<tr>\n<td class=\"strong-title \">Remplissage<\/td>\n<td class=\"inline\">Remplissage lat\u00e9ral<\/td>\n<\/tr>\n<tr>\n<td class=\"strong-title \">En forme pour<\/td>\n<td class=\"inline\">Lost Vape Ursa Pod Cartridge<\/td>\n<\/tr>\n<tr>\n<td class=\"strong-title \">Taille du produit<\/td>\n<td class=\"inline\">95,2*46,2*19mm<\/td>\n<\/tr>\n<tr>\n<td class=\"strong-title \">Taille de l&#8217;emballage<\/td>\n<td class=\"inline\">71,5*39,5*144mm<\/td>\n<\/tr>\n<tr>\n<td class=\"strong-title \"><\/td>\n<td class=\"inline\"><\/td>\n<\/tr>\n<tr>\n<td class=\"strong-title \">Mat\u00e9riau du corps<\/td>\n<td class=\"inline\">Alliage d&rsquo;aluminium et plastique<\/td>\n<\/tr>\n<tr>\n<td class=\"strong-title \">Couleur<\/td>\n<td class=\"inline\">Neon Street, Cyber Elf, Saiyan Trunk, Ice Blade, Dark Knight, Nes Red, Hellsing Gray, Silver Storm<\/td>\n<\/tr>\n<\/tbody>\n<\/table>\n<div class=\"shop-features \">\n<h2 class=\"shop-features-title \"><a href=\"https:\/\/justvape.nu\/wp-content\/uploads\/2018\/05\/Features.png\"><img loading=\"lazy\" decoding=\"async\" class=\"alignnone size-full wp-image-18994\" src=\"https:\/\/justvape.nu\/wp-content\/uploads\/2018\/05\/Features.png\" alt=\"\" width=\"950\" height=\"64\" title=\"\" srcset=\"https:\/\/justvape.nu\/wp-content\/uploads\/2018\/05\/Features.png 950w, https:\/\/justvape.nu\/wp-content\/uploads\/2018\/05\/Features-555x37.png 555w, https:\/\/justvape.nu\/wp-content\/uploads\/2018\/05\/Features-64x4.png 64w, https:\/\/justvape.nu\/wp-content\/uploads\/2018\/05\/Features-300x20.png 300w, https:\/\/justvape.nu\/wp-content\/uploads\/2018\/05\/Features-768x52.png 768w\" sizes=\"auto, (max-width: 950px) 100vw, 950px\" \/><\/a><\/h2>\n<\/div>\n<ul>\n<li style=\"list-style-type: none;\">\n<ul>\n<li>1. Un appareil de jeu complet<\/li>\n<li>2. Propuls\u00e9 par Lost Vape Quest Chip<\/li>\n<li>3. Batterie int\u00e9gr\u00e9e de 1200mAh avec charge de type C<\/li>\n<li>4. 30W max pour les nouveaux coils et chariots \u00e0 venir<\/li>\n<li>5. Con\u00e7u avec un \u00e9cran OLED de 1,7 pouces<\/li>\n<li>6. Concours d&rsquo;animaux virtuels, de machines \u00e0 sous et de comptage de bouff\u00e9es<\/li>\n<li>7. Bouton marche\/arr\u00eat, tir manuel, tir de type jeu<\/li>\n<li>8. Panneau r\u00e9tro-\u00e9clair\u00e9 de 3 pouces avec aspect Retro X Cyber<\/li>\n<li>9. Convient \u00e0 la cartouche Lost Vape Ursa Pod et \u00e0 la mini bobine UB<\/li>\n<li>10. Capacit\u00e9 de 2 ml et syst\u00e8me de remplissage lat\u00e9ral facile<\/li>\n<li>11. Protection contre les courts-circuits\/la batterie hebdomadaire\/la surchauffe<\/li>\n<\/ul>\n<\/li>\n<\/ul>\n<div class=\"img-show-more\">\n<div id=\"img_content_less\" class=\"img-content add-more\">\n<p class=\"description-img-center\"><a href=\"https:\/\/justvape.nu\/wp-content\/uploads\/2023\/06\/Lost_Vape_Ursa_Pocket_Pod_Kit.jpg\"><img loading=\"lazy\" decoding=\"async\" class=\"alignnone size-full wp-image-600969\" src=\"https:\/\/justvape.nu\/wp-content\/uploads\/2023\/06\/Lost_Vape_Ursa_Pocket_Pod_Kit.jpg\" alt=\"\" width=\"831\" height=\"327\" title=\"\" srcset=\"https:\/\/justvape.nu\/wp-content\/uploads\/2023\/06\/Lost_Vape_Ursa_Pocket_Pod_Kit.jpg 831w, https:\/\/justvape.nu\/wp-content\/uploads\/2023\/06\/Lost_Vape_Ursa_Pocket_Pod_Kit-600x236.jpg 600w, https:\/\/justvape.nu\/wp-content\/uploads\/2023\/06\/Lost_Vape_Ursa_Pocket_Pod_Kit-64x25.jpg 64w, https:\/\/justvape.nu\/wp-content\/uploads\/2023\/06\/Lost_Vape_Ursa_Pocket_Pod_Kit-300x118.jpg 300w, https:\/\/justvape.nu\/wp-content\/uploads\/2023\/06\/Lost_Vape_Ursa_Pocket_Pod_Kit-768x302.jpg 768w\" sizes=\"auto, (max-width: 831px) 100vw, 831px\" \/><\/a> <a href=\"https:\/\/justvape.nu\/wp-content\/uploads\/2023\/06\/Lost_Vape_Ursa_Pocket_Pod_Kit_Gaming_Pod.jpg\"><img loading=\"lazy\" decoding=\"async\" class=\"alignnone size-full wp-image-600977\" src=\"https:\/\/justvape.nu\/wp-content\/uploads\/2023\/06\/Lost_Vape_Ursa_Pocket_Pod_Kit_Gaming_Pod.jpg\" alt=\"\" width=\"831\" height=\"253\" title=\"\" srcset=\"https:\/\/justvape.nu\/wp-content\/uploads\/2023\/06\/Lost_Vape_Ursa_Pocket_Pod_Kit_Gaming_Pod.jpg 831w, https:\/\/justvape.nu\/wp-content\/uploads\/2023\/06\/Lost_Vape_Ursa_Pocket_Pod_Kit_Gaming_Pod-600x183.jpg 600w, https:\/\/justvape.nu\/wp-content\/uploads\/2023\/06\/Lost_Vape_Ursa_Pocket_Pod_Kit_Gaming_Pod-64x19.jpg 64w, https:\/\/justvape.nu\/wp-content\/uploads\/2023\/06\/Lost_Vape_Ursa_Pocket_Pod_Kit_Gaming_Pod-300x91.jpg 300w, https:\/\/justvape.nu\/wp-content\/uploads\/2023\/06\/Lost_Vape_Ursa_Pocket_Pod_Kit_Gaming_Pod-768x234.jpg 768w\" sizes=\"auto, (max-width: 831px) 100vw, 831px\" \/><\/a> <a href=\"https:\/\/justvape.nu\/wp-content\/uploads\/2023\/06\/Lost_Vape_Ursa_Pocket_Pod_Kit_Features.jpg\"><img loading=\"lazy\" decoding=\"async\" class=\"alignnone size-full wp-image-600985\" src=\"https:\/\/justvape.nu\/wp-content\/uploads\/2023\/06\/Lost_Vape_Ursa_Pocket_Pod_Kit_Features.jpg\" alt=\"\" width=\"831\" height=\"411\" title=\"\" srcset=\"https:\/\/justvape.nu\/wp-content\/uploads\/2023\/06\/Lost_Vape_Ursa_Pocket_Pod_Kit_Features.jpg 831w, https:\/\/justvape.nu\/wp-content\/uploads\/2023\/06\/Lost_Vape_Ursa_Pocket_Pod_Kit_Features-600x297.jpg 600w, https:\/\/justvape.nu\/wp-content\/uploads\/2023\/06\/Lost_Vape_Ursa_Pocket_Pod_Kit_Features-64x32.jpg 64w, https:\/\/justvape.nu\/wp-content\/uploads\/2023\/06\/Lost_Vape_Ursa_Pocket_Pod_Kit_Features-300x148.jpg 300w, https:\/\/justvape.nu\/wp-content\/uploads\/2023\/06\/Lost_Vape_Ursa_Pocket_Pod_Kit_Features-768x380.jpg 768w\" sizes=\"auto, (max-width: 831px) 100vw, 831px\" \/><\/a><\/p>\n<\/div>\n<\/div>\n<div class=\"shop-features \">\n<h2 class=\"shop-features-title \"><a href=\"https:\/\/justvape.nu\/wp-content\/uploads\/2018\/05\/Packing-List.png\"><img loading=\"lazy\" decoding=\"async\" class=\"alignnone size-full wp-image-18995\" src=\"https:\/\/justvape.nu\/wp-content\/uploads\/2018\/05\/Packing-List.png\" alt=\"\" width=\"950\" height=\"64\" title=\"\" srcset=\"https:\/\/justvape.nu\/wp-content\/uploads\/2018\/05\/Packing-List.png 950w, https:\/\/justvape.nu\/wp-content\/uploads\/2018\/05\/Packing-List-555x37.png 555w, https:\/\/justvape.nu\/wp-content\/uploads\/2018\/05\/Packing-List-64x4.png 64w, https:\/\/justvape.nu\/wp-content\/uploads\/2018\/05\/Packing-List-300x20.png 300w, https:\/\/justvape.nu\/wp-content\/uploads\/2018\/05\/Packing-List-768x52.png 768w\" sizes=\"auto, (max-width: 950px) 100vw, 950px\" \/><\/a><\/h2>\n<\/div>\n<p>1* Ursa Pocket Pod Device<br \/>\n1* Cartouche Ursa 0,6\u03a9<br \/>\n1* Cartouche Ursa 0,8\u03a9<br \/>\n1* C\u00e2ble de chargement Type-C<br \/>\n1* Carte de garantie<br \/>\n1 * manuel de l&rsquo;utilisateur<br \/>\n1* Lani\u00e8re<\/p>\n","protected":false},"excerpt":{"rendered":"<p>LOST VAPE &#8211; URSA POCKET KIT<\/p>\n","protected":false},"featured_media":601006,"comment_status":"open","ping_status":"closed","template":"","meta":{"_acf_changed":false,"_uag_custom_page_level_css":"","site-sidebar-layout":"default","site-content-layout":"default","ast-site-content-layout":"default","site-content-style":"default","site-sidebar-style":"default","ast-global-header-display":"","ast-banner-title-visibility":"","ast-main-header-display":"","ast-hfb-above-header-display":"","ast-hfb-below-header-display":"","ast-hfb-mobile-header-display":"","site-post-title":"","ast-breadcrumbs-content":"","ast-featured-img":"","footer-sml-layout":"","ast-disable-related-posts":"","theme-transparent-header-meta":"default","adv-header-id-meta":"","stick-header-meta":"default","header-above-stick-meta":"","header-main-stick-meta":"","header-below-stick-meta":"","astra-migrate-meta-layouts":"default","ast-page-background-enabled":"default","ast-page-background-meta":{"desktop":{"background-color":"","background-image":"","background-repeat":"repeat","background-position":"center center","background-size":"auto","background-attachment":"scroll","background-type":"","background-media":"","overlay-type":"","overlay-color":"","overlay-opacity":"","overlay-gradient":""},"tablet":{"background-color":"","background-image":"","background-repeat":"repeat","background-position":"center center","background-size":"auto","background-attachment":"scroll","background-type":"","background-media":"","overlay-type":"","overlay-color":"","overlay-opacity":"","overlay-gradient":""},"mobile":{"background-color":"","background-image":"","background-repeat":"repeat","background-position":"center center","background-size":"auto","background-attachment":"scroll","background-type":"","background-media":"","overlay-type":"","overlay-color":"","overlay-opacity":"","overlay-gradient":""}},"ast-content-background-meta":{"desktop":{"background-color":"var(--ast-global-color-5)","background-image":"","background-repeat":"repeat","background-position":"center center","background-size":"auto","background-attachment":"scroll","background-type":"","background-media":"","overlay-type":"","overlay-color":"","overlay-opacity":"","overlay-gradient":""},"tablet":{"background-color":"var(--ast-global-color-5)","background-image":"","background-repeat":"repeat","background-position":"center center","background-size":"auto","background-attachment":"scroll","background-type":"","background-media":"","overlay-type":"","overlay-color":"","overlay-opacity":"","overlay-gradient":""},"mobile":{"background-color":"var(--ast-global-color-5)","background-image":"","background-repeat":"repeat","background-position":"center center","background-size":"auto","background-attachment":"scroll","background-type":"","background-media":"","overlay-type":"","overlay-color":"","overlay-opacity":"","overlay-gradient":""}}},"product_brand":[],"product_cat":[2066,2508,2076,4813,2509],"product_tag":[],"class_list":{"0":"post-601782","1":"product","2":"type-product","3":"status-publish","4":"has-post-thumbnail","6":"product_cat-e-cigarettes-fr","7":"product_cat-hardware-fr","8":"product_cat-kits-et-pod-pour-debutants","9":"product_cat-lost-vape-fr","10":"product_cat-shop-by-brand-fr","11":"desktop-align-center","12":"tablet-align-center","13":"mobile-align-center","14":"ast-product-gallery-layout-horizontal-slider","15":"ast-product-single-variable","16":"ast-product-tabs-layout-horizontal","18":"first","19":"instock","20":"sale","21":"taxable","22":"shipping-taxable","23":"purchasable","24":"product-type-variable"},"acf":[],"uagb_featured_image_src":{"full":["https:\/\/justvape.nu\/wp-content\/uploads\/2023\/06\/EnWJzEA.jpeg",512,512,false],"thumbnail":["https:\/\/justvape.nu\/wp-content\/uploads\/2023\/06\/EnWJzEA-150x150.jpeg",150,150,true],"medium":["https:\/\/justvape.nu\/wp-content\/uploads\/2023\/06\/EnWJzEA-300x300.jpeg",300,300,true],"medium_large":["https:\/\/justvape.nu\/wp-content\/uploads\/2023\/06\/EnWJzEA.jpeg",512,512,false],"large":["https:\/\/justvape.nu\/wp-content\/uploads\/2023\/06\/EnWJzEA.jpeg",512,512,false],"1536x1536":["https:\/\/justvape.nu\/wp-content\/uploads\/2023\/06\/EnWJzEA.jpeg",512,512,false],"2048x2048":["https:\/\/justvape.nu\/wp-content\/uploads\/2023\/06\/EnWJzEA.jpeg",512,512,false],"woocommerce_thumbnail":["https:\/\/justvape.nu\/wp-content\/uploads\/2023\/06\/EnWJzEA-300x300.jpeg",300,300,true],"woocommerce_single":["https:\/\/justvape.nu\/wp-content\/uploads\/2023\/06\/EnWJzEA.jpeg",512,512,false],"woocommerce_gallery_thumbnail":["https:\/\/justvape.nu\/wp-content\/uploads\/2023\/06\/EnWJzEA-100x100.jpeg",100,100,true],"dgwt-wcas-product-suggestion":["https:\/\/justvape.nu\/wp-content\/uploads\/2023\/06\/EnWJzEA-64x64.jpeg",64,64,true]},"uagb_author_info":{"display_name":"Kenneth Merkur","author_link":"https:\/\/justvape.nu\/fr\/author\/"},"uagb_comment_info":0,"uagb_excerpt":"LOST VAPE - URSA POCKET KIT","_links":{"self":[{"href":"https:\/\/justvape.nu\/fr\/wp-json\/wp\/v2\/product\/601782","targetHints":{"allow":["GET"]}}],"collection":[{"href":"https:\/\/justvape.nu\/fr\/wp-json\/wp\/v2\/product"}],"about":[{"href":"https:\/\/justvape.nu\/fr\/wp-json\/wp\/v2\/types\/product"}],"replies":[{"embeddable":true,"href":"https:\/\/justvape.nu\/fr\/wp-json\/wp\/v2\/comments?post=601782"}],"wp:featuredmedia":[{"embeddable":true,"href":"https:\/\/justvape.nu\/fr\/wp-json\/wp\/v2\/media\/601006"}],"wp:attachment":[{"href":"https:\/\/justvape.nu\/fr\/wp-json\/wp\/v2\/media?parent=601782"}],"wp:term":[{"taxonomy":"product_brand","embeddable":true,"href":"https:\/\/justvape.nu\/fr\/wp-json\/wp\/v2\/product_brand?post=601782"},{"taxonomy":"product_cat","embeddable":true,"href":"https:\/\/justvape.nu\/fr\/wp-json\/wp\/v2\/product_cat?post=601782"},{"taxonomy":"product_tag","embeddable":true,"href":"https:\/\/justvape.nu\/fr\/wp-json\/wp\/v2\/product_tag?post=601782"}],"curies":[{"name":"wp","href":"https:\/\/api.w.org\/{rel}","templated":true}]}}