{"id":593982,"date":"2023-05-22T20:42:40","date_gmt":"2023-05-22T18:42:40","guid":{"rendered":"https:\/\/justvape.nu\/produkt\/uwell-caliburn-a3s-pod-system\/"},"modified":"2026-01-07T12:29:30","modified_gmt":"2026-01-07T11:29:30","slug":"uwell-caliburn-a3s-pod-system","status":"publish","type":"product","link":"https:\/\/justvape.nu\/fr\/produkt\/uwell-caliburn-a3s-pod-system\/","title":{"rendered":"UWELL &#8211; CALIBURN A3S POD SYSTEM"},"content":{"rendered":"<h2>UWELL &#8211; CALIBURN A3S POD SYSTEM<\/h2>\n<p>D\u00e9couvrez le syst\u00e8me Uwell Caliburn A3S Pod System, qui offre une batterie de 520mAh, une puissance maximale de 16W, et utilise des dosettes A3S exclusives qui contiennent 2mL de votre eJuice pr\u00e9f\u00e9r\u00e9. Construit en alliage d&rsquo;aluminium durable, le ch\u00e2ssis du Caliburn A3S est l\u00e9ger mais r\u00e9siste aux chutes l\u00e9g\u00e8res. Avec une batterie de 520mAh, le design fin renferme une batterie puissante qui d\u00e9livre jusqu&rsquo;\u00e0 16W aux coils pods int\u00e9gr\u00e9s. Pouvant contenir jusqu&rsquo;\u00e0 2mL d&rsquo;eJuice, les pods accueillent un coil int\u00e9gr\u00e9, mesurant 0,8ohm ou 1,0ohm pour produire la meilleure saveur possible \u00e0 partir de n&rsquo;importe quel eJuice charg\u00e9. De plus, le Caliburn A3S fonctionne avec un m\u00e9canisme de mise \u00e0 feu activ\u00e9 par le tirage, ce qui permet d&rsquo;\u00e9liminer tous les boutons pour une conception visuelle \u00e9l\u00e9gante et ininterrompue.<\/p>\n<p><a href=\"https:\/\/justvape.nu\/wp-content\/uploads\/2018\/05\/Color-Schemes.png\"><img loading=\"lazy\" decoding=\"async\" class=\"alignnone size-full wp-image-249098\" src=\"https:\/\/justvape.nu\/wp-content\/uploads\/2018\/05\/Color-Schemes.png\" alt=\"\" width=\"950\" height=\"64\" title=\"\" srcset=\"https:\/\/justvape.nu\/wp-content\/uploads\/2018\/05\/Color-Schemes.png 950w, https:\/\/justvape.nu\/wp-content\/uploads\/2018\/05\/Color-Schemes-600x40.png 600w, https:\/\/justvape.nu\/wp-content\/uploads\/2018\/05\/Color-Schemes-64x4.png 64w, https:\/\/justvape.nu\/wp-content\/uploads\/2018\/05\/Color-Schemes-300x20.png 300w, https:\/\/justvape.nu\/wp-content\/uploads\/2018\/05\/Color-Schemes-768x52.png 768w\" sizes=\"auto, (max-width: 950px) 100vw, 950px\" \/><\/a><\/p>\n<p class=\"description-img-center\"><a href=\"https:\/\/justvape.nu\/wp-content\/uploads\/2023\/05\/Uwell_Caliburn_A3S_Kit_Colors.jpg\"><img loading=\"lazy\" decoding=\"async\" class=\"alignnone wp-image-593846\" src=\"https:\/\/justvape.nu\/wp-content\/uploads\/2023\/05\/Uwell_Caliburn_A3S_Kit_Colors.jpg\" alt=\"\" width=\"939\" height=\"507\" title=\"\" srcset=\"https:\/\/justvape.nu\/wp-content\/uploads\/2023\/05\/Uwell_Caliburn_A3S_Kit_Colors.jpg 800w, https:\/\/justvape.nu\/wp-content\/uploads\/2023\/05\/Uwell_Caliburn_A3S_Kit_Colors-600x324.jpg 600w, https:\/\/justvape.nu\/wp-content\/uploads\/2023\/05\/Uwell_Caliburn_A3S_Kit_Colors-64x35.jpg 64w, https:\/\/justvape.nu\/wp-content\/uploads\/2023\/05\/Uwell_Caliburn_A3S_Kit_Colors-300x162.jpg 300w, https:\/\/justvape.nu\/wp-content\/uploads\/2023\/05\/Uwell_Caliburn_A3S_Kit_Colors-768x415.jpg 768w\" sizes=\"auto, (max-width: 939px) 100vw, 939px\" \/><\/a><\/p>\n<div class=\"shop-features \">\n<h2 class=\"shop-features-title \"><a href=\"https:\/\/justvape.nu\/wp-content\/uploads\/2018\/05\/Specifications.png\"><img loading=\"lazy\" decoding=\"async\" class=\"alignnone size-full wp-image-248449\" src=\"https:\/\/justvape.nu\/wp-content\/uploads\/2018\/05\/Specifications.png\" alt=\"\" width=\"950\" height=\"64\" title=\"\" srcset=\"https:\/\/justvape.nu\/wp-content\/uploads\/2018\/05\/Specifications.png 950w, https:\/\/justvape.nu\/wp-content\/uploads\/2018\/05\/Specifications-600x40.png 600w, https:\/\/justvape.nu\/wp-content\/uploads\/2018\/05\/Specifications-64x4.png 64w, https:\/\/justvape.nu\/wp-content\/uploads\/2018\/05\/Specifications-300x20.png 300w, https:\/\/justvape.nu\/wp-content\/uploads\/2018\/05\/Specifications-768x52.png 768w\" sizes=\"auto, (max-width: 950px) 100vw, 950px\" \/><\/a><\/h2>\n<\/div>\n<table class=\"description-table\">\n<tbody>\n<tr>\n<td class=\"strong-title \">Marque<\/td>\n<td class=\"inline\">Uwell<\/td>\n<\/tr>\n<tr>\n<td class=\"strong-title \">Nom du produit<\/td>\n<td class=\"inline\">Caliburn A3S Pod Kit<\/td>\n<\/tr>\n<tr>\n<td class=\"strong-title \">Mat\u00e9riau<\/td>\n<td class=\"inline\">PCTG, alliage d&rsquo;aluminium<\/td>\n<\/tr>\n<tr>\n<td class=\"strong-title \">Dimensions<\/td>\n<td class=\"inline\">109.8*21.3*11.7mm<\/td>\n<\/tr>\n<tr>\n<td class=\"strong-title \">Capacit\u00e9 de l&rsquo;e-liquide<\/td>\n<td class=\"inline\">2ml<\/td>\n<\/tr>\n<tr>\n<td class=\"strong-title \">Puissance de sortie<\/td>\n<td class=\"inline\">Maximum 16W<\/td>\n<\/tr>\n<tr>\n<td class=\"strong-title \">Sp\u00e9cifications du pod<\/td>\n<td class=\"inline\">FeCrAI Meshed 0.8ohm Caliburn A3S Refillable Pod (pr\u00e9-install\u00e9)<br \/>\nFeCrAI Meshed 1.0ohm Caliburn A3S Refillable Pod(spare)<\/td>\n<\/tr>\n<tr>\n<td class=\"strong-title \">Capacit\u00e9 de la batterie<\/td>\n<td class=\"inline\">520mAh<\/td>\n<\/tr>\n<tr>\n<td class=\"strong-title \">Type de remplissage<\/td>\n<td class=\"inline\">Remplissage lat\u00e9ral<\/td>\n<\/tr>\n<tr>\n<td class=\"strong-title \">Couleur<\/td>\n<td class=\"inline\">Argent clair de lune, gris spatial, noir de minuit, vert lac, violet iris, flamme oc\u00e9anique<\/td>\n<\/tr>\n<\/tbody>\n<\/table>\n<div class=\"shop-features \">\n<h2 class=\"shop-features-title \"><a href=\"https:\/\/justvape.nu\/wp-content\/uploads\/2018\/05\/Features.png\"><img loading=\"lazy\" decoding=\"async\" class=\"alignnone size-full wp-image-18994\" src=\"https:\/\/justvape.nu\/wp-content\/uploads\/2018\/05\/Features.png\" alt=\"\" width=\"950\" height=\"64\" title=\"\" srcset=\"https:\/\/justvape.nu\/wp-content\/uploads\/2018\/05\/Features.png 950w, https:\/\/justvape.nu\/wp-content\/uploads\/2018\/05\/Features-555x37.png 555w, https:\/\/justvape.nu\/wp-content\/uploads\/2018\/05\/Features-64x4.png 64w, https:\/\/justvape.nu\/wp-content\/uploads\/2018\/05\/Features-300x20.png 300w, https:\/\/justvape.nu\/wp-content\/uploads\/2018\/05\/Features-768x52.png 768w\" sizes=\"auto, (max-width: 950px) 100vw, 950px\" \/><\/a><\/h2>\n<\/div>\n<ul>\n<li style=\"list-style-type: none;\">\n<ul>\n<li>1. \u00c9l\u00e9gant, avec un motif laser fin<\/li>\n<li>2. Animation lumineuse de la forme du logo<\/li>\n<li>3. Conception activ\u00e9e par le dessin<\/li>\n<li>4. Compatible avec le pod Caliburn A3<\/li>\n<li>5. Connexion magn\u00e9tique solide du pod<\/li>\n<li>6. Capsule transparente, grande fen\u00eatre pour l&rsquo;e-juice<\/li>\n<li>7. Chargement rapide 2A<\/li>\n<li>8. Technologie d&rsquo;ajustement de l&rsquo;ar\u00f4me Pro-FOCS<\/li>\n<li>9. Syst\u00e8me de remplissage lat\u00e9ral<\/li>\n<\/ul>\n<\/li>\n<\/ul>\n<div class=\"img-show-more\">\n<div id=\"img_content_less\" class=\"img-content add-more\">\n<p class=\"description-img-center\"><a href=\"https:\/\/justvape.nu\/wp-content\/uploads\/2023\/05\/Uwell_Caliburn_A3S_Kit_Fast_Charging.jpg\"><img loading=\"lazy\" decoding=\"async\" class=\"alignnone size-full wp-image-593854\" src=\"https:\/\/justvape.nu\/wp-content\/uploads\/2023\/05\/Uwell_Caliburn_A3S_Kit_Fast_Charging.jpg\" alt=\"\" width=\"831\" height=\"475\" title=\"\" srcset=\"https:\/\/justvape.nu\/wp-content\/uploads\/2023\/05\/Uwell_Caliburn_A3S_Kit_Fast_Charging.jpg 831w, https:\/\/justvape.nu\/wp-content\/uploads\/2023\/05\/Uwell_Caliburn_A3S_Kit_Fast_Charging-600x343.jpg 600w, https:\/\/justvape.nu\/wp-content\/uploads\/2023\/05\/Uwell_Caliburn_A3S_Kit_Fast_Charging-64x37.jpg 64w, https:\/\/justvape.nu\/wp-content\/uploads\/2023\/05\/Uwell_Caliburn_A3S_Kit_Fast_Charging-300x171.jpg 300w, https:\/\/justvape.nu\/wp-content\/uploads\/2023\/05\/Uwell_Caliburn_A3S_Kit_Fast_Charging-768x439.jpg 768w\" sizes=\"auto, (max-width: 831px) 100vw, 831px\" \/><\/a> <a href=\"https:\/\/justvape.nu\/wp-content\/uploads\/2023\/05\/Uwell_Caliburn_A3S_Kit_Draw_to_Vape.jpg\"><img loading=\"lazy\" decoding=\"async\" class=\"alignnone size-full wp-image-593862\" src=\"https:\/\/justvape.nu\/wp-content\/uploads\/2023\/05\/Uwell_Caliburn_A3S_Kit_Draw_to_Vape.jpg\" alt=\"\" width=\"831\" height=\"545\" title=\"\" srcset=\"https:\/\/justvape.nu\/wp-content\/uploads\/2023\/05\/Uwell_Caliburn_A3S_Kit_Draw_to_Vape.jpg 831w, https:\/\/justvape.nu\/wp-content\/uploads\/2023\/05\/Uwell_Caliburn_A3S_Kit_Draw_to_Vape-600x394.jpg 600w, https:\/\/justvape.nu\/wp-content\/uploads\/2023\/05\/Uwell_Caliburn_A3S_Kit_Draw_to_Vape-64x42.jpg 64w, https:\/\/justvape.nu\/wp-content\/uploads\/2023\/05\/Uwell_Caliburn_A3S_Kit_Draw_to_Vape-300x197.jpg 300w, https:\/\/justvape.nu\/wp-content\/uploads\/2023\/05\/Uwell_Caliburn_A3S_Kit_Draw_to_Vape-768x504.jpg 768w\" sizes=\"auto, (max-width: 831px) 100vw, 831px\" \/><\/a> <a href=\"https:\/\/justvape.nu\/wp-content\/uploads\/2023\/05\/Uwell_Caliburn_A3S_Kit_Compatible_with_A3_Pod.jpg\"><img loading=\"lazy\" decoding=\"async\" class=\"alignnone size-full wp-image-593870\" src=\"https:\/\/justvape.nu\/wp-content\/uploads\/2023\/05\/Uwell_Caliburn_A3S_Kit_Compatible_with_A3_Pod.jpg\" alt=\"\" width=\"831\" height=\"549\" title=\"\" srcset=\"https:\/\/justvape.nu\/wp-content\/uploads\/2023\/05\/Uwell_Caliburn_A3S_Kit_Compatible_with_A3_Pod.jpg 831w, https:\/\/justvape.nu\/wp-content\/uploads\/2023\/05\/Uwell_Caliburn_A3S_Kit_Compatible_with_A3_Pod-600x396.jpg 600w, https:\/\/justvape.nu\/wp-content\/uploads\/2023\/05\/Uwell_Caliburn_A3S_Kit_Compatible_with_A3_Pod-64x42.jpg 64w, https:\/\/justvape.nu\/wp-content\/uploads\/2023\/05\/Uwell_Caliburn_A3S_Kit_Compatible_with_A3_Pod-300x198.jpg 300w, https:\/\/justvape.nu\/wp-content\/uploads\/2023\/05\/Uwell_Caliburn_A3S_Kit_Compatible_with_A3_Pod-768x507.jpg 768w\" sizes=\"auto, (max-width: 831px) 100vw, 831px\" \/><\/a><\/p>\n<p class=\"description-img-center\">\n<\/div>\n<\/div>\n<div class=\"shop-features \">\n<h2 class=\"shop-features-title \"><a href=\"https:\/\/justvape.nu\/wp-content\/uploads\/2018\/04\/Packing-List.png\"><img loading=\"lazy\" decoding=\"async\" class=\"alignnone size-full wp-image-18999\" src=\"https:\/\/justvape.nu\/wp-content\/uploads\/2018\/04\/Packing-List.png\" alt=\"\" width=\"950\" height=\"64\" title=\"\" srcset=\"https:\/\/justvape.nu\/wp-content\/uploads\/2018\/04\/Packing-List.png 950w, https:\/\/justvape.nu\/wp-content\/uploads\/2018\/04\/Packing-List-555x37.png 555w, https:\/\/justvape.nu\/wp-content\/uploads\/2018\/04\/Packing-List-64x4.png 64w, https:\/\/justvape.nu\/wp-content\/uploads\/2018\/04\/Packing-List-300x20.png 300w, https:\/\/justvape.nu\/wp-content\/uploads\/2018\/04\/Packing-List-768x52.png 768w\" sizes=\"auto, (max-width: 950px) 100vw, 950px\" \/><\/a><\/h2>\n<\/div>\n<p>1* Dispositif Caliburn A3S<br \/>\n1* Pod rechargeable Caliburn A3S 0,8ohm (pr\u00e9install\u00e9)<br \/>\n1* 1.0ohm Caliburn A3S Refillable Pod (Spare)<br \/>\n1 * manuel de l&rsquo;utilisateur<\/p>\n<p class=\"description-img-center \"><a href=\"https:\/\/justvape.nu\/wp-content\/uploads\/2023\/05\/Uwell_Caliburn_A3S_Kit_Packing_List.jpg\"><img loading=\"lazy\" decoding=\"async\" class=\"alignnone size-full wp-image-593878\" src=\"https:\/\/justvape.nu\/wp-content\/uploads\/2023\/05\/Uwell_Caliburn_A3S_Kit_Packing_List.jpg\" alt=\"\" width=\"831\" height=\"434\" title=\"\" srcset=\"https:\/\/justvape.nu\/wp-content\/uploads\/2023\/05\/Uwell_Caliburn_A3S_Kit_Packing_List.jpg 831w, https:\/\/justvape.nu\/wp-content\/uploads\/2023\/05\/Uwell_Caliburn_A3S_Kit_Packing_List-600x313.jpg 600w, https:\/\/justvape.nu\/wp-content\/uploads\/2023\/05\/Uwell_Caliburn_A3S_Kit_Packing_List-64x33.jpg 64w, https:\/\/justvape.nu\/wp-content\/uploads\/2023\/05\/Uwell_Caliburn_A3S_Kit_Packing_List-300x157.jpg 300w, https:\/\/justvape.nu\/wp-content\/uploads\/2023\/05\/Uwell_Caliburn_A3S_Kit_Packing_List-768x401.jpg 768w\" sizes=\"auto, (max-width: 831px) 100vw, 831px\" \/><\/a><\/p>\n","protected":false},"excerpt":{"rendered":"<p>UWELL &#8211; CALIBURN A3S POD SYSTEM<\/p>\n","protected":false},"featured_media":593896,"comment_status":"open","ping_status":"closed","template":"","meta":{"_acf_changed":false,"_uag_custom_page_level_css":"","site-sidebar-layout":"default","site-content-layout":"default","ast-site-content-layout":"default","site-content-style":"default","site-sidebar-style":"default","ast-global-header-display":"","ast-banner-title-visibility":"","ast-main-header-display":"","ast-hfb-above-header-display":"","ast-hfb-below-header-display":"","ast-hfb-mobile-header-display":"","site-post-title":"","ast-breadcrumbs-content":"","ast-featured-img":"","footer-sml-layout":"","ast-disable-related-posts":"","theme-transparent-header-meta":"default","adv-header-id-meta":"","stick-header-meta":"default","header-above-stick-meta":"","header-main-stick-meta":"","header-below-stick-meta":"","astra-migrate-meta-layouts":"default","ast-page-background-enabled":"default","ast-page-background-meta":{"desktop":{"background-color":"","background-image":"","background-repeat":"repeat","background-position":"center center","background-size":"auto","background-attachment":"scroll","background-type":"","background-media":"","overlay-type":"","overlay-color":"","overlay-opacity":"","overlay-gradient":""},"tablet":{"background-color":"","background-image":"","background-repeat":"repeat","background-position":"center center","background-size":"auto","background-attachment":"scroll","background-type":"","background-media":"","overlay-type":"","overlay-color":"","overlay-opacity":"","overlay-gradient":""},"mobile":{"background-color":"","background-image":"","background-repeat":"repeat","background-position":"center center","background-size":"auto","background-attachment":"scroll","background-type":"","background-media":"","overlay-type":"","overlay-color":"","overlay-opacity":"","overlay-gradient":""}},"ast-content-background-meta":{"desktop":{"background-color":"var(--ast-global-color-5)","background-image":"","background-repeat":"repeat","background-position":"center center","background-size":"auto","background-attachment":"scroll","background-type":"","background-media":"","overlay-type":"","overlay-color":"","overlay-opacity":"","overlay-gradient":""},"tablet":{"background-color":"var(--ast-global-color-5)","background-image":"","background-repeat":"repeat","background-position":"center center","background-size":"auto","background-attachment":"scroll","background-type":"","background-media":"","overlay-type":"","overlay-color":"","overlay-opacity":"","overlay-gradient":""},"mobile":{"background-color":"var(--ast-global-color-5)","background-image":"","background-repeat":"repeat","background-position":"center center","background-size":"auto","background-attachment":"scroll","background-type":"","background-media":"","overlay-type":"","overlay-color":"","overlay-opacity":"","overlay-gradient":""}}},"product_brand":[],"product_cat":[2066,2508,2076,2509,3428],"product_tag":[],"class_list":{"0":"post-593982","1":"product","2":"type-product","3":"status-publish","4":"has-post-thumbnail","6":"product_cat-e-cigarettes-fr","7":"product_cat-hardware-fr","8":"product_cat-kits-et-pod-pour-debutants","9":"product_cat-shop-by-brand-fr","10":"product_cat-uwell-fr-2","11":"desktop-align-center","12":"tablet-align-center","13":"mobile-align-center","14":"ast-product-gallery-layout-horizontal-slider","15":"ast-product-single-variable","16":"ast-product-tabs-layout-horizontal","18":"first","19":"instock","20":"sale","21":"taxable","22":"shipping-taxable","23":"purchasable","24":"product-type-variable"},"acf":[],"uagb_featured_image_src":{"full":["https:\/\/justvape.nu\/wp-content\/uploads\/2023\/05\/r4oSyaxo.jpeg",600,600,false],"thumbnail":["https:\/\/justvape.nu\/wp-content\/uploads\/2023\/05\/r4oSyaxo-150x150.jpeg",150,150,true],"medium":["https:\/\/justvape.nu\/wp-content\/uploads\/2023\/05\/r4oSyaxo-300x300.jpeg",300,300,true],"medium_large":["https:\/\/justvape.nu\/wp-content\/uploads\/2023\/05\/r4oSyaxo.jpeg",600,600,false],"large":["https:\/\/justvape.nu\/wp-content\/uploads\/2023\/05\/r4oSyaxo.jpeg",600,600,false],"1536x1536":["https:\/\/justvape.nu\/wp-content\/uploads\/2023\/05\/r4oSyaxo.jpeg",600,600,false],"2048x2048":["https:\/\/justvape.nu\/wp-content\/uploads\/2023\/05\/r4oSyaxo.jpeg",600,600,false],"woocommerce_thumbnail":["https:\/\/justvape.nu\/wp-content\/uploads\/2023\/05\/r4oSyaxo-300x300.jpeg",300,300,true],"woocommerce_single":["https:\/\/justvape.nu\/wp-content\/uploads\/2023\/05\/r4oSyaxo.jpeg",600,600,false],"woocommerce_gallery_thumbnail":["https:\/\/justvape.nu\/wp-content\/uploads\/2023\/05\/r4oSyaxo-100x100.jpeg",100,100,true],"dgwt-wcas-product-suggestion":["https:\/\/justvape.nu\/wp-content\/uploads\/2023\/05\/r4oSyaxo-64x64.jpeg",64,64,true]},"uagb_author_info":{"display_name":"Kenneth Merkur","author_link":"https:\/\/justvape.nu\/fr\/author\/"},"uagb_comment_info":0,"uagb_excerpt":"UWELL - CALIBURN A3S POD SYSTEM","_links":{"self":[{"href":"https:\/\/justvape.nu\/fr\/wp-json\/wp\/v2\/product\/593982","targetHints":{"allow":["GET"]}}],"collection":[{"href":"https:\/\/justvape.nu\/fr\/wp-json\/wp\/v2\/product"}],"about":[{"href":"https:\/\/justvape.nu\/fr\/wp-json\/wp\/v2\/types\/product"}],"replies":[{"embeddable":true,"href":"https:\/\/justvape.nu\/fr\/wp-json\/wp\/v2\/comments?post=593982"}],"wp:featuredmedia":[{"embeddable":true,"href":"https:\/\/justvape.nu\/fr\/wp-json\/wp\/v2\/media\/593896"}],"wp:attachment":[{"href":"https:\/\/justvape.nu\/fr\/wp-json\/wp\/v2\/media?parent=593982"}],"wp:term":[{"taxonomy":"product_brand","embeddable":true,"href":"https:\/\/justvape.nu\/fr\/wp-json\/wp\/v2\/product_brand?post=593982"},{"taxonomy":"product_cat","embeddable":true,"href":"https:\/\/justvape.nu\/fr\/wp-json\/wp\/v2\/product_cat?post=593982"},{"taxonomy":"product_tag","embeddable":true,"href":"https:\/\/justvape.nu\/fr\/wp-json\/wp\/v2\/product_tag?post=593982"}],"curies":[{"name":"wp","href":"https:\/\/api.w.org\/{rel}","templated":true}]}}