{"id":588582,"date":"2023-05-03T11:55:00","date_gmt":"2023-05-03T09:55:00","guid":{"rendered":"https:\/\/justvape.nu\/produkt\/cthulhu-mod-kraken-boro-tank\/"},"modified":"2023-05-03T13:26:22","modified_gmt":"2023-05-03T11:26:22","slug":"cthulhu-mod-kraken-boro-tank","status":"publish","type":"product","link":"https:\/\/justvape.nu\/fr\/produkt\/cthulhu-mod-kraken-boro-tank\/","title":{"rendered":"CTHULHU MOD &#8211; KRAKEN BORO TANK"},"content":{"rendered":"<h2>CTHULHU MOD &#8211; KRAKEN BORO TANK<\/h2>\n<p>&nbsp;<\/p>\n<p>Lib\u00e9rez le Kraken !<\/p>\n<p>Voici le r\u00e9servoir Kraken Boro de Cthulhu mods, maintenant disponible en quatre couleurs accrocheuses. Ce r\u00e9servoir est l&rsquo;am\u00e9lioration parfaite pour votre appareil Cthulhu AIO, vous permettant d&rsquo;\u00e9lever votre exp\u00e9rience de vapotage \u00e0 un niveau sup\u00e9rieur. Compatible avec les bridges boro, le r\u00e9servoir Kraken Boro est construit en PCTG durable avec un support d&rsquo;oring en acier inoxydable pour plus de solidit\u00e9 et de long\u00e9vit\u00e9. Le capuchon inf\u00e9rieur en m\u00e9tal abrite les flux d&rsquo;air frontaux et lat\u00e9raux, garantissant un tirage fluide et satisfaisant \u00e0 chaque fois. Ne vous contentez pas de r\u00e9servoirs ordinaires, optez pour le r\u00e9servoir Kraken Boro et faites l&rsquo;exp\u00e9rience de la meilleure qualit\u00e9 et des meilleures performances.<\/p>\n<p><a style=\"font-size: 16px; background-color: #ffffff;\" href=\"https:\/\/justvape.nu\/wp-content\/uploads\/2018\/05\/Specifications.png\"><img loading=\"lazy\" decoding=\"async\" class=\"alignnone size-full wp-image-248449\" src=\"https:\/\/justvape.nu\/wp-content\/uploads\/2018\/05\/Specifications.png\" alt=\"\" width=\"950\" height=\"64\" title=\"\" srcset=\"https:\/\/justvape.nu\/wp-content\/uploads\/2018\/05\/Specifications.png 950w, https:\/\/justvape.nu\/wp-content\/uploads\/2018\/05\/Specifications-600x40.png 600w, https:\/\/justvape.nu\/wp-content\/uploads\/2018\/05\/Specifications-64x4.png 64w, https:\/\/justvape.nu\/wp-content\/uploads\/2018\/05\/Specifications-300x20.png 300w, https:\/\/justvape.nu\/wp-content\/uploads\/2018\/05\/Specifications-768x52.png 768w\" sizes=\"auto, (max-width: 950px) 100vw, 950px\" \/><\/a><\/p>\n<p>&nbsp;<\/p>\n<ul>\n<li>R\u00e9servoir PTCG<\/li>\n<li>Porte-orifices en acier inoxydable<\/li>\n<li>Plaque de base en m\u00e9tal<\/li>\n<li>Remplissage facile par le haut<\/li>\n<li>Compatible avec les ponts boro<\/li>\n<\/ul>\n<p><a href=\"https:\/\/justvape.nu\/wp-content\/uploads\/2018\/04\/Packing-List.png\"><img loading=\"lazy\" decoding=\"async\" class=\"alignnone size-full wp-image-18999\" src=\"https:\/\/justvape.nu\/wp-content\/uploads\/2018\/04\/Packing-List.png\" alt=\"\" width=\"950\" height=\"64\" title=\"\" srcset=\"https:\/\/justvape.nu\/wp-content\/uploads\/2018\/04\/Packing-List.png 950w, https:\/\/justvape.nu\/wp-content\/uploads\/2018\/04\/Packing-List-555x37.png 555w, https:\/\/justvape.nu\/wp-content\/uploads\/2018\/04\/Packing-List-64x4.png 64w, https:\/\/justvape.nu\/wp-content\/uploads\/2018\/04\/Packing-List-300x20.png 300w, https:\/\/justvape.nu\/wp-content\/uploads\/2018\/04\/Packing-List-768x52.png 768w\" sizes=\"auto, (max-width: 950px) 100vw, 950px\" \/><\/a><\/p>\n<ul>\n<li>Contenu du paquet : 1 x Kraken Boro Tank par Cthulhu Mods<\/li>\n<\/ul>\n","protected":false},"excerpt":{"rendered":"<p>CTHULHU MOD &#8211; KRAKEN BORO TANK<\/p>\n","protected":false},"featured_media":588236,"comment_status":"open","ping_status":"closed","template":"","meta":{"_acf_changed":false,"_uag_custom_page_level_css":"","site-sidebar-layout":"default","site-content-layout":"default","ast-site-content-layout":"default","site-content-style":"default","site-sidebar-style":"default","ast-global-header-display":"","ast-banner-title-visibility":"","ast-main-header-display":"","ast-hfb-above-header-display":"","ast-hfb-below-header-display":"","ast-hfb-mobile-header-display":"","site-post-title":"","ast-breadcrumbs-content":"","ast-featured-img":"","footer-sml-layout":"","ast-disable-related-posts":"","theme-transparent-header-meta":"default","adv-header-id-meta":"","stick-header-meta":"default","header-above-stick-meta":"","header-main-stick-meta":"","header-below-stick-meta":"","astra-migrate-meta-layouts":"default","ast-page-background-enabled":"default","ast-page-background-meta":{"desktop":{"background-color":"","background-image":"","background-repeat":"repeat","background-position":"center center","background-size":"auto","background-attachment":"scroll","background-type":"","background-media":"","overlay-type":"","overlay-color":"","overlay-opacity":"","overlay-gradient":""},"tablet":{"background-color":"","background-image":"","background-repeat":"repeat","background-position":"center center","background-size":"auto","background-attachment":"scroll","background-type":"","background-media":"","overlay-type":"","overlay-color":"","overlay-opacity":"","overlay-gradient":""},"mobile":{"background-color":"","background-image":"","background-repeat":"repeat","background-position":"center center","background-size":"auto","background-attachment":"scroll","background-type":"","background-media":"","overlay-type":"","overlay-color":"","overlay-opacity":"","overlay-gradient":""}},"ast-content-background-meta":{"desktop":{"background-color":"var(--ast-global-color-5)","background-image":"","background-repeat":"repeat","background-position":"center center","background-size":"auto","background-attachment":"scroll","background-type":"","background-media":"","overlay-type":"","overlay-color":"","overlay-opacity":"","overlay-gradient":""},"tablet":{"background-color":"var(--ast-global-color-5)","background-image":"","background-repeat":"repeat","background-position":"center center","background-size":"auto","background-attachment":"scroll","background-type":"","background-media":"","overlay-type":"","overlay-color":"","overlay-opacity":"","overlay-gradient":""},"mobile":{"background-color":"var(--ast-global-color-5)","background-image":"","background-repeat":"repeat","background-position":"center center","background-size":"auto","background-attachment":"scroll","background-type":"","background-media":"","overlay-type":"","overlay-color":"","overlay-opacity":"","overlay-gradient":""}}},"product_brand":[],"product_cat":[6205,2508,2036,1976,2509],"product_tag":[],"class_list":{"0":"post-588582","1":"product","2":"type-product","3":"status-publish","4":"has-post-thumbnail","6":"product_cat-cthulhu-mod-fr","7":"product_cat-hardware-fr","8":"product_cat-reservoirs","9":"product_cat-reservoirs-et-bobines","10":"product_cat-shop-by-brand-fr","11":"desktop-align-center","12":"tablet-align-center","13":"mobile-align-center","14":"ast-product-gallery-layout-horizontal-slider","15":"ast-product-single-variable","16":"ast-product-tabs-layout-horizontal","18":"first","19":"instock","20":"sale","21":"taxable","22":"shipping-taxable","23":"purchasable","24":"product-type-variable"},"acf":[],"uagb_featured_image_src":{"full":["https:\/\/justvape.nu\/wp-content\/uploads\/2023\/05\/cthulhumods-krakenborotank-main.png",600,600,false],"thumbnail":["https:\/\/justvape.nu\/wp-content\/uploads\/2023\/05\/cthulhumods-krakenborotank-main-150x150.png",150,150,true],"medium":["https:\/\/justvape.nu\/wp-content\/uploads\/2023\/05\/cthulhumods-krakenborotank-main-300x300.png",300,300,true],"medium_large":["https:\/\/justvape.nu\/wp-content\/uploads\/2023\/05\/cthulhumods-krakenborotank-main.png",600,600,false],"large":["https:\/\/justvape.nu\/wp-content\/uploads\/2023\/05\/cthulhumods-krakenborotank-main.png",600,600,false],"1536x1536":["https:\/\/justvape.nu\/wp-content\/uploads\/2023\/05\/cthulhumods-krakenborotank-main.png",600,600,false],"2048x2048":["https:\/\/justvape.nu\/wp-content\/uploads\/2023\/05\/cthulhumods-krakenborotank-main.png",600,600,false],"woocommerce_thumbnail":["https:\/\/justvape.nu\/wp-content\/uploads\/2023\/05\/cthulhumods-krakenborotank-main-300x300.png",300,300,true],"woocommerce_single":["https:\/\/justvape.nu\/wp-content\/uploads\/2023\/05\/cthulhumods-krakenborotank-main.png",600,600,false],"woocommerce_gallery_thumbnail":["https:\/\/justvape.nu\/wp-content\/uploads\/2023\/05\/cthulhumods-krakenborotank-main-100x100.png",100,100,true],"dgwt-wcas-product-suggestion":["https:\/\/justvape.nu\/wp-content\/uploads\/2023\/05\/cthulhumods-krakenborotank-main-64x64.png",64,64,true]},"uagb_author_info":{"display_name":"Kenneth Merkur","author_link":"https:\/\/justvape.nu\/fr\/author\/"},"uagb_comment_info":0,"uagb_excerpt":"CTHULHU MOD - KRAKEN BORO TANK","_links":{"self":[{"href":"https:\/\/justvape.nu\/fr\/wp-json\/wp\/v2\/product\/588582","targetHints":{"allow":["GET"]}}],"collection":[{"href":"https:\/\/justvape.nu\/fr\/wp-json\/wp\/v2\/product"}],"about":[{"href":"https:\/\/justvape.nu\/fr\/wp-json\/wp\/v2\/types\/product"}],"replies":[{"embeddable":true,"href":"https:\/\/justvape.nu\/fr\/wp-json\/wp\/v2\/comments?post=588582"}],"wp:featuredmedia":[{"embeddable":true,"href":"https:\/\/justvape.nu\/fr\/wp-json\/wp\/v2\/media\/588236"}],"wp:attachment":[{"href":"https:\/\/justvape.nu\/fr\/wp-json\/wp\/v2\/media?parent=588582"}],"wp:term":[{"taxonomy":"product_brand","embeddable":true,"href":"https:\/\/justvape.nu\/fr\/wp-json\/wp\/v2\/product_brand?post=588582"},{"taxonomy":"product_cat","embeddable":true,"href":"https:\/\/justvape.nu\/fr\/wp-json\/wp\/v2\/product_cat?post=588582"},{"taxonomy":"product_tag","embeddable":true,"href":"https:\/\/justvape.nu\/fr\/wp-json\/wp\/v2\/product_tag?post=588582"}],"curies":[{"name":"wp","href":"https:\/\/api.w.org\/{rel}","templated":true}]}}