{"id":586103,"date":"2023-04-24T20:15:19","date_gmt":"2023-04-24T18:15:19","guid":{"rendered":"https:\/\/justvape.nu\/produkt\/uwell-caliburn-ironfist-l-pod-system\/"},"modified":"2023-08-01T14:08:52","modified_gmt":"2023-08-01T12:08:52","slug":"uwell-caliburn-ironfist-l-pod-system","status":"publish","type":"product","link":"https:\/\/justvape.nu\/fr\/produkt\/uwell-caliburn-ironfist-l-pod-system\/","title":{"rendered":"UWELL &#8211; CALIBURN &amp; IRONFIST L POD KIT"},"content":{"rendered":"<h2>UWELL &#8211; CALIBURN &amp; IRONFIST L POD KIT<\/h2>\n<p>&nbsp;<\/p>\n<p>Le kit de vaporisation Uwell Caliburn &amp; Iron Fist L pod est un appareil compact de type bo\u00eete d&rsquo;allumettes. Facile \u00e0 utiliser, il cr\u00e9e une petite quantit\u00e9 de vapeur pour une inhalation MTL (Mouth To Lung). Gr\u00e2ce \u00e0 sa batterie int\u00e9gr\u00e9e de 690mAh, vous pouvez vaper plus longtemps entre les charges et le kit atteindra rapidement sa pleine charge, gr\u00e2ce au chargement rapide USB-C. C&rsquo;est un excellent choix pour les nouveaux vapoteurs comme pour les plus exp\u00e9riment\u00e9s, chaque kit comprenant une dosette rechargeable Caliburn &amp; Ironfist L et deux coils pour vous aider \u00e0 d\u00e9marrer.<\/p>\n<p>Comme ce kit est activ\u00e9 par inhalation, il n&rsquo;y a pas de menus \u00e0 parcourir et vous n&rsquo;avez pas non plus \u00e0 passer trop de temps \u00e0 cliquer sur des boutons. Pour commencer \u00e0 vaper, il suffit d&rsquo;appuyer cinq fois sur le bouton d&rsquo;alimentation pour allumer l&rsquo;appareil, puis de tirer une bouff\u00e9e sur l&#8217;embout pour qu&rsquo;il commence \u00e0 produire de la vapeur. Con\u00e7u pour offrir une vape plus proche de celle d&rsquo;une cigarette, ce kit cr\u00e9e une quantit\u00e9 discr\u00e8te de vapeur pour une inhalation MTL. En outre, il offre un certain nombre de caract\u00e9ristiques de s\u00e9curit\u00e9, telles que des protections contre les courts-circuits, les basses tensions, les heures suppl\u00e9mentaires et bien d&rsquo;autres encore.<\/p>\n<p>La dosette rechargeable Caliburn &amp; Ironfist L a une capacit\u00e9 de 2 ml d&rsquo;e-liquide et sa conception \u00e0 remplissage lat\u00e9ral rend le remplissage plus facile que jamais. Les bobines int\u00e9gr\u00e9es chauffent votre e-liquide plus rapidement pour une meilleure saveur. Vous n&rsquo;aurez pas non plus \u00e0 vous soucier du changement de bobine, car vous pouvez simplement remplacer le pod entier. Pour obtenir la m\u00eame r\u00e9sistance que l&rsquo;un ou l&rsquo;autre des coils fournis, nous recommandons de les associer \u00e0 un e-liquide 50 % VG ou \u00e0 des options PG plus \u00e9lev\u00e9es pour obtenir les meilleurs r\u00e9sultats.<\/p>\n<p><a href=\"https:\/\/justvape.nu\/wp-content\/uploads\/2018\/05\/Color-Schemes.png\"><img loading=\"lazy\" decoding=\"async\" class=\"alignnone size-full wp-image-19187\" src=\"https:\/\/justvape.nu\/wp-content\/uploads\/2018\/05\/Color-Schemes.png\" alt=\"\" width=\"950\" height=\"64\" title=\"\" srcset=\"https:\/\/justvape.nu\/wp-content\/uploads\/2018\/05\/Color-Schemes.png 950w, https:\/\/justvape.nu\/wp-content\/uploads\/2018\/05\/Color-Schemes-555x37.png 555w, https:\/\/justvape.nu\/wp-content\/uploads\/2018\/05\/Color-Schemes-64x4.png 64w, https:\/\/justvape.nu\/wp-content\/uploads\/2018\/05\/Color-Schemes-300x20.png 300w, https:\/\/justvape.nu\/wp-content\/uploads\/2018\/05\/Color-Schemes-768x52.png 768w\" sizes=\"auto, (max-width: 950px) 100vw, 950px\" \/><\/a><\/p>\n<p class=\"description-img-center\"><a href=\"https:\/\/justvape.nu\/wp-content\/uploads\/2023\/04\/Uwell_Caliburn_Ironfist_L_Kit_Colors.jpg\"><img loading=\"lazy\" decoding=\"async\" class=\"alignnone wp-image-586007\" src=\"https:\/\/justvape.nu\/wp-content\/uploads\/2023\/04\/Uwell_Caliburn_Ironfist_L_Kit_Colors.jpg\" alt=\"\" width=\"937\" height=\"417\" title=\"\" srcset=\"https:\/\/justvape.nu\/wp-content\/uploads\/2023\/04\/Uwell_Caliburn_Ironfist_L_Kit_Colors.jpg 800w, https:\/\/justvape.nu\/wp-content\/uploads\/2023\/04\/Uwell_Caliburn_Ironfist_L_Kit_Colors-600x267.jpg 600w, https:\/\/justvape.nu\/wp-content\/uploads\/2023\/04\/Uwell_Caliburn_Ironfist_L_Kit_Colors-64x28.jpg 64w, https:\/\/justvape.nu\/wp-content\/uploads\/2023\/04\/Uwell_Caliburn_Ironfist_L_Kit_Colors-300x134.jpg 300w, https:\/\/justvape.nu\/wp-content\/uploads\/2023\/04\/Uwell_Caliburn_Ironfist_L_Kit_Colors-768x342.jpg 768w\" sizes=\"auto, (max-width: 937px) 100vw, 937px\" \/><\/a><\/p>\n<div class=\"shop-features \">\n<h2 class=\"shop-features-title \"><a href=\"https:\/\/justvape.nu\/wp-content\/uploads\/2018\/05\/Specifications.png\"><img loading=\"lazy\" decoding=\"async\" class=\"alignnone size-full wp-image-18993\" src=\"https:\/\/justvape.nu\/wp-content\/uploads\/2018\/05\/Specifications.png\" alt=\"\" width=\"950\" height=\"64\" title=\"\" srcset=\"https:\/\/justvape.nu\/wp-content\/uploads\/2018\/05\/Specifications.png 950w, https:\/\/justvape.nu\/wp-content\/uploads\/2018\/05\/Specifications-555x37.png 555w, https:\/\/justvape.nu\/wp-content\/uploads\/2018\/05\/Specifications-64x4.png 64w, https:\/\/justvape.nu\/wp-content\/uploads\/2018\/05\/Specifications-300x20.png 300w, https:\/\/justvape.nu\/wp-content\/uploads\/2018\/05\/Specifications-768x52.png 768w\" sizes=\"auto, (max-width: 950px) 100vw, 950px\" \/><\/a><\/h2>\n<\/div>\n<table class=\"description-table\">\n<tbody>\n<tr>\n<td class=\"strong-title \">Marque<\/td>\n<td class=\"inline\">Uwell<\/td>\n<\/tr>\n<tr>\n<td class=\"strong-title \">Nom du produit<\/td>\n<td class=\"inline\">Caliburn &amp; Ironfist L Pod Kit<\/td>\n<\/tr>\n<tr>\n<td class=\"strong-title \">Mat\u00e9riau<\/td>\n<td class=\"inline\">PCTG, PC, alliage de zinc<\/td>\n<\/tr>\n<tr>\n<td class=\"strong-title \">Dimensions<\/td>\n<td class=\"inline\">46,5*17,6*69,75mm<\/td>\n<\/tr>\n<tr>\n<td class=\"strong-title \">Capacit\u00e9 de l&rsquo;e-liquide<\/td>\n<td class=\"inline\">2ml<\/td>\n<\/tr>\n<tr>\n<td class=\"strong-title \">Puissance de sortie<\/td>\n<td class=\"inline\">Maximum 16W<\/td>\n<\/tr>\n<tr>\n<td class=\"strong-title \">Capacit\u00e9 de la batterie<\/td>\n<td class=\"inline\">690 mAh<\/td>\n<\/tr>\n<tr>\n<td class=\"strong-title \">Sp\u00e9cifications de la bobine<\/td>\n<td class=\"inline\">FeCrAI UN2 Meshed-H 0.8ohm Caliburn G Coil<br \/>\nFeCrAI UN2 Meshed-H 1.2ohm Caliburn G2 Coil<br \/>\nFeCrAI 1.0ohm Caliburn G Coil (vendu s\u00e9par\u00e9ment)<\/td>\n<\/tr>\n<tr>\n<td class=\"strong-title \">Chargement<\/td>\n<td class=\"inline\">Chargement rapide 2A, Type-C<\/td>\n<\/tr>\n<tr>\n<td class=\"strong-title \">Couleur<\/td>\n<td class=\"inline\">Argent m\u00e9tallis\u00e9, Noir mat, Rouge corail<\/td>\n<\/tr>\n<\/tbody>\n<\/table>\n<div class=\"shop-features \">\n<h2 class=\"shop-features-title \"><a href=\"https:\/\/justvape.nu\/wp-content\/uploads\/2018\/05\/Features.png\"><img loading=\"lazy\" decoding=\"async\" class=\"alignnone size-full wp-image-18994\" src=\"https:\/\/justvape.nu\/wp-content\/uploads\/2018\/05\/Features.png\" alt=\"\" width=\"950\" height=\"64\" title=\"\" srcset=\"https:\/\/justvape.nu\/wp-content\/uploads\/2018\/05\/Features.png 950w, https:\/\/justvape.nu\/wp-content\/uploads\/2018\/05\/Features-555x37.png 555w, https:\/\/justvape.nu\/wp-content\/uploads\/2018\/05\/Features-64x4.png 64w, https:\/\/justvape.nu\/wp-content\/uploads\/2018\/05\/Features-300x20.png 300w, https:\/\/justvape.nu\/wp-content\/uploads\/2018\/05\/Features-768x52.png 768w\" sizes=\"auto, (max-width: 950px) 100vw, 950px\" \/><\/a><\/h2>\n<\/div>\n<ul>\n<li style=\"list-style-type: none;\">\n<ul>\n<li>1. Conception c\u00f4te \u00e0 c\u00f4te compacte modifi\u00e9e<\/li>\n<li>2. Puissance et d\u00e9bit d&rsquo;air r\u00e9glables<\/li>\n<li>3. Chargement rapide 2A, pr\u00e9l\u00e8vement automatique facile<\/li>\n<li>4. Indicateur LED interactif<\/li>\n<li>5. Technologie d&rsquo;ajustement de la saveur Pro-FOCS<\/li>\n<li>6. Feu lat\u00e9ral \u00e9clairant et d\u00e9coratif<\/li>\n<li>7. Combinaison d&rsquo;une qualit\u00e9 sup\u00e9rieure et d&rsquo;un aspect futuriste<\/li>\n<li>8. Dosette rechargeable de 2 ml<\/li>\n<li>9. M\u00e9canisme de protection int\u00e9gr\u00e9<\/li>\n<\/ul>\n<\/li>\n<\/ul>\n<div class=\"img-show-more\">\n<div id=\"img_content_less\" class=\"img-content add-more\">\n<p class=\"description-img-center\"><a href=\"https:\/\/justvape.nu\/wp-content\/uploads\/2023\/04\/Uwell_Caliburn_Ironfist_L_Kit_Coil_Options.jpg\"><img loading=\"lazy\" decoding=\"async\" class=\"alignnone size-full wp-image-586016\" src=\"https:\/\/justvape.nu\/wp-content\/uploads\/2023\/04\/Uwell_Caliburn_Ironfist_L_Kit_Coil_Options.jpg\" alt=\"\" width=\"831\" height=\"448\" title=\"\" srcset=\"https:\/\/justvape.nu\/wp-content\/uploads\/2023\/04\/Uwell_Caliburn_Ironfist_L_Kit_Coil_Options.jpg 831w, https:\/\/justvape.nu\/wp-content\/uploads\/2023\/04\/Uwell_Caliburn_Ironfist_L_Kit_Coil_Options-600x323.jpg 600w, https:\/\/justvape.nu\/wp-content\/uploads\/2023\/04\/Uwell_Caliburn_Ironfist_L_Kit_Coil_Options-64x35.jpg 64w, https:\/\/justvape.nu\/wp-content\/uploads\/2023\/04\/Uwell_Caliburn_Ironfist_L_Kit_Coil_Options-300x162.jpg 300w, https:\/\/justvape.nu\/wp-content\/uploads\/2023\/04\/Uwell_Caliburn_Ironfist_L_Kit_Coil_Options-768x414.jpg 768w\" sizes=\"auto, (max-width: 831px) 100vw, 831px\" \/><\/a> <a href=\"https:\/\/justvape.nu\/wp-content\/uploads\/2023\/04\/Uwell_Caliburn_Ironfist_L_Kit_Airflow_Adjustment.jpg\"><img loading=\"lazy\" decoding=\"async\" class=\"alignnone size-full wp-image-586024\" src=\"https:\/\/justvape.nu\/wp-content\/uploads\/2023\/04\/Uwell_Caliburn_Ironfist_L_Kit_Airflow_Adjustment.jpg\" alt=\"\" width=\"831\" height=\"523\" title=\"\" srcset=\"https:\/\/justvape.nu\/wp-content\/uploads\/2023\/04\/Uwell_Caliburn_Ironfist_L_Kit_Airflow_Adjustment.jpg 831w, https:\/\/justvape.nu\/wp-content\/uploads\/2023\/04\/Uwell_Caliburn_Ironfist_L_Kit_Airflow_Adjustment-600x378.jpg 600w, https:\/\/justvape.nu\/wp-content\/uploads\/2023\/04\/Uwell_Caliburn_Ironfist_L_Kit_Airflow_Adjustment-64x40.jpg 64w, https:\/\/justvape.nu\/wp-content\/uploads\/2023\/04\/Uwell_Caliburn_Ironfist_L_Kit_Airflow_Adjustment-300x189.jpg 300w, https:\/\/justvape.nu\/wp-content\/uploads\/2023\/04\/Uwell_Caliburn_Ironfist_L_Kit_Airflow_Adjustment-768x483.jpg 768w\" sizes=\"auto, (max-width: 831px) 100vw, 831px\" \/><\/a> <a href=\"https:\/\/justvape.nu\/wp-content\/uploads\/2023\/04\/Uwell_Caliburn_Ironfist_L_Kit_Adjustable_Power.jpg\"><img loading=\"lazy\" decoding=\"async\" class=\"alignnone size-full wp-image-586032\" src=\"https:\/\/justvape.nu\/wp-content\/uploads\/2023\/04\/Uwell_Caliburn_Ironfist_L_Kit_Adjustable_Power.jpg\" alt=\"\" width=\"831\" height=\"462\" title=\"\" srcset=\"https:\/\/justvape.nu\/wp-content\/uploads\/2023\/04\/Uwell_Caliburn_Ironfist_L_Kit_Adjustable_Power.jpg 831w, https:\/\/justvape.nu\/wp-content\/uploads\/2023\/04\/Uwell_Caliburn_Ironfist_L_Kit_Adjustable_Power-600x334.jpg 600w, https:\/\/justvape.nu\/wp-content\/uploads\/2023\/04\/Uwell_Caliburn_Ironfist_L_Kit_Adjustable_Power-64x36.jpg 64w, https:\/\/justvape.nu\/wp-content\/uploads\/2023\/04\/Uwell_Caliburn_Ironfist_L_Kit_Adjustable_Power-300x167.jpg 300w, https:\/\/justvape.nu\/wp-content\/uploads\/2023\/04\/Uwell_Caliburn_Ironfist_L_Kit_Adjustable_Power-768x427.jpg 768w\" sizes=\"auto, (max-width: 831px) 100vw, 831px\" \/><\/a><\/p>\n<\/div>\n<\/div>\n<div class=\"shop-features \">\n<h2 class=\"shop-features-title \"><a href=\"https:\/\/justvape.nu\/wp-content\/uploads\/2018\/04\/Packing-List.png\"><img loading=\"lazy\" decoding=\"async\" class=\"alignnone size-full wp-image-18999\" src=\"https:\/\/justvape.nu\/wp-content\/uploads\/2018\/04\/Packing-List.png\" alt=\"\" width=\"950\" height=\"64\" title=\"\" srcset=\"https:\/\/justvape.nu\/wp-content\/uploads\/2018\/04\/Packing-List.png 950w, https:\/\/justvape.nu\/wp-content\/uploads\/2018\/04\/Packing-List-555x37.png 555w, https:\/\/justvape.nu\/wp-content\/uploads\/2018\/04\/Packing-List-64x4.png 64w, https:\/\/justvape.nu\/wp-content\/uploads\/2018\/04\/Packing-List-300x20.png 300w, https:\/\/justvape.nu\/wp-content\/uploads\/2018\/04\/Packing-List-768x52.png 768w\" sizes=\"auto, (max-width: 950px) 100vw, 950px\" \/><\/a><\/h2>\n<\/div>\n<p>1* Dispositif L Caliburn &amp; Ironfist<br \/>\n1* Caliburn &amp; Ironfist L Cartouche vide<br \/>\n1* UN2 Meshed-H 0.8ohm Caliburn G Coil (pr\u00e9-install\u00e9)<br \/>\n1* UN2 Meshed-H 1.2ohm Caliburn G2 Coil (Spare)<br \/>\n1 * manuel de l&rsquo;utilisateur<br \/>\n1* C\u00e2ble de chargement Type-C<\/p>\n<p class=\"description-img-center \"><a href=\"https:\/\/justvape.nu\/wp-content\/uploads\/2023\/04\/Uwell_Caliburn_Ironfist_L_Kit_Packing_List.jpg\"><img loading=\"lazy\" decoding=\"async\" class=\"alignnone size-full wp-image-586040\" src=\"https:\/\/justvape.nu\/wp-content\/uploads\/2023\/04\/Uwell_Caliburn_Ironfist_L_Kit_Packing_List.jpg\" alt=\"\" width=\"831\" height=\"369\" title=\"\" srcset=\"https:\/\/justvape.nu\/wp-content\/uploads\/2023\/04\/Uwell_Caliburn_Ironfist_L_Kit_Packing_List.jpg 831w, https:\/\/justvape.nu\/wp-content\/uploads\/2023\/04\/Uwell_Caliburn_Ironfist_L_Kit_Packing_List-600x266.jpg 600w, https:\/\/justvape.nu\/wp-content\/uploads\/2023\/04\/Uwell_Caliburn_Ironfist_L_Kit_Packing_List-64x28.jpg 64w, https:\/\/justvape.nu\/wp-content\/uploads\/2023\/04\/Uwell_Caliburn_Ironfist_L_Kit_Packing_List-300x133.jpg 300w, https:\/\/justvape.nu\/wp-content\/uploads\/2023\/04\/Uwell_Caliburn_Ironfist_L_Kit_Packing_List-768x341.jpg 768w\" sizes=\"auto, (max-width: 831px) 100vw, 831px\" \/><\/a><\/p>\n","protected":false},"excerpt":{"rendered":"<p>UWELL &#8211; CALIBURN &amp; IRONFIST L POD KIT<\/p>\n","protected":false},"featured_media":586060,"comment_status":"open","ping_status":"closed","template":"","meta":{"_acf_changed":false,"_uag_custom_page_level_css":"","site-sidebar-layout":"default","site-content-layout":"default","ast-site-content-layout":"default","site-content-style":"default","site-sidebar-style":"default","ast-global-header-display":"","ast-banner-title-visibility":"","ast-main-header-display":"","ast-hfb-above-header-display":"","ast-hfb-below-header-display":"","ast-hfb-mobile-header-display":"","site-post-title":"","ast-breadcrumbs-content":"","ast-featured-img":"","footer-sml-layout":"","ast-disable-related-posts":"","theme-transparent-header-meta":"default","adv-header-id-meta":"","stick-header-meta":"default","header-above-stick-meta":"","header-main-stick-meta":"","header-below-stick-meta":"","astra-migrate-meta-layouts":"default","ast-page-background-enabled":"default","ast-page-background-meta":{"desktop":{"background-color":"","background-image":"","background-repeat":"repeat","background-position":"center center","background-size":"auto","background-attachment":"scroll","background-type":"","background-media":"","overlay-type":"","overlay-color":"","overlay-opacity":"","overlay-gradient":""},"tablet":{"background-color":"","background-image":"","background-repeat":"repeat","background-position":"center center","background-size":"auto","background-attachment":"scroll","background-type":"","background-media":"","overlay-type":"","overlay-color":"","overlay-opacity":"","overlay-gradient":""},"mobile":{"background-color":"","background-image":"","background-repeat":"repeat","background-position":"center center","background-size":"auto","background-attachment":"scroll","background-type":"","background-media":"","overlay-type":"","overlay-color":"","overlay-opacity":"","overlay-gradient":""}},"ast-content-background-meta":{"desktop":{"background-color":"var(--ast-global-color-5)","background-image":"","background-repeat":"repeat","background-position":"center center","background-size":"auto","background-attachment":"scroll","background-type":"","background-media":"","overlay-type":"","overlay-color":"","overlay-opacity":"","overlay-gradient":""},"tablet":{"background-color":"var(--ast-global-color-5)","background-image":"","background-repeat":"repeat","background-position":"center center","background-size":"auto","background-attachment":"scroll","background-type":"","background-media":"","overlay-type":"","overlay-color":"","overlay-opacity":"","overlay-gradient":""},"mobile":{"background-color":"var(--ast-global-color-5)","background-image":"","background-repeat":"repeat","background-position":"center center","background-size":"auto","background-attachment":"scroll","background-type":"","background-media":"","overlay-type":"","overlay-color":"","overlay-opacity":"","overlay-gradient":""}}},"product_brand":[],"product_cat":[2066,2508,2076,2509,3428],"product_tag":[],"class_list":{"0":"post-586103","1":"product","2":"type-product","3":"status-publish","4":"has-post-thumbnail","6":"product_cat-e-cigarettes-fr","7":"product_cat-hardware-fr","8":"product_cat-kits-et-pod-pour-debutants","9":"product_cat-shop-by-brand-fr","10":"product_cat-uwell-fr-2","11":"desktop-align-center","12":"tablet-align-center","13":"mobile-align-center","14":"ast-product-gallery-layout-horizontal-slider","15":"ast-product-single-variable","16":"ast-product-tabs-layout-horizontal","18":"first","19":"instock","20":"sale","21":"taxable","22":"shipping-taxable","23":"purchasable","24":"product-type-variable"},"acf":[],"uagb_featured_image_src":{"full":["https:\/\/justvape.nu\/wp-content\/uploads\/2023\/04\/n7NriETk.jpeg",600,600,false],"thumbnail":["https:\/\/justvape.nu\/wp-content\/uploads\/2023\/04\/n7NriETk-150x150.jpeg",150,150,true],"medium":["https:\/\/justvape.nu\/wp-content\/uploads\/2023\/04\/n7NriETk-300x300.jpeg",300,300,true],"medium_large":["https:\/\/justvape.nu\/wp-content\/uploads\/2023\/04\/n7NriETk.jpeg",600,600,false],"large":["https:\/\/justvape.nu\/wp-content\/uploads\/2023\/04\/n7NriETk.jpeg",600,600,false],"1536x1536":["https:\/\/justvape.nu\/wp-content\/uploads\/2023\/04\/n7NriETk.jpeg",600,600,false],"2048x2048":["https:\/\/justvape.nu\/wp-content\/uploads\/2023\/04\/n7NriETk.jpeg",600,600,false],"woocommerce_thumbnail":["https:\/\/justvape.nu\/wp-content\/uploads\/2023\/04\/n7NriETk-300x300.jpeg",300,300,true],"woocommerce_single":["https:\/\/justvape.nu\/wp-content\/uploads\/2023\/04\/n7NriETk.jpeg",600,600,false],"woocommerce_gallery_thumbnail":["https:\/\/justvape.nu\/wp-content\/uploads\/2023\/04\/n7NriETk-100x100.jpeg",100,100,true],"dgwt-wcas-product-suggestion":["https:\/\/justvape.nu\/wp-content\/uploads\/2023\/04\/n7NriETk-64x64.jpeg",64,64,true]},"uagb_author_info":{"display_name":"Kenneth Merkur","author_link":"https:\/\/justvape.nu\/fr\/author\/"},"uagb_comment_info":0,"uagb_excerpt":"UWELL - CALIBURN &amp; IRONFIST L POD KIT","_links":{"self":[{"href":"https:\/\/justvape.nu\/fr\/wp-json\/wp\/v2\/product\/586103","targetHints":{"allow":["GET"]}}],"collection":[{"href":"https:\/\/justvape.nu\/fr\/wp-json\/wp\/v2\/product"}],"about":[{"href":"https:\/\/justvape.nu\/fr\/wp-json\/wp\/v2\/types\/product"}],"replies":[{"embeddable":true,"href":"https:\/\/justvape.nu\/fr\/wp-json\/wp\/v2\/comments?post=586103"}],"wp:featuredmedia":[{"embeddable":true,"href":"https:\/\/justvape.nu\/fr\/wp-json\/wp\/v2\/media\/586060"}],"wp:attachment":[{"href":"https:\/\/justvape.nu\/fr\/wp-json\/wp\/v2\/media?parent=586103"}],"wp:term":[{"taxonomy":"product_brand","embeddable":true,"href":"https:\/\/justvape.nu\/fr\/wp-json\/wp\/v2\/product_brand?post=586103"},{"taxonomy":"product_cat","embeddable":true,"href":"https:\/\/justvape.nu\/fr\/wp-json\/wp\/v2\/product_cat?post=586103"},{"taxonomy":"product_tag","embeddable":true,"href":"https:\/\/justvape.nu\/fr\/wp-json\/wp\/v2\/product_tag?post=586103"}],"curies":[{"name":"wp","href":"https:\/\/api.w.org\/{rel}","templated":true}]}}