{"id":584358,"date":"2023-04-15T21:56:14","date_gmt":"2023-04-15T19:56:14","guid":{"rendered":"https:\/\/justvape.nu\/produkt\/oxva-xlim-pro-pod-kit\/"},"modified":"2024-07-21T16:27:14","modified_gmt":"2024-07-21T14:27:14","slug":"oxva-xlim-pro-pod-kit","status":"publish","type":"product","link":"https:\/\/justvape.nu\/fr\/produkt\/oxva-xlim-pro-pod-kit\/","title":{"rendered":"OXVA &#8211; XLIM PRO POD KIT"},"content":{"rendered":"<h2>OXVA &#8211; XLIM PRO POD KIT<\/h2>\n<div class=\"description\">\n<p>Le kit pod Xlim Pro d&rsquo;OXVA est la suite du tr\u00e8s populaire Xlim v2. Ce kit pod compact et \u00e9l\u00e9gant est le compagnon id\u00e9al des vapoteurs qui aiment voyager avec style. Gr\u00e2ce \u00e0 la fiabilit\u00e9 des dosettes Oxva Xlim v2 et des nouvelles dosettes Xlim v2 \u00e0 remplissage par le haut, ainsi qu&rsquo;\u00e0 une batterie int\u00e9gr\u00e9e de 1000 mAh, vous pouvez profiter de votre jus de sels nic pr\u00e9f\u00e9r\u00e9 ou de votre freebase 50\/50 sans interruption. Le contr\u00f4le du flux d&rsquo;air et la puissance de 30w permettent aux vapoteurs d&rsquo;ajuster leur tirage et de profiter d&rsquo;un hit apr\u00e8s hit sans interruption et avec un maximum de saveur.<\/p>\n<p>Le kit Oxva Xlim Pro offre une puissance de 5 \u00e0 30 watts et dispose d&rsquo;une batterie int\u00e9gr\u00e9e de 1000 mAh. Il dispose d&rsquo;un port de charge USB C et peut se charger \u00e0 2 amp\u00e8res, ce qui signifie que les temps d&rsquo;arr\u00eat sont tr\u00e8s courts. La dosette Xlim top fill incluse vise \u00e0 \u00e9viter les fuites de liquide et le kit est compatible avec les dosettes Xlim V2 standard. Il est \u00e9galement dot\u00e9 d&rsquo;une activation par inhalation et d&rsquo;une activation par bouton pour une exp\u00e9rience simple. L&rsquo;\u00e9cran transparent indique la puissance s\u00e9lectionn\u00e9e et la lumi\u00e8re RVB ajoute du style.<\/p>\n<p>Compatible avec les dosettes Xlim V2 et la nouvelle version top-fill de ces dosettes, le Xlim pro donne une vape savoureuse et bien \u00e9quilibr\u00e9e qui est devenue la pr\u00e9f\u00e9r\u00e9e des vapoteurs du monde entier. Disponibles en 0,6ohm, 0,8ohm et 1,2ohm, les pods Xlim offrent des performances de haut niveau. Pesant seulement 66 grammes, ce pod vape l\u00e9ger contient tout ce dont vous avez besoin pour tenir les envies de cigarette \u00e0 distance et vise \u00e0 vous donner la vape bouche \u00e0 poumon la plus satisfaisante.<\/p>\n<p><a href=\"https:\/\/justvape.nu\/wp-content\/uploads\/2018\/05\/Color-Schemes.png\"><img loading=\"lazy\" decoding=\"async\" class=\"alignnone size-full wp-image-19187\" src=\"https:\/\/justvape.nu\/wp-content\/uploads\/2018\/05\/Color-Schemes.png\" alt=\"\" width=\"950\" height=\"64\" title=\"\" srcset=\"https:\/\/justvape.nu\/wp-content\/uploads\/2018\/05\/Color-Schemes.png 950w, https:\/\/justvape.nu\/wp-content\/uploads\/2018\/05\/Color-Schemes-555x37.png 555w, https:\/\/justvape.nu\/wp-content\/uploads\/2018\/05\/Color-Schemes-64x4.png 64w, https:\/\/justvape.nu\/wp-content\/uploads\/2018\/05\/Color-Schemes-300x20.png 300w, https:\/\/justvape.nu\/wp-content\/uploads\/2018\/05\/Color-Schemes-768x52.png 768w\" sizes=\"auto, (max-width: 950px) 100vw, 950px\" \/><\/a><\/p>\n<\/div>\n<div data-id=\"6858063380582\">\n<p class=\"description-img-center\"><a href=\"https:\/\/justvape.nu\/wp-content\/uploads\/2023\/04\/OXVA_Xlim_Pro_Kit_Colors.jpg\"><img loading=\"lazy\" decoding=\"async\" class=\"alignnone wp-image-584066\" src=\"https:\/\/justvape.nu\/wp-content\/uploads\/2023\/04\/OXVA_Xlim_Pro_Kit_Colors.jpg\" alt=\"\" width=\"937\" height=\"473\" title=\"\" srcset=\"https:\/\/justvape.nu\/wp-content\/uploads\/2023\/04\/OXVA_Xlim_Pro_Kit_Colors.jpg 800w, https:\/\/justvape.nu\/wp-content\/uploads\/2023\/04\/OXVA_Xlim_Pro_Kit_Colors-600x303.jpg 600w, https:\/\/justvape.nu\/wp-content\/uploads\/2023\/04\/OXVA_Xlim_Pro_Kit_Colors-64x32.jpg 64w, https:\/\/justvape.nu\/wp-content\/uploads\/2023\/04\/OXVA_Xlim_Pro_Kit_Colors-300x152.jpg 300w, https:\/\/justvape.nu\/wp-content\/uploads\/2023\/04\/OXVA_Xlim_Pro_Kit_Colors-768x388.jpg 768w\" sizes=\"auto, (max-width: 937px) 100vw, 937px\" \/><\/a><\/p>\n<div class=\"shop-features \">\n<h2 class=\"shop-features-title \"><a href=\"https:\/\/justvape.nu\/wp-content\/uploads\/2018\/05\/Specifications.png\"><img loading=\"lazy\" decoding=\"async\" class=\"alignnone size-full wp-image-248449\" src=\"https:\/\/justvape.nu\/wp-content\/uploads\/2018\/05\/Specifications.png\" alt=\"\" width=\"950\" height=\"64\" title=\"\" srcset=\"https:\/\/justvape.nu\/wp-content\/uploads\/2018\/05\/Specifications.png 950w, https:\/\/justvape.nu\/wp-content\/uploads\/2018\/05\/Specifications-600x40.png 600w, https:\/\/justvape.nu\/wp-content\/uploads\/2018\/05\/Specifications-64x4.png 64w, https:\/\/justvape.nu\/wp-content\/uploads\/2018\/05\/Specifications-300x20.png 300w, https:\/\/justvape.nu\/wp-content\/uploads\/2018\/05\/Specifications-768x52.png 768w\" sizes=\"auto, (max-width: 950px) 100vw, 950px\" \/><\/a><\/h2>\n<\/div>\n<table class=\"description-table\">\n<tbody>\n<tr>\n<td class=\"strong-title \">Marque<\/td>\n<td class=\"inline\">OXVA<\/td>\n<\/tr>\n<tr>\n<td class=\"strong-title \">Nom du produit<\/td>\n<td class=\"inline\">Kit Xlim Pro<\/td>\n<\/tr>\n<tr>\n<td class=\"strong-title \">Puissance de sortie<\/td>\n<td class=\"inline\">5-30W<\/td>\n<\/tr>\n<tr>\n<td class=\"strong-title \">Capacit\u00e9 de la cartouche<\/td>\n<td class=\"inline\">2ml<\/td>\n<\/tr>\n<tr>\n<td class=\"strong-title \">Gamme de r\u00e9sistance<\/td>\n<td class=\"inline\">0,33-3,0 ohms<\/td>\n<\/tr>\n<tr>\n<td class=\"strong-title \">Cartouche \u00e0 remplissage par le haut<\/td>\n<td class=\"inline\">0,6ohm\/0,8ohm\/1,2ohm<\/td>\n<\/tr>\n<tr>\n<td class=\"strong-title \">Recharge<\/td>\n<td class=\"inline\">Recharge sup\u00e9rieure<\/td>\n<\/tr>\n<tr>\n<td class=\"strong-title \">Contr\u00f4le du d\u00e9bit d&rsquo;air<\/td>\n<td class=\"inline\">C\u00f4t\u00e9 AFC<\/td>\n<\/tr>\n<tr>\n<td class=\"strong-title \">Capacit\u00e9 de la batterie<\/td>\n<td class=\"inline\">1000mAh<\/td>\n<\/tr>\n<tr>\n<td class=\"strong-title \">Chargement<\/td>\n<td class=\"inline\">5V\/2A, Type-C<\/td>\n<\/tr>\n<tr>\n<td class=\"strong-title \">Mat\u00e9riau<\/td>\n<td class=\"inline\">Alliage de zinc + IML + PCTG<\/td>\n<\/tr>\n<tr>\n<td class=\"strong-title \">Taille<\/td>\n<td class=\"inline\">111,0*25,0*14,3mm<\/td>\n<\/tr>\n<tr>\n<td class=\"strong-title \">Couleur<\/td>\n<td class=\"inline\">Carbone noir, Or noir, Bleu glamour, Cyan glamour, Gris glamour, Vert glamour, Rose glamour, Rouge glamour<\/td>\n<\/tr>\n<\/tbody>\n<\/table>\n<div class=\"shop-features \">\n<h2 class=\"shop-features-title \"><a href=\"https:\/\/justvape.nu\/wp-content\/uploads\/2018\/05\/Features.png\"><img loading=\"lazy\" decoding=\"async\" class=\"alignnone size-full wp-image-18994\" src=\"https:\/\/justvape.nu\/wp-content\/uploads\/2018\/05\/Features.png\" alt=\"\" width=\"950\" height=\"64\" title=\"\" srcset=\"https:\/\/justvape.nu\/wp-content\/uploads\/2018\/05\/Features.png 950w, https:\/\/justvape.nu\/wp-content\/uploads\/2018\/05\/Features-555x37.png 555w, https:\/\/justvape.nu\/wp-content\/uploads\/2018\/05\/Features-64x4.png 64w, https:\/\/justvape.nu\/wp-content\/uploads\/2018\/05\/Features-300x20.png 300w, https:\/\/justvape.nu\/wp-content\/uploads\/2018\/05\/Features-768x52.png 768w\" sizes=\"auto, (max-width: 950px) 100vw, 950px\" \/><\/a><\/h2>\n<\/div>\n<ul>\n<li style=\"list-style-type: none;\">\n<ul>\n<li>1. Lumi\u00e8re RVB scintillante<\/li>\n<li>2. Cartouche anti-fuite \u00e0 remplissage par le haut<\/li>\n<li>3. Conception ergonomique de l&rsquo;AFC<\/li>\n<li>4. Dessin automatique et activation des boutons<\/li>\n<li>5. Puissance de sortie maximale de 30 W<\/li>\n<li>6. Batterie plus grande de 1000mAh<\/li>\n<li>7. Tr\u00e8s r\u00e9sistant aux fuites<\/li>\n<li>8. Chargement rapide de type C<\/li>\n<li>9. Compatible avec les nouvelles cartouches top-fill (Xlim V3) et Xlim V2<\/li>\n<\/ul>\n<\/li>\n<\/ul>\n<div class=\"img-show-more\">\n<div id=\"img_content_less\" class=\"img-content add-more\">\n<p class=\"description-img-center\"><a href=\"https:\/\/justvape.nu\/wp-content\/uploads\/2023\/04\/OXVA_Xlim_Pro_Kit_30W_Wattage.jpg\"><img loading=\"lazy\" decoding=\"async\" class=\"alignnone size-full wp-image-584074\" src=\"https:\/\/justvape.nu\/wp-content\/uploads\/2023\/04\/OXVA_Xlim_Pro_Kit_30W_Wattage.jpg\" alt=\"\" width=\"831\" height=\"568\" title=\"\" srcset=\"https:\/\/justvape.nu\/wp-content\/uploads\/2023\/04\/OXVA_Xlim_Pro_Kit_30W_Wattage.jpg 831w, https:\/\/justvape.nu\/wp-content\/uploads\/2023\/04\/OXVA_Xlim_Pro_Kit_30W_Wattage-600x410.jpg 600w, https:\/\/justvape.nu\/wp-content\/uploads\/2023\/04\/OXVA_Xlim_Pro_Kit_30W_Wattage-64x44.jpg 64w, https:\/\/justvape.nu\/wp-content\/uploads\/2023\/04\/OXVA_Xlim_Pro_Kit_30W_Wattage-300x205.jpg 300w, https:\/\/justvape.nu\/wp-content\/uploads\/2023\/04\/OXVA_Xlim_Pro_Kit_30W_Wattage-768x525.jpg 768w\" sizes=\"auto, (max-width: 831px) 100vw, 831px\" \/><\/a> <a href=\"https:\/\/justvape.nu\/wp-content\/uploads\/2023\/04\/OXVA_Xlim_Pro_Kit_Battery_Capacity.jpg\"><img loading=\"lazy\" decoding=\"async\" class=\"alignnone size-full wp-image-584082\" src=\"https:\/\/justvape.nu\/wp-content\/uploads\/2023\/04\/OXVA_Xlim_Pro_Kit_Battery_Capacity.jpg\" alt=\"\" width=\"831\" height=\"438\" title=\"\" srcset=\"https:\/\/justvape.nu\/wp-content\/uploads\/2023\/04\/OXVA_Xlim_Pro_Kit_Battery_Capacity.jpg 831w, https:\/\/justvape.nu\/wp-content\/uploads\/2023\/04\/OXVA_Xlim_Pro_Kit_Battery_Capacity-600x316.jpg 600w, https:\/\/justvape.nu\/wp-content\/uploads\/2023\/04\/OXVA_Xlim_Pro_Kit_Battery_Capacity-64x34.jpg 64w, https:\/\/justvape.nu\/wp-content\/uploads\/2023\/04\/OXVA_Xlim_Pro_Kit_Battery_Capacity-300x158.jpg 300w, https:\/\/justvape.nu\/wp-content\/uploads\/2023\/04\/OXVA_Xlim_Pro_Kit_Battery_Capacity-768x405.jpg 768w\" sizes=\"auto, (max-width: 831px) 100vw, 831px\" \/><\/a> <a href=\"https:\/\/justvape.nu\/wp-content\/uploads\/2023\/04\/OXVA_Xlim_Pro_Kit_Coil_Resistance.jpg\"><img loading=\"lazy\" decoding=\"async\" class=\"alignnone size-full wp-image-584090\" src=\"https:\/\/justvape.nu\/wp-content\/uploads\/2023\/04\/OXVA_Xlim_Pro_Kit_Coil_Resistance.jpg\" alt=\"\" width=\"831\" height=\"277\" title=\"\" srcset=\"https:\/\/justvape.nu\/wp-content\/uploads\/2023\/04\/OXVA_Xlim_Pro_Kit_Coil_Resistance.jpg 831w, https:\/\/justvape.nu\/wp-content\/uploads\/2023\/04\/OXVA_Xlim_Pro_Kit_Coil_Resistance-600x200.jpg 600w, https:\/\/justvape.nu\/wp-content\/uploads\/2023\/04\/OXVA_Xlim_Pro_Kit_Coil_Resistance-64x21.jpg 64w, https:\/\/justvape.nu\/wp-content\/uploads\/2023\/04\/OXVA_Xlim_Pro_Kit_Coil_Resistance-300x100.jpg 300w, https:\/\/justvape.nu\/wp-content\/uploads\/2023\/04\/OXVA_Xlim_Pro_Kit_Coil_Resistance-768x256.jpg 768w\" sizes=\"auto, (max-width: 831px) 100vw, 831px\" \/><\/a><\/p>\n<\/div>\n<\/div>\n<div class=\"shop-features \">\n<h2 class=\"shop-features-title \"><a href=\"https:\/\/justvape.nu\/wp-content\/uploads\/2018\/04\/Packing-List.png\"><img loading=\"lazy\" decoding=\"async\" class=\"alignnone size-full wp-image-18999\" src=\"https:\/\/justvape.nu\/wp-content\/uploads\/2018\/04\/Packing-List.png\" alt=\"\" width=\"950\" height=\"64\" title=\"\" srcset=\"https:\/\/justvape.nu\/wp-content\/uploads\/2018\/04\/Packing-List.png 950w, https:\/\/justvape.nu\/wp-content\/uploads\/2018\/04\/Packing-List-555x37.png 555w, https:\/\/justvape.nu\/wp-content\/uploads\/2018\/04\/Packing-List-64x4.png 64w, https:\/\/justvape.nu\/wp-content\/uploads\/2018\/04\/Packing-List-300x20.png 300w, https:\/\/justvape.nu\/wp-content\/uploads\/2018\/04\/Packing-List-768x52.png 768w\" sizes=\"auto, (max-width: 950px) 100vw, 950px\" \/><\/a><\/h2>\n<\/div>\n<p>1* Dispositif Xlim Pro<br \/>\n1* Cartouche Top Fill (Xlim V3) 0.6ohm (pr\u00e9-install\u00e9e)<br \/>\n1* Cartouche Top Fill (Xlim V3) 0.8ohm<br \/>\n1* C\u00e2ble Type-C<br \/>\n1* Lani\u00e8re<br \/>\n1 * manuel de l&rsquo;utilisateur<\/p>\n<p class=\"description-img-center \"><a href=\"https:\/\/justvape.nu\/wp-content\/uploads\/2023\/04\/OXVA_Xlim_Pro_Kit_Packing_List.jpg\"><img loading=\"lazy\" decoding=\"async\" class=\"alignnone size-full wp-image-584098\" src=\"https:\/\/justvape.nu\/wp-content\/uploads\/2023\/04\/OXVA_Xlim_Pro_Kit_Packing_List.jpg\" alt=\"\" width=\"831\" height=\"413\" title=\"\" srcset=\"https:\/\/justvape.nu\/wp-content\/uploads\/2023\/04\/OXVA_Xlim_Pro_Kit_Packing_List.jpg 831w, https:\/\/justvape.nu\/wp-content\/uploads\/2023\/04\/OXVA_Xlim_Pro_Kit_Packing_List-600x298.jpg 600w, https:\/\/justvape.nu\/wp-content\/uploads\/2023\/04\/OXVA_Xlim_Pro_Kit_Packing_List-64x32.jpg 64w, https:\/\/justvape.nu\/wp-content\/uploads\/2023\/04\/OXVA_Xlim_Pro_Kit_Packing_List-300x149.jpg 300w, https:\/\/justvape.nu\/wp-content\/uploads\/2023\/04\/OXVA_Xlim_Pro_Kit_Packing_List-768x382.jpg 768w\" sizes=\"auto, (max-width: 831px) 100vw, 831px\" \/><\/a><\/p>\n<\/div>\n","protected":false},"excerpt":{"rendered":"<p>OXVA &#8211; XLIM PRO POD KIT<\/p>\n","protected":false},"featured_media":584169,"comment_status":"open","ping_status":"closed","template":"","meta":{"_acf_changed":false,"_uag_custom_page_level_css":"","site-sidebar-layout":"default","site-content-layout":"default","ast-site-content-layout":"default","site-content-style":"default","site-sidebar-style":"default","ast-global-header-display":"","ast-banner-title-visibility":"","ast-main-header-display":"","ast-hfb-above-header-display":"","ast-hfb-below-header-display":"","ast-hfb-mobile-header-display":"","site-post-title":"","ast-breadcrumbs-content":"","ast-featured-img":"","footer-sml-layout":"","ast-disable-related-posts":"","theme-transparent-header-meta":"default","adv-header-id-meta":"","stick-header-meta":"default","header-above-stick-meta":"","header-main-stick-meta":"","header-below-stick-meta":"","astra-migrate-meta-layouts":"default","ast-page-background-enabled":"default","ast-page-background-meta":{"desktop":{"background-color":"","background-image":"","background-repeat":"repeat","background-position":"center center","background-size":"auto","background-attachment":"scroll","background-type":"","background-media":"","overlay-type":"","overlay-color":"","overlay-opacity":"","overlay-gradient":""},"tablet":{"background-color":"","background-image":"","background-repeat":"repeat","background-position":"center center","background-size":"auto","background-attachment":"scroll","background-type":"","background-media":"","overlay-type":"","overlay-color":"","overlay-opacity":"","overlay-gradient":""},"mobile":{"background-color":"","background-image":"","background-repeat":"repeat","background-position":"center center","background-size":"auto","background-attachment":"scroll","background-type":"","background-media":"","overlay-type":"","overlay-color":"","overlay-opacity":"","overlay-gradient":""}},"ast-content-background-meta":{"desktop":{"background-color":"var(--ast-global-color-5)","background-image":"","background-repeat":"repeat","background-position":"center center","background-size":"auto","background-attachment":"scroll","background-type":"","background-media":"","overlay-type":"","overlay-color":"","overlay-opacity":"","overlay-gradient":""},"tablet":{"background-color":"var(--ast-global-color-5)","background-image":"","background-repeat":"repeat","background-position":"center center","background-size":"auto","background-attachment":"scroll","background-type":"","background-media":"","overlay-type":"","overlay-color":"","overlay-opacity":"","overlay-gradient":""},"mobile":{"background-color":"var(--ast-global-color-5)","background-image":"","background-repeat":"repeat","background-position":"center center","background-size":"auto","background-attachment":"scroll","background-type":"","background-media":"","overlay-type":"","overlay-color":"","overlay-opacity":"","overlay-gradient":""}}},"product_brand":[],"product_cat":[2066,2508,2076,6189,2509],"product_tag":[],"class_list":{"0":"post-584358","1":"product","2":"type-product","3":"status-publish","4":"has-post-thumbnail","6":"product_cat-e-cigarettes-fr","7":"product_cat-hardware-fr","8":"product_cat-kits-et-pod-pour-debutants","9":"product_cat-oxva-fr","10":"product_cat-shop-by-brand-fr","11":"desktop-align-center","12":"tablet-align-center","13":"mobile-align-center","14":"ast-product-gallery-layout-horizontal-slider","15":"ast-product-gallery-with-no-image","16":"ast-product-single-variable","17":"ast-product-tabs-layout-horizontal","19":"first","20":"instock","21":"sale","22":"taxable","23":"shipping-taxable","24":"purchasable","25":"product-type-variable"},"acf":[],"uagb_featured_image_src":{"full":["https:\/\/justvape.nu\/wp-content\/uploads\/2023\/04\/oxva-xlim-pro-pod-1.jpg",800,800,false],"thumbnail":["https:\/\/justvape.nu\/wp-content\/uploads\/2023\/04\/oxva-xlim-pro-pod-1-150x150.jpg",150,150,true],"medium":["https:\/\/justvape.nu\/wp-content\/uploads\/2023\/04\/oxva-xlim-pro-pod-1-300x300.jpg",300,300,true],"medium_large":["https:\/\/justvape.nu\/wp-content\/uploads\/2023\/04\/oxva-xlim-pro-pod-1-768x768.jpg",768,768,true],"large":["https:\/\/justvape.nu\/wp-content\/uploads\/2023\/04\/oxva-xlim-pro-pod-1.jpg",800,800,false],"1536x1536":["https:\/\/justvape.nu\/wp-content\/uploads\/2023\/04\/oxva-xlim-pro-pod-1.jpg",800,800,false],"2048x2048":["https:\/\/justvape.nu\/wp-content\/uploads\/2023\/04\/oxva-xlim-pro-pod-1.jpg",800,800,false],"woocommerce_thumbnail":["https:\/\/justvape.nu\/wp-content\/uploads\/2023\/04\/oxva-xlim-pro-pod-1-300x300.jpg",300,300,true],"woocommerce_single":["https:\/\/justvape.nu\/wp-content\/uploads\/2023\/04\/oxva-xlim-pro-pod-1-600x600.jpg",600,600,true],"woocommerce_gallery_thumbnail":["https:\/\/justvape.nu\/wp-content\/uploads\/2023\/04\/oxva-xlim-pro-pod-1-100x100.jpg",100,100,true],"dgwt-wcas-product-suggestion":["https:\/\/justvape.nu\/wp-content\/uploads\/2023\/04\/oxva-xlim-pro-pod-1-64x64.jpg",64,64,true]},"uagb_author_info":{"display_name":"Kenneth Merkur","author_link":"https:\/\/justvape.nu\/fr\/author\/"},"uagb_comment_info":0,"uagb_excerpt":"OXVA - XLIM PRO POD KIT","_links":{"self":[{"href":"https:\/\/justvape.nu\/fr\/wp-json\/wp\/v2\/product\/584358","targetHints":{"allow":["GET"]}}],"collection":[{"href":"https:\/\/justvape.nu\/fr\/wp-json\/wp\/v2\/product"}],"about":[{"href":"https:\/\/justvape.nu\/fr\/wp-json\/wp\/v2\/types\/product"}],"replies":[{"embeddable":true,"href":"https:\/\/justvape.nu\/fr\/wp-json\/wp\/v2\/comments?post=584358"}],"wp:featuredmedia":[{"embeddable":true,"href":"https:\/\/justvape.nu\/fr\/wp-json\/wp\/v2\/media\/584169"}],"wp:attachment":[{"href":"https:\/\/justvape.nu\/fr\/wp-json\/wp\/v2\/media?parent=584358"}],"wp:term":[{"taxonomy":"product_brand","embeddable":true,"href":"https:\/\/justvape.nu\/fr\/wp-json\/wp\/v2\/product_brand?post=584358"},{"taxonomy":"product_cat","embeddable":true,"href":"https:\/\/justvape.nu\/fr\/wp-json\/wp\/v2\/product_cat?post=584358"},{"taxonomy":"product_tag","embeddable":true,"href":"https:\/\/justvape.nu\/fr\/wp-json\/wp\/v2\/product_tag?post=584358"}],"curies":[{"name":"wp","href":"https:\/\/api.w.org\/{rel}","templated":true}]}}