{"id":584212,"date":"2023-04-15T15:28:31","date_gmt":"2023-04-15T13:28:31","guid":{"rendered":"https:\/\/justvape.nu\/produkt\/voopoo-argus-xt-kit\/"},"modified":"2024-10-11T14:30:51","modified_gmt":"2024-10-11T12:30:51","slug":"voopoo-argus-xt-kit","status":"publish","type":"product","link":"https:\/\/justvape.nu\/fr\/produkt\/voopoo-argus-xt-kit\/","title":{"rendered":"VOOPOO &#8211; ARGUS XT KIT"},"content":{"rendered":"<h2>VOOPOO &#8211; ARGUS XT KIT<\/h2>\n<p>Le kit de vape VooPoo Argus XT est une option \u00e9l\u00e9gante qui a \u00e9t\u00e9 con\u00e7ue pour r\u00e9sister \u00e0 l&rsquo;usure de la vie quotidienne. Ne n\u00e9cessitant qu&rsquo;un accu 18650 ou 21700 (vendu s\u00e9par\u00e9ment), ce kit d\u00e9livre une puissance de 5 \u00e0 100W, \u00e9quilibrant ainsi l&rsquo;autonomie de l&rsquo;accu et la puissance. Il est id\u00e9al pour les personnes \u00e0 la recherche d&rsquo;une vape r\u00e9sistante lorsqu&rsquo;elles sont en d\u00e9placement. Le kit Argus XT est conforme \u00e0 la norme IP68, ce qui signifie qu&rsquo;il r\u00e9siste \u00e0 l&rsquo;eau, \u00e0 la poussi\u00e8re et aux chocs. L&rsquo;Argus MT est livr\u00e9 avec deux coils VooPoo TPP, qui cr\u00e9ent une vape DTL (Direct To Lung).<\/p>\n<p>L&rsquo;interface simple de ce kit le rend facile \u00e0 utiliser, ce qui signifie qu&rsquo;il est facile de s\u00e9lectionner le mode qui convient le mieux \u00e0 votre style de vapotage. Si vous souhaitez commencer \u00e0 vaper le plus rapidement possible, utilisez le mode Smart et la puissance sera automatiquement s\u00e9lectionn\u00e9e en fonction de la bobine choisie. Si vous souhaitez mieux contr\u00f4ler votre consommation, vous pouvez basculer entre les modes de puissance variable et de contr\u00f4le de la temp\u00e9rature. L&rsquo;Argus XT dispose \u00e9galement d&rsquo;un mode Boost tr\u00e8s pratique qui augmente de mani\u00e8re significative la quantit\u00e9 de vapeur produite pour une vape plus puissante.<\/p>\n<p>Chaque kit comprend le r\u00e9servoir VooPoo MAAT qui peut contenir jusqu&rsquo;\u00e0 2 ml d&rsquo;e-liquide et peut \u00eatre facilement recharg\u00e9 gr\u00e2ce au bouchon \u00e0 vis. Ce r\u00e9servoir r\u00e9duit \u00e9galement les crachats et l&rsquo;accumulation d&rsquo;e-liquide gr\u00e2ce \u00e0 sa conception de flux d&rsquo;air en forme de volcan. Dans la bo\u00eete, vous trouverez une bobine TPP de remplacement de 0,2 Ohm et une de 0,15 Ohm. Les deux mod\u00e8les sont dot\u00e9s d&rsquo;une structure en maille qui permet d&rsquo;am\u00e9liorer la production de vapeur et la saveur, car ils chauffent plus d&rsquo;e-liquide \u00e0 un rythme plus rapide. Nous recommandons d&rsquo;utiliser ces bobines avec des e-liquides \u00e0 70 % VG et d&rsquo;autres e-liquides \u00e0 teneur \u00e9lev\u00e9e en VG.<\/p>\n<p><a href=\"https:\/\/justvape.nu\/wp-content\/uploads\/2018\/05\/Color-Schemes.png\"><img loading=\"lazy\" decoding=\"async\" class=\"alignnone size-full wp-image-19187\" src=\"https:\/\/justvape.nu\/wp-content\/uploads\/2018\/05\/Color-Schemes.png\" alt=\"\" width=\"950\" height=\"64\" title=\"\" srcset=\"https:\/\/justvape.nu\/wp-content\/uploads\/2018\/05\/Color-Schemes.png 950w, https:\/\/justvape.nu\/wp-content\/uploads\/2018\/05\/Color-Schemes-555x37.png 555w, https:\/\/justvape.nu\/wp-content\/uploads\/2018\/05\/Color-Schemes-64x4.png 64w, https:\/\/justvape.nu\/wp-content\/uploads\/2018\/05\/Color-Schemes-300x20.png 300w, https:\/\/justvape.nu\/wp-content\/uploads\/2018\/05\/Color-Schemes-768x52.png 768w\" sizes=\"auto, (max-width: 950px) 100vw, 950px\" \/><\/a><\/p>\n<p class=\"description-img-center\"><a href=\"https:\/\/justvape.nu\/wp-content\/uploads\/2023\/04\/VOOPOO_Argus_XT_Kit_with_UFORCE_L_Tank_Full_Color.jpg\"><img loading=\"lazy\" decoding=\"async\" class=\"alignnone wp-image-583766\" src=\"https:\/\/justvape.nu\/wp-content\/uploads\/2023\/04\/VOOPOO_Argus_XT_Kit_with_UFORCE_L_Tank_Full_Color.jpg\" alt=\"\" width=\"932\" height=\"282\" title=\"\" srcset=\"https:\/\/justvape.nu\/wp-content\/uploads\/2023\/04\/VOOPOO_Argus_XT_Kit_with_UFORCE_L_Tank_Full_Color.jpg 800w, https:\/\/justvape.nu\/wp-content\/uploads\/2023\/04\/VOOPOO_Argus_XT_Kit_with_UFORCE_L_Tank_Full_Color-600x182.jpg 600w, https:\/\/justvape.nu\/wp-content\/uploads\/2023\/04\/VOOPOO_Argus_XT_Kit_with_UFORCE_L_Tank_Full_Color-64x19.jpg 64w, https:\/\/justvape.nu\/wp-content\/uploads\/2023\/04\/VOOPOO_Argus_XT_Kit_with_UFORCE_L_Tank_Full_Color-300x91.jpg 300w, https:\/\/justvape.nu\/wp-content\/uploads\/2023\/04\/VOOPOO_Argus_XT_Kit_with_UFORCE_L_Tank_Full_Color-768x232.jpg 768w\" sizes=\"auto, (max-width: 932px) 100vw, 932px\" \/><\/a><\/p>\n<div class=\"shop-features \">\n<h2 class=\"shop-features-title \"><a href=\"https:\/\/justvape.nu\/wp-content\/uploads\/2018\/05\/Specifications.png\"><img loading=\"lazy\" decoding=\"async\" class=\"alignnone size-full wp-image-18993\" src=\"https:\/\/justvape.nu\/wp-content\/uploads\/2018\/05\/Specifications.png\" alt=\"\" width=\"950\" height=\"64\" title=\"\" srcset=\"https:\/\/justvape.nu\/wp-content\/uploads\/2018\/05\/Specifications.png 950w, https:\/\/justvape.nu\/wp-content\/uploads\/2018\/05\/Specifications-555x37.png 555w, https:\/\/justvape.nu\/wp-content\/uploads\/2018\/05\/Specifications-64x4.png 64w, https:\/\/justvape.nu\/wp-content\/uploads\/2018\/05\/Specifications-300x20.png 300w, https:\/\/justvape.nu\/wp-content\/uploads\/2018\/05\/Specifications-768x52.png 768w\" sizes=\"auto, (max-width: 950px) 100vw, 950px\" \/><\/a><\/h2>\n<\/div>\n<table class=\"description-table\">\n<tbody>\n<tr>\n<td class=\"strong-title \">Marque<\/td>\n<td class=\"inline\">VOOPOO<\/td>\n<\/tr>\n<tr>\n<td class=\"strong-title \">Nom du produit<\/td>\n<td class=\"inline\">Argus XT Kit with VooPoo MAAT Tank<\/td>\n<\/tr>\n<tr>\n<td class=\"strong-title \">Type de batterie<\/td>\n<td class=\"inline\">Une seule batterie externe 18650\/21700 (non incluse)<\/td>\n<\/tr>\n<tr>\n<td class=\"strong-title \">Puissance de sortie<\/td>\n<td class=\"inline\">5-100W<\/td>\n<\/tr>\n<tr>\n<td class=\"strong-title \">Tension de sortie<\/td>\n<td class=\"inline\">0-8.5V<\/td>\n<\/tr>\n<tr>\n<td class=\"strong-title \">Gamme de r\u00e9sistance<\/td>\n<td class=\"inline\">0.05-3.0\u03a9<\/td>\n<\/tr>\n<tr>\n<td class=\"strong-title \">Tension de charge<\/td>\n<td class=\"inline\">Type-C 5V\/3A<\/td>\n<\/tr>\n<tr>\n<td class=\"strong-title \">Capacit\u00e9<\/td>\n<td class=\"inline\">2ml<\/td>\n<\/tr>\n<tr>\n<td class=\"strong-title \">Remplissage<\/td>\n<td class=\"inline\">Garniture sup\u00e9rieure<\/td>\n<\/tr>\n<tr>\n<td class=\"strong-title \">D\u00e9bit d&rsquo;air<\/td>\n<td class=\"inline\">Flux d&rsquo;air sup\u00e9rieur r\u00e9glable<\/td>\n<\/tr>\n<tr>\n<td class=\"strong-title \">Bobines standard<\/td>\n<td class=\"inline\">TPP<\/td>\n<\/tr>\n<tr>\n<td class=\"strong-title \">Bobine compatible<\/td>\n<td class=\"inline\">TPP Coils<\/td>\n<\/tr>\n<tr>\n<td class=\"strong-title \">Taille de la bo\u00eete<\/td>\n<td class=\"inline\">151*95*43mm<\/td>\n<\/tr>\n<tr>\n<td class=\"strong-title \"><\/td>\n<td class=\"inline\"><\/td>\n<\/tr>\n<tr>\n<td class=\"strong-title \">Couleur<\/td>\n<td class=\"inline\">Gris argent\u00e9, Graphite, Fibre de carbone, Vert citron, Bleu fonc\u00e9<\/td>\n<\/tr>\n<\/tbody>\n<\/table>\n<div class=\"shop-features \">\n<h2 class=\"shop-features-title \"><a href=\"https:\/\/justvape.nu\/wp-content\/uploads\/2018\/05\/Features.png\"><img loading=\"lazy\" decoding=\"async\" class=\"alignnone size-full wp-image-248459\" src=\"https:\/\/justvape.nu\/wp-content\/uploads\/2018\/05\/Features.png\" alt=\"\" width=\"950\" height=\"64\" title=\"\" srcset=\"https:\/\/justvape.nu\/wp-content\/uploads\/2018\/05\/Features.png 950w, https:\/\/justvape.nu\/wp-content\/uploads\/2018\/05\/Features-600x40.png 600w, https:\/\/justvape.nu\/wp-content\/uploads\/2018\/05\/Features-64x4.png 64w, https:\/\/justvape.nu\/wp-content\/uploads\/2018\/05\/Features-300x20.png 300w, https:\/\/justvape.nu\/wp-content\/uploads\/2018\/05\/Features-768x52.png 768w\" sizes=\"auto, (max-width: 950px) 100vw, 950px\" \/><\/a><\/h2>\n<\/div>\n<ul>\n<li style=\"list-style-type: none;\">\n<ul>\n<li>1. Aspect sans trou et mat\u00e9riau mixte cuir-m\u00e9tal<\/li>\n<li>2. Con\u00e7u avec des anneaux de lani\u00e8re, pratique \u00e0 transporter<\/li>\n<li>3. Turbo mod pour une exp\u00e9rience de vapeur extr\u00eamement intense<\/li>\n<li>4. Batterie externe unique 18650\/21700 avec chargement Type-C<\/li>\n<li>5. Puce GENE TT 2.0 avec mode Smart, RBA, Turbo et TC<\/li>\n<li>6. Fonction tri-proof IP68, utilisation durable<\/li>\n<li>7. Verrouillage QS humanis\u00e9 pour \u00e9viter l&rsquo;allumage ou la commutation accidentels<\/li>\n<li>8. Sept mesures de s\u00e9curit\u00e9 pour garantir une utilisation s\u00fbre<\/li>\n<li>9. Triple entr\u00e9e d&rsquo;air pour \u00e9quilibrer le flux d&rsquo;air et la saveur.<\/li>\n<li>10. Passage d&rsquo;air de haut en bas pour isoler les condensats et \u00e9viter les fuites<\/li>\n<li>11. R\u00e9glage du flux d&rsquo;air \u00e0 360\u00b0 pour personnaliser votre go\u00fbt pr\u00e9f\u00e9r\u00e9<\/li>\n<li>12. Base 510 innovante avec dissipateur thermique<\/li>\n<li>13. Capacit\u00e9 de 2 ml, remplissage facile par le haut<\/li>\n<li>14. Adopte la technologie PnP dual in one<\/li>\n<li>15. Compatible avec toutes les bobines PnP<\/li>\n<\/ul>\n<\/li>\n<\/ul>\n<div class=\"img-show-more\">\n<div id=\"img_content_less\" class=\"img-content add-more\">\n<p class=\"description-img-center\"><a href=\"https:\/\/justvape.nu\/wp-content\/uploads\/2023\/04\/VOOPOO_Argus_XT_Mod_Kit_Features.jpg\"><img loading=\"lazy\" decoding=\"async\" class=\"alignnone wp-image-583775\" src=\"https:\/\/justvape.nu\/wp-content\/uploads\/2023\/04\/VOOPOO_Argus_XT_Mod_Kit_Features.jpg\" alt=\"\" width=\"830\" height=\"990\" title=\"\" srcset=\"https:\/\/justvape.nu\/wp-content\/uploads\/2023\/04\/VOOPOO_Argus_XT_Mod_Kit_Features.jpg 718w, https:\/\/justvape.nu\/wp-content\/uploads\/2023\/04\/VOOPOO_Argus_XT_Mod_Kit_Features-600x715.jpg 600w, https:\/\/justvape.nu\/wp-content\/uploads\/2023\/04\/VOOPOO_Argus_XT_Mod_Kit_Features-64x76.jpg 64w, https:\/\/justvape.nu\/wp-content\/uploads\/2023\/04\/VOOPOO_Argus_XT_Mod_Kit_Features-252x300.jpg 252w\" sizes=\"auto, (max-width: 830px) 100vw, 830px\" \/><\/a> <a href=\"https:\/\/justvape.nu\/wp-content\/uploads\/2023\/04\/VOOPOO_Argus_XT_Mod_Kit_100W.jpg\"><img loading=\"lazy\" decoding=\"async\" class=\"alignnone size-full wp-image-583783\" src=\"https:\/\/justvape.nu\/wp-content\/uploads\/2023\/04\/VOOPOO_Argus_XT_Mod_Kit_100W.jpg\" alt=\"\" width=\"831\" height=\"403\" title=\"\" srcset=\"https:\/\/justvape.nu\/wp-content\/uploads\/2023\/04\/VOOPOO_Argus_XT_Mod_Kit_100W.jpg 831w, https:\/\/justvape.nu\/wp-content\/uploads\/2023\/04\/VOOPOO_Argus_XT_Mod_Kit_100W-600x291.jpg 600w, https:\/\/justvape.nu\/wp-content\/uploads\/2023\/04\/VOOPOO_Argus_XT_Mod_Kit_100W-64x31.jpg 64w, https:\/\/justvape.nu\/wp-content\/uploads\/2023\/04\/VOOPOO_Argus_XT_Mod_Kit_100W-300x145.jpg 300w, https:\/\/justvape.nu\/wp-content\/uploads\/2023\/04\/VOOPOO_Argus_XT_Mod_Kit_100W-768x372.jpg 768w\" sizes=\"auto, (max-width: 831px) 100vw, 831px\" \/><\/a> <a href=\"https:\/\/justvape.nu\/wp-content\/uploads\/2023\/04\/VOOPOO_Argus_XT_Mod_Kit_18650_and_21700.jpg\"><img loading=\"lazy\" decoding=\"async\" class=\"alignnone size-full wp-image-583791\" src=\"https:\/\/justvape.nu\/wp-content\/uploads\/2023\/04\/VOOPOO_Argus_XT_Mod_Kit_18650_and_21700.jpg\" alt=\"\" width=\"831\" height=\"518\" title=\"\" srcset=\"https:\/\/justvape.nu\/wp-content\/uploads\/2023\/04\/VOOPOO_Argus_XT_Mod_Kit_18650_and_21700.jpg 831w, https:\/\/justvape.nu\/wp-content\/uploads\/2023\/04\/VOOPOO_Argus_XT_Mod_Kit_18650_and_21700-600x374.jpg 600w, https:\/\/justvape.nu\/wp-content\/uploads\/2023\/04\/VOOPOO_Argus_XT_Mod_Kit_18650_and_21700-64x40.jpg 64w, https:\/\/justvape.nu\/wp-content\/uploads\/2023\/04\/VOOPOO_Argus_XT_Mod_Kit_18650_and_21700-300x187.jpg 300w, https:\/\/justvape.nu\/wp-content\/uploads\/2023\/04\/VOOPOO_Argus_XT_Mod_Kit_18650_and_21700-768x479.jpg 768w\" sizes=\"auto, (max-width: 831px) 100vw, 831px\" \/><\/a><\/p>\n<p class=\"description-img-center\">\n<\/div>\n<\/div>\n<div class=\"shop-features \">\n<h2 class=\"shop-features-title \"><a href=\"https:\/\/justvape.nu\/wp-content\/uploads\/2018\/04\/Packing-List.png\"><img loading=\"lazy\" decoding=\"async\" class=\"alignnone size-full wp-image-18999\" src=\"https:\/\/justvape.nu\/wp-content\/uploads\/2018\/04\/Packing-List.png\" alt=\"\" width=\"950\" height=\"64\" title=\"\" srcset=\"https:\/\/justvape.nu\/wp-content\/uploads\/2018\/04\/Packing-List.png 950w, https:\/\/justvape.nu\/wp-content\/uploads\/2018\/04\/Packing-List-555x37.png 555w, https:\/\/justvape.nu\/wp-content\/uploads\/2018\/04\/Packing-List-64x4.png 64w, https:\/\/justvape.nu\/wp-content\/uploads\/2018\/04\/Packing-List-300x20.png 300w, https:\/\/justvape.nu\/wp-content\/uploads\/2018\/04\/Packing-List-768x52.png 768w\" sizes=\"auto, (max-width: 950px) 100vw, 950px\" \/><\/a><\/h2>\n<\/div>\n<p>1* Appareil VOOPOO Argus XT<br \/>\n1* VooPoo MAAT Tank<br \/>\n1* TPP-DM1 0.15\u03a9 Coil<br \/>\n1 bobine TPP-DM2 0.2\u03a9<br \/>\n1* Paquet de caoutchouc de silicone<br \/>\n1* Adaptateur de batterie 18650<br \/>\n1* C\u00e2ble Type-C<br \/>\n1* Utilisateur<\/p>\n","protected":false},"excerpt":{"rendered":"<p>VOOPOO &#8211; ARGUS XT KIT<\/p>\n","protected":false},"featured_media":583806,"comment_status":"open","ping_status":"closed","template":"","meta":{"_acf_changed":false,"_uag_custom_page_level_css":"","site-sidebar-layout":"default","site-content-layout":"default","ast-site-content-layout":"default","site-content-style":"default","site-sidebar-style":"default","ast-global-header-display":"","ast-banner-title-visibility":"","ast-main-header-display":"","ast-hfb-above-header-display":"","ast-hfb-below-header-display":"","ast-hfb-mobile-header-display":"","site-post-title":"","ast-breadcrumbs-content":"","ast-featured-img":"","footer-sml-layout":"","ast-disable-related-posts":"","theme-transparent-header-meta":"default","adv-header-id-meta":"","stick-header-meta":"default","header-above-stick-meta":"","header-main-stick-meta":"","header-below-stick-meta":"","astra-migrate-meta-layouts":"default","ast-page-background-enabled":"default","ast-page-background-meta":{"desktop":{"background-color":"","background-image":"","background-repeat":"repeat","background-position":"center center","background-size":"auto","background-attachment":"scroll","background-type":"","background-media":"","overlay-type":"","overlay-color":"","overlay-opacity":"","overlay-gradient":""},"tablet":{"background-color":"","background-image":"","background-repeat":"repeat","background-position":"center center","background-size":"auto","background-attachment":"scroll","background-type":"","background-media":"","overlay-type":"","overlay-color":"","overlay-opacity":"","overlay-gradient":""},"mobile":{"background-color":"","background-image":"","background-repeat":"repeat","background-position":"center center","background-size":"auto","background-attachment":"scroll","background-type":"","background-media":"","overlay-type":"","overlay-color":"","overlay-opacity":"","overlay-gradient":""}},"ast-content-background-meta":{"desktop":{"background-color":"var(--ast-global-color-5)","background-image":"","background-repeat":"repeat","background-position":"center center","background-size":"auto","background-attachment":"scroll","background-type":"","background-media":"","overlay-type":"","overlay-color":"","overlay-opacity":"","overlay-gradient":""},"tablet":{"background-color":"var(--ast-global-color-5)","background-image":"","background-repeat":"repeat","background-position":"center center","background-size":"auto","background-attachment":"scroll","background-type":"","background-media":"","overlay-type":"","overlay-color":"","overlay-opacity":"","overlay-gradient":""},"mobile":{"background-color":"var(--ast-global-color-5)","background-image":"","background-repeat":"repeat","background-position":"center center","background-size":"auto","background-attachment":"scroll","background-type":"","background-media":"","overlay-type":"","overlay-color":"","overlay-opacity":"","overlay-gradient":""}}},"product_brand":[],"product_cat":[2066,2508,2139,2509,2510],"product_tag":[],"class_list":{"0":"post-584212","1":"product","2":"type-product","3":"status-publish","4":"has-post-thumbnail","6":"product_cat-e-cigarettes-fr","7":"product_cat-hardware-fr","8":"product_cat-kits-sous-ohms","9":"product_cat-shop-by-brand-fr","10":"product_cat-voopoo-fr","11":"desktop-align-center","12":"tablet-align-center","13":"mobile-align-center","14":"ast-product-gallery-layout-horizontal-slider","15":"ast-product-single-variable","16":"ast-product-tabs-layout-horizontal","18":"first","19":"instock","20":"sale","21":"taxable","22":"shipping-taxable","23":"purchasable","24":"product-type-variable"},"acf":[],"uagb_featured_image_src":{"full":["https:\/\/justvape.nu\/wp-content\/uploads\/2023\/04\/3cEBXSJ4.jpeg",600,600,false],"thumbnail":["https:\/\/justvape.nu\/wp-content\/uploads\/2023\/04\/3cEBXSJ4-150x150.jpeg",150,150,true],"medium":["https:\/\/justvape.nu\/wp-content\/uploads\/2023\/04\/3cEBXSJ4-300x300.jpeg",300,300,true],"medium_large":["https:\/\/justvape.nu\/wp-content\/uploads\/2023\/04\/3cEBXSJ4.jpeg",600,600,false],"large":["https:\/\/justvape.nu\/wp-content\/uploads\/2023\/04\/3cEBXSJ4.jpeg",600,600,false],"1536x1536":["https:\/\/justvape.nu\/wp-content\/uploads\/2023\/04\/3cEBXSJ4.jpeg",600,600,false],"2048x2048":["https:\/\/justvape.nu\/wp-content\/uploads\/2023\/04\/3cEBXSJ4.jpeg",600,600,false],"woocommerce_thumbnail":["https:\/\/justvape.nu\/wp-content\/uploads\/2023\/04\/3cEBXSJ4-300x300.jpeg",300,300,true],"woocommerce_single":["https:\/\/justvape.nu\/wp-content\/uploads\/2023\/04\/3cEBXSJ4.jpeg",600,600,false],"woocommerce_gallery_thumbnail":["https:\/\/justvape.nu\/wp-content\/uploads\/2023\/04\/3cEBXSJ4-100x100.jpeg",100,100,true],"dgwt-wcas-product-suggestion":["https:\/\/justvape.nu\/wp-content\/uploads\/2023\/04\/3cEBXSJ4-64x64.jpeg",64,64,true]},"uagb_author_info":{"display_name":"Kenneth Merkur","author_link":"https:\/\/justvape.nu\/fr\/author\/"},"uagb_comment_info":0,"uagb_excerpt":"VOOPOO - ARGUS XT KIT","_links":{"self":[{"href":"https:\/\/justvape.nu\/fr\/wp-json\/wp\/v2\/product\/584212","targetHints":{"allow":["GET"]}}],"collection":[{"href":"https:\/\/justvape.nu\/fr\/wp-json\/wp\/v2\/product"}],"about":[{"href":"https:\/\/justvape.nu\/fr\/wp-json\/wp\/v2\/types\/product"}],"replies":[{"embeddable":true,"href":"https:\/\/justvape.nu\/fr\/wp-json\/wp\/v2\/comments?post=584212"}],"wp:featuredmedia":[{"embeddable":true,"href":"https:\/\/justvape.nu\/fr\/wp-json\/wp\/v2\/media\/583806"}],"wp:attachment":[{"href":"https:\/\/justvape.nu\/fr\/wp-json\/wp\/v2\/media?parent=584212"}],"wp:term":[{"taxonomy":"product_brand","embeddable":true,"href":"https:\/\/justvape.nu\/fr\/wp-json\/wp\/v2\/product_brand?post=584212"},{"taxonomy":"product_cat","embeddable":true,"href":"https:\/\/justvape.nu\/fr\/wp-json\/wp\/v2\/product_cat?post=584212"},{"taxonomy":"product_tag","embeddable":true,"href":"https:\/\/justvape.nu\/fr\/wp-json\/wp\/v2\/product_tag?post=584212"}],"curies":[{"name":"wp","href":"https:\/\/api.w.org\/{rel}","templated":true}]}}