{"id":582025,"date":"2023-04-05T22:06:02","date_gmt":"2023-04-05T20:06:02","guid":{"rendered":"https:\/\/justvape.nu\/produkt\/smok-solus-g-box-kit\/"},"modified":"2023-04-05T22:06:02","modified_gmt":"2023-04-05T20:06:02","slug":"smok-solus-g-box-kit","status":"publish","type":"product","link":"https:\/\/justvape.nu\/fr\/produkt\/smok-solus-g-box-kit\/","title":{"rendered":"SMOK &#8211; SOLUS G-BOX KIT"},"content":{"rendered":"<h2>SMOK &#8211; SOLUS G-BOX KIT<\/h2>\n<p>Le kit de vapotage Smok Solus G Box est id\u00e9al pour les vapoteurs d\u00e9butants et exp\u00e9riment\u00e9s. Ce kit int\u00e8gre une batterie de 700mAh qui d\u00e9livre une puissance maximale de 18W. Ce kit comprend un pod avec une bobine int\u00e9gr\u00e9e con\u00e7ue pour permettre une vaporisation MTL (Mouth To Lung). De plus, il y a un c\u00e2ble USB-C \u00e0 charge rapide et une attache de lani\u00e8re pratique pour lorsque vous vapotez en d\u00e9placement.<\/p>\n<p>Ce kit de vaporisation est dot\u00e9 d&rsquo;un syst\u00e8me d&rsquo;activation par inhalation, de sorte qu&rsquo;il vous suffit de souffler sur l&#8217;embout pour vaper. De plus, ce kit ne comporte aucun bouton ni \u00e9cran, ce qui signifie qu&rsquo;il n&rsquo;y a pas de menus compliqu\u00e9s \u00e0 parcourir ni de r\u00e9glages \u00e0 modifier. Il suffit de connecter votre pod et le kit est pr\u00eat \u00e0 l&#8217;emploi. Le pod fourni avec ce kit a \u00e9t\u00e9 con\u00e7u pour une vaporisation qui ressemble beaucoup \u00e0 celle d&rsquo;une cigarette et cr\u00e9e une petite quantit\u00e9 de vapeur.<\/p>\n<p>La Solus G Box est livr\u00e9e avec une dosette Smok Solus 2 dot\u00e9e d&rsquo;une bobine \u00e0 mailles int\u00e9gr\u00e9e, qui chauffe plus rapidement et am\u00e9liore la production d&rsquo;ar\u00f4mes. Ce dispositif est \u00e9galement compatible avec les dosettes de remplacement Smok Solus. Les deux types de dosettes sont dot\u00e9s d&rsquo;un bouchon en caoutchouc sur le c\u00f4t\u00e9, qui peut \u00eatre retir\u00e9 pour r\u00e9v\u00e9ler un port e-liquide permettant un remplissage facile. Nous recommandons d&rsquo;utiliser ce kit avec des e-liquides ayant une concentration en PG de 50\/50 ou \u00e9lev\u00e9e.<\/p>\n<p><a href=\"https:\/\/justvape.nu\/wp-content\/uploads\/2018\/05\/Color-Schemes.png\"><img loading=\"lazy\" decoding=\"async\" class=\"alignnone size-full wp-image-19187\" src=\"https:\/\/justvape.nu\/wp-content\/uploads\/2018\/05\/Color-Schemes.png\" alt=\"\" width=\"950\" height=\"64\" title=\"\" srcset=\"https:\/\/justvape.nu\/wp-content\/uploads\/2018\/05\/Color-Schemes.png 950w, https:\/\/justvape.nu\/wp-content\/uploads\/2018\/05\/Color-Schemes-555x37.png 555w, https:\/\/justvape.nu\/wp-content\/uploads\/2018\/05\/Color-Schemes-64x4.png 64w, https:\/\/justvape.nu\/wp-content\/uploads\/2018\/05\/Color-Schemes-300x20.png 300w, https:\/\/justvape.nu\/wp-content\/uploads\/2018\/05\/Color-Schemes-768x52.png 768w\" sizes=\"auto, (max-width: 950px) 100vw, 950px\" \/><\/a><\/p>\n<p><a href=\"https:\/\/justvape.nu\/wp-content\/uploads\/2023\/04\/solus_g_box_kit_colourways.png\"><img loading=\"lazy\" decoding=\"async\" class=\"alignnone wp-image-581809\" src=\"https:\/\/justvape.nu\/wp-content\/uploads\/2023\/04\/solus_g_box_kit_colourways.png\" alt=\"\" width=\"801\" height=\"434\" title=\"\" srcset=\"https:\/\/justvape.nu\/wp-content\/uploads\/2023\/04\/solus_g_box_kit_colourways.png 685w, https:\/\/justvape.nu\/wp-content\/uploads\/2023\/04\/solus_g_box_kit_colourways-600x325.png 600w, https:\/\/justvape.nu\/wp-content\/uploads\/2023\/04\/solus_g_box_kit_colourways-64x35.png 64w, https:\/\/justvape.nu\/wp-content\/uploads\/2023\/04\/solus_g_box_kit_colourways-300x162.png 300w\" sizes=\"auto, (max-width: 801px) 100vw, 801px\" \/><\/a><\/p>\n<p><a href=\"https:\/\/justvape.nu\/wp-content\/uploads\/2018\/05\/Features.png\"><img loading=\"lazy\" decoding=\"async\" class=\"alignnone size-full wp-image-248459\" src=\"https:\/\/justvape.nu\/wp-content\/uploads\/2018\/05\/Features.png\" alt=\"\" width=\"950\" height=\"64\" title=\"\" srcset=\"https:\/\/justvape.nu\/wp-content\/uploads\/2018\/05\/Features.png 950w, https:\/\/justvape.nu\/wp-content\/uploads\/2018\/05\/Features-600x40.png 600w, https:\/\/justvape.nu\/wp-content\/uploads\/2018\/05\/Features-64x4.png 64w, https:\/\/justvape.nu\/wp-content\/uploads\/2018\/05\/Features-300x20.png 300w, https:\/\/justvape.nu\/wp-content\/uploads\/2018\/05\/Features-768x52.png 768w\" sizes=\"auto, (max-width: 950px) 100vw, 950px\" \/><\/a><\/p>\n<ul>\n<li>Kit MTL Pod<\/li>\n<li>Pour les d\u00e9butants<\/li>\n<li>Doses rechargeables de 2ml<\/li>\n<li>Inhalez Activ\u00e9<\/li>\n<li>Batterie int\u00e9gr\u00e9e de 700mAh<\/li>\n<li>Construction compacte<\/li>\n<\/ul>\n<p><a href=\"https:\/\/justvape.nu\/wp-content\/uploads\/2023\/04\/SOLUS-G-BOX-1.jpg\"><img loading=\"lazy\" decoding=\"async\" class=\"alignnone wp-image-581817\" src=\"https:\/\/justvape.nu\/wp-content\/uploads\/2023\/04\/SOLUS-G-BOX-1.jpg\" alt=\"\" width=\"802\" height=\"450\" title=\"\" srcset=\"https:\/\/justvape.nu\/wp-content\/uploads\/2023\/04\/SOLUS-G-BOX-1.jpg 1200w, https:\/\/justvape.nu\/wp-content\/uploads\/2023\/04\/SOLUS-G-BOX-1-600x337.jpg 600w, https:\/\/justvape.nu\/wp-content\/uploads\/2023\/04\/SOLUS-G-BOX-1-64x36.jpg 64w, https:\/\/justvape.nu\/wp-content\/uploads\/2023\/04\/SOLUS-G-BOX-1-300x168.jpg 300w, https:\/\/justvape.nu\/wp-content\/uploads\/2023\/04\/SOLUS-G-BOX-1-1024x574.jpg 1024w, https:\/\/justvape.nu\/wp-content\/uploads\/2023\/04\/SOLUS-G-BOX-1-768x431.jpg 768w\" sizes=\"auto, (max-width: 802px) 100vw, 802px\" \/><\/a><\/p>\n<p><a href=\"https:\/\/justvape.nu\/wp-content\/uploads\/2018\/05\/Packing-List.png\"><img loading=\"lazy\" decoding=\"async\" class=\"alignnone size-full wp-image-248468\" src=\"https:\/\/justvape.nu\/wp-content\/uploads\/2018\/05\/Packing-List.png\" alt=\"\" width=\"950\" height=\"64\" title=\"\" srcset=\"https:\/\/justvape.nu\/wp-content\/uploads\/2018\/05\/Packing-List.png 950w, https:\/\/justvape.nu\/wp-content\/uploads\/2018\/05\/Packing-List-600x40.png 600w, https:\/\/justvape.nu\/wp-content\/uploads\/2018\/05\/Packing-List-64x4.png 64w, https:\/\/justvape.nu\/wp-content\/uploads\/2018\/05\/Packing-List-300x20.png 300w, https:\/\/justvape.nu\/wp-content\/uploads\/2018\/05\/Packing-List-768x52.png 768w\" sizes=\"auto, (max-width: 950px) 100vw, 950px\" \/><\/a><\/p>\n<ul>\n<li>Smok Solus G Box Vape Device<\/li>\n<li>0.9 Ohm Smok Solus 2 Pod<\/li>\n<li>C\u00e2ble de chargement USB-C<\/li>\n<li>Lanyard<\/li>\n<li>Manuel de l&rsquo;Utilisateur<\/li>\n<\/ul>\n","protected":false},"excerpt":{"rendered":"<p>SMOK &#8211; SOLUS G-BOX KIT<\/p>\n","protected":false},"featured_media":581834,"comment_status":"open","ping_status":"closed","template":"","meta":{"_acf_changed":false,"_uag_custom_page_level_css":"","site-sidebar-layout":"default","site-content-layout":"default","ast-site-content-layout":"default","site-content-style":"default","site-sidebar-style":"default","ast-global-header-display":"","ast-banner-title-visibility":"","ast-main-header-display":"","ast-hfb-above-header-display":"","ast-hfb-below-header-display":"","ast-hfb-mobile-header-display":"","site-post-title":"","ast-breadcrumbs-content":"","ast-featured-img":"","footer-sml-layout":"","ast-disable-related-posts":"","theme-transparent-header-meta":"default","adv-header-id-meta":"","stick-header-meta":"default","header-above-stick-meta":"","header-main-stick-meta":"","header-below-stick-meta":"","astra-migrate-meta-layouts":"default","ast-page-background-enabled":"default","ast-page-background-meta":{"desktop":{"background-color":"","background-image":"","background-repeat":"repeat","background-position":"center center","background-size":"auto","background-attachment":"scroll","background-type":"","background-media":"","overlay-type":"","overlay-color":"","overlay-opacity":"","overlay-gradient":""},"tablet":{"background-color":"","background-image":"","background-repeat":"repeat","background-position":"center center","background-size":"auto","background-attachment":"scroll","background-type":"","background-media":"","overlay-type":"","overlay-color":"","overlay-opacity":"","overlay-gradient":""},"mobile":{"background-color":"","background-image":"","background-repeat":"repeat","background-position":"center center","background-size":"auto","background-attachment":"scroll","background-type":"","background-media":"","overlay-type":"","overlay-color":"","overlay-opacity":"","overlay-gradient":""}},"ast-content-background-meta":{"desktop":{"background-color":"var(--ast-global-color-5)","background-image":"","background-repeat":"repeat","background-position":"center center","background-size":"auto","background-attachment":"scroll","background-type":"","background-media":"","overlay-type":"","overlay-color":"","overlay-opacity":"","overlay-gradient":""},"tablet":{"background-color":"var(--ast-global-color-5)","background-image":"","background-repeat":"repeat","background-position":"center center","background-size":"auto","background-attachment":"scroll","background-type":"","background-media":"","overlay-type":"","overlay-color":"","overlay-opacity":"","overlay-gradient":""},"mobile":{"background-color":"var(--ast-global-color-5)","background-image":"","background-repeat":"repeat","background-position":"center center","background-size":"auto","background-attachment":"scroll","background-type":"","background-media":"","overlay-type":"","overlay-color":"","overlay-opacity":"","overlay-gradient":""}}},"product_brand":[],"product_cat":[2066,2508,2076,2509,3369],"product_tag":[],"class_list":{"0":"post-582025","1":"product","2":"type-product","3":"status-publish","4":"has-post-thumbnail","6":"product_cat-e-cigarettes-fr","7":"product_cat-hardware-fr","8":"product_cat-kits-et-pod-pour-debutants","9":"product_cat-shop-by-brand-fr","10":"product_cat-smok-fr","11":"desktop-align-center","12":"tablet-align-center","13":"mobile-align-center","14":"ast-product-gallery-layout-horizontal-slider","15":"ast-product-single-variable","16":"ast-product-tabs-layout-horizontal","18":"first","19":"instock","20":"sale","21":"taxable","22":"shipping-taxable","23":"purchasable","24":"product-type-variable"},"acf":[],"uagb_featured_image_src":{"full":["https:\/\/justvape.nu\/wp-content\/uploads\/2023\/04\/Mv-GYcwI.jpeg",600,600,false],"thumbnail":["https:\/\/justvape.nu\/wp-content\/uploads\/2023\/04\/Mv-GYcwI-150x150.jpeg",150,150,true],"medium":["https:\/\/justvape.nu\/wp-content\/uploads\/2023\/04\/Mv-GYcwI-300x300.jpeg",300,300,true],"medium_large":["https:\/\/justvape.nu\/wp-content\/uploads\/2023\/04\/Mv-GYcwI.jpeg",600,600,false],"large":["https:\/\/justvape.nu\/wp-content\/uploads\/2023\/04\/Mv-GYcwI.jpeg",600,600,false],"1536x1536":["https:\/\/justvape.nu\/wp-content\/uploads\/2023\/04\/Mv-GYcwI.jpeg",600,600,false],"2048x2048":["https:\/\/justvape.nu\/wp-content\/uploads\/2023\/04\/Mv-GYcwI.jpeg",600,600,false],"woocommerce_thumbnail":["https:\/\/justvape.nu\/wp-content\/uploads\/2023\/04\/Mv-GYcwI-300x300.jpeg",300,300,true],"woocommerce_single":["https:\/\/justvape.nu\/wp-content\/uploads\/2023\/04\/Mv-GYcwI.jpeg",600,600,false],"woocommerce_gallery_thumbnail":["https:\/\/justvape.nu\/wp-content\/uploads\/2023\/04\/Mv-GYcwI-100x100.jpeg",100,100,true],"dgwt-wcas-product-suggestion":["https:\/\/justvape.nu\/wp-content\/uploads\/2023\/04\/Mv-GYcwI-64x64.jpeg",64,64,true]},"uagb_author_info":{"display_name":"Kenneth Merkur","author_link":"https:\/\/justvape.nu\/fr\/author\/"},"uagb_comment_info":0,"uagb_excerpt":"SMOK - SOLUS G-BOX KIT","_links":{"self":[{"href":"https:\/\/justvape.nu\/fr\/wp-json\/wp\/v2\/product\/582025","targetHints":{"allow":["GET"]}}],"collection":[{"href":"https:\/\/justvape.nu\/fr\/wp-json\/wp\/v2\/product"}],"about":[{"href":"https:\/\/justvape.nu\/fr\/wp-json\/wp\/v2\/types\/product"}],"replies":[{"embeddable":true,"href":"https:\/\/justvape.nu\/fr\/wp-json\/wp\/v2\/comments?post=582025"}],"wp:featuredmedia":[{"embeddable":true,"href":"https:\/\/justvape.nu\/fr\/wp-json\/wp\/v2\/media\/581834"}],"wp:attachment":[{"href":"https:\/\/justvape.nu\/fr\/wp-json\/wp\/v2\/media?parent=582025"}],"wp:term":[{"taxonomy":"product_brand","embeddable":true,"href":"https:\/\/justvape.nu\/fr\/wp-json\/wp\/v2\/product_brand?post=582025"},{"taxonomy":"product_cat","embeddable":true,"href":"https:\/\/justvape.nu\/fr\/wp-json\/wp\/v2\/product_cat?post=582025"},{"taxonomy":"product_tag","embeddable":true,"href":"https:\/\/justvape.nu\/fr\/wp-json\/wp\/v2\/product_tag?post=582025"}],"curies":[{"name":"wp","href":"https:\/\/api.w.org\/{rel}","templated":true}]}}