{"id":581918,"date":"2023-04-05T21:45:05","date_gmt":"2023-04-05T19:45:05","guid":{"rendered":"https:\/\/justvape.nu\/produkt\/smok-novo-2c-kit\/"},"modified":"2025-07-10T12:47:40","modified_gmt":"2025-07-10T10:47:40","slug":"smok-novo-2c-kit","status":"publish","type":"product","link":"https:\/\/justvape.nu\/fr\/produkt\/smok-novo-2c-kit\/","title":{"rendered":"SMOK &#8211; NOVO 2C KIT"},"content":{"rendered":"<h2>SMOK &#8211; NOVO 2C KIT<\/h2>\n<p>Le SMOK Novo 2C est un kit pod l\u00e9ger et compact qui convient parfaitement aux nouveaux vapoteurs. Il reprend de nombreuses caract\u00e9ristiques du Novo 2 original, mais avec un design plus moderne. La batterie de 800mAh permettra \u00e0 la plupart des vapoteurs d&rsquo;utiliser l&rsquo;appareil pendant une journ\u00e9e enti\u00e8re avant de devoir le recharger. De plus, il utilise un c\u00e2ble USB-C pour r\u00e9duire les temps d&rsquo;attente entre les charges. Il n&rsquo;y a pas de r\u00e9glages \u00e0 effectuer ni de boutons \u00e0 presser. Il suffit d&rsquo;inhaler l&#8217;embout pour activer l&rsquo;appareil. Une petite lumi\u00e8re LED sur le c\u00f4t\u00e9 du Novo 2C s&rsquo;allume lorsque la bobine est activ\u00e9e.<\/p>\n<p><a href=\"https:\/\/justvape.nu\/wp-content\/uploads\/2018\/05\/Color-Schemes.png\"><img loading=\"lazy\" decoding=\"async\" class=\"alignnone size-full wp-image-19187\" src=\"https:\/\/justvape.nu\/wp-content\/uploads\/2018\/05\/Color-Schemes.png\" alt=\"\" width=\"950\" height=\"64\" title=\"\" srcset=\"https:\/\/justvape.nu\/wp-content\/uploads\/2018\/05\/Color-Schemes.png 950w, https:\/\/justvape.nu\/wp-content\/uploads\/2018\/05\/Color-Schemes-555x37.png 555w, https:\/\/justvape.nu\/wp-content\/uploads\/2018\/05\/Color-Schemes-64x4.png 64w, https:\/\/justvape.nu\/wp-content\/uploads\/2018\/05\/Color-Schemes-300x20.png 300w, https:\/\/justvape.nu\/wp-content\/uploads\/2018\/05\/Color-Schemes-768x52.png 768w\" sizes=\"auto, (max-width: 950px) 100vw, 950px\" \/><\/a><\/p>\n<p class=\"description-img-center\"><a href=\"https:\/\/justvape.nu\/wp-content\/uploads\/2023\/04\/SMOK_Novo_2C_Kit_Colors.jpg\"><img loading=\"lazy\" decoding=\"async\" class=\"alignnone wp-image-581666\" src=\"https:\/\/justvape.nu\/wp-content\/uploads\/2023\/04\/SMOK_Novo_2C_Kit_Colors.jpg\" alt=\"\" width=\"928\" height=\"478\" title=\"\" srcset=\"https:\/\/justvape.nu\/wp-content\/uploads\/2023\/04\/SMOK_Novo_2C_Kit_Colors.jpg 800w, https:\/\/justvape.nu\/wp-content\/uploads\/2023\/04\/SMOK_Novo_2C_Kit_Colors-600x309.jpg 600w, https:\/\/justvape.nu\/wp-content\/uploads\/2023\/04\/SMOK_Novo_2C_Kit_Colors-64x33.jpg 64w, https:\/\/justvape.nu\/wp-content\/uploads\/2023\/04\/SMOK_Novo_2C_Kit_Colors-300x155.jpg 300w, https:\/\/justvape.nu\/wp-content\/uploads\/2023\/04\/SMOK_Novo_2C_Kit_Colors-768x396.jpg 768w\" sizes=\"auto, (max-width: 928px) 100vw, 928px\" \/><\/a><\/p>\n<div class=\"shop-features \">\n<h2 class=\"shop-features-title \"><a href=\"https:\/\/justvape.nu\/wp-content\/uploads\/2018\/05\/Specifications.png\"><img loading=\"lazy\" decoding=\"async\" class=\"alignnone size-full wp-image-248449\" src=\"https:\/\/justvape.nu\/wp-content\/uploads\/2018\/05\/Specifications.png\" alt=\"\" width=\"950\" height=\"64\" title=\"\" srcset=\"https:\/\/justvape.nu\/wp-content\/uploads\/2018\/05\/Specifications.png 950w, https:\/\/justvape.nu\/wp-content\/uploads\/2018\/05\/Specifications-600x40.png 600w, https:\/\/justvape.nu\/wp-content\/uploads\/2018\/05\/Specifications-64x4.png 64w, https:\/\/justvape.nu\/wp-content\/uploads\/2018\/05\/Specifications-300x20.png 300w, https:\/\/justvape.nu\/wp-content\/uploads\/2018\/05\/Specifications-768x52.png 768w\" sizes=\"auto, (max-width: 950px) 100vw, 950px\" \/><\/a><\/h2>\n<\/div>\n<table class=\"description-table\">\n<tbody>\n<tr>\n<td class=\"strong-title \">Marque<\/td>\n<td class=\"inline\">SMOK<\/td>\n<\/tr>\n<tr>\n<td class=\"strong-title \">Nom du produit<\/td>\n<td class=\"inline\">Kit Novo 2C<\/td>\n<\/tr>\n<tr>\n<td class=\"strong-title \">Taille<\/td>\n<td class=\"inline\">95,5*24,5*14,5mm<\/td>\n<\/tr>\n<tr>\n<td class=\"strong-title \">Capacit\u00e9 de la batterie<\/td>\n<td class=\"inline\">Batterie int\u00e9gr\u00e9e de 800mAh<\/td>\n<\/tr>\n<tr>\n<td class=\"strong-title \">Tension d&rsquo;entr\u00e9e<\/td>\n<td class=\"inline\">3,55V-4,2V<\/td>\n<\/tr>\n<tr>\n<td class=\"strong-title \">Gamme de r\u00e9sistance<\/td>\n<td class=\"inline\">0,6ohm-2,5ohm<\/td>\n<\/tr>\n<tr>\n<td class=\"strong-title \">Courant de veille<\/td>\n<td class=\"inline\">\uff1c20uA (sans charge) ; \uff1c50uA (avec charge)<\/td>\n<\/tr>\n<tr>\n<td class=\"strong-title \">Tension de sortie<\/td>\n<td class=\"inline\">Max 3,5V, lorsque la tension de la batterie est\u22654,1V ; max 3,6V, lorsque la tension de la batterie est\uff1c4,1V<\/td>\n<\/tr>\n<tr>\n<td class=\"strong-title \">Tension de charge<\/td>\n<td class=\"inline\">5V\u00b10.2V<\/td>\n<\/tr>\n<tr>\n<td class=\"strong-title \">Courant de charge<\/td>\n<td class=\"inline\">Max 0,7A<\/td>\n<\/tr>\n<tr>\n<td class=\"strong-title \">Tension de surcharge<\/td>\n<td class=\"inline\">4.3V\u00b10.05V<\/td>\n<\/tr>\n<tr>\n<td class=\"strong-title \">Tension de surd\u00e9charge<\/td>\n<td class=\"inline\">2.4V\u00b10.03V<\/td>\n<\/tr>\n<tr>\n<td class=\"strong-title \">Courant de surcharge<\/td>\n<td class=\"inline\">1,0A\u00b10,3A<\/td>\n<\/tr>\n<tr>\n<td class=\"strong-title \">Type de remplissage<\/td>\n<td class=\"inline\">Garniture sup\u00e9rieure<\/td>\n<\/tr>\n<tr>\n<td class=\"strong-title \">Compatible avec le pod<\/td>\n<td class=\"inline\">Compatible avec le pod Novo\/Novo 2\/Novo 2X<\/td>\n<\/tr>\n<tr>\n<td class=\"strong-title \">Taille de l&#8217;emballage<\/td>\n<td class=\"inline\">127*57*42mm (1pc)<\/td>\n<\/tr>\n<tr>\n<td class=\"strong-title \"><\/td>\n<td class=\"inline\"><\/td>\n<\/tr>\n<tr>\n<td class=\"strong-title \">Couleur<\/td>\n<td class=\"inline\">Or rose, orange, vert p\u00e2le, argent, gris, noir<\/td>\n<\/tr>\n<\/tbody>\n<\/table>\n<div class=\"shop-features \">\n<h2 class=\"shop-features-title \"><a href=\"https:\/\/justvape.nu\/wp-content\/uploads\/2018\/05\/Features.png\"><img loading=\"lazy\" decoding=\"async\" class=\"alignnone size-full wp-image-248459\" src=\"https:\/\/justvape.nu\/wp-content\/uploads\/2018\/05\/Features.png\" alt=\"\" width=\"950\" height=\"64\" title=\"\" srcset=\"https:\/\/justvape.nu\/wp-content\/uploads\/2018\/05\/Features.png 950w, https:\/\/justvape.nu\/wp-content\/uploads\/2018\/05\/Features-600x40.png 600w, https:\/\/justvape.nu\/wp-content\/uploads\/2018\/05\/Features-64x4.png 64w, https:\/\/justvape.nu\/wp-content\/uploads\/2018\/05\/Features-300x20.png 300w, https:\/\/justvape.nu\/wp-content\/uploads\/2018\/05\/Features-768x52.png 768w\" sizes=\"auto, (max-width: 950px) 100vw, 950px\" \/><\/a><\/h2>\n<\/div>\n<ul>\n<li style=\"list-style-type: none;\">\n<ul>\n<li>1. Compatible avec le pod Novo\/Novo 2\/Novo 2X<\/li>\n<li>2. Lani\u00e8re incluse<\/li>\n<li>3. Syst\u00e8me de remplissage par le haut<\/li>\n<li>4. Technologie d&rsquo;\u00e9tanch\u00e9it\u00e9<\/li>\n<li>5. Conception \u00e0 l&rsquo;\u00e9preuve des enfants<\/li>\n<li>6. Indicateur LED de la batterie<\/li>\n<li>7. Batterie int\u00e9gr\u00e9e de 800mAh<\/li>\n<li>8. Chargement de type C, tirage automatique<\/li>\n<\/ul>\n<\/li>\n<\/ul>\n<div class=\"img-show-more\">\n<div id=\"img_content_less\" class=\"img-content add-more\">\n<p class=\"description-img-center\"><a href=\"https:\/\/justvape.nu\/wp-content\/uploads\/2023\/04\/SMOK_NOVO_2C_Kit_Battery_Capacity.jpg\"><img loading=\"lazy\" decoding=\"async\" class=\"alignnone size-full wp-image-581674\" src=\"https:\/\/justvape.nu\/wp-content\/uploads\/2023\/04\/SMOK_NOVO_2C_Kit_Battery_Capacity.jpg\" alt=\"\" width=\"831\" height=\"525\" title=\"\" srcset=\"https:\/\/justvape.nu\/wp-content\/uploads\/2023\/04\/SMOK_NOVO_2C_Kit_Battery_Capacity.jpg 831w, https:\/\/justvape.nu\/wp-content\/uploads\/2023\/04\/SMOK_NOVO_2C_Kit_Battery_Capacity-600x379.jpg 600w, https:\/\/justvape.nu\/wp-content\/uploads\/2023\/04\/SMOK_NOVO_2C_Kit_Battery_Capacity-64x40.jpg 64w, https:\/\/justvape.nu\/wp-content\/uploads\/2023\/04\/SMOK_NOVO_2C_Kit_Battery_Capacity-300x190.jpg 300w, https:\/\/justvape.nu\/wp-content\/uploads\/2023\/04\/SMOK_NOVO_2C_Kit_Battery_Capacity-768x485.jpg 768w\" sizes=\"auto, (max-width: 831px) 100vw, 831px\" \/><\/a> <a href=\"https:\/\/justvape.nu\/wp-content\/uploads\/2023\/04\/SMOK_NOVO_2C_Kit_Component.jpg\"><img loading=\"lazy\" decoding=\"async\" class=\"alignnone size-full wp-image-581682\" src=\"https:\/\/justvape.nu\/wp-content\/uploads\/2023\/04\/SMOK_NOVO_2C_Kit_Component.jpg\" alt=\"\" width=\"831\" height=\"543\" title=\"\" srcset=\"https:\/\/justvape.nu\/wp-content\/uploads\/2023\/04\/SMOK_NOVO_2C_Kit_Component.jpg 831w, https:\/\/justvape.nu\/wp-content\/uploads\/2023\/04\/SMOK_NOVO_2C_Kit_Component-600x392.jpg 600w, https:\/\/justvape.nu\/wp-content\/uploads\/2023\/04\/SMOK_NOVO_2C_Kit_Component-64x42.jpg 64w, https:\/\/justvape.nu\/wp-content\/uploads\/2023\/04\/SMOK_NOVO_2C_Kit_Component-300x196.jpg 300w, https:\/\/justvape.nu\/wp-content\/uploads\/2023\/04\/SMOK_NOVO_2C_Kit_Component-768x502.jpg 768w\" sizes=\"auto, (max-width: 831px) 100vw, 831px\" \/><\/a> <a href=\"https:\/\/justvape.nu\/wp-content\/uploads\/2023\/04\/SMOK_NOVO_2C_Kit_Activate.jpg\"><img loading=\"lazy\" decoding=\"async\" class=\"alignnone size-full wp-image-581690\" src=\"https:\/\/justvape.nu\/wp-content\/uploads\/2023\/04\/SMOK_NOVO_2C_Kit_Activate.jpg\" alt=\"\" width=\"831\" height=\"552\" title=\"\" srcset=\"https:\/\/justvape.nu\/wp-content\/uploads\/2023\/04\/SMOK_NOVO_2C_Kit_Activate.jpg 831w, https:\/\/justvape.nu\/wp-content\/uploads\/2023\/04\/SMOK_NOVO_2C_Kit_Activate-600x399.jpg 600w, https:\/\/justvape.nu\/wp-content\/uploads\/2023\/04\/SMOK_NOVO_2C_Kit_Activate-64x43.jpg 64w, https:\/\/justvape.nu\/wp-content\/uploads\/2023\/04\/SMOK_NOVO_2C_Kit_Activate-300x199.jpg 300w, https:\/\/justvape.nu\/wp-content\/uploads\/2023\/04\/SMOK_NOVO_2C_Kit_Activate-768x510.jpg 768w\" sizes=\"auto, (max-width: 831px) 100vw, 831px\" \/><\/a><\/p>\n<\/div>\n<\/div>\n<div class=\"shop-features \">\n<h2 class=\"shop-features-title \"><a href=\"https:\/\/justvape.nu\/wp-content\/uploads\/2018\/04\/Packing-List.png\"><img loading=\"lazy\" decoding=\"async\" class=\"alignnone size-full wp-image-18999\" src=\"https:\/\/justvape.nu\/wp-content\/uploads\/2018\/04\/Packing-List.png\" alt=\"\" width=\"950\" height=\"64\" title=\"\" srcset=\"https:\/\/justvape.nu\/wp-content\/uploads\/2018\/04\/Packing-List.png 950w, https:\/\/justvape.nu\/wp-content\/uploads\/2018\/04\/Packing-List-555x37.png 555w, https:\/\/justvape.nu\/wp-content\/uploads\/2018\/04\/Packing-List-64x4.png 64w, https:\/\/justvape.nu\/wp-content\/uploads\/2018\/04\/Packing-List-300x20.png 300w, https:\/\/justvape.nu\/wp-content\/uploads\/2018\/04\/Packing-List-768x52.png 768w\" sizes=\"auto, (max-width: 950px) 100vw, 950px\" \/><\/a><\/h2>\n<\/div>\n<p>1* Dispositif Novo 2C (800mAh)<br \/>\n1* Novo 2X Meshed 0.8ohm MTL Pod (2ml)<br \/>\n1* Lani\u00e8re<br \/>\n1* C\u00e2ble Type-C<br \/>\n1 * manuel de l&rsquo;utilisateur<\/p>\n<p class=\"description-img-center \"><a href=\"https:\/\/justvape.nu\/wp-content\/uploads\/2023\/04\/SMOK_NOVO_2C_Kit_Package.jpg\"><img loading=\"lazy\" decoding=\"async\" class=\"alignnone size-full wp-image-581698\" src=\"https:\/\/justvape.nu\/wp-content\/uploads\/2023\/04\/SMOK_NOVO_2C_Kit_Package.jpg\" alt=\"\" width=\"831\" height=\"599\" title=\"\" srcset=\"https:\/\/justvape.nu\/wp-content\/uploads\/2023\/04\/SMOK_NOVO_2C_Kit_Package.jpg 831w, https:\/\/justvape.nu\/wp-content\/uploads\/2023\/04\/SMOK_NOVO_2C_Kit_Package-600x432.jpg 600w, https:\/\/justvape.nu\/wp-content\/uploads\/2023\/04\/SMOK_NOVO_2C_Kit_Package-64x46.jpg 64w, https:\/\/justvape.nu\/wp-content\/uploads\/2023\/04\/SMOK_NOVO_2C_Kit_Package-300x216.jpg 300w, https:\/\/justvape.nu\/wp-content\/uploads\/2023\/04\/SMOK_NOVO_2C_Kit_Package-768x554.jpg 768w\" sizes=\"auto, (max-width: 831px) 100vw, 831px\" \/><\/a><\/p>\n","protected":false},"excerpt":{"rendered":"<p>SMOK &#8211; NOVO 2C KIT<\/p>\n","protected":false},"featured_media":581610,"comment_status":"open","ping_status":"closed","template":"","meta":{"_acf_changed":false,"_uag_custom_page_level_css":"","site-sidebar-layout":"default","site-content-layout":"default","ast-site-content-layout":"default","site-content-style":"default","site-sidebar-style":"default","ast-global-header-display":"","ast-banner-title-visibility":"","ast-main-header-display":"","ast-hfb-above-header-display":"","ast-hfb-below-header-display":"","ast-hfb-mobile-header-display":"","site-post-title":"","ast-breadcrumbs-content":"","ast-featured-img":"","footer-sml-layout":"","ast-disable-related-posts":"","theme-transparent-header-meta":"default","adv-header-id-meta":"","stick-header-meta":"default","header-above-stick-meta":"","header-main-stick-meta":"","header-below-stick-meta":"","astra-migrate-meta-layouts":"default","ast-page-background-enabled":"default","ast-page-background-meta":{"desktop":{"background-color":"","background-image":"","background-repeat":"repeat","background-position":"center center","background-size":"auto","background-attachment":"scroll","background-type":"","background-media":"","overlay-type":"","overlay-color":"","overlay-opacity":"","overlay-gradient":""},"tablet":{"background-color":"","background-image":"","background-repeat":"repeat","background-position":"center center","background-size":"auto","background-attachment":"scroll","background-type":"","background-media":"","overlay-type":"","overlay-color":"","overlay-opacity":"","overlay-gradient":""},"mobile":{"background-color":"","background-image":"","background-repeat":"repeat","background-position":"center center","background-size":"auto","background-attachment":"scroll","background-type":"","background-media":"","overlay-type":"","overlay-color":"","overlay-opacity":"","overlay-gradient":""}},"ast-content-background-meta":{"desktop":{"background-color":"var(--ast-global-color-5)","background-image":"","background-repeat":"repeat","background-position":"center center","background-size":"auto","background-attachment":"scroll","background-type":"","background-media":"","overlay-type":"","overlay-color":"","overlay-opacity":"","overlay-gradient":""},"tablet":{"background-color":"var(--ast-global-color-5)","background-image":"","background-repeat":"repeat","background-position":"center center","background-size":"auto","background-attachment":"scroll","background-type":"","background-media":"","overlay-type":"","overlay-color":"","overlay-opacity":"","overlay-gradient":""},"mobile":{"background-color":"var(--ast-global-color-5)","background-image":"","background-repeat":"repeat","background-position":"center center","background-size":"auto","background-attachment":"scroll","background-type":"","background-media":"","overlay-type":"","overlay-color":"","overlay-opacity":"","overlay-gradient":""}}},"product_brand":[],"product_cat":[2066,2508,2076,2509,3369],"product_tag":[],"class_list":{"0":"post-581918","1":"product","2":"type-product","3":"status-publish","4":"has-post-thumbnail","6":"product_cat-e-cigarettes-fr","7":"product_cat-hardware-fr","8":"product_cat-kits-et-pod-pour-debutants","9":"product_cat-shop-by-brand-fr","10":"product_cat-smok-fr","11":"desktop-align-center","12":"tablet-align-center","13":"mobile-align-center","14":"ast-product-gallery-layout-horizontal-slider","15":"ast-product-single-variable","16":"ast-product-tabs-layout-horizontal","18":"first","19":"instock","20":"sale","21":"taxable","22":"shipping-taxable","23":"purchasable","24":"product-type-variable"},"acf":[],"uagb_featured_image_src":{"full":["https:\/\/justvape.nu\/wp-content\/uploads\/2023\/04\/601tXOSg.jpeg",600,600,false],"thumbnail":["https:\/\/justvape.nu\/wp-content\/uploads\/2023\/04\/601tXOSg-150x150.jpeg",150,150,true],"medium":["https:\/\/justvape.nu\/wp-content\/uploads\/2023\/04\/601tXOSg-300x300.jpeg",300,300,true],"medium_large":["https:\/\/justvape.nu\/wp-content\/uploads\/2023\/04\/601tXOSg.jpeg",600,600,false],"large":["https:\/\/justvape.nu\/wp-content\/uploads\/2023\/04\/601tXOSg.jpeg",600,600,false],"1536x1536":["https:\/\/justvape.nu\/wp-content\/uploads\/2023\/04\/601tXOSg.jpeg",600,600,false],"2048x2048":["https:\/\/justvape.nu\/wp-content\/uploads\/2023\/04\/601tXOSg.jpeg",600,600,false],"woocommerce_thumbnail":["https:\/\/justvape.nu\/wp-content\/uploads\/2023\/04\/601tXOSg-300x300.jpeg",300,300,true],"woocommerce_single":["https:\/\/justvape.nu\/wp-content\/uploads\/2023\/04\/601tXOSg.jpeg",600,600,false],"woocommerce_gallery_thumbnail":["https:\/\/justvape.nu\/wp-content\/uploads\/2023\/04\/601tXOSg-100x100.jpeg",100,100,true],"dgwt-wcas-product-suggestion":["https:\/\/justvape.nu\/wp-content\/uploads\/2023\/04\/601tXOSg-64x64.jpeg",64,64,true]},"uagb_author_info":{"display_name":"Kenneth Merkur","author_link":"https:\/\/justvape.nu\/fr\/author\/"},"uagb_comment_info":0,"uagb_excerpt":"SMOK - NOVO 2C KIT","_links":{"self":[{"href":"https:\/\/justvape.nu\/fr\/wp-json\/wp\/v2\/product\/581918","targetHints":{"allow":["GET"]}}],"collection":[{"href":"https:\/\/justvape.nu\/fr\/wp-json\/wp\/v2\/product"}],"about":[{"href":"https:\/\/justvape.nu\/fr\/wp-json\/wp\/v2\/types\/product"}],"replies":[{"embeddable":true,"href":"https:\/\/justvape.nu\/fr\/wp-json\/wp\/v2\/comments?post=581918"}],"wp:featuredmedia":[{"embeddable":true,"href":"https:\/\/justvape.nu\/fr\/wp-json\/wp\/v2\/media\/581610"}],"wp:attachment":[{"href":"https:\/\/justvape.nu\/fr\/wp-json\/wp\/v2\/media?parent=581918"}],"wp:term":[{"taxonomy":"product_brand","embeddable":true,"href":"https:\/\/justvape.nu\/fr\/wp-json\/wp\/v2\/product_brand?post=581918"},{"taxonomy":"product_cat","embeddable":true,"href":"https:\/\/justvape.nu\/fr\/wp-json\/wp\/v2\/product_cat?post=581918"},{"taxonomy":"product_tag","embeddable":true,"href":"https:\/\/justvape.nu\/fr\/wp-json\/wp\/v2\/product_tag?post=581918"}],"curies":[{"name":"wp","href":"https:\/\/api.w.org\/{rel}","templated":true}]}}