{"id":577284,"date":"2023-03-22T10:19:57","date_gmt":"2023-03-22T09:19:57","guid":{"rendered":"https:\/\/justvape.nu\/produkt\/lost-vape-ursa-baby-pro-pod-kit\/"},"modified":"2023-03-22T11:31:11","modified_gmt":"2023-03-22T10:31:11","slug":"lost-vape-ursa-baby-pro-pod-kit","status":"publish","type":"product","link":"https:\/\/justvape.nu\/fr\/produkt\/lost-vape-ursa-baby-pro-pod-kit\/","title":{"rendered":"LOST VAPE &#8211; URSA BABY PRO POD KIT"},"content":{"rendered":"<h2>LOST VAPE &#8211; URSA BABY PRO POD KIT<\/h2>\n<p>Le kit de vapotage Lost Vape Ursa Baby Pro est un appareil compact et pratique, parfait pour les vapoteurs qui recherchent un appareil facile \u00e0 transporter. Il est dot\u00e9 d&rsquo;une batterie int\u00e9gr\u00e9e d&rsquo;une capacit\u00e9 de 900mAh, permettant de longues sessions de vapotage. La puissance maximale est de 25 W, ce qui en fait un produit id\u00e9al pour le vapotage MTL (Mouth To Lung) ou RDTL (Restricted Direct To Lung).<\/p>\n<p>Vous trouverez deux pods dans la bo\u00eete, un pod Ursa 0,6ohm et un pod vide qui peut \u00eatre utilis\u00e9 avec les UB Mini Coils. Il est \u00e9galement livr\u00e9 avec une bobine UB Mini S1. Le bouton situ\u00e9 au-dessus de l&rsquo;\u00e9cran permet d&rsquo;augmenter la puissance pour obtenir de plus gros nuages ou de la diminuer pour r\u00e9duire la production de vapeur.<\/p>\n<p>Le remplissage de votre kit Ursa Baby Pro est facilit\u00e9 par la dosette Ursa Nano \u00e0 remplissage lat\u00e9ral. Il vous suffit de retirer le bouchon en silicone pour r\u00e9v\u00e9ler l&rsquo;orifice de remplissage et de le remplir avec l&rsquo;e-liquide de votre choix. Pour obtenir les meilleurs r\u00e9sultats, nous vous sugg\u00e9rons d&rsquo;utiliser un e-liquide avec une concentration de 50\/50 ou une concentration \u00e9lev\u00e9e de PG afin de tirer le meilleur parti de votre kit. De plus, vous pouvez r\u00e9gler l&rsquo;inhalation pour qu&rsquo;elle soit plus ou moins forte gr\u00e2ce \u00e0 la fonction de d\u00e9bit d&rsquo;air r\u00e9glable. Cette fonction vous permet de personnaliser votre exp\u00e9rience de vapotage, que vous pr\u00e9f\u00e9riez un tirage plus ou moins serr\u00e9. Dans l&rsquo;ensemble, le kit de vapotage Lost Vape Ursa Baby Pro est un excellent choix pour les vapoteurs \u00e0 la recherche d&rsquo;un appareil compact, pratique et personnalisable.<\/p>\n<p><a href=\"https:\/\/justvape.nu\/wp-content\/uploads\/2018\/05\/Color-Schemes.png\"><img loading=\"lazy\" decoding=\"async\" class=\"alignnone size-full wp-image-19187\" src=\"https:\/\/justvape.nu\/wp-content\/uploads\/2018\/05\/Color-Schemes.png\" alt=\"\" width=\"950\" height=\"64\" title=\"\" srcset=\"https:\/\/justvape.nu\/wp-content\/uploads\/2018\/05\/Color-Schemes.png 950w, https:\/\/justvape.nu\/wp-content\/uploads\/2018\/05\/Color-Schemes-555x37.png 555w, https:\/\/justvape.nu\/wp-content\/uploads\/2018\/05\/Color-Schemes-64x4.png 64w, https:\/\/justvape.nu\/wp-content\/uploads\/2018\/05\/Color-Schemes-300x20.png 300w, https:\/\/justvape.nu\/wp-content\/uploads\/2018\/05\/Color-Schemes-768x52.png 768w\" sizes=\"auto, (max-width: 950px) 100vw, 950px\" \/><\/a><\/p>\n<p class=\"description-img-center\"><a href=\"https:\/\/justvape.nu\/wp-content\/uploads\/2023\/03\/Lost_Vape_Ursa_Baby_Pro_Kit_Colors.jpg\"><img loading=\"lazy\" decoding=\"async\" class=\"alignnone wp-image-577105\" src=\"https:\/\/justvape.nu\/wp-content\/uploads\/2023\/03\/Lost_Vape_Ursa_Baby_Pro_Kit_Colors.jpg\" alt=\"\" width=\"929\" height=\"611\" title=\"\" srcset=\"https:\/\/justvape.nu\/wp-content\/uploads\/2023\/03\/Lost_Vape_Ursa_Baby_Pro_Kit_Colors.jpg 800w, https:\/\/justvape.nu\/wp-content\/uploads\/2023\/03\/Lost_Vape_Ursa_Baby_Pro_Kit_Colors-600x395.jpg 600w, https:\/\/justvape.nu\/wp-content\/uploads\/2023\/03\/Lost_Vape_Ursa_Baby_Pro_Kit_Colors-64x42.jpg 64w, https:\/\/justvape.nu\/wp-content\/uploads\/2023\/03\/Lost_Vape_Ursa_Baby_Pro_Kit_Colors-300x197.jpg 300w, https:\/\/justvape.nu\/wp-content\/uploads\/2023\/03\/Lost_Vape_Ursa_Baby_Pro_Kit_Colors-768x505.jpg 768w\" sizes=\"auto, (max-width: 929px) 100vw, 929px\" \/><\/a><\/p>\n<div class=\"shop-features \">\n<h2 class=\"shop-features-title \"><a href=\"https:\/\/justvape.nu\/wp-content\/uploads\/2018\/05\/Specifications.png\"><img loading=\"lazy\" decoding=\"async\" class=\"alignnone size-full wp-image-248449\" src=\"https:\/\/justvape.nu\/wp-content\/uploads\/2018\/05\/Specifications.png\" alt=\"\" width=\"950\" height=\"64\" title=\"\" srcset=\"https:\/\/justvape.nu\/wp-content\/uploads\/2018\/05\/Specifications.png 950w, https:\/\/justvape.nu\/wp-content\/uploads\/2018\/05\/Specifications-600x40.png 600w, https:\/\/justvape.nu\/wp-content\/uploads\/2018\/05\/Specifications-64x4.png 64w, https:\/\/justvape.nu\/wp-content\/uploads\/2018\/05\/Specifications-300x20.png 300w, https:\/\/justvape.nu\/wp-content\/uploads\/2018\/05\/Specifications-768x52.png 768w\" sizes=\"auto, (max-width: 950px) 100vw, 950px\" \/><\/a><\/h2>\n<p>&nbsp;<\/p>\n<\/div>\n<p><strong class=\"description-little-title\">Param\u00e8tres Ursa Baby Pro :<\/strong><\/p>\n<table class=\"description-table\">\n<tbody>\n<tr>\n<td class=\"strong-title \">Marque<\/td>\n<td class=\"inline\">Lost Vape<\/td>\n<\/tr>\n<tr>\n<td class=\"strong-title \">Nom du produit<\/td>\n<td class=\"inline\">Kit Ursa Baby Pro<\/td>\n<\/tr>\n<tr>\n<td class=\"strong-title \">Dimension<\/td>\n<td class=\"inline\">46,5*15,2*71,6mm<\/td>\n<\/tr>\n<tr>\n<td class=\"strong-title \">Capacit\u00e9 du r\u00e9servoir<\/td>\n<td class=\"inline\">2ml<\/td>\n<\/tr>\n<tr>\n<td class=\"strong-title \">Batterie<\/td>\n<td class=\"inline\">900mAh<\/td>\n<\/tr>\n<tr>\n<td class=\"strong-title \">Tension de la batterie<\/td>\n<td class=\"inline\">3.2V-4.2V<\/td>\n<\/tr>\n<tr>\n<td class=\"strong-title \">Gamme de puissance<\/td>\n<td class=\"inline\">5-25W<\/td>\n<\/tr>\n<tr>\n<td class=\"strong-title \">Mat\u00e9riau du corps<\/td>\n<td class=\"inline\">Alliage de zinc<\/td>\n<\/tr>\n<tr>\n<td class=\"strong-title \">Puce<\/td>\n<td class=\"inline\">Puce Quest<\/td>\n<\/tr>\n<tr>\n<td class=\"strong-title \">Tension de sortie<\/td>\n<td class=\"inline\">1,7V-3,9V<\/td>\n<\/tr>\n<tr>\n<td class=\"strong-title \">Afficher<\/td>\n<td class=\"inline\">\u00c9cran OLED de 0,42 pouce<\/td>\n<\/tr>\n<tr>\n<td class=\"strong-title \">Chargement<\/td>\n<td class=\"inline\">Type-C, 5V\/2A<\/td>\n<\/tr>\n<tr>\n<td class=\"strong-title \">D\u00e9bit d&rsquo;air<\/td>\n<td class=\"inline\">Soupape de d\u00e9bit d&rsquo;air facile d&rsquo;acc\u00e8s<\/td>\n<\/tr>\n<tr>\n<td class=\"strong-title \">Couleur<\/td>\n<td class=\"inline\">Espresso Gunmetal, noir classique, bleu marine, blanc nacr\u00e9, chevalier d&rsquo;or, \u00e9clat d&rsquo;argent, vert \u00e9meraude, bleu givr\u00e9, rose Sakuka<\/td>\n<\/tr>\n<\/tbody>\n<\/table>\n<div class=\"shop-features \">\n<h2 class=\"shop-features-title \"><a href=\"https:\/\/justvape.nu\/wp-content\/uploads\/2018\/05\/Features.png\"><img loading=\"lazy\" decoding=\"async\" class=\"alignnone size-full wp-image-248459\" src=\"https:\/\/justvape.nu\/wp-content\/uploads\/2018\/05\/Features.png\" alt=\"\" width=\"950\" height=\"64\" title=\"\" srcset=\"https:\/\/justvape.nu\/wp-content\/uploads\/2018\/05\/Features.png 950w, https:\/\/justvape.nu\/wp-content\/uploads\/2018\/05\/Features-600x40.png 600w, https:\/\/justvape.nu\/wp-content\/uploads\/2018\/05\/Features-64x4.png 64w, https:\/\/justvape.nu\/wp-content\/uploads\/2018\/05\/Features-300x20.png 300w, https:\/\/justvape.nu\/wp-content\/uploads\/2018\/05\/Features-768x52.png 768w\" sizes=\"auto, (max-width: 950px) 100vw, 950px\" \/><\/a><\/h2>\n<p>&nbsp;<\/p>\n<\/div>\n<p><strong class=\"description-little-title\">Lost Vape Ursa Baby Pro D\u00e9tails :<\/strong><\/p>\n<ul>\n<li style=\"list-style-type: none;\">\n<ul>\n<li>1. Alliage de zinc solide comme le roc, max 25W<\/li>\n<li>2. Avec une cartouche Ursa am\u00e9lior\u00e9e<\/li>\n<li>3. Compatible avec le sel\/la base libre<\/li>\n<li>4. Supporte tous les MTL pour rel\u00e2cher les MTL et RL<\/li>\n<li>5. Protections de s\u00e9curit\u00e9 : Court-circuit \/ Batterie faible \/ Protection contre le renversement de la t\u00eate<\/li>\n<\/ul>\n<\/li>\n<\/ul>\n<div class=\"img-show-more\">\n<div id=\"img_content_less\" class=\"img-content add-more\">\n<p class=\"description-img-center\"><a href=\"https:\/\/justvape.nu\/wp-content\/uploads\/2023\/03\/Lost_Vape_Ursa_Baby_Pro_Kit_25W.jpg\"><img loading=\"lazy\" decoding=\"async\" class=\"alignnone size-full wp-image-577114\" src=\"https:\/\/justvape.nu\/wp-content\/uploads\/2023\/03\/Lost_Vape_Ursa_Baby_Pro_Kit_25W.jpg\" alt=\"\" width=\"831\" height=\"374\" title=\"\" srcset=\"https:\/\/justvape.nu\/wp-content\/uploads\/2023\/03\/Lost_Vape_Ursa_Baby_Pro_Kit_25W.jpg 831w, https:\/\/justvape.nu\/wp-content\/uploads\/2023\/03\/Lost_Vape_Ursa_Baby_Pro_Kit_25W-600x270.jpg 600w, https:\/\/justvape.nu\/wp-content\/uploads\/2023\/03\/Lost_Vape_Ursa_Baby_Pro_Kit_25W-64x29.jpg 64w, https:\/\/justvape.nu\/wp-content\/uploads\/2023\/03\/Lost_Vape_Ursa_Baby_Pro_Kit_25W-300x135.jpg 300w, https:\/\/justvape.nu\/wp-content\/uploads\/2023\/03\/Lost_Vape_Ursa_Baby_Pro_Kit_25W-768x346.jpg 768w\" sizes=\"auto, (max-width: 831px) 100vw, 831px\" \/><\/a> <a href=\"https:\/\/justvape.nu\/wp-content\/uploads\/2023\/03\/Lost_Vape_Ursa_Baby_Pro_Kit_Airflow_Range.jpg\"><img loading=\"lazy\" decoding=\"async\" class=\"alignnone size-full wp-image-577123\" src=\"https:\/\/justvape.nu\/wp-content\/uploads\/2023\/03\/Lost_Vape_Ursa_Baby_Pro_Kit_Airflow_Range.jpg\" alt=\"\" width=\"831\" height=\"436\" title=\"\" srcset=\"https:\/\/justvape.nu\/wp-content\/uploads\/2023\/03\/Lost_Vape_Ursa_Baby_Pro_Kit_Airflow_Range.jpg 831w, https:\/\/justvape.nu\/wp-content\/uploads\/2023\/03\/Lost_Vape_Ursa_Baby_Pro_Kit_Airflow_Range-600x315.jpg 600w, https:\/\/justvape.nu\/wp-content\/uploads\/2023\/03\/Lost_Vape_Ursa_Baby_Pro_Kit_Airflow_Range-64x34.jpg 64w, https:\/\/justvape.nu\/wp-content\/uploads\/2023\/03\/Lost_Vape_Ursa_Baby_Pro_Kit_Airflow_Range-300x157.jpg 300w, https:\/\/justvape.nu\/wp-content\/uploads\/2023\/03\/Lost_Vape_Ursa_Baby_Pro_Kit_Airflow_Range-768x403.jpg 768w\" sizes=\"auto, (max-width: 831px) 100vw, 831px\" \/><\/a> <a href=\"https:\/\/justvape.nu\/wp-content\/uploads\/2023\/03\/Lost_Vape_Ursa_Baby_Pro_Kit_Cartridge.jpg\"><img loading=\"lazy\" decoding=\"async\" class=\"alignnone size-full wp-image-577132\" src=\"https:\/\/justvape.nu\/wp-content\/uploads\/2023\/03\/Lost_Vape_Ursa_Baby_Pro_Kit_Cartridge.jpg\" alt=\"\" width=\"831\" height=\"441\" title=\"\" srcset=\"https:\/\/justvape.nu\/wp-content\/uploads\/2023\/03\/Lost_Vape_Ursa_Baby_Pro_Kit_Cartridge.jpg 831w, https:\/\/justvape.nu\/wp-content\/uploads\/2023\/03\/Lost_Vape_Ursa_Baby_Pro_Kit_Cartridge-600x318.jpg 600w, https:\/\/justvape.nu\/wp-content\/uploads\/2023\/03\/Lost_Vape_Ursa_Baby_Pro_Kit_Cartridge-64x34.jpg 64w, https:\/\/justvape.nu\/wp-content\/uploads\/2023\/03\/Lost_Vape_Ursa_Baby_Pro_Kit_Cartridge-300x159.jpg 300w, https:\/\/justvape.nu\/wp-content\/uploads\/2023\/03\/Lost_Vape_Ursa_Baby_Pro_Kit_Cartridge-768x408.jpg 768w\" sizes=\"auto, (max-width: 831px) 100vw, 831px\" \/><\/a><\/p>\n<\/div>\n<\/div>\n<div class=\"shop-features \">\n<h2 class=\"shop-features-title \"><a href=\"https:\/\/justvape.nu\/wp-content\/uploads\/2018\/04\/Packing-List.png\"><img loading=\"lazy\" decoding=\"async\" class=\"alignnone size-full wp-image-18999\" src=\"https:\/\/justvape.nu\/wp-content\/uploads\/2018\/04\/Packing-List.png\" alt=\"\" width=\"950\" height=\"64\" title=\"\" srcset=\"https:\/\/justvape.nu\/wp-content\/uploads\/2018\/04\/Packing-List.png 950w, https:\/\/justvape.nu\/wp-content\/uploads\/2018\/04\/Packing-List-555x37.png 555w, https:\/\/justvape.nu\/wp-content\/uploads\/2018\/04\/Packing-List-64x4.png 64w, https:\/\/justvape.nu\/wp-content\/uploads\/2018\/04\/Packing-List-300x20.png 300w, https:\/\/justvape.nu\/wp-content\/uploads\/2018\/04\/Packing-List-768x52.png 768w\" sizes=\"auto, (max-width: 950px) 100vw, 950px\" \/><\/a><\/h2>\n<p>&nbsp;<\/p>\n<\/div>\n<p><strong class=\"description-little-title \">Le paquet de Lost Vape Ursa Baby Pro Pod Kit est livr\u00e9 avec :<\/strong><\/p>\n<p>1* Ursa Baby Pro Pod Device<br \/>\n1* Cartouche vide Ursa<br \/>\n1* Cartouche Ursa 0,6ohm<br \/>\n1* UB Mini S1 Coil 0.8ohm<br \/>\n1* C\u00e2ble de chargement Type-C<br \/>\n1* Lani\u00e8re<br \/>\n1 * manuel de l&rsquo;utilisateur<br \/>\n1* Carte de garantie<\/p>\n<p class=\"description-img-center \"><a href=\"https:\/\/justvape.nu\/wp-content\/uploads\/2023\/03\/Lost_Vape_Ursa_Baby_Pro_Kit_Package_List.jpg\"><img loading=\"lazy\" decoding=\"async\" class=\"alignnone size-full wp-image-577141\" src=\"https:\/\/justvape.nu\/wp-content\/uploads\/2023\/03\/Lost_Vape_Ursa_Baby_Pro_Kit_Package_List.jpg\" alt=\"\" width=\"831\" height=\"310\" title=\"\" srcset=\"https:\/\/justvape.nu\/wp-content\/uploads\/2023\/03\/Lost_Vape_Ursa_Baby_Pro_Kit_Package_List.jpg 831w, https:\/\/justvape.nu\/wp-content\/uploads\/2023\/03\/Lost_Vape_Ursa_Baby_Pro_Kit_Package_List-600x224.jpg 600w, https:\/\/justvape.nu\/wp-content\/uploads\/2023\/03\/Lost_Vape_Ursa_Baby_Pro_Kit_Package_List-64x24.jpg 64w, https:\/\/justvape.nu\/wp-content\/uploads\/2023\/03\/Lost_Vape_Ursa_Baby_Pro_Kit_Package_List-300x112.jpg 300w, https:\/\/justvape.nu\/wp-content\/uploads\/2023\/03\/Lost_Vape_Ursa_Baby_Pro_Kit_Package_List-768x286.jpg 768w\" sizes=\"auto, (max-width: 831px) 100vw, 831px\" \/><\/a><\/p>\n","protected":false},"excerpt":{"rendered":"<p>LOST VAPE &#8211; URSA BABY PRO POD KIT<\/p>\n","protected":false},"featured_media":577162,"comment_status":"open","ping_status":"closed","template":"","meta":{"_acf_changed":false,"_uag_custom_page_level_css":"","site-sidebar-layout":"default","site-content-layout":"default","ast-site-content-layout":"default","site-content-style":"default","site-sidebar-style":"default","ast-global-header-display":"","ast-banner-title-visibility":"","ast-main-header-display":"","ast-hfb-above-header-display":"","ast-hfb-below-header-display":"","ast-hfb-mobile-header-display":"","site-post-title":"","ast-breadcrumbs-content":"","ast-featured-img":"","footer-sml-layout":"","ast-disable-related-posts":"","theme-transparent-header-meta":"default","adv-header-id-meta":"","stick-header-meta":"default","header-above-stick-meta":"","header-main-stick-meta":"","header-below-stick-meta":"","astra-migrate-meta-layouts":"default","ast-page-background-enabled":"default","ast-page-background-meta":{"desktop":{"background-color":"","background-image":"","background-repeat":"repeat","background-position":"center center","background-size":"auto","background-attachment":"scroll","background-type":"","background-media":"","overlay-type":"","overlay-color":"","overlay-opacity":"","overlay-gradient":""},"tablet":{"background-color":"","background-image":"","background-repeat":"repeat","background-position":"center center","background-size":"auto","background-attachment":"scroll","background-type":"","background-media":"","overlay-type":"","overlay-color":"","overlay-opacity":"","overlay-gradient":""},"mobile":{"background-color":"","background-image":"","background-repeat":"repeat","background-position":"center center","background-size":"auto","background-attachment":"scroll","background-type":"","background-media":"","overlay-type":"","overlay-color":"","overlay-opacity":"","overlay-gradient":""}},"ast-content-background-meta":{"desktop":{"background-color":"var(--ast-global-color-5)","background-image":"","background-repeat":"repeat","background-position":"center center","background-size":"auto","background-attachment":"scroll","background-type":"","background-media":"","overlay-type":"","overlay-color":"","overlay-opacity":"","overlay-gradient":""},"tablet":{"background-color":"var(--ast-global-color-5)","background-image":"","background-repeat":"repeat","background-position":"center center","background-size":"auto","background-attachment":"scroll","background-type":"","background-media":"","overlay-type":"","overlay-color":"","overlay-opacity":"","overlay-gradient":""},"mobile":{"background-color":"var(--ast-global-color-5)","background-image":"","background-repeat":"repeat","background-position":"center center","background-size":"auto","background-attachment":"scroll","background-type":"","background-media":"","overlay-type":"","overlay-color":"","overlay-opacity":"","overlay-gradient":""}}},"product_brand":[],"product_cat":[2066,2508,2076,4813,2509],"product_tag":[],"class_list":{"0":"post-577284","1":"product","2":"type-product","3":"status-publish","4":"has-post-thumbnail","6":"product_cat-e-cigarettes-fr","7":"product_cat-hardware-fr","8":"product_cat-kits-et-pod-pour-debutants","9":"product_cat-lost-vape-fr","10":"product_cat-shop-by-brand-fr","11":"desktop-align-center","12":"tablet-align-center","13":"mobile-align-center","14":"ast-product-gallery-layout-horizontal-slider","15":"ast-product-gallery-with-no-image","16":"ast-product-single-variable","17":"ast-product-tabs-layout-horizontal","19":"first","20":"instock","21":"sale","22":"taxable","23":"shipping-taxable","24":"purchasable","25":"product-type-variable"},"acf":[],"uagb_featured_image_src":{"full":["https:\/\/justvape.nu\/wp-content\/uploads\/2023\/03\/Lost-Vape-Ursa-Baby-Pro-Pod-Kit.jpg",840,840,false],"thumbnail":["https:\/\/justvape.nu\/wp-content\/uploads\/2023\/03\/Lost-Vape-Ursa-Baby-Pro-Pod-Kit-150x150.jpg",150,150,true],"medium":["https:\/\/justvape.nu\/wp-content\/uploads\/2023\/03\/Lost-Vape-Ursa-Baby-Pro-Pod-Kit-300x300.jpg",300,300,true],"medium_large":["https:\/\/justvape.nu\/wp-content\/uploads\/2023\/03\/Lost-Vape-Ursa-Baby-Pro-Pod-Kit-768x768.jpg",768,768,true],"large":["https:\/\/justvape.nu\/wp-content\/uploads\/2023\/03\/Lost-Vape-Ursa-Baby-Pro-Pod-Kit.jpg",840,840,false],"1536x1536":["https:\/\/justvape.nu\/wp-content\/uploads\/2023\/03\/Lost-Vape-Ursa-Baby-Pro-Pod-Kit.jpg",840,840,false],"2048x2048":["https:\/\/justvape.nu\/wp-content\/uploads\/2023\/03\/Lost-Vape-Ursa-Baby-Pro-Pod-Kit.jpg",840,840,false],"woocommerce_thumbnail":["https:\/\/justvape.nu\/wp-content\/uploads\/2023\/03\/Lost-Vape-Ursa-Baby-Pro-Pod-Kit-300x300.jpg",300,300,true],"woocommerce_single":["https:\/\/justvape.nu\/wp-content\/uploads\/2023\/03\/Lost-Vape-Ursa-Baby-Pro-Pod-Kit-600x600.jpg",600,600,true],"woocommerce_gallery_thumbnail":["https:\/\/justvape.nu\/wp-content\/uploads\/2023\/03\/Lost-Vape-Ursa-Baby-Pro-Pod-Kit-100x100.jpg",100,100,true],"dgwt-wcas-product-suggestion":["https:\/\/justvape.nu\/wp-content\/uploads\/2023\/03\/Lost-Vape-Ursa-Baby-Pro-Pod-Kit-64x64.jpg",64,64,true]},"uagb_author_info":{"display_name":"Kenneth Merkur","author_link":"https:\/\/justvape.nu\/fr\/author\/"},"uagb_comment_info":0,"uagb_excerpt":"LOST VAPE - URSA BABY PRO POD KIT","_links":{"self":[{"href":"https:\/\/justvape.nu\/fr\/wp-json\/wp\/v2\/product\/577284","targetHints":{"allow":["GET"]}}],"collection":[{"href":"https:\/\/justvape.nu\/fr\/wp-json\/wp\/v2\/product"}],"about":[{"href":"https:\/\/justvape.nu\/fr\/wp-json\/wp\/v2\/types\/product"}],"replies":[{"embeddable":true,"href":"https:\/\/justvape.nu\/fr\/wp-json\/wp\/v2\/comments?post=577284"}],"wp:featuredmedia":[{"embeddable":true,"href":"https:\/\/justvape.nu\/fr\/wp-json\/wp\/v2\/media\/577162"}],"wp:attachment":[{"href":"https:\/\/justvape.nu\/fr\/wp-json\/wp\/v2\/media?parent=577284"}],"wp:term":[{"taxonomy":"product_brand","embeddable":true,"href":"https:\/\/justvape.nu\/fr\/wp-json\/wp\/v2\/product_brand?post=577284"},{"taxonomy":"product_cat","embeddable":true,"href":"https:\/\/justvape.nu\/fr\/wp-json\/wp\/v2\/product_cat?post=577284"},{"taxonomy":"product_tag","embeddable":true,"href":"https:\/\/justvape.nu\/fr\/wp-json\/wp\/v2\/product_tag?post=577284"}],"curies":[{"name":"wp","href":"https:\/\/api.w.org\/{rel}","templated":true}]}}